{"id":11612,"date":"2020-02-18T07:33:14","date_gmt":"2020-02-18T07:33:14","guid":{"rendered":"https:\/\/equipomedicomexico-com.preview-domain.com\/product\/desfibrilador-automatico-externo-aed\/"},"modified":"2020-02-18T07:33:18","modified_gmt":"2020-02-18T07:33:18","slug":"desfibrilador-automatico-externo-aed","status":"publish","type":"product","link":"https:\/\/buscoequipomedico.com\/?product=desfibrilador-automatico-externo-aed","title":{"rendered":"DESFIBRILADOR AUTOM\u00c1TICO EXTERNO (AED)"},"content":{"rendered":"<p>1 GB SD CARD INCLUIDO, PARA GRABAR TRAZO DE ECG E IMPRIMIR EN PC<\/p>\n<p>INDCACIONES: VOICE AGIL &amp; ICON TYPE (Por medio de Comandos de Voz y de Iconos)<\/p>\n<p>INDICACION CPR-FACIL DE MANEJAR, Status LCD<\/p>\n<p>SELF TEST AUTOM\u00c1TICO: incluido Auto-Test Dia\/Semana\/Mensual: Resultado: Status LED<\/p>\n<p>GRABACION DE DATOS Y COMUNICACI\u00d3N: Por MEMORIA SD, IrDA (Inalambrico) y LAN (opcional)<\/p>\n<p>Tama\u00f1o: H 31.4 x W 25.9 X D 10.9 cm<\/p>\n<p>Peso: 2.95 Kg (incluyendo bater\u00eda)<\/p>\n<p>Bater\u00eda: tipo LiMnO2 desechable, Guardado aprox: 4~5 a\u00f1os<\/p>\n<p>o 200 disparos (Descargas) SE ACABA, hay que cambiar<\/p>\n<p>PADS adulto \/ Pediatrico desechables y cable de 1.7 m. PADS puede guardar 2 a\u00f1os<\/p>\n<p>Niveles de energ\u00eda: 20\/50\/100\/160\/250\/360 Joules.<\/p>\n","protected":false},"excerpt":{"rendered":"<p>FORMA DE ONDA BIF\u00c1SICA (ENERGIA 45 ~ 200 Joules)<\/p>\n<p>SMART SHOT (COMPENSACI\u00d3N DE IMPEDANCIA)<\/p>\n<p>Tiempo de carga: M\u00e1x: 13 segundos, OPERACI\u00d3N: Semi Autom\u00e1tico<\/p>\n<p>ECG: Lead-II, impedancia de paciente 20~200 Ohms, detecci\u00f3n de VF\/VT,<\/p>\n<p>tiempo de an\u00e1lisis 8~13 segundos<\/p>\n","protected":false},"featured_media":11613,"template":"","meta":{"_joinchat":[]},"product_brand":[],"product_cat":[219],"product_tag":[],"class_list":{"0":"post-11612","1":"product","2":"type-product","3":"status-publish","4":"has-post-thumbnail","6":"product_cat-desfibriladores","7":"pa_marca-mediana","9":"first","10":"instock","11":"purchasable","12":"product-type-simple"},"yoast_head":"<!-- This site is optimized with the Yoast SEO plugin v25.1 - https:\/\/yoast.com\/wordpress\/plugins\/seo\/ -->\n<title>DESFIBRILADOR AUTOM\u00c1TICO EXTERNO (AED) - Tu mejor opci\u00f3n Equipo M\u00e9dico M\u00e9xico<\/title>\n<meta name=\"robots\" content=\"index, follow, max-snippet:-1, max-image-preview:large, max-video-preview:-1\" \/>\n<link rel=\"canonical\" href=\"https:\/\/buscoequipomedico.com\/?product=desfibrilador-automatico-externo-aed\" \/>\n<meta property=\"og:locale\" content=\"es_ES\" \/>\n<meta property=\"og:type\" content=\"article\" \/>\n<meta property=\"og:title\" content=\"DESFIBRILADOR AUTOM\u00c1TICO EXTERNO (AED) - Tu mejor opci\u00f3n Equipo M\u00e9dico M\u00e9xico\" \/>\n<meta property=\"og:description\" content=\"FORMA DE ONDA BIF\u00c1SICA (ENERGIA 45 ~ 200 Joules) SMART SHOT (COMPENSACI\u00d3N DE IMPEDANCIA) Tiempo de carga: M\u00e1x: 13 segundos, OPERACI\u00d3N: Semi Autom\u00e1tico ECG: Lead-II, impedancia de paciente 20~200 Ohms, detecci\u00f3n de VF\/VT, tiempo de an\u00e1lisis 8~13 segundos\" \/>\n<meta property=\"og:url\" content=\"https:\/\/buscoequipomedico.com\/?product=desfibrilador-automatico-externo-aed\" \/>\n<meta property=\"og:site_name\" content=\"Tu mejor opci\u00f3n Equipo M\u00e9dico M\u00e9xico\" \/>\n<meta property=\"article:modified_time\" content=\"2020-02-18T07:33:18+00:00\" \/>\n<meta property=\"og:image\" content=\"https:\/\/buscoequipomedico.com\/wp-content\/uploads\/2020\/02\/desfibrilador-automatico-externo-aed-forma-de-onda-bifasica-energia-45-200-joules-smart-shot-compensacion-de-impedancia-tiempo-d.jpg\" \/>\n\t<meta property=\"og:image:width\" content=\"800\" \/>\n\t<meta property=\"og:image:height\" content=\"800\" \/>\n\t<meta property=\"og:image:type\" content=\"image\/png\" \/>\n<meta name=\"twitter:card\" content=\"summary_large_image\" \/>\n<meta name=\"twitter:label1\" content=\"Tiempo de lectura\" \/>\n\t<meta name=\"twitter:data1\" content=\"1 minuto\" \/>\n<script type=\"application\/ld+json\" class=\"yoast-schema-graph\">{\"@context\":\"https:\/\/schema.org\",\"@graph\":[{\"@type\":\"WebPage\",\"@id\":\"https:\/\/buscoequipomedico.com\/?product=desfibrilador-automatico-externo-aed\",\"url\":\"https:\/\/buscoequipomedico.com\/?product=desfibrilador-automatico-externo-aed\",\"name\":\"DESFIBRILADOR AUTOM\u00c1TICO EXTERNO (AED) - Tu mejor opci\u00f3n Equipo M\u00e9dico M\u00e9xico\",\"isPartOf\":{\"@id\":\"https:\/\/buscoequipomedico.com\/#website\"},\"primaryImageOfPage\":{\"@id\":\"https:\/\/buscoequipomedico.com\/?product=desfibrilador-automatico-externo-aed#primaryimage\"},\"image\":{\"@id\":\"https:\/\/buscoequipomedico.com\/?product=desfibrilador-automatico-externo-aed#primaryimage\"},\"thumbnailUrl\":\"https:\/\/buscoequipomedico.com\/wp-content\/uploads\/2020\/02\/desfibrilador-automatico-externo-aed-forma-de-onda-bifasica-energia-45-200-joules-smart-shot-compensacion-de-impedancia-tiempo-d.jpg\",\"datePublished\":\"2020-02-18T07:33:14+00:00\",\"dateModified\":\"2020-02-18T07:33:18+00:00\",\"breadcrumb\":{\"@id\":\"https:\/\/buscoequipomedico.com\/?product=desfibrilador-automatico-externo-aed#breadcrumb\"},\"inLanguage\":\"es\",\"potentialAction\":[{\"@type\":\"ReadAction\",\"target\":[\"https:\/\/buscoequipomedico.com\/?product=desfibrilador-automatico-externo-aed\"]}]},{\"@type\":\"ImageObject\",\"inLanguage\":\"es\",\"@id\":\"https:\/\/buscoequipomedico.com\/?product=desfibrilador-automatico-externo-aed#primaryimage\",\"url\":\"https:\/\/buscoequipomedico.com\/wp-content\/uploads\/2020\/02\/desfibrilador-automatico-externo-aed-forma-de-onda-bifasica-energia-45-200-joules-smart-shot-compensacion-de-impedancia-tiempo-d.jpg\",\"contentUrl\":\"https:\/\/buscoequipomedico.com\/wp-content\/uploads\/2020\/02\/desfibrilador-automatico-externo-aed-forma-de-onda-bifasica-energia-45-200-joules-smart-shot-compensacion-de-impedancia-tiempo-d.jpg\",\"width\":800,\"height\":800},{\"@type\":\"BreadcrumbList\",\"@id\":\"https:\/\/buscoequipomedico.com\/?product=desfibrilador-automatico-externo-aed#breadcrumb\",\"itemListElement\":[{\"@type\":\"ListItem\",\"position\":1,\"name\":\"Productos\",\"item\":\"https:\/\/buscoequipomedico.com\/shop\/\"},{\"@type\":\"ListItem\",\"position\":2,\"name\":\"DESFIBRILADOR AUTOM\u00c1TICO EXTERNO (AED)\"}]},{\"@type\":\"WebSite\",\"@id\":\"https:\/\/buscoequipomedico.com\/#website\",\"url\":\"https:\/\/buscoequipomedico.com\/\",\"name\":\"Tu mejor opci\u00f3n Equipo M\u00e9dico M\u00e9xico\",\"description\":\"Tienda de equipo m\u00e9dico\",\"publisher\":{\"@id\":\"https:\/\/buscoequipomedico.com\/#organization\"},\"potentialAction\":[{\"@type\":\"SearchAction\",\"target\":{\"@type\":\"EntryPoint\",\"urlTemplate\":\"https:\/\/buscoequipomedico.com\/?s={search_term_string}\"},\"query-input\":{\"@type\":\"PropertyValueSpecification\",\"valueRequired\":true,\"valueName\":\"search_term_string\"}}],\"inLanguage\":\"es\"},{\"@type\":\"Organization\",\"@id\":\"https:\/\/buscoequipomedico.com\/#organization\",\"name\":\"Tu mejor opci\u00f3n Equipo M\u00e9dico M\u00e9xico\",\"url\":\"https:\/\/buscoequipomedico.com\/\",\"logo\":{\"@type\":\"ImageObject\",\"inLanguage\":\"es\",\"@id\":\"https:\/\/buscoequipomedico.com\/#\/schema\/logo\/image\/\",\"url\":\"https:\/\/buscoequipomedico.com\/wp-content\/uploads\/2021\/07\/EMM-VPrincipal-scaled.jpg\",\"contentUrl\":\"https:\/\/buscoequipomedico.com\/wp-content\/uploads\/2021\/07\/EMM-VPrincipal-scaled.jpg\",\"width\":2560,\"height\":1058,\"caption\":\"Tu mejor opci\u00f3n Equipo M\u00e9dico M\u00e9xico\"},\"image\":{\"@id\":\"https:\/\/buscoequipomedico.com\/#\/schema\/logo\/image\/\"}}]}<\/script>\n<!-- \/ Yoast SEO plugin. -->","yoast_head_json":{"title":"DESFIBRILADOR AUTOM\u00c1TICO EXTERNO (AED) - Tu mejor opci\u00f3n Equipo M\u00e9dico M\u00e9xico","robots":{"index":"index","follow":"follow","max-snippet":"max-snippet:-1","max-image-preview":"max-image-preview:large","max-video-preview":"max-video-preview:-1"},"canonical":"https:\/\/buscoequipomedico.com\/?product=desfibrilador-automatico-externo-aed","og_locale":"es_ES","og_type":"article","og_title":"DESFIBRILADOR AUTOM\u00c1TICO EXTERNO (AED) - Tu mejor opci\u00f3n Equipo M\u00e9dico M\u00e9xico","og_description":"FORMA DE ONDA BIF\u00c1SICA (ENERGIA 45 ~ 200 Joules) SMART SHOT (COMPENSACI\u00d3N DE IMPEDANCIA) Tiempo de carga: M\u00e1x: 13 segundos, OPERACI\u00d3N: Semi Autom\u00e1tico ECG: Lead-II, impedancia de paciente 20~200 Ohms, detecci\u00f3n de VF\/VT, tiempo de an\u00e1lisis 8~13 segundos","og_url":"https:\/\/buscoequipomedico.com\/?product=desfibrilador-automatico-externo-aed","og_site_name":"Tu mejor opci\u00f3n Equipo M\u00e9dico M\u00e9xico","article_modified_time":"2020-02-18T07:33:18+00:00","og_image":[{"width":800,"height":800,"url":"https:\/\/buscoequipomedico.com\/wp-content\/uploads\/2020\/02\/desfibrilador-automatico-externo-aed-forma-de-onda-bifasica-energia-45-200-joules-smart-shot-compensacion-de-impedancia-tiempo-d.jpg","type":"image\/png"}],"twitter_card":"summary_large_image","twitter_misc":{"Tiempo de lectura":"1 minuto"},"schema":{"@context":"https:\/\/schema.org","@graph":[{"@type":"WebPage","@id":"https:\/\/buscoequipomedico.com\/?product=desfibrilador-automatico-externo-aed","url":"https:\/\/buscoequipomedico.com\/?product=desfibrilador-automatico-externo-aed","name":"DESFIBRILADOR AUTOM\u00c1TICO EXTERNO (AED) - Tu mejor opci\u00f3n Equipo M\u00e9dico M\u00e9xico","isPartOf":{"@id":"https:\/\/buscoequipomedico.com\/#website"},"primaryImageOfPage":{"@id":"https:\/\/buscoequipomedico.com\/?product=desfibrilador-automatico-externo-aed#primaryimage"},"image":{"@id":"https:\/\/buscoequipomedico.com\/?product=desfibrilador-automatico-externo-aed#primaryimage"},"thumbnailUrl":"https:\/\/buscoequipomedico.com\/wp-content\/uploads\/2020\/02\/desfibrilador-automatico-externo-aed-forma-de-onda-bifasica-energia-45-200-joules-smart-shot-compensacion-de-impedancia-tiempo-d.jpg","datePublished":"2020-02-18T07:33:14+00:00","dateModified":"2020-02-18T07:33:18+00:00","breadcrumb":{"@id":"https:\/\/buscoequipomedico.com\/?product=desfibrilador-automatico-externo-aed#breadcrumb"},"inLanguage":"es","potentialAction":[{"@type":"ReadAction","target":["https:\/\/buscoequipomedico.com\/?product=desfibrilador-automatico-externo-aed"]}]},{"@type":"ImageObject","inLanguage":"es","@id":"https:\/\/buscoequipomedico.com\/?product=desfibrilador-automatico-externo-aed#primaryimage","url":"https:\/\/buscoequipomedico.com\/wp-content\/uploads\/2020\/02\/desfibrilador-automatico-externo-aed-forma-de-onda-bifasica-energia-45-200-joules-smart-shot-compensacion-de-impedancia-tiempo-d.jpg","contentUrl":"https:\/\/buscoequipomedico.com\/wp-content\/uploads\/2020\/02\/desfibrilador-automatico-externo-aed-forma-de-onda-bifasica-energia-45-200-joules-smart-shot-compensacion-de-impedancia-tiempo-d.jpg","width":800,"height":800},{"@type":"BreadcrumbList","@id":"https:\/\/buscoequipomedico.com\/?product=desfibrilador-automatico-externo-aed#breadcrumb","itemListElement":[{"@type":"ListItem","position":1,"name":"Productos","item":"https:\/\/buscoequipomedico.com\/shop\/"},{"@type":"ListItem","position":2,"name":"DESFIBRILADOR AUTOM\u00c1TICO EXTERNO (AED)"}]},{"@type":"WebSite","@id":"https:\/\/buscoequipomedico.com\/#website","url":"https:\/\/buscoequipomedico.com\/","name":"Tu mejor opci\u00f3n Equipo M\u00e9dico M\u00e9xico","description":"Tienda de equipo m\u00e9dico","publisher":{"@id":"https:\/\/buscoequipomedico.com\/#organization"},"potentialAction":[{"@type":"SearchAction","target":{"@type":"EntryPoint","urlTemplate":"https:\/\/buscoequipomedico.com\/?s={search_term_string}"},"query-input":{"@type":"PropertyValueSpecification","valueRequired":true,"valueName":"search_term_string"}}],"inLanguage":"es"},{"@type":"Organization","@id":"https:\/\/buscoequipomedico.com\/#organization","name":"Tu mejor opci\u00f3n Equipo M\u00e9dico M\u00e9xico","url":"https:\/\/buscoequipomedico.com\/","logo":{"@type":"ImageObject","inLanguage":"es","@id":"https:\/\/buscoequipomedico.com\/#\/schema\/logo\/image\/","url":"https:\/\/buscoequipomedico.com\/wp-content\/uploads\/2021\/07\/EMM-VPrincipal-scaled.jpg","contentUrl":"https:\/\/buscoequipomedico.com\/wp-content\/uploads\/2021\/07\/EMM-VPrincipal-scaled.jpg","width":2560,"height":1058,"caption":"Tu mejor opci\u00f3n Equipo M\u00e9dico M\u00e9xico"},"image":{"@id":"https:\/\/buscoequipomedico.com\/#\/schema\/logo\/image\/"}}]}},"_links":{"self":[{"href":"https:\/\/buscoequipomedico.com\/index.php?rest_route=\/wp\/v2\/product\/11612","targetHints":{"allow":["GET"]}}],"collection":[{"href":"https:\/\/buscoequipomedico.com\/index.php?rest_route=\/wp\/v2\/product"}],"about":[{"href":"https:\/\/buscoequipomedico.com\/index.php?rest_route=\/wp\/v2\/types\/product"}],"wp:featuredmedia":[{"embeddable":true,"href":"https:\/\/buscoequipomedico.com\/index.php?rest_route=\/wp\/v2\/media\/11613"}],"wp:attachment":[{"href":"https:\/\/buscoequipomedico.com\/index.php?rest_route=%2Fwp%2Fv2%2Fmedia&parent=11612"}],"wp:term":[{"taxonomy":"product_brand","embeddable":true,"href":"https:\/\/buscoequipomedico.com\/index.php?rest_route=%2Fwp%2Fv2%2Fproduct_brand&post=11612"},{"taxonomy":"product_cat","embeddable":true,"href":"https:\/\/buscoequipomedico.com\/index.php?rest_route=%2Fwp%2Fv2%2Fproduct_cat&post=11612"},{"taxonomy":"product_tag","embeddable":true,"href":"https:\/\/buscoequipomedico.com\/index.php?rest_route=%2Fwp%2Fv2%2Fproduct_tag&post=11612"}],"curies":[{"name":"wp","href":"https:\/\/api.w.org\/{rel}","templated":true}]}}