{"id":11636,"date":"2020-02-18T07:33:21","date_gmt":"2020-02-18T07:33:21","guid":{"rendered":"https:\/\/equipomedicomexico-com.preview-domain.com\/product\/doppler-fetal-de-bolsillo-incluye-un-transductor-2mhz\/"},"modified":"2020-02-18T07:33:24","modified_gmt":"2020-02-18T07:33:24","slug":"doppler-fetal-de-bolsillo-incluye-un-transductor-2mhz","status":"publish","type":"product","link":"https:\/\/buscoequipomedico.com\/?product=doppler-fetal-de-bolsillo-incluye-un-transductor-2mhz","title":{"rendered":"DOPPLER FETAL DE BOLSILLO INCLUYE UN TRANSDUCTOR 2Mhz"},"content":{"rendered":"<p><span>Caracter\u00edsticas<\/span>:\u00a0\u00a0<\/p>\n<ul>\n<li>Transductor doppler de 2 Mhz de frecuencia \u00a0 \u00a0<\/li>\n<li>Peque\u00f1o y ligero\u00a0<\/li>\n<li>Sonda de dopler de alta sensibilidad\u00a0<\/li>\n<li>Dise\u00f1o ergon\u00f3mico\u00a0<\/li>\n<li>F\u00e1cil de usar\u00a0<\/li>\n<li>Altavoz\u00a0<\/li>\n<\/ul>\n<p><span>Especificaciones<\/span>:\u00a0\u00a0<\/p>\n<ul>\n<li>Frecuencia de ultrasonido: 5.0 MHz\u00a0<\/li>\n<li>Intensidad de Ultrasonido: &lt;10mw\/cm\u00a0<\/li>\n<li>Potencia de salida de altavoces: 1.2W\u00a0<\/li>\n<li>Bateria: 1.5V (2 Baterias AA)\u00a0<\/li>\n<li>Tiempo de Duraci\u00f3n de bateria: 360 minutos\u00a0<\/li>\n<\/ul>\n<p><span>Accesorios estandar:\u00a0<\/span><\/p>\n<ul>\n<li>Bolsa de transporte\u00a0<\/li>\n<li>Gel\u00a0<\/li>\n<li>Manual de operaci\u00f3n\u00a0<\/li>\n<li>Bater\u00eda AA\u00a0<\/li>\n<\/ul>\n","protected":false},"excerpt":{"rendered":"<p>TRANSDUCTOR CAMBIABLE<\/p>\n<p>FREQUENCIA CARDIACA, CONTINUOUS-WAVE\/PULSE-WAVE DOPPLER<\/p>\n<p>LCD BACK-LIGHT, INDICADOR DE BATERIA BAJA, FREQUENCIA CARDIACA<\/p>\n<p>INCLUYE: 2MHz(FETAL) O 8MHz(ARTERIAL), PILA(AA BATERIA X 2 PCS)<\/p>\n<p>,BOLSILLO ESTUCHE, GEL, PROGRAMA PC(SOFT CD)<\/p>\n","protected":false},"featured_media":11637,"template":"","meta":{"_joinchat":[]},"product_brand":[],"product_cat":[221],"product_tag":[],"class_list":{"0":"post-11636","1":"product","2":"type-product","3":"status-publish","4":"has-post-thumbnail","6":"product_cat-dopplers","8":"first","9":"instock","10":"purchasable","11":"product-type-simple"},"yoast_head":"<!-- This site is optimized with the Yoast SEO plugin v25.1 - https:\/\/yoast.com\/wordpress\/plugins\/seo\/ -->\n<title>DOPPLER FETAL DE BOLSILLO INCLUYE UN TRANSDUCTOR 2Mhz - Tu mejor opci\u00f3n Equipo M\u00e9dico M\u00e9xico<\/title>\n<meta name=\"robots\" content=\"index, follow, max-snippet:-1, max-image-preview:large, max-video-preview:-1\" \/>\n<link rel=\"canonical\" href=\"https:\/\/buscoequipomedico.com\/?product=doppler-fetal-de-bolsillo-incluye-un-transductor-2mhz\" \/>\n<meta property=\"og:locale\" content=\"es_ES\" \/>\n<meta property=\"og:type\" content=\"article\" \/>\n<meta property=\"og:title\" content=\"DOPPLER FETAL DE BOLSILLO INCLUYE UN TRANSDUCTOR 2Mhz - Tu mejor opci\u00f3n Equipo M\u00e9dico M\u00e9xico\" \/>\n<meta property=\"og:description\" content=\"TRANSDUCTOR CAMBIABLE FREQUENCIA CARDIACA, CONTINUOUS-WAVE\/PULSE-WAVE DOPPLER LCD BACK-LIGHT, INDICADOR DE BATERIA BAJA, FREQUENCIA CARDIACA INCLUYE: 2MHz(FETAL) O 8MHz(ARTERIAL), PILA(AA BATERIA X 2 PCS) ,BOLSILLO ESTUCHE, GEL, PROGRAMA PC(SOFT CD)\" \/>\n<meta property=\"og:url\" content=\"https:\/\/buscoequipomedico.com\/?product=doppler-fetal-de-bolsillo-incluye-un-transductor-2mhz\" \/>\n<meta property=\"og:site_name\" content=\"Tu mejor opci\u00f3n Equipo M\u00e9dico M\u00e9xico\" \/>\n<meta property=\"article:modified_time\" content=\"2020-02-18T07:33:24+00:00\" \/>\n<meta property=\"og:image\" content=\"https:\/\/buscoequipomedico.com\/wp-content\/uploads\/2020\/02\/doppler-fetal-de-bolsillo-incluye-un-transductor-2mhz-transductor-cambiable-frequencia-cardiaca-continuous-wave-pulse-wave-doppl.jpg\" \/>\n\t<meta property=\"og:image:width\" content=\"800\" \/>\n\t<meta property=\"og:image:height\" content=\"800\" \/>\n\t<meta property=\"og:image:type\" content=\"image\/png\" \/>\n<meta name=\"twitter:card\" content=\"summary_large_image\" \/>\n<script type=\"application\/ld+json\" class=\"yoast-schema-graph\">{\"@context\":\"https:\/\/schema.org\",\"@graph\":[{\"@type\":\"WebPage\",\"@id\":\"https:\/\/buscoequipomedico.com\/?product=doppler-fetal-de-bolsillo-incluye-un-transductor-2mhz\",\"url\":\"https:\/\/buscoequipomedico.com\/?product=doppler-fetal-de-bolsillo-incluye-un-transductor-2mhz\",\"name\":\"DOPPLER FETAL DE BOLSILLO INCLUYE UN TRANSDUCTOR 2Mhz - Tu mejor opci\u00f3n Equipo M\u00e9dico M\u00e9xico\",\"isPartOf\":{\"@id\":\"https:\/\/buscoequipomedico.com\/#website\"},\"primaryImageOfPage\":{\"@id\":\"https:\/\/buscoequipomedico.com\/?product=doppler-fetal-de-bolsillo-incluye-un-transductor-2mhz#primaryimage\"},\"image\":{\"@id\":\"https:\/\/buscoequipomedico.com\/?product=doppler-fetal-de-bolsillo-incluye-un-transductor-2mhz#primaryimage\"},\"thumbnailUrl\":\"https:\/\/buscoequipomedico.com\/wp-content\/uploads\/2020\/02\/doppler-fetal-de-bolsillo-incluye-un-transductor-2mhz-transductor-cambiable-frequencia-cardiaca-continuous-wave-pulse-wave-doppl.jpg\",\"datePublished\":\"2020-02-18T07:33:21+00:00\",\"dateModified\":\"2020-02-18T07:33:24+00:00\",\"breadcrumb\":{\"@id\":\"https:\/\/buscoequipomedico.com\/?product=doppler-fetal-de-bolsillo-incluye-un-transductor-2mhz#breadcrumb\"},\"inLanguage\":\"es\",\"potentialAction\":[{\"@type\":\"ReadAction\",\"target\":[\"https:\/\/buscoequipomedico.com\/?product=doppler-fetal-de-bolsillo-incluye-un-transductor-2mhz\"]}]},{\"@type\":\"ImageObject\",\"inLanguage\":\"es\",\"@id\":\"https:\/\/buscoequipomedico.com\/?product=doppler-fetal-de-bolsillo-incluye-un-transductor-2mhz#primaryimage\",\"url\":\"https:\/\/buscoequipomedico.com\/wp-content\/uploads\/2020\/02\/doppler-fetal-de-bolsillo-incluye-un-transductor-2mhz-transductor-cambiable-frequencia-cardiaca-continuous-wave-pulse-wave-doppl.jpg\",\"contentUrl\":\"https:\/\/buscoequipomedico.com\/wp-content\/uploads\/2020\/02\/doppler-fetal-de-bolsillo-incluye-un-transductor-2mhz-transductor-cambiable-frequencia-cardiaca-continuous-wave-pulse-wave-doppl.jpg\",\"width\":800,\"height\":800},{\"@type\":\"BreadcrumbList\",\"@id\":\"https:\/\/buscoequipomedico.com\/?product=doppler-fetal-de-bolsillo-incluye-un-transductor-2mhz#breadcrumb\",\"itemListElement\":[{\"@type\":\"ListItem\",\"position\":1,\"name\":\"Productos\",\"item\":\"https:\/\/buscoequipomedico.com\/shop\/\"},{\"@type\":\"ListItem\",\"position\":2,\"name\":\"DOPPLER FETAL DE BOLSILLO INCLUYE UN TRANSDUCTOR 2Mhz\"}]},{\"@type\":\"WebSite\",\"@id\":\"https:\/\/buscoequipomedico.com\/#website\",\"url\":\"https:\/\/buscoequipomedico.com\/\",\"name\":\"Tu mejor opci\u00f3n Equipo M\u00e9dico M\u00e9xico\",\"description\":\"Tienda de equipo m\u00e9dico\",\"publisher\":{\"@id\":\"https:\/\/buscoequipomedico.com\/#organization\"},\"potentialAction\":[{\"@type\":\"SearchAction\",\"target\":{\"@type\":\"EntryPoint\",\"urlTemplate\":\"https:\/\/buscoequipomedico.com\/?s={search_term_string}\"},\"query-input\":{\"@type\":\"PropertyValueSpecification\",\"valueRequired\":true,\"valueName\":\"search_term_string\"}}],\"inLanguage\":\"es\"},{\"@type\":\"Organization\",\"@id\":\"https:\/\/buscoequipomedico.com\/#organization\",\"name\":\"Tu mejor opci\u00f3n Equipo M\u00e9dico M\u00e9xico\",\"url\":\"https:\/\/buscoequipomedico.com\/\",\"logo\":{\"@type\":\"ImageObject\",\"inLanguage\":\"es\",\"@id\":\"https:\/\/buscoequipomedico.com\/#\/schema\/logo\/image\/\",\"url\":\"https:\/\/buscoequipomedico.com\/wp-content\/uploads\/2021\/07\/EMM-VPrincipal-scaled.jpg\",\"contentUrl\":\"https:\/\/buscoequipomedico.com\/wp-content\/uploads\/2021\/07\/EMM-VPrincipal-scaled.jpg\",\"width\":2560,\"height\":1058,\"caption\":\"Tu mejor opci\u00f3n Equipo M\u00e9dico M\u00e9xico\"},\"image\":{\"@id\":\"https:\/\/buscoequipomedico.com\/#\/schema\/logo\/image\/\"}}]}<\/script>\n<!-- \/ Yoast SEO plugin. -->","yoast_head_json":{"title":"DOPPLER FETAL DE BOLSILLO INCLUYE UN TRANSDUCTOR 2Mhz - Tu mejor opci\u00f3n Equipo M\u00e9dico M\u00e9xico","robots":{"index":"index","follow":"follow","max-snippet":"max-snippet:-1","max-image-preview":"max-image-preview:large","max-video-preview":"max-video-preview:-1"},"canonical":"https:\/\/buscoequipomedico.com\/?product=doppler-fetal-de-bolsillo-incluye-un-transductor-2mhz","og_locale":"es_ES","og_type":"article","og_title":"DOPPLER FETAL DE BOLSILLO INCLUYE UN TRANSDUCTOR 2Mhz - Tu mejor opci\u00f3n Equipo M\u00e9dico M\u00e9xico","og_description":"TRANSDUCTOR CAMBIABLE FREQUENCIA CARDIACA, CONTINUOUS-WAVE\/PULSE-WAVE DOPPLER LCD BACK-LIGHT, INDICADOR DE BATERIA BAJA, FREQUENCIA CARDIACA INCLUYE: 2MHz(FETAL) O 8MHz(ARTERIAL), PILA(AA BATERIA X 2 PCS) ,BOLSILLO ESTUCHE, GEL, PROGRAMA PC(SOFT CD)","og_url":"https:\/\/buscoequipomedico.com\/?product=doppler-fetal-de-bolsillo-incluye-un-transductor-2mhz","og_site_name":"Tu mejor opci\u00f3n Equipo M\u00e9dico M\u00e9xico","article_modified_time":"2020-02-18T07:33:24+00:00","og_image":[{"width":800,"height":800,"url":"https:\/\/buscoequipomedico.com\/wp-content\/uploads\/2020\/02\/doppler-fetal-de-bolsillo-incluye-un-transductor-2mhz-transductor-cambiable-frequencia-cardiaca-continuous-wave-pulse-wave-doppl.jpg","type":"image\/png"}],"twitter_card":"summary_large_image","schema":{"@context":"https:\/\/schema.org","@graph":[{"@type":"WebPage","@id":"https:\/\/buscoequipomedico.com\/?product=doppler-fetal-de-bolsillo-incluye-un-transductor-2mhz","url":"https:\/\/buscoequipomedico.com\/?product=doppler-fetal-de-bolsillo-incluye-un-transductor-2mhz","name":"DOPPLER FETAL DE BOLSILLO INCLUYE UN TRANSDUCTOR 2Mhz - Tu mejor opci\u00f3n Equipo M\u00e9dico M\u00e9xico","isPartOf":{"@id":"https:\/\/buscoequipomedico.com\/#website"},"primaryImageOfPage":{"@id":"https:\/\/buscoequipomedico.com\/?product=doppler-fetal-de-bolsillo-incluye-un-transductor-2mhz#primaryimage"},"image":{"@id":"https:\/\/buscoequipomedico.com\/?product=doppler-fetal-de-bolsillo-incluye-un-transductor-2mhz#primaryimage"},"thumbnailUrl":"https:\/\/buscoequipomedico.com\/wp-content\/uploads\/2020\/02\/doppler-fetal-de-bolsillo-incluye-un-transductor-2mhz-transductor-cambiable-frequencia-cardiaca-continuous-wave-pulse-wave-doppl.jpg","datePublished":"2020-02-18T07:33:21+00:00","dateModified":"2020-02-18T07:33:24+00:00","breadcrumb":{"@id":"https:\/\/buscoequipomedico.com\/?product=doppler-fetal-de-bolsillo-incluye-un-transductor-2mhz#breadcrumb"},"inLanguage":"es","potentialAction":[{"@type":"ReadAction","target":["https:\/\/buscoequipomedico.com\/?product=doppler-fetal-de-bolsillo-incluye-un-transductor-2mhz"]}]},{"@type":"ImageObject","inLanguage":"es","@id":"https:\/\/buscoequipomedico.com\/?product=doppler-fetal-de-bolsillo-incluye-un-transductor-2mhz#primaryimage","url":"https:\/\/buscoequipomedico.com\/wp-content\/uploads\/2020\/02\/doppler-fetal-de-bolsillo-incluye-un-transductor-2mhz-transductor-cambiable-frequencia-cardiaca-continuous-wave-pulse-wave-doppl.jpg","contentUrl":"https:\/\/buscoequipomedico.com\/wp-content\/uploads\/2020\/02\/doppler-fetal-de-bolsillo-incluye-un-transductor-2mhz-transductor-cambiable-frequencia-cardiaca-continuous-wave-pulse-wave-doppl.jpg","width":800,"height":800},{"@type":"BreadcrumbList","@id":"https:\/\/buscoequipomedico.com\/?product=doppler-fetal-de-bolsillo-incluye-un-transductor-2mhz#breadcrumb","itemListElement":[{"@type":"ListItem","position":1,"name":"Productos","item":"https:\/\/buscoequipomedico.com\/shop\/"},{"@type":"ListItem","position":2,"name":"DOPPLER FETAL DE BOLSILLO INCLUYE UN TRANSDUCTOR 2Mhz"}]},{"@type":"WebSite","@id":"https:\/\/buscoequipomedico.com\/#website","url":"https:\/\/buscoequipomedico.com\/","name":"Tu mejor opci\u00f3n Equipo M\u00e9dico M\u00e9xico","description":"Tienda de equipo m\u00e9dico","publisher":{"@id":"https:\/\/buscoequipomedico.com\/#organization"},"potentialAction":[{"@type":"SearchAction","target":{"@type":"EntryPoint","urlTemplate":"https:\/\/buscoequipomedico.com\/?s={search_term_string}"},"query-input":{"@type":"PropertyValueSpecification","valueRequired":true,"valueName":"search_term_string"}}],"inLanguage":"es"},{"@type":"Organization","@id":"https:\/\/buscoequipomedico.com\/#organization","name":"Tu mejor opci\u00f3n Equipo M\u00e9dico M\u00e9xico","url":"https:\/\/buscoequipomedico.com\/","logo":{"@type":"ImageObject","inLanguage":"es","@id":"https:\/\/buscoequipomedico.com\/#\/schema\/logo\/image\/","url":"https:\/\/buscoequipomedico.com\/wp-content\/uploads\/2021\/07\/EMM-VPrincipal-scaled.jpg","contentUrl":"https:\/\/buscoequipomedico.com\/wp-content\/uploads\/2021\/07\/EMM-VPrincipal-scaled.jpg","width":2560,"height":1058,"caption":"Tu mejor opci\u00f3n Equipo M\u00e9dico M\u00e9xico"},"image":{"@id":"https:\/\/buscoequipomedico.com\/#\/schema\/logo\/image\/"}}]}},"_links":{"self":[{"href":"https:\/\/buscoequipomedico.com\/index.php?rest_route=\/wp\/v2\/product\/11636","targetHints":{"allow":["GET"]}}],"collection":[{"href":"https:\/\/buscoequipomedico.com\/index.php?rest_route=\/wp\/v2\/product"}],"about":[{"href":"https:\/\/buscoequipomedico.com\/index.php?rest_route=\/wp\/v2\/types\/product"}],"wp:featuredmedia":[{"embeddable":true,"href":"https:\/\/buscoequipomedico.com\/index.php?rest_route=\/wp\/v2\/media\/11637"}],"wp:attachment":[{"href":"https:\/\/buscoequipomedico.com\/index.php?rest_route=%2Fwp%2Fv2%2Fmedia&parent=11636"}],"wp:term":[{"taxonomy":"product_brand","embeddable":true,"href":"https:\/\/buscoequipomedico.com\/index.php?rest_route=%2Fwp%2Fv2%2Fproduct_brand&post=11636"},{"taxonomy":"product_cat","embeddable":true,"href":"https:\/\/buscoequipomedico.com\/index.php?rest_route=%2Fwp%2Fv2%2Fproduct_cat&post=11636"},{"taxonomy":"product_tag","embeddable":true,"href":"https:\/\/buscoequipomedico.com\/index.php?rest_route=%2Fwp%2Fv2%2Fproduct_tag&post=11636"}],"curies":[{"name":"wp","href":"https:\/\/api.w.org\/{rel}","templated":true}]}}