{"id":11638,"date":"2020-02-18T07:33:21","date_gmt":"2020-02-18T07:33:21","guid":{"rendered":"https:\/\/equipomedicomexico-com.preview-domain.com\/product\/mini-doppler-c-transductor-fetal-2-0-mhz\/"},"modified":"2020-02-18T07:33:24","modified_gmt":"2020-02-18T07:33:24","slug":"mini-doppler-c-transductor-fetal-2-0-mhz","status":"publish","type":"product","link":"https:\/\/buscoequipomedico.com\/?product=mini-doppler-c-transductor-fetal-2-0-mhz","title":{"rendered":"MINI DOPPLER C\/TRANSDUCTOR FETAL 2.0 MHz"},"content":{"rendered":"<p>MINI DOPPLER C\/TRANSDUCTOR FETAL 2.0 MHz<\/p>\n<p>Doppler bidireccional con la forma de onda retroiluminada LCD.<\/p>\n<p>Memoria y interfaz USB de 30 formas de onda.<\/p>\n<p>Modo de la direcci\u00f3n del sitio y an\u00e1lisis de FFT disponible con Smart-V-v\u00ednculo vascular del software del v\u00ednculo para Windows (opci\u00f3n).<\/p>\n<p>Modo de la SE\u00d1AL SONORA 2MHz disponible.<\/p>\n<p>Acumulador alcalino 9V.<\/p>\n<p>C\u00e1lculos del flujo de volumen de la sangre.\u00a0<\/p>\n","protected":false},"excerpt":{"rendered":"<p>\u2022 Pocket Doppler con excelentes sonidos. 500mW<\/p>\n<p>\u2022 La pantalla LCD muestra la frecuencia card\u00edaca con el indicador de latido card\u00edaco.<\/p>\n<\/p>\n<p>\u2022 3 modos disponibles: promedio, conteo manual y en tiempo real.<\/p>\n","protected":false},"featured_media":11639,"template":"","meta":{"_joinchat":[]},"product_brand":[],"product_cat":[221],"product_tag":[],"class_list":{"0":"post-11638","1":"product","2":"type-product","3":"status-publish","4":"has-post-thumbnail","6":"product_cat-dopplers","7":"pa_marca-hadeco","9":"first","10":"instock","11":"purchasable","12":"product-type-simple"},"yoast_head":"<!-- This site is optimized with the Yoast SEO plugin v25.1 - https:\/\/yoast.com\/wordpress\/plugins\/seo\/ -->\n<title>MINI DOPPLER C\/TRANSDUCTOR FETAL 2.0 MHz - Tu mejor opci\u00f3n Equipo M\u00e9dico M\u00e9xico<\/title>\n<meta name=\"robots\" content=\"index, follow, max-snippet:-1, max-image-preview:large, max-video-preview:-1\" \/>\n<link rel=\"canonical\" href=\"https:\/\/buscoequipomedico.com\/?product=mini-doppler-c-transductor-fetal-2-0-mhz\" \/>\n<meta property=\"og:locale\" content=\"es_ES\" \/>\n<meta property=\"og:type\" content=\"article\" \/>\n<meta property=\"og:title\" content=\"MINI DOPPLER C\/TRANSDUCTOR FETAL 2.0 MHz - Tu mejor opci\u00f3n Equipo M\u00e9dico M\u00e9xico\" \/>\n<meta property=\"og:description\" content=\"\u2022 Pocket Doppler con excelentes sonidos. 500mW \u2022 La pantalla LCD muestra la frecuencia card\u00edaca con el indicador de latido card\u00edaco. \u2022 3 modos disponibles: promedio, conteo manual y en tiempo real.\" \/>\n<meta property=\"og:url\" content=\"https:\/\/buscoequipomedico.com\/?product=mini-doppler-c-transductor-fetal-2-0-mhz\" \/>\n<meta property=\"og:site_name\" content=\"Tu mejor opci\u00f3n Equipo M\u00e9dico M\u00e9xico\" \/>\n<meta property=\"article:modified_time\" content=\"2020-02-18T07:33:24+00:00\" \/>\n<meta property=\"og:image\" content=\"https:\/\/buscoequipomedico.com\/wp-content\/uploads\/2020\/02\/mini-doppler-c-transductor-fetal-20-mhz-o-pocket-doppler-con-excelentes-sonidos-500mw-o-la-pantalla-lcd-muestra-la-frecuencia-ca.jpg\" \/>\n\t<meta property=\"og:image:width\" content=\"800\" \/>\n\t<meta property=\"og:image:height\" content=\"800\" \/>\n\t<meta property=\"og:image:type\" content=\"image\/png\" \/>\n<meta name=\"twitter:card\" content=\"summary_large_image\" \/>\n<script type=\"application\/ld+json\" class=\"yoast-schema-graph\">{\"@context\":\"https:\/\/schema.org\",\"@graph\":[{\"@type\":\"WebPage\",\"@id\":\"https:\/\/buscoequipomedico.com\/?product=mini-doppler-c-transductor-fetal-2-0-mhz\",\"url\":\"https:\/\/buscoequipomedico.com\/?product=mini-doppler-c-transductor-fetal-2-0-mhz\",\"name\":\"MINI DOPPLER C\/TRANSDUCTOR FETAL 2.0 MHz - Tu mejor opci\u00f3n Equipo M\u00e9dico M\u00e9xico\",\"isPartOf\":{\"@id\":\"https:\/\/buscoequipomedico.com\/#website\"},\"primaryImageOfPage\":{\"@id\":\"https:\/\/buscoequipomedico.com\/?product=mini-doppler-c-transductor-fetal-2-0-mhz#primaryimage\"},\"image\":{\"@id\":\"https:\/\/buscoequipomedico.com\/?product=mini-doppler-c-transductor-fetal-2-0-mhz#primaryimage\"},\"thumbnailUrl\":\"https:\/\/buscoequipomedico.com\/wp-content\/uploads\/2020\/02\/mini-doppler-c-transductor-fetal-20-mhz-o-pocket-doppler-con-excelentes-sonidos-500mw-o-la-pantalla-lcd-muestra-la-frecuencia-ca.jpg\",\"datePublished\":\"2020-02-18T07:33:21+00:00\",\"dateModified\":\"2020-02-18T07:33:24+00:00\",\"breadcrumb\":{\"@id\":\"https:\/\/buscoequipomedico.com\/?product=mini-doppler-c-transductor-fetal-2-0-mhz#breadcrumb\"},\"inLanguage\":\"es\",\"potentialAction\":[{\"@type\":\"ReadAction\",\"target\":[\"https:\/\/buscoequipomedico.com\/?product=mini-doppler-c-transductor-fetal-2-0-mhz\"]}]},{\"@type\":\"ImageObject\",\"inLanguage\":\"es\",\"@id\":\"https:\/\/buscoequipomedico.com\/?product=mini-doppler-c-transductor-fetal-2-0-mhz#primaryimage\",\"url\":\"https:\/\/buscoequipomedico.com\/wp-content\/uploads\/2020\/02\/mini-doppler-c-transductor-fetal-20-mhz-o-pocket-doppler-con-excelentes-sonidos-500mw-o-la-pantalla-lcd-muestra-la-frecuencia-ca.jpg\",\"contentUrl\":\"https:\/\/buscoequipomedico.com\/wp-content\/uploads\/2020\/02\/mini-doppler-c-transductor-fetal-20-mhz-o-pocket-doppler-con-excelentes-sonidos-500mw-o-la-pantalla-lcd-muestra-la-frecuencia-ca.jpg\",\"width\":800,\"height\":800},{\"@type\":\"BreadcrumbList\",\"@id\":\"https:\/\/buscoequipomedico.com\/?product=mini-doppler-c-transductor-fetal-2-0-mhz#breadcrumb\",\"itemListElement\":[{\"@type\":\"ListItem\",\"position\":1,\"name\":\"Productos\",\"item\":\"https:\/\/buscoequipomedico.com\/shop\/\"},{\"@type\":\"ListItem\",\"position\":2,\"name\":\"MINI DOPPLER C\/TRANSDUCTOR FETAL 2.0 MHz\"}]},{\"@type\":\"WebSite\",\"@id\":\"https:\/\/buscoequipomedico.com\/#website\",\"url\":\"https:\/\/buscoequipomedico.com\/\",\"name\":\"Tu mejor opci\u00f3n Equipo M\u00e9dico M\u00e9xico\",\"description\":\"Tienda de equipo m\u00e9dico\",\"publisher\":{\"@id\":\"https:\/\/buscoequipomedico.com\/#organization\"},\"potentialAction\":[{\"@type\":\"SearchAction\",\"target\":{\"@type\":\"EntryPoint\",\"urlTemplate\":\"https:\/\/buscoequipomedico.com\/?s={search_term_string}\"},\"query-input\":{\"@type\":\"PropertyValueSpecification\",\"valueRequired\":true,\"valueName\":\"search_term_string\"}}],\"inLanguage\":\"es\"},{\"@type\":\"Organization\",\"@id\":\"https:\/\/buscoequipomedico.com\/#organization\",\"name\":\"Tu mejor opci\u00f3n Equipo M\u00e9dico M\u00e9xico\",\"url\":\"https:\/\/buscoequipomedico.com\/\",\"logo\":{\"@type\":\"ImageObject\",\"inLanguage\":\"es\",\"@id\":\"https:\/\/buscoequipomedico.com\/#\/schema\/logo\/image\/\",\"url\":\"https:\/\/buscoequipomedico.com\/wp-content\/uploads\/2021\/07\/EMM-VPrincipal-scaled.jpg\",\"contentUrl\":\"https:\/\/buscoequipomedico.com\/wp-content\/uploads\/2021\/07\/EMM-VPrincipal-scaled.jpg\",\"width\":2560,\"height\":1058,\"caption\":\"Tu mejor opci\u00f3n Equipo M\u00e9dico M\u00e9xico\"},\"image\":{\"@id\":\"https:\/\/buscoequipomedico.com\/#\/schema\/logo\/image\/\"}}]}<\/script>\n<!-- \/ Yoast SEO plugin. -->","yoast_head_json":{"title":"MINI DOPPLER C\/TRANSDUCTOR FETAL 2.0 MHz - Tu mejor opci\u00f3n Equipo M\u00e9dico M\u00e9xico","robots":{"index":"index","follow":"follow","max-snippet":"max-snippet:-1","max-image-preview":"max-image-preview:large","max-video-preview":"max-video-preview:-1"},"canonical":"https:\/\/buscoequipomedico.com\/?product=mini-doppler-c-transductor-fetal-2-0-mhz","og_locale":"es_ES","og_type":"article","og_title":"MINI DOPPLER C\/TRANSDUCTOR FETAL 2.0 MHz - Tu mejor opci\u00f3n Equipo M\u00e9dico M\u00e9xico","og_description":"\u2022 Pocket Doppler con excelentes sonidos. 500mW \u2022 La pantalla LCD muestra la frecuencia card\u00edaca con el indicador de latido card\u00edaco. \u2022 3 modos disponibles: promedio, conteo manual y en tiempo real.","og_url":"https:\/\/buscoequipomedico.com\/?product=mini-doppler-c-transductor-fetal-2-0-mhz","og_site_name":"Tu mejor opci\u00f3n Equipo M\u00e9dico M\u00e9xico","article_modified_time":"2020-02-18T07:33:24+00:00","og_image":[{"width":800,"height":800,"url":"https:\/\/buscoequipomedico.com\/wp-content\/uploads\/2020\/02\/mini-doppler-c-transductor-fetal-20-mhz-o-pocket-doppler-con-excelentes-sonidos-500mw-o-la-pantalla-lcd-muestra-la-frecuencia-ca.jpg","type":"image\/png"}],"twitter_card":"summary_large_image","schema":{"@context":"https:\/\/schema.org","@graph":[{"@type":"WebPage","@id":"https:\/\/buscoequipomedico.com\/?product=mini-doppler-c-transductor-fetal-2-0-mhz","url":"https:\/\/buscoequipomedico.com\/?product=mini-doppler-c-transductor-fetal-2-0-mhz","name":"MINI DOPPLER C\/TRANSDUCTOR FETAL 2.0 MHz - Tu mejor opci\u00f3n Equipo M\u00e9dico M\u00e9xico","isPartOf":{"@id":"https:\/\/buscoequipomedico.com\/#website"},"primaryImageOfPage":{"@id":"https:\/\/buscoequipomedico.com\/?product=mini-doppler-c-transductor-fetal-2-0-mhz#primaryimage"},"image":{"@id":"https:\/\/buscoequipomedico.com\/?product=mini-doppler-c-transductor-fetal-2-0-mhz#primaryimage"},"thumbnailUrl":"https:\/\/buscoequipomedico.com\/wp-content\/uploads\/2020\/02\/mini-doppler-c-transductor-fetal-20-mhz-o-pocket-doppler-con-excelentes-sonidos-500mw-o-la-pantalla-lcd-muestra-la-frecuencia-ca.jpg","datePublished":"2020-02-18T07:33:21+00:00","dateModified":"2020-02-18T07:33:24+00:00","breadcrumb":{"@id":"https:\/\/buscoequipomedico.com\/?product=mini-doppler-c-transductor-fetal-2-0-mhz#breadcrumb"},"inLanguage":"es","potentialAction":[{"@type":"ReadAction","target":["https:\/\/buscoequipomedico.com\/?product=mini-doppler-c-transductor-fetal-2-0-mhz"]}]},{"@type":"ImageObject","inLanguage":"es","@id":"https:\/\/buscoequipomedico.com\/?product=mini-doppler-c-transductor-fetal-2-0-mhz#primaryimage","url":"https:\/\/buscoequipomedico.com\/wp-content\/uploads\/2020\/02\/mini-doppler-c-transductor-fetal-20-mhz-o-pocket-doppler-con-excelentes-sonidos-500mw-o-la-pantalla-lcd-muestra-la-frecuencia-ca.jpg","contentUrl":"https:\/\/buscoequipomedico.com\/wp-content\/uploads\/2020\/02\/mini-doppler-c-transductor-fetal-20-mhz-o-pocket-doppler-con-excelentes-sonidos-500mw-o-la-pantalla-lcd-muestra-la-frecuencia-ca.jpg","width":800,"height":800},{"@type":"BreadcrumbList","@id":"https:\/\/buscoequipomedico.com\/?product=mini-doppler-c-transductor-fetal-2-0-mhz#breadcrumb","itemListElement":[{"@type":"ListItem","position":1,"name":"Productos","item":"https:\/\/buscoequipomedico.com\/shop\/"},{"@type":"ListItem","position":2,"name":"MINI DOPPLER C\/TRANSDUCTOR FETAL 2.0 MHz"}]},{"@type":"WebSite","@id":"https:\/\/buscoequipomedico.com\/#website","url":"https:\/\/buscoequipomedico.com\/","name":"Tu mejor opci\u00f3n Equipo M\u00e9dico M\u00e9xico","description":"Tienda de equipo m\u00e9dico","publisher":{"@id":"https:\/\/buscoequipomedico.com\/#organization"},"potentialAction":[{"@type":"SearchAction","target":{"@type":"EntryPoint","urlTemplate":"https:\/\/buscoequipomedico.com\/?s={search_term_string}"},"query-input":{"@type":"PropertyValueSpecification","valueRequired":true,"valueName":"search_term_string"}}],"inLanguage":"es"},{"@type":"Organization","@id":"https:\/\/buscoequipomedico.com\/#organization","name":"Tu mejor opci\u00f3n Equipo M\u00e9dico M\u00e9xico","url":"https:\/\/buscoequipomedico.com\/","logo":{"@type":"ImageObject","inLanguage":"es","@id":"https:\/\/buscoequipomedico.com\/#\/schema\/logo\/image\/","url":"https:\/\/buscoequipomedico.com\/wp-content\/uploads\/2021\/07\/EMM-VPrincipal-scaled.jpg","contentUrl":"https:\/\/buscoequipomedico.com\/wp-content\/uploads\/2021\/07\/EMM-VPrincipal-scaled.jpg","width":2560,"height":1058,"caption":"Tu mejor opci\u00f3n Equipo M\u00e9dico M\u00e9xico"},"image":{"@id":"https:\/\/buscoequipomedico.com\/#\/schema\/logo\/image\/"}}]}},"_links":{"self":[{"href":"https:\/\/buscoequipomedico.com\/index.php?rest_route=\/wp\/v2\/product\/11638","targetHints":{"allow":["GET"]}}],"collection":[{"href":"https:\/\/buscoequipomedico.com\/index.php?rest_route=\/wp\/v2\/product"}],"about":[{"href":"https:\/\/buscoequipomedico.com\/index.php?rest_route=\/wp\/v2\/types\/product"}],"wp:featuredmedia":[{"embeddable":true,"href":"https:\/\/buscoequipomedico.com\/index.php?rest_route=\/wp\/v2\/media\/11639"}],"wp:attachment":[{"href":"https:\/\/buscoequipomedico.com\/index.php?rest_route=%2Fwp%2Fv2%2Fmedia&parent=11638"}],"wp:term":[{"taxonomy":"product_brand","embeddable":true,"href":"https:\/\/buscoequipomedico.com\/index.php?rest_route=%2Fwp%2Fv2%2Fproduct_brand&post=11638"},{"taxonomy":"product_cat","embeddable":true,"href":"https:\/\/buscoequipomedico.com\/index.php?rest_route=%2Fwp%2Fv2%2Fproduct_cat&post=11638"},{"taxonomy":"product_tag","embeddable":true,"href":"https:\/\/buscoequipomedico.com\/index.php?rest_route=%2Fwp%2Fv2%2Fproduct_tag&post=11638"}],"curies":[{"name":"wp","href":"https:\/\/api.w.org\/{rel}","templated":true}]}}