{"id":11640,"date":"2020-02-18T07:33:21","date_gmt":"2020-02-18T07:33:21","guid":{"rendered":"https:\/\/equipomedicomexico-com.preview-domain.com\/product\/mini-doppler-fetal-arterial\/"},"modified":"2020-02-18T07:33:25","modified_gmt":"2020-02-18T07:33:25","slug":"mini-doppler-fetal-arterial","status":"publish","type":"product","link":"https:\/\/buscoequipomedico.com\/?product=mini-doppler-fetal-arterial","title":{"rendered":"MINI DOPPLER FETAL\/ARTERIAL"},"content":{"rendered":"<ul>\n<li>Con 1 transductor para uso fetal<\/li>\n<li>Tama\u00f1o bolsillo<\/li>\n<li>Bidireccional doppler<\/li>\n<li>Muestra en tiempo real de forma de onda y datos num\u00e9ricos.<\/li>\n<li>Genera gr\u00e1ficas en 16 minutos.<\/li>\n<li>Bot\u00f3n de freezes y waveforms.<\/li>\n<li>Interface para computadora.<\/li>\n<li>Alimentaci\u00f3n: bater\u00eda de 9 V alcalina<\/li>\n<li>Salida del altavoz: 200 mW o m\u00e1s<\/li>\n<li>Multi frecuencia: 2, 4, 5, 8, 10 MHz<\/li>\n<li>Configuraci\u00f3n de modo: pantalla, de forma de onda, direcci\u00f3n, Escala de tiempo y otros<\/li>\n<li>Pantalla LCD: 128 x 64 puntos, STN LCD<\/li>\n<li>De forma de onda, los datos num\u00e9ricos y de frecuencia cardiaca<\/li>\n<li>Memoria de forma de onda: 30 memorias<\/li>\n<li>Salidas: auriculares: Altavoz<\/li>\n<li>Puerto serie RS-232C<\/li>\n<li>Dimensiones: 75 x 40 x 25 mm.<\/li>\n<li>Peso: 350 g.<\/li>\n<\/ul>\n","protected":false},"excerpt":{"rendered":"<p>\u2022 Pantalla LCD retroiluminada para frecuencia card\u00edaca y forma de onda de monitorizaci\u00f3n.<\/p>\n<p>\u2022 40% mejor\u00f3 SONIDOS GRANDES y control de operaci\u00f3n f\u00e1cil y avanzado.<\/p>\n<p>\u2022 Se puede almacenar hasta 33 minutos de forma de onda para cada monitoreo.<\/p>\n<p>\u2022 30 memoria de forma de onda.<\/p>\n<p>\u2022 Bater\u00eda alcalina tipo cuadrado de 9V<\/p>\n","protected":false},"featured_media":11641,"template":"","meta":{"_joinchat":[]},"product_brand":[],"product_cat":[221],"product_tag":[],"class_list":{"0":"post-11640","1":"product","2":"type-product","3":"status-publish","4":"has-post-thumbnail","6":"product_cat-dopplers","7":"pa_marca-hadeco","9":"first","10":"instock","11":"purchasable","12":"product-type-simple"},"yoast_head":"<!-- This site is optimized with the Yoast SEO plugin v25.1 - https:\/\/yoast.com\/wordpress\/plugins\/seo\/ -->\n<title>MINI DOPPLER FETAL\/ARTERIAL - Tu mejor opci\u00f3n Equipo M\u00e9dico M\u00e9xico<\/title>\n<meta name=\"robots\" content=\"index, follow, max-snippet:-1, max-image-preview:large, max-video-preview:-1\" \/>\n<link rel=\"canonical\" href=\"https:\/\/buscoequipomedico.com\/?product=mini-doppler-fetal-arterial\" \/>\n<meta property=\"og:locale\" content=\"es_ES\" \/>\n<meta property=\"og:type\" content=\"article\" \/>\n<meta property=\"og:title\" content=\"MINI DOPPLER FETAL\/ARTERIAL - Tu mejor opci\u00f3n Equipo M\u00e9dico M\u00e9xico\" \/>\n<meta property=\"og:description\" content=\"\u2022 Pantalla LCD retroiluminada para frecuencia card\u00edaca y forma de onda de monitorizaci\u00f3n. \u2022 40% mejor\u00f3 SONIDOS GRANDES y control de operaci\u00f3n f\u00e1cil y avanzado. \u2022 Se puede almacenar hasta 33 minutos de forma de onda para cada monitoreo. \u2022 30 memoria de forma de onda. \u2022 Bater\u00eda alcalina tipo cuadrado de 9V\" \/>\n<meta property=\"og:url\" content=\"https:\/\/buscoequipomedico.com\/?product=mini-doppler-fetal-arterial\" \/>\n<meta property=\"og:site_name\" content=\"Tu mejor opci\u00f3n Equipo M\u00e9dico M\u00e9xico\" \/>\n<meta property=\"article:modified_time\" content=\"2020-02-18T07:33:25+00:00\" \/>\n<meta property=\"og:image\" content=\"https:\/\/buscoequipomedico.com\/wp-content\/uploads\/2020\/02\/mini-doppler-fetal-arterial-o-pantalla-lcd-retroiluminada-para-frecuencia-cardiaca-y-forma-de-onda-de-monitorizacion-o-40-mejoro.jpg\" \/>\n\t<meta property=\"og:image:width\" content=\"800\" \/>\n\t<meta property=\"og:image:height\" content=\"800\" \/>\n\t<meta property=\"og:image:type\" content=\"image\/png\" \/>\n<meta name=\"twitter:card\" content=\"summary_large_image\" \/>\n<meta name=\"twitter:label1\" content=\"Tiempo de lectura\" \/>\n\t<meta name=\"twitter:data1\" content=\"1 minuto\" \/>\n<script type=\"application\/ld+json\" class=\"yoast-schema-graph\">{\"@context\":\"https:\/\/schema.org\",\"@graph\":[{\"@type\":\"WebPage\",\"@id\":\"https:\/\/buscoequipomedico.com\/?product=mini-doppler-fetal-arterial\",\"url\":\"https:\/\/buscoequipomedico.com\/?product=mini-doppler-fetal-arterial\",\"name\":\"MINI DOPPLER FETAL\/ARTERIAL - Tu mejor opci\u00f3n Equipo M\u00e9dico M\u00e9xico\",\"isPartOf\":{\"@id\":\"https:\/\/buscoequipomedico.com\/#website\"},\"primaryImageOfPage\":{\"@id\":\"https:\/\/buscoequipomedico.com\/?product=mini-doppler-fetal-arterial#primaryimage\"},\"image\":{\"@id\":\"https:\/\/buscoequipomedico.com\/?product=mini-doppler-fetal-arterial#primaryimage\"},\"thumbnailUrl\":\"https:\/\/buscoequipomedico.com\/wp-content\/uploads\/2020\/02\/mini-doppler-fetal-arterial-o-pantalla-lcd-retroiluminada-para-frecuencia-cardiaca-y-forma-de-onda-de-monitorizacion-o-40-mejoro.jpg\",\"datePublished\":\"2020-02-18T07:33:21+00:00\",\"dateModified\":\"2020-02-18T07:33:25+00:00\",\"breadcrumb\":{\"@id\":\"https:\/\/buscoequipomedico.com\/?product=mini-doppler-fetal-arterial#breadcrumb\"},\"inLanguage\":\"es\",\"potentialAction\":[{\"@type\":\"ReadAction\",\"target\":[\"https:\/\/buscoequipomedico.com\/?product=mini-doppler-fetal-arterial\"]}]},{\"@type\":\"ImageObject\",\"inLanguage\":\"es\",\"@id\":\"https:\/\/buscoequipomedico.com\/?product=mini-doppler-fetal-arterial#primaryimage\",\"url\":\"https:\/\/buscoequipomedico.com\/wp-content\/uploads\/2020\/02\/mini-doppler-fetal-arterial-o-pantalla-lcd-retroiluminada-para-frecuencia-cardiaca-y-forma-de-onda-de-monitorizacion-o-40-mejoro.jpg\",\"contentUrl\":\"https:\/\/buscoequipomedico.com\/wp-content\/uploads\/2020\/02\/mini-doppler-fetal-arterial-o-pantalla-lcd-retroiluminada-para-frecuencia-cardiaca-y-forma-de-onda-de-monitorizacion-o-40-mejoro.jpg\",\"width\":800,\"height\":800},{\"@type\":\"BreadcrumbList\",\"@id\":\"https:\/\/buscoequipomedico.com\/?product=mini-doppler-fetal-arterial#breadcrumb\",\"itemListElement\":[{\"@type\":\"ListItem\",\"position\":1,\"name\":\"Productos\",\"item\":\"https:\/\/buscoequipomedico.com\/shop\/\"},{\"@type\":\"ListItem\",\"position\":2,\"name\":\"MINI DOPPLER FETAL\/ARTERIAL\"}]},{\"@type\":\"WebSite\",\"@id\":\"https:\/\/buscoequipomedico.com\/#website\",\"url\":\"https:\/\/buscoequipomedico.com\/\",\"name\":\"Tu mejor opci\u00f3n Equipo M\u00e9dico M\u00e9xico\",\"description\":\"Tienda de equipo m\u00e9dico\",\"publisher\":{\"@id\":\"https:\/\/buscoequipomedico.com\/#organization\"},\"potentialAction\":[{\"@type\":\"SearchAction\",\"target\":{\"@type\":\"EntryPoint\",\"urlTemplate\":\"https:\/\/buscoequipomedico.com\/?s={search_term_string}\"},\"query-input\":{\"@type\":\"PropertyValueSpecification\",\"valueRequired\":true,\"valueName\":\"search_term_string\"}}],\"inLanguage\":\"es\"},{\"@type\":\"Organization\",\"@id\":\"https:\/\/buscoequipomedico.com\/#organization\",\"name\":\"Tu mejor opci\u00f3n Equipo M\u00e9dico M\u00e9xico\",\"url\":\"https:\/\/buscoequipomedico.com\/\",\"logo\":{\"@type\":\"ImageObject\",\"inLanguage\":\"es\",\"@id\":\"https:\/\/buscoequipomedico.com\/#\/schema\/logo\/image\/\",\"url\":\"https:\/\/buscoequipomedico.com\/wp-content\/uploads\/2021\/07\/EMM-VPrincipal-scaled.jpg\",\"contentUrl\":\"https:\/\/buscoequipomedico.com\/wp-content\/uploads\/2021\/07\/EMM-VPrincipal-scaled.jpg\",\"width\":2560,\"height\":1058,\"caption\":\"Tu mejor opci\u00f3n Equipo M\u00e9dico M\u00e9xico\"},\"image\":{\"@id\":\"https:\/\/buscoequipomedico.com\/#\/schema\/logo\/image\/\"}}]}<\/script>\n<!-- \/ Yoast SEO plugin. -->","yoast_head_json":{"title":"MINI DOPPLER FETAL\/ARTERIAL - Tu mejor opci\u00f3n Equipo M\u00e9dico M\u00e9xico","robots":{"index":"index","follow":"follow","max-snippet":"max-snippet:-1","max-image-preview":"max-image-preview:large","max-video-preview":"max-video-preview:-1"},"canonical":"https:\/\/buscoequipomedico.com\/?product=mini-doppler-fetal-arterial","og_locale":"es_ES","og_type":"article","og_title":"MINI DOPPLER FETAL\/ARTERIAL - Tu mejor opci\u00f3n Equipo M\u00e9dico M\u00e9xico","og_description":"\u2022 Pantalla LCD retroiluminada para frecuencia card\u00edaca y forma de onda de monitorizaci\u00f3n. \u2022 40% mejor\u00f3 SONIDOS GRANDES y control de operaci\u00f3n f\u00e1cil y avanzado. \u2022 Se puede almacenar hasta 33 minutos de forma de onda para cada monitoreo. \u2022 30 memoria de forma de onda. \u2022 Bater\u00eda alcalina tipo cuadrado de 9V","og_url":"https:\/\/buscoequipomedico.com\/?product=mini-doppler-fetal-arterial","og_site_name":"Tu mejor opci\u00f3n Equipo M\u00e9dico M\u00e9xico","article_modified_time":"2020-02-18T07:33:25+00:00","og_image":[{"width":800,"height":800,"url":"https:\/\/buscoequipomedico.com\/wp-content\/uploads\/2020\/02\/mini-doppler-fetal-arterial-o-pantalla-lcd-retroiluminada-para-frecuencia-cardiaca-y-forma-de-onda-de-monitorizacion-o-40-mejoro.jpg","type":"image\/png"}],"twitter_card":"summary_large_image","twitter_misc":{"Tiempo de lectura":"1 minuto"},"schema":{"@context":"https:\/\/schema.org","@graph":[{"@type":"WebPage","@id":"https:\/\/buscoequipomedico.com\/?product=mini-doppler-fetal-arterial","url":"https:\/\/buscoequipomedico.com\/?product=mini-doppler-fetal-arterial","name":"MINI DOPPLER FETAL\/ARTERIAL - Tu mejor opci\u00f3n Equipo M\u00e9dico M\u00e9xico","isPartOf":{"@id":"https:\/\/buscoequipomedico.com\/#website"},"primaryImageOfPage":{"@id":"https:\/\/buscoequipomedico.com\/?product=mini-doppler-fetal-arterial#primaryimage"},"image":{"@id":"https:\/\/buscoequipomedico.com\/?product=mini-doppler-fetal-arterial#primaryimage"},"thumbnailUrl":"https:\/\/buscoequipomedico.com\/wp-content\/uploads\/2020\/02\/mini-doppler-fetal-arterial-o-pantalla-lcd-retroiluminada-para-frecuencia-cardiaca-y-forma-de-onda-de-monitorizacion-o-40-mejoro.jpg","datePublished":"2020-02-18T07:33:21+00:00","dateModified":"2020-02-18T07:33:25+00:00","breadcrumb":{"@id":"https:\/\/buscoequipomedico.com\/?product=mini-doppler-fetal-arterial#breadcrumb"},"inLanguage":"es","potentialAction":[{"@type":"ReadAction","target":["https:\/\/buscoequipomedico.com\/?product=mini-doppler-fetal-arterial"]}]},{"@type":"ImageObject","inLanguage":"es","@id":"https:\/\/buscoequipomedico.com\/?product=mini-doppler-fetal-arterial#primaryimage","url":"https:\/\/buscoequipomedico.com\/wp-content\/uploads\/2020\/02\/mini-doppler-fetal-arterial-o-pantalla-lcd-retroiluminada-para-frecuencia-cardiaca-y-forma-de-onda-de-monitorizacion-o-40-mejoro.jpg","contentUrl":"https:\/\/buscoequipomedico.com\/wp-content\/uploads\/2020\/02\/mini-doppler-fetal-arterial-o-pantalla-lcd-retroiluminada-para-frecuencia-cardiaca-y-forma-de-onda-de-monitorizacion-o-40-mejoro.jpg","width":800,"height":800},{"@type":"BreadcrumbList","@id":"https:\/\/buscoequipomedico.com\/?product=mini-doppler-fetal-arterial#breadcrumb","itemListElement":[{"@type":"ListItem","position":1,"name":"Productos","item":"https:\/\/buscoequipomedico.com\/shop\/"},{"@type":"ListItem","position":2,"name":"MINI DOPPLER FETAL\/ARTERIAL"}]},{"@type":"WebSite","@id":"https:\/\/buscoequipomedico.com\/#website","url":"https:\/\/buscoequipomedico.com\/","name":"Tu mejor opci\u00f3n Equipo M\u00e9dico M\u00e9xico","description":"Tienda de equipo m\u00e9dico","publisher":{"@id":"https:\/\/buscoequipomedico.com\/#organization"},"potentialAction":[{"@type":"SearchAction","target":{"@type":"EntryPoint","urlTemplate":"https:\/\/buscoequipomedico.com\/?s={search_term_string}"},"query-input":{"@type":"PropertyValueSpecification","valueRequired":true,"valueName":"search_term_string"}}],"inLanguage":"es"},{"@type":"Organization","@id":"https:\/\/buscoequipomedico.com\/#organization","name":"Tu mejor opci\u00f3n Equipo M\u00e9dico M\u00e9xico","url":"https:\/\/buscoequipomedico.com\/","logo":{"@type":"ImageObject","inLanguage":"es","@id":"https:\/\/buscoequipomedico.com\/#\/schema\/logo\/image\/","url":"https:\/\/buscoequipomedico.com\/wp-content\/uploads\/2021\/07\/EMM-VPrincipal-scaled.jpg","contentUrl":"https:\/\/buscoequipomedico.com\/wp-content\/uploads\/2021\/07\/EMM-VPrincipal-scaled.jpg","width":2560,"height":1058,"caption":"Tu mejor opci\u00f3n Equipo M\u00e9dico M\u00e9xico"},"image":{"@id":"https:\/\/buscoequipomedico.com\/#\/schema\/logo\/image\/"}}]}},"_links":{"self":[{"href":"https:\/\/buscoequipomedico.com\/index.php?rest_route=\/wp\/v2\/product\/11640","targetHints":{"allow":["GET"]}}],"collection":[{"href":"https:\/\/buscoequipomedico.com\/index.php?rest_route=\/wp\/v2\/product"}],"about":[{"href":"https:\/\/buscoequipomedico.com\/index.php?rest_route=\/wp\/v2\/types\/product"}],"wp:featuredmedia":[{"embeddable":true,"href":"https:\/\/buscoequipomedico.com\/index.php?rest_route=\/wp\/v2\/media\/11641"}],"wp:attachment":[{"href":"https:\/\/buscoequipomedico.com\/index.php?rest_route=%2Fwp%2Fv2%2Fmedia&parent=11640"}],"wp:term":[{"taxonomy":"product_brand","embeddable":true,"href":"https:\/\/buscoequipomedico.com\/index.php?rest_route=%2Fwp%2Fv2%2Fproduct_brand&post=11640"},{"taxonomy":"product_cat","embeddable":true,"href":"https:\/\/buscoequipomedico.com\/index.php?rest_route=%2Fwp%2Fv2%2Fproduct_cat&post=11640"},{"taxonomy":"product_tag","embeddable":true,"href":"https:\/\/buscoequipomedico.com\/index.php?rest_route=%2Fwp%2Fv2%2Fproduct_tag&post=11640"}],"curies":[{"name":"wp","href":"https:\/\/api.w.org\/{rel}","templated":true}]}}