{"id":11650,"date":"2020-02-18T07:33:21","date_gmt":"2020-02-18T07:33:21","guid":{"rendered":"https:\/\/equipomedicomexico-com.preview-domain.com\/product\/digital-dopple-arterial-smartdop-50ex\/"},"modified":"2020-02-18T07:33:26","modified_gmt":"2020-02-18T07:33:26","slug":"digital-dopple-arterial-smartdop-50ex","status":"publish","type":"product","link":"https:\/\/buscoequipomedico.com\/?product=digital-dopple-arterial-smartdop-50ex","title":{"rendered":"DIGITAL DOPPLE ARTERIAL SMARTDOP 50EX"},"content":{"rendered":"<p>Este compacto sistema Doppler permite al investigador para evaluar los detalles de la circulaci\u00f3n de la sangre, tales como las tasas de flujo arterial en cm \/ seg, as\u00ed como autom\u00e1ticamente el c\u00e1lculo de \u00edndice de resistencia (IR) pulsatility \u00edndice (PI), frecuencia card\u00edaca (FC) ampliar espectral (tambi\u00e9n se refiri\u00f3 a una espectral de la ventana en ventana por ciento, tanto sist\u00f3lica y diast\u00f3lica velocidades m\u00e1ximas y m\u00ednimas. Es ideal para estudios arteriales y venosas, as\u00ed como las extremidades inferiores del flujo sangu\u00edneo arterial. El SmartDop-50F incorpora una salida RS 232 para conexi\u00f3n con el uso Hadeco V-Link software para generar informes detallados vasculares. Estos informes incluyen: arterial inferior, superior arterial, venoso inferior y superior de estudios y estudios de la disfunci\u00f3n er\u00e9ctil. Carot\u00eddea y cerebrovascular estudios tambi\u00e9n pueden ser realizadas con el SmartDop-50F. Todos fisiol\u00f3gicas b\u00e1sicas de diagn\u00f3stico vascular c\u00f3digo CPT procedimientos se puede lograr con la SmartDop-50F.<\/p>\n","protected":false},"excerpt":{"rendered":"<p>El SmartDop-50-M utiliza la misma avanzada, todos los digitales, CW, bidireccional, por efecto Doppler que se utiliza en la SmartDop-20, pero las parejas con una FFT audio en tiempo real del analizador de espectro para los estudios del flujo sangu\u00edneo.<\/p>\n<p>Este peso ligero (4,5 libras) para el sistema mismo pletismogr\u00e1fico accesorios como el SmartDop-20.<\/p>\n","protected":false},"featured_media":11651,"template":"","meta":{"_joinchat":[]},"product_brand":[],"product_cat":[221],"product_tag":[],"class_list":{"0":"post-11650","1":"product","2":"type-product","3":"status-publish","4":"has-post-thumbnail","6":"product_cat-dopplers","7":"pa_marca-hadeco","9":"first","10":"instock","11":"purchasable","12":"product-type-simple"},"yoast_head":"<!-- This site is optimized with the Yoast SEO plugin v25.1 - https:\/\/yoast.com\/wordpress\/plugins\/seo\/ -->\n<title>DIGITAL DOPPLE ARTERIAL SMARTDOP 50EX - Tu mejor opci\u00f3n Equipo M\u00e9dico M\u00e9xico<\/title>\n<meta name=\"robots\" content=\"index, follow, max-snippet:-1, max-image-preview:large, max-video-preview:-1\" \/>\n<link rel=\"canonical\" href=\"https:\/\/buscoequipomedico.com\/?product=digital-dopple-arterial-smartdop-50ex\" \/>\n<meta property=\"og:locale\" content=\"es_ES\" \/>\n<meta property=\"og:type\" content=\"article\" \/>\n<meta property=\"og:title\" content=\"DIGITAL DOPPLE ARTERIAL SMARTDOP 50EX - Tu mejor opci\u00f3n Equipo M\u00e9dico M\u00e9xico\" \/>\n<meta property=\"og:description\" content=\"El SmartDop-50-M utiliza la misma avanzada, todos los digitales, CW, bidireccional, por efecto Doppler que se utiliza en la SmartDop-20, pero las parejas con una FFT audio en tiempo real del analizador de espectro para los estudios del flujo sangu\u00edneo. Este peso ligero (4,5 libras) para el sistema mismo pletismogr\u00e1fico accesorios como el SmartDop-20.\" \/>\n<meta property=\"og:url\" content=\"https:\/\/buscoequipomedico.com\/?product=digital-dopple-arterial-smartdop-50ex\" \/>\n<meta property=\"og:site_name\" content=\"Tu mejor opci\u00f3n Equipo M\u00e9dico M\u00e9xico\" \/>\n<meta property=\"article:modified_time\" content=\"2020-02-18T07:33:26+00:00\" \/>\n<meta property=\"og:image\" content=\"https:\/\/buscoequipomedico.com\/wp-content\/uploads\/2020\/02\/digital-dopple-arterial-smartdop-50ex-el-smartdop-50-m-utiliza-la-misma-avanzada-todos-los-digitales-cw-bidireccional-por-efecto.jpg\" \/>\n\t<meta property=\"og:image:width\" content=\"800\" \/>\n\t<meta property=\"og:image:height\" content=\"800\" \/>\n\t<meta property=\"og:image:type\" content=\"image\/png\" \/>\n<meta name=\"twitter:card\" content=\"summary_large_image\" \/>\n<meta name=\"twitter:label1\" content=\"Tiempo de lectura\" \/>\n\t<meta name=\"twitter:data1\" content=\"1 minuto\" \/>\n<script type=\"application\/ld+json\" class=\"yoast-schema-graph\">{\"@context\":\"https:\/\/schema.org\",\"@graph\":[{\"@type\":\"WebPage\",\"@id\":\"https:\/\/buscoequipomedico.com\/?product=digital-dopple-arterial-smartdop-50ex\",\"url\":\"https:\/\/buscoequipomedico.com\/?product=digital-dopple-arterial-smartdop-50ex\",\"name\":\"DIGITAL DOPPLE ARTERIAL SMARTDOP 50EX - Tu mejor opci\u00f3n Equipo M\u00e9dico M\u00e9xico\",\"isPartOf\":{\"@id\":\"https:\/\/buscoequipomedico.com\/#website\"},\"primaryImageOfPage\":{\"@id\":\"https:\/\/buscoequipomedico.com\/?product=digital-dopple-arterial-smartdop-50ex#primaryimage\"},\"image\":{\"@id\":\"https:\/\/buscoequipomedico.com\/?product=digital-dopple-arterial-smartdop-50ex#primaryimage\"},\"thumbnailUrl\":\"https:\/\/buscoequipomedico.com\/wp-content\/uploads\/2020\/02\/digital-dopple-arterial-smartdop-50ex-el-smartdop-50-m-utiliza-la-misma-avanzada-todos-los-digitales-cw-bidireccional-por-efecto.jpg\",\"datePublished\":\"2020-02-18T07:33:21+00:00\",\"dateModified\":\"2020-02-18T07:33:26+00:00\",\"breadcrumb\":{\"@id\":\"https:\/\/buscoequipomedico.com\/?product=digital-dopple-arterial-smartdop-50ex#breadcrumb\"},\"inLanguage\":\"es\",\"potentialAction\":[{\"@type\":\"ReadAction\",\"target\":[\"https:\/\/buscoequipomedico.com\/?product=digital-dopple-arterial-smartdop-50ex\"]}]},{\"@type\":\"ImageObject\",\"inLanguage\":\"es\",\"@id\":\"https:\/\/buscoequipomedico.com\/?product=digital-dopple-arterial-smartdop-50ex#primaryimage\",\"url\":\"https:\/\/buscoequipomedico.com\/wp-content\/uploads\/2020\/02\/digital-dopple-arterial-smartdop-50ex-el-smartdop-50-m-utiliza-la-misma-avanzada-todos-los-digitales-cw-bidireccional-por-efecto.jpg\",\"contentUrl\":\"https:\/\/buscoequipomedico.com\/wp-content\/uploads\/2020\/02\/digital-dopple-arterial-smartdop-50ex-el-smartdop-50-m-utiliza-la-misma-avanzada-todos-los-digitales-cw-bidireccional-por-efecto.jpg\",\"width\":800,\"height\":800},{\"@type\":\"BreadcrumbList\",\"@id\":\"https:\/\/buscoequipomedico.com\/?product=digital-dopple-arterial-smartdop-50ex#breadcrumb\",\"itemListElement\":[{\"@type\":\"ListItem\",\"position\":1,\"name\":\"Productos\",\"item\":\"https:\/\/buscoequipomedico.com\/shop\/\"},{\"@type\":\"ListItem\",\"position\":2,\"name\":\"DIGITAL DOPPLE ARTERIAL SMARTDOP 50EX\"}]},{\"@type\":\"WebSite\",\"@id\":\"https:\/\/buscoequipomedico.com\/#website\",\"url\":\"https:\/\/buscoequipomedico.com\/\",\"name\":\"Tu mejor opci\u00f3n Equipo M\u00e9dico M\u00e9xico\",\"description\":\"Tienda de equipo m\u00e9dico\",\"publisher\":{\"@id\":\"https:\/\/buscoequipomedico.com\/#organization\"},\"potentialAction\":[{\"@type\":\"SearchAction\",\"target\":{\"@type\":\"EntryPoint\",\"urlTemplate\":\"https:\/\/buscoequipomedico.com\/?s={search_term_string}\"},\"query-input\":{\"@type\":\"PropertyValueSpecification\",\"valueRequired\":true,\"valueName\":\"search_term_string\"}}],\"inLanguage\":\"es\"},{\"@type\":\"Organization\",\"@id\":\"https:\/\/buscoequipomedico.com\/#organization\",\"name\":\"Tu mejor opci\u00f3n Equipo M\u00e9dico M\u00e9xico\",\"url\":\"https:\/\/buscoequipomedico.com\/\",\"logo\":{\"@type\":\"ImageObject\",\"inLanguage\":\"es\",\"@id\":\"https:\/\/buscoequipomedico.com\/#\/schema\/logo\/image\/\",\"url\":\"https:\/\/buscoequipomedico.com\/wp-content\/uploads\/2021\/07\/EMM-VPrincipal-scaled.jpg\",\"contentUrl\":\"https:\/\/buscoequipomedico.com\/wp-content\/uploads\/2021\/07\/EMM-VPrincipal-scaled.jpg\",\"width\":2560,\"height\":1058,\"caption\":\"Tu mejor opci\u00f3n Equipo M\u00e9dico M\u00e9xico\"},\"image\":{\"@id\":\"https:\/\/buscoequipomedico.com\/#\/schema\/logo\/image\/\"}}]}<\/script>\n<!-- \/ Yoast SEO plugin. -->","yoast_head_json":{"title":"DIGITAL DOPPLE ARTERIAL SMARTDOP 50EX - Tu mejor opci\u00f3n Equipo M\u00e9dico M\u00e9xico","robots":{"index":"index","follow":"follow","max-snippet":"max-snippet:-1","max-image-preview":"max-image-preview:large","max-video-preview":"max-video-preview:-1"},"canonical":"https:\/\/buscoequipomedico.com\/?product=digital-dopple-arterial-smartdop-50ex","og_locale":"es_ES","og_type":"article","og_title":"DIGITAL DOPPLE ARTERIAL SMARTDOP 50EX - Tu mejor opci\u00f3n Equipo M\u00e9dico M\u00e9xico","og_description":"El SmartDop-50-M utiliza la misma avanzada, todos los digitales, CW, bidireccional, por efecto Doppler que se utiliza en la SmartDop-20, pero las parejas con una FFT audio en tiempo real del analizador de espectro para los estudios del flujo sangu\u00edneo. Este peso ligero (4,5 libras) para el sistema mismo pletismogr\u00e1fico accesorios como el SmartDop-20.","og_url":"https:\/\/buscoequipomedico.com\/?product=digital-dopple-arterial-smartdop-50ex","og_site_name":"Tu mejor opci\u00f3n Equipo M\u00e9dico M\u00e9xico","article_modified_time":"2020-02-18T07:33:26+00:00","og_image":[{"width":800,"height":800,"url":"https:\/\/buscoequipomedico.com\/wp-content\/uploads\/2020\/02\/digital-dopple-arterial-smartdop-50ex-el-smartdop-50-m-utiliza-la-misma-avanzada-todos-los-digitales-cw-bidireccional-por-efecto.jpg","type":"image\/png"}],"twitter_card":"summary_large_image","twitter_misc":{"Tiempo de lectura":"1 minuto"},"schema":{"@context":"https:\/\/schema.org","@graph":[{"@type":"WebPage","@id":"https:\/\/buscoequipomedico.com\/?product=digital-dopple-arterial-smartdop-50ex","url":"https:\/\/buscoequipomedico.com\/?product=digital-dopple-arterial-smartdop-50ex","name":"DIGITAL DOPPLE ARTERIAL SMARTDOP 50EX - Tu mejor opci\u00f3n Equipo M\u00e9dico M\u00e9xico","isPartOf":{"@id":"https:\/\/buscoequipomedico.com\/#website"},"primaryImageOfPage":{"@id":"https:\/\/buscoequipomedico.com\/?product=digital-dopple-arterial-smartdop-50ex#primaryimage"},"image":{"@id":"https:\/\/buscoequipomedico.com\/?product=digital-dopple-arterial-smartdop-50ex#primaryimage"},"thumbnailUrl":"https:\/\/buscoequipomedico.com\/wp-content\/uploads\/2020\/02\/digital-dopple-arterial-smartdop-50ex-el-smartdop-50-m-utiliza-la-misma-avanzada-todos-los-digitales-cw-bidireccional-por-efecto.jpg","datePublished":"2020-02-18T07:33:21+00:00","dateModified":"2020-02-18T07:33:26+00:00","breadcrumb":{"@id":"https:\/\/buscoequipomedico.com\/?product=digital-dopple-arterial-smartdop-50ex#breadcrumb"},"inLanguage":"es","potentialAction":[{"@type":"ReadAction","target":["https:\/\/buscoequipomedico.com\/?product=digital-dopple-arterial-smartdop-50ex"]}]},{"@type":"ImageObject","inLanguage":"es","@id":"https:\/\/buscoequipomedico.com\/?product=digital-dopple-arterial-smartdop-50ex#primaryimage","url":"https:\/\/buscoequipomedico.com\/wp-content\/uploads\/2020\/02\/digital-dopple-arterial-smartdop-50ex-el-smartdop-50-m-utiliza-la-misma-avanzada-todos-los-digitales-cw-bidireccional-por-efecto.jpg","contentUrl":"https:\/\/buscoequipomedico.com\/wp-content\/uploads\/2020\/02\/digital-dopple-arterial-smartdop-50ex-el-smartdop-50-m-utiliza-la-misma-avanzada-todos-los-digitales-cw-bidireccional-por-efecto.jpg","width":800,"height":800},{"@type":"BreadcrumbList","@id":"https:\/\/buscoequipomedico.com\/?product=digital-dopple-arterial-smartdop-50ex#breadcrumb","itemListElement":[{"@type":"ListItem","position":1,"name":"Productos","item":"https:\/\/buscoequipomedico.com\/shop\/"},{"@type":"ListItem","position":2,"name":"DIGITAL DOPPLE ARTERIAL SMARTDOP 50EX"}]},{"@type":"WebSite","@id":"https:\/\/buscoequipomedico.com\/#website","url":"https:\/\/buscoequipomedico.com\/","name":"Tu mejor opci\u00f3n Equipo M\u00e9dico M\u00e9xico","description":"Tienda de equipo m\u00e9dico","publisher":{"@id":"https:\/\/buscoequipomedico.com\/#organization"},"potentialAction":[{"@type":"SearchAction","target":{"@type":"EntryPoint","urlTemplate":"https:\/\/buscoequipomedico.com\/?s={search_term_string}"},"query-input":{"@type":"PropertyValueSpecification","valueRequired":true,"valueName":"search_term_string"}}],"inLanguage":"es"},{"@type":"Organization","@id":"https:\/\/buscoequipomedico.com\/#organization","name":"Tu mejor opci\u00f3n Equipo M\u00e9dico M\u00e9xico","url":"https:\/\/buscoequipomedico.com\/","logo":{"@type":"ImageObject","inLanguage":"es","@id":"https:\/\/buscoequipomedico.com\/#\/schema\/logo\/image\/","url":"https:\/\/buscoequipomedico.com\/wp-content\/uploads\/2021\/07\/EMM-VPrincipal-scaled.jpg","contentUrl":"https:\/\/buscoequipomedico.com\/wp-content\/uploads\/2021\/07\/EMM-VPrincipal-scaled.jpg","width":2560,"height":1058,"caption":"Tu mejor opci\u00f3n Equipo M\u00e9dico M\u00e9xico"},"image":{"@id":"https:\/\/buscoequipomedico.com\/#\/schema\/logo\/image\/"}}]}},"_links":{"self":[{"href":"https:\/\/buscoequipomedico.com\/index.php?rest_route=\/wp\/v2\/product\/11650","targetHints":{"allow":["GET"]}}],"collection":[{"href":"https:\/\/buscoequipomedico.com\/index.php?rest_route=\/wp\/v2\/product"}],"about":[{"href":"https:\/\/buscoequipomedico.com\/index.php?rest_route=\/wp\/v2\/types\/product"}],"wp:featuredmedia":[{"embeddable":true,"href":"https:\/\/buscoequipomedico.com\/index.php?rest_route=\/wp\/v2\/media\/11651"}],"wp:attachment":[{"href":"https:\/\/buscoequipomedico.com\/index.php?rest_route=%2Fwp%2Fv2%2Fmedia&parent=11650"}],"wp:term":[{"taxonomy":"product_brand","embeddable":true,"href":"https:\/\/buscoequipomedico.com\/index.php?rest_route=%2Fwp%2Fv2%2Fproduct_brand&post=11650"},{"taxonomy":"product_cat","embeddable":true,"href":"https:\/\/buscoequipomedico.com\/index.php?rest_route=%2Fwp%2Fv2%2Fproduct_cat&post=11650"},{"taxonomy":"product_tag","embeddable":true,"href":"https:\/\/buscoequipomedico.com\/index.php?rest_route=%2Fwp%2Fv2%2Fproduct_tag&post=11650"}],"curies":[{"name":"wp","href":"https:\/\/api.w.org\/{rel}","templated":true}]}}