{"id":11652,"date":"2020-02-18T07:33:21","date_gmt":"2020-02-18T07:33:21","guid":{"rendered":"https:\/\/equipomedicomexico-com.preview-domain.com\/product\/electrocardiografo-de-12-canales-con-interpretacion\/"},"modified":"2020-02-18T07:33:26","modified_gmt":"2020-02-18T07:33:26","slug":"electrocardiografo-de-12-canales-con-interpretacion","status":"publish","type":"product","link":"https:\/\/buscoequipomedico.com\/?product=electrocardiografo-de-12-canales-con-interpretacion","title":{"rendered":"ELECTROCARDI\u00d3GRAFO DE 12 CANALES CON INTERPRETACI\u00d3N"},"content":{"rendered":"<p>\u25ca FUNCION DE FAX CON MODEM EXTERNO (MODEM OPCIONAL)<\/p>\n<p>\u25ca INTERFACE PC CON PUERTO RS \u2013 232 VIA LAN<\/p>\n<p>PARA TELECOMUNICACION (OPCIONAL)<\/p>\n<\/p>\n<p>MONITORIZAR TRAZO &#8212; A PANTALLA DE PC<\/p>\n<p>PANTALLA CRISTAL LIQUIDO PARA MANEJO &#8212; 2 X 16 CARACTERES<\/p>\n<p>PAPEL: PAPEL TERMICA DE ANCHO DE 210 mm O PAPEL FAX<\/p>\n<p>12 CANALES \/ 6 CANALES + 1 RITMO \/ 3 CANALES + 1 RITMO<\/p>\n<p>RITMO DE 60 SEGUNDOS<\/p>\n<p>CONTROL DE SE\u00d1AL: DETECCION DE DERIVACION SUELTA<\/p>\n<p>COMUNICACI\u00d3N : SOFTWARE COMPATIBLE CON INTERFACE DE PC RS-232 Y LAN (PC, LAN, MODEM NO INCLUIDO)<\/p>\n<p>ESTADO DE SISTEMA: SENSIBILIDAD, VELOCIDAD, FILTRO BASE, MUSCULO<\/p>\n<p>FRECUENCIA CARDIACA, FORMA, MENU, NUM. DE IDENTIFICACION DE PACIENTE<\/p>\n<p>VELOCIDAD DE PAPEL: 12.5 \/25 \/ 50 mm \/ SEGUNDO, MODO DE MONITOREO<\/p>\n<p>SENSIBILIDAD : 5 \/ 10 \/ 20 Y AUTOMATICO ( 10 , 5 ) Mv<\/p>\n<p>MODO DE COPIA<\/p>\n","protected":false},"excerpt":{"rendered":"<p>\u25ca REGISTRO DE 12 DERIVACIONES EN 10 SEGUNDOS CON INTERPRETACION<\/p>\n<p>RITMO \u2013 60 SEGUNDO<\/p>\n<p>\u25ca IMPRESI\u00d3N DE PAPEL AMPLIA (PAPEL TAMA\u00d1O A4 \u2013 210 mm, PAPEL DE FAX<\/p>\n<p>\u25ca PAPEL DE FAX &#8212; BAJA COSTO BASTANTE MARCA CUADRICULA EN PAPEL<\/p>\n<p>\u25ca SALIDA COMBINADA DE TODAS LAS CURVAS RELEVANTES, DATOS DEL PACIENTE,<\/p>\n<p>FECHA, HORA Y PROGRAMACIONES DEL INTRUMENTO<\/p><\/p>\n","protected":false},"featured_media":11653,"template":"","meta":{"_joinchat":[]},"product_brand":[],"product_cat":[225],"product_tag":[],"class_list":{"0":"post-11652","1":"product","2":"type-product","3":"status-publish","4":"has-post-thumbnail","6":"product_cat-electrocardiografos","7":"pa_marca-bionet","9":"first","10":"instock","11":"purchasable","12":"product-type-simple"},"yoast_head":"<!-- This site is optimized with the Yoast SEO plugin v25.1 - https:\/\/yoast.com\/wordpress\/plugins\/seo\/ -->\n<title>ELECTROCARDI\u00d3GRAFO DE 12 CANALES CON INTERPRETACI\u00d3N - Tu mejor opci\u00f3n Equipo M\u00e9dico M\u00e9xico<\/title>\n<meta name=\"robots\" content=\"index, follow, max-snippet:-1, max-image-preview:large, max-video-preview:-1\" \/>\n<link rel=\"canonical\" href=\"https:\/\/buscoequipomedico.com\/?product=electrocardiografo-de-12-canales-con-interpretacion\" \/>\n<meta property=\"og:locale\" content=\"es_ES\" \/>\n<meta property=\"og:type\" content=\"article\" \/>\n<meta property=\"og:title\" content=\"ELECTROCARDI\u00d3GRAFO DE 12 CANALES CON INTERPRETACI\u00d3N - Tu mejor opci\u00f3n Equipo M\u00e9dico M\u00e9xico\" \/>\n<meta property=\"og:description\" content=\"\u25ca REGISTRO DE 12 DERIVACIONES EN 10 SEGUNDOS CON INTERPRETACION RITMO \u2013 60 SEGUNDO \u25ca IMPRESI\u00d3N DE PAPEL AMPLIA (PAPEL TAMA\u00d1O A4 \u2013 210 mm, PAPEL DE FAX \u25ca PAPEL DE FAX -- BAJA COSTO BASTANTE MARCA CUADRICULA EN PAPEL \u25ca SALIDA COMBINADA DE TODAS LAS CURVAS RELEVANTES, DATOS DEL PACIENTE, FECHA, HORA Y PROGRAMACIONES DEL INTRUMENTO\" \/>\n<meta property=\"og:url\" content=\"https:\/\/buscoequipomedico.com\/?product=electrocardiografo-de-12-canales-con-interpretacion\" \/>\n<meta property=\"og:site_name\" content=\"Tu mejor opci\u00f3n Equipo M\u00e9dico M\u00e9xico\" \/>\n<meta property=\"article:modified_time\" content=\"2020-02-18T07:33:26+00:00\" \/>\n<meta property=\"og:image\" content=\"https:\/\/buscoequipomedico.com\/wp-content\/uploads\/2020\/02\/electrocardiografo-de-12-canales-con-interpretacion-registro-de-12-derivaciones-en-10-segundos-con-interpretacion-ritmo-60-segun.jpg\" \/>\n\t<meta property=\"og:image:width\" content=\"800\" \/>\n\t<meta property=\"og:image:height\" content=\"800\" \/>\n\t<meta property=\"og:image:type\" content=\"image\/png\" \/>\n<meta name=\"twitter:card\" content=\"summary_large_image\" \/>\n<meta name=\"twitter:label1\" content=\"Tiempo de lectura\" \/>\n\t<meta name=\"twitter:data1\" content=\"1 minuto\" \/>\n<script type=\"application\/ld+json\" class=\"yoast-schema-graph\">{\"@context\":\"https:\/\/schema.org\",\"@graph\":[{\"@type\":\"WebPage\",\"@id\":\"https:\/\/buscoequipomedico.com\/?product=electrocardiografo-de-12-canales-con-interpretacion\",\"url\":\"https:\/\/buscoequipomedico.com\/?product=electrocardiografo-de-12-canales-con-interpretacion\",\"name\":\"ELECTROCARDI\u00d3GRAFO DE 12 CANALES CON INTERPRETACI\u00d3N - Tu mejor opci\u00f3n Equipo M\u00e9dico M\u00e9xico\",\"isPartOf\":{\"@id\":\"https:\/\/buscoequipomedico.com\/#website\"},\"primaryImageOfPage\":{\"@id\":\"https:\/\/buscoequipomedico.com\/?product=electrocardiografo-de-12-canales-con-interpretacion#primaryimage\"},\"image\":{\"@id\":\"https:\/\/buscoequipomedico.com\/?product=electrocardiografo-de-12-canales-con-interpretacion#primaryimage\"},\"thumbnailUrl\":\"https:\/\/buscoequipomedico.com\/wp-content\/uploads\/2020\/02\/electrocardiografo-de-12-canales-con-interpretacion-registro-de-12-derivaciones-en-10-segundos-con-interpretacion-ritmo-60-segun.jpg\",\"datePublished\":\"2020-02-18T07:33:21+00:00\",\"dateModified\":\"2020-02-18T07:33:26+00:00\",\"breadcrumb\":{\"@id\":\"https:\/\/buscoequipomedico.com\/?product=electrocardiografo-de-12-canales-con-interpretacion#breadcrumb\"},\"inLanguage\":\"es\",\"potentialAction\":[{\"@type\":\"ReadAction\",\"target\":[\"https:\/\/buscoequipomedico.com\/?product=electrocardiografo-de-12-canales-con-interpretacion\"]}]},{\"@type\":\"ImageObject\",\"inLanguage\":\"es\",\"@id\":\"https:\/\/buscoequipomedico.com\/?product=electrocardiografo-de-12-canales-con-interpretacion#primaryimage\",\"url\":\"https:\/\/buscoequipomedico.com\/wp-content\/uploads\/2020\/02\/electrocardiografo-de-12-canales-con-interpretacion-registro-de-12-derivaciones-en-10-segundos-con-interpretacion-ritmo-60-segun.jpg\",\"contentUrl\":\"https:\/\/buscoequipomedico.com\/wp-content\/uploads\/2020\/02\/electrocardiografo-de-12-canales-con-interpretacion-registro-de-12-derivaciones-en-10-segundos-con-interpretacion-ritmo-60-segun.jpg\",\"width\":800,\"height\":800},{\"@type\":\"BreadcrumbList\",\"@id\":\"https:\/\/buscoequipomedico.com\/?product=electrocardiografo-de-12-canales-con-interpretacion#breadcrumb\",\"itemListElement\":[{\"@type\":\"ListItem\",\"position\":1,\"name\":\"Productos\",\"item\":\"https:\/\/buscoequipomedico.com\/shop\/\"},{\"@type\":\"ListItem\",\"position\":2,\"name\":\"ELECTROCARDI\u00d3GRAFO DE 12 CANALES CON INTERPRETACI\u00d3N\"}]},{\"@type\":\"WebSite\",\"@id\":\"https:\/\/buscoequipomedico.com\/#website\",\"url\":\"https:\/\/buscoequipomedico.com\/\",\"name\":\"Tu mejor opci\u00f3n Equipo M\u00e9dico M\u00e9xico\",\"description\":\"Tienda de equipo m\u00e9dico\",\"publisher\":{\"@id\":\"https:\/\/buscoequipomedico.com\/#organization\"},\"potentialAction\":[{\"@type\":\"SearchAction\",\"target\":{\"@type\":\"EntryPoint\",\"urlTemplate\":\"https:\/\/buscoequipomedico.com\/?s={search_term_string}\"},\"query-input\":{\"@type\":\"PropertyValueSpecification\",\"valueRequired\":true,\"valueName\":\"search_term_string\"}}],\"inLanguage\":\"es\"},{\"@type\":\"Organization\",\"@id\":\"https:\/\/buscoequipomedico.com\/#organization\",\"name\":\"Tu mejor opci\u00f3n Equipo M\u00e9dico M\u00e9xico\",\"url\":\"https:\/\/buscoequipomedico.com\/\",\"logo\":{\"@type\":\"ImageObject\",\"inLanguage\":\"es\",\"@id\":\"https:\/\/buscoequipomedico.com\/#\/schema\/logo\/image\/\",\"url\":\"https:\/\/buscoequipomedico.com\/wp-content\/uploads\/2021\/07\/EMM-VPrincipal-scaled.jpg\",\"contentUrl\":\"https:\/\/buscoequipomedico.com\/wp-content\/uploads\/2021\/07\/EMM-VPrincipal-scaled.jpg\",\"width\":2560,\"height\":1058,\"caption\":\"Tu mejor opci\u00f3n Equipo M\u00e9dico M\u00e9xico\"},\"image\":{\"@id\":\"https:\/\/buscoequipomedico.com\/#\/schema\/logo\/image\/\"}}]}<\/script>\n<!-- \/ Yoast SEO plugin. -->","yoast_head_json":{"title":"ELECTROCARDI\u00d3GRAFO DE 12 CANALES CON INTERPRETACI\u00d3N - Tu mejor opci\u00f3n Equipo M\u00e9dico M\u00e9xico","robots":{"index":"index","follow":"follow","max-snippet":"max-snippet:-1","max-image-preview":"max-image-preview:large","max-video-preview":"max-video-preview:-1"},"canonical":"https:\/\/buscoequipomedico.com\/?product=electrocardiografo-de-12-canales-con-interpretacion","og_locale":"es_ES","og_type":"article","og_title":"ELECTROCARDI\u00d3GRAFO DE 12 CANALES CON INTERPRETACI\u00d3N - Tu mejor opci\u00f3n Equipo M\u00e9dico M\u00e9xico","og_description":"\u25ca REGISTRO DE 12 DERIVACIONES EN 10 SEGUNDOS CON INTERPRETACION RITMO \u2013 60 SEGUNDO \u25ca IMPRESI\u00d3N DE PAPEL AMPLIA (PAPEL TAMA\u00d1O A4 \u2013 210 mm, PAPEL DE FAX \u25ca PAPEL DE FAX -- BAJA COSTO BASTANTE MARCA CUADRICULA EN PAPEL \u25ca SALIDA COMBINADA DE TODAS LAS CURVAS RELEVANTES, DATOS DEL PACIENTE, FECHA, HORA Y PROGRAMACIONES DEL INTRUMENTO","og_url":"https:\/\/buscoequipomedico.com\/?product=electrocardiografo-de-12-canales-con-interpretacion","og_site_name":"Tu mejor opci\u00f3n Equipo M\u00e9dico M\u00e9xico","article_modified_time":"2020-02-18T07:33:26+00:00","og_image":[{"width":800,"height":800,"url":"https:\/\/buscoequipomedico.com\/wp-content\/uploads\/2020\/02\/electrocardiografo-de-12-canales-con-interpretacion-registro-de-12-derivaciones-en-10-segundos-con-interpretacion-ritmo-60-segun.jpg","type":"image\/png"}],"twitter_card":"summary_large_image","twitter_misc":{"Tiempo de lectura":"1 minuto"},"schema":{"@context":"https:\/\/schema.org","@graph":[{"@type":"WebPage","@id":"https:\/\/buscoequipomedico.com\/?product=electrocardiografo-de-12-canales-con-interpretacion","url":"https:\/\/buscoequipomedico.com\/?product=electrocardiografo-de-12-canales-con-interpretacion","name":"ELECTROCARDI\u00d3GRAFO DE 12 CANALES CON INTERPRETACI\u00d3N - Tu mejor opci\u00f3n Equipo M\u00e9dico M\u00e9xico","isPartOf":{"@id":"https:\/\/buscoequipomedico.com\/#website"},"primaryImageOfPage":{"@id":"https:\/\/buscoequipomedico.com\/?product=electrocardiografo-de-12-canales-con-interpretacion#primaryimage"},"image":{"@id":"https:\/\/buscoequipomedico.com\/?product=electrocardiografo-de-12-canales-con-interpretacion#primaryimage"},"thumbnailUrl":"https:\/\/buscoequipomedico.com\/wp-content\/uploads\/2020\/02\/electrocardiografo-de-12-canales-con-interpretacion-registro-de-12-derivaciones-en-10-segundos-con-interpretacion-ritmo-60-segun.jpg","datePublished":"2020-02-18T07:33:21+00:00","dateModified":"2020-02-18T07:33:26+00:00","breadcrumb":{"@id":"https:\/\/buscoequipomedico.com\/?product=electrocardiografo-de-12-canales-con-interpretacion#breadcrumb"},"inLanguage":"es","potentialAction":[{"@type":"ReadAction","target":["https:\/\/buscoequipomedico.com\/?product=electrocardiografo-de-12-canales-con-interpretacion"]}]},{"@type":"ImageObject","inLanguage":"es","@id":"https:\/\/buscoequipomedico.com\/?product=electrocardiografo-de-12-canales-con-interpretacion#primaryimage","url":"https:\/\/buscoequipomedico.com\/wp-content\/uploads\/2020\/02\/electrocardiografo-de-12-canales-con-interpretacion-registro-de-12-derivaciones-en-10-segundos-con-interpretacion-ritmo-60-segun.jpg","contentUrl":"https:\/\/buscoequipomedico.com\/wp-content\/uploads\/2020\/02\/electrocardiografo-de-12-canales-con-interpretacion-registro-de-12-derivaciones-en-10-segundos-con-interpretacion-ritmo-60-segun.jpg","width":800,"height":800},{"@type":"BreadcrumbList","@id":"https:\/\/buscoequipomedico.com\/?product=electrocardiografo-de-12-canales-con-interpretacion#breadcrumb","itemListElement":[{"@type":"ListItem","position":1,"name":"Productos","item":"https:\/\/buscoequipomedico.com\/shop\/"},{"@type":"ListItem","position":2,"name":"ELECTROCARDI\u00d3GRAFO DE 12 CANALES CON INTERPRETACI\u00d3N"}]},{"@type":"WebSite","@id":"https:\/\/buscoequipomedico.com\/#website","url":"https:\/\/buscoequipomedico.com\/","name":"Tu mejor opci\u00f3n Equipo M\u00e9dico M\u00e9xico","description":"Tienda de equipo m\u00e9dico","publisher":{"@id":"https:\/\/buscoequipomedico.com\/#organization"},"potentialAction":[{"@type":"SearchAction","target":{"@type":"EntryPoint","urlTemplate":"https:\/\/buscoequipomedico.com\/?s={search_term_string}"},"query-input":{"@type":"PropertyValueSpecification","valueRequired":true,"valueName":"search_term_string"}}],"inLanguage":"es"},{"@type":"Organization","@id":"https:\/\/buscoequipomedico.com\/#organization","name":"Tu mejor opci\u00f3n Equipo M\u00e9dico M\u00e9xico","url":"https:\/\/buscoequipomedico.com\/","logo":{"@type":"ImageObject","inLanguage":"es","@id":"https:\/\/buscoequipomedico.com\/#\/schema\/logo\/image\/","url":"https:\/\/buscoequipomedico.com\/wp-content\/uploads\/2021\/07\/EMM-VPrincipal-scaled.jpg","contentUrl":"https:\/\/buscoequipomedico.com\/wp-content\/uploads\/2021\/07\/EMM-VPrincipal-scaled.jpg","width":2560,"height":1058,"caption":"Tu mejor opci\u00f3n Equipo M\u00e9dico M\u00e9xico"},"image":{"@id":"https:\/\/buscoequipomedico.com\/#\/schema\/logo\/image\/"}}]}},"_links":{"self":[{"href":"https:\/\/buscoequipomedico.com\/index.php?rest_route=\/wp\/v2\/product\/11652","targetHints":{"allow":["GET"]}}],"collection":[{"href":"https:\/\/buscoequipomedico.com\/index.php?rest_route=\/wp\/v2\/product"}],"about":[{"href":"https:\/\/buscoequipomedico.com\/index.php?rest_route=\/wp\/v2\/types\/product"}],"wp:featuredmedia":[{"embeddable":true,"href":"https:\/\/buscoequipomedico.com\/index.php?rest_route=\/wp\/v2\/media\/11653"}],"wp:attachment":[{"href":"https:\/\/buscoequipomedico.com\/index.php?rest_route=%2Fwp%2Fv2%2Fmedia&parent=11652"}],"wp:term":[{"taxonomy":"product_brand","embeddable":true,"href":"https:\/\/buscoequipomedico.com\/index.php?rest_route=%2Fwp%2Fv2%2Fproduct_brand&post=11652"},{"taxonomy":"product_cat","embeddable":true,"href":"https:\/\/buscoequipomedico.com\/index.php?rest_route=%2Fwp%2Fv2%2Fproduct_cat&post=11652"},{"taxonomy":"product_tag","embeddable":true,"href":"https:\/\/buscoequipomedico.com\/index.php?rest_route=%2Fwp%2Fv2%2Fproduct_tag&post=11652"}],"curies":[{"name":"wp","href":"https:\/\/api.w.org\/{rel}","templated":true}]}}