{"id":11662,"date":"2020-02-18T07:33:28","date_gmt":"2020-02-18T07:33:28","guid":{"rendered":"https:\/\/equipomedicomexico-com.preview-domain.com\/product\/electrocardiografo-de-3-canales\/"},"modified":"2020-02-18T07:33:28","modified_gmt":"2020-02-18T07:33:28","slug":"electrocardiografo-de-3-canales","status":"publish","type":"product","link":"https:\/\/buscoequipomedico.com\/?product=electrocardiografo-de-3-canales","title":{"rendered":"ELECTROCARDI\u00d3GRAFO DE 3 CANALES"},"content":{"rendered":"<p>\u2022 Selecci\u00f3n opcional de derivaci\u00f3n de Ritmo<\/p>\n<p>\u2022 Sistema de Calibraci\u00f3n de Impresi\u00f3n<\/p>\n<p>\u2022 Adquisici\u00f3n de 12 derivaciones simultaneas<\/p>\n<p>\u2022 Formas de onda de ECG Autom\u00e1ticas y par\u00e1metros de medici\u00f3n<\/p>\n<p>\u2022 LCD-HIGH RESOLUTION, 3 canales, hasta 12 trazos en pantalla<\/p>\n<p>\u2022 Estado de las derivaciones en pantalla<\/p>\n<p>\u2022 Adquisici\u00f3n de 12 canales simult\u00e1neos<\/p>\n<p>\u2022 Impresi\u00f3n; 3 modos: Autom\u00e1tico \/ Manual \/ Ritmo, 1\/2\/3 CANALES+RITMO<\/p>\n<p>\u2022 ANALISIS Y MEDICIONES AUTOMATICAS<\/p>\n<p>\u2022 Protecci\u00f3n contra desfibrilador y Detecci\u00f3n de Marcapasos<\/p>\n<p>\u2022 Filtros digitales EMG\/DFT\/LPF\/AC<\/p>\n<p>\u2022 Ajuste autom\u00e1tico de line base<\/p>\n<p>\u2022 Modo manual y autom\u00e1tico<\/p>\n<p>\u2022 Puerto USB para transferencia de datos a la PC<\/p>\n<p>\u2022 Bater\u00eda RECARGABLE integrada Li-Ion, Alimentaci\u00f3n AC\/DC.<\/p>\n<p>\u2022 Dimensiones: 32 x 28 x 65 mm Peso: 3.0 Kg (CON BATERIA)<\/p>\n<p>\u2022 Opcional:<\/p>\n<p>o PC software para manejo de datos<\/p>\n","protected":false},"excerpt":{"rendered":"<p>\u2022 Unidad Principal con Display 320&#215;240 TFT de un color 5\u201d<\/p>\n<p>\u2022 Impresora T\u00e9rmica de 80mm. (Papel de 80mm X 20m)<\/p>\n<p>\u2022 Memoria Interna de 150 estudios<\/p>\n<p>\u2022 Interpretaci\u00f3n<\/p>\n<p>\u2022 An\u00e1lisis con 122 Clases de Arritmias<\/p>\n","protected":false},"featured_media":11663,"template":"","meta":{"_joinchat":[]},"product_brand":[],"product_cat":[225],"product_tag":[],"class_list":{"0":"post-11662","1":"product","2":"type-product","3":"status-publish","4":"has-post-thumbnail","6":"product_cat-electrocardiografos","7":"pa_marca-comen","9":"first","10":"instock","11":"purchasable","12":"product-type-simple"},"yoast_head":"<!-- This site is optimized with the Yoast SEO plugin v25.1 - https:\/\/yoast.com\/wordpress\/plugins\/seo\/ -->\n<title>ELECTROCARDI\u00d3GRAFO DE 3 CANALES - Tu mejor opci\u00f3n Equipo M\u00e9dico M\u00e9xico<\/title>\n<meta name=\"robots\" content=\"index, follow, max-snippet:-1, max-image-preview:large, max-video-preview:-1\" \/>\n<link rel=\"canonical\" href=\"https:\/\/buscoequipomedico.com\/?product=electrocardiografo-de-3-canales\" \/>\n<meta property=\"og:locale\" content=\"es_ES\" \/>\n<meta property=\"og:type\" content=\"article\" \/>\n<meta property=\"og:title\" content=\"ELECTROCARDI\u00d3GRAFO DE 3 CANALES - Tu mejor opci\u00f3n Equipo M\u00e9dico M\u00e9xico\" \/>\n<meta property=\"og:description\" content=\"\u2022 Unidad Principal con Display 320x240 TFT de un color 5\u201d \u2022 Impresora T\u00e9rmica de 80mm. (Papel de 80mm X 20m) \u2022 Memoria Interna de 150 estudios \u2022 Interpretaci\u00f3n \u2022 An\u00e1lisis con 122 Clases de Arritmias\" \/>\n<meta property=\"og:url\" content=\"https:\/\/buscoequipomedico.com\/?product=electrocardiografo-de-3-canales\" \/>\n<meta property=\"og:site_name\" content=\"Tu mejor opci\u00f3n Equipo M\u00e9dico M\u00e9xico\" \/>\n<meta property=\"og:image\" content=\"https:\/\/buscoequipomedico.com\/wp-content\/uploads\/2020\/02\/electrocardiografo-de-3-canales-o-unidad-principal-con-display-320x240-tft-de-un-color-5-o-impresora-termica-de-80mm-papel-de-80.jpg\" \/>\n\t<meta property=\"og:image:width\" content=\"800\" \/>\n\t<meta property=\"og:image:height\" content=\"800\" \/>\n\t<meta property=\"og:image:type\" content=\"image\/png\" \/>\n<meta name=\"twitter:card\" content=\"summary_large_image\" \/>\n<meta name=\"twitter:label1\" content=\"Tiempo de lectura\" \/>\n\t<meta name=\"twitter:data1\" content=\"1 minuto\" \/>\n<script type=\"application\/ld+json\" class=\"yoast-schema-graph\">{\"@context\":\"https:\/\/schema.org\",\"@graph\":[{\"@type\":\"WebPage\",\"@id\":\"https:\/\/buscoequipomedico.com\/?product=electrocardiografo-de-3-canales\",\"url\":\"https:\/\/buscoequipomedico.com\/?product=electrocardiografo-de-3-canales\",\"name\":\"ELECTROCARDI\u00d3GRAFO DE 3 CANALES - Tu mejor opci\u00f3n Equipo M\u00e9dico M\u00e9xico\",\"isPartOf\":{\"@id\":\"https:\/\/buscoequipomedico.com\/#website\"},\"primaryImageOfPage\":{\"@id\":\"https:\/\/buscoequipomedico.com\/?product=electrocardiografo-de-3-canales#primaryimage\"},\"image\":{\"@id\":\"https:\/\/buscoequipomedico.com\/?product=electrocardiografo-de-3-canales#primaryimage\"},\"thumbnailUrl\":\"https:\/\/buscoequipomedico.com\/wp-content\/uploads\/2020\/02\/electrocardiografo-de-3-canales-o-unidad-principal-con-display-320x240-tft-de-un-color-5-o-impresora-termica-de-80mm-papel-de-80.jpg\",\"datePublished\":\"2020-02-18T07:33:28+00:00\",\"breadcrumb\":{\"@id\":\"https:\/\/buscoequipomedico.com\/?product=electrocardiografo-de-3-canales#breadcrumb\"},\"inLanguage\":\"es\",\"potentialAction\":[{\"@type\":\"ReadAction\",\"target\":[\"https:\/\/buscoequipomedico.com\/?product=electrocardiografo-de-3-canales\"]}]},{\"@type\":\"ImageObject\",\"inLanguage\":\"es\",\"@id\":\"https:\/\/buscoequipomedico.com\/?product=electrocardiografo-de-3-canales#primaryimage\",\"url\":\"https:\/\/buscoequipomedico.com\/wp-content\/uploads\/2020\/02\/electrocardiografo-de-3-canales-o-unidad-principal-con-display-320x240-tft-de-un-color-5-o-impresora-termica-de-80mm-papel-de-80.jpg\",\"contentUrl\":\"https:\/\/buscoequipomedico.com\/wp-content\/uploads\/2020\/02\/electrocardiografo-de-3-canales-o-unidad-principal-con-display-320x240-tft-de-un-color-5-o-impresora-termica-de-80mm-papel-de-80.jpg\",\"width\":800,\"height\":800},{\"@type\":\"BreadcrumbList\",\"@id\":\"https:\/\/buscoequipomedico.com\/?product=electrocardiografo-de-3-canales#breadcrumb\",\"itemListElement\":[{\"@type\":\"ListItem\",\"position\":1,\"name\":\"Productos\",\"item\":\"https:\/\/buscoequipomedico.com\/shop\/\"},{\"@type\":\"ListItem\",\"position\":2,\"name\":\"ELECTROCARDI\u00d3GRAFO DE 3 CANALES\"}]},{\"@type\":\"WebSite\",\"@id\":\"https:\/\/buscoequipomedico.com\/#website\",\"url\":\"https:\/\/buscoequipomedico.com\/\",\"name\":\"Tu mejor opci\u00f3n Equipo M\u00e9dico M\u00e9xico\",\"description\":\"Tienda de equipo m\u00e9dico\",\"publisher\":{\"@id\":\"https:\/\/buscoequipomedico.com\/#organization\"},\"potentialAction\":[{\"@type\":\"SearchAction\",\"target\":{\"@type\":\"EntryPoint\",\"urlTemplate\":\"https:\/\/buscoequipomedico.com\/?s={search_term_string}\"},\"query-input\":{\"@type\":\"PropertyValueSpecification\",\"valueRequired\":true,\"valueName\":\"search_term_string\"}}],\"inLanguage\":\"es\"},{\"@type\":\"Organization\",\"@id\":\"https:\/\/buscoequipomedico.com\/#organization\",\"name\":\"Tu mejor opci\u00f3n Equipo M\u00e9dico M\u00e9xico\",\"url\":\"https:\/\/buscoequipomedico.com\/\",\"logo\":{\"@type\":\"ImageObject\",\"inLanguage\":\"es\",\"@id\":\"https:\/\/buscoequipomedico.com\/#\/schema\/logo\/image\/\",\"url\":\"https:\/\/buscoequipomedico.com\/wp-content\/uploads\/2021\/07\/EMM-VPrincipal-scaled.jpg\",\"contentUrl\":\"https:\/\/buscoequipomedico.com\/wp-content\/uploads\/2021\/07\/EMM-VPrincipal-scaled.jpg\",\"width\":2560,\"height\":1058,\"caption\":\"Tu mejor opci\u00f3n Equipo M\u00e9dico M\u00e9xico\"},\"image\":{\"@id\":\"https:\/\/buscoequipomedico.com\/#\/schema\/logo\/image\/\"}}]}<\/script>\n<!-- \/ Yoast SEO plugin. -->","yoast_head_json":{"title":"ELECTROCARDI\u00d3GRAFO DE 3 CANALES - Tu mejor opci\u00f3n Equipo M\u00e9dico M\u00e9xico","robots":{"index":"index","follow":"follow","max-snippet":"max-snippet:-1","max-image-preview":"max-image-preview:large","max-video-preview":"max-video-preview:-1"},"canonical":"https:\/\/buscoequipomedico.com\/?product=electrocardiografo-de-3-canales","og_locale":"es_ES","og_type":"article","og_title":"ELECTROCARDI\u00d3GRAFO DE 3 CANALES - Tu mejor opci\u00f3n Equipo M\u00e9dico M\u00e9xico","og_description":"\u2022 Unidad Principal con Display 320x240 TFT de un color 5\u201d \u2022 Impresora T\u00e9rmica de 80mm. (Papel de 80mm X 20m) \u2022 Memoria Interna de 150 estudios \u2022 Interpretaci\u00f3n \u2022 An\u00e1lisis con 122 Clases de Arritmias","og_url":"https:\/\/buscoequipomedico.com\/?product=electrocardiografo-de-3-canales","og_site_name":"Tu mejor opci\u00f3n Equipo M\u00e9dico M\u00e9xico","og_image":[{"width":800,"height":800,"url":"https:\/\/buscoequipomedico.com\/wp-content\/uploads\/2020\/02\/electrocardiografo-de-3-canales-o-unidad-principal-con-display-320x240-tft-de-un-color-5-o-impresora-termica-de-80mm-papel-de-80.jpg","type":"image\/png"}],"twitter_card":"summary_large_image","twitter_misc":{"Tiempo de lectura":"1 minuto"},"schema":{"@context":"https:\/\/schema.org","@graph":[{"@type":"WebPage","@id":"https:\/\/buscoequipomedico.com\/?product=electrocardiografo-de-3-canales","url":"https:\/\/buscoequipomedico.com\/?product=electrocardiografo-de-3-canales","name":"ELECTROCARDI\u00d3GRAFO DE 3 CANALES - Tu mejor opci\u00f3n Equipo M\u00e9dico M\u00e9xico","isPartOf":{"@id":"https:\/\/buscoequipomedico.com\/#website"},"primaryImageOfPage":{"@id":"https:\/\/buscoequipomedico.com\/?product=electrocardiografo-de-3-canales#primaryimage"},"image":{"@id":"https:\/\/buscoequipomedico.com\/?product=electrocardiografo-de-3-canales#primaryimage"},"thumbnailUrl":"https:\/\/buscoequipomedico.com\/wp-content\/uploads\/2020\/02\/electrocardiografo-de-3-canales-o-unidad-principal-con-display-320x240-tft-de-un-color-5-o-impresora-termica-de-80mm-papel-de-80.jpg","datePublished":"2020-02-18T07:33:28+00:00","breadcrumb":{"@id":"https:\/\/buscoequipomedico.com\/?product=electrocardiografo-de-3-canales#breadcrumb"},"inLanguage":"es","potentialAction":[{"@type":"ReadAction","target":["https:\/\/buscoequipomedico.com\/?product=electrocardiografo-de-3-canales"]}]},{"@type":"ImageObject","inLanguage":"es","@id":"https:\/\/buscoequipomedico.com\/?product=electrocardiografo-de-3-canales#primaryimage","url":"https:\/\/buscoequipomedico.com\/wp-content\/uploads\/2020\/02\/electrocardiografo-de-3-canales-o-unidad-principal-con-display-320x240-tft-de-un-color-5-o-impresora-termica-de-80mm-papel-de-80.jpg","contentUrl":"https:\/\/buscoequipomedico.com\/wp-content\/uploads\/2020\/02\/electrocardiografo-de-3-canales-o-unidad-principal-con-display-320x240-tft-de-un-color-5-o-impresora-termica-de-80mm-papel-de-80.jpg","width":800,"height":800},{"@type":"BreadcrumbList","@id":"https:\/\/buscoequipomedico.com\/?product=electrocardiografo-de-3-canales#breadcrumb","itemListElement":[{"@type":"ListItem","position":1,"name":"Productos","item":"https:\/\/buscoequipomedico.com\/shop\/"},{"@type":"ListItem","position":2,"name":"ELECTROCARDI\u00d3GRAFO DE 3 CANALES"}]},{"@type":"WebSite","@id":"https:\/\/buscoequipomedico.com\/#website","url":"https:\/\/buscoequipomedico.com\/","name":"Tu mejor opci\u00f3n Equipo M\u00e9dico M\u00e9xico","description":"Tienda de equipo m\u00e9dico","publisher":{"@id":"https:\/\/buscoequipomedico.com\/#organization"},"potentialAction":[{"@type":"SearchAction","target":{"@type":"EntryPoint","urlTemplate":"https:\/\/buscoequipomedico.com\/?s={search_term_string}"},"query-input":{"@type":"PropertyValueSpecification","valueRequired":true,"valueName":"search_term_string"}}],"inLanguage":"es"},{"@type":"Organization","@id":"https:\/\/buscoequipomedico.com\/#organization","name":"Tu mejor opci\u00f3n Equipo M\u00e9dico M\u00e9xico","url":"https:\/\/buscoequipomedico.com\/","logo":{"@type":"ImageObject","inLanguage":"es","@id":"https:\/\/buscoequipomedico.com\/#\/schema\/logo\/image\/","url":"https:\/\/buscoequipomedico.com\/wp-content\/uploads\/2021\/07\/EMM-VPrincipal-scaled.jpg","contentUrl":"https:\/\/buscoequipomedico.com\/wp-content\/uploads\/2021\/07\/EMM-VPrincipal-scaled.jpg","width":2560,"height":1058,"caption":"Tu mejor opci\u00f3n Equipo M\u00e9dico M\u00e9xico"},"image":{"@id":"https:\/\/buscoequipomedico.com\/#\/schema\/logo\/image\/"}}]}},"_links":{"self":[{"href":"https:\/\/buscoequipomedico.com\/index.php?rest_route=\/wp\/v2\/product\/11662","targetHints":{"allow":["GET"]}}],"collection":[{"href":"https:\/\/buscoequipomedico.com\/index.php?rest_route=\/wp\/v2\/product"}],"about":[{"href":"https:\/\/buscoequipomedico.com\/index.php?rest_route=\/wp\/v2\/types\/product"}],"wp:featuredmedia":[{"embeddable":true,"href":"https:\/\/buscoequipomedico.com\/index.php?rest_route=\/wp\/v2\/media\/11663"}],"wp:attachment":[{"href":"https:\/\/buscoequipomedico.com\/index.php?rest_route=%2Fwp%2Fv2%2Fmedia&parent=11662"}],"wp:term":[{"taxonomy":"product_brand","embeddable":true,"href":"https:\/\/buscoequipomedico.com\/index.php?rest_route=%2Fwp%2Fv2%2Fproduct_brand&post=11662"},{"taxonomy":"product_cat","embeddable":true,"href":"https:\/\/buscoequipomedico.com\/index.php?rest_route=%2Fwp%2Fv2%2Fproduct_cat&post=11662"},{"taxonomy":"product_tag","embeddable":true,"href":"https:\/\/buscoequipomedico.com\/index.php?rest_route=%2Fwp%2Fv2%2Fproduct_tag&post=11662"}],"curies":[{"name":"wp","href":"https:\/\/api.w.org\/{rel}","templated":true}]}}