{"id":11670,"date":"2020-02-18T07:33:28","date_gmt":"2020-02-18T07:33:28","guid":{"rendered":"https:\/\/equipomedicomexico-com.preview-domain.com\/product\/electrocardiografo-6-canales-digital-con-impresora-con-pantalla\/"},"modified":"2020-02-18T07:33:29","modified_gmt":"2020-02-18T07:33:29","slug":"electrocardiografo-6-canales-digital-con-impresora-con-pantalla","status":"publish","type":"product","link":"https:\/\/buscoequipomedico.com\/?product=electrocardiografo-6-canales-digital-con-impresora-con-pantalla","title":{"rendered":"ELECTROCARDI\u00d3GRAFO 6 CANALES \/ DIGITAL \/ CON IMPRESORA \/ CON PANTALLA"},"content":{"rendered":"<p>&#x25aa; 6 CH ECG, TOUCH SCREEN CON ILUMINACI\u00d3N 115X86mm, Y TECLADO ALFANUMERICO EN PANTALLA<\/p>\n<p>&#x25aa; ANALIZADOR EN ESPA\u00d1OL, ANALISIS DE ARRITMIAS, HISTOGRAMA, TENDENCIAS<\/p>\n<p>&#x25aa; GRAFICAS, BATERIA RECARGABLE, TENDENDCIAS R\/R, PUERTO LAN PARA COMUNICACI\u00d3N. PROGRAM CADRIGE PC7403 PARA INTERPRETACION. NUEVO REPORTE DE ANALISIS (ECG, ARRITMIAS)<\/p>\n<p>&#x25aa; ANCHO DE PAPEL 11cm, IMPRESI\u00d3N 10 \/ 12.5 \/ 25 \/ 50 [mm\/seg.]: 3 \/ 6<\/p>\n<p>CANALES, 3 CANALES + RITMO<\/p>\n<p>&#x25aa; TAMA\u00d1O: 260X206X64mm PESO: 2.5 Kg.<\/p>\n<p>&#x25aa; PANTALLA 3\/6\/12 CANALES.<\/p>\n<p>&#x25aa; FX7202+PC7403: INTERPRETACION, ANALISIS DE ARRITMIAS, MEDICIONES<\/p>\n","protected":false},"excerpt":{"rendered":"<p>Electrocardi\u00f3grafo avanzado Pantalla t\u00e1ctil para un manejo f\u00e1cil Teclado alfanum\u00e9rico Visualizaci\u00f3n de ECG de 3\/6\/12 derivaciones Diversos formatos de grabaci\u00f3n 3\/6 canales en papel de 110 mm de ancho Programa de interpretaci\u00f3n opcional Memoria integrada para almacenamiento de ECG Puerto de comunicaci\u00f3n para almacenamiento externo Funcionamiento opcional con bater\u00eda para ofrecer portabilidad.\u00a0<\/p><\/p>\n","protected":false},"featured_media":11671,"template":"","meta":{"_joinchat":[]},"product_brand":[],"product_cat":[225],"product_tag":[],"class_list":{"0":"post-11670","1":"product","2":"type-product","3":"status-publish","4":"has-post-thumbnail","6":"product_cat-electrocardiografos","8":"first","9":"instock","10":"purchasable","11":"product-type-simple"},"yoast_head":"<!-- This site is optimized with the Yoast SEO plugin v25.1 - https:\/\/yoast.com\/wordpress\/plugins\/seo\/ -->\n<title>ELECTROCARDI\u00d3GRAFO 6 CANALES \/ DIGITAL \/ CON IMPRESORA \/ CON PANTALLA - Tu mejor opci\u00f3n Equipo M\u00e9dico M\u00e9xico<\/title>\n<meta name=\"robots\" content=\"index, follow, max-snippet:-1, max-image-preview:large, max-video-preview:-1\" \/>\n<link rel=\"canonical\" href=\"https:\/\/buscoequipomedico.com\/?product=electrocardiografo-6-canales-digital-con-impresora-con-pantalla\" \/>\n<meta property=\"og:locale\" content=\"es_ES\" \/>\n<meta property=\"og:type\" content=\"article\" \/>\n<meta property=\"og:title\" content=\"ELECTROCARDI\u00d3GRAFO 6 CANALES \/ DIGITAL \/ CON IMPRESORA \/ CON PANTALLA - Tu mejor opci\u00f3n Equipo M\u00e9dico M\u00e9xico\" \/>\n<meta property=\"og:description\" content=\"Electrocardi\u00f3grafo avanzado Pantalla t\u00e1ctil para un manejo f\u00e1cil Teclado alfanum\u00e9rico Visualizaci\u00f3n de ECG de 3\/6\/12 derivaciones Diversos formatos de grabaci\u00f3n 3\/6 canales en papel de 110 mm de ancho Programa de interpretaci\u00f3n opcional Memoria integrada para almacenamiento de ECG Puerto de comunicaci\u00f3n para almacenamiento externo Funcionamiento opcional con bater\u00eda para ofrecer portabilidad.\u00a0\" \/>\n<meta property=\"og:url\" content=\"https:\/\/buscoequipomedico.com\/?product=electrocardiografo-6-canales-digital-con-impresora-con-pantalla\" \/>\n<meta property=\"og:site_name\" content=\"Tu mejor opci\u00f3n Equipo M\u00e9dico M\u00e9xico\" \/>\n<meta property=\"article:modified_time\" content=\"2020-02-18T07:33:29+00:00\" \/>\n<meta property=\"og:image\" content=\"https:\/\/buscoequipomedico.com\/wp-content\/uploads\/2020\/02\/electrocardiografo-6-canales-digital-con-impresora-con-pantalla-electrocardiografo-avanzado-pantalla-tactil-para-un-manejo-facil.jpg\" \/>\n\t<meta property=\"og:image:width\" content=\"800\" \/>\n\t<meta property=\"og:image:height\" content=\"800\" \/>\n\t<meta property=\"og:image:type\" content=\"image\/png\" \/>\n<meta name=\"twitter:card\" content=\"summary_large_image\" \/>\n<script type=\"application\/ld+json\" class=\"yoast-schema-graph\">{\"@context\":\"https:\/\/schema.org\",\"@graph\":[{\"@type\":\"WebPage\",\"@id\":\"https:\/\/buscoequipomedico.com\/?product=electrocardiografo-6-canales-digital-con-impresora-con-pantalla\",\"url\":\"https:\/\/buscoequipomedico.com\/?product=electrocardiografo-6-canales-digital-con-impresora-con-pantalla\",\"name\":\"ELECTROCARDI\u00d3GRAFO 6 CANALES \/ DIGITAL \/ CON IMPRESORA \/ CON PANTALLA - Tu mejor opci\u00f3n Equipo M\u00e9dico M\u00e9xico\",\"isPartOf\":{\"@id\":\"https:\/\/buscoequipomedico.com\/#website\"},\"primaryImageOfPage\":{\"@id\":\"https:\/\/buscoequipomedico.com\/?product=electrocardiografo-6-canales-digital-con-impresora-con-pantalla#primaryimage\"},\"image\":{\"@id\":\"https:\/\/buscoequipomedico.com\/?product=electrocardiografo-6-canales-digital-con-impresora-con-pantalla#primaryimage\"},\"thumbnailUrl\":\"https:\/\/buscoequipomedico.com\/wp-content\/uploads\/2020\/02\/electrocardiografo-6-canales-digital-con-impresora-con-pantalla-electrocardiografo-avanzado-pantalla-tactil-para-un-manejo-facil.jpg\",\"datePublished\":\"2020-02-18T07:33:28+00:00\",\"dateModified\":\"2020-02-18T07:33:29+00:00\",\"breadcrumb\":{\"@id\":\"https:\/\/buscoequipomedico.com\/?product=electrocardiografo-6-canales-digital-con-impresora-con-pantalla#breadcrumb\"},\"inLanguage\":\"es\",\"potentialAction\":[{\"@type\":\"ReadAction\",\"target\":[\"https:\/\/buscoequipomedico.com\/?product=electrocardiografo-6-canales-digital-con-impresora-con-pantalla\"]}]},{\"@type\":\"ImageObject\",\"inLanguage\":\"es\",\"@id\":\"https:\/\/buscoequipomedico.com\/?product=electrocardiografo-6-canales-digital-con-impresora-con-pantalla#primaryimage\",\"url\":\"https:\/\/buscoequipomedico.com\/wp-content\/uploads\/2020\/02\/electrocardiografo-6-canales-digital-con-impresora-con-pantalla-electrocardiografo-avanzado-pantalla-tactil-para-un-manejo-facil.jpg\",\"contentUrl\":\"https:\/\/buscoequipomedico.com\/wp-content\/uploads\/2020\/02\/electrocardiografo-6-canales-digital-con-impresora-con-pantalla-electrocardiografo-avanzado-pantalla-tactil-para-un-manejo-facil.jpg\",\"width\":800,\"height\":800},{\"@type\":\"BreadcrumbList\",\"@id\":\"https:\/\/buscoequipomedico.com\/?product=electrocardiografo-6-canales-digital-con-impresora-con-pantalla#breadcrumb\",\"itemListElement\":[{\"@type\":\"ListItem\",\"position\":1,\"name\":\"Productos\",\"item\":\"https:\/\/buscoequipomedico.com\/shop\/\"},{\"@type\":\"ListItem\",\"position\":2,\"name\":\"ELECTROCARDI\u00d3GRAFO 6 CANALES \/ DIGITAL \/ CON IMPRESORA \/ CON PANTALLA\"}]},{\"@type\":\"WebSite\",\"@id\":\"https:\/\/buscoequipomedico.com\/#website\",\"url\":\"https:\/\/buscoequipomedico.com\/\",\"name\":\"Tu mejor opci\u00f3n Equipo M\u00e9dico M\u00e9xico\",\"description\":\"Tienda de equipo m\u00e9dico\",\"publisher\":{\"@id\":\"https:\/\/buscoequipomedico.com\/#organization\"},\"potentialAction\":[{\"@type\":\"SearchAction\",\"target\":{\"@type\":\"EntryPoint\",\"urlTemplate\":\"https:\/\/buscoequipomedico.com\/?s={search_term_string}\"},\"query-input\":{\"@type\":\"PropertyValueSpecification\",\"valueRequired\":true,\"valueName\":\"search_term_string\"}}],\"inLanguage\":\"es\"},{\"@type\":\"Organization\",\"@id\":\"https:\/\/buscoequipomedico.com\/#organization\",\"name\":\"Tu mejor opci\u00f3n Equipo M\u00e9dico M\u00e9xico\",\"url\":\"https:\/\/buscoequipomedico.com\/\",\"logo\":{\"@type\":\"ImageObject\",\"inLanguage\":\"es\",\"@id\":\"https:\/\/buscoequipomedico.com\/#\/schema\/logo\/image\/\",\"url\":\"https:\/\/buscoequipomedico.com\/wp-content\/uploads\/2021\/07\/EMM-VPrincipal-scaled.jpg\",\"contentUrl\":\"https:\/\/buscoequipomedico.com\/wp-content\/uploads\/2021\/07\/EMM-VPrincipal-scaled.jpg\",\"width\":2560,\"height\":1058,\"caption\":\"Tu mejor opci\u00f3n Equipo M\u00e9dico M\u00e9xico\"},\"image\":{\"@id\":\"https:\/\/buscoequipomedico.com\/#\/schema\/logo\/image\/\"}}]}<\/script>\n<!-- \/ Yoast SEO plugin. -->","yoast_head_json":{"title":"ELECTROCARDI\u00d3GRAFO 6 CANALES \/ DIGITAL \/ CON IMPRESORA \/ CON PANTALLA - Tu mejor opci\u00f3n Equipo M\u00e9dico M\u00e9xico","robots":{"index":"index","follow":"follow","max-snippet":"max-snippet:-1","max-image-preview":"max-image-preview:large","max-video-preview":"max-video-preview:-1"},"canonical":"https:\/\/buscoequipomedico.com\/?product=electrocardiografo-6-canales-digital-con-impresora-con-pantalla","og_locale":"es_ES","og_type":"article","og_title":"ELECTROCARDI\u00d3GRAFO 6 CANALES \/ DIGITAL \/ CON IMPRESORA \/ CON PANTALLA - Tu mejor opci\u00f3n Equipo M\u00e9dico M\u00e9xico","og_description":"Electrocardi\u00f3grafo avanzado Pantalla t\u00e1ctil para un manejo f\u00e1cil Teclado alfanum\u00e9rico Visualizaci\u00f3n de ECG de 3\/6\/12 derivaciones Diversos formatos de grabaci\u00f3n 3\/6 canales en papel de 110 mm de ancho Programa de interpretaci\u00f3n opcional Memoria integrada para almacenamiento de ECG Puerto de comunicaci\u00f3n para almacenamiento externo Funcionamiento opcional con bater\u00eda para ofrecer portabilidad.\u00a0","og_url":"https:\/\/buscoequipomedico.com\/?product=electrocardiografo-6-canales-digital-con-impresora-con-pantalla","og_site_name":"Tu mejor opci\u00f3n Equipo M\u00e9dico M\u00e9xico","article_modified_time":"2020-02-18T07:33:29+00:00","og_image":[{"width":800,"height":800,"url":"https:\/\/buscoequipomedico.com\/wp-content\/uploads\/2020\/02\/electrocardiografo-6-canales-digital-con-impresora-con-pantalla-electrocardiografo-avanzado-pantalla-tactil-para-un-manejo-facil.jpg","type":"image\/png"}],"twitter_card":"summary_large_image","schema":{"@context":"https:\/\/schema.org","@graph":[{"@type":"WebPage","@id":"https:\/\/buscoequipomedico.com\/?product=electrocardiografo-6-canales-digital-con-impresora-con-pantalla","url":"https:\/\/buscoequipomedico.com\/?product=electrocardiografo-6-canales-digital-con-impresora-con-pantalla","name":"ELECTROCARDI\u00d3GRAFO 6 CANALES \/ DIGITAL \/ CON IMPRESORA \/ CON PANTALLA - Tu mejor opci\u00f3n Equipo M\u00e9dico M\u00e9xico","isPartOf":{"@id":"https:\/\/buscoequipomedico.com\/#website"},"primaryImageOfPage":{"@id":"https:\/\/buscoequipomedico.com\/?product=electrocardiografo-6-canales-digital-con-impresora-con-pantalla#primaryimage"},"image":{"@id":"https:\/\/buscoequipomedico.com\/?product=electrocardiografo-6-canales-digital-con-impresora-con-pantalla#primaryimage"},"thumbnailUrl":"https:\/\/buscoequipomedico.com\/wp-content\/uploads\/2020\/02\/electrocardiografo-6-canales-digital-con-impresora-con-pantalla-electrocardiografo-avanzado-pantalla-tactil-para-un-manejo-facil.jpg","datePublished":"2020-02-18T07:33:28+00:00","dateModified":"2020-02-18T07:33:29+00:00","breadcrumb":{"@id":"https:\/\/buscoequipomedico.com\/?product=electrocardiografo-6-canales-digital-con-impresora-con-pantalla#breadcrumb"},"inLanguage":"es","potentialAction":[{"@type":"ReadAction","target":["https:\/\/buscoequipomedico.com\/?product=electrocardiografo-6-canales-digital-con-impresora-con-pantalla"]}]},{"@type":"ImageObject","inLanguage":"es","@id":"https:\/\/buscoequipomedico.com\/?product=electrocardiografo-6-canales-digital-con-impresora-con-pantalla#primaryimage","url":"https:\/\/buscoequipomedico.com\/wp-content\/uploads\/2020\/02\/electrocardiografo-6-canales-digital-con-impresora-con-pantalla-electrocardiografo-avanzado-pantalla-tactil-para-un-manejo-facil.jpg","contentUrl":"https:\/\/buscoequipomedico.com\/wp-content\/uploads\/2020\/02\/electrocardiografo-6-canales-digital-con-impresora-con-pantalla-electrocardiografo-avanzado-pantalla-tactil-para-un-manejo-facil.jpg","width":800,"height":800},{"@type":"BreadcrumbList","@id":"https:\/\/buscoequipomedico.com\/?product=electrocardiografo-6-canales-digital-con-impresora-con-pantalla#breadcrumb","itemListElement":[{"@type":"ListItem","position":1,"name":"Productos","item":"https:\/\/buscoequipomedico.com\/shop\/"},{"@type":"ListItem","position":2,"name":"ELECTROCARDI\u00d3GRAFO 6 CANALES \/ DIGITAL \/ CON IMPRESORA \/ CON PANTALLA"}]},{"@type":"WebSite","@id":"https:\/\/buscoequipomedico.com\/#website","url":"https:\/\/buscoequipomedico.com\/","name":"Tu mejor opci\u00f3n Equipo M\u00e9dico M\u00e9xico","description":"Tienda de equipo m\u00e9dico","publisher":{"@id":"https:\/\/buscoequipomedico.com\/#organization"},"potentialAction":[{"@type":"SearchAction","target":{"@type":"EntryPoint","urlTemplate":"https:\/\/buscoequipomedico.com\/?s={search_term_string}"},"query-input":{"@type":"PropertyValueSpecification","valueRequired":true,"valueName":"search_term_string"}}],"inLanguage":"es"},{"@type":"Organization","@id":"https:\/\/buscoequipomedico.com\/#organization","name":"Tu mejor opci\u00f3n Equipo M\u00e9dico M\u00e9xico","url":"https:\/\/buscoequipomedico.com\/","logo":{"@type":"ImageObject","inLanguage":"es","@id":"https:\/\/buscoequipomedico.com\/#\/schema\/logo\/image\/","url":"https:\/\/buscoequipomedico.com\/wp-content\/uploads\/2021\/07\/EMM-VPrincipal-scaled.jpg","contentUrl":"https:\/\/buscoequipomedico.com\/wp-content\/uploads\/2021\/07\/EMM-VPrincipal-scaled.jpg","width":2560,"height":1058,"caption":"Tu mejor opci\u00f3n Equipo M\u00e9dico M\u00e9xico"},"image":{"@id":"https:\/\/buscoequipomedico.com\/#\/schema\/logo\/image\/"}}]}},"_links":{"self":[{"href":"https:\/\/buscoequipomedico.com\/index.php?rest_route=\/wp\/v2\/product\/11670","targetHints":{"allow":["GET"]}}],"collection":[{"href":"https:\/\/buscoequipomedico.com\/index.php?rest_route=\/wp\/v2\/product"}],"about":[{"href":"https:\/\/buscoequipomedico.com\/index.php?rest_route=\/wp\/v2\/types\/product"}],"wp:featuredmedia":[{"embeddable":true,"href":"https:\/\/buscoequipomedico.com\/index.php?rest_route=\/wp\/v2\/media\/11671"}],"wp:attachment":[{"href":"https:\/\/buscoequipomedico.com\/index.php?rest_route=%2Fwp%2Fv2%2Fmedia&parent=11670"}],"wp:term":[{"taxonomy":"product_brand","embeddable":true,"href":"https:\/\/buscoequipomedico.com\/index.php?rest_route=%2Fwp%2Fv2%2Fproduct_brand&post=11670"},{"taxonomy":"product_cat","embeddable":true,"href":"https:\/\/buscoequipomedico.com\/index.php?rest_route=%2Fwp%2Fv2%2Fproduct_cat&post=11670"},{"taxonomy":"product_tag","embeddable":true,"href":"https:\/\/buscoequipomedico.com\/index.php?rest_route=%2Fwp%2Fv2%2Fproduct_tag&post=11670"}],"curies":[{"name":"wp","href":"https:\/\/api.w.org\/{rel}","templated":true}]}}