{"id":11686,"date":"2020-02-18T07:33:28","date_gmt":"2020-02-18T07:33:28","guid":{"rendered":"https:\/\/equipomedicomexico-com.preview-domain.com\/product\/electrocardiografo-cp150-con-electrodos-reusables-welch-allyn\/"},"modified":"2020-02-18T07:33:31","modified_gmt":"2020-02-18T07:33:31","slug":"electrocardiografo-cp150-con-electrodos-reusables-welch-allyn","status":"publish","type":"product","link":"https:\/\/buscoequipomedico.com\/?product=electrocardiografo-cp150-con-electrodos-reusables-welch-allyn","title":{"rendered":"ELECTROCARDIOGRAFO CP150 CON ELECTRODOS REUSABLES WELCH ALLYN"},"content":{"rendered":"<h1>ELECTROCARDI\u00d3GRAFO CP 150 DE WELCH ALLYN<\/h1>\n<\/p>\n<p>El CP150, un equipo de f\u00e1cil uso, ha sido desarrollado pensado para mejorar el flujo de trabajo de su centro sanitario.<\/p>\n<p>Pantalla t\u00e1ctil en color de 7\u00b4\u00b4 para facilitar la introducci\u00f3n r\u00e1pida de informaci\u00f3n precisa de pacientes<\/p>\n<p>La funci\u00f3n de encendido instant\u00e1neo enciende el equipo r\u00e1pidamente y permite realizar un ECG en cualquier momento<\/p>\n<p>Filtros avanzados para una \u00f3ptima calidad en el trazado de ECG que garantizan lecturas exactas<\/p>\n<p>Previsualizaci\u00f3n de tres (3) derivaciones en ECG<\/p>\n<p>Su funcionamiento con bater\u00eda recargable permite llevar el equipo f\u00e1cilmente hasta donde est\u00e9 el paciente<\/p>\n<p>Permite almacenar en el equipo hasta 100 resultados de pruebas o transferirlos a una memoria USB<\/p>\n<\/p>\n<p>Para realizar su pedido utilice la clave del producto SHDG4000M<\/p>\n<p>Nota: las caracter\u00edsticas pueden variar sin previo aviso. Las fotos son una muestra y pueden no coincidir con el producto.<\/p>\n<p>Este prod\u00facto es enviado a tr\u00e1ves de fedex.<\/p>\n<p><span>Peso total: 10.20<\/span><\/p>\n","protected":false},"excerpt":{"rendered":"<p><span>El CP150, un equipo de f\u00e1cil uso, ha sido desarrollado pensado para mejorar el flujo de trabajo de su centro sanitario.<\/span><\/p>\n","protected":false},"featured_media":11687,"template":"","meta":{"_joinchat":[]},"product_brand":[],"product_cat":[225],"product_tag":[],"class_list":{"0":"post-11686","1":"product","2":"type-product","3":"status-publish","4":"has-post-thumbnail","6":"product_cat-electrocardiografos","7":"pa_marca-welch-allyn","9":"first","10":"instock","11":"purchasable","12":"product-type-simple"},"yoast_head":"<!-- This site is optimized with the Yoast SEO plugin v25.1 - https:\/\/yoast.com\/wordpress\/plugins\/seo\/ -->\n<title>ELECTROCARDIOGRAFO CP150 CON ELECTRODOS REUSABLES WELCH ALLYN - Tu mejor opci\u00f3n Equipo M\u00e9dico M\u00e9xico<\/title>\n<meta name=\"robots\" content=\"index, follow, max-snippet:-1, max-image-preview:large, max-video-preview:-1\" \/>\n<link rel=\"canonical\" href=\"https:\/\/buscoequipomedico.com\/?product=electrocardiografo-cp150-con-electrodos-reusables-welch-allyn\" \/>\n<meta property=\"og:locale\" content=\"es_ES\" \/>\n<meta property=\"og:type\" content=\"article\" \/>\n<meta property=\"og:title\" content=\"ELECTROCARDIOGRAFO CP150 CON ELECTRODOS REUSABLES WELCH ALLYN - Tu mejor opci\u00f3n Equipo M\u00e9dico M\u00e9xico\" \/>\n<meta property=\"og:description\" content=\"El CP150, un equipo de f\u00e1cil uso, ha sido desarrollado pensado para mejorar el flujo de trabajo de su centro sanitario.\" \/>\n<meta property=\"og:url\" content=\"https:\/\/buscoequipomedico.com\/?product=electrocardiografo-cp150-con-electrodos-reusables-welch-allyn\" \/>\n<meta property=\"og:site_name\" content=\"Tu mejor opci\u00f3n Equipo M\u00e9dico M\u00e9xico\" \/>\n<meta property=\"article:modified_time\" content=\"2020-02-18T07:33:31+00:00\" \/>\n<meta property=\"og:image\" content=\"https:\/\/buscoequipomedico.com\/wp-content\/uploads\/2020\/02\/electrocardiografo-cp150-con-electrodos-reusables-welch-allyn-el-cp150-un-equipo-de-facil-uso-ha-sido-desarrollado-pensado-para.jpg\" \/>\n\t<meta property=\"og:image:width\" content=\"800\" \/>\n\t<meta property=\"og:image:height\" content=\"800\" \/>\n\t<meta property=\"og:image:type\" content=\"image\/jpeg\" \/>\n<meta name=\"twitter:card\" content=\"summary_large_image\" \/>\n<meta name=\"twitter:label1\" content=\"Tiempo de lectura\" \/>\n\t<meta name=\"twitter:data1\" content=\"1 minuto\" \/>\n<script type=\"application\/ld+json\" class=\"yoast-schema-graph\">{\"@context\":\"https:\/\/schema.org\",\"@graph\":[{\"@type\":\"WebPage\",\"@id\":\"https:\/\/buscoequipomedico.com\/?product=electrocardiografo-cp150-con-electrodos-reusables-welch-allyn\",\"url\":\"https:\/\/buscoequipomedico.com\/?product=electrocardiografo-cp150-con-electrodos-reusables-welch-allyn\",\"name\":\"ELECTROCARDIOGRAFO CP150 CON ELECTRODOS REUSABLES WELCH ALLYN - Tu mejor opci\u00f3n Equipo M\u00e9dico M\u00e9xico\",\"isPartOf\":{\"@id\":\"https:\/\/buscoequipomedico.com\/#website\"},\"primaryImageOfPage\":{\"@id\":\"https:\/\/buscoequipomedico.com\/?product=electrocardiografo-cp150-con-electrodos-reusables-welch-allyn#primaryimage\"},\"image\":{\"@id\":\"https:\/\/buscoequipomedico.com\/?product=electrocardiografo-cp150-con-electrodos-reusables-welch-allyn#primaryimage\"},\"thumbnailUrl\":\"https:\/\/buscoequipomedico.com\/wp-content\/uploads\/2020\/02\/electrocardiografo-cp150-con-electrodos-reusables-welch-allyn-el-cp150-un-equipo-de-facil-uso-ha-sido-desarrollado-pensado-para.jpg\",\"datePublished\":\"2020-02-18T07:33:28+00:00\",\"dateModified\":\"2020-02-18T07:33:31+00:00\",\"breadcrumb\":{\"@id\":\"https:\/\/buscoequipomedico.com\/?product=electrocardiografo-cp150-con-electrodos-reusables-welch-allyn#breadcrumb\"},\"inLanguage\":\"es\",\"potentialAction\":[{\"@type\":\"ReadAction\",\"target\":[\"https:\/\/buscoequipomedico.com\/?product=electrocardiografo-cp150-con-electrodos-reusables-welch-allyn\"]}]},{\"@type\":\"ImageObject\",\"inLanguage\":\"es\",\"@id\":\"https:\/\/buscoequipomedico.com\/?product=electrocardiografo-cp150-con-electrodos-reusables-welch-allyn#primaryimage\",\"url\":\"https:\/\/buscoequipomedico.com\/wp-content\/uploads\/2020\/02\/electrocardiografo-cp150-con-electrodos-reusables-welch-allyn-el-cp150-un-equipo-de-facil-uso-ha-sido-desarrollado-pensado-para.jpg\",\"contentUrl\":\"https:\/\/buscoequipomedico.com\/wp-content\/uploads\/2020\/02\/electrocardiografo-cp150-con-electrodos-reusables-welch-allyn-el-cp150-un-equipo-de-facil-uso-ha-sido-desarrollado-pensado-para.jpg\",\"width\":800,\"height\":800},{\"@type\":\"BreadcrumbList\",\"@id\":\"https:\/\/buscoequipomedico.com\/?product=electrocardiografo-cp150-con-electrodos-reusables-welch-allyn#breadcrumb\",\"itemListElement\":[{\"@type\":\"ListItem\",\"position\":1,\"name\":\"Productos\",\"item\":\"https:\/\/buscoequipomedico.com\/shop\/\"},{\"@type\":\"ListItem\",\"position\":2,\"name\":\"ELECTROCARDIOGRAFO CP150 CON ELECTRODOS REUSABLES WELCH ALLYN\"}]},{\"@type\":\"WebSite\",\"@id\":\"https:\/\/buscoequipomedico.com\/#website\",\"url\":\"https:\/\/buscoequipomedico.com\/\",\"name\":\"Tu mejor opci\u00f3n Equipo M\u00e9dico M\u00e9xico\",\"description\":\"Tienda de equipo m\u00e9dico\",\"publisher\":{\"@id\":\"https:\/\/buscoequipomedico.com\/#organization\"},\"potentialAction\":[{\"@type\":\"SearchAction\",\"target\":{\"@type\":\"EntryPoint\",\"urlTemplate\":\"https:\/\/buscoequipomedico.com\/?s={search_term_string}\"},\"query-input\":{\"@type\":\"PropertyValueSpecification\",\"valueRequired\":true,\"valueName\":\"search_term_string\"}}],\"inLanguage\":\"es\"},{\"@type\":\"Organization\",\"@id\":\"https:\/\/buscoequipomedico.com\/#organization\",\"name\":\"Tu mejor opci\u00f3n Equipo M\u00e9dico M\u00e9xico\",\"url\":\"https:\/\/buscoequipomedico.com\/\",\"logo\":{\"@type\":\"ImageObject\",\"inLanguage\":\"es\",\"@id\":\"https:\/\/buscoequipomedico.com\/#\/schema\/logo\/image\/\",\"url\":\"https:\/\/buscoequipomedico.com\/wp-content\/uploads\/2021\/07\/EMM-VPrincipal-scaled.jpg\",\"contentUrl\":\"https:\/\/buscoequipomedico.com\/wp-content\/uploads\/2021\/07\/EMM-VPrincipal-scaled.jpg\",\"width\":2560,\"height\":1058,\"caption\":\"Tu mejor opci\u00f3n Equipo M\u00e9dico M\u00e9xico\"},\"image\":{\"@id\":\"https:\/\/buscoequipomedico.com\/#\/schema\/logo\/image\/\"}}]}<\/script>\n<!-- \/ Yoast SEO plugin. -->","yoast_head_json":{"title":"ELECTROCARDIOGRAFO CP150 CON ELECTRODOS REUSABLES WELCH ALLYN - Tu mejor opci\u00f3n Equipo M\u00e9dico M\u00e9xico","robots":{"index":"index","follow":"follow","max-snippet":"max-snippet:-1","max-image-preview":"max-image-preview:large","max-video-preview":"max-video-preview:-1"},"canonical":"https:\/\/buscoequipomedico.com\/?product=electrocardiografo-cp150-con-electrodos-reusables-welch-allyn","og_locale":"es_ES","og_type":"article","og_title":"ELECTROCARDIOGRAFO CP150 CON ELECTRODOS REUSABLES WELCH ALLYN - Tu mejor opci\u00f3n Equipo M\u00e9dico M\u00e9xico","og_description":"El CP150, un equipo de f\u00e1cil uso, ha sido desarrollado pensado para mejorar el flujo de trabajo de su centro sanitario.","og_url":"https:\/\/buscoequipomedico.com\/?product=electrocardiografo-cp150-con-electrodos-reusables-welch-allyn","og_site_name":"Tu mejor opci\u00f3n Equipo M\u00e9dico M\u00e9xico","article_modified_time":"2020-02-18T07:33:31+00:00","og_image":[{"width":800,"height":800,"url":"https:\/\/buscoequipomedico.com\/wp-content\/uploads\/2020\/02\/electrocardiografo-cp150-con-electrodos-reusables-welch-allyn-el-cp150-un-equipo-de-facil-uso-ha-sido-desarrollado-pensado-para.jpg","type":"image\/jpeg"}],"twitter_card":"summary_large_image","twitter_misc":{"Tiempo de lectura":"1 minuto"},"schema":{"@context":"https:\/\/schema.org","@graph":[{"@type":"WebPage","@id":"https:\/\/buscoequipomedico.com\/?product=electrocardiografo-cp150-con-electrodos-reusables-welch-allyn","url":"https:\/\/buscoequipomedico.com\/?product=electrocardiografo-cp150-con-electrodos-reusables-welch-allyn","name":"ELECTROCARDIOGRAFO CP150 CON ELECTRODOS REUSABLES WELCH ALLYN - Tu mejor opci\u00f3n Equipo M\u00e9dico M\u00e9xico","isPartOf":{"@id":"https:\/\/buscoequipomedico.com\/#website"},"primaryImageOfPage":{"@id":"https:\/\/buscoequipomedico.com\/?product=electrocardiografo-cp150-con-electrodos-reusables-welch-allyn#primaryimage"},"image":{"@id":"https:\/\/buscoequipomedico.com\/?product=electrocardiografo-cp150-con-electrodos-reusables-welch-allyn#primaryimage"},"thumbnailUrl":"https:\/\/buscoequipomedico.com\/wp-content\/uploads\/2020\/02\/electrocardiografo-cp150-con-electrodos-reusables-welch-allyn-el-cp150-un-equipo-de-facil-uso-ha-sido-desarrollado-pensado-para.jpg","datePublished":"2020-02-18T07:33:28+00:00","dateModified":"2020-02-18T07:33:31+00:00","breadcrumb":{"@id":"https:\/\/buscoequipomedico.com\/?product=electrocardiografo-cp150-con-electrodos-reusables-welch-allyn#breadcrumb"},"inLanguage":"es","potentialAction":[{"@type":"ReadAction","target":["https:\/\/buscoequipomedico.com\/?product=electrocardiografo-cp150-con-electrodos-reusables-welch-allyn"]}]},{"@type":"ImageObject","inLanguage":"es","@id":"https:\/\/buscoequipomedico.com\/?product=electrocardiografo-cp150-con-electrodos-reusables-welch-allyn#primaryimage","url":"https:\/\/buscoequipomedico.com\/wp-content\/uploads\/2020\/02\/electrocardiografo-cp150-con-electrodos-reusables-welch-allyn-el-cp150-un-equipo-de-facil-uso-ha-sido-desarrollado-pensado-para.jpg","contentUrl":"https:\/\/buscoequipomedico.com\/wp-content\/uploads\/2020\/02\/electrocardiografo-cp150-con-electrodos-reusables-welch-allyn-el-cp150-un-equipo-de-facil-uso-ha-sido-desarrollado-pensado-para.jpg","width":800,"height":800},{"@type":"BreadcrumbList","@id":"https:\/\/buscoequipomedico.com\/?product=electrocardiografo-cp150-con-electrodos-reusables-welch-allyn#breadcrumb","itemListElement":[{"@type":"ListItem","position":1,"name":"Productos","item":"https:\/\/buscoequipomedico.com\/shop\/"},{"@type":"ListItem","position":2,"name":"ELECTROCARDIOGRAFO CP150 CON ELECTRODOS REUSABLES WELCH ALLYN"}]},{"@type":"WebSite","@id":"https:\/\/buscoequipomedico.com\/#website","url":"https:\/\/buscoequipomedico.com\/","name":"Tu mejor opci\u00f3n Equipo M\u00e9dico M\u00e9xico","description":"Tienda de equipo m\u00e9dico","publisher":{"@id":"https:\/\/buscoequipomedico.com\/#organization"},"potentialAction":[{"@type":"SearchAction","target":{"@type":"EntryPoint","urlTemplate":"https:\/\/buscoequipomedico.com\/?s={search_term_string}"},"query-input":{"@type":"PropertyValueSpecification","valueRequired":true,"valueName":"search_term_string"}}],"inLanguage":"es"},{"@type":"Organization","@id":"https:\/\/buscoequipomedico.com\/#organization","name":"Tu mejor opci\u00f3n Equipo M\u00e9dico M\u00e9xico","url":"https:\/\/buscoequipomedico.com\/","logo":{"@type":"ImageObject","inLanguage":"es","@id":"https:\/\/buscoequipomedico.com\/#\/schema\/logo\/image\/","url":"https:\/\/buscoequipomedico.com\/wp-content\/uploads\/2021\/07\/EMM-VPrincipal-scaled.jpg","contentUrl":"https:\/\/buscoequipomedico.com\/wp-content\/uploads\/2021\/07\/EMM-VPrincipal-scaled.jpg","width":2560,"height":1058,"caption":"Tu mejor opci\u00f3n Equipo M\u00e9dico M\u00e9xico"},"image":{"@id":"https:\/\/buscoequipomedico.com\/#\/schema\/logo\/image\/"}}]}},"_links":{"self":[{"href":"https:\/\/buscoequipomedico.com\/index.php?rest_route=\/wp\/v2\/product\/11686","targetHints":{"allow":["GET"]}}],"collection":[{"href":"https:\/\/buscoequipomedico.com\/index.php?rest_route=\/wp\/v2\/product"}],"about":[{"href":"https:\/\/buscoequipomedico.com\/index.php?rest_route=\/wp\/v2\/types\/product"}],"wp:featuredmedia":[{"embeddable":true,"href":"https:\/\/buscoequipomedico.com\/index.php?rest_route=\/wp\/v2\/media\/11687"}],"wp:attachment":[{"href":"https:\/\/buscoequipomedico.com\/index.php?rest_route=%2Fwp%2Fv2%2Fmedia&parent=11686"}],"wp:term":[{"taxonomy":"product_brand","embeddable":true,"href":"https:\/\/buscoequipomedico.com\/index.php?rest_route=%2Fwp%2Fv2%2Fproduct_brand&post=11686"},{"taxonomy":"product_cat","embeddable":true,"href":"https:\/\/buscoequipomedico.com\/index.php?rest_route=%2Fwp%2Fv2%2Fproduct_cat&post=11686"},{"taxonomy":"product_tag","embeddable":true,"href":"https:\/\/buscoequipomedico.com\/index.php?rest_route=%2Fwp%2Fv2%2Fproduct_tag&post=11686"}],"curies":[{"name":"wp","href":"https:\/\/api.w.org\/{rel}","templated":true}]}}