{"id":11694,"date":"2020-02-18T07:33:28","date_gmt":"2020-02-18T07:33:28","guid":{"rendered":"https:\/\/equipomedicomexico-com.preview-domain.com\/product\/electrocardiografo-ecg-100g-vet\/"},"modified":"2020-02-18T07:33:32","modified_gmt":"2020-02-18T07:33:32","slug":"electrocardiografo-ecg-100g-vet","status":"publish","type":"product","link":"https:\/\/buscoequipomedico.com\/?product=electrocardiografo-ecg-100g-vet","title":{"rendered":"Electrocardi\u00f3grafo ECG 100G VET"},"content":{"rendered":"<h1>Electrocardi\u00f3grafo ECG 300G VET<\/h1>\n<p>Pantalla LCD de color de 3,5 \u201cTFT muestra el estado de trabajo y la forma de onda de ECG Compruebe la forma de onda antes<br \/>Impresi\u00f3n para guardar el papel de registro.<br \/>12 derivaciones ECG adquisici\u00f3n simult\u00e1nea, procesador de se\u00f1al digital, para obtener formas de onda ECG de mayor calidad<br \/>A trav\u00e9s del filtro de CA, filtro de l\u00ednea de base y filtro EMG de las se\u00f1ales de ECG.<\/p>\n<p>La exhibici\u00f3n simult\u00e1nea de 3\/6\/12 conduce la forma de onda de ECG, y el estado del modo de impresi\u00f3n, sensibilidad, velocidad,<br \/>Filtro, etc., para facilitar la interpretaci\u00f3n.<\/p>\n<p>Incluye modos y formato de impresi\u00f3n multiformes, como auto 3 * 4 +1, auto 3 * 4, auto 2 * 6 +1, auto 2 * 6, auto<br \/>4 * 3, ritmo 4, ritmo 3, ritmo 2 y manual etc; La longitud de la impresi\u00f3n de onda puede ser ajustada y la<br \/>Funci\u00f3n de la impresi\u00f3n peri\u00f3dica se incluye para satisfacer diferentes aplicaciones.<\/p>\n<p>El instrumento tiene la funci\u00f3n del auto-an\u00e1lisis y de la auto-interpretaci\u00f3n regulares del par\u00e1metro de forma de onda de ECG,<\/p>\n<p>Proporciona par\u00e1metros de medici\u00f3n tales como HR, intervalo P-R, duraci\u00f3n P, duraci\u00f3n QRS, duraci\u00f3n T, intervalo Q-T,<br \/>Q-Tc, Eje P, Eje QRS, Eje T, R (V5), S (V1), R (V5) + S (V1) etc.<\/p>\n<p>Reduciendo la abundancia del doctor y mejorar la eficiencia de trabajo.<\/p>\n<p>La fuente de alimentaci\u00f3n incluye AC \/ DC. Este dispositivo incluye la bater\u00eda recargable incorporada del pol\u00edmero del litio. Puede esperar durante 10 horas, imprimir 260 piezas de forma de onda ECG e imprimir 180 minutos continuamente bajo el mejor estado DC para satisfacer la necesidad de visitar a los pacientes y el examen f\u00edsico.<\/p>\n<p>Tiene almacenamiento incorporado con gran capacidad, y puede la memoria de m\u00e1s de 1000 casos, que es f\u00e1cil para la revisi\u00f3n del m\u00e9dico y la estad\u00edstica.<br \/>Soporte chino, ingl\u00e9s, espa\u00f1ol, turco, polaco, italiano, franc\u00e9s, alem\u00e1n, portugu\u00e9s, Kazajst\u00e1n, interfaz de operaci\u00f3n ruso, puede imprimir los informes de dicho idioma de lo anterior.<\/p>\n<p>Especificaci\u00f3n t\u00e9cnica<\/p>\n<p>Tipo de seguridad: Clase I, Tipo CF pieza aplicada, que tiene una parte aplicada a prueba de desfibrilaci\u00f3n<br \/>Plomo: 12 pistas est\u00e1ndar<br \/>Modo de entrada: Protecci\u00f3n flotante y desfibrilaci\u00f3n<br \/>Corriente de fuga del paciente: &lt;10\u03bcA<br \/>Frecuencia de muestreo: 1000Hz<br \/>Conversi\u00f3n A \/ D: 12bit<br \/>Respuesta de frecuencia: 0.05Hz ~ 150Hz (-3dB ~ + 0.4dB)<br \/>Constante de tiempo: \u22653,2s<br \/>CMRR:&gt; 60dB,&gt; 100dB (con filtro de CA)<br \/>Tensi\u00f3n de polarizaci\u00f3n duradera: \u00b1 500mV<br \/>Nivel de ruido: \u2264 15\u03bcVp-p<br \/>Filtro de interferencia EMG: 25Hz \/ 35Hz (-3dB)<br \/>Filtro de la CA: 50Hz \/ 60Hz (\u226520dB)<br \/>Modo de grabaci\u00f3n: Sistema de impresi\u00f3n t\u00e9rmica (8spots \/ mm)<br \/>Papel de grabaci\u00f3n: 80mm (W) \u00d7 20m (L)<br \/>Sensibilidad: 2,5 mm \/ mV 5 mm \/ mV 10 mm \/ mV 20 mm \/ mV 40 mm \/ mV<br \/>Velocidad del papel:<br \/>Modo autom\u00e1tico: 25mm \/ s, 50mm \/ s<br \/>Modo manual: 5 mm \/ s, 6,25 mm \/ s, 10 mm \/ s, 12,5 mm \/ s, 25 mm \/ s, 50 mm \/ s<br \/>Fuente de alimentaci\u00f3n: AC: 100 \/ 240V, 50 \/ 60Hz<br \/>DC: 7.4V, bater\u00eda de litio recargable 3700 mAh<\/p>\n<p>Fusible Especificaci\u00f3n: 2 pcs \u03c65 \u00d7 20mm AC tiempo lag; T1.6AL250V<br \/>Tama\u00f1o: 315mm (L) x 215mm (W) x 77mm (H)<br \/>Peso Neto: 1.6Kg<\/p>\n","protected":false},"excerpt":{"rendered":"<p>Accesorios<\/p>\n<p>ECG lleva 1 juego<br \/>Abrazadera del electrodo de la extremidad 1 sistema<br \/>Electrodo de pecho 1 juego<br \/>Conexi\u00f3n el\u00e9ctrica 1 pieza<br \/>Cable de tierra 1 juego<br \/>Manual del usuario 1 set<\/p>\n","protected":false},"featured_media":11695,"template":"","meta":{"_joinchat":[]},"product_brand":[],"product_cat":[225],"product_tag":[],"class_list":{"0":"post-11694","1":"product","2":"type-product","3":"status-publish","4":"has-post-thumbnail","6":"product_cat-electrocardiografos","7":"pa_marca-xignal","9":"first","10":"instock","11":"purchasable","12":"product-type-simple"},"yoast_head":"<!-- This site is optimized with the Yoast SEO plugin v25.1 - https:\/\/yoast.com\/wordpress\/plugins\/seo\/ -->\n<title>Electrocardi\u00f3grafo ECG 100G VET - Tu mejor opci\u00f3n Equipo M\u00e9dico M\u00e9xico<\/title>\n<meta name=\"robots\" content=\"index, follow, max-snippet:-1, max-image-preview:large, max-video-preview:-1\" \/>\n<link rel=\"canonical\" href=\"https:\/\/buscoequipomedico.com\/?product=electrocardiografo-ecg-100g-vet\" \/>\n<meta property=\"og:locale\" content=\"es_ES\" \/>\n<meta property=\"og:type\" content=\"article\" \/>\n<meta property=\"og:title\" content=\"Electrocardi\u00f3grafo ECG 100G VET - Tu mejor opci\u00f3n Equipo M\u00e9dico M\u00e9xico\" \/>\n<meta property=\"og:description\" content=\"Accesorios ECG lleva 1 juegoAbrazadera del electrodo de la extremidad 1 sistemaElectrodo de pecho 1 juegoConexi\u00f3n el\u00e9ctrica 1 piezaCable de tierra 1 juegoManual del usuario 1 set\" \/>\n<meta property=\"og:url\" content=\"https:\/\/buscoequipomedico.com\/?product=electrocardiografo-ecg-100g-vet\" \/>\n<meta property=\"og:site_name\" content=\"Tu mejor opci\u00f3n Equipo M\u00e9dico M\u00e9xico\" \/>\n<meta property=\"article:modified_time\" content=\"2020-02-18T07:33:32+00:00\" \/>\n<meta property=\"og:image\" content=\"https:\/\/buscoequipomedico.com\/wp-content\/uploads\/2020\/02\/electrocardiografo-ecg-100g-vet-accesorios-ecg-lleva-1-juegoabrazadera-del-electrodo-de-la-extremidad-1-sistemaelectrodo-de-pech.jpg\" \/>\n\t<meta property=\"og:image:width\" content=\"800\" \/>\n\t<meta property=\"og:image:height\" content=\"800\" \/>\n\t<meta property=\"og:image:type\" content=\"image\/png\" \/>\n<meta name=\"twitter:card\" content=\"summary_large_image\" \/>\n<meta name=\"twitter:label1\" content=\"Tiempo de lectura\" \/>\n\t<meta name=\"twitter:data1\" content=\"3 minutos\" \/>\n<script type=\"application\/ld+json\" class=\"yoast-schema-graph\">{\"@context\":\"https:\/\/schema.org\",\"@graph\":[{\"@type\":\"WebPage\",\"@id\":\"https:\/\/buscoequipomedico.com\/?product=electrocardiografo-ecg-100g-vet\",\"url\":\"https:\/\/buscoequipomedico.com\/?product=electrocardiografo-ecg-100g-vet\",\"name\":\"Electrocardi\u00f3grafo ECG 100G VET - Tu mejor opci\u00f3n Equipo M\u00e9dico M\u00e9xico\",\"isPartOf\":{\"@id\":\"https:\/\/buscoequipomedico.com\/#website\"},\"primaryImageOfPage\":{\"@id\":\"https:\/\/buscoequipomedico.com\/?product=electrocardiografo-ecg-100g-vet#primaryimage\"},\"image\":{\"@id\":\"https:\/\/buscoequipomedico.com\/?product=electrocardiografo-ecg-100g-vet#primaryimage\"},\"thumbnailUrl\":\"https:\/\/buscoequipomedico.com\/wp-content\/uploads\/2020\/02\/electrocardiografo-ecg-100g-vet-accesorios-ecg-lleva-1-juegoabrazadera-del-electrodo-de-la-extremidad-1-sistemaelectrodo-de-pech.jpg\",\"datePublished\":\"2020-02-18T07:33:28+00:00\",\"dateModified\":\"2020-02-18T07:33:32+00:00\",\"breadcrumb\":{\"@id\":\"https:\/\/buscoequipomedico.com\/?product=electrocardiografo-ecg-100g-vet#breadcrumb\"},\"inLanguage\":\"es\",\"potentialAction\":[{\"@type\":\"ReadAction\",\"target\":[\"https:\/\/buscoequipomedico.com\/?product=electrocardiografo-ecg-100g-vet\"]}]},{\"@type\":\"ImageObject\",\"inLanguage\":\"es\",\"@id\":\"https:\/\/buscoequipomedico.com\/?product=electrocardiografo-ecg-100g-vet#primaryimage\",\"url\":\"https:\/\/buscoequipomedico.com\/wp-content\/uploads\/2020\/02\/electrocardiografo-ecg-100g-vet-accesorios-ecg-lleva-1-juegoabrazadera-del-electrodo-de-la-extremidad-1-sistemaelectrodo-de-pech.jpg\",\"contentUrl\":\"https:\/\/buscoequipomedico.com\/wp-content\/uploads\/2020\/02\/electrocardiografo-ecg-100g-vet-accesorios-ecg-lleva-1-juegoabrazadera-del-electrodo-de-la-extremidad-1-sistemaelectrodo-de-pech.jpg\",\"width\":800,\"height\":800},{\"@type\":\"BreadcrumbList\",\"@id\":\"https:\/\/buscoequipomedico.com\/?product=electrocardiografo-ecg-100g-vet#breadcrumb\",\"itemListElement\":[{\"@type\":\"ListItem\",\"position\":1,\"name\":\"Productos\",\"item\":\"https:\/\/buscoequipomedico.com\/shop\/\"},{\"@type\":\"ListItem\",\"position\":2,\"name\":\"Electrocardi\u00f3grafo ECG 100G VET\"}]},{\"@type\":\"WebSite\",\"@id\":\"https:\/\/buscoequipomedico.com\/#website\",\"url\":\"https:\/\/buscoequipomedico.com\/\",\"name\":\"Tu mejor opci\u00f3n Equipo M\u00e9dico M\u00e9xico\",\"description\":\"Tienda de equipo m\u00e9dico\",\"publisher\":{\"@id\":\"https:\/\/buscoequipomedico.com\/#organization\"},\"potentialAction\":[{\"@type\":\"SearchAction\",\"target\":{\"@type\":\"EntryPoint\",\"urlTemplate\":\"https:\/\/buscoequipomedico.com\/?s={search_term_string}\"},\"query-input\":{\"@type\":\"PropertyValueSpecification\",\"valueRequired\":true,\"valueName\":\"search_term_string\"}}],\"inLanguage\":\"es\"},{\"@type\":\"Organization\",\"@id\":\"https:\/\/buscoequipomedico.com\/#organization\",\"name\":\"Tu mejor opci\u00f3n Equipo M\u00e9dico M\u00e9xico\",\"url\":\"https:\/\/buscoequipomedico.com\/\",\"logo\":{\"@type\":\"ImageObject\",\"inLanguage\":\"es\",\"@id\":\"https:\/\/buscoequipomedico.com\/#\/schema\/logo\/image\/\",\"url\":\"https:\/\/buscoequipomedico.com\/wp-content\/uploads\/2021\/07\/EMM-VPrincipal-scaled.jpg\",\"contentUrl\":\"https:\/\/buscoequipomedico.com\/wp-content\/uploads\/2021\/07\/EMM-VPrincipal-scaled.jpg\",\"width\":2560,\"height\":1058,\"caption\":\"Tu mejor opci\u00f3n Equipo M\u00e9dico M\u00e9xico\"},\"image\":{\"@id\":\"https:\/\/buscoequipomedico.com\/#\/schema\/logo\/image\/\"}}]}<\/script>\n<!-- \/ Yoast SEO plugin. -->","yoast_head_json":{"title":"Electrocardi\u00f3grafo ECG 100G VET - Tu mejor opci\u00f3n Equipo M\u00e9dico M\u00e9xico","robots":{"index":"index","follow":"follow","max-snippet":"max-snippet:-1","max-image-preview":"max-image-preview:large","max-video-preview":"max-video-preview:-1"},"canonical":"https:\/\/buscoequipomedico.com\/?product=electrocardiografo-ecg-100g-vet","og_locale":"es_ES","og_type":"article","og_title":"Electrocardi\u00f3grafo ECG 100G VET - Tu mejor opci\u00f3n Equipo M\u00e9dico M\u00e9xico","og_description":"Accesorios ECG lleva 1 juegoAbrazadera del electrodo de la extremidad 1 sistemaElectrodo de pecho 1 juegoConexi\u00f3n el\u00e9ctrica 1 piezaCable de tierra 1 juegoManual del usuario 1 set","og_url":"https:\/\/buscoequipomedico.com\/?product=electrocardiografo-ecg-100g-vet","og_site_name":"Tu mejor opci\u00f3n Equipo M\u00e9dico M\u00e9xico","article_modified_time":"2020-02-18T07:33:32+00:00","og_image":[{"width":800,"height":800,"url":"https:\/\/buscoequipomedico.com\/wp-content\/uploads\/2020\/02\/electrocardiografo-ecg-100g-vet-accesorios-ecg-lleva-1-juegoabrazadera-del-electrodo-de-la-extremidad-1-sistemaelectrodo-de-pech.jpg","type":"image\/png"}],"twitter_card":"summary_large_image","twitter_misc":{"Tiempo de lectura":"3 minutos"},"schema":{"@context":"https:\/\/schema.org","@graph":[{"@type":"WebPage","@id":"https:\/\/buscoequipomedico.com\/?product=electrocardiografo-ecg-100g-vet","url":"https:\/\/buscoequipomedico.com\/?product=electrocardiografo-ecg-100g-vet","name":"Electrocardi\u00f3grafo ECG 100G VET - Tu mejor opci\u00f3n Equipo M\u00e9dico M\u00e9xico","isPartOf":{"@id":"https:\/\/buscoequipomedico.com\/#website"},"primaryImageOfPage":{"@id":"https:\/\/buscoequipomedico.com\/?product=electrocardiografo-ecg-100g-vet#primaryimage"},"image":{"@id":"https:\/\/buscoequipomedico.com\/?product=electrocardiografo-ecg-100g-vet#primaryimage"},"thumbnailUrl":"https:\/\/buscoequipomedico.com\/wp-content\/uploads\/2020\/02\/electrocardiografo-ecg-100g-vet-accesorios-ecg-lleva-1-juegoabrazadera-del-electrodo-de-la-extremidad-1-sistemaelectrodo-de-pech.jpg","datePublished":"2020-02-18T07:33:28+00:00","dateModified":"2020-02-18T07:33:32+00:00","breadcrumb":{"@id":"https:\/\/buscoequipomedico.com\/?product=electrocardiografo-ecg-100g-vet#breadcrumb"},"inLanguage":"es","potentialAction":[{"@type":"ReadAction","target":["https:\/\/buscoequipomedico.com\/?product=electrocardiografo-ecg-100g-vet"]}]},{"@type":"ImageObject","inLanguage":"es","@id":"https:\/\/buscoequipomedico.com\/?product=electrocardiografo-ecg-100g-vet#primaryimage","url":"https:\/\/buscoequipomedico.com\/wp-content\/uploads\/2020\/02\/electrocardiografo-ecg-100g-vet-accesorios-ecg-lleva-1-juegoabrazadera-del-electrodo-de-la-extremidad-1-sistemaelectrodo-de-pech.jpg","contentUrl":"https:\/\/buscoequipomedico.com\/wp-content\/uploads\/2020\/02\/electrocardiografo-ecg-100g-vet-accesorios-ecg-lleva-1-juegoabrazadera-del-electrodo-de-la-extremidad-1-sistemaelectrodo-de-pech.jpg","width":800,"height":800},{"@type":"BreadcrumbList","@id":"https:\/\/buscoequipomedico.com\/?product=electrocardiografo-ecg-100g-vet#breadcrumb","itemListElement":[{"@type":"ListItem","position":1,"name":"Productos","item":"https:\/\/buscoequipomedico.com\/shop\/"},{"@type":"ListItem","position":2,"name":"Electrocardi\u00f3grafo ECG 100G VET"}]},{"@type":"WebSite","@id":"https:\/\/buscoequipomedico.com\/#website","url":"https:\/\/buscoequipomedico.com\/","name":"Tu mejor opci\u00f3n Equipo M\u00e9dico M\u00e9xico","description":"Tienda de equipo m\u00e9dico","publisher":{"@id":"https:\/\/buscoequipomedico.com\/#organization"},"potentialAction":[{"@type":"SearchAction","target":{"@type":"EntryPoint","urlTemplate":"https:\/\/buscoequipomedico.com\/?s={search_term_string}"},"query-input":{"@type":"PropertyValueSpecification","valueRequired":true,"valueName":"search_term_string"}}],"inLanguage":"es"},{"@type":"Organization","@id":"https:\/\/buscoequipomedico.com\/#organization","name":"Tu mejor opci\u00f3n Equipo M\u00e9dico M\u00e9xico","url":"https:\/\/buscoequipomedico.com\/","logo":{"@type":"ImageObject","inLanguage":"es","@id":"https:\/\/buscoequipomedico.com\/#\/schema\/logo\/image\/","url":"https:\/\/buscoequipomedico.com\/wp-content\/uploads\/2021\/07\/EMM-VPrincipal-scaled.jpg","contentUrl":"https:\/\/buscoequipomedico.com\/wp-content\/uploads\/2021\/07\/EMM-VPrincipal-scaled.jpg","width":2560,"height":1058,"caption":"Tu mejor opci\u00f3n Equipo M\u00e9dico M\u00e9xico"},"image":{"@id":"https:\/\/buscoequipomedico.com\/#\/schema\/logo\/image\/"}}]}},"_links":{"self":[{"href":"https:\/\/buscoequipomedico.com\/index.php?rest_route=\/wp\/v2\/product\/11694","targetHints":{"allow":["GET"]}}],"collection":[{"href":"https:\/\/buscoequipomedico.com\/index.php?rest_route=\/wp\/v2\/product"}],"about":[{"href":"https:\/\/buscoequipomedico.com\/index.php?rest_route=\/wp\/v2\/types\/product"}],"wp:featuredmedia":[{"embeddable":true,"href":"https:\/\/buscoequipomedico.com\/index.php?rest_route=\/wp\/v2\/media\/11695"}],"wp:attachment":[{"href":"https:\/\/buscoequipomedico.com\/index.php?rest_route=%2Fwp%2Fv2%2Fmedia&parent=11694"}],"wp:term":[{"taxonomy":"product_brand","embeddable":true,"href":"https:\/\/buscoequipomedico.com\/index.php?rest_route=%2Fwp%2Fv2%2Fproduct_brand&post=11694"},{"taxonomy":"product_cat","embeddable":true,"href":"https:\/\/buscoequipomedico.com\/index.php?rest_route=%2Fwp%2Fv2%2Fproduct_cat&post=11694"},{"taxonomy":"product_tag","embeddable":true,"href":"https:\/\/buscoequipomedico.com\/index.php?rest_route=%2Fwp%2Fv2%2Fproduct_tag&post=11694"}],"curies":[{"name":"wp","href":"https:\/\/api.w.org\/{rel}","templated":true}]}}