{"id":11698,"date":"2020-02-18T07:33:28","date_gmt":"2020-02-18T07:33:28","guid":{"rendered":"https:\/\/equipomedicomexico-com.preview-domain.com\/product\/electrocardiografo-1-canal-2\/"},"modified":"2020-02-18T07:33:32","modified_gmt":"2020-02-18T07:33:32","slug":"electrocardiografo-1-canal-2","status":"publish","type":"product","link":"https:\/\/buscoequipomedico.com\/?product=electrocardiografo-1-canal-2","title":{"rendered":"ELECTROCARDIOGRAFO 1 CANAL"},"content":{"rendered":"<h2>Descripci\u00f3n<\/h2>\n<p><span>Caracter\u00edsticas principales<\/span><\/p>\n<p>\u25a0 Pantalla LCD TFT \u00a0que muestra el estado de trabajo y la forma de onda del ECG. Compruebe la forma de onda antes de la impresi\u00f3n para ahorrar papel.<\/p>\n<p>\u25a0 12 derivaciones ECG individual, cuenta con procesador de se\u00f1al digital, para obtener las formas de onda de ECG de mayor calidad a trav\u00e9s del filtro de CA, la l\u00ednea de base filtro y el filtro del EMG de las se\u00f1ales de ECG.<\/p>\n<p>\u25a0 Visualizaci\u00f3n individual de 12 canales de forma de onda de ECG, muestra el estado del modo de impresi\u00f3n, la sensibilidad, la velocidad, etc, para que sea f\u00e1cil para la interpretaci\u00f3n.<\/p>\n<p>\u25a0 Incluye modos de impresi\u00f3n multiformes y formato, tales como auto 3 * 4 +1, auto 3 * 4, auto 2 * 6 1, auto 2 * 6, auto 4 * 3, 4 ritmo, ritmo 3, ritmo 2, etc.<\/p>\n<p>La longitud de onda de la impresi\u00f3n puede ajustarse y la funci\u00f3n de impresi\u00f3n de peri\u00f3dicos se incluye para satisfacer diferentes aplicaciones.<\/p>\n<p>\u25a0 El instrumento tiene la funci\u00f3n de regular de auto-an\u00e1lisis y auto-interpretaci\u00f3n de los par\u00e1metros de forma de onda de ECG, proporciona par\u00e1metros de medici\u00f3n, tales como recursos humanos, intervalo PR, P Duraci\u00f3n, Duraci\u00f3n del QRS , T Duraci\u00f3n, intervalo QT, Q-Tc, P Eje, eje QRS, T Eje, R (V5), S (V1), R (V5) + S (V1), etc y conclusi\u00f3n de auto-interpretaci\u00f3n para ayudar a la reducci\u00f3n de la abundancia de su m\u00e9dico y mejorar la eficiencia de trabajo.<\/p>\n<p>\u25a0 La fuente de alimentaci\u00f3n incluye tanto de CA \/ CC. Este dispositivo incluye bater\u00eda recargable de pol\u00edmero de litio incorporada. Se puede utilizar durante 10 horas continuas, imprimir 260 piezas de forma de onda de ECG e imprimir 180 minutos continuamente en el mejor estado de CC para satisfacer la necesidad de los pacientes que visitan y el examen f\u00edsico.<\/p>\n<p>\u25a0 Cuenta con almacenamiento de gran capacidad, y puede memorizar m\u00e1s de 1.000 casos, lo que es f\u00e1cil para el examen m\u00e9dico y la estad\u00edstica.<\/p>\n<p>\u25a0 Apoyo Chino, Ingl\u00e9s, espa\u00f1ol, turco, polaco, italiano, franc\u00e9s, alem\u00e1n, portugu\u00e9s, Kazajst\u00e1n, interfaz de operaci\u00f3n rusa, puede imprimir los informes del lenguaje de los anteriores<\/p>\n","protected":false},"excerpt":{"rendered":"<p>El ECG 80A-n es un tipo de electrocardi\u00f3grafo de 1 canal que muestra 12 se\u00f1ales de ECG de forma individual e imprime las formas de onda de ECG con un sistema de impresi\u00f3n t\u00e9rmica.<\/p>\n<p>Cuenta con opci\u00f3n de idioma en espa\u00f1ol.<\/p>\n<p>Sus funciones son las siguientes: la grabaci\u00f3n y la visualizaci\u00f3n de formas de onda de ECG en el modo auto \/ manual; Auto-medici\u00f3n y auto-diagn\u00f3stico de los par\u00e1metros de onda de ECG<\/p>\n","protected":false},"featured_media":11699,"template":"","meta":{"_joinchat":[]},"product_brand":[],"product_cat":[225],"product_tag":[],"class_list":{"0":"post-11698","1":"product","2":"type-product","3":"status-publish","4":"has-post-thumbnail","6":"product_cat-electrocardiografos","7":"pa_marca-contec","9":"first","10":"instock","11":"purchasable","12":"product-type-simple"},"yoast_head":"<!-- This site is optimized with the Yoast SEO plugin v25.1 - https:\/\/yoast.com\/wordpress\/plugins\/seo\/ -->\n<title>ELECTROCARDIOGRAFO 1 CANAL - Tu mejor opci\u00f3n Equipo M\u00e9dico M\u00e9xico<\/title>\n<meta name=\"robots\" content=\"index, follow, max-snippet:-1, max-image-preview:large, max-video-preview:-1\" \/>\n<link rel=\"canonical\" href=\"https:\/\/buscoequipomedico.com\/?product=electrocardiografo-1-canal-2\" \/>\n<meta property=\"og:locale\" content=\"es_ES\" \/>\n<meta property=\"og:type\" content=\"article\" \/>\n<meta property=\"og:title\" content=\"ELECTROCARDIOGRAFO 1 CANAL - Tu mejor opci\u00f3n Equipo M\u00e9dico M\u00e9xico\" \/>\n<meta property=\"og:description\" content=\"El ECG 80A-n es un tipo de electrocardi\u00f3grafo de 1 canal que muestra 12 se\u00f1ales de ECG de forma individual e imprime las formas de onda de ECG con un sistema de impresi\u00f3n t\u00e9rmica. Cuenta con opci\u00f3n de idioma en espa\u00f1ol. Sus funciones son las siguientes: la grabaci\u00f3n y la visualizaci\u00f3n de formas de onda de ECG en el modo auto \/ manual; Auto-medici\u00f3n y auto-diagn\u00f3stico de los par\u00e1metros de onda de ECG\" \/>\n<meta property=\"og:url\" content=\"https:\/\/buscoequipomedico.com\/?product=electrocardiografo-1-canal-2\" \/>\n<meta property=\"og:site_name\" content=\"Tu mejor opci\u00f3n Equipo M\u00e9dico M\u00e9xico\" \/>\n<meta property=\"article:modified_time\" content=\"2020-02-18T07:33:32+00:00\" \/>\n<meta property=\"og:image\" content=\"https:\/\/buscoequipomedico.com\/wp-content\/uploads\/2020\/02\/electrocardiografo-1-canal-el-ecg-80a-n-es-un-tipo-de-electrocardiografo-de-1-canal-que-muestra-12-senales-de-ecg-de-forma-indiv.jpg\" \/>\n\t<meta property=\"og:image:width\" content=\"800\" \/>\n\t<meta property=\"og:image:height\" content=\"800\" \/>\n\t<meta property=\"og:image:type\" content=\"image\/png\" \/>\n<meta name=\"twitter:card\" content=\"summary_large_image\" \/>\n<meta name=\"twitter:label1\" content=\"Tiempo de lectura\" \/>\n\t<meta name=\"twitter:data1\" content=\"2 minutos\" \/>\n<script type=\"application\/ld+json\" class=\"yoast-schema-graph\">{\"@context\":\"https:\/\/schema.org\",\"@graph\":[{\"@type\":\"WebPage\",\"@id\":\"https:\/\/buscoequipomedico.com\/?product=electrocardiografo-1-canal-2\",\"url\":\"https:\/\/buscoequipomedico.com\/?product=electrocardiografo-1-canal-2\",\"name\":\"ELECTROCARDIOGRAFO 1 CANAL - Tu mejor opci\u00f3n Equipo M\u00e9dico M\u00e9xico\",\"isPartOf\":{\"@id\":\"https:\/\/buscoequipomedico.com\/#website\"},\"primaryImageOfPage\":{\"@id\":\"https:\/\/buscoequipomedico.com\/?product=electrocardiografo-1-canal-2#primaryimage\"},\"image\":{\"@id\":\"https:\/\/buscoequipomedico.com\/?product=electrocardiografo-1-canal-2#primaryimage\"},\"thumbnailUrl\":\"https:\/\/buscoequipomedico.com\/wp-content\/uploads\/2020\/02\/electrocardiografo-1-canal-el-ecg-80a-n-es-un-tipo-de-electrocardiografo-de-1-canal-que-muestra-12-senales-de-ecg-de-forma-indiv.jpg\",\"datePublished\":\"2020-02-18T07:33:28+00:00\",\"dateModified\":\"2020-02-18T07:33:32+00:00\",\"breadcrumb\":{\"@id\":\"https:\/\/buscoequipomedico.com\/?product=electrocardiografo-1-canal-2#breadcrumb\"},\"inLanguage\":\"es\",\"potentialAction\":[{\"@type\":\"ReadAction\",\"target\":[\"https:\/\/buscoequipomedico.com\/?product=electrocardiografo-1-canal-2\"]}]},{\"@type\":\"ImageObject\",\"inLanguage\":\"es\",\"@id\":\"https:\/\/buscoequipomedico.com\/?product=electrocardiografo-1-canal-2#primaryimage\",\"url\":\"https:\/\/buscoequipomedico.com\/wp-content\/uploads\/2020\/02\/electrocardiografo-1-canal-el-ecg-80a-n-es-un-tipo-de-electrocardiografo-de-1-canal-que-muestra-12-senales-de-ecg-de-forma-indiv.jpg\",\"contentUrl\":\"https:\/\/buscoequipomedico.com\/wp-content\/uploads\/2020\/02\/electrocardiografo-1-canal-el-ecg-80a-n-es-un-tipo-de-electrocardiografo-de-1-canal-que-muestra-12-senales-de-ecg-de-forma-indiv.jpg\",\"width\":800,\"height\":800},{\"@type\":\"BreadcrumbList\",\"@id\":\"https:\/\/buscoequipomedico.com\/?product=electrocardiografo-1-canal-2#breadcrumb\",\"itemListElement\":[{\"@type\":\"ListItem\",\"position\":1,\"name\":\"Productos\",\"item\":\"https:\/\/buscoequipomedico.com\/shop\/\"},{\"@type\":\"ListItem\",\"position\":2,\"name\":\"ELECTROCARDIOGRAFO 1 CANAL\"}]},{\"@type\":\"WebSite\",\"@id\":\"https:\/\/buscoequipomedico.com\/#website\",\"url\":\"https:\/\/buscoequipomedico.com\/\",\"name\":\"Tu mejor opci\u00f3n Equipo M\u00e9dico M\u00e9xico\",\"description\":\"Tienda de equipo m\u00e9dico\",\"publisher\":{\"@id\":\"https:\/\/buscoequipomedico.com\/#organization\"},\"potentialAction\":[{\"@type\":\"SearchAction\",\"target\":{\"@type\":\"EntryPoint\",\"urlTemplate\":\"https:\/\/buscoequipomedico.com\/?s={search_term_string}\"},\"query-input\":{\"@type\":\"PropertyValueSpecification\",\"valueRequired\":true,\"valueName\":\"search_term_string\"}}],\"inLanguage\":\"es\"},{\"@type\":\"Organization\",\"@id\":\"https:\/\/buscoequipomedico.com\/#organization\",\"name\":\"Tu mejor opci\u00f3n Equipo M\u00e9dico M\u00e9xico\",\"url\":\"https:\/\/buscoequipomedico.com\/\",\"logo\":{\"@type\":\"ImageObject\",\"inLanguage\":\"es\",\"@id\":\"https:\/\/buscoequipomedico.com\/#\/schema\/logo\/image\/\",\"url\":\"https:\/\/buscoequipomedico.com\/wp-content\/uploads\/2021\/07\/EMM-VPrincipal-scaled.jpg\",\"contentUrl\":\"https:\/\/buscoequipomedico.com\/wp-content\/uploads\/2021\/07\/EMM-VPrincipal-scaled.jpg\",\"width\":2560,\"height\":1058,\"caption\":\"Tu mejor opci\u00f3n Equipo M\u00e9dico M\u00e9xico\"},\"image\":{\"@id\":\"https:\/\/buscoequipomedico.com\/#\/schema\/logo\/image\/\"}}]}<\/script>\n<!-- \/ Yoast SEO plugin. -->","yoast_head_json":{"title":"ELECTROCARDIOGRAFO 1 CANAL - Tu mejor opci\u00f3n Equipo M\u00e9dico M\u00e9xico","robots":{"index":"index","follow":"follow","max-snippet":"max-snippet:-1","max-image-preview":"max-image-preview:large","max-video-preview":"max-video-preview:-1"},"canonical":"https:\/\/buscoequipomedico.com\/?product=electrocardiografo-1-canal-2","og_locale":"es_ES","og_type":"article","og_title":"ELECTROCARDIOGRAFO 1 CANAL - Tu mejor opci\u00f3n Equipo M\u00e9dico M\u00e9xico","og_description":"El ECG 80A-n es un tipo de electrocardi\u00f3grafo de 1 canal que muestra 12 se\u00f1ales de ECG de forma individual e imprime las formas de onda de ECG con un sistema de impresi\u00f3n t\u00e9rmica. Cuenta con opci\u00f3n de idioma en espa\u00f1ol. Sus funciones son las siguientes: la grabaci\u00f3n y la visualizaci\u00f3n de formas de onda de ECG en el modo auto \/ manual; Auto-medici\u00f3n y auto-diagn\u00f3stico de los par\u00e1metros de onda de ECG","og_url":"https:\/\/buscoequipomedico.com\/?product=electrocardiografo-1-canal-2","og_site_name":"Tu mejor opci\u00f3n Equipo M\u00e9dico M\u00e9xico","article_modified_time":"2020-02-18T07:33:32+00:00","og_image":[{"width":800,"height":800,"url":"https:\/\/buscoequipomedico.com\/wp-content\/uploads\/2020\/02\/electrocardiografo-1-canal-el-ecg-80a-n-es-un-tipo-de-electrocardiografo-de-1-canal-que-muestra-12-senales-de-ecg-de-forma-indiv.jpg","type":"image\/png"}],"twitter_card":"summary_large_image","twitter_misc":{"Tiempo de lectura":"2 minutos"},"schema":{"@context":"https:\/\/schema.org","@graph":[{"@type":"WebPage","@id":"https:\/\/buscoequipomedico.com\/?product=electrocardiografo-1-canal-2","url":"https:\/\/buscoequipomedico.com\/?product=electrocardiografo-1-canal-2","name":"ELECTROCARDIOGRAFO 1 CANAL - Tu mejor opci\u00f3n Equipo M\u00e9dico M\u00e9xico","isPartOf":{"@id":"https:\/\/buscoequipomedico.com\/#website"},"primaryImageOfPage":{"@id":"https:\/\/buscoequipomedico.com\/?product=electrocardiografo-1-canal-2#primaryimage"},"image":{"@id":"https:\/\/buscoequipomedico.com\/?product=electrocardiografo-1-canal-2#primaryimage"},"thumbnailUrl":"https:\/\/buscoequipomedico.com\/wp-content\/uploads\/2020\/02\/electrocardiografo-1-canal-el-ecg-80a-n-es-un-tipo-de-electrocardiografo-de-1-canal-que-muestra-12-senales-de-ecg-de-forma-indiv.jpg","datePublished":"2020-02-18T07:33:28+00:00","dateModified":"2020-02-18T07:33:32+00:00","breadcrumb":{"@id":"https:\/\/buscoequipomedico.com\/?product=electrocardiografo-1-canal-2#breadcrumb"},"inLanguage":"es","potentialAction":[{"@type":"ReadAction","target":["https:\/\/buscoequipomedico.com\/?product=electrocardiografo-1-canal-2"]}]},{"@type":"ImageObject","inLanguage":"es","@id":"https:\/\/buscoequipomedico.com\/?product=electrocardiografo-1-canal-2#primaryimage","url":"https:\/\/buscoequipomedico.com\/wp-content\/uploads\/2020\/02\/electrocardiografo-1-canal-el-ecg-80a-n-es-un-tipo-de-electrocardiografo-de-1-canal-que-muestra-12-senales-de-ecg-de-forma-indiv.jpg","contentUrl":"https:\/\/buscoequipomedico.com\/wp-content\/uploads\/2020\/02\/electrocardiografo-1-canal-el-ecg-80a-n-es-un-tipo-de-electrocardiografo-de-1-canal-que-muestra-12-senales-de-ecg-de-forma-indiv.jpg","width":800,"height":800},{"@type":"BreadcrumbList","@id":"https:\/\/buscoequipomedico.com\/?product=electrocardiografo-1-canal-2#breadcrumb","itemListElement":[{"@type":"ListItem","position":1,"name":"Productos","item":"https:\/\/buscoequipomedico.com\/shop\/"},{"@type":"ListItem","position":2,"name":"ELECTROCARDIOGRAFO 1 CANAL"}]},{"@type":"WebSite","@id":"https:\/\/buscoequipomedico.com\/#website","url":"https:\/\/buscoequipomedico.com\/","name":"Tu mejor opci\u00f3n Equipo M\u00e9dico M\u00e9xico","description":"Tienda de equipo m\u00e9dico","publisher":{"@id":"https:\/\/buscoequipomedico.com\/#organization"},"potentialAction":[{"@type":"SearchAction","target":{"@type":"EntryPoint","urlTemplate":"https:\/\/buscoequipomedico.com\/?s={search_term_string}"},"query-input":{"@type":"PropertyValueSpecification","valueRequired":true,"valueName":"search_term_string"}}],"inLanguage":"es"},{"@type":"Organization","@id":"https:\/\/buscoequipomedico.com\/#organization","name":"Tu mejor opci\u00f3n Equipo M\u00e9dico M\u00e9xico","url":"https:\/\/buscoequipomedico.com\/","logo":{"@type":"ImageObject","inLanguage":"es","@id":"https:\/\/buscoequipomedico.com\/#\/schema\/logo\/image\/","url":"https:\/\/buscoequipomedico.com\/wp-content\/uploads\/2021\/07\/EMM-VPrincipal-scaled.jpg","contentUrl":"https:\/\/buscoequipomedico.com\/wp-content\/uploads\/2021\/07\/EMM-VPrincipal-scaled.jpg","width":2560,"height":1058,"caption":"Tu mejor opci\u00f3n Equipo M\u00e9dico M\u00e9xico"},"image":{"@id":"https:\/\/buscoequipomedico.com\/#\/schema\/logo\/image\/"}}]}},"_links":{"self":[{"href":"https:\/\/buscoequipomedico.com\/index.php?rest_route=\/wp\/v2\/product\/11698","targetHints":{"allow":["GET"]}}],"collection":[{"href":"https:\/\/buscoequipomedico.com\/index.php?rest_route=\/wp\/v2\/product"}],"about":[{"href":"https:\/\/buscoequipomedico.com\/index.php?rest_route=\/wp\/v2\/types\/product"}],"wp:featuredmedia":[{"embeddable":true,"href":"https:\/\/buscoequipomedico.com\/index.php?rest_route=\/wp\/v2\/media\/11699"}],"wp:attachment":[{"href":"https:\/\/buscoequipomedico.com\/index.php?rest_route=%2Fwp%2Fv2%2Fmedia&parent=11698"}],"wp:term":[{"taxonomy":"product_brand","embeddable":true,"href":"https:\/\/buscoequipomedico.com\/index.php?rest_route=%2Fwp%2Fv2%2Fproduct_brand&post=11698"},{"taxonomy":"product_cat","embeddable":true,"href":"https:\/\/buscoequipomedico.com\/index.php?rest_route=%2Fwp%2Fv2%2Fproduct_cat&post=11698"},{"taxonomy":"product_tag","embeddable":true,"href":"https:\/\/buscoequipomedico.com\/index.php?rest_route=%2Fwp%2Fv2%2Fproduct_tag&post=11698"}],"curies":[{"name":"wp","href":"https:\/\/api.w.org\/{rel}","templated":true}]}}