{"id":11700,"date":"2020-02-18T07:33:33","date_gmt":"2020-02-18T07:33:33","guid":{"rendered":"https:\/\/equipomedicomexico-com.preview-domain.com\/product\/electrocardiografo-12-canales\/"},"modified":"2020-02-18T07:33:34","modified_gmt":"2020-02-18T07:33:34","slug":"electrocardiografo-12-canales","status":"publish","type":"product","link":"https:\/\/buscoequipomedico.com\/?product=electrocardiografo-12-canales","title":{"rendered":"ELECTROCARDIOGRAFO 12 CANALES"},"content":{"rendered":"<p>\u2022 Touch screen 8\u201d LCD TFT &#8211; 800&#215;600 pixels \u2022 Visualizaci\u00f3n simultanea de las 12 derivaciones \u2022 Tecnolog\u00eda de aislamiento digital y de elaboraci\u00f3n de la se\u00f1al, filtro digital \u2022 Gesti\u00f3n Nombre del paciente, y la edad \u00a0y la identificaci\u00f3n. \u2022 Detalle de informe de an\u00e1lisis. \u2022 Opciones de m\u00faltiples idiomas: Alemania, Francia, Italia, Turqu\u00eda, etc. \u2022 Construido en una bater\u00eda de litio recargable, de ancho thermall sistema de impresi\u00f3n \u2022 USB y conexi\u00f3n LAN. \u2022 Memoria: incorporado en la memoria o de memoria mini SD tarjeta. Almacene m\u00e1s de 1000 piezas de archivo<br \/>\u2022 Software PC: GB. Compatible con sistemas operativos Windows hasta Win7 con 64 bits.<br \/>\u2022 La conexi\u00f3n USB permite la transmisi\u00f3n en tiempo real al PC, la an\u00e1lisis de los datos y la diagnosis, la gesti\u00f3n de la impresi\u00f3n a trav\u00e9s del PC. \u2022 Auto-medici\u00f3n, de auto-an\u00e1lisis y auto-interpretaci\u00f3n.<\/p>\n","protected":false},"excerpt":{"rendered":"<p><span>Eletrocardi\u00f3grafo Contec 1200G de 12 derivaciones, 3\/6\/12 canales de visualizaci\u00f3n e impresora.<\/span><\/p>\n","protected":false},"featured_media":11701,"template":"","meta":{"_joinchat":[]},"product_brand":[],"product_cat":[225],"product_tag":[],"class_list":{"0":"post-11700","1":"product","2":"type-product","3":"status-publish","4":"has-post-thumbnail","6":"product_cat-electrocardiografos","7":"pa_marca-contec","9":"first","10":"instock","11":"purchasable","12":"product-type-simple"},"yoast_head":"<!-- This site is optimized with the Yoast SEO plugin v25.1 - https:\/\/yoast.com\/wordpress\/plugins\/seo\/ -->\n<title>ELECTROCARDIOGRAFO 12 CANALES - Tu mejor opci\u00f3n Equipo M\u00e9dico M\u00e9xico<\/title>\n<meta name=\"robots\" content=\"index, follow, max-snippet:-1, max-image-preview:large, max-video-preview:-1\" \/>\n<link rel=\"canonical\" href=\"https:\/\/buscoequipomedico.com\/?product=electrocardiografo-12-canales\" \/>\n<meta property=\"og:locale\" content=\"es_ES\" \/>\n<meta property=\"og:type\" content=\"article\" \/>\n<meta property=\"og:title\" content=\"ELECTROCARDIOGRAFO 12 CANALES - Tu mejor opci\u00f3n Equipo M\u00e9dico M\u00e9xico\" \/>\n<meta property=\"og:description\" content=\"Eletrocardi\u00f3grafo Contec 1200G de 12 derivaciones, 3\/6\/12 canales de visualizaci\u00f3n e impresora.\" \/>\n<meta property=\"og:url\" content=\"https:\/\/buscoequipomedico.com\/?product=electrocardiografo-12-canales\" \/>\n<meta property=\"og:site_name\" content=\"Tu mejor opci\u00f3n Equipo M\u00e9dico M\u00e9xico\" \/>\n<meta property=\"article:modified_time\" content=\"2020-02-18T07:33:34+00:00\" \/>\n<meta property=\"og:image\" content=\"https:\/\/buscoequipomedico.com\/wp-content\/uploads\/2020\/02\/electrocardiografo-12-canales-eletrocardiografo-contec-1200g-de-12-derivaciones-3-6-12-canales-de-visualizacion-e-impresora.jpg\" \/>\n\t<meta property=\"og:image:width\" content=\"800\" \/>\n\t<meta property=\"og:image:height\" content=\"800\" \/>\n\t<meta property=\"og:image:type\" content=\"image\/png\" \/>\n<meta name=\"twitter:card\" content=\"summary_large_image\" \/>\n<meta name=\"twitter:label1\" content=\"Tiempo de lectura\" \/>\n\t<meta name=\"twitter:data1\" content=\"1 minuto\" \/>\n<script type=\"application\/ld+json\" class=\"yoast-schema-graph\">{\"@context\":\"https:\/\/schema.org\",\"@graph\":[{\"@type\":\"WebPage\",\"@id\":\"https:\/\/buscoequipomedico.com\/?product=electrocardiografo-12-canales\",\"url\":\"https:\/\/buscoequipomedico.com\/?product=electrocardiografo-12-canales\",\"name\":\"ELECTROCARDIOGRAFO 12 CANALES - Tu mejor opci\u00f3n Equipo M\u00e9dico M\u00e9xico\",\"isPartOf\":{\"@id\":\"https:\/\/buscoequipomedico.com\/#website\"},\"primaryImageOfPage\":{\"@id\":\"https:\/\/buscoequipomedico.com\/?product=electrocardiografo-12-canales#primaryimage\"},\"image\":{\"@id\":\"https:\/\/buscoequipomedico.com\/?product=electrocardiografo-12-canales#primaryimage\"},\"thumbnailUrl\":\"https:\/\/buscoequipomedico.com\/wp-content\/uploads\/2020\/02\/electrocardiografo-12-canales-eletrocardiografo-contec-1200g-de-12-derivaciones-3-6-12-canales-de-visualizacion-e-impresora.jpg\",\"datePublished\":\"2020-02-18T07:33:33+00:00\",\"dateModified\":\"2020-02-18T07:33:34+00:00\",\"breadcrumb\":{\"@id\":\"https:\/\/buscoequipomedico.com\/?product=electrocardiografo-12-canales#breadcrumb\"},\"inLanguage\":\"es\",\"potentialAction\":[{\"@type\":\"ReadAction\",\"target\":[\"https:\/\/buscoequipomedico.com\/?product=electrocardiografo-12-canales\"]}]},{\"@type\":\"ImageObject\",\"inLanguage\":\"es\",\"@id\":\"https:\/\/buscoequipomedico.com\/?product=electrocardiografo-12-canales#primaryimage\",\"url\":\"https:\/\/buscoequipomedico.com\/wp-content\/uploads\/2020\/02\/electrocardiografo-12-canales-eletrocardiografo-contec-1200g-de-12-derivaciones-3-6-12-canales-de-visualizacion-e-impresora.jpg\",\"contentUrl\":\"https:\/\/buscoequipomedico.com\/wp-content\/uploads\/2020\/02\/electrocardiografo-12-canales-eletrocardiografo-contec-1200g-de-12-derivaciones-3-6-12-canales-de-visualizacion-e-impresora.jpg\",\"width\":800,\"height\":800},{\"@type\":\"BreadcrumbList\",\"@id\":\"https:\/\/buscoequipomedico.com\/?product=electrocardiografo-12-canales#breadcrumb\",\"itemListElement\":[{\"@type\":\"ListItem\",\"position\":1,\"name\":\"Productos\",\"item\":\"https:\/\/buscoequipomedico.com\/shop\/\"},{\"@type\":\"ListItem\",\"position\":2,\"name\":\"ELECTROCARDIOGRAFO 12 CANALES\"}]},{\"@type\":\"WebSite\",\"@id\":\"https:\/\/buscoequipomedico.com\/#website\",\"url\":\"https:\/\/buscoequipomedico.com\/\",\"name\":\"Tu mejor opci\u00f3n Equipo M\u00e9dico M\u00e9xico\",\"description\":\"Tienda de equipo m\u00e9dico\",\"publisher\":{\"@id\":\"https:\/\/buscoequipomedico.com\/#organization\"},\"potentialAction\":[{\"@type\":\"SearchAction\",\"target\":{\"@type\":\"EntryPoint\",\"urlTemplate\":\"https:\/\/buscoequipomedico.com\/?s={search_term_string}\"},\"query-input\":{\"@type\":\"PropertyValueSpecification\",\"valueRequired\":true,\"valueName\":\"search_term_string\"}}],\"inLanguage\":\"es\"},{\"@type\":\"Organization\",\"@id\":\"https:\/\/buscoequipomedico.com\/#organization\",\"name\":\"Tu mejor opci\u00f3n Equipo M\u00e9dico M\u00e9xico\",\"url\":\"https:\/\/buscoequipomedico.com\/\",\"logo\":{\"@type\":\"ImageObject\",\"inLanguage\":\"es\",\"@id\":\"https:\/\/buscoequipomedico.com\/#\/schema\/logo\/image\/\",\"url\":\"https:\/\/buscoequipomedico.com\/wp-content\/uploads\/2021\/07\/EMM-VPrincipal-scaled.jpg\",\"contentUrl\":\"https:\/\/buscoequipomedico.com\/wp-content\/uploads\/2021\/07\/EMM-VPrincipal-scaled.jpg\",\"width\":2560,\"height\":1058,\"caption\":\"Tu mejor opci\u00f3n Equipo M\u00e9dico M\u00e9xico\"},\"image\":{\"@id\":\"https:\/\/buscoequipomedico.com\/#\/schema\/logo\/image\/\"}}]}<\/script>\n<!-- \/ Yoast SEO plugin. -->","yoast_head_json":{"title":"ELECTROCARDIOGRAFO 12 CANALES - Tu mejor opci\u00f3n Equipo M\u00e9dico M\u00e9xico","robots":{"index":"index","follow":"follow","max-snippet":"max-snippet:-1","max-image-preview":"max-image-preview:large","max-video-preview":"max-video-preview:-1"},"canonical":"https:\/\/buscoequipomedico.com\/?product=electrocardiografo-12-canales","og_locale":"es_ES","og_type":"article","og_title":"ELECTROCARDIOGRAFO 12 CANALES - Tu mejor opci\u00f3n Equipo M\u00e9dico M\u00e9xico","og_description":"Eletrocardi\u00f3grafo Contec 1200G de 12 derivaciones, 3\/6\/12 canales de visualizaci\u00f3n e impresora.","og_url":"https:\/\/buscoequipomedico.com\/?product=electrocardiografo-12-canales","og_site_name":"Tu mejor opci\u00f3n Equipo M\u00e9dico M\u00e9xico","article_modified_time":"2020-02-18T07:33:34+00:00","og_image":[{"width":800,"height":800,"url":"https:\/\/buscoequipomedico.com\/wp-content\/uploads\/2020\/02\/electrocardiografo-12-canales-eletrocardiografo-contec-1200g-de-12-derivaciones-3-6-12-canales-de-visualizacion-e-impresora.jpg","type":"image\/png"}],"twitter_card":"summary_large_image","twitter_misc":{"Tiempo de lectura":"1 minuto"},"schema":{"@context":"https:\/\/schema.org","@graph":[{"@type":"WebPage","@id":"https:\/\/buscoequipomedico.com\/?product=electrocardiografo-12-canales","url":"https:\/\/buscoequipomedico.com\/?product=electrocardiografo-12-canales","name":"ELECTROCARDIOGRAFO 12 CANALES - Tu mejor opci\u00f3n Equipo M\u00e9dico M\u00e9xico","isPartOf":{"@id":"https:\/\/buscoequipomedico.com\/#website"},"primaryImageOfPage":{"@id":"https:\/\/buscoequipomedico.com\/?product=electrocardiografo-12-canales#primaryimage"},"image":{"@id":"https:\/\/buscoequipomedico.com\/?product=electrocardiografo-12-canales#primaryimage"},"thumbnailUrl":"https:\/\/buscoequipomedico.com\/wp-content\/uploads\/2020\/02\/electrocardiografo-12-canales-eletrocardiografo-contec-1200g-de-12-derivaciones-3-6-12-canales-de-visualizacion-e-impresora.jpg","datePublished":"2020-02-18T07:33:33+00:00","dateModified":"2020-02-18T07:33:34+00:00","breadcrumb":{"@id":"https:\/\/buscoequipomedico.com\/?product=electrocardiografo-12-canales#breadcrumb"},"inLanguage":"es","potentialAction":[{"@type":"ReadAction","target":["https:\/\/buscoequipomedico.com\/?product=electrocardiografo-12-canales"]}]},{"@type":"ImageObject","inLanguage":"es","@id":"https:\/\/buscoequipomedico.com\/?product=electrocardiografo-12-canales#primaryimage","url":"https:\/\/buscoequipomedico.com\/wp-content\/uploads\/2020\/02\/electrocardiografo-12-canales-eletrocardiografo-contec-1200g-de-12-derivaciones-3-6-12-canales-de-visualizacion-e-impresora.jpg","contentUrl":"https:\/\/buscoequipomedico.com\/wp-content\/uploads\/2020\/02\/electrocardiografo-12-canales-eletrocardiografo-contec-1200g-de-12-derivaciones-3-6-12-canales-de-visualizacion-e-impresora.jpg","width":800,"height":800},{"@type":"BreadcrumbList","@id":"https:\/\/buscoequipomedico.com\/?product=electrocardiografo-12-canales#breadcrumb","itemListElement":[{"@type":"ListItem","position":1,"name":"Productos","item":"https:\/\/buscoequipomedico.com\/shop\/"},{"@type":"ListItem","position":2,"name":"ELECTROCARDIOGRAFO 12 CANALES"}]},{"@type":"WebSite","@id":"https:\/\/buscoequipomedico.com\/#website","url":"https:\/\/buscoequipomedico.com\/","name":"Tu mejor opci\u00f3n Equipo M\u00e9dico M\u00e9xico","description":"Tienda de equipo m\u00e9dico","publisher":{"@id":"https:\/\/buscoequipomedico.com\/#organization"},"potentialAction":[{"@type":"SearchAction","target":{"@type":"EntryPoint","urlTemplate":"https:\/\/buscoequipomedico.com\/?s={search_term_string}"},"query-input":{"@type":"PropertyValueSpecification","valueRequired":true,"valueName":"search_term_string"}}],"inLanguage":"es"},{"@type":"Organization","@id":"https:\/\/buscoequipomedico.com\/#organization","name":"Tu mejor opci\u00f3n Equipo M\u00e9dico M\u00e9xico","url":"https:\/\/buscoequipomedico.com\/","logo":{"@type":"ImageObject","inLanguage":"es","@id":"https:\/\/buscoequipomedico.com\/#\/schema\/logo\/image\/","url":"https:\/\/buscoequipomedico.com\/wp-content\/uploads\/2021\/07\/EMM-VPrincipal-scaled.jpg","contentUrl":"https:\/\/buscoequipomedico.com\/wp-content\/uploads\/2021\/07\/EMM-VPrincipal-scaled.jpg","width":2560,"height":1058,"caption":"Tu mejor opci\u00f3n Equipo M\u00e9dico M\u00e9xico"},"image":{"@id":"https:\/\/buscoequipomedico.com\/#\/schema\/logo\/image\/"}}]}},"_links":{"self":[{"href":"https:\/\/buscoequipomedico.com\/index.php?rest_route=\/wp\/v2\/product\/11700","targetHints":{"allow":["GET"]}}],"collection":[{"href":"https:\/\/buscoequipomedico.com\/index.php?rest_route=\/wp\/v2\/product"}],"about":[{"href":"https:\/\/buscoequipomedico.com\/index.php?rest_route=\/wp\/v2\/types\/product"}],"wp:featuredmedia":[{"embeddable":true,"href":"https:\/\/buscoequipomedico.com\/index.php?rest_route=\/wp\/v2\/media\/11701"}],"wp:attachment":[{"href":"https:\/\/buscoequipomedico.com\/index.php?rest_route=%2Fwp%2Fv2%2Fmedia&parent=11700"}],"wp:term":[{"taxonomy":"product_brand","embeddable":true,"href":"https:\/\/buscoequipomedico.com\/index.php?rest_route=%2Fwp%2Fv2%2Fproduct_brand&post=11700"},{"taxonomy":"product_cat","embeddable":true,"href":"https:\/\/buscoequipomedico.com\/index.php?rest_route=%2Fwp%2Fv2%2Fproduct_cat&post=11700"},{"taxonomy":"product_tag","embeddable":true,"href":"https:\/\/buscoequipomedico.com\/index.php?rest_route=%2Fwp%2Fv2%2Fproduct_tag&post=11700"}],"curies":[{"name":"wp","href":"https:\/\/api.w.org\/{rel}","templated":true}]}}