{"id":11702,"date":"2020-02-18T07:33:33","date_gmt":"2020-02-18T07:33:33","guid":{"rendered":"https:\/\/equipomedicomexico-com.preview-domain.com\/product\/electrocardiografo-200-veterinario-trismed\/"},"modified":"2020-02-18T07:33:34","modified_gmt":"2020-02-18T07:33:34","slug":"electrocardiografo-200-veterinario-trismed","status":"publish","type":"product","link":"https:\/\/buscoequipomedico.com\/?product=electrocardiografo-200-veterinario-trismed","title":{"rendered":"ELECTROCARDIOGRAFO 200 VETERINARIO TRISMED"},"content":{"rendered":"<address><strong>El Cardipia 203 es un Electrocardi\u00f3grafo econ\u00f3mico con alto funcionamiento, impresora termica, impresi\u00f3n en 1 \u00f3 3 canales, cuadro de largo elegible, tama\u00f1o de papel de 63 o 50 mm.<\/strong><\/address>\n<h4>Muestra frecuencia cardiaca<br \/>1 y 3 canales<br \/>12 derivaciones est\u00e1ndar: I, II, III, aVR, aVL, aVF, V1, V2, V3, V4, V5, V6<br \/>Pantalla LCD (16 x 2 l\u00edneas)<br \/>Protecci\u00f3n para Desfibrilador de 5.000 V CC<br \/>Modo de operaci\u00f3n autom\u00e1tico y manual<br \/>Incluye impresora t\u00e9rmica y rollo de papel t\u00e9rmico sensible (62mmx30m)<br \/>Bater\u00eda recargable<br \/>Apagado autom\u00e1tico despu\u00e9s de 5 minutos de inactividad<br \/>Sensor de papel: Cuando el papel est\u00e1 agotado la grabaci\u00f3n termina autom\u00e1ticamente y un mensaje de alarma se muestra en la pantalla. Esta funci\u00f3n es seleccionable por el usuario.<br \/>Sensor de electrodos: Cuando los electrodos se despegan, un mensaje de alarma se muestra en la pantalla y la l\u00ednea de grabaci\u00f3n se queda recta.<br \/>Muestreo ADC: 10 bits<br \/>Rango de muestreo ADC: 500 Hz<br \/>CMRR: Mayor a 100 dB<br \/>Impedancia de entrada: Mayor a 40 MOhm<br \/>Respuesta de frecuencia: Para reducir una desviaci\u00f3n de la l\u00ednea de base, EMG e interferencia AC filtradas: 0.5 ~ 30 Hz (-3 dB)<br \/>Sin filtrar: 0.05 ~150 Hz (-3 dB)<br \/>Test de calibraci\u00f3n: Test de respuesta de frecuencia usando 1 mV interno<br \/>Derivaciones de grabaci\u00f3n: 12 derivaciones standard: I,II,III,aVR,aVL,aVF,V1,V2,V3,V4,V5,V6<br \/>Apagado: Autom\u00e1tico (5 min. desde la \u00faltima operaci\u00f3n)<br \/>Rendimiento: Seg\u00fan requerimientos de la AAMI<br \/>Tipo de producci\u00f3n contra choque el\u00e9ctrico: Clase I (Certificado de protecci\u00f3n contra shock el\u00e9ctrico Tipo CF)<br \/>Protecci\u00f3n contra defibrilaci\u00f3n: 5000V, EN\/IEC 60601-2-25<br \/>Fuga de paciente: Menor a 10 uA<br \/>Requerimientos de electricidad: 100-240 VAC\u00b110%, ~50\/60 Hz voltaje libre<br \/>Bater\u00eda interna recargable (+24V, NiCd)<br \/>Consumo: Approx. 45 VA<br \/>Bater\u00eda recargable (Opcional): +24V, 750 mAh, NiCd, m\u00e1s de una hora de grabaci\u00f3n cont\u00ednua.<br \/>Cargador de bater\u00eda: Indicado en pantalla. Aproximadamente 4 horas son requeridas para carga completa.<br \/>Dimensiones: 313 x 252 x 85 (mms)<br \/>Peso Neto: 2.5 kg<br \/>Output a Pc (Opcional): RS232C<br \/>Temperatura de Operaci\u00f3n: +10? ~ +40?<br \/>Humedad de Operaci\u00f3n: +25% ~ +95%<br \/>Temperatura de Guardado: -40? ~ +70?<br \/>Humedad de Guardado: +10% ~ 100%<br \/>Presi\u00f3n : 700 ~ 1060 hPa<\/h4>\n","protected":false},"excerpt":{"rendered":"<p>1 y 3 Canales<\/p>\n<p>Pantalla LCD<\/p>\n<p>Muestra frecuencia cardiaca<\/p>\n<p>Modo de operaci\u00f3n autom\u00e1tico y manual<\/p>\n<p>Incluye impresora t\u00e9rmica<\/p>\n<p>Bater\u00eda recargable<\/p>\n","protected":false},"featured_media":11703,"template":"","meta":{"_joinchat":[]},"product_brand":[],"product_cat":[225],"product_tag":[],"class_list":{"0":"post-11702","1":"product","2":"type-product","3":"status-publish","4":"has-post-thumbnail","6":"product_cat-electrocardiografos","7":"pa_marca-trismed","9":"first","10":"instock","11":"purchasable","12":"product-type-simple"},"yoast_head":"<!-- This site is optimized with the Yoast SEO plugin v25.1 - https:\/\/yoast.com\/wordpress\/plugins\/seo\/ -->\n<title>ELECTROCARDIOGRAFO 200 VETERINARIO TRISMED - Tu mejor opci\u00f3n Equipo M\u00e9dico M\u00e9xico<\/title>\n<meta name=\"robots\" content=\"index, follow, max-snippet:-1, max-image-preview:large, max-video-preview:-1\" \/>\n<link rel=\"canonical\" href=\"https:\/\/buscoequipomedico.com\/?product=electrocardiografo-200-veterinario-trismed\" \/>\n<meta property=\"og:locale\" content=\"es_ES\" \/>\n<meta property=\"og:type\" content=\"article\" \/>\n<meta property=\"og:title\" content=\"ELECTROCARDIOGRAFO 200 VETERINARIO TRISMED - Tu mejor opci\u00f3n Equipo M\u00e9dico M\u00e9xico\" \/>\n<meta property=\"og:description\" content=\"1 y 3 Canales Pantalla LCD Muestra frecuencia cardiaca Modo de operaci\u00f3n autom\u00e1tico y manual Incluye impresora t\u00e9rmica Bater\u00eda recargable\" \/>\n<meta property=\"og:url\" content=\"https:\/\/buscoequipomedico.com\/?product=electrocardiografo-200-veterinario-trismed\" \/>\n<meta property=\"og:site_name\" content=\"Tu mejor opci\u00f3n Equipo M\u00e9dico M\u00e9xico\" \/>\n<meta property=\"article:modified_time\" content=\"2020-02-18T07:33:34+00:00\" \/>\n<meta property=\"og:image\" content=\"https:\/\/buscoequipomedico.com\/wp-content\/uploads\/2020\/02\/electrocardiografo-200-veterinario-trismed-1-y-3-canales-pantalla-lcd-muestra-frecuencia-cardiaca-modo-de-operacion-automatico-y.jpg\" \/>\n\t<meta property=\"og:image:width\" content=\"800\" \/>\n\t<meta property=\"og:image:height\" content=\"800\" \/>\n\t<meta property=\"og:image:type\" content=\"image\/png\" \/>\n<meta name=\"twitter:card\" content=\"summary_large_image\" \/>\n<meta name=\"twitter:label1\" content=\"Tiempo de lectura\" \/>\n\t<meta name=\"twitter:data1\" content=\"2 minutos\" \/>\n<script type=\"application\/ld+json\" class=\"yoast-schema-graph\">{\"@context\":\"https:\/\/schema.org\",\"@graph\":[{\"@type\":\"WebPage\",\"@id\":\"https:\/\/buscoequipomedico.com\/?product=electrocardiografo-200-veterinario-trismed\",\"url\":\"https:\/\/buscoequipomedico.com\/?product=electrocardiografo-200-veterinario-trismed\",\"name\":\"ELECTROCARDIOGRAFO 200 VETERINARIO TRISMED - Tu mejor opci\u00f3n Equipo M\u00e9dico M\u00e9xico\",\"isPartOf\":{\"@id\":\"https:\/\/buscoequipomedico.com\/#website\"},\"primaryImageOfPage\":{\"@id\":\"https:\/\/buscoequipomedico.com\/?product=electrocardiografo-200-veterinario-trismed#primaryimage\"},\"image\":{\"@id\":\"https:\/\/buscoequipomedico.com\/?product=electrocardiografo-200-veterinario-trismed#primaryimage\"},\"thumbnailUrl\":\"https:\/\/buscoequipomedico.com\/wp-content\/uploads\/2020\/02\/electrocardiografo-200-veterinario-trismed-1-y-3-canales-pantalla-lcd-muestra-frecuencia-cardiaca-modo-de-operacion-automatico-y.jpg\",\"datePublished\":\"2020-02-18T07:33:33+00:00\",\"dateModified\":\"2020-02-18T07:33:34+00:00\",\"breadcrumb\":{\"@id\":\"https:\/\/buscoequipomedico.com\/?product=electrocardiografo-200-veterinario-trismed#breadcrumb\"},\"inLanguage\":\"es\",\"potentialAction\":[{\"@type\":\"ReadAction\",\"target\":[\"https:\/\/buscoequipomedico.com\/?product=electrocardiografo-200-veterinario-trismed\"]}]},{\"@type\":\"ImageObject\",\"inLanguage\":\"es\",\"@id\":\"https:\/\/buscoequipomedico.com\/?product=electrocardiografo-200-veterinario-trismed#primaryimage\",\"url\":\"https:\/\/buscoequipomedico.com\/wp-content\/uploads\/2020\/02\/electrocardiografo-200-veterinario-trismed-1-y-3-canales-pantalla-lcd-muestra-frecuencia-cardiaca-modo-de-operacion-automatico-y.jpg\",\"contentUrl\":\"https:\/\/buscoequipomedico.com\/wp-content\/uploads\/2020\/02\/electrocardiografo-200-veterinario-trismed-1-y-3-canales-pantalla-lcd-muestra-frecuencia-cardiaca-modo-de-operacion-automatico-y.jpg\",\"width\":800,\"height\":800},{\"@type\":\"BreadcrumbList\",\"@id\":\"https:\/\/buscoequipomedico.com\/?product=electrocardiografo-200-veterinario-trismed#breadcrumb\",\"itemListElement\":[{\"@type\":\"ListItem\",\"position\":1,\"name\":\"Productos\",\"item\":\"https:\/\/buscoequipomedico.com\/shop\/\"},{\"@type\":\"ListItem\",\"position\":2,\"name\":\"ELECTROCARDIOGRAFO 200 VETERINARIO TRISMED\"}]},{\"@type\":\"WebSite\",\"@id\":\"https:\/\/buscoequipomedico.com\/#website\",\"url\":\"https:\/\/buscoequipomedico.com\/\",\"name\":\"Tu mejor opci\u00f3n Equipo M\u00e9dico M\u00e9xico\",\"description\":\"Tienda de equipo m\u00e9dico\",\"publisher\":{\"@id\":\"https:\/\/buscoequipomedico.com\/#organization\"},\"potentialAction\":[{\"@type\":\"SearchAction\",\"target\":{\"@type\":\"EntryPoint\",\"urlTemplate\":\"https:\/\/buscoequipomedico.com\/?s={search_term_string}\"},\"query-input\":{\"@type\":\"PropertyValueSpecification\",\"valueRequired\":true,\"valueName\":\"search_term_string\"}}],\"inLanguage\":\"es\"},{\"@type\":\"Organization\",\"@id\":\"https:\/\/buscoequipomedico.com\/#organization\",\"name\":\"Tu mejor opci\u00f3n Equipo M\u00e9dico M\u00e9xico\",\"url\":\"https:\/\/buscoequipomedico.com\/\",\"logo\":{\"@type\":\"ImageObject\",\"inLanguage\":\"es\",\"@id\":\"https:\/\/buscoequipomedico.com\/#\/schema\/logo\/image\/\",\"url\":\"https:\/\/buscoequipomedico.com\/wp-content\/uploads\/2021\/07\/EMM-VPrincipal-scaled.jpg\",\"contentUrl\":\"https:\/\/buscoequipomedico.com\/wp-content\/uploads\/2021\/07\/EMM-VPrincipal-scaled.jpg\",\"width\":2560,\"height\":1058,\"caption\":\"Tu mejor opci\u00f3n Equipo M\u00e9dico M\u00e9xico\"},\"image\":{\"@id\":\"https:\/\/buscoequipomedico.com\/#\/schema\/logo\/image\/\"}}]}<\/script>\n<!-- \/ Yoast SEO plugin. -->","yoast_head_json":{"title":"ELECTROCARDIOGRAFO 200 VETERINARIO TRISMED - Tu mejor opci\u00f3n Equipo M\u00e9dico M\u00e9xico","robots":{"index":"index","follow":"follow","max-snippet":"max-snippet:-1","max-image-preview":"max-image-preview:large","max-video-preview":"max-video-preview:-1"},"canonical":"https:\/\/buscoequipomedico.com\/?product=electrocardiografo-200-veterinario-trismed","og_locale":"es_ES","og_type":"article","og_title":"ELECTROCARDIOGRAFO 200 VETERINARIO TRISMED - Tu mejor opci\u00f3n Equipo M\u00e9dico M\u00e9xico","og_description":"1 y 3 Canales Pantalla LCD Muestra frecuencia cardiaca Modo de operaci\u00f3n autom\u00e1tico y manual Incluye impresora t\u00e9rmica Bater\u00eda recargable","og_url":"https:\/\/buscoequipomedico.com\/?product=electrocardiografo-200-veterinario-trismed","og_site_name":"Tu mejor opci\u00f3n Equipo M\u00e9dico M\u00e9xico","article_modified_time":"2020-02-18T07:33:34+00:00","og_image":[{"width":800,"height":800,"url":"https:\/\/buscoequipomedico.com\/wp-content\/uploads\/2020\/02\/electrocardiografo-200-veterinario-trismed-1-y-3-canales-pantalla-lcd-muestra-frecuencia-cardiaca-modo-de-operacion-automatico-y.jpg","type":"image\/png"}],"twitter_card":"summary_large_image","twitter_misc":{"Tiempo de lectura":"2 minutos"},"schema":{"@context":"https:\/\/schema.org","@graph":[{"@type":"WebPage","@id":"https:\/\/buscoequipomedico.com\/?product=electrocardiografo-200-veterinario-trismed","url":"https:\/\/buscoequipomedico.com\/?product=electrocardiografo-200-veterinario-trismed","name":"ELECTROCARDIOGRAFO 200 VETERINARIO TRISMED - Tu mejor opci\u00f3n Equipo M\u00e9dico M\u00e9xico","isPartOf":{"@id":"https:\/\/buscoequipomedico.com\/#website"},"primaryImageOfPage":{"@id":"https:\/\/buscoequipomedico.com\/?product=electrocardiografo-200-veterinario-trismed#primaryimage"},"image":{"@id":"https:\/\/buscoequipomedico.com\/?product=electrocardiografo-200-veterinario-trismed#primaryimage"},"thumbnailUrl":"https:\/\/buscoequipomedico.com\/wp-content\/uploads\/2020\/02\/electrocardiografo-200-veterinario-trismed-1-y-3-canales-pantalla-lcd-muestra-frecuencia-cardiaca-modo-de-operacion-automatico-y.jpg","datePublished":"2020-02-18T07:33:33+00:00","dateModified":"2020-02-18T07:33:34+00:00","breadcrumb":{"@id":"https:\/\/buscoequipomedico.com\/?product=electrocardiografo-200-veterinario-trismed#breadcrumb"},"inLanguage":"es","potentialAction":[{"@type":"ReadAction","target":["https:\/\/buscoequipomedico.com\/?product=electrocardiografo-200-veterinario-trismed"]}]},{"@type":"ImageObject","inLanguage":"es","@id":"https:\/\/buscoequipomedico.com\/?product=electrocardiografo-200-veterinario-trismed#primaryimage","url":"https:\/\/buscoequipomedico.com\/wp-content\/uploads\/2020\/02\/electrocardiografo-200-veterinario-trismed-1-y-3-canales-pantalla-lcd-muestra-frecuencia-cardiaca-modo-de-operacion-automatico-y.jpg","contentUrl":"https:\/\/buscoequipomedico.com\/wp-content\/uploads\/2020\/02\/electrocardiografo-200-veterinario-trismed-1-y-3-canales-pantalla-lcd-muestra-frecuencia-cardiaca-modo-de-operacion-automatico-y.jpg","width":800,"height":800},{"@type":"BreadcrumbList","@id":"https:\/\/buscoequipomedico.com\/?product=electrocardiografo-200-veterinario-trismed#breadcrumb","itemListElement":[{"@type":"ListItem","position":1,"name":"Productos","item":"https:\/\/buscoequipomedico.com\/shop\/"},{"@type":"ListItem","position":2,"name":"ELECTROCARDIOGRAFO 200 VETERINARIO TRISMED"}]},{"@type":"WebSite","@id":"https:\/\/buscoequipomedico.com\/#website","url":"https:\/\/buscoequipomedico.com\/","name":"Tu mejor opci\u00f3n Equipo M\u00e9dico M\u00e9xico","description":"Tienda de equipo m\u00e9dico","publisher":{"@id":"https:\/\/buscoequipomedico.com\/#organization"},"potentialAction":[{"@type":"SearchAction","target":{"@type":"EntryPoint","urlTemplate":"https:\/\/buscoequipomedico.com\/?s={search_term_string}"},"query-input":{"@type":"PropertyValueSpecification","valueRequired":true,"valueName":"search_term_string"}}],"inLanguage":"es"},{"@type":"Organization","@id":"https:\/\/buscoequipomedico.com\/#organization","name":"Tu mejor opci\u00f3n Equipo M\u00e9dico M\u00e9xico","url":"https:\/\/buscoequipomedico.com\/","logo":{"@type":"ImageObject","inLanguage":"es","@id":"https:\/\/buscoequipomedico.com\/#\/schema\/logo\/image\/","url":"https:\/\/buscoequipomedico.com\/wp-content\/uploads\/2021\/07\/EMM-VPrincipal-scaled.jpg","contentUrl":"https:\/\/buscoequipomedico.com\/wp-content\/uploads\/2021\/07\/EMM-VPrincipal-scaled.jpg","width":2560,"height":1058,"caption":"Tu mejor opci\u00f3n Equipo M\u00e9dico M\u00e9xico"},"image":{"@id":"https:\/\/buscoequipomedico.com\/#\/schema\/logo\/image\/"}}]}},"_links":{"self":[{"href":"https:\/\/buscoequipomedico.com\/index.php?rest_route=\/wp\/v2\/product\/11702","targetHints":{"allow":["GET"]}}],"collection":[{"href":"https:\/\/buscoequipomedico.com\/index.php?rest_route=\/wp\/v2\/product"}],"about":[{"href":"https:\/\/buscoequipomedico.com\/index.php?rest_route=\/wp\/v2\/types\/product"}],"wp:featuredmedia":[{"embeddable":true,"href":"https:\/\/buscoequipomedico.com\/index.php?rest_route=\/wp\/v2\/media\/11703"}],"wp:attachment":[{"href":"https:\/\/buscoequipomedico.com\/index.php?rest_route=%2Fwp%2Fv2%2Fmedia&parent=11702"}],"wp:term":[{"taxonomy":"product_brand","embeddable":true,"href":"https:\/\/buscoequipomedico.com\/index.php?rest_route=%2Fwp%2Fv2%2Fproduct_brand&post=11702"},{"taxonomy":"product_cat","embeddable":true,"href":"https:\/\/buscoequipomedico.com\/index.php?rest_route=%2Fwp%2Fv2%2Fproduct_cat&post=11702"},{"taxonomy":"product_tag","embeddable":true,"href":"https:\/\/buscoequipomedico.com\/index.php?rest_route=%2Fwp%2Fv2%2Fproduct_tag&post=11702"}],"curies":[{"name":"wp","href":"https:\/\/api.w.org\/{rel}","templated":true}]}}