{"id":11706,"date":"2020-02-18T07:33:33","date_gmt":"2020-02-18T07:33:33","guid":{"rendered":"https:\/\/equipomedicomexico-com.preview-domain.com\/product\/electrocardiografo-3-canales\/"},"modified":"2020-02-18T07:33:34","modified_gmt":"2020-02-18T07:33:34","slug":"electrocardiografo-3-canales","status":"publish","type":"product","link":"https:\/\/buscoequipomedico.com\/?product=electrocardiografo-3-canales","title":{"rendered":"ELECTROCARDIOGRAFO 3 CANALES"},"content":{"rendered":"<p>Caracter\u00edsticas<\/p>\n<\/p>\n<p><!-- [if !supportLists]--><span><span>\u00b7<span>\u00a0\u00a0\u00a0\u00a0\u00a0\u00a0\u00a0\u00a0 <\/span><\/span><\/span><!--[endif]-->3.5 \u00abPantalla LCD TFT color muestra el estado de trabajo yForma de onda. Comprueba la forma de onda antes de imprimir para guardar papel de registro.<\/p>\n<\/p>\n<p><!-- [if !supportLists]--><span><span>\u00b7<span>\u00a0\u00a0\u00a0\u00a0\u00a0\u00a0\u00a0\u00a0 <\/span><\/span><\/span><!--[endif]-->12 conduceAdquisici\u00f3n simult\u00e1nea, procesador de se\u00f1al digital, para obtener mayor calidadEl filtro AC, el filtro de base y el filtro EMG delSe\u00f1ales.<\/p>\n<\/p>\n<p><!-- [if !supportLists]--><span><span>\u00b7<span>\u00a0\u00a0\u00a0\u00a0\u00a0\u00a0\u00a0\u00a0 <\/span><\/span><\/span><!--[endif]-->Pantalla simult\u00e1nea de 3\/6\/12 pistasForma de onda, y el estado de modo de impresi\u00f3n, sensibilidad, velocidad, filtro, etc. para ser f\u00e1cil para la interpretaci\u00f3n.<\/p>\n<\/p>\n<p><!-- [if !supportLists]--><span><span>\u00b7<span>\u00a0\u00a0\u00a0\u00a0\u00a0\u00a0\u00a0\u00a0 <\/span><\/span><\/span><!--[endif]-->Incluir modos y formato de impresi\u00f3n multiforma, tales como auto 3*4 + 1, auto 3*4, auto 2*6 + 1, auto 2*6, auto 4*3, ritmo 4, ritmo 3, ritmo 2 y manual etc; la longitud de la impresi\u00f3n de ondas se puede ajustar y la funci\u00f3n de la impresi\u00f3n peri\u00f3dica se incluye para satisfacer las diferentes aplicaciones.<\/p>\n<\/p>\n<p><!-- [if !supportLists]--><span><span>\u00b7<span>\u00a0\u00a0\u00a0\u00a0\u00a0\u00a0\u00a0\u00a0 <\/span><\/span><\/span><!--[endif]-->El instrumento tiene la funci\u00f3n de auto-an\u00e1lisis regular y auto-Interpretaci\u00f3n dePar\u00e1metro de forma de onda, proporciona par\u00e1metros de medici\u00f3n como HR, intervalo p-r, duraci\u00f3n P, duraci\u00f3n QRS, duraci\u00f3n de la t, intervalo q-t, Q-TC, eje P, eje QRS, eje T, R (V5), S (V1), R (V5) + S (V1) ETC y conclusi\u00f3n de auto-interpretaci\u00f3n para ayudar a reducir la abundancia de los m\u00e9dicos y mejorar la eficiencia de trabajo.<\/p>\n<\/p>\n<p><!-- [if !supportLists]--><span><span>\u00b7<span>\u00a0\u00a0\u00a0\u00a0\u00a0\u00a0\u00a0\u00a0 <\/span><\/span><\/span><!--[endif]-->La fuente de alimentaci\u00f3n incluye tanto AC\/DC. Este dispositivo incluye bater\u00eda recargable de pol\u00edmero de litio incorporada. Puede esperar 4 horas, imprimir 150 unidades deForma de onda e imprimir 90 minutos en el mejor estado DC para satisfacer la necesidad de visitar pacientes y examen.<\/p>\n<\/p>\n<p><!-- [if !supportLists]--><span><span>\u00b7<span>\u00a0\u00a0\u00a0\u00a0\u00a0\u00a0\u00a0\u00a0 <\/span><\/span><\/span><!--[endif]-->Tiene almacenamiento incorporado con gran capacidad, y puede memorizar m\u00e1s de 1000 casos, lo cual es f\u00e1cil para el examen m\u00e9dico y estad\u00edstica.<\/p>\n<\/p>\n<p><!-- [if !supportLists]--><span><span>\u00b7<span>\u00a0\u00a0\u00a0\u00a0\u00a0\u00a0\u00a0\u00a0 <\/span><\/span><\/span><!--[endif]-->Soporte chino, ingl\u00e9s, espa\u00f1ol, Turco, Polaco, espa\u00f1ol, franc\u00e9s, alem\u00e1n interfaz de funcionamiento, puede imprimir chino, ingl\u00e9s, polaco informe.<\/p><\/p>\n","protected":false},"excerpt":{"rendered":"<p><span>Digital-tres canales-300g es un tipo de se\u00f1ales simult\u00e1neamente e imprime las ondas con sistema de impresi\u00f3n t\u00e9rmica. Sus funciones son las siguientes: registro y visualizaci\u00f3n, formas de onda en modo AUTO\/Manual; auto-Medici\u00f3n y diagn\u00f3stico autom\u00e1tico, par\u00e1metros de onda; inducir el estado de plomo y falta de papel; cambiar las lenguas de la interfaz (chino\/ingl\u00e9s); administrar la base de datos.\u00a0<\/span><span><\/span><\/p><\/p>\n","protected":false},"featured_media":11707,"template":"","meta":{"_joinchat":[]},"product_brand":[],"product_cat":[225],"product_tag":[],"class_list":{"0":"post-11706","1":"product","2":"type-product","3":"status-publish","4":"has-post-thumbnail","6":"product_cat-electrocardiografos","7":"pa_marca-contec","9":"first","10":"instock","11":"purchasable","12":"product-type-simple"},"yoast_head":"<!-- This site is optimized with the Yoast SEO plugin v25.1 - https:\/\/yoast.com\/wordpress\/plugins\/seo\/ -->\n<title>ELECTROCARDIOGRAFO 3 CANALES - Tu mejor opci\u00f3n Equipo M\u00e9dico M\u00e9xico<\/title>\n<meta name=\"robots\" content=\"index, follow, max-snippet:-1, max-image-preview:large, max-video-preview:-1\" \/>\n<link rel=\"canonical\" href=\"https:\/\/buscoequipomedico.com\/?product=electrocardiografo-3-canales\" \/>\n<meta property=\"og:locale\" content=\"es_ES\" \/>\n<meta property=\"og:type\" content=\"article\" \/>\n<meta property=\"og:title\" content=\"ELECTROCARDIOGRAFO 3 CANALES - Tu mejor opci\u00f3n Equipo M\u00e9dico M\u00e9xico\" \/>\n<meta property=\"og:description\" content=\"Digital-tres canales-300g es un tipo de se\u00f1ales simult\u00e1neamente e imprime las ondas con sistema de impresi\u00f3n t\u00e9rmica. Sus funciones son las siguientes: registro y visualizaci\u00f3n, formas de onda en modo AUTO\/Manual; auto-Medici\u00f3n y diagn\u00f3stico autom\u00e1tico, par\u00e1metros de onda; inducir el estado de plomo y falta de papel; cambiar las lenguas de la interfaz (chino\/ingl\u00e9s); administrar la base de datos.\u00a0\" \/>\n<meta property=\"og:url\" content=\"https:\/\/buscoequipomedico.com\/?product=electrocardiografo-3-canales\" \/>\n<meta property=\"og:site_name\" content=\"Tu mejor opci\u00f3n Equipo M\u00e9dico M\u00e9xico\" \/>\n<meta property=\"article:modified_time\" content=\"2020-02-18T07:33:34+00:00\" \/>\n<meta property=\"og:image\" content=\"https:\/\/buscoequipomedico.com\/wp-content\/uploads\/2020\/02\/electrocardiografo-3-canales-digital-tres-canales-300g-es-un-tipo-de-senales-simultaneamente-e-imprime-las-ondas-con-sistema-de.jpg\" \/>\n\t<meta property=\"og:image:width\" content=\"800\" \/>\n\t<meta property=\"og:image:height\" content=\"800\" \/>\n\t<meta property=\"og:image:type\" content=\"image\/png\" \/>\n<meta name=\"twitter:card\" content=\"summary_large_image\" \/>\n<meta name=\"twitter:label1\" content=\"Tiempo de lectura\" \/>\n\t<meta name=\"twitter:data1\" content=\"2 minutos\" \/>\n<script type=\"application\/ld+json\" class=\"yoast-schema-graph\">{\"@context\":\"https:\/\/schema.org\",\"@graph\":[{\"@type\":\"WebPage\",\"@id\":\"https:\/\/buscoequipomedico.com\/?product=electrocardiografo-3-canales\",\"url\":\"https:\/\/buscoequipomedico.com\/?product=electrocardiografo-3-canales\",\"name\":\"ELECTROCARDIOGRAFO 3 CANALES - Tu mejor opci\u00f3n Equipo M\u00e9dico M\u00e9xico\",\"isPartOf\":{\"@id\":\"https:\/\/buscoequipomedico.com\/#website\"},\"primaryImageOfPage\":{\"@id\":\"https:\/\/buscoequipomedico.com\/?product=electrocardiografo-3-canales#primaryimage\"},\"image\":{\"@id\":\"https:\/\/buscoequipomedico.com\/?product=electrocardiografo-3-canales#primaryimage\"},\"thumbnailUrl\":\"https:\/\/buscoequipomedico.com\/wp-content\/uploads\/2020\/02\/electrocardiografo-3-canales-digital-tres-canales-300g-es-un-tipo-de-senales-simultaneamente-e-imprime-las-ondas-con-sistema-de.jpg\",\"datePublished\":\"2020-02-18T07:33:33+00:00\",\"dateModified\":\"2020-02-18T07:33:34+00:00\",\"breadcrumb\":{\"@id\":\"https:\/\/buscoequipomedico.com\/?product=electrocardiografo-3-canales#breadcrumb\"},\"inLanguage\":\"es\",\"potentialAction\":[{\"@type\":\"ReadAction\",\"target\":[\"https:\/\/buscoequipomedico.com\/?product=electrocardiografo-3-canales\"]}]},{\"@type\":\"ImageObject\",\"inLanguage\":\"es\",\"@id\":\"https:\/\/buscoequipomedico.com\/?product=electrocardiografo-3-canales#primaryimage\",\"url\":\"https:\/\/buscoequipomedico.com\/wp-content\/uploads\/2020\/02\/electrocardiografo-3-canales-digital-tres-canales-300g-es-un-tipo-de-senales-simultaneamente-e-imprime-las-ondas-con-sistema-de.jpg\",\"contentUrl\":\"https:\/\/buscoequipomedico.com\/wp-content\/uploads\/2020\/02\/electrocardiografo-3-canales-digital-tres-canales-300g-es-un-tipo-de-senales-simultaneamente-e-imprime-las-ondas-con-sistema-de.jpg\",\"width\":800,\"height\":800},{\"@type\":\"BreadcrumbList\",\"@id\":\"https:\/\/buscoequipomedico.com\/?product=electrocardiografo-3-canales#breadcrumb\",\"itemListElement\":[{\"@type\":\"ListItem\",\"position\":1,\"name\":\"Productos\",\"item\":\"https:\/\/buscoequipomedico.com\/shop\/\"},{\"@type\":\"ListItem\",\"position\":2,\"name\":\"ELECTROCARDIOGRAFO 3 CANALES\"}]},{\"@type\":\"WebSite\",\"@id\":\"https:\/\/buscoequipomedico.com\/#website\",\"url\":\"https:\/\/buscoequipomedico.com\/\",\"name\":\"Tu mejor opci\u00f3n Equipo M\u00e9dico M\u00e9xico\",\"description\":\"Tienda de equipo m\u00e9dico\",\"publisher\":{\"@id\":\"https:\/\/buscoequipomedico.com\/#organization\"},\"potentialAction\":[{\"@type\":\"SearchAction\",\"target\":{\"@type\":\"EntryPoint\",\"urlTemplate\":\"https:\/\/buscoequipomedico.com\/?s={search_term_string}\"},\"query-input\":{\"@type\":\"PropertyValueSpecification\",\"valueRequired\":true,\"valueName\":\"search_term_string\"}}],\"inLanguage\":\"es\"},{\"@type\":\"Organization\",\"@id\":\"https:\/\/buscoequipomedico.com\/#organization\",\"name\":\"Tu mejor opci\u00f3n Equipo M\u00e9dico M\u00e9xico\",\"url\":\"https:\/\/buscoequipomedico.com\/\",\"logo\":{\"@type\":\"ImageObject\",\"inLanguage\":\"es\",\"@id\":\"https:\/\/buscoequipomedico.com\/#\/schema\/logo\/image\/\",\"url\":\"https:\/\/buscoequipomedico.com\/wp-content\/uploads\/2021\/07\/EMM-VPrincipal-scaled.jpg\",\"contentUrl\":\"https:\/\/buscoequipomedico.com\/wp-content\/uploads\/2021\/07\/EMM-VPrincipal-scaled.jpg\",\"width\":2560,\"height\":1058,\"caption\":\"Tu mejor opci\u00f3n Equipo M\u00e9dico M\u00e9xico\"},\"image\":{\"@id\":\"https:\/\/buscoequipomedico.com\/#\/schema\/logo\/image\/\"}}]}<\/script>\n<!-- \/ Yoast SEO plugin. -->","yoast_head_json":{"title":"ELECTROCARDIOGRAFO 3 CANALES - Tu mejor opci\u00f3n Equipo M\u00e9dico M\u00e9xico","robots":{"index":"index","follow":"follow","max-snippet":"max-snippet:-1","max-image-preview":"max-image-preview:large","max-video-preview":"max-video-preview:-1"},"canonical":"https:\/\/buscoequipomedico.com\/?product=electrocardiografo-3-canales","og_locale":"es_ES","og_type":"article","og_title":"ELECTROCARDIOGRAFO 3 CANALES - Tu mejor opci\u00f3n Equipo M\u00e9dico M\u00e9xico","og_description":"Digital-tres canales-300g es un tipo de se\u00f1ales simult\u00e1neamente e imprime las ondas con sistema de impresi\u00f3n t\u00e9rmica. Sus funciones son las siguientes: registro y visualizaci\u00f3n, formas de onda en modo AUTO\/Manual; auto-Medici\u00f3n y diagn\u00f3stico autom\u00e1tico, par\u00e1metros de onda; inducir el estado de plomo y falta de papel; cambiar las lenguas de la interfaz (chino\/ingl\u00e9s); administrar la base de datos.\u00a0","og_url":"https:\/\/buscoequipomedico.com\/?product=electrocardiografo-3-canales","og_site_name":"Tu mejor opci\u00f3n Equipo M\u00e9dico M\u00e9xico","article_modified_time":"2020-02-18T07:33:34+00:00","og_image":[{"width":800,"height":800,"url":"https:\/\/buscoequipomedico.com\/wp-content\/uploads\/2020\/02\/electrocardiografo-3-canales-digital-tres-canales-300g-es-un-tipo-de-senales-simultaneamente-e-imprime-las-ondas-con-sistema-de.jpg","type":"image\/png"}],"twitter_card":"summary_large_image","twitter_misc":{"Tiempo de lectura":"2 minutos"},"schema":{"@context":"https:\/\/schema.org","@graph":[{"@type":"WebPage","@id":"https:\/\/buscoequipomedico.com\/?product=electrocardiografo-3-canales","url":"https:\/\/buscoequipomedico.com\/?product=electrocardiografo-3-canales","name":"ELECTROCARDIOGRAFO 3 CANALES - Tu mejor opci\u00f3n Equipo M\u00e9dico M\u00e9xico","isPartOf":{"@id":"https:\/\/buscoequipomedico.com\/#website"},"primaryImageOfPage":{"@id":"https:\/\/buscoequipomedico.com\/?product=electrocardiografo-3-canales#primaryimage"},"image":{"@id":"https:\/\/buscoequipomedico.com\/?product=electrocardiografo-3-canales#primaryimage"},"thumbnailUrl":"https:\/\/buscoequipomedico.com\/wp-content\/uploads\/2020\/02\/electrocardiografo-3-canales-digital-tres-canales-300g-es-un-tipo-de-senales-simultaneamente-e-imprime-las-ondas-con-sistema-de.jpg","datePublished":"2020-02-18T07:33:33+00:00","dateModified":"2020-02-18T07:33:34+00:00","breadcrumb":{"@id":"https:\/\/buscoequipomedico.com\/?product=electrocardiografo-3-canales#breadcrumb"},"inLanguage":"es","potentialAction":[{"@type":"ReadAction","target":["https:\/\/buscoequipomedico.com\/?product=electrocardiografo-3-canales"]}]},{"@type":"ImageObject","inLanguage":"es","@id":"https:\/\/buscoequipomedico.com\/?product=electrocardiografo-3-canales#primaryimage","url":"https:\/\/buscoequipomedico.com\/wp-content\/uploads\/2020\/02\/electrocardiografo-3-canales-digital-tres-canales-300g-es-un-tipo-de-senales-simultaneamente-e-imprime-las-ondas-con-sistema-de.jpg","contentUrl":"https:\/\/buscoequipomedico.com\/wp-content\/uploads\/2020\/02\/electrocardiografo-3-canales-digital-tres-canales-300g-es-un-tipo-de-senales-simultaneamente-e-imprime-las-ondas-con-sistema-de.jpg","width":800,"height":800},{"@type":"BreadcrumbList","@id":"https:\/\/buscoequipomedico.com\/?product=electrocardiografo-3-canales#breadcrumb","itemListElement":[{"@type":"ListItem","position":1,"name":"Productos","item":"https:\/\/buscoequipomedico.com\/shop\/"},{"@type":"ListItem","position":2,"name":"ELECTROCARDIOGRAFO 3 CANALES"}]},{"@type":"WebSite","@id":"https:\/\/buscoequipomedico.com\/#website","url":"https:\/\/buscoequipomedico.com\/","name":"Tu mejor opci\u00f3n Equipo M\u00e9dico M\u00e9xico","description":"Tienda de equipo m\u00e9dico","publisher":{"@id":"https:\/\/buscoequipomedico.com\/#organization"},"potentialAction":[{"@type":"SearchAction","target":{"@type":"EntryPoint","urlTemplate":"https:\/\/buscoequipomedico.com\/?s={search_term_string}"},"query-input":{"@type":"PropertyValueSpecification","valueRequired":true,"valueName":"search_term_string"}}],"inLanguage":"es"},{"@type":"Organization","@id":"https:\/\/buscoequipomedico.com\/#organization","name":"Tu mejor opci\u00f3n Equipo M\u00e9dico M\u00e9xico","url":"https:\/\/buscoequipomedico.com\/","logo":{"@type":"ImageObject","inLanguage":"es","@id":"https:\/\/buscoequipomedico.com\/#\/schema\/logo\/image\/","url":"https:\/\/buscoequipomedico.com\/wp-content\/uploads\/2021\/07\/EMM-VPrincipal-scaled.jpg","contentUrl":"https:\/\/buscoequipomedico.com\/wp-content\/uploads\/2021\/07\/EMM-VPrincipal-scaled.jpg","width":2560,"height":1058,"caption":"Tu mejor opci\u00f3n Equipo M\u00e9dico M\u00e9xico"},"image":{"@id":"https:\/\/buscoequipomedico.com\/#\/schema\/logo\/image\/"}}]}},"_links":{"self":[{"href":"https:\/\/buscoequipomedico.com\/index.php?rest_route=\/wp\/v2\/product\/11706","targetHints":{"allow":["GET"]}}],"collection":[{"href":"https:\/\/buscoequipomedico.com\/index.php?rest_route=\/wp\/v2\/product"}],"about":[{"href":"https:\/\/buscoequipomedico.com\/index.php?rest_route=\/wp\/v2\/types\/product"}],"wp:featuredmedia":[{"embeddable":true,"href":"https:\/\/buscoequipomedico.com\/index.php?rest_route=\/wp\/v2\/media\/11707"}],"wp:attachment":[{"href":"https:\/\/buscoequipomedico.com\/index.php?rest_route=%2Fwp%2Fv2%2Fmedia&parent=11706"}],"wp:term":[{"taxonomy":"product_brand","embeddable":true,"href":"https:\/\/buscoequipomedico.com\/index.php?rest_route=%2Fwp%2Fv2%2Fproduct_brand&post=11706"},{"taxonomy":"product_cat","embeddable":true,"href":"https:\/\/buscoequipomedico.com\/index.php?rest_route=%2Fwp%2Fv2%2Fproduct_cat&post=11706"},{"taxonomy":"product_tag","embeddable":true,"href":"https:\/\/buscoequipomedico.com\/index.php?rest_route=%2Fwp%2Fv2%2Fproduct_tag&post=11706"}],"curies":[{"name":"wp","href":"https:\/\/api.w.org\/{rel}","templated":true}]}}