{"id":11715,"date":"2020-02-18T07:33:33","date_gmt":"2020-02-18T07:33:33","guid":{"rendered":"https:\/\/equipomedicomexico-com.preview-domain.com\/product\/electrocardiografo-cp50-plus-con-electrodos-reusables-welch-allyn\/"},"modified":"2020-02-18T07:33:36","modified_gmt":"2020-02-18T07:33:36","slug":"electrocardiografo-cp50-plus-con-electrodos-reusables-welch-allyn","status":"publish","type":"product","link":"https:\/\/buscoequipomedico.com\/?product=electrocardiografo-cp50-plus-con-electrodos-reusables-welch-allyn","title":{"rendered":"ELECTROCARDIOGRAFO CP50 PLUS CON ELECTRODOS REUSABLES WELCH ALLYN"},"content":{"rendered":"<h1>ELECTROCARDI\u00d3GRAFO (ECG) CP 50 PLUS CON CONECTIVIDAD<\/h1>\n<p>Aproveche la potencia de un ECG con todas las funciones en un paquete compacto, asequible y f\u00e1cil de usar con el ECG CP 50. Con un simple y \u00fanico bot\u00f3n, el ECG CP 50 facilita la realizaci\u00f3n de pruebas de ECG a profesionales entrenados de todos los niveles. Y con funciones avanzadas como la pantalla t\u00e1ctil de alta resoluci\u00f3n a todo color, la impresora t\u00e9rmica y una amplia gama de opciones de conectividad al registro m\u00e9dico electr\u00f3nico, el CP 50 le da las opciones que necesita para el ejercicio de su profesi\u00f3n a un precio que se ajusta a su presupuesto.<\/p>\n<ul>\n<li>Monitor confiable con pantalla t\u00e1ctil.<\/li>\n<li>Interpretaci\u00f3n de Software MEANS.<\/li>\n<li>Impresora T\u00e9rmica de alta resoluci\u00f3n.<\/li>\n<li>Bot\u00f3n de encendido instant\u00e1neo.<\/li>\n<\/ul>\n<h2>Caracteristicas:<\/h2>\n<\/p>\n<ul>\n<li>Ligero 2 kg<\/li>\n<li>Bater\u00eda de litio<\/li>\n<li>12 Canales<\/li>\n<li>Software MEANS<\/li>\n<li>Interpretaci\u00f3n medici\u00f3n y an\u00e1lisis, adulto y pediatrico.<\/li>\n<li>Pantalla t\u00e1ctil a color que presenta 3 canales en tiempo real.<\/li>\n<li>Entrada de datos de paciente: Nombre, Apellido, Edad y Sexo.<\/li>\n<li>Modo autom\u00e1tico o manual, funci\u00f3n de un solo bot\u00f3n.<\/li>\n<li>Impresora t\u00e9rmica de alta resoluci\u00f3n<\/li>\n<li>Memoria interna de 50 estudios<\/li>\n<li>Genera el reporte a color en formato PDF en una memoria USB externa (cuadriculado a color)<\/li>\n<li>FLexibles en opciones de conectividad EMR, HIS, correo electronico, web, tele medicina<\/li>\n<li>Campos de entrada de datos de pacientes programables.<\/li>\n<li>Permite enviar los estudios en formato PDF por Internet<\/li>\n<\/ul>\n","protected":false},"excerpt":{"rendered":"<ul>\n<li>Monitor confiable con pantalla t\u00e1ctil.<\/li>\n<li>Interpretaci\u00f3n de Software MEANS.<\/li>\n<li>Impresora T\u00e9rmica de alta resoluci\u00f3n.<\/li>\n<li>Bot\u00f3n de encendido instant\u00e1neo.<\/li>\n<\/ul>\n","protected":false},"featured_media":11716,"template":"","meta":{"_joinchat":[]},"product_brand":[],"product_cat":[225],"product_tag":[],"class_list":{"0":"post-11715","1":"product","2":"type-product","3":"status-publish","4":"has-post-thumbnail","6":"product_cat-electrocardiografos","7":"pa_marca-welch-allyn","9":"first","10":"instock","11":"purchasable","12":"product-type-simple"},"yoast_head":"<!-- This site is optimized with the Yoast SEO plugin v25.1 - https:\/\/yoast.com\/wordpress\/plugins\/seo\/ -->\n<title>ELECTROCARDIOGRAFO CP50 PLUS CON ELECTRODOS REUSABLES WELCH ALLYN - Tu mejor opci\u00f3n Equipo M\u00e9dico M\u00e9xico<\/title>\n<meta name=\"robots\" content=\"index, follow, max-snippet:-1, max-image-preview:large, max-video-preview:-1\" \/>\n<link rel=\"canonical\" href=\"https:\/\/buscoequipomedico.com\/?product=electrocardiografo-cp50-plus-con-electrodos-reusables-welch-allyn\" \/>\n<meta property=\"og:locale\" content=\"es_ES\" \/>\n<meta property=\"og:type\" content=\"article\" \/>\n<meta property=\"og:title\" content=\"ELECTROCARDIOGRAFO CP50 PLUS CON ELECTRODOS REUSABLES WELCH ALLYN - Tu mejor opci\u00f3n Equipo M\u00e9dico M\u00e9xico\" \/>\n<meta property=\"og:description\" content=\"Monitor confiable con pantalla t\u00e1ctil. Interpretaci\u00f3n de Software MEANS. Impresora T\u00e9rmica de alta resoluci\u00f3n. Bot\u00f3n de encendido instant\u00e1neo.\" \/>\n<meta property=\"og:url\" content=\"https:\/\/buscoequipomedico.com\/?product=electrocardiografo-cp50-plus-con-electrodos-reusables-welch-allyn\" \/>\n<meta property=\"og:site_name\" content=\"Tu mejor opci\u00f3n Equipo M\u00e9dico M\u00e9xico\" \/>\n<meta property=\"article:modified_time\" content=\"2020-02-18T07:33:36+00:00\" \/>\n<meta property=\"og:image\" content=\"https:\/\/buscoequipomedico.com\/wp-content\/uploads\/2020\/02\/electrocardiografo-cp50-plus-con-electrodos-reusables-welch-allyn-monitor-confiable-con-pantalla-tactil-interpretacion-de-softwa.jpg\" \/>\n\t<meta property=\"og:image:width\" content=\"800\" \/>\n\t<meta property=\"og:image:height\" content=\"800\" \/>\n\t<meta property=\"og:image:type\" content=\"image\/png\" \/>\n<meta name=\"twitter:card\" content=\"summary_large_image\" \/>\n<meta name=\"twitter:label1\" content=\"Tiempo de lectura\" \/>\n\t<meta name=\"twitter:data1\" content=\"1 minuto\" \/>\n<script type=\"application\/ld+json\" class=\"yoast-schema-graph\">{\"@context\":\"https:\/\/schema.org\",\"@graph\":[{\"@type\":\"WebPage\",\"@id\":\"https:\/\/buscoequipomedico.com\/?product=electrocardiografo-cp50-plus-con-electrodos-reusables-welch-allyn\",\"url\":\"https:\/\/buscoequipomedico.com\/?product=electrocardiografo-cp50-plus-con-electrodos-reusables-welch-allyn\",\"name\":\"ELECTROCARDIOGRAFO CP50 PLUS CON ELECTRODOS REUSABLES WELCH ALLYN - Tu mejor opci\u00f3n Equipo M\u00e9dico M\u00e9xico\",\"isPartOf\":{\"@id\":\"https:\/\/buscoequipomedico.com\/#website\"},\"primaryImageOfPage\":{\"@id\":\"https:\/\/buscoequipomedico.com\/?product=electrocardiografo-cp50-plus-con-electrodos-reusables-welch-allyn#primaryimage\"},\"image\":{\"@id\":\"https:\/\/buscoequipomedico.com\/?product=electrocardiografo-cp50-plus-con-electrodos-reusables-welch-allyn#primaryimage\"},\"thumbnailUrl\":\"https:\/\/buscoequipomedico.com\/wp-content\/uploads\/2020\/02\/electrocardiografo-cp50-plus-con-electrodos-reusables-welch-allyn-monitor-confiable-con-pantalla-tactil-interpretacion-de-softwa.jpg\",\"datePublished\":\"2020-02-18T07:33:33+00:00\",\"dateModified\":\"2020-02-18T07:33:36+00:00\",\"breadcrumb\":{\"@id\":\"https:\/\/buscoequipomedico.com\/?product=electrocardiografo-cp50-plus-con-electrodos-reusables-welch-allyn#breadcrumb\"},\"inLanguage\":\"es\",\"potentialAction\":[{\"@type\":\"ReadAction\",\"target\":[\"https:\/\/buscoequipomedico.com\/?product=electrocardiografo-cp50-plus-con-electrodos-reusables-welch-allyn\"]}]},{\"@type\":\"ImageObject\",\"inLanguage\":\"es\",\"@id\":\"https:\/\/buscoequipomedico.com\/?product=electrocardiografo-cp50-plus-con-electrodos-reusables-welch-allyn#primaryimage\",\"url\":\"https:\/\/buscoequipomedico.com\/wp-content\/uploads\/2020\/02\/electrocardiografo-cp50-plus-con-electrodos-reusables-welch-allyn-monitor-confiable-con-pantalla-tactil-interpretacion-de-softwa.jpg\",\"contentUrl\":\"https:\/\/buscoequipomedico.com\/wp-content\/uploads\/2020\/02\/electrocardiografo-cp50-plus-con-electrodos-reusables-welch-allyn-monitor-confiable-con-pantalla-tactil-interpretacion-de-softwa.jpg\",\"width\":800,\"height\":800},{\"@type\":\"BreadcrumbList\",\"@id\":\"https:\/\/buscoequipomedico.com\/?product=electrocardiografo-cp50-plus-con-electrodos-reusables-welch-allyn#breadcrumb\",\"itemListElement\":[{\"@type\":\"ListItem\",\"position\":1,\"name\":\"Productos\",\"item\":\"https:\/\/buscoequipomedico.com\/shop\/\"},{\"@type\":\"ListItem\",\"position\":2,\"name\":\"ELECTROCARDIOGRAFO CP50 PLUS CON ELECTRODOS REUSABLES WELCH ALLYN\"}]},{\"@type\":\"WebSite\",\"@id\":\"https:\/\/buscoequipomedico.com\/#website\",\"url\":\"https:\/\/buscoequipomedico.com\/\",\"name\":\"Tu mejor opci\u00f3n Equipo M\u00e9dico M\u00e9xico\",\"description\":\"Tienda de equipo m\u00e9dico\",\"publisher\":{\"@id\":\"https:\/\/buscoequipomedico.com\/#organization\"},\"potentialAction\":[{\"@type\":\"SearchAction\",\"target\":{\"@type\":\"EntryPoint\",\"urlTemplate\":\"https:\/\/buscoequipomedico.com\/?s={search_term_string}\"},\"query-input\":{\"@type\":\"PropertyValueSpecification\",\"valueRequired\":true,\"valueName\":\"search_term_string\"}}],\"inLanguage\":\"es\"},{\"@type\":\"Organization\",\"@id\":\"https:\/\/buscoequipomedico.com\/#organization\",\"name\":\"Tu mejor opci\u00f3n Equipo M\u00e9dico M\u00e9xico\",\"url\":\"https:\/\/buscoequipomedico.com\/\",\"logo\":{\"@type\":\"ImageObject\",\"inLanguage\":\"es\",\"@id\":\"https:\/\/buscoequipomedico.com\/#\/schema\/logo\/image\/\",\"url\":\"https:\/\/buscoequipomedico.com\/wp-content\/uploads\/2021\/07\/EMM-VPrincipal-scaled.jpg\",\"contentUrl\":\"https:\/\/buscoequipomedico.com\/wp-content\/uploads\/2021\/07\/EMM-VPrincipal-scaled.jpg\",\"width\":2560,\"height\":1058,\"caption\":\"Tu mejor opci\u00f3n Equipo M\u00e9dico M\u00e9xico\"},\"image\":{\"@id\":\"https:\/\/buscoequipomedico.com\/#\/schema\/logo\/image\/\"}}]}<\/script>\n<!-- \/ Yoast SEO plugin. -->","yoast_head_json":{"title":"ELECTROCARDIOGRAFO CP50 PLUS CON ELECTRODOS REUSABLES WELCH ALLYN - Tu mejor opci\u00f3n Equipo M\u00e9dico M\u00e9xico","robots":{"index":"index","follow":"follow","max-snippet":"max-snippet:-1","max-image-preview":"max-image-preview:large","max-video-preview":"max-video-preview:-1"},"canonical":"https:\/\/buscoequipomedico.com\/?product=electrocardiografo-cp50-plus-con-electrodos-reusables-welch-allyn","og_locale":"es_ES","og_type":"article","og_title":"ELECTROCARDIOGRAFO CP50 PLUS CON ELECTRODOS REUSABLES WELCH ALLYN - Tu mejor opci\u00f3n Equipo M\u00e9dico M\u00e9xico","og_description":"Monitor confiable con pantalla t\u00e1ctil. Interpretaci\u00f3n de Software MEANS. Impresora T\u00e9rmica de alta resoluci\u00f3n. Bot\u00f3n de encendido instant\u00e1neo.","og_url":"https:\/\/buscoequipomedico.com\/?product=electrocardiografo-cp50-plus-con-electrodos-reusables-welch-allyn","og_site_name":"Tu mejor opci\u00f3n Equipo M\u00e9dico M\u00e9xico","article_modified_time":"2020-02-18T07:33:36+00:00","og_image":[{"width":800,"height":800,"url":"https:\/\/buscoequipomedico.com\/wp-content\/uploads\/2020\/02\/electrocardiografo-cp50-plus-con-electrodos-reusables-welch-allyn-monitor-confiable-con-pantalla-tactil-interpretacion-de-softwa.jpg","type":"image\/png"}],"twitter_card":"summary_large_image","twitter_misc":{"Tiempo de lectura":"1 minuto"},"schema":{"@context":"https:\/\/schema.org","@graph":[{"@type":"WebPage","@id":"https:\/\/buscoequipomedico.com\/?product=electrocardiografo-cp50-plus-con-electrodos-reusables-welch-allyn","url":"https:\/\/buscoequipomedico.com\/?product=electrocardiografo-cp50-plus-con-electrodos-reusables-welch-allyn","name":"ELECTROCARDIOGRAFO CP50 PLUS CON ELECTRODOS REUSABLES WELCH ALLYN - Tu mejor opci\u00f3n Equipo M\u00e9dico M\u00e9xico","isPartOf":{"@id":"https:\/\/buscoequipomedico.com\/#website"},"primaryImageOfPage":{"@id":"https:\/\/buscoequipomedico.com\/?product=electrocardiografo-cp50-plus-con-electrodos-reusables-welch-allyn#primaryimage"},"image":{"@id":"https:\/\/buscoequipomedico.com\/?product=electrocardiografo-cp50-plus-con-electrodos-reusables-welch-allyn#primaryimage"},"thumbnailUrl":"https:\/\/buscoequipomedico.com\/wp-content\/uploads\/2020\/02\/electrocardiografo-cp50-plus-con-electrodos-reusables-welch-allyn-monitor-confiable-con-pantalla-tactil-interpretacion-de-softwa.jpg","datePublished":"2020-02-18T07:33:33+00:00","dateModified":"2020-02-18T07:33:36+00:00","breadcrumb":{"@id":"https:\/\/buscoequipomedico.com\/?product=electrocardiografo-cp50-plus-con-electrodos-reusables-welch-allyn#breadcrumb"},"inLanguage":"es","potentialAction":[{"@type":"ReadAction","target":["https:\/\/buscoequipomedico.com\/?product=electrocardiografo-cp50-plus-con-electrodos-reusables-welch-allyn"]}]},{"@type":"ImageObject","inLanguage":"es","@id":"https:\/\/buscoequipomedico.com\/?product=electrocardiografo-cp50-plus-con-electrodos-reusables-welch-allyn#primaryimage","url":"https:\/\/buscoequipomedico.com\/wp-content\/uploads\/2020\/02\/electrocardiografo-cp50-plus-con-electrodos-reusables-welch-allyn-monitor-confiable-con-pantalla-tactil-interpretacion-de-softwa.jpg","contentUrl":"https:\/\/buscoequipomedico.com\/wp-content\/uploads\/2020\/02\/electrocardiografo-cp50-plus-con-electrodos-reusables-welch-allyn-monitor-confiable-con-pantalla-tactil-interpretacion-de-softwa.jpg","width":800,"height":800},{"@type":"BreadcrumbList","@id":"https:\/\/buscoequipomedico.com\/?product=electrocardiografo-cp50-plus-con-electrodos-reusables-welch-allyn#breadcrumb","itemListElement":[{"@type":"ListItem","position":1,"name":"Productos","item":"https:\/\/buscoequipomedico.com\/shop\/"},{"@type":"ListItem","position":2,"name":"ELECTROCARDIOGRAFO CP50 PLUS CON ELECTRODOS REUSABLES WELCH ALLYN"}]},{"@type":"WebSite","@id":"https:\/\/buscoequipomedico.com\/#website","url":"https:\/\/buscoequipomedico.com\/","name":"Tu mejor opci\u00f3n Equipo M\u00e9dico M\u00e9xico","description":"Tienda de equipo m\u00e9dico","publisher":{"@id":"https:\/\/buscoequipomedico.com\/#organization"},"potentialAction":[{"@type":"SearchAction","target":{"@type":"EntryPoint","urlTemplate":"https:\/\/buscoequipomedico.com\/?s={search_term_string}"},"query-input":{"@type":"PropertyValueSpecification","valueRequired":true,"valueName":"search_term_string"}}],"inLanguage":"es"},{"@type":"Organization","@id":"https:\/\/buscoequipomedico.com\/#organization","name":"Tu mejor opci\u00f3n Equipo M\u00e9dico M\u00e9xico","url":"https:\/\/buscoequipomedico.com\/","logo":{"@type":"ImageObject","inLanguage":"es","@id":"https:\/\/buscoequipomedico.com\/#\/schema\/logo\/image\/","url":"https:\/\/buscoequipomedico.com\/wp-content\/uploads\/2021\/07\/EMM-VPrincipal-scaled.jpg","contentUrl":"https:\/\/buscoequipomedico.com\/wp-content\/uploads\/2021\/07\/EMM-VPrincipal-scaled.jpg","width":2560,"height":1058,"caption":"Tu mejor opci\u00f3n Equipo M\u00e9dico M\u00e9xico"},"image":{"@id":"https:\/\/buscoequipomedico.com\/#\/schema\/logo\/image\/"}}]}},"_links":{"self":[{"href":"https:\/\/buscoequipomedico.com\/index.php?rest_route=\/wp\/v2\/product\/11715","targetHints":{"allow":["GET"]}}],"collection":[{"href":"https:\/\/buscoequipomedico.com\/index.php?rest_route=\/wp\/v2\/product"}],"about":[{"href":"https:\/\/buscoequipomedico.com\/index.php?rest_route=\/wp\/v2\/types\/product"}],"wp:featuredmedia":[{"embeddable":true,"href":"https:\/\/buscoequipomedico.com\/index.php?rest_route=\/wp\/v2\/media\/11716"}],"wp:attachment":[{"href":"https:\/\/buscoequipomedico.com\/index.php?rest_route=%2Fwp%2Fv2%2Fmedia&parent=11715"}],"wp:term":[{"taxonomy":"product_brand","embeddable":true,"href":"https:\/\/buscoequipomedico.com\/index.php?rest_route=%2Fwp%2Fv2%2Fproduct_brand&post=11715"},{"taxonomy":"product_cat","embeddable":true,"href":"https:\/\/buscoequipomedico.com\/index.php?rest_route=%2Fwp%2Fv2%2Fproduct_cat&post=11715"},{"taxonomy":"product_tag","embeddable":true,"href":"https:\/\/buscoequipomedico.com\/index.php?rest_route=%2Fwp%2Fv2%2Fproduct_tag&post=11715"}],"curies":[{"name":"wp","href":"https:\/\/api.w.org\/{rel}","templated":true}]}}