{"id":11717,"date":"2020-02-18T07:33:33","date_gmt":"2020-02-18T07:33:33","guid":{"rendered":"https:\/\/equipomedicomexico-com.preview-domain.com\/product\/electrocardiografo-de-6-canales-lcd-dispaly\/"},"modified":"2020-02-18T07:33:36","modified_gmt":"2020-02-18T07:33:36","slug":"electrocardiografo-de-6-canales-lcd-dispaly","status":"publish","type":"product","link":"https:\/\/buscoequipomedico.com\/?product=electrocardiografo-de-6-canales-lcd-dispaly","title":{"rendered":"ELECTROCARDIOGRAFO DE 6 CANALES \/ LCD DISPALY"},"content":{"rendered":"<p>Electrocardi\u00f3grafo avanzado con interpretaci\u00f3n, Autom\u00e1tico y Manual. Utilizaci\u00f3n simple e intuitiva mediante su pantalla t\u00e1ctil. ECG con acumulador recargable incorporado.<\/p>\n<p>El\u00a0<span>CardiMax FX-7202<\/span>\u00a0mide de manera preciso el ECG de 12 derivaciones y graba formas de onda de ECG y mediciones en un papel con gr\u00e1fico impreso de 110 mm. El nuevo dise\u00f1o del hardware y el nuevo programa de mediciones de ECG aumentan de forma sin\u00e9rgica la precisi\u00f3n de todas las mediciones.<\/p>\n<p><span>ECG<\/span>:<\/p>\n<ul>\n<li>12 derivaciones est\u00e1ndar<\/li>\n<li>Frecuencia: 0.05Hz a 150 Hz<\/li>\n<li>Filtros: 50 o 60 Hz, 25 o 35 hz, 0.25 o 0.5 HZ<\/li>\n<li>Grabaci\u00f3n de los trastornos del ritmo card\u00edaco<\/li>\n<li>Mediciones QRS<\/li>\n<\/ul>\n<p><span>Memoria<\/span>:<\/p>\n<p>La memoria interna que lleva instalada de serie almacena formas de onda y mediciones de hasta 128 pruebas. Este electrocardi\u00f3grafo ofrece la posibilidad de revisar los datos de ECG almacenados en la memoria para poder grabarlos cuando lo necesite y imprimir una lista de datos.<\/p>\n<p><span>Pantalla<\/span>:<\/p>\n<p>Su gran pantalla LCD t\u00e1ctil permite un acceso simple y directo a todas las aplicaciones en un dise\u00f1o compacto y port\u00e1til.<\/p>\n<p>El usuario puede tocar directamente la tecla o el icono necesario mientras visualiza los datos en la pantalla para utilizar de forma sencilla diversas funciones. Al introducir el nombre del paciente y otros datos, la pantalla t\u00e1ctil se convierte en un teclado alfanum\u00e9rico.<\/p>\n<ul>\n<li>Pantalla grande, t\u00e1ctil, LCD incorporado (320 x 240 puntos) y retroiluminada<\/li>\n<li>Tama\u00f1o pantalla: 115 mm x 86 mm<\/li>\n<li>Visualizaci\u00f3n clara del ECG 3\/6\/12-deriv.<\/li>\n<\/ul>\n<p><span>Impresi\u00f3n<\/span>:<\/p>\n<ul>\n<li>Velocidad papel: 5, 10, 12.5, 25 o 50 mm\/sec<\/li>\n<li>3\/6 canales en papel de 110 mm de ancho<\/li>\n<li>Trama de papel 110 mm x 20 m<\/li>\n<li>Funciona \u00fanicamente con trama de papel<\/li>\n<\/ul>\n","protected":false},"excerpt":{"rendered":"<p>Electrocardi\u00f3grafo avanzado con interpretaci\u00f3n, Autom\u00e1tico y Manual. Utilizaci\u00f3n simple e intuitiva mediante su pantalla t\u00e1ctil. ECG con acumulador recargable incorporado.<\/p>\n<p>El\u00a0<span>CardiMax FX-7202<\/span>\u00a0mide de manera preciso el ECG de 12 derivaciones y graba formas de onda de ECG y mediciones en un papel con gr\u00e1fico impreso de 110 mm. El nuevo dise\u00f1o del hardware y el nuevo programa de mediciones de ECG aumentan de forma sin\u00e9rgica la precisi\u00f3n de todas las mediciones.<\/p>\n","protected":false},"featured_media":11718,"template":"","meta":{"_joinchat":[]},"product_brand":[],"product_cat":[225],"product_tag":[],"class_list":{"0":"post-11717","1":"product","2":"type-product","3":"status-publish","4":"has-post-thumbnail","6":"product_cat-electrocardiografos","7":"pa_marca-fukuda-denshi","9":"first","10":"instock","11":"purchasable","12":"product-type-simple"},"yoast_head":"<!-- This site is optimized with the Yoast SEO plugin v25.1 - https:\/\/yoast.com\/wordpress\/plugins\/seo\/ -->\n<title>ELECTROCARDIOGRAFO DE 6 CANALES \/ LCD DISPALY - Tu mejor opci\u00f3n Equipo M\u00e9dico M\u00e9xico<\/title>\n<meta name=\"robots\" content=\"index, follow, max-snippet:-1, max-image-preview:large, max-video-preview:-1\" \/>\n<link rel=\"canonical\" href=\"https:\/\/buscoequipomedico.com\/?product=electrocardiografo-de-6-canales-lcd-dispaly\" \/>\n<meta property=\"og:locale\" content=\"es_ES\" \/>\n<meta property=\"og:type\" content=\"article\" \/>\n<meta property=\"og:title\" content=\"ELECTROCARDIOGRAFO DE 6 CANALES \/ LCD DISPALY - Tu mejor opci\u00f3n Equipo M\u00e9dico M\u00e9xico\" \/>\n<meta property=\"og:description\" content=\"Electrocardi\u00f3grafo avanzado con interpretaci\u00f3n, Autom\u00e1tico y Manual. Utilizaci\u00f3n simple e intuitiva mediante su pantalla t\u00e1ctil. ECG con acumulador recargable incorporado. El\u00a0CardiMax FX-7202\u00a0mide de manera preciso el ECG de 12 derivaciones y graba formas de onda de ECG y mediciones en un papel con gr\u00e1fico impreso de 110 mm. El nuevo dise\u00f1o del hardware y el nuevo programa de mediciones de ECG aumentan de forma sin\u00e9rgica la precisi\u00f3n de todas las mediciones.\" \/>\n<meta property=\"og:url\" content=\"https:\/\/buscoequipomedico.com\/?product=electrocardiografo-de-6-canales-lcd-dispaly\" \/>\n<meta property=\"og:site_name\" content=\"Tu mejor opci\u00f3n Equipo M\u00e9dico M\u00e9xico\" \/>\n<meta property=\"article:modified_time\" content=\"2020-02-18T07:33:36+00:00\" \/>\n<meta property=\"og:image\" content=\"https:\/\/buscoequipomedico.com\/wp-content\/uploads\/2020\/02\/electrocardiografo-de-6-canales-lcd-dispaly-electrocardiografo-avanzado-con-interpretacion-automatico-y-manual-utilizacion-simpl.jpg\" \/>\n\t<meta property=\"og:image:width\" content=\"800\" \/>\n\t<meta property=\"og:image:height\" content=\"800\" \/>\n\t<meta property=\"og:image:type\" content=\"image\/png\" \/>\n<meta name=\"twitter:card\" content=\"summary_large_image\" \/>\n<meta name=\"twitter:label1\" content=\"Tiempo de lectura\" \/>\n\t<meta name=\"twitter:data1\" content=\"1 minuto\" \/>\n<script type=\"application\/ld+json\" class=\"yoast-schema-graph\">{\"@context\":\"https:\/\/schema.org\",\"@graph\":[{\"@type\":\"WebPage\",\"@id\":\"https:\/\/buscoequipomedico.com\/?product=electrocardiografo-de-6-canales-lcd-dispaly\",\"url\":\"https:\/\/buscoequipomedico.com\/?product=electrocardiografo-de-6-canales-lcd-dispaly\",\"name\":\"ELECTROCARDIOGRAFO DE 6 CANALES \/ LCD DISPALY - Tu mejor opci\u00f3n Equipo M\u00e9dico M\u00e9xico\",\"isPartOf\":{\"@id\":\"https:\/\/buscoequipomedico.com\/#website\"},\"primaryImageOfPage\":{\"@id\":\"https:\/\/buscoequipomedico.com\/?product=electrocardiografo-de-6-canales-lcd-dispaly#primaryimage\"},\"image\":{\"@id\":\"https:\/\/buscoequipomedico.com\/?product=electrocardiografo-de-6-canales-lcd-dispaly#primaryimage\"},\"thumbnailUrl\":\"https:\/\/buscoequipomedico.com\/wp-content\/uploads\/2020\/02\/electrocardiografo-de-6-canales-lcd-dispaly-electrocardiografo-avanzado-con-interpretacion-automatico-y-manual-utilizacion-simpl.jpg\",\"datePublished\":\"2020-02-18T07:33:33+00:00\",\"dateModified\":\"2020-02-18T07:33:36+00:00\",\"breadcrumb\":{\"@id\":\"https:\/\/buscoequipomedico.com\/?product=electrocardiografo-de-6-canales-lcd-dispaly#breadcrumb\"},\"inLanguage\":\"es\",\"potentialAction\":[{\"@type\":\"ReadAction\",\"target\":[\"https:\/\/buscoequipomedico.com\/?product=electrocardiografo-de-6-canales-lcd-dispaly\"]}]},{\"@type\":\"ImageObject\",\"inLanguage\":\"es\",\"@id\":\"https:\/\/buscoequipomedico.com\/?product=electrocardiografo-de-6-canales-lcd-dispaly#primaryimage\",\"url\":\"https:\/\/buscoequipomedico.com\/wp-content\/uploads\/2020\/02\/electrocardiografo-de-6-canales-lcd-dispaly-electrocardiografo-avanzado-con-interpretacion-automatico-y-manual-utilizacion-simpl.jpg\",\"contentUrl\":\"https:\/\/buscoequipomedico.com\/wp-content\/uploads\/2020\/02\/electrocardiografo-de-6-canales-lcd-dispaly-electrocardiografo-avanzado-con-interpretacion-automatico-y-manual-utilizacion-simpl.jpg\",\"width\":800,\"height\":800},{\"@type\":\"BreadcrumbList\",\"@id\":\"https:\/\/buscoequipomedico.com\/?product=electrocardiografo-de-6-canales-lcd-dispaly#breadcrumb\",\"itemListElement\":[{\"@type\":\"ListItem\",\"position\":1,\"name\":\"Productos\",\"item\":\"https:\/\/buscoequipomedico.com\/shop\/\"},{\"@type\":\"ListItem\",\"position\":2,\"name\":\"ELECTROCARDIOGRAFO DE 6 CANALES \/ LCD DISPALY\"}]},{\"@type\":\"WebSite\",\"@id\":\"https:\/\/buscoequipomedico.com\/#website\",\"url\":\"https:\/\/buscoequipomedico.com\/\",\"name\":\"Tu mejor opci\u00f3n Equipo M\u00e9dico M\u00e9xico\",\"description\":\"Tienda de equipo m\u00e9dico\",\"publisher\":{\"@id\":\"https:\/\/buscoequipomedico.com\/#organization\"},\"potentialAction\":[{\"@type\":\"SearchAction\",\"target\":{\"@type\":\"EntryPoint\",\"urlTemplate\":\"https:\/\/buscoequipomedico.com\/?s={search_term_string}\"},\"query-input\":{\"@type\":\"PropertyValueSpecification\",\"valueRequired\":true,\"valueName\":\"search_term_string\"}}],\"inLanguage\":\"es\"},{\"@type\":\"Organization\",\"@id\":\"https:\/\/buscoequipomedico.com\/#organization\",\"name\":\"Tu mejor opci\u00f3n Equipo M\u00e9dico M\u00e9xico\",\"url\":\"https:\/\/buscoequipomedico.com\/\",\"logo\":{\"@type\":\"ImageObject\",\"inLanguage\":\"es\",\"@id\":\"https:\/\/buscoequipomedico.com\/#\/schema\/logo\/image\/\",\"url\":\"https:\/\/buscoequipomedico.com\/wp-content\/uploads\/2021\/07\/EMM-VPrincipal-scaled.jpg\",\"contentUrl\":\"https:\/\/buscoequipomedico.com\/wp-content\/uploads\/2021\/07\/EMM-VPrincipal-scaled.jpg\",\"width\":2560,\"height\":1058,\"caption\":\"Tu mejor opci\u00f3n Equipo M\u00e9dico M\u00e9xico\"},\"image\":{\"@id\":\"https:\/\/buscoequipomedico.com\/#\/schema\/logo\/image\/\"}}]}<\/script>\n<!-- \/ Yoast SEO plugin. -->","yoast_head_json":{"title":"ELECTROCARDIOGRAFO DE 6 CANALES \/ LCD DISPALY - Tu mejor opci\u00f3n Equipo M\u00e9dico M\u00e9xico","robots":{"index":"index","follow":"follow","max-snippet":"max-snippet:-1","max-image-preview":"max-image-preview:large","max-video-preview":"max-video-preview:-1"},"canonical":"https:\/\/buscoequipomedico.com\/?product=electrocardiografo-de-6-canales-lcd-dispaly","og_locale":"es_ES","og_type":"article","og_title":"ELECTROCARDIOGRAFO DE 6 CANALES \/ LCD DISPALY - Tu mejor opci\u00f3n Equipo M\u00e9dico M\u00e9xico","og_description":"Electrocardi\u00f3grafo avanzado con interpretaci\u00f3n, Autom\u00e1tico y Manual. Utilizaci\u00f3n simple e intuitiva mediante su pantalla t\u00e1ctil. ECG con acumulador recargable incorporado. El\u00a0CardiMax FX-7202\u00a0mide de manera preciso el ECG de 12 derivaciones y graba formas de onda de ECG y mediciones en un papel con gr\u00e1fico impreso de 110 mm. El nuevo dise\u00f1o del hardware y el nuevo programa de mediciones de ECG aumentan de forma sin\u00e9rgica la precisi\u00f3n de todas las mediciones.","og_url":"https:\/\/buscoequipomedico.com\/?product=electrocardiografo-de-6-canales-lcd-dispaly","og_site_name":"Tu mejor opci\u00f3n Equipo M\u00e9dico M\u00e9xico","article_modified_time":"2020-02-18T07:33:36+00:00","og_image":[{"width":800,"height":800,"url":"https:\/\/buscoequipomedico.com\/wp-content\/uploads\/2020\/02\/electrocardiografo-de-6-canales-lcd-dispaly-electrocardiografo-avanzado-con-interpretacion-automatico-y-manual-utilizacion-simpl.jpg","type":"image\/png"}],"twitter_card":"summary_large_image","twitter_misc":{"Tiempo de lectura":"1 minuto"},"schema":{"@context":"https:\/\/schema.org","@graph":[{"@type":"WebPage","@id":"https:\/\/buscoequipomedico.com\/?product=electrocardiografo-de-6-canales-lcd-dispaly","url":"https:\/\/buscoequipomedico.com\/?product=electrocardiografo-de-6-canales-lcd-dispaly","name":"ELECTROCARDIOGRAFO DE 6 CANALES \/ LCD DISPALY - Tu mejor opci\u00f3n Equipo M\u00e9dico M\u00e9xico","isPartOf":{"@id":"https:\/\/buscoequipomedico.com\/#website"},"primaryImageOfPage":{"@id":"https:\/\/buscoequipomedico.com\/?product=electrocardiografo-de-6-canales-lcd-dispaly#primaryimage"},"image":{"@id":"https:\/\/buscoequipomedico.com\/?product=electrocardiografo-de-6-canales-lcd-dispaly#primaryimage"},"thumbnailUrl":"https:\/\/buscoequipomedico.com\/wp-content\/uploads\/2020\/02\/electrocardiografo-de-6-canales-lcd-dispaly-electrocardiografo-avanzado-con-interpretacion-automatico-y-manual-utilizacion-simpl.jpg","datePublished":"2020-02-18T07:33:33+00:00","dateModified":"2020-02-18T07:33:36+00:00","breadcrumb":{"@id":"https:\/\/buscoequipomedico.com\/?product=electrocardiografo-de-6-canales-lcd-dispaly#breadcrumb"},"inLanguage":"es","potentialAction":[{"@type":"ReadAction","target":["https:\/\/buscoequipomedico.com\/?product=electrocardiografo-de-6-canales-lcd-dispaly"]}]},{"@type":"ImageObject","inLanguage":"es","@id":"https:\/\/buscoequipomedico.com\/?product=electrocardiografo-de-6-canales-lcd-dispaly#primaryimage","url":"https:\/\/buscoequipomedico.com\/wp-content\/uploads\/2020\/02\/electrocardiografo-de-6-canales-lcd-dispaly-electrocardiografo-avanzado-con-interpretacion-automatico-y-manual-utilizacion-simpl.jpg","contentUrl":"https:\/\/buscoequipomedico.com\/wp-content\/uploads\/2020\/02\/electrocardiografo-de-6-canales-lcd-dispaly-electrocardiografo-avanzado-con-interpretacion-automatico-y-manual-utilizacion-simpl.jpg","width":800,"height":800},{"@type":"BreadcrumbList","@id":"https:\/\/buscoequipomedico.com\/?product=electrocardiografo-de-6-canales-lcd-dispaly#breadcrumb","itemListElement":[{"@type":"ListItem","position":1,"name":"Productos","item":"https:\/\/buscoequipomedico.com\/shop\/"},{"@type":"ListItem","position":2,"name":"ELECTROCARDIOGRAFO DE 6 CANALES \/ LCD DISPALY"}]},{"@type":"WebSite","@id":"https:\/\/buscoequipomedico.com\/#website","url":"https:\/\/buscoequipomedico.com\/","name":"Tu mejor opci\u00f3n Equipo M\u00e9dico M\u00e9xico","description":"Tienda de equipo m\u00e9dico","publisher":{"@id":"https:\/\/buscoequipomedico.com\/#organization"},"potentialAction":[{"@type":"SearchAction","target":{"@type":"EntryPoint","urlTemplate":"https:\/\/buscoequipomedico.com\/?s={search_term_string}"},"query-input":{"@type":"PropertyValueSpecification","valueRequired":true,"valueName":"search_term_string"}}],"inLanguage":"es"},{"@type":"Organization","@id":"https:\/\/buscoequipomedico.com\/#organization","name":"Tu mejor opci\u00f3n Equipo M\u00e9dico M\u00e9xico","url":"https:\/\/buscoequipomedico.com\/","logo":{"@type":"ImageObject","inLanguage":"es","@id":"https:\/\/buscoequipomedico.com\/#\/schema\/logo\/image\/","url":"https:\/\/buscoequipomedico.com\/wp-content\/uploads\/2021\/07\/EMM-VPrincipal-scaled.jpg","contentUrl":"https:\/\/buscoequipomedico.com\/wp-content\/uploads\/2021\/07\/EMM-VPrincipal-scaled.jpg","width":2560,"height":1058,"caption":"Tu mejor opci\u00f3n Equipo M\u00e9dico M\u00e9xico"},"image":{"@id":"https:\/\/buscoequipomedico.com\/#\/schema\/logo\/image\/"}}]}},"_links":{"self":[{"href":"https:\/\/buscoequipomedico.com\/index.php?rest_route=\/wp\/v2\/product\/11717","targetHints":{"allow":["GET"]}}],"collection":[{"href":"https:\/\/buscoequipomedico.com\/index.php?rest_route=\/wp\/v2\/product"}],"about":[{"href":"https:\/\/buscoequipomedico.com\/index.php?rest_route=\/wp\/v2\/types\/product"}],"wp:featuredmedia":[{"embeddable":true,"href":"https:\/\/buscoequipomedico.com\/index.php?rest_route=\/wp\/v2\/media\/11718"}],"wp:attachment":[{"href":"https:\/\/buscoequipomedico.com\/index.php?rest_route=%2Fwp%2Fv2%2Fmedia&parent=11717"}],"wp:term":[{"taxonomy":"product_brand","embeddable":true,"href":"https:\/\/buscoequipomedico.com\/index.php?rest_route=%2Fwp%2Fv2%2Fproduct_brand&post=11717"},{"taxonomy":"product_cat","embeddable":true,"href":"https:\/\/buscoequipomedico.com\/index.php?rest_route=%2Fwp%2Fv2%2Fproduct_cat&post=11717"},{"taxonomy":"product_tag","embeddable":true,"href":"https:\/\/buscoequipomedico.com\/index.php?rest_route=%2Fwp%2Fv2%2Fproduct_tag&post=11717"}],"curies":[{"name":"wp","href":"https:\/\/api.w.org\/{rel}","templated":true}]}}