{"id":11719,"date":"2020-02-18T07:33:33","date_gmt":"2020-02-18T07:33:33","guid":{"rendered":"https:\/\/equipomedicomexico-com.preview-domain.com\/product\/electrocardiografo-holter-de-3-canales\/"},"modified":"2020-02-18T07:33:37","modified_gmt":"2020-02-18T07:33:37","slug":"electrocardiografo-holter-de-3-canales","status":"publish","type":"product","link":"https:\/\/buscoequipomedico.com\/?product=electrocardiografo-holter-de-3-canales","title":{"rendered":"ELECTROCARDIOGRAFO HOLTER DE 3 CANALES"},"content":{"rendered":"<p>Caracter\u00edsticas principales<\/p>\n<\/p>\n<p>1)El registrador puede los datos en tiempo real de la tienda ECG para de 24 horas.<\/p>\n<p>2)El an\u00e1lisis de la arritmia que basa en MCSSTM y TMCATM puede reducir grandemente el trabajo del doctor.<\/p>\n<p>3)Con m\u00e1s de 10 plantillas (tales como golpe prematuro atrial, golpe prematuro ventricular, intervalo largo, fibrilaci\u00f3n atrial, etc.) y muchos m\u00f3dulos definidos por el usario, que pueden casi distinguir cualquier clase de formas de onda patol\u00f3gicas.<\/p>\n<p>4)Funci\u00f3n flexible de la selecci\u00f3n de canal del an\u00e1lisis, que se asegura de que cualquier canal se pueda seleccionar como el canal principal del an\u00e1lisis.<\/p>\n<p>5)An\u00e1lisis flexible de la fibrilaci\u00f3n atrial, que se asegura de que los m\u00e9dicos puedan utilizar el an\u00e1lisis entero o dividido en segmentos de AUTO\/manual, m\u00e1s exacto en an\u00e1lisis de la fibrilaci\u00f3n atrial.<\/p>\n<p>6)Todos los marcapasos (tales como AAI, VVI, DDD etc.) se pueden analizar por la funci\u00f3n potente del an\u00e1lisis de los marcapasos.<\/p>\n<p>7)Con muchas plantillas de establecimiento del paso del an\u00e1lisis, tales como \u201cc\u00e1mara dual que establece el paso\u201d, \u201cestableciendo el paso atrial\u201d, \u201cestableciendo el paso ventricular\u201d, \u201cPseudofusion ventricular\u201d y \u201cestableciendo el paso asincr\u00f3nica ventricular\u201d, etc.<\/p>\n<p>8)Solo o la lleno-ventaja ECG en cubo puede ser revisado en cualquier momento por la funci\u00f3n r\u00e1pida del an\u00e1lisis del estudio.<\/p>\n<p>9)Con las funciones del an\u00e1lisis para la cinco minutos, de una hora y de 24 horas variabilidad del ritmo card\u00edaco.<\/p>\n<p>10)impresi\u00f3n de la Uno-llave, conveniente y r\u00e1pido imprimir los informes.<\/p>\n<p>11)Funci\u00f3n de gesti\u00f3n perfecta del caso.<\/p>\n<p>12)El riesgo de pausa de la respiraci\u00f3n del sue\u00f1o se puede predecir por \u201cla funci\u00f3n \u00fanica del an\u00e1lisis del s\u00edndrome de la pausa de la respiraci\u00f3n del sue\u00f1o \u00ab.<\/p>\n<p>13)El riesgo de la muerte en pacientes con el infarto del miocardio se puede predecir por la funci\u00f3n del an\u00e1lisis de \u201cHRT\u201d.<\/p>\n<p>14)La \u201calternaci\u00f3n de la onda T\u201d es un \u00edndice importante para predecir la arritmia mala y la muerte cardiaca s\u00fabita<\/p>\n","protected":false},"excerpt":{"rendered":"<p>N\u00famero de canales:<\/p>\n<p>3 canales<\/p>\n","protected":false},"featured_media":11720,"template":"","meta":{"_joinchat":[]},"product_brand":[],"product_cat":[225],"product_tag":[],"class_list":{"0":"post-11719","1":"product","2":"type-product","3":"status-publish","4":"has-post-thumbnail","6":"product_cat-electrocardiografos","7":"pa_marca-contec","9":"first","10":"instock","11":"purchasable","12":"product-type-simple"},"yoast_head":"<!-- This site is optimized with the Yoast SEO plugin v25.1 - https:\/\/yoast.com\/wordpress\/plugins\/seo\/ -->\n<title>ELECTROCARDIOGRAFO HOLTER DE 3 CANALES - Tu mejor opci\u00f3n Equipo M\u00e9dico M\u00e9xico<\/title>\n<meta name=\"robots\" content=\"index, follow, max-snippet:-1, max-image-preview:large, max-video-preview:-1\" \/>\n<link rel=\"canonical\" href=\"https:\/\/buscoequipomedico.com\/?product=electrocardiografo-holter-de-3-canales\" \/>\n<meta property=\"og:locale\" content=\"es_ES\" \/>\n<meta property=\"og:type\" content=\"article\" \/>\n<meta property=\"og:title\" content=\"ELECTROCARDIOGRAFO HOLTER DE 3 CANALES - Tu mejor opci\u00f3n Equipo M\u00e9dico M\u00e9xico\" \/>\n<meta property=\"og:description\" content=\"N\u00famero de canales: 3 canales\" \/>\n<meta property=\"og:url\" content=\"https:\/\/buscoequipomedico.com\/?product=electrocardiografo-holter-de-3-canales\" \/>\n<meta property=\"og:site_name\" content=\"Tu mejor opci\u00f3n Equipo M\u00e9dico M\u00e9xico\" \/>\n<meta property=\"article:modified_time\" content=\"2020-02-18T07:33:37+00:00\" \/>\n<meta property=\"og:image\" content=\"https:\/\/buscoequipomedico.com\/wp-content\/uploads\/2020\/02\/electrocardiografo-holter-de-3-canales-numero-de-canales-3-canales.jpg\" \/>\n\t<meta property=\"og:image:width\" content=\"800\" \/>\n\t<meta property=\"og:image:height\" content=\"800\" \/>\n\t<meta property=\"og:image:type\" content=\"image\/jpeg\" \/>\n<meta name=\"twitter:card\" content=\"summary_large_image\" \/>\n<meta name=\"twitter:label1\" content=\"Tiempo de lectura\" \/>\n\t<meta name=\"twitter:data1\" content=\"2 minutos\" \/>\n<script type=\"application\/ld+json\" class=\"yoast-schema-graph\">{\"@context\":\"https:\/\/schema.org\",\"@graph\":[{\"@type\":\"WebPage\",\"@id\":\"https:\/\/buscoequipomedico.com\/?product=electrocardiografo-holter-de-3-canales\",\"url\":\"https:\/\/buscoequipomedico.com\/?product=electrocardiografo-holter-de-3-canales\",\"name\":\"ELECTROCARDIOGRAFO HOLTER DE 3 CANALES - Tu mejor opci\u00f3n Equipo M\u00e9dico M\u00e9xico\",\"isPartOf\":{\"@id\":\"https:\/\/buscoequipomedico.com\/#website\"},\"primaryImageOfPage\":{\"@id\":\"https:\/\/buscoequipomedico.com\/?product=electrocardiografo-holter-de-3-canales#primaryimage\"},\"image\":{\"@id\":\"https:\/\/buscoequipomedico.com\/?product=electrocardiografo-holter-de-3-canales#primaryimage\"},\"thumbnailUrl\":\"https:\/\/buscoequipomedico.com\/wp-content\/uploads\/2020\/02\/electrocardiografo-holter-de-3-canales-numero-de-canales-3-canales.jpg\",\"datePublished\":\"2020-02-18T07:33:33+00:00\",\"dateModified\":\"2020-02-18T07:33:37+00:00\",\"breadcrumb\":{\"@id\":\"https:\/\/buscoequipomedico.com\/?product=electrocardiografo-holter-de-3-canales#breadcrumb\"},\"inLanguage\":\"es\",\"potentialAction\":[{\"@type\":\"ReadAction\",\"target\":[\"https:\/\/buscoequipomedico.com\/?product=electrocardiografo-holter-de-3-canales\"]}]},{\"@type\":\"ImageObject\",\"inLanguage\":\"es\",\"@id\":\"https:\/\/buscoequipomedico.com\/?product=electrocardiografo-holter-de-3-canales#primaryimage\",\"url\":\"https:\/\/buscoequipomedico.com\/wp-content\/uploads\/2020\/02\/electrocardiografo-holter-de-3-canales-numero-de-canales-3-canales.jpg\",\"contentUrl\":\"https:\/\/buscoequipomedico.com\/wp-content\/uploads\/2020\/02\/electrocardiografo-holter-de-3-canales-numero-de-canales-3-canales.jpg\",\"width\":800,\"height\":800},{\"@type\":\"BreadcrumbList\",\"@id\":\"https:\/\/buscoequipomedico.com\/?product=electrocardiografo-holter-de-3-canales#breadcrumb\",\"itemListElement\":[{\"@type\":\"ListItem\",\"position\":1,\"name\":\"Productos\",\"item\":\"https:\/\/buscoequipomedico.com\/shop\/\"},{\"@type\":\"ListItem\",\"position\":2,\"name\":\"ELECTROCARDIOGRAFO HOLTER DE 3 CANALES\"}]},{\"@type\":\"WebSite\",\"@id\":\"https:\/\/buscoequipomedico.com\/#website\",\"url\":\"https:\/\/buscoequipomedico.com\/\",\"name\":\"Tu mejor opci\u00f3n Equipo M\u00e9dico M\u00e9xico\",\"description\":\"Tienda de equipo m\u00e9dico\",\"publisher\":{\"@id\":\"https:\/\/buscoequipomedico.com\/#organization\"},\"potentialAction\":[{\"@type\":\"SearchAction\",\"target\":{\"@type\":\"EntryPoint\",\"urlTemplate\":\"https:\/\/buscoequipomedico.com\/?s={search_term_string}\"},\"query-input\":{\"@type\":\"PropertyValueSpecification\",\"valueRequired\":true,\"valueName\":\"search_term_string\"}}],\"inLanguage\":\"es\"},{\"@type\":\"Organization\",\"@id\":\"https:\/\/buscoequipomedico.com\/#organization\",\"name\":\"Tu mejor opci\u00f3n Equipo M\u00e9dico M\u00e9xico\",\"url\":\"https:\/\/buscoequipomedico.com\/\",\"logo\":{\"@type\":\"ImageObject\",\"inLanguage\":\"es\",\"@id\":\"https:\/\/buscoequipomedico.com\/#\/schema\/logo\/image\/\",\"url\":\"https:\/\/buscoequipomedico.com\/wp-content\/uploads\/2021\/07\/EMM-VPrincipal-scaled.jpg\",\"contentUrl\":\"https:\/\/buscoequipomedico.com\/wp-content\/uploads\/2021\/07\/EMM-VPrincipal-scaled.jpg\",\"width\":2560,\"height\":1058,\"caption\":\"Tu mejor opci\u00f3n Equipo M\u00e9dico M\u00e9xico\"},\"image\":{\"@id\":\"https:\/\/buscoequipomedico.com\/#\/schema\/logo\/image\/\"}}]}<\/script>\n<!-- \/ Yoast SEO plugin. -->","yoast_head_json":{"title":"ELECTROCARDIOGRAFO HOLTER DE 3 CANALES - Tu mejor opci\u00f3n Equipo M\u00e9dico M\u00e9xico","robots":{"index":"index","follow":"follow","max-snippet":"max-snippet:-1","max-image-preview":"max-image-preview:large","max-video-preview":"max-video-preview:-1"},"canonical":"https:\/\/buscoequipomedico.com\/?product=electrocardiografo-holter-de-3-canales","og_locale":"es_ES","og_type":"article","og_title":"ELECTROCARDIOGRAFO HOLTER DE 3 CANALES - Tu mejor opci\u00f3n Equipo M\u00e9dico M\u00e9xico","og_description":"N\u00famero de canales: 3 canales","og_url":"https:\/\/buscoequipomedico.com\/?product=electrocardiografo-holter-de-3-canales","og_site_name":"Tu mejor opci\u00f3n Equipo M\u00e9dico M\u00e9xico","article_modified_time":"2020-02-18T07:33:37+00:00","og_image":[{"width":800,"height":800,"url":"https:\/\/buscoequipomedico.com\/wp-content\/uploads\/2020\/02\/electrocardiografo-holter-de-3-canales-numero-de-canales-3-canales.jpg","type":"image\/jpeg"}],"twitter_card":"summary_large_image","twitter_misc":{"Tiempo de lectura":"2 minutos"},"schema":{"@context":"https:\/\/schema.org","@graph":[{"@type":"WebPage","@id":"https:\/\/buscoequipomedico.com\/?product=electrocardiografo-holter-de-3-canales","url":"https:\/\/buscoequipomedico.com\/?product=electrocardiografo-holter-de-3-canales","name":"ELECTROCARDIOGRAFO HOLTER DE 3 CANALES - Tu mejor opci\u00f3n Equipo M\u00e9dico M\u00e9xico","isPartOf":{"@id":"https:\/\/buscoequipomedico.com\/#website"},"primaryImageOfPage":{"@id":"https:\/\/buscoequipomedico.com\/?product=electrocardiografo-holter-de-3-canales#primaryimage"},"image":{"@id":"https:\/\/buscoequipomedico.com\/?product=electrocardiografo-holter-de-3-canales#primaryimage"},"thumbnailUrl":"https:\/\/buscoequipomedico.com\/wp-content\/uploads\/2020\/02\/electrocardiografo-holter-de-3-canales-numero-de-canales-3-canales.jpg","datePublished":"2020-02-18T07:33:33+00:00","dateModified":"2020-02-18T07:33:37+00:00","breadcrumb":{"@id":"https:\/\/buscoequipomedico.com\/?product=electrocardiografo-holter-de-3-canales#breadcrumb"},"inLanguage":"es","potentialAction":[{"@type":"ReadAction","target":["https:\/\/buscoequipomedico.com\/?product=electrocardiografo-holter-de-3-canales"]}]},{"@type":"ImageObject","inLanguage":"es","@id":"https:\/\/buscoequipomedico.com\/?product=electrocardiografo-holter-de-3-canales#primaryimage","url":"https:\/\/buscoequipomedico.com\/wp-content\/uploads\/2020\/02\/electrocardiografo-holter-de-3-canales-numero-de-canales-3-canales.jpg","contentUrl":"https:\/\/buscoequipomedico.com\/wp-content\/uploads\/2020\/02\/electrocardiografo-holter-de-3-canales-numero-de-canales-3-canales.jpg","width":800,"height":800},{"@type":"BreadcrumbList","@id":"https:\/\/buscoequipomedico.com\/?product=electrocardiografo-holter-de-3-canales#breadcrumb","itemListElement":[{"@type":"ListItem","position":1,"name":"Productos","item":"https:\/\/buscoequipomedico.com\/shop\/"},{"@type":"ListItem","position":2,"name":"ELECTROCARDIOGRAFO HOLTER DE 3 CANALES"}]},{"@type":"WebSite","@id":"https:\/\/buscoequipomedico.com\/#website","url":"https:\/\/buscoequipomedico.com\/","name":"Tu mejor opci\u00f3n Equipo M\u00e9dico M\u00e9xico","description":"Tienda de equipo m\u00e9dico","publisher":{"@id":"https:\/\/buscoequipomedico.com\/#organization"},"potentialAction":[{"@type":"SearchAction","target":{"@type":"EntryPoint","urlTemplate":"https:\/\/buscoequipomedico.com\/?s={search_term_string}"},"query-input":{"@type":"PropertyValueSpecification","valueRequired":true,"valueName":"search_term_string"}}],"inLanguage":"es"},{"@type":"Organization","@id":"https:\/\/buscoequipomedico.com\/#organization","name":"Tu mejor opci\u00f3n Equipo M\u00e9dico M\u00e9xico","url":"https:\/\/buscoequipomedico.com\/","logo":{"@type":"ImageObject","inLanguage":"es","@id":"https:\/\/buscoequipomedico.com\/#\/schema\/logo\/image\/","url":"https:\/\/buscoequipomedico.com\/wp-content\/uploads\/2021\/07\/EMM-VPrincipal-scaled.jpg","contentUrl":"https:\/\/buscoequipomedico.com\/wp-content\/uploads\/2021\/07\/EMM-VPrincipal-scaled.jpg","width":2560,"height":1058,"caption":"Tu mejor opci\u00f3n Equipo M\u00e9dico M\u00e9xico"},"image":{"@id":"https:\/\/buscoequipomedico.com\/#\/schema\/logo\/image\/"}}]}},"_links":{"self":[{"href":"https:\/\/buscoequipomedico.com\/index.php?rest_route=\/wp\/v2\/product\/11719","targetHints":{"allow":["GET"]}}],"collection":[{"href":"https:\/\/buscoequipomedico.com\/index.php?rest_route=\/wp\/v2\/product"}],"about":[{"href":"https:\/\/buscoequipomedico.com\/index.php?rest_route=\/wp\/v2\/types\/product"}],"wp:featuredmedia":[{"embeddable":true,"href":"https:\/\/buscoequipomedico.com\/index.php?rest_route=\/wp\/v2\/media\/11720"}],"wp:attachment":[{"href":"https:\/\/buscoequipomedico.com\/index.php?rest_route=%2Fwp%2Fv2%2Fmedia&parent=11719"}],"wp:term":[{"taxonomy":"product_brand","embeddable":true,"href":"https:\/\/buscoequipomedico.com\/index.php?rest_route=%2Fwp%2Fv2%2Fproduct_brand&post=11719"},{"taxonomy":"product_cat","embeddable":true,"href":"https:\/\/buscoequipomedico.com\/index.php?rest_route=%2Fwp%2Fv2%2Fproduct_cat&post=11719"},{"taxonomy":"product_tag","embeddable":true,"href":"https:\/\/buscoequipomedico.com\/index.php?rest_route=%2Fwp%2Fv2%2Fproduct_tag&post=11719"}],"curies":[{"name":"wp","href":"https:\/\/api.w.org\/{rel}","templated":true}]}}