{"id":11725,"date":"2020-02-18T07:33:33","date_gmt":"2020-02-18T07:33:33","guid":{"rendered":"https:\/\/equipomedicomexico-com.preview-domain.com\/product\/electrocardiografo-uso-veterinario-3-canales\/"},"modified":"2020-02-18T07:33:37","modified_gmt":"2020-02-18T07:33:37","slug":"electrocardiografo-uso-veterinario-3-canales","status":"publish","type":"product","link":"https:\/\/buscoequipomedico.com\/?product=electrocardiografo-uso-veterinario-3-canales","title":{"rendered":"ELECTROCARDIOGRAFO USO VETERINARIO 3 CANALES"},"content":{"rendered":"<p>Especificaci\u00f3n t\u00e9cnica<\/p>\n<p>Tipo de seguridad: Clase I, Tipo CF pieza aplicada, que tiene una parte aplicada a prueba de desfibrilaci\u00f3n<br \/>Plomo: 12 pistas est\u00e1ndar<br \/>Modo de entrada: Protecci\u00f3n flotante y desfibrilaci\u00f3n<br \/>Corriente de fuga del paciente: &lt;10\u03bcA<br \/>Frecuencia de muestreo: 1000Hz<br \/>Conversi\u00f3n A \/ D: 12bit<br \/>Respuesta de frecuencia: 0.05Hz ~ 150Hz (-3dB ~ + 0.4dB)<br \/>Constante de tiempo: \u22653,2s<br \/>CMRR:&gt; 60dB,&gt; 100dB (con filtro de CA)<br \/>Tensi\u00f3n de polarizaci\u00f3n duradera: \u00b1 500mV<br \/>Nivel de ruido: \u2264 15\u03bcVp-p<br \/>Filtro de interferencia EMG: 25Hz \/ 35Hz (-3dB)<br \/>Filtro de la CA: 50Hz \/ 60Hz (\u226520dB)<br \/>Modo de grabaci\u00f3n: Sistema de impresi\u00f3n t\u00e9rmica (8spots \/ mm)<br \/>Papel de grabaci\u00f3n: 80mm (W) \u00d7 20m (L)<br \/>Sensibilidad: 2,5 mm \/ mV 5 mm \/ mV 10 mm \/ mV 20 mm \/ mV 40 mm \/ mV<br \/>Velocidad del papel:<br \/>Modo autom\u00e1tico: 25mm \/ s, 50mm \/ s<br \/>Modo manual: 5 mm \/ s, 6,25 mm \/ s, 10 mm \/ s, 12,5 mm \/ s, 25 mm \/ s, 50 mm \/ s<br \/>Fuente de alimentaci\u00f3n: AC: 100 \/ 240V, 50 \/ 60Hz<br \/>DC: 7.4V, bater\u00eda de litio recargable 3700 mAh<\/p>\n<p>Fusible Especificaci\u00f3n: 2 pcs \u03c65 \u00d7 20mm AC tiempo lag; T1.6AL250V<br \/>Tama\u00f1o: 315mm (L) x 215mm (W) x 77mm (H)<br \/>Peso Neto: 1.6Kg<\/p>\n<p>Accesorios<\/p>\n<p>ECG lleva 1 juego<br \/>Abrazadera del electrodo de la extremidad 1 sistema<br \/>Electrodo de pecho 1 juego<br \/>Conexi\u00f3n el\u00e9ctrica 1 pieza<br \/>Cable de tierra 1 juego<br \/>Manual del usuario 1 set<\/p>\n<p>Software de PC (software de ECG-Sync, conecte con la PC por el conector del USB para formar una estaci\u00f3n de trabajo del ECG.<\/p>\n","protected":false},"excerpt":{"rendered":"<p><span>Pantalla LCD de color de 3,5 \u201cTFT muestra el estado de trabajo y la forma de onda de ECG Compruebe la forma de onda antes<\/span><br \/><span>Impresi\u00f3n para guardar el papel de registro.<\/span><br \/><span>12 derivaciones ECG adquisici\u00f3n simult\u00e1nea, procesador de se\u00f1al digital, para obtener formas de onda ECG de mayor calidad<\/span><br \/><span>A trav\u00e9s del filtro de CA, filtro de l\u00ednea de base y filtro EMG de las se\u00f1ales de ECG.<\/span><\/p>\n","protected":false},"featured_media":11726,"template":"","meta":{"_joinchat":[]},"product_brand":[],"product_cat":[225],"product_tag":[],"class_list":{"0":"post-11725","1":"product","2":"type-product","3":"status-publish","4":"has-post-thumbnail","6":"product_cat-electrocardiografos","8":"first","9":"instock","10":"purchasable","11":"product-type-simple"},"yoast_head":"<!-- This site is optimized with the Yoast SEO plugin v25.1 - https:\/\/yoast.com\/wordpress\/plugins\/seo\/ -->\n<title>ELECTROCARDIOGRAFO USO VETERINARIO 3 CANALES - Tu mejor opci\u00f3n Equipo M\u00e9dico M\u00e9xico<\/title>\n<meta name=\"robots\" content=\"index, follow, max-snippet:-1, max-image-preview:large, max-video-preview:-1\" \/>\n<link rel=\"canonical\" href=\"https:\/\/buscoequipomedico.com\/?product=electrocardiografo-uso-veterinario-3-canales\" \/>\n<meta property=\"og:locale\" content=\"es_ES\" \/>\n<meta property=\"og:type\" content=\"article\" \/>\n<meta property=\"og:title\" content=\"ELECTROCARDIOGRAFO USO VETERINARIO 3 CANALES - Tu mejor opci\u00f3n Equipo M\u00e9dico M\u00e9xico\" \/>\n<meta property=\"og:description\" content=\"Pantalla LCD de color de 3,5 \u201cTFT muestra el estado de trabajo y la forma de onda de ECG Compruebe la forma de onda antesImpresi\u00f3n para guardar el papel de registro.12 derivaciones ECG adquisici\u00f3n simult\u00e1nea, procesador de se\u00f1al digital, para obtener formas de onda ECG de mayor calidadA trav\u00e9s del filtro de CA, filtro de l\u00ednea de base y filtro EMG de las se\u00f1ales de ECG.\" \/>\n<meta property=\"og:url\" content=\"https:\/\/buscoequipomedico.com\/?product=electrocardiografo-uso-veterinario-3-canales\" \/>\n<meta property=\"og:site_name\" content=\"Tu mejor opci\u00f3n Equipo M\u00e9dico M\u00e9xico\" \/>\n<meta property=\"article:modified_time\" content=\"2020-02-18T07:33:37+00:00\" \/>\n<meta property=\"og:image\" content=\"https:\/\/buscoequipomedico.com\/wp-content\/uploads\/2020\/02\/electrocardiografo-uso-veterinario-3-canales-pantalla-lcd-de-color-de-35-tft-muestra-el-estado-de-trabajo-y-la-forma-de-onda-de.jpg\" \/>\n\t<meta property=\"og:image:width\" content=\"800\" \/>\n\t<meta property=\"og:image:height\" content=\"800\" \/>\n\t<meta property=\"og:image:type\" content=\"image\/png\" \/>\n<meta name=\"twitter:card\" content=\"summary_large_image\" \/>\n<meta name=\"twitter:label1\" content=\"Tiempo de lectura\" \/>\n\t<meta name=\"twitter:data1\" content=\"1 minuto\" \/>\n<script type=\"application\/ld+json\" class=\"yoast-schema-graph\">{\"@context\":\"https:\/\/schema.org\",\"@graph\":[{\"@type\":\"WebPage\",\"@id\":\"https:\/\/buscoequipomedico.com\/?product=electrocardiografo-uso-veterinario-3-canales\",\"url\":\"https:\/\/buscoequipomedico.com\/?product=electrocardiografo-uso-veterinario-3-canales\",\"name\":\"ELECTROCARDIOGRAFO USO VETERINARIO 3 CANALES - Tu mejor opci\u00f3n Equipo M\u00e9dico M\u00e9xico\",\"isPartOf\":{\"@id\":\"https:\/\/buscoequipomedico.com\/#website\"},\"primaryImageOfPage\":{\"@id\":\"https:\/\/buscoequipomedico.com\/?product=electrocardiografo-uso-veterinario-3-canales#primaryimage\"},\"image\":{\"@id\":\"https:\/\/buscoequipomedico.com\/?product=electrocardiografo-uso-veterinario-3-canales#primaryimage\"},\"thumbnailUrl\":\"https:\/\/buscoequipomedico.com\/wp-content\/uploads\/2020\/02\/electrocardiografo-uso-veterinario-3-canales-pantalla-lcd-de-color-de-35-tft-muestra-el-estado-de-trabajo-y-la-forma-de-onda-de.jpg\",\"datePublished\":\"2020-02-18T07:33:33+00:00\",\"dateModified\":\"2020-02-18T07:33:37+00:00\",\"breadcrumb\":{\"@id\":\"https:\/\/buscoequipomedico.com\/?product=electrocardiografo-uso-veterinario-3-canales#breadcrumb\"},\"inLanguage\":\"es\",\"potentialAction\":[{\"@type\":\"ReadAction\",\"target\":[\"https:\/\/buscoequipomedico.com\/?product=electrocardiografo-uso-veterinario-3-canales\"]}]},{\"@type\":\"ImageObject\",\"inLanguage\":\"es\",\"@id\":\"https:\/\/buscoequipomedico.com\/?product=electrocardiografo-uso-veterinario-3-canales#primaryimage\",\"url\":\"https:\/\/buscoequipomedico.com\/wp-content\/uploads\/2020\/02\/electrocardiografo-uso-veterinario-3-canales-pantalla-lcd-de-color-de-35-tft-muestra-el-estado-de-trabajo-y-la-forma-de-onda-de.jpg\",\"contentUrl\":\"https:\/\/buscoequipomedico.com\/wp-content\/uploads\/2020\/02\/electrocardiografo-uso-veterinario-3-canales-pantalla-lcd-de-color-de-35-tft-muestra-el-estado-de-trabajo-y-la-forma-de-onda-de.jpg\",\"width\":800,\"height\":800},{\"@type\":\"BreadcrumbList\",\"@id\":\"https:\/\/buscoequipomedico.com\/?product=electrocardiografo-uso-veterinario-3-canales#breadcrumb\",\"itemListElement\":[{\"@type\":\"ListItem\",\"position\":1,\"name\":\"Productos\",\"item\":\"https:\/\/buscoequipomedico.com\/shop\/\"},{\"@type\":\"ListItem\",\"position\":2,\"name\":\"ELECTROCARDIOGRAFO USO VETERINARIO 3 CANALES\"}]},{\"@type\":\"WebSite\",\"@id\":\"https:\/\/buscoequipomedico.com\/#website\",\"url\":\"https:\/\/buscoequipomedico.com\/\",\"name\":\"Tu mejor opci\u00f3n Equipo M\u00e9dico M\u00e9xico\",\"description\":\"Tienda de equipo m\u00e9dico\",\"publisher\":{\"@id\":\"https:\/\/buscoequipomedico.com\/#organization\"},\"potentialAction\":[{\"@type\":\"SearchAction\",\"target\":{\"@type\":\"EntryPoint\",\"urlTemplate\":\"https:\/\/buscoequipomedico.com\/?s={search_term_string}\"},\"query-input\":{\"@type\":\"PropertyValueSpecification\",\"valueRequired\":true,\"valueName\":\"search_term_string\"}}],\"inLanguage\":\"es\"},{\"@type\":\"Organization\",\"@id\":\"https:\/\/buscoequipomedico.com\/#organization\",\"name\":\"Tu mejor opci\u00f3n Equipo M\u00e9dico M\u00e9xico\",\"url\":\"https:\/\/buscoequipomedico.com\/\",\"logo\":{\"@type\":\"ImageObject\",\"inLanguage\":\"es\",\"@id\":\"https:\/\/buscoequipomedico.com\/#\/schema\/logo\/image\/\",\"url\":\"https:\/\/buscoequipomedico.com\/wp-content\/uploads\/2021\/07\/EMM-VPrincipal-scaled.jpg\",\"contentUrl\":\"https:\/\/buscoequipomedico.com\/wp-content\/uploads\/2021\/07\/EMM-VPrincipal-scaled.jpg\",\"width\":2560,\"height\":1058,\"caption\":\"Tu mejor opci\u00f3n Equipo M\u00e9dico M\u00e9xico\"},\"image\":{\"@id\":\"https:\/\/buscoequipomedico.com\/#\/schema\/logo\/image\/\"}}]}<\/script>\n<!-- \/ Yoast SEO plugin. -->","yoast_head_json":{"title":"ELECTROCARDIOGRAFO USO VETERINARIO 3 CANALES - Tu mejor opci\u00f3n Equipo M\u00e9dico M\u00e9xico","robots":{"index":"index","follow":"follow","max-snippet":"max-snippet:-1","max-image-preview":"max-image-preview:large","max-video-preview":"max-video-preview:-1"},"canonical":"https:\/\/buscoequipomedico.com\/?product=electrocardiografo-uso-veterinario-3-canales","og_locale":"es_ES","og_type":"article","og_title":"ELECTROCARDIOGRAFO USO VETERINARIO 3 CANALES - Tu mejor opci\u00f3n Equipo M\u00e9dico M\u00e9xico","og_description":"Pantalla LCD de color de 3,5 \u201cTFT muestra el estado de trabajo y la forma de onda de ECG Compruebe la forma de onda antesImpresi\u00f3n para guardar el papel de registro.12 derivaciones ECG adquisici\u00f3n simult\u00e1nea, procesador de se\u00f1al digital, para obtener formas de onda ECG de mayor calidadA trav\u00e9s del filtro de CA, filtro de l\u00ednea de base y filtro EMG de las se\u00f1ales de ECG.","og_url":"https:\/\/buscoequipomedico.com\/?product=electrocardiografo-uso-veterinario-3-canales","og_site_name":"Tu mejor opci\u00f3n Equipo M\u00e9dico M\u00e9xico","article_modified_time":"2020-02-18T07:33:37+00:00","og_image":[{"width":800,"height":800,"url":"https:\/\/buscoequipomedico.com\/wp-content\/uploads\/2020\/02\/electrocardiografo-uso-veterinario-3-canales-pantalla-lcd-de-color-de-35-tft-muestra-el-estado-de-trabajo-y-la-forma-de-onda-de.jpg","type":"image\/png"}],"twitter_card":"summary_large_image","twitter_misc":{"Tiempo de lectura":"1 minuto"},"schema":{"@context":"https:\/\/schema.org","@graph":[{"@type":"WebPage","@id":"https:\/\/buscoequipomedico.com\/?product=electrocardiografo-uso-veterinario-3-canales","url":"https:\/\/buscoequipomedico.com\/?product=electrocardiografo-uso-veterinario-3-canales","name":"ELECTROCARDIOGRAFO USO VETERINARIO 3 CANALES - Tu mejor opci\u00f3n Equipo M\u00e9dico M\u00e9xico","isPartOf":{"@id":"https:\/\/buscoequipomedico.com\/#website"},"primaryImageOfPage":{"@id":"https:\/\/buscoequipomedico.com\/?product=electrocardiografo-uso-veterinario-3-canales#primaryimage"},"image":{"@id":"https:\/\/buscoequipomedico.com\/?product=electrocardiografo-uso-veterinario-3-canales#primaryimage"},"thumbnailUrl":"https:\/\/buscoequipomedico.com\/wp-content\/uploads\/2020\/02\/electrocardiografo-uso-veterinario-3-canales-pantalla-lcd-de-color-de-35-tft-muestra-el-estado-de-trabajo-y-la-forma-de-onda-de.jpg","datePublished":"2020-02-18T07:33:33+00:00","dateModified":"2020-02-18T07:33:37+00:00","breadcrumb":{"@id":"https:\/\/buscoequipomedico.com\/?product=electrocardiografo-uso-veterinario-3-canales#breadcrumb"},"inLanguage":"es","potentialAction":[{"@type":"ReadAction","target":["https:\/\/buscoequipomedico.com\/?product=electrocardiografo-uso-veterinario-3-canales"]}]},{"@type":"ImageObject","inLanguage":"es","@id":"https:\/\/buscoequipomedico.com\/?product=electrocardiografo-uso-veterinario-3-canales#primaryimage","url":"https:\/\/buscoequipomedico.com\/wp-content\/uploads\/2020\/02\/electrocardiografo-uso-veterinario-3-canales-pantalla-lcd-de-color-de-35-tft-muestra-el-estado-de-trabajo-y-la-forma-de-onda-de.jpg","contentUrl":"https:\/\/buscoequipomedico.com\/wp-content\/uploads\/2020\/02\/electrocardiografo-uso-veterinario-3-canales-pantalla-lcd-de-color-de-35-tft-muestra-el-estado-de-trabajo-y-la-forma-de-onda-de.jpg","width":800,"height":800},{"@type":"BreadcrumbList","@id":"https:\/\/buscoequipomedico.com\/?product=electrocardiografo-uso-veterinario-3-canales#breadcrumb","itemListElement":[{"@type":"ListItem","position":1,"name":"Productos","item":"https:\/\/buscoequipomedico.com\/shop\/"},{"@type":"ListItem","position":2,"name":"ELECTROCARDIOGRAFO USO VETERINARIO 3 CANALES"}]},{"@type":"WebSite","@id":"https:\/\/buscoequipomedico.com\/#website","url":"https:\/\/buscoequipomedico.com\/","name":"Tu mejor opci\u00f3n Equipo M\u00e9dico M\u00e9xico","description":"Tienda de equipo m\u00e9dico","publisher":{"@id":"https:\/\/buscoequipomedico.com\/#organization"},"potentialAction":[{"@type":"SearchAction","target":{"@type":"EntryPoint","urlTemplate":"https:\/\/buscoequipomedico.com\/?s={search_term_string}"},"query-input":{"@type":"PropertyValueSpecification","valueRequired":true,"valueName":"search_term_string"}}],"inLanguage":"es"},{"@type":"Organization","@id":"https:\/\/buscoequipomedico.com\/#organization","name":"Tu mejor opci\u00f3n Equipo M\u00e9dico M\u00e9xico","url":"https:\/\/buscoequipomedico.com\/","logo":{"@type":"ImageObject","inLanguage":"es","@id":"https:\/\/buscoequipomedico.com\/#\/schema\/logo\/image\/","url":"https:\/\/buscoequipomedico.com\/wp-content\/uploads\/2021\/07\/EMM-VPrincipal-scaled.jpg","contentUrl":"https:\/\/buscoequipomedico.com\/wp-content\/uploads\/2021\/07\/EMM-VPrincipal-scaled.jpg","width":2560,"height":1058,"caption":"Tu mejor opci\u00f3n Equipo M\u00e9dico M\u00e9xico"},"image":{"@id":"https:\/\/buscoequipomedico.com\/#\/schema\/logo\/image\/"}}]}},"_links":{"self":[{"href":"https:\/\/buscoequipomedico.com\/index.php?rest_route=\/wp\/v2\/product\/11725","targetHints":{"allow":["GET"]}}],"collection":[{"href":"https:\/\/buscoequipomedico.com\/index.php?rest_route=\/wp\/v2\/product"}],"about":[{"href":"https:\/\/buscoequipomedico.com\/index.php?rest_route=\/wp\/v2\/types\/product"}],"wp:featuredmedia":[{"embeddable":true,"href":"https:\/\/buscoequipomedico.com\/index.php?rest_route=\/wp\/v2\/media\/11726"}],"wp:attachment":[{"href":"https:\/\/buscoequipomedico.com\/index.php?rest_route=%2Fwp%2Fv2%2Fmedia&parent=11725"}],"wp:term":[{"taxonomy":"product_brand","embeddable":true,"href":"https:\/\/buscoequipomedico.com\/index.php?rest_route=%2Fwp%2Fv2%2Fproduct_brand&post=11725"},{"taxonomy":"product_cat","embeddable":true,"href":"https:\/\/buscoequipomedico.com\/index.php?rest_route=%2Fwp%2Fv2%2Fproduct_cat&post=11725"},{"taxonomy":"product_tag","embeddable":true,"href":"https:\/\/buscoequipomedico.com\/index.php?rest_route=%2Fwp%2Fv2%2Fproduct_tag&post=11725"}],"curies":[{"name":"wp","href":"https:\/\/api.w.org\/{rel}","templated":true}]}}