{"id":11729,"date":"2020-02-18T07:33:33","date_gmt":"2020-02-18T07:33:33","guid":{"rendered":"https:\/\/equipomedicomexico-com.preview-domain.com\/product\/holter-12-canales\/"},"modified":"2020-02-18T07:33:38","modified_gmt":"2020-02-18T07:33:38","slug":"holter-12-canales","status":"publish","type":"product","link":"https:\/\/buscoequipomedico.com\/?product=holter-12-canales","title":{"rendered":"HOLTER 12 CANALES"},"content":{"rendered":"<p><span>El dispositivo de registraci\u00f3n tiene una capacidad m\u00e1xima de 2 GB y los datos originales se pueden ahorrar sin la necesidad de la compresi\u00f3n. Un solo caso se puede revisar en menos de 40 segundos usando el interfaz de los 2,0 USB. Los detalles de la forma de onda se pueden registrar con la alta precisi\u00f3n y una alta frecuencia de muestreo.<\/span><\/p>\n","protected":false},"excerpt":{"rendered":"<p><span>Este dispositivo de registraci\u00f3n es estable, confiable y durable. Tiene un dise\u00f1o avanzado combinado con tecnolog\u00eda avanzada. Tiene un peque\u00f1o volumen con una pantalla de OLED y una resoluci\u00f3n de 160 x 128. Proporciona un disco exacto de la hora de salida de los datos muestreado y puede ser proporcionado las funciones para el estudio de registro, el estudio de la forma de onda y la marca del acontecimiento.\u00a0<\/span><\/p>\n","protected":false},"featured_media":11730,"template":"","meta":{"_joinchat":[]},"product_brand":[],"product_cat":[225],"product_tag":[],"class_list":{"0":"post-11729","1":"product","2":"type-product","3":"status-publish","4":"has-post-thumbnail","6":"product_cat-electrocardiografos","7":"pa_marca-contec","9":"first","10":"instock","11":"purchasable","12":"product-type-simple"},"yoast_head":"<!-- This site is optimized with the Yoast SEO plugin v25.1 - https:\/\/yoast.com\/wordpress\/plugins\/seo\/ -->\n<title>HOLTER 12 CANALES - Tu mejor opci\u00f3n Equipo M\u00e9dico M\u00e9xico<\/title>\n<meta name=\"robots\" content=\"index, follow, max-snippet:-1, max-image-preview:large, max-video-preview:-1\" \/>\n<link rel=\"canonical\" href=\"https:\/\/buscoequipomedico.com\/?product=holter-12-canales\" \/>\n<meta property=\"og:locale\" content=\"es_ES\" \/>\n<meta property=\"og:type\" content=\"article\" \/>\n<meta property=\"og:title\" content=\"HOLTER 12 CANALES - Tu mejor opci\u00f3n Equipo M\u00e9dico M\u00e9xico\" \/>\n<meta property=\"og:description\" content=\"Este dispositivo de registraci\u00f3n es estable, confiable y durable. Tiene un dise\u00f1o avanzado combinado con tecnolog\u00eda avanzada. Tiene un peque\u00f1o volumen con una pantalla de OLED y una resoluci\u00f3n de 160 x 128. Proporciona un disco exacto de la hora de salida de los datos muestreado y puede ser proporcionado las funciones para el estudio de registro, el estudio de la forma de onda y la marca del acontecimiento.\u00a0\" \/>\n<meta property=\"og:url\" content=\"https:\/\/buscoequipomedico.com\/?product=holter-12-canales\" \/>\n<meta property=\"og:site_name\" content=\"Tu mejor opci\u00f3n Equipo M\u00e9dico M\u00e9xico\" \/>\n<meta property=\"article:modified_time\" content=\"2020-02-18T07:33:38+00:00\" \/>\n<meta property=\"og:image\" content=\"https:\/\/buscoequipomedico.com\/wp-content\/uploads\/2020\/02\/holter-12-canales-este-dispositivo-de-registracion-es-estable-confiable-y-durable-tiene-un-diseno-avanzado-combinado-con-tecnolo.jpg\" \/>\n\t<meta property=\"og:image:width\" content=\"800\" \/>\n\t<meta property=\"og:image:height\" content=\"800\" \/>\n\t<meta property=\"og:image:type\" content=\"image\/png\" \/>\n<meta name=\"twitter:card\" content=\"summary_large_image\" \/>\n<script type=\"application\/ld+json\" class=\"yoast-schema-graph\">{\"@context\":\"https:\/\/schema.org\",\"@graph\":[{\"@type\":\"WebPage\",\"@id\":\"https:\/\/buscoequipomedico.com\/?product=holter-12-canales\",\"url\":\"https:\/\/buscoequipomedico.com\/?product=holter-12-canales\",\"name\":\"HOLTER 12 CANALES - Tu mejor opci\u00f3n Equipo M\u00e9dico M\u00e9xico\",\"isPartOf\":{\"@id\":\"https:\/\/buscoequipomedico.com\/#website\"},\"primaryImageOfPage\":{\"@id\":\"https:\/\/buscoequipomedico.com\/?product=holter-12-canales#primaryimage\"},\"image\":{\"@id\":\"https:\/\/buscoequipomedico.com\/?product=holter-12-canales#primaryimage\"},\"thumbnailUrl\":\"https:\/\/buscoequipomedico.com\/wp-content\/uploads\/2020\/02\/holter-12-canales-este-dispositivo-de-registracion-es-estable-confiable-y-durable-tiene-un-diseno-avanzado-combinado-con-tecnolo.jpg\",\"datePublished\":\"2020-02-18T07:33:33+00:00\",\"dateModified\":\"2020-02-18T07:33:38+00:00\",\"breadcrumb\":{\"@id\":\"https:\/\/buscoequipomedico.com\/?product=holter-12-canales#breadcrumb\"},\"inLanguage\":\"es\",\"potentialAction\":[{\"@type\":\"ReadAction\",\"target\":[\"https:\/\/buscoequipomedico.com\/?product=holter-12-canales\"]}]},{\"@type\":\"ImageObject\",\"inLanguage\":\"es\",\"@id\":\"https:\/\/buscoequipomedico.com\/?product=holter-12-canales#primaryimage\",\"url\":\"https:\/\/buscoequipomedico.com\/wp-content\/uploads\/2020\/02\/holter-12-canales-este-dispositivo-de-registracion-es-estable-confiable-y-durable-tiene-un-diseno-avanzado-combinado-con-tecnolo.jpg\",\"contentUrl\":\"https:\/\/buscoequipomedico.com\/wp-content\/uploads\/2020\/02\/holter-12-canales-este-dispositivo-de-registracion-es-estable-confiable-y-durable-tiene-un-diseno-avanzado-combinado-con-tecnolo.jpg\",\"width\":800,\"height\":800},{\"@type\":\"BreadcrumbList\",\"@id\":\"https:\/\/buscoequipomedico.com\/?product=holter-12-canales#breadcrumb\",\"itemListElement\":[{\"@type\":\"ListItem\",\"position\":1,\"name\":\"Productos\",\"item\":\"https:\/\/buscoequipomedico.com\/shop\/\"},{\"@type\":\"ListItem\",\"position\":2,\"name\":\"HOLTER 12 CANALES\"}]},{\"@type\":\"WebSite\",\"@id\":\"https:\/\/buscoequipomedico.com\/#website\",\"url\":\"https:\/\/buscoequipomedico.com\/\",\"name\":\"Tu mejor opci\u00f3n Equipo M\u00e9dico M\u00e9xico\",\"description\":\"Tienda de equipo m\u00e9dico\",\"publisher\":{\"@id\":\"https:\/\/buscoequipomedico.com\/#organization\"},\"potentialAction\":[{\"@type\":\"SearchAction\",\"target\":{\"@type\":\"EntryPoint\",\"urlTemplate\":\"https:\/\/buscoequipomedico.com\/?s={search_term_string}\"},\"query-input\":{\"@type\":\"PropertyValueSpecification\",\"valueRequired\":true,\"valueName\":\"search_term_string\"}}],\"inLanguage\":\"es\"},{\"@type\":\"Organization\",\"@id\":\"https:\/\/buscoequipomedico.com\/#organization\",\"name\":\"Tu mejor opci\u00f3n Equipo M\u00e9dico M\u00e9xico\",\"url\":\"https:\/\/buscoequipomedico.com\/\",\"logo\":{\"@type\":\"ImageObject\",\"inLanguage\":\"es\",\"@id\":\"https:\/\/buscoequipomedico.com\/#\/schema\/logo\/image\/\",\"url\":\"https:\/\/buscoequipomedico.com\/wp-content\/uploads\/2021\/07\/EMM-VPrincipal-scaled.jpg\",\"contentUrl\":\"https:\/\/buscoequipomedico.com\/wp-content\/uploads\/2021\/07\/EMM-VPrincipal-scaled.jpg\",\"width\":2560,\"height\":1058,\"caption\":\"Tu mejor opci\u00f3n Equipo M\u00e9dico M\u00e9xico\"},\"image\":{\"@id\":\"https:\/\/buscoequipomedico.com\/#\/schema\/logo\/image\/\"}}]}<\/script>\n<!-- \/ Yoast SEO plugin. -->","yoast_head_json":{"title":"HOLTER 12 CANALES - Tu mejor opci\u00f3n Equipo M\u00e9dico M\u00e9xico","robots":{"index":"index","follow":"follow","max-snippet":"max-snippet:-1","max-image-preview":"max-image-preview:large","max-video-preview":"max-video-preview:-1"},"canonical":"https:\/\/buscoequipomedico.com\/?product=holter-12-canales","og_locale":"es_ES","og_type":"article","og_title":"HOLTER 12 CANALES - Tu mejor opci\u00f3n Equipo M\u00e9dico M\u00e9xico","og_description":"Este dispositivo de registraci\u00f3n es estable, confiable y durable. Tiene un dise\u00f1o avanzado combinado con tecnolog\u00eda avanzada. Tiene un peque\u00f1o volumen con una pantalla de OLED y una resoluci\u00f3n de 160 x 128. Proporciona un disco exacto de la hora de salida de los datos muestreado y puede ser proporcionado las funciones para el estudio de registro, el estudio de la forma de onda y la marca del acontecimiento.\u00a0","og_url":"https:\/\/buscoequipomedico.com\/?product=holter-12-canales","og_site_name":"Tu mejor opci\u00f3n Equipo M\u00e9dico M\u00e9xico","article_modified_time":"2020-02-18T07:33:38+00:00","og_image":[{"width":800,"height":800,"url":"https:\/\/buscoequipomedico.com\/wp-content\/uploads\/2020\/02\/holter-12-canales-este-dispositivo-de-registracion-es-estable-confiable-y-durable-tiene-un-diseno-avanzado-combinado-con-tecnolo.jpg","type":"image\/png"}],"twitter_card":"summary_large_image","schema":{"@context":"https:\/\/schema.org","@graph":[{"@type":"WebPage","@id":"https:\/\/buscoequipomedico.com\/?product=holter-12-canales","url":"https:\/\/buscoequipomedico.com\/?product=holter-12-canales","name":"HOLTER 12 CANALES - Tu mejor opci\u00f3n Equipo M\u00e9dico M\u00e9xico","isPartOf":{"@id":"https:\/\/buscoequipomedico.com\/#website"},"primaryImageOfPage":{"@id":"https:\/\/buscoequipomedico.com\/?product=holter-12-canales#primaryimage"},"image":{"@id":"https:\/\/buscoequipomedico.com\/?product=holter-12-canales#primaryimage"},"thumbnailUrl":"https:\/\/buscoequipomedico.com\/wp-content\/uploads\/2020\/02\/holter-12-canales-este-dispositivo-de-registracion-es-estable-confiable-y-durable-tiene-un-diseno-avanzado-combinado-con-tecnolo.jpg","datePublished":"2020-02-18T07:33:33+00:00","dateModified":"2020-02-18T07:33:38+00:00","breadcrumb":{"@id":"https:\/\/buscoequipomedico.com\/?product=holter-12-canales#breadcrumb"},"inLanguage":"es","potentialAction":[{"@type":"ReadAction","target":["https:\/\/buscoequipomedico.com\/?product=holter-12-canales"]}]},{"@type":"ImageObject","inLanguage":"es","@id":"https:\/\/buscoequipomedico.com\/?product=holter-12-canales#primaryimage","url":"https:\/\/buscoequipomedico.com\/wp-content\/uploads\/2020\/02\/holter-12-canales-este-dispositivo-de-registracion-es-estable-confiable-y-durable-tiene-un-diseno-avanzado-combinado-con-tecnolo.jpg","contentUrl":"https:\/\/buscoequipomedico.com\/wp-content\/uploads\/2020\/02\/holter-12-canales-este-dispositivo-de-registracion-es-estable-confiable-y-durable-tiene-un-diseno-avanzado-combinado-con-tecnolo.jpg","width":800,"height":800},{"@type":"BreadcrumbList","@id":"https:\/\/buscoequipomedico.com\/?product=holter-12-canales#breadcrumb","itemListElement":[{"@type":"ListItem","position":1,"name":"Productos","item":"https:\/\/buscoequipomedico.com\/shop\/"},{"@type":"ListItem","position":2,"name":"HOLTER 12 CANALES"}]},{"@type":"WebSite","@id":"https:\/\/buscoequipomedico.com\/#website","url":"https:\/\/buscoequipomedico.com\/","name":"Tu mejor opci\u00f3n Equipo M\u00e9dico M\u00e9xico","description":"Tienda de equipo m\u00e9dico","publisher":{"@id":"https:\/\/buscoequipomedico.com\/#organization"},"potentialAction":[{"@type":"SearchAction","target":{"@type":"EntryPoint","urlTemplate":"https:\/\/buscoequipomedico.com\/?s={search_term_string}"},"query-input":{"@type":"PropertyValueSpecification","valueRequired":true,"valueName":"search_term_string"}}],"inLanguage":"es"},{"@type":"Organization","@id":"https:\/\/buscoequipomedico.com\/#organization","name":"Tu mejor opci\u00f3n Equipo M\u00e9dico M\u00e9xico","url":"https:\/\/buscoequipomedico.com\/","logo":{"@type":"ImageObject","inLanguage":"es","@id":"https:\/\/buscoequipomedico.com\/#\/schema\/logo\/image\/","url":"https:\/\/buscoequipomedico.com\/wp-content\/uploads\/2021\/07\/EMM-VPrincipal-scaled.jpg","contentUrl":"https:\/\/buscoequipomedico.com\/wp-content\/uploads\/2021\/07\/EMM-VPrincipal-scaled.jpg","width":2560,"height":1058,"caption":"Tu mejor opci\u00f3n Equipo M\u00e9dico M\u00e9xico"},"image":{"@id":"https:\/\/buscoequipomedico.com\/#\/schema\/logo\/image\/"}}]}},"_links":{"self":[{"href":"https:\/\/buscoequipomedico.com\/index.php?rest_route=\/wp\/v2\/product\/11729","targetHints":{"allow":["GET"]}}],"collection":[{"href":"https:\/\/buscoequipomedico.com\/index.php?rest_route=\/wp\/v2\/product"}],"about":[{"href":"https:\/\/buscoequipomedico.com\/index.php?rest_route=\/wp\/v2\/types\/product"}],"wp:featuredmedia":[{"embeddable":true,"href":"https:\/\/buscoequipomedico.com\/index.php?rest_route=\/wp\/v2\/media\/11730"}],"wp:attachment":[{"href":"https:\/\/buscoequipomedico.com\/index.php?rest_route=%2Fwp%2Fv2%2Fmedia&parent=11729"}],"wp:term":[{"taxonomy":"product_brand","embeddable":true,"href":"https:\/\/buscoequipomedico.com\/index.php?rest_route=%2Fwp%2Fv2%2Fproduct_brand&post=11729"},{"taxonomy":"product_cat","embeddable":true,"href":"https:\/\/buscoequipomedico.com\/index.php?rest_route=%2Fwp%2Fv2%2Fproduct_cat&post=11729"},{"taxonomy":"product_tag","embeddable":true,"href":"https:\/\/buscoequipomedico.com\/index.php?rest_route=%2Fwp%2Fv2%2Fproduct_tag&post=11729"}],"curies":[{"name":"wp","href":"https:\/\/api.w.org\/{rel}","templated":true}]}}