{"id":11731,"date":"2020-02-18T07:33:33","date_gmt":"2020-02-18T07:33:33","guid":{"rendered":"https:\/\/equipomedicomexico-com.preview-domain.com\/product\/holter-digital-grabador-ecg-fukuda-con-software-para-pc\/"},"modified":"2020-02-18T07:33:38","modified_gmt":"2020-02-18T07:33:38","slug":"holter-digital-grabador-ecg-fukuda-con-software-para-pc","status":"publish","type":"product","link":"https:\/\/buscoequipomedico.com\/?product=holter-digital-grabador-ecg-fukuda-con-software-para-pc","title":{"rendered":"HOLTER DIGITAL GRABADOR ECG FUKUDA CON SOFTWARE PARA PC"},"content":{"rendered":"<p>VENTAJAS:<\/p>\n<\/p>\n<p><span>\u00a0<\/span>\u2022 Grabador digital de 24 horas de ECG<\/p>\n<\/p>\n<p><span>\u00a0<\/span>\u2022 2 o 3 Canales de Grabaci\u00f3n <\/p>\n<\/p>\n<p>\u2022 Detecci\u00f3n de marcapasos<\/p>\n<\/p>\n<p><span>\u00a0<\/span>\u2022 Equipo a prueba de Agua<\/p>\n<\/p>\n<p><span>\u00a0<\/span>\u2022 64 MB Memoria MMC est\u00e1ndar<\/p>\n<\/p>\n<p><span>\u00a0<\/span>\u2022 Pesa solo 78 gramos (incluyendo Bater\u00eda y memoria) <\/p>\n<\/p>\n<p>\u2022 Muy compacto: 6.5 ancho x 6.2 alto x 1.8 lado (cms)<\/p>\n<\/p>\n<p><span>\u00a0<\/span>\u2022 Utiliza una bater\u00eda AAA 1.5V Tipo Alcalina<\/p>\n<\/p>\n<p><span>\u00a0<\/span>\u2022 Posee bot\u00f3n marcador de eventos<\/p>\n<\/p>\n<p><span>\u00a0<\/span>\u2022 Sensor Tri-Axial para la Detecci\u00f3n Anat\u00f3mica de posici\u00f3n. <\/p>\n<\/p>\n<p>\u2022 Utiliza Electrodos de broche est\u00e1ndar econ\u00f3micos (Bioprotech)<\/p>\n<\/p>\n<p><span>\u00a0<\/span>\u2022 Revisi\u00f3n de trazo en pantalla LCD ACCESORIOS INCLUIDOS: <\/p>\n<\/p>\n<p>\u2022 Una bater\u00eda Alcalina tipo AAA <\/p>\n<\/p>\n<p>\u2022 Tarjeta de memoria MMC <\/p>\n<\/p>\n<p>\u2022 Cable de paciente reusable (para electrodos desechables)<\/p>\n<\/p>\n<p><span>\u00a0<\/span>\u2022 Funda y manual de usuario<\/p>\n<\/p>\n<p><span>\u00a0<\/span>\u2022 Programa para computadora SCM-510W Requisitos MINIMOS de PC: Microsoft Windows XP, Vista o 7, 20GB de espacio disponible, monitor 1280\u00d71024, unidad CD Rom y lector SD\/MMC slot, procesador Intel Pentium III 1GHz, 512 MB RAM. Permite realizar An\u00e1lisis de 3 canales: 10 tipos de an\u00e1lisis de arritmias, 8 tipos de morfolog\u00edas, 2 minutos de tiempo de an\u00e1lisis por paciente, medici\u00f3n de arritmias, segmento ST y HRV (Variabilidad de FC), gr\u00e1fica de LORENZ, mediciones de marcapasos, Morfolog\u00edas. B\u00fasqueda de Eventos, segmento ST, Tendencias, segmento RR, ondas registradas, 20 tipos de reportes, 6 tipos de gr\u00e1fica de Lorenz, 10 tipos de medici\u00f3n de HRV.<\/p><\/p>\n","protected":false},"excerpt":{"rendered":"<p>El Grabador Holter de 24 horas FM-180 establece un nuevo est\u00e1ndar de durabilidad y rendimiento en entornos extremos, a la vez que proporciona nueva informaci\u00f3n sobre las posiciones anat\u00f3micas del paciente durante las pruebas.<\/p>\n<\/p>\n<p>\u00a0<\/p>\n<p>El FM-180 fue dise\u00f1ado para el uso en los ambientes ac\u00fasticos haci\u00e9ndolo conveniente para los laboratorios de la fisiolog\u00eda del ejercicio, la medicina del deporte y los clubs de la salud. <\/p>\n<\/p>\n<p>\u00a0<\/p>\n<p>El dise\u00f1o impermeable permite a los pacientes mantener un estilo de vida normal al no interferir con el ba\u00f1o de rutina o la ducha. <\/p>\n<\/p>\n<p>Durabilidad en ambientes extremos: Durante clubs de ejercicio, nataci\u00f3n, ba\u00f1o diario.<\/p><\/p>\n","protected":false},"featured_media":11732,"template":"","meta":{"_joinchat":[]},"product_brand":[],"product_cat":[225],"product_tag":[],"class_list":{"0":"post-11731","1":"product","2":"type-product","3":"status-publish","4":"has-post-thumbnail","6":"product_cat-electrocardiografos","7":"pa_marca-fukuda-denshi","9":"first","10":"instock","11":"purchasable","12":"product-type-simple"},"yoast_head":"<!-- This site is optimized with the Yoast SEO plugin v25.1 - https:\/\/yoast.com\/wordpress\/plugins\/seo\/ -->\n<title>HOLTER DIGITAL GRABADOR ECG FUKUDA CON SOFTWARE PARA PC - Tu mejor opci\u00f3n Equipo M\u00e9dico M\u00e9xico<\/title>\n<meta name=\"robots\" content=\"index, follow, max-snippet:-1, max-image-preview:large, max-video-preview:-1\" \/>\n<link rel=\"canonical\" href=\"https:\/\/buscoequipomedico.com\/?product=holter-digital-grabador-ecg-fukuda-con-software-para-pc\" \/>\n<meta property=\"og:locale\" content=\"es_ES\" \/>\n<meta property=\"og:type\" content=\"article\" \/>\n<meta property=\"og:title\" content=\"HOLTER DIGITAL GRABADOR ECG FUKUDA CON SOFTWARE PARA PC - Tu mejor opci\u00f3n Equipo M\u00e9dico M\u00e9xico\" \/>\n<meta property=\"og:description\" content=\"El Grabador Holter de 24 horas FM-180 establece un nuevo est\u00e1ndar de durabilidad y rendimiento en entornos extremos, a la vez que proporciona nueva informaci\u00f3n sobre las posiciones anat\u00f3micas del paciente durante las pruebas.  \u00a0El FM-180 fue dise\u00f1ado para el uso en los ambientes ac\u00fasticos haci\u00e9ndolo conveniente para los laboratorios de la fisiolog\u00eda del ejercicio, la medicina del deporte y los clubs de la salud.  \u00a0El dise\u00f1o impermeable permite a los pacientes mantener un estilo de vida normal al no interferir con el ba\u00f1o de rutina o la ducha.  Durabilidad en ambientes extremos: Durante clubs de ejercicio, nataci\u00f3n, ba\u00f1o diario.\" \/>\n<meta property=\"og:url\" content=\"https:\/\/buscoequipomedico.com\/?product=holter-digital-grabador-ecg-fukuda-con-software-para-pc\" \/>\n<meta property=\"og:site_name\" content=\"Tu mejor opci\u00f3n Equipo M\u00e9dico M\u00e9xico\" \/>\n<meta property=\"article:modified_time\" content=\"2020-02-18T07:33:38+00:00\" \/>\n<meta property=\"og:image\" content=\"https:\/\/buscoequipomedico.com\/wp-content\/uploads\/2020\/02\/holter-digital-grabador-ecg-fukuda-con-software-para-pc-el-grabador-holter-de-24-horas-fm-180-establece-un-nuevo-estandar-de-dur.jpg\" \/>\n\t<meta property=\"og:image:width\" content=\"800\" \/>\n\t<meta property=\"og:image:height\" content=\"800\" \/>\n\t<meta property=\"og:image:type\" content=\"image\/png\" \/>\n<meta name=\"twitter:card\" content=\"summary_large_image\" \/>\n<meta name=\"twitter:label1\" content=\"Tiempo de lectura\" \/>\n\t<meta name=\"twitter:data1\" content=\"1 minuto\" \/>\n<script type=\"application\/ld+json\" class=\"yoast-schema-graph\">{\"@context\":\"https:\/\/schema.org\",\"@graph\":[{\"@type\":\"WebPage\",\"@id\":\"https:\/\/buscoequipomedico.com\/?product=holter-digital-grabador-ecg-fukuda-con-software-para-pc\",\"url\":\"https:\/\/buscoequipomedico.com\/?product=holter-digital-grabador-ecg-fukuda-con-software-para-pc\",\"name\":\"HOLTER DIGITAL GRABADOR ECG FUKUDA CON SOFTWARE PARA PC - Tu mejor opci\u00f3n Equipo M\u00e9dico M\u00e9xico\",\"isPartOf\":{\"@id\":\"https:\/\/buscoequipomedico.com\/#website\"},\"primaryImageOfPage\":{\"@id\":\"https:\/\/buscoequipomedico.com\/?product=holter-digital-grabador-ecg-fukuda-con-software-para-pc#primaryimage\"},\"image\":{\"@id\":\"https:\/\/buscoequipomedico.com\/?product=holter-digital-grabador-ecg-fukuda-con-software-para-pc#primaryimage\"},\"thumbnailUrl\":\"https:\/\/buscoequipomedico.com\/wp-content\/uploads\/2020\/02\/holter-digital-grabador-ecg-fukuda-con-software-para-pc-el-grabador-holter-de-24-horas-fm-180-establece-un-nuevo-estandar-de-dur.jpg\",\"datePublished\":\"2020-02-18T07:33:33+00:00\",\"dateModified\":\"2020-02-18T07:33:38+00:00\",\"breadcrumb\":{\"@id\":\"https:\/\/buscoequipomedico.com\/?product=holter-digital-grabador-ecg-fukuda-con-software-para-pc#breadcrumb\"},\"inLanguage\":\"es\",\"potentialAction\":[{\"@type\":\"ReadAction\",\"target\":[\"https:\/\/buscoequipomedico.com\/?product=holter-digital-grabador-ecg-fukuda-con-software-para-pc\"]}]},{\"@type\":\"ImageObject\",\"inLanguage\":\"es\",\"@id\":\"https:\/\/buscoequipomedico.com\/?product=holter-digital-grabador-ecg-fukuda-con-software-para-pc#primaryimage\",\"url\":\"https:\/\/buscoequipomedico.com\/wp-content\/uploads\/2020\/02\/holter-digital-grabador-ecg-fukuda-con-software-para-pc-el-grabador-holter-de-24-horas-fm-180-establece-un-nuevo-estandar-de-dur.jpg\",\"contentUrl\":\"https:\/\/buscoequipomedico.com\/wp-content\/uploads\/2020\/02\/holter-digital-grabador-ecg-fukuda-con-software-para-pc-el-grabador-holter-de-24-horas-fm-180-establece-un-nuevo-estandar-de-dur.jpg\",\"width\":800,\"height\":800},{\"@type\":\"BreadcrumbList\",\"@id\":\"https:\/\/buscoequipomedico.com\/?product=holter-digital-grabador-ecg-fukuda-con-software-para-pc#breadcrumb\",\"itemListElement\":[{\"@type\":\"ListItem\",\"position\":1,\"name\":\"Productos\",\"item\":\"https:\/\/buscoequipomedico.com\/shop\/\"},{\"@type\":\"ListItem\",\"position\":2,\"name\":\"HOLTER DIGITAL GRABADOR ECG FUKUDA CON SOFTWARE PARA PC\"}]},{\"@type\":\"WebSite\",\"@id\":\"https:\/\/buscoequipomedico.com\/#website\",\"url\":\"https:\/\/buscoequipomedico.com\/\",\"name\":\"Tu mejor opci\u00f3n Equipo M\u00e9dico M\u00e9xico\",\"description\":\"Tienda de equipo m\u00e9dico\",\"publisher\":{\"@id\":\"https:\/\/buscoequipomedico.com\/#organization\"},\"potentialAction\":[{\"@type\":\"SearchAction\",\"target\":{\"@type\":\"EntryPoint\",\"urlTemplate\":\"https:\/\/buscoequipomedico.com\/?s={search_term_string}\"},\"query-input\":{\"@type\":\"PropertyValueSpecification\",\"valueRequired\":true,\"valueName\":\"search_term_string\"}}],\"inLanguage\":\"es\"},{\"@type\":\"Organization\",\"@id\":\"https:\/\/buscoequipomedico.com\/#organization\",\"name\":\"Tu mejor opci\u00f3n Equipo M\u00e9dico M\u00e9xico\",\"url\":\"https:\/\/buscoequipomedico.com\/\",\"logo\":{\"@type\":\"ImageObject\",\"inLanguage\":\"es\",\"@id\":\"https:\/\/buscoequipomedico.com\/#\/schema\/logo\/image\/\",\"url\":\"https:\/\/buscoequipomedico.com\/wp-content\/uploads\/2021\/07\/EMM-VPrincipal-scaled.jpg\",\"contentUrl\":\"https:\/\/buscoequipomedico.com\/wp-content\/uploads\/2021\/07\/EMM-VPrincipal-scaled.jpg\",\"width\":2560,\"height\":1058,\"caption\":\"Tu mejor opci\u00f3n Equipo M\u00e9dico M\u00e9xico\"},\"image\":{\"@id\":\"https:\/\/buscoequipomedico.com\/#\/schema\/logo\/image\/\"}}]}<\/script>\n<!-- \/ Yoast SEO plugin. -->","yoast_head_json":{"title":"HOLTER DIGITAL GRABADOR ECG FUKUDA CON SOFTWARE PARA PC - Tu mejor opci\u00f3n Equipo M\u00e9dico M\u00e9xico","robots":{"index":"index","follow":"follow","max-snippet":"max-snippet:-1","max-image-preview":"max-image-preview:large","max-video-preview":"max-video-preview:-1"},"canonical":"https:\/\/buscoequipomedico.com\/?product=holter-digital-grabador-ecg-fukuda-con-software-para-pc","og_locale":"es_ES","og_type":"article","og_title":"HOLTER DIGITAL GRABADOR ECG FUKUDA CON SOFTWARE PARA PC - Tu mejor opci\u00f3n Equipo M\u00e9dico M\u00e9xico","og_description":"El Grabador Holter de 24 horas FM-180 establece un nuevo est\u00e1ndar de durabilidad y rendimiento en entornos extremos, a la vez que proporciona nueva informaci\u00f3n sobre las posiciones anat\u00f3micas del paciente durante las pruebas.  \u00a0El FM-180 fue dise\u00f1ado para el uso en los ambientes ac\u00fasticos haci\u00e9ndolo conveniente para los laboratorios de la fisiolog\u00eda del ejercicio, la medicina del deporte y los clubs de la salud.  \u00a0El dise\u00f1o impermeable permite a los pacientes mantener un estilo de vida normal al no interferir con el ba\u00f1o de rutina o la ducha.  Durabilidad en ambientes extremos: Durante clubs de ejercicio, nataci\u00f3n, ba\u00f1o diario.","og_url":"https:\/\/buscoequipomedico.com\/?product=holter-digital-grabador-ecg-fukuda-con-software-para-pc","og_site_name":"Tu mejor opci\u00f3n Equipo M\u00e9dico M\u00e9xico","article_modified_time":"2020-02-18T07:33:38+00:00","og_image":[{"width":800,"height":800,"url":"https:\/\/buscoequipomedico.com\/wp-content\/uploads\/2020\/02\/holter-digital-grabador-ecg-fukuda-con-software-para-pc-el-grabador-holter-de-24-horas-fm-180-establece-un-nuevo-estandar-de-dur.jpg","type":"image\/png"}],"twitter_card":"summary_large_image","twitter_misc":{"Tiempo de lectura":"1 minuto"},"schema":{"@context":"https:\/\/schema.org","@graph":[{"@type":"WebPage","@id":"https:\/\/buscoequipomedico.com\/?product=holter-digital-grabador-ecg-fukuda-con-software-para-pc","url":"https:\/\/buscoequipomedico.com\/?product=holter-digital-grabador-ecg-fukuda-con-software-para-pc","name":"HOLTER DIGITAL GRABADOR ECG FUKUDA CON SOFTWARE PARA PC - Tu mejor opci\u00f3n Equipo M\u00e9dico M\u00e9xico","isPartOf":{"@id":"https:\/\/buscoequipomedico.com\/#website"},"primaryImageOfPage":{"@id":"https:\/\/buscoequipomedico.com\/?product=holter-digital-grabador-ecg-fukuda-con-software-para-pc#primaryimage"},"image":{"@id":"https:\/\/buscoequipomedico.com\/?product=holter-digital-grabador-ecg-fukuda-con-software-para-pc#primaryimage"},"thumbnailUrl":"https:\/\/buscoequipomedico.com\/wp-content\/uploads\/2020\/02\/holter-digital-grabador-ecg-fukuda-con-software-para-pc-el-grabador-holter-de-24-horas-fm-180-establece-un-nuevo-estandar-de-dur.jpg","datePublished":"2020-02-18T07:33:33+00:00","dateModified":"2020-02-18T07:33:38+00:00","breadcrumb":{"@id":"https:\/\/buscoequipomedico.com\/?product=holter-digital-grabador-ecg-fukuda-con-software-para-pc#breadcrumb"},"inLanguage":"es","potentialAction":[{"@type":"ReadAction","target":["https:\/\/buscoequipomedico.com\/?product=holter-digital-grabador-ecg-fukuda-con-software-para-pc"]}]},{"@type":"ImageObject","inLanguage":"es","@id":"https:\/\/buscoequipomedico.com\/?product=holter-digital-grabador-ecg-fukuda-con-software-para-pc#primaryimage","url":"https:\/\/buscoequipomedico.com\/wp-content\/uploads\/2020\/02\/holter-digital-grabador-ecg-fukuda-con-software-para-pc-el-grabador-holter-de-24-horas-fm-180-establece-un-nuevo-estandar-de-dur.jpg","contentUrl":"https:\/\/buscoequipomedico.com\/wp-content\/uploads\/2020\/02\/holter-digital-grabador-ecg-fukuda-con-software-para-pc-el-grabador-holter-de-24-horas-fm-180-establece-un-nuevo-estandar-de-dur.jpg","width":800,"height":800},{"@type":"BreadcrumbList","@id":"https:\/\/buscoequipomedico.com\/?product=holter-digital-grabador-ecg-fukuda-con-software-para-pc#breadcrumb","itemListElement":[{"@type":"ListItem","position":1,"name":"Productos","item":"https:\/\/buscoequipomedico.com\/shop\/"},{"@type":"ListItem","position":2,"name":"HOLTER DIGITAL GRABADOR ECG FUKUDA CON SOFTWARE PARA PC"}]},{"@type":"WebSite","@id":"https:\/\/buscoequipomedico.com\/#website","url":"https:\/\/buscoequipomedico.com\/","name":"Tu mejor opci\u00f3n Equipo M\u00e9dico M\u00e9xico","description":"Tienda de equipo m\u00e9dico","publisher":{"@id":"https:\/\/buscoequipomedico.com\/#organization"},"potentialAction":[{"@type":"SearchAction","target":{"@type":"EntryPoint","urlTemplate":"https:\/\/buscoequipomedico.com\/?s={search_term_string}"},"query-input":{"@type":"PropertyValueSpecification","valueRequired":true,"valueName":"search_term_string"}}],"inLanguage":"es"},{"@type":"Organization","@id":"https:\/\/buscoequipomedico.com\/#organization","name":"Tu mejor opci\u00f3n Equipo M\u00e9dico M\u00e9xico","url":"https:\/\/buscoequipomedico.com\/","logo":{"@type":"ImageObject","inLanguage":"es","@id":"https:\/\/buscoequipomedico.com\/#\/schema\/logo\/image\/","url":"https:\/\/buscoequipomedico.com\/wp-content\/uploads\/2021\/07\/EMM-VPrincipal-scaled.jpg","contentUrl":"https:\/\/buscoequipomedico.com\/wp-content\/uploads\/2021\/07\/EMM-VPrincipal-scaled.jpg","width":2560,"height":1058,"caption":"Tu mejor opci\u00f3n Equipo M\u00e9dico M\u00e9xico"},"image":{"@id":"https:\/\/buscoequipomedico.com\/#\/schema\/logo\/image\/"}}]}},"_links":{"self":[{"href":"https:\/\/buscoequipomedico.com\/index.php?rest_route=\/wp\/v2\/product\/11731","targetHints":{"allow":["GET"]}}],"collection":[{"href":"https:\/\/buscoequipomedico.com\/index.php?rest_route=\/wp\/v2\/product"}],"about":[{"href":"https:\/\/buscoequipomedico.com\/index.php?rest_route=\/wp\/v2\/types\/product"}],"wp:featuredmedia":[{"embeddable":true,"href":"https:\/\/buscoequipomedico.com\/index.php?rest_route=\/wp\/v2\/media\/11732"}],"wp:attachment":[{"href":"https:\/\/buscoequipomedico.com\/index.php?rest_route=%2Fwp%2Fv2%2Fmedia&parent=11731"}],"wp:term":[{"taxonomy":"product_brand","embeddable":true,"href":"https:\/\/buscoequipomedico.com\/index.php?rest_route=%2Fwp%2Fv2%2Fproduct_brand&post=11731"},{"taxonomy":"product_cat","embeddable":true,"href":"https:\/\/buscoequipomedico.com\/index.php?rest_route=%2Fwp%2Fv2%2Fproduct_cat&post=11731"},{"taxonomy":"product_tag","embeddable":true,"href":"https:\/\/buscoequipomedico.com\/index.php?rest_route=%2Fwp%2Fv2%2Fproduct_tag&post=11731"}],"curies":[{"name":"wp","href":"https:\/\/api.w.org\/{rel}","templated":true}]}}