{"id":11743,"date":"2020-02-18T07:33:40","date_gmt":"2020-02-18T07:33:40","guid":{"rendered":"https:\/\/equipomedicomexico-com.preview-domain.com\/product\/cuchillo-electronico-de-alta-frecuencia-y-asa-diatermia\/"},"modified":"2020-02-18T07:33:41","modified_gmt":"2020-02-18T07:33:41","slug":"cuchillo-electronico-de-alta-frecuencia-y-asa-diatermia","status":"publish","type":"product","link":"https:\/\/buscoequipomedico.com\/?product=cuchillo-electronico-de-alta-frecuencia-y-asa-diatermia","title":{"rendered":"CUCHILLO ELECTR\u00d3NICO DE ALTA FRECUENCIA Y ASA DIATERMIA"},"content":{"rendered":"<p><span>Con el HF-120, los procedimientos se pueden llevar a cabo en la consulta,<\/span><\/p>\n<\/p>\n<p><span>produce un corte liso, de alta precisi\u00f3n y un da\u00f1o m\u00ednimo en los tejidos, obteniendo estructuras perfectas para realizar su an\u00e1lisis histol\u00f3gico.<\/span><\/p>\n<\/p>\n<p><span>La cauterizaci\u00f3n de grandes superfi cies sangrantes se realiza de forma r\u00e1pida y superfi cial gracias al modo SPRAY, mientras que la cauterizaci\u00f3n puntual y profunda puede realizarse mediante el modo CONTACT.<\/span><\/p>\n<\/p>\n<p><span>Garant\u00eda de excelentes resultados en el tratamiento de las lesiones inducidas del VPH, de la neoplasia intraepitelial cervical (CIN), en la escisi\u00f3n con asa grande en la zona de transformaci\u00f3n (LLETZ\/LEEP), adem\u00e1s de biopsias del cuello uterino, vagina, vulva y zona perianal.<\/span><\/p>\n<\/p>\n<p><span>El HF-120 tambi\u00e9n es indicado para dermatolog\u00eda, otorrinolaringolog\u00eda y cirug\u00eda pl\u00e1stica.<\/span><\/p>\n<\/p>\n<h3>Caracter\u00edsticas<\/h3>\n<p>\u2022 Totalmente microprocesado y de f\u00e1cil manejo<\/p>\n<\/p>\n<p><span lang=\"en-us\" xml_lang=\"en-us\">\u2022 7 modos de trabajo: Pure Cut, Blend 1, Blend 2, Blend 3, Spray, Contact y Bipolar<\/span><\/p>\n<\/p>\n<p>\u2022 Corte efi ciente en tejidos delicados y de alta impedancia (adiposos y otros)<\/p>\n<\/p>\n<p>\u2022 Panel frontal a prueba de l\u00edquidos con teclas blindadas<\/p>\n<\/p>\n<p>\u2022 Selecci\u00f3n de modo y ajuste de potencia r\u00e1pido y preciso mediante teclas en el panel<\/p>\n<\/p>\n<p>\u2022 Teclas de ajuste de volumen en el panel frontal<\/p>\n<\/p>\n<p>\u2022 Pantalla con indicaci\u00f3n digital de las potencias<\/p>\n<\/p>\n<p>\u2022 Memoria no vol\u00e1til para valores de potencia ajustados en todos los modos de uso<\/p>\n<\/p>\n<p>\u2022 Sistema de refrigeraci\u00f3n por convecci\u00f3n natural<\/p>\n<\/p>\n<p>\u2022 Accionado mediante l\u00e1piz manual o pedal de comando<\/p>\n<\/p>\n<p>\u2022 Trabaja con pedal simple o doble (opcional)<\/p>\n<\/p>\n<p>\u2022 Salida de potencia monopolar aislada, lo que minimiza el riesgo de quemaduras<\/p>\n<\/p>\n<p>\u2022 Salida bipolar independiente y aislada<\/p>\n<\/p>\n<p>\u2022 Funciona con placa-paciente com\u00fan o bipartida, con reconocimiento autom\u00e1tico<\/p>\n<\/p>\n<p>\u2022 Monitoreo del circuito de placa-paciente com bloqueo del generador en caso de fallo<\/p>\n<\/p>\n<p>\u2022 Protecci\u00f3n contra descargas el\u00e9ctricas tipo CF clase I<\/p>\n<\/p>\n<p>\u2022 Certifi cado de acuerdo con la norma NBR IEC 60601-2-2; incluye prueba de interfer\u00eancia electromagn\u00e9tica (EMC)<\/p>\n<\/p>\n<h3>Kit de Accesorios<\/h3>\n<p>\u2022 1 pedal simple o pedal doble<\/p>\n<\/p>\n<p>\u2022 1 l\u00e1piz monopolar con comando por pedal<\/p>\n<\/p>\n<p>\u2022 1 juego de electrodos con 5 unidades<\/p>\n<\/p>\n<p>\u2022 1 placa-paciente reusable en acero inoxidable (180 x 85 mm)<\/p>\n<\/p>\n<p>\u2022 1 cable par a placa de acero ino xidable<\/p>\n","protected":false},"excerpt":{"rendered":"<p><span>El HF-120 es reconocido como el generador de alta frecuencia m\u00e1s avanzado en el tratamiento de lesiones del VPH y precancerosas ginecol\u00f3gicas.<\/span><\/p>\n<\/p>\n<p><span>Indicado especialmente para cirug\u00edas en el tracto genital inferior femenino, opera com seguridad y precisi\u00f3n, con lo que evita que haya repercusiones en futuras gestaciones.<\/span><\/p>\n","protected":false},"featured_media":11744,"template":"","meta":{"_joinchat":[]},"product_brand":[],"product_cat":[233],"product_tag":[],"class_list":{"0":"post-11743","1":"product","2":"type-product","3":"status-publish","4":"has-post-thumbnail","6":"product_cat-electrocirugia","7":"pa_marca-wem","9":"first","10":"instock","11":"purchasable","12":"product-type-simple"},"yoast_head":"<!-- This site is optimized with the Yoast SEO plugin v25.1 - https:\/\/yoast.com\/wordpress\/plugins\/seo\/ -->\n<title>CUCHILLO ELECTR\u00d3NICO DE ALTA FRECUENCIA Y ASA DIATERMIA - Tu mejor opci\u00f3n Equipo M\u00e9dico M\u00e9xico<\/title>\n<meta name=\"robots\" content=\"index, follow, max-snippet:-1, max-image-preview:large, max-video-preview:-1\" \/>\n<link rel=\"canonical\" href=\"https:\/\/buscoequipomedico.com\/?product=cuchillo-electronico-de-alta-frecuencia-y-asa-diatermia\" \/>\n<meta property=\"og:locale\" content=\"es_ES\" \/>\n<meta property=\"og:type\" content=\"article\" \/>\n<meta property=\"og:title\" content=\"CUCHILLO ELECTR\u00d3NICO DE ALTA FRECUENCIA Y ASA DIATERMIA - Tu mejor opci\u00f3n Equipo M\u00e9dico M\u00e9xico\" \/>\n<meta property=\"og:description\" content=\"El HF-120 es reconocido como el generador de alta frecuencia m\u00e1s avanzado en el tratamiento de lesiones del VPH y precancerosas ginecol\u00f3gicas. Indicado especialmente para cirug\u00edas en el tracto genital inferior femenino, opera com seguridad y precisi\u00f3n, con lo que evita que haya repercusiones en futuras gestaciones.\" \/>\n<meta property=\"og:url\" content=\"https:\/\/buscoequipomedico.com\/?product=cuchillo-electronico-de-alta-frecuencia-y-asa-diatermia\" \/>\n<meta property=\"og:site_name\" content=\"Tu mejor opci\u00f3n Equipo M\u00e9dico M\u00e9xico\" \/>\n<meta property=\"article:modified_time\" content=\"2020-02-18T07:33:41+00:00\" \/>\n<meta property=\"og:image\" content=\"https:\/\/buscoequipomedico.com\/wp-content\/uploads\/2020\/02\/cuchillo-electronico-de-alta-frecuencia-y-asa-diatermia-el-hf-120-es-reconocido-como-el-generador-de-alta-frecuencia-mas-avanzad.jpg\" \/>\n\t<meta property=\"og:image:width\" content=\"800\" \/>\n\t<meta property=\"og:image:height\" content=\"800\" \/>\n\t<meta property=\"og:image:type\" content=\"image\/png\" \/>\n<meta name=\"twitter:card\" content=\"summary_large_image\" \/>\n<meta name=\"twitter:label1\" content=\"Tiempo de lectura\" \/>\n\t<meta name=\"twitter:data1\" content=\"2 minutos\" \/>\n<script type=\"application\/ld+json\" class=\"yoast-schema-graph\">{\"@context\":\"https:\/\/schema.org\",\"@graph\":[{\"@type\":\"WebPage\",\"@id\":\"https:\/\/buscoequipomedico.com\/?product=cuchillo-electronico-de-alta-frecuencia-y-asa-diatermia\",\"url\":\"https:\/\/buscoequipomedico.com\/?product=cuchillo-electronico-de-alta-frecuencia-y-asa-diatermia\",\"name\":\"CUCHILLO ELECTR\u00d3NICO DE ALTA FRECUENCIA Y ASA DIATERMIA - Tu mejor opci\u00f3n Equipo M\u00e9dico M\u00e9xico\",\"isPartOf\":{\"@id\":\"https:\/\/buscoequipomedico.com\/#website\"},\"primaryImageOfPage\":{\"@id\":\"https:\/\/buscoequipomedico.com\/?product=cuchillo-electronico-de-alta-frecuencia-y-asa-diatermia#primaryimage\"},\"image\":{\"@id\":\"https:\/\/buscoequipomedico.com\/?product=cuchillo-electronico-de-alta-frecuencia-y-asa-diatermia#primaryimage\"},\"thumbnailUrl\":\"https:\/\/buscoequipomedico.com\/wp-content\/uploads\/2020\/02\/cuchillo-electronico-de-alta-frecuencia-y-asa-diatermia-el-hf-120-es-reconocido-como-el-generador-de-alta-frecuencia-mas-avanzad.jpg\",\"datePublished\":\"2020-02-18T07:33:40+00:00\",\"dateModified\":\"2020-02-18T07:33:41+00:00\",\"breadcrumb\":{\"@id\":\"https:\/\/buscoequipomedico.com\/?product=cuchillo-electronico-de-alta-frecuencia-y-asa-diatermia#breadcrumb\"},\"inLanguage\":\"es\",\"potentialAction\":[{\"@type\":\"ReadAction\",\"target\":[\"https:\/\/buscoequipomedico.com\/?product=cuchillo-electronico-de-alta-frecuencia-y-asa-diatermia\"]}]},{\"@type\":\"ImageObject\",\"inLanguage\":\"es\",\"@id\":\"https:\/\/buscoequipomedico.com\/?product=cuchillo-electronico-de-alta-frecuencia-y-asa-diatermia#primaryimage\",\"url\":\"https:\/\/buscoequipomedico.com\/wp-content\/uploads\/2020\/02\/cuchillo-electronico-de-alta-frecuencia-y-asa-diatermia-el-hf-120-es-reconocido-como-el-generador-de-alta-frecuencia-mas-avanzad.jpg\",\"contentUrl\":\"https:\/\/buscoequipomedico.com\/wp-content\/uploads\/2020\/02\/cuchillo-electronico-de-alta-frecuencia-y-asa-diatermia-el-hf-120-es-reconocido-como-el-generador-de-alta-frecuencia-mas-avanzad.jpg\",\"width\":800,\"height\":800},{\"@type\":\"BreadcrumbList\",\"@id\":\"https:\/\/buscoequipomedico.com\/?product=cuchillo-electronico-de-alta-frecuencia-y-asa-diatermia#breadcrumb\",\"itemListElement\":[{\"@type\":\"ListItem\",\"position\":1,\"name\":\"Productos\",\"item\":\"https:\/\/buscoequipomedico.com\/shop\/\"},{\"@type\":\"ListItem\",\"position\":2,\"name\":\"CUCHILLO ELECTR\u00d3NICO DE ALTA FRECUENCIA Y ASA DIATERMIA\"}]},{\"@type\":\"WebSite\",\"@id\":\"https:\/\/buscoequipomedico.com\/#website\",\"url\":\"https:\/\/buscoequipomedico.com\/\",\"name\":\"Tu mejor opci\u00f3n Equipo M\u00e9dico M\u00e9xico\",\"description\":\"Tienda de equipo m\u00e9dico\",\"publisher\":{\"@id\":\"https:\/\/buscoequipomedico.com\/#organization\"},\"potentialAction\":[{\"@type\":\"SearchAction\",\"target\":{\"@type\":\"EntryPoint\",\"urlTemplate\":\"https:\/\/buscoequipomedico.com\/?s={search_term_string}\"},\"query-input\":{\"@type\":\"PropertyValueSpecification\",\"valueRequired\":true,\"valueName\":\"search_term_string\"}}],\"inLanguage\":\"es\"},{\"@type\":\"Organization\",\"@id\":\"https:\/\/buscoequipomedico.com\/#organization\",\"name\":\"Tu mejor opci\u00f3n Equipo M\u00e9dico M\u00e9xico\",\"url\":\"https:\/\/buscoequipomedico.com\/\",\"logo\":{\"@type\":\"ImageObject\",\"inLanguage\":\"es\",\"@id\":\"https:\/\/buscoequipomedico.com\/#\/schema\/logo\/image\/\",\"url\":\"https:\/\/buscoequipomedico.com\/wp-content\/uploads\/2021\/07\/EMM-VPrincipal-scaled.jpg\",\"contentUrl\":\"https:\/\/buscoequipomedico.com\/wp-content\/uploads\/2021\/07\/EMM-VPrincipal-scaled.jpg\",\"width\":2560,\"height\":1058,\"caption\":\"Tu mejor opci\u00f3n Equipo M\u00e9dico M\u00e9xico\"},\"image\":{\"@id\":\"https:\/\/buscoequipomedico.com\/#\/schema\/logo\/image\/\"}}]}<\/script>\n<!-- \/ Yoast SEO plugin. -->","yoast_head_json":{"title":"CUCHILLO ELECTR\u00d3NICO DE ALTA FRECUENCIA Y ASA DIATERMIA - Tu mejor opci\u00f3n Equipo M\u00e9dico M\u00e9xico","robots":{"index":"index","follow":"follow","max-snippet":"max-snippet:-1","max-image-preview":"max-image-preview:large","max-video-preview":"max-video-preview:-1"},"canonical":"https:\/\/buscoequipomedico.com\/?product=cuchillo-electronico-de-alta-frecuencia-y-asa-diatermia","og_locale":"es_ES","og_type":"article","og_title":"CUCHILLO ELECTR\u00d3NICO DE ALTA FRECUENCIA Y ASA DIATERMIA - Tu mejor opci\u00f3n Equipo M\u00e9dico M\u00e9xico","og_description":"El HF-120 es reconocido como el generador de alta frecuencia m\u00e1s avanzado en el tratamiento de lesiones del VPH y precancerosas ginecol\u00f3gicas. Indicado especialmente para cirug\u00edas en el tracto genital inferior femenino, opera com seguridad y precisi\u00f3n, con lo que evita que haya repercusiones en futuras gestaciones.","og_url":"https:\/\/buscoequipomedico.com\/?product=cuchillo-electronico-de-alta-frecuencia-y-asa-diatermia","og_site_name":"Tu mejor opci\u00f3n Equipo M\u00e9dico M\u00e9xico","article_modified_time":"2020-02-18T07:33:41+00:00","og_image":[{"width":800,"height":800,"url":"https:\/\/buscoequipomedico.com\/wp-content\/uploads\/2020\/02\/cuchillo-electronico-de-alta-frecuencia-y-asa-diatermia-el-hf-120-es-reconocido-como-el-generador-de-alta-frecuencia-mas-avanzad.jpg","type":"image\/png"}],"twitter_card":"summary_large_image","twitter_misc":{"Tiempo de lectura":"2 minutos"},"schema":{"@context":"https:\/\/schema.org","@graph":[{"@type":"WebPage","@id":"https:\/\/buscoequipomedico.com\/?product=cuchillo-electronico-de-alta-frecuencia-y-asa-diatermia","url":"https:\/\/buscoequipomedico.com\/?product=cuchillo-electronico-de-alta-frecuencia-y-asa-diatermia","name":"CUCHILLO ELECTR\u00d3NICO DE ALTA FRECUENCIA Y ASA DIATERMIA - Tu mejor opci\u00f3n Equipo M\u00e9dico M\u00e9xico","isPartOf":{"@id":"https:\/\/buscoequipomedico.com\/#website"},"primaryImageOfPage":{"@id":"https:\/\/buscoequipomedico.com\/?product=cuchillo-electronico-de-alta-frecuencia-y-asa-diatermia#primaryimage"},"image":{"@id":"https:\/\/buscoequipomedico.com\/?product=cuchillo-electronico-de-alta-frecuencia-y-asa-diatermia#primaryimage"},"thumbnailUrl":"https:\/\/buscoequipomedico.com\/wp-content\/uploads\/2020\/02\/cuchillo-electronico-de-alta-frecuencia-y-asa-diatermia-el-hf-120-es-reconocido-como-el-generador-de-alta-frecuencia-mas-avanzad.jpg","datePublished":"2020-02-18T07:33:40+00:00","dateModified":"2020-02-18T07:33:41+00:00","breadcrumb":{"@id":"https:\/\/buscoequipomedico.com\/?product=cuchillo-electronico-de-alta-frecuencia-y-asa-diatermia#breadcrumb"},"inLanguage":"es","potentialAction":[{"@type":"ReadAction","target":["https:\/\/buscoequipomedico.com\/?product=cuchillo-electronico-de-alta-frecuencia-y-asa-diatermia"]}]},{"@type":"ImageObject","inLanguage":"es","@id":"https:\/\/buscoequipomedico.com\/?product=cuchillo-electronico-de-alta-frecuencia-y-asa-diatermia#primaryimage","url":"https:\/\/buscoequipomedico.com\/wp-content\/uploads\/2020\/02\/cuchillo-electronico-de-alta-frecuencia-y-asa-diatermia-el-hf-120-es-reconocido-como-el-generador-de-alta-frecuencia-mas-avanzad.jpg","contentUrl":"https:\/\/buscoequipomedico.com\/wp-content\/uploads\/2020\/02\/cuchillo-electronico-de-alta-frecuencia-y-asa-diatermia-el-hf-120-es-reconocido-como-el-generador-de-alta-frecuencia-mas-avanzad.jpg","width":800,"height":800},{"@type":"BreadcrumbList","@id":"https:\/\/buscoequipomedico.com\/?product=cuchillo-electronico-de-alta-frecuencia-y-asa-diatermia#breadcrumb","itemListElement":[{"@type":"ListItem","position":1,"name":"Productos","item":"https:\/\/buscoequipomedico.com\/shop\/"},{"@type":"ListItem","position":2,"name":"CUCHILLO ELECTR\u00d3NICO DE ALTA FRECUENCIA Y ASA DIATERMIA"}]},{"@type":"WebSite","@id":"https:\/\/buscoequipomedico.com\/#website","url":"https:\/\/buscoequipomedico.com\/","name":"Tu mejor opci\u00f3n Equipo M\u00e9dico M\u00e9xico","description":"Tienda de equipo m\u00e9dico","publisher":{"@id":"https:\/\/buscoequipomedico.com\/#organization"},"potentialAction":[{"@type":"SearchAction","target":{"@type":"EntryPoint","urlTemplate":"https:\/\/buscoequipomedico.com\/?s={search_term_string}"},"query-input":{"@type":"PropertyValueSpecification","valueRequired":true,"valueName":"search_term_string"}}],"inLanguage":"es"},{"@type":"Organization","@id":"https:\/\/buscoequipomedico.com\/#organization","name":"Tu mejor opci\u00f3n Equipo M\u00e9dico M\u00e9xico","url":"https:\/\/buscoequipomedico.com\/","logo":{"@type":"ImageObject","inLanguage":"es","@id":"https:\/\/buscoequipomedico.com\/#\/schema\/logo\/image\/","url":"https:\/\/buscoequipomedico.com\/wp-content\/uploads\/2021\/07\/EMM-VPrincipal-scaled.jpg","contentUrl":"https:\/\/buscoequipomedico.com\/wp-content\/uploads\/2021\/07\/EMM-VPrincipal-scaled.jpg","width":2560,"height":1058,"caption":"Tu mejor opci\u00f3n Equipo M\u00e9dico M\u00e9xico"},"image":{"@id":"https:\/\/buscoequipomedico.com\/#\/schema\/logo\/image\/"}}]}},"_links":{"self":[{"href":"https:\/\/buscoequipomedico.com\/index.php?rest_route=\/wp\/v2\/product\/11743","targetHints":{"allow":["GET"]}}],"collection":[{"href":"https:\/\/buscoequipomedico.com\/index.php?rest_route=\/wp\/v2\/product"}],"about":[{"href":"https:\/\/buscoequipomedico.com\/index.php?rest_route=\/wp\/v2\/types\/product"}],"wp:featuredmedia":[{"embeddable":true,"href":"https:\/\/buscoequipomedico.com\/index.php?rest_route=\/wp\/v2\/media\/11744"}],"wp:attachment":[{"href":"https:\/\/buscoequipomedico.com\/index.php?rest_route=%2Fwp%2Fv2%2Fmedia&parent=11743"}],"wp:term":[{"taxonomy":"product_brand","embeddable":true,"href":"https:\/\/buscoequipomedico.com\/index.php?rest_route=%2Fwp%2Fv2%2Fproduct_brand&post=11743"},{"taxonomy":"product_cat","embeddable":true,"href":"https:\/\/buscoequipomedico.com\/index.php?rest_route=%2Fwp%2Fv2%2Fproduct_cat&post=11743"},{"taxonomy":"product_tag","embeddable":true,"href":"https:\/\/buscoequipomedico.com\/index.php?rest_route=%2Fwp%2Fv2%2Fproduct_tag&post=11743"}],"curies":[{"name":"wp","href":"https:\/\/api.w.org\/{rel}","templated":true}]}}