{"id":11747,"date":"2020-02-18T07:33:40","date_gmt":"2020-02-18T07:33:40","guid":{"rendered":"https:\/\/equipomedicomexico-com.preview-domain.com\/product\/evacuador-de-humo\/"},"modified":"2020-02-18T07:33:41","modified_gmt":"2020-02-18T07:33:41","slug":"evacuador-de-humo","status":"publish","type":"product","link":"https:\/\/buscoequipomedico.com\/?product=evacuador-de-humo","title":{"rendered":"EVACUADOR DE HUMO"},"content":{"rendered":"<p>\u2022 Volumen de aire a trav\u00e9s del filtro: 120L\/min<\/p>\n<p>\u2022 Ajuste de succi\u00f3n: 10% &#8212; 100%<\/p>\n<p>\u2022 Modo de inicio: conmutador de mano \/<\/p>\n<p>pedal \/ sentido de corriente<\/p>\n<p>\u2022 Tiempo de retardo: 0 &#8212; 60s<\/p>\n<p>\u2022 Potencia: 150W<\/p>\n<\/p>\n<p>\u2022 Grado de limpieza de part\u00edculas: 99.999%<\/p>\n<p>Caracter\u00edstica JBW-X200:<\/p>\n<p>1. Control de temperatura: proteja el motor controlando la temperatura<\/p>\n<p>2. Detecci\u00f3n de corriente: el evacuador de humo puede comenzar de forma s\u00edncrona con el generador<\/p>\n<p>3. Reemplazo del material del filtro de Hepa: recordarle que reemplace el material del filtro<\/p>\n<p>oportunamente<\/p>\n<p>4. El material de filtro de Hepa no instalado recuerda: recuerda que no has instalado el material de filtro<\/p>\n<p>5. Configuraci\u00f3n de silencio: crea un entorno c\u00f3modo y tranquilo<\/p>\n<p>6. Ajuste de tiempo<\/p>\n<p>7. Filtro de aire de part\u00edculas m\u00faltiple de alta eficiencia<\/p>\n<p>8. Liberar iones de ox\u00edgeno negativos de alta concentraci\u00f3n: crear aire fresco<\/p>\n<p>9. Volumen de aire a trav\u00e9s del filtro: 120L \/ min<\/p>\n<p>10. Ajuste de succi\u00f3n: 10% &#8212; 100%<\/p>\n<p>11. Modo de inicio: handswitch \/ footswitch \/ current-sense<\/p>\n<p>12. Tiempo de retardo: 0 &#8212; 60 s<\/p>\n<p>13. Energ\u00eda: 300W<\/p>\n<p>14. Grado de limpieza de part\u00edculas: 99.999%<\/p>\n<p>Configuraci\u00f3n JBW-X200:<\/p>\n<p>1. M\u00e1quina de host exterior de metal (con 2 filtros de cart\u00f3n activos incorporados, tiene exterior de<\/p>\n<p>pl\u00e1stico para elegir);<\/p>\n<p>2. La lista de piezas de repuesto es la siguiente:<\/p>\n<p>&#8212;&#8211; filtro de bacterias 1pc;<\/p>\n<p>&#8212;&#8211; 1pc Hepa filter;<\/p>\n<p>&#8212;&#8211; esp\u00e9culo 1pc (hecho de cobre);<\/p>\n<p>&#8212;&#8211; cable de alimentaci\u00f3n 1pc<\/p>\n<p>Es mejor reemplazar los filtros de cart\u00f3n activos incorporados despu\u00e9s de usar 90 horas, para filtro<\/p>\n<p>externo de bacterias y filtro Hepa, 30 horas.<\/p>\n<p>3. Dimensi\u00f3n del cart\u00f3n: 58cm * 46cm * 31cm; Peso: alrededor de 10 kg<\/p>\n","protected":false},"excerpt":{"rendered":"<p>Captura y Filtra eficientemente el humo quir\u00fargico.<\/p>\n<p>Elimina olores, part\u00edculas y pat\u00f3genos potencialmente peligrosos<\/p>\n<p>Ofrece un ambiente libre para respirar para Usted y sus pacientes<\/p>\n<p>* Con control de temperatura.<\/p>\n<p>* Filtro HEPA y Filtro Bacterial<\/p>\n<p>* Extremadamente silencioso<\/p>\n<p>* Libera IONES de oxigeno negativos<\/p><\/p>\n","protected":false},"featured_media":11748,"template":"","meta":{"_joinchat":[]},"product_brand":[],"product_cat":[233],"product_tag":[],"class_list":{"0":"post-11747","1":"product","2":"type-product","3":"status-publish","4":"has-post-thumbnail","6":"product_cat-electrocirugia","7":"pa_marca-health-o-meter","9":"first","10":"instock","11":"purchasable","12":"product-type-simple"},"yoast_head":"<!-- This site is optimized with the Yoast SEO plugin v25.1 - https:\/\/yoast.com\/wordpress\/plugins\/seo\/ -->\n<title>EVACUADOR DE HUMO - Tu mejor opci\u00f3n Equipo M\u00e9dico M\u00e9xico<\/title>\n<meta name=\"robots\" content=\"index, follow, max-snippet:-1, max-image-preview:large, max-video-preview:-1\" \/>\n<link rel=\"canonical\" href=\"https:\/\/buscoequipomedico.com\/?product=evacuador-de-humo\" \/>\n<meta property=\"og:locale\" content=\"es_ES\" \/>\n<meta property=\"og:type\" content=\"article\" \/>\n<meta property=\"og:title\" content=\"EVACUADOR DE HUMO - Tu mejor opci\u00f3n Equipo M\u00e9dico M\u00e9xico\" \/>\n<meta property=\"og:description\" content=\"Captura y Filtra eficientemente el humo quir\u00fargico. Elimina olores, part\u00edculas y pat\u00f3genos potencialmente peligrosos Ofrece un ambiente libre para respirar para Usted y sus pacientes * Con control de temperatura. * Filtro HEPA y Filtro Bacterial * Extremadamente silencioso * Libera IONES de oxigeno negativos\" \/>\n<meta property=\"og:url\" content=\"https:\/\/buscoequipomedico.com\/?product=evacuador-de-humo\" \/>\n<meta property=\"og:site_name\" content=\"Tu mejor opci\u00f3n Equipo M\u00e9dico M\u00e9xico\" \/>\n<meta property=\"article:modified_time\" content=\"2020-02-18T07:33:41+00:00\" \/>\n<meta property=\"og:image\" content=\"https:\/\/buscoequipomedico.com\/wp-content\/uploads\/2020\/02\/evacuador-de-humo-captura-y-filtra-eficientemente-el-humo-quirurgico-elimina-olores-particulas-y-patogenos-potencialmente-peligr.jpg\" \/>\n\t<meta property=\"og:image:width\" content=\"800\" \/>\n\t<meta property=\"og:image:height\" content=\"800\" \/>\n\t<meta property=\"og:image:type\" content=\"image\/png\" \/>\n<meta name=\"twitter:card\" content=\"summary_large_image\" \/>\n<meta name=\"twitter:label1\" content=\"Tiempo de lectura\" \/>\n\t<meta name=\"twitter:data1\" content=\"1 minuto\" \/>\n<script type=\"application\/ld+json\" class=\"yoast-schema-graph\">{\"@context\":\"https:\/\/schema.org\",\"@graph\":[{\"@type\":\"WebPage\",\"@id\":\"https:\/\/buscoequipomedico.com\/?product=evacuador-de-humo\",\"url\":\"https:\/\/buscoequipomedico.com\/?product=evacuador-de-humo\",\"name\":\"EVACUADOR DE HUMO - Tu mejor opci\u00f3n Equipo M\u00e9dico M\u00e9xico\",\"isPartOf\":{\"@id\":\"https:\/\/buscoequipomedico.com\/#website\"},\"primaryImageOfPage\":{\"@id\":\"https:\/\/buscoequipomedico.com\/?product=evacuador-de-humo#primaryimage\"},\"image\":{\"@id\":\"https:\/\/buscoequipomedico.com\/?product=evacuador-de-humo#primaryimage\"},\"thumbnailUrl\":\"https:\/\/buscoequipomedico.com\/wp-content\/uploads\/2020\/02\/evacuador-de-humo-captura-y-filtra-eficientemente-el-humo-quirurgico-elimina-olores-particulas-y-patogenos-potencialmente-peligr.jpg\",\"datePublished\":\"2020-02-18T07:33:40+00:00\",\"dateModified\":\"2020-02-18T07:33:41+00:00\",\"breadcrumb\":{\"@id\":\"https:\/\/buscoequipomedico.com\/?product=evacuador-de-humo#breadcrumb\"},\"inLanguage\":\"es\",\"potentialAction\":[{\"@type\":\"ReadAction\",\"target\":[\"https:\/\/buscoequipomedico.com\/?product=evacuador-de-humo\"]}]},{\"@type\":\"ImageObject\",\"inLanguage\":\"es\",\"@id\":\"https:\/\/buscoequipomedico.com\/?product=evacuador-de-humo#primaryimage\",\"url\":\"https:\/\/buscoequipomedico.com\/wp-content\/uploads\/2020\/02\/evacuador-de-humo-captura-y-filtra-eficientemente-el-humo-quirurgico-elimina-olores-particulas-y-patogenos-potencialmente-peligr.jpg\",\"contentUrl\":\"https:\/\/buscoequipomedico.com\/wp-content\/uploads\/2020\/02\/evacuador-de-humo-captura-y-filtra-eficientemente-el-humo-quirurgico-elimina-olores-particulas-y-patogenos-potencialmente-peligr.jpg\",\"width\":800,\"height\":800},{\"@type\":\"BreadcrumbList\",\"@id\":\"https:\/\/buscoequipomedico.com\/?product=evacuador-de-humo#breadcrumb\",\"itemListElement\":[{\"@type\":\"ListItem\",\"position\":1,\"name\":\"Productos\",\"item\":\"https:\/\/buscoequipomedico.com\/shop\/\"},{\"@type\":\"ListItem\",\"position\":2,\"name\":\"EVACUADOR DE HUMO\"}]},{\"@type\":\"WebSite\",\"@id\":\"https:\/\/buscoequipomedico.com\/#website\",\"url\":\"https:\/\/buscoequipomedico.com\/\",\"name\":\"Tu mejor opci\u00f3n Equipo M\u00e9dico M\u00e9xico\",\"description\":\"Tienda de equipo m\u00e9dico\",\"publisher\":{\"@id\":\"https:\/\/buscoequipomedico.com\/#organization\"},\"potentialAction\":[{\"@type\":\"SearchAction\",\"target\":{\"@type\":\"EntryPoint\",\"urlTemplate\":\"https:\/\/buscoequipomedico.com\/?s={search_term_string}\"},\"query-input\":{\"@type\":\"PropertyValueSpecification\",\"valueRequired\":true,\"valueName\":\"search_term_string\"}}],\"inLanguage\":\"es\"},{\"@type\":\"Organization\",\"@id\":\"https:\/\/buscoequipomedico.com\/#organization\",\"name\":\"Tu mejor opci\u00f3n Equipo M\u00e9dico M\u00e9xico\",\"url\":\"https:\/\/buscoequipomedico.com\/\",\"logo\":{\"@type\":\"ImageObject\",\"inLanguage\":\"es\",\"@id\":\"https:\/\/buscoequipomedico.com\/#\/schema\/logo\/image\/\",\"url\":\"https:\/\/buscoequipomedico.com\/wp-content\/uploads\/2021\/07\/EMM-VPrincipal-scaled.jpg\",\"contentUrl\":\"https:\/\/buscoequipomedico.com\/wp-content\/uploads\/2021\/07\/EMM-VPrincipal-scaled.jpg\",\"width\":2560,\"height\":1058,\"caption\":\"Tu mejor opci\u00f3n Equipo M\u00e9dico M\u00e9xico\"},\"image\":{\"@id\":\"https:\/\/buscoequipomedico.com\/#\/schema\/logo\/image\/\"}}]}<\/script>\n<!-- \/ Yoast SEO plugin. -->","yoast_head_json":{"title":"EVACUADOR DE HUMO - Tu mejor opci\u00f3n Equipo M\u00e9dico M\u00e9xico","robots":{"index":"index","follow":"follow","max-snippet":"max-snippet:-1","max-image-preview":"max-image-preview:large","max-video-preview":"max-video-preview:-1"},"canonical":"https:\/\/buscoequipomedico.com\/?product=evacuador-de-humo","og_locale":"es_ES","og_type":"article","og_title":"EVACUADOR DE HUMO - Tu mejor opci\u00f3n Equipo M\u00e9dico M\u00e9xico","og_description":"Captura y Filtra eficientemente el humo quir\u00fargico. Elimina olores, part\u00edculas y pat\u00f3genos potencialmente peligrosos Ofrece un ambiente libre para respirar para Usted y sus pacientes * Con control de temperatura. * Filtro HEPA y Filtro Bacterial * Extremadamente silencioso * Libera IONES de oxigeno negativos","og_url":"https:\/\/buscoequipomedico.com\/?product=evacuador-de-humo","og_site_name":"Tu mejor opci\u00f3n Equipo M\u00e9dico M\u00e9xico","article_modified_time":"2020-02-18T07:33:41+00:00","og_image":[{"width":800,"height":800,"url":"https:\/\/buscoequipomedico.com\/wp-content\/uploads\/2020\/02\/evacuador-de-humo-captura-y-filtra-eficientemente-el-humo-quirurgico-elimina-olores-particulas-y-patogenos-potencialmente-peligr.jpg","type":"image\/png"}],"twitter_card":"summary_large_image","twitter_misc":{"Tiempo de lectura":"1 minuto"},"schema":{"@context":"https:\/\/schema.org","@graph":[{"@type":"WebPage","@id":"https:\/\/buscoequipomedico.com\/?product=evacuador-de-humo","url":"https:\/\/buscoequipomedico.com\/?product=evacuador-de-humo","name":"EVACUADOR DE HUMO - Tu mejor opci\u00f3n Equipo M\u00e9dico M\u00e9xico","isPartOf":{"@id":"https:\/\/buscoequipomedico.com\/#website"},"primaryImageOfPage":{"@id":"https:\/\/buscoequipomedico.com\/?product=evacuador-de-humo#primaryimage"},"image":{"@id":"https:\/\/buscoequipomedico.com\/?product=evacuador-de-humo#primaryimage"},"thumbnailUrl":"https:\/\/buscoequipomedico.com\/wp-content\/uploads\/2020\/02\/evacuador-de-humo-captura-y-filtra-eficientemente-el-humo-quirurgico-elimina-olores-particulas-y-patogenos-potencialmente-peligr.jpg","datePublished":"2020-02-18T07:33:40+00:00","dateModified":"2020-02-18T07:33:41+00:00","breadcrumb":{"@id":"https:\/\/buscoequipomedico.com\/?product=evacuador-de-humo#breadcrumb"},"inLanguage":"es","potentialAction":[{"@type":"ReadAction","target":["https:\/\/buscoequipomedico.com\/?product=evacuador-de-humo"]}]},{"@type":"ImageObject","inLanguage":"es","@id":"https:\/\/buscoequipomedico.com\/?product=evacuador-de-humo#primaryimage","url":"https:\/\/buscoequipomedico.com\/wp-content\/uploads\/2020\/02\/evacuador-de-humo-captura-y-filtra-eficientemente-el-humo-quirurgico-elimina-olores-particulas-y-patogenos-potencialmente-peligr.jpg","contentUrl":"https:\/\/buscoequipomedico.com\/wp-content\/uploads\/2020\/02\/evacuador-de-humo-captura-y-filtra-eficientemente-el-humo-quirurgico-elimina-olores-particulas-y-patogenos-potencialmente-peligr.jpg","width":800,"height":800},{"@type":"BreadcrumbList","@id":"https:\/\/buscoequipomedico.com\/?product=evacuador-de-humo#breadcrumb","itemListElement":[{"@type":"ListItem","position":1,"name":"Productos","item":"https:\/\/buscoequipomedico.com\/shop\/"},{"@type":"ListItem","position":2,"name":"EVACUADOR DE HUMO"}]},{"@type":"WebSite","@id":"https:\/\/buscoequipomedico.com\/#website","url":"https:\/\/buscoequipomedico.com\/","name":"Tu mejor opci\u00f3n Equipo M\u00e9dico M\u00e9xico","description":"Tienda de equipo m\u00e9dico","publisher":{"@id":"https:\/\/buscoequipomedico.com\/#organization"},"potentialAction":[{"@type":"SearchAction","target":{"@type":"EntryPoint","urlTemplate":"https:\/\/buscoequipomedico.com\/?s={search_term_string}"},"query-input":{"@type":"PropertyValueSpecification","valueRequired":true,"valueName":"search_term_string"}}],"inLanguage":"es"},{"@type":"Organization","@id":"https:\/\/buscoequipomedico.com\/#organization","name":"Tu mejor opci\u00f3n Equipo M\u00e9dico M\u00e9xico","url":"https:\/\/buscoequipomedico.com\/","logo":{"@type":"ImageObject","inLanguage":"es","@id":"https:\/\/buscoequipomedico.com\/#\/schema\/logo\/image\/","url":"https:\/\/buscoequipomedico.com\/wp-content\/uploads\/2021\/07\/EMM-VPrincipal-scaled.jpg","contentUrl":"https:\/\/buscoequipomedico.com\/wp-content\/uploads\/2021\/07\/EMM-VPrincipal-scaled.jpg","width":2560,"height":1058,"caption":"Tu mejor opci\u00f3n Equipo M\u00e9dico M\u00e9xico"},"image":{"@id":"https:\/\/buscoequipomedico.com\/#\/schema\/logo\/image\/"}}]}},"_links":{"self":[{"href":"https:\/\/buscoequipomedico.com\/index.php?rest_route=\/wp\/v2\/product\/11747","targetHints":{"allow":["GET"]}}],"collection":[{"href":"https:\/\/buscoequipomedico.com\/index.php?rest_route=\/wp\/v2\/product"}],"about":[{"href":"https:\/\/buscoequipomedico.com\/index.php?rest_route=\/wp\/v2\/types\/product"}],"wp:featuredmedia":[{"embeddable":true,"href":"https:\/\/buscoequipomedico.com\/index.php?rest_route=\/wp\/v2\/media\/11748"}],"wp:attachment":[{"href":"https:\/\/buscoequipomedico.com\/index.php?rest_route=%2Fwp%2Fv2%2Fmedia&parent=11747"}],"wp:term":[{"taxonomy":"product_brand","embeddable":true,"href":"https:\/\/buscoequipomedico.com\/index.php?rest_route=%2Fwp%2Fv2%2Fproduct_brand&post=11747"},{"taxonomy":"product_cat","embeddable":true,"href":"https:\/\/buscoequipomedico.com\/index.php?rest_route=%2Fwp%2Fv2%2Fproduct_cat&post=11747"},{"taxonomy":"product_tag","embeddable":true,"href":"https:\/\/buscoequipomedico.com\/index.php?rest_route=%2Fwp%2Fv2%2Fproduct_tag&post=11747"}],"curies":[{"name":"wp","href":"https:\/\/api.w.org\/{rel}","templated":true}]}}