{"id":11749,"date":"2020-02-18T07:33:40","date_gmt":"2020-02-18T07:33:40","guid":{"rendered":"https:\/\/equipomedicomexico-com.preview-domain.com\/product\/banda-de-esfuerzo-treadmil-marca-trackmaster\/"},"modified":"2020-02-18T07:33:42","modified_gmt":"2020-02-18T07:33:42","slug":"banda-de-esfuerzo-treadmil-marca-trackmaster","status":"publish","type":"product","link":"https:\/\/buscoequipomedico.com\/?product=banda-de-esfuerzo-treadmil-marca-trackmaster","title":{"rendered":"BANDA DE ESFUERZO (TREADMIL) MARCA TRACKMASTER"},"content":{"rendered":"<p>La caminadora m\u00e9dica Trackmaster TMX425 se calibra autom\u00e1ticamente, pr\u00e1cticamente no necesita mantenimiento y las caracter\u00edsticas de seguridad incluyen una plataforma de bajo perfil, un funcionamiento incre\u00edblemente suave de la banda y un interruptor de parada de emergencia de f\u00e1cil acceso. La cubierta grande de 22 \u00abx 63\u00bb absorbe el impacto y proporciona mucho espacio para correr o caminar, y los pasamanos de dise\u00f1o ergon\u00f3mico inspiran confianza en el paciente.<\/p>\n<\/p>\n<p>Caracter\u00edsticas de la cinta de correr Trackmaster TMX425<\/p>\n<\/p>\n<p>Capacidad de usuario de 400 lbs.<\/p>\n<\/p>\n<p>Estructura de acero de gran espesor.<\/p>\n<\/p>\n<p>Recubrimiento epoxi en polvo en carril negro azabache con acabado blanco<\/p>\n<\/p>\n<p>Las barandillas de seguridad son est\u00e1ndar<\/p>\n<\/p>\n<p>Sistema de accionamiento de cinta de correr Trackmaster TMX425<\/p>\n<\/p>\n<p>Unidad de inversor de CA de 2,2 HP para trabajo pesado<\/p>\n<\/p>\n<p>110V, 60Hz, 15A; 208 \/ 220V, 60 Hz, 15A<\/p>\n<\/p>\n<p>Todos los est\u00e1ndares internacionales disponibles.<\/p><\/p>\n","protected":false},"excerpt":{"rendered":"<p>El Trackmaster TMX425 est\u00e1 dise\u00f1ado para ser la mejor cinta de correr de la industria. Trackmaster hizo la cinta de correr m\u00e9dica m\u00e1s suave, m\u00e1s silenciosa y m\u00e1s confiable que cualquier otro competidor, mientras centr\u00f3 el dise\u00f1o en la seguridad y el confort absolutos.<\/p><\/p>\n","protected":false},"featured_media":11750,"template":"","meta":{"_joinchat":[]},"product_brand":[],"product_cat":[233],"product_tag":[],"class_list":{"0":"post-11749","1":"product","2":"type-product","3":"status-publish","4":"has-post-thumbnail","6":"product_cat-electrocirugia","8":"first","9":"instock","10":"purchasable","11":"product-type-simple"},"yoast_head":"<!-- This site is optimized with the Yoast SEO plugin v25.1 - https:\/\/yoast.com\/wordpress\/plugins\/seo\/ -->\n<title>BANDA DE ESFUERZO (TREADMIL) MARCA TRACKMASTER - Tu mejor opci\u00f3n Equipo M\u00e9dico M\u00e9xico<\/title>\n<meta name=\"robots\" content=\"index, follow, max-snippet:-1, max-image-preview:large, max-video-preview:-1\" \/>\n<link rel=\"canonical\" href=\"https:\/\/buscoequipomedico.com\/?product=banda-de-esfuerzo-treadmil-marca-trackmaster\" \/>\n<meta property=\"og:locale\" content=\"es_ES\" \/>\n<meta property=\"og:type\" content=\"article\" \/>\n<meta property=\"og:title\" content=\"BANDA DE ESFUERZO (TREADMIL) MARCA TRACKMASTER - Tu mejor opci\u00f3n Equipo M\u00e9dico M\u00e9xico\" \/>\n<meta property=\"og:description\" content=\"El Trackmaster TMX425 est\u00e1 dise\u00f1ado para ser la mejor cinta de correr de la industria. Trackmaster hizo la cinta de correr m\u00e9dica m\u00e1s suave, m\u00e1s silenciosa y m\u00e1s confiable que cualquier otro competidor, mientras centr\u00f3 el dise\u00f1o en la seguridad y el confort absolutos.\" \/>\n<meta property=\"og:url\" content=\"https:\/\/buscoequipomedico.com\/?product=banda-de-esfuerzo-treadmil-marca-trackmaster\" \/>\n<meta property=\"og:site_name\" content=\"Tu mejor opci\u00f3n Equipo M\u00e9dico M\u00e9xico\" \/>\n<meta property=\"article:modified_time\" content=\"2020-02-18T07:33:42+00:00\" \/>\n<meta property=\"og:image\" content=\"https:\/\/buscoequipomedico.com\/wp-content\/uploads\/2020\/02\/banda-de-esfuerzo-treadmil-marca-trackmaster-el-trackmaster-tmx425-esta-disenado-para-ser-la-mejor-cinta-de-correr-de-la-industr.jpg\" \/>\n\t<meta property=\"og:image:width\" content=\"800\" \/>\n\t<meta property=\"og:image:height\" content=\"800\" \/>\n\t<meta property=\"og:image:type\" content=\"image\/png\" \/>\n<meta name=\"twitter:card\" content=\"summary_large_image\" \/>\n<meta name=\"twitter:label1\" content=\"Tiempo de lectura\" \/>\n\t<meta name=\"twitter:data1\" content=\"1 minuto\" \/>\n<script type=\"application\/ld+json\" class=\"yoast-schema-graph\">{\"@context\":\"https:\/\/schema.org\",\"@graph\":[{\"@type\":\"WebPage\",\"@id\":\"https:\/\/buscoequipomedico.com\/?product=banda-de-esfuerzo-treadmil-marca-trackmaster\",\"url\":\"https:\/\/buscoequipomedico.com\/?product=banda-de-esfuerzo-treadmil-marca-trackmaster\",\"name\":\"BANDA DE ESFUERZO (TREADMIL) MARCA TRACKMASTER - Tu mejor opci\u00f3n Equipo M\u00e9dico M\u00e9xico\",\"isPartOf\":{\"@id\":\"https:\/\/buscoequipomedico.com\/#website\"},\"primaryImageOfPage\":{\"@id\":\"https:\/\/buscoequipomedico.com\/?product=banda-de-esfuerzo-treadmil-marca-trackmaster#primaryimage\"},\"image\":{\"@id\":\"https:\/\/buscoequipomedico.com\/?product=banda-de-esfuerzo-treadmil-marca-trackmaster#primaryimage\"},\"thumbnailUrl\":\"https:\/\/buscoequipomedico.com\/wp-content\/uploads\/2020\/02\/banda-de-esfuerzo-treadmil-marca-trackmaster-el-trackmaster-tmx425-esta-disenado-para-ser-la-mejor-cinta-de-correr-de-la-industr.jpg\",\"datePublished\":\"2020-02-18T07:33:40+00:00\",\"dateModified\":\"2020-02-18T07:33:42+00:00\",\"breadcrumb\":{\"@id\":\"https:\/\/buscoequipomedico.com\/?product=banda-de-esfuerzo-treadmil-marca-trackmaster#breadcrumb\"},\"inLanguage\":\"es\",\"potentialAction\":[{\"@type\":\"ReadAction\",\"target\":[\"https:\/\/buscoequipomedico.com\/?product=banda-de-esfuerzo-treadmil-marca-trackmaster\"]}]},{\"@type\":\"ImageObject\",\"inLanguage\":\"es\",\"@id\":\"https:\/\/buscoequipomedico.com\/?product=banda-de-esfuerzo-treadmil-marca-trackmaster#primaryimage\",\"url\":\"https:\/\/buscoequipomedico.com\/wp-content\/uploads\/2020\/02\/banda-de-esfuerzo-treadmil-marca-trackmaster-el-trackmaster-tmx425-esta-disenado-para-ser-la-mejor-cinta-de-correr-de-la-industr.jpg\",\"contentUrl\":\"https:\/\/buscoequipomedico.com\/wp-content\/uploads\/2020\/02\/banda-de-esfuerzo-treadmil-marca-trackmaster-el-trackmaster-tmx425-esta-disenado-para-ser-la-mejor-cinta-de-correr-de-la-industr.jpg\",\"width\":800,\"height\":800},{\"@type\":\"BreadcrumbList\",\"@id\":\"https:\/\/buscoequipomedico.com\/?product=banda-de-esfuerzo-treadmil-marca-trackmaster#breadcrumb\",\"itemListElement\":[{\"@type\":\"ListItem\",\"position\":1,\"name\":\"Productos\",\"item\":\"https:\/\/buscoequipomedico.com\/shop\/\"},{\"@type\":\"ListItem\",\"position\":2,\"name\":\"BANDA DE ESFUERZO (TREADMIL) MARCA TRACKMASTER\"}]},{\"@type\":\"WebSite\",\"@id\":\"https:\/\/buscoequipomedico.com\/#website\",\"url\":\"https:\/\/buscoequipomedico.com\/\",\"name\":\"Tu mejor opci\u00f3n Equipo M\u00e9dico M\u00e9xico\",\"description\":\"Tienda de equipo m\u00e9dico\",\"publisher\":{\"@id\":\"https:\/\/buscoequipomedico.com\/#organization\"},\"potentialAction\":[{\"@type\":\"SearchAction\",\"target\":{\"@type\":\"EntryPoint\",\"urlTemplate\":\"https:\/\/buscoequipomedico.com\/?s={search_term_string}\"},\"query-input\":{\"@type\":\"PropertyValueSpecification\",\"valueRequired\":true,\"valueName\":\"search_term_string\"}}],\"inLanguage\":\"es\"},{\"@type\":\"Organization\",\"@id\":\"https:\/\/buscoequipomedico.com\/#organization\",\"name\":\"Tu mejor opci\u00f3n Equipo M\u00e9dico M\u00e9xico\",\"url\":\"https:\/\/buscoequipomedico.com\/\",\"logo\":{\"@type\":\"ImageObject\",\"inLanguage\":\"es\",\"@id\":\"https:\/\/buscoequipomedico.com\/#\/schema\/logo\/image\/\",\"url\":\"https:\/\/buscoequipomedico.com\/wp-content\/uploads\/2021\/07\/EMM-VPrincipal-scaled.jpg\",\"contentUrl\":\"https:\/\/buscoequipomedico.com\/wp-content\/uploads\/2021\/07\/EMM-VPrincipal-scaled.jpg\",\"width\":2560,\"height\":1058,\"caption\":\"Tu mejor opci\u00f3n Equipo M\u00e9dico M\u00e9xico\"},\"image\":{\"@id\":\"https:\/\/buscoequipomedico.com\/#\/schema\/logo\/image\/\"}}]}<\/script>\n<!-- \/ Yoast SEO plugin. -->","yoast_head_json":{"title":"BANDA DE ESFUERZO (TREADMIL) MARCA TRACKMASTER - Tu mejor opci\u00f3n Equipo M\u00e9dico M\u00e9xico","robots":{"index":"index","follow":"follow","max-snippet":"max-snippet:-1","max-image-preview":"max-image-preview:large","max-video-preview":"max-video-preview:-1"},"canonical":"https:\/\/buscoequipomedico.com\/?product=banda-de-esfuerzo-treadmil-marca-trackmaster","og_locale":"es_ES","og_type":"article","og_title":"BANDA DE ESFUERZO (TREADMIL) MARCA TRACKMASTER - Tu mejor opci\u00f3n Equipo M\u00e9dico M\u00e9xico","og_description":"El Trackmaster TMX425 est\u00e1 dise\u00f1ado para ser la mejor cinta de correr de la industria. Trackmaster hizo la cinta de correr m\u00e9dica m\u00e1s suave, m\u00e1s silenciosa y m\u00e1s confiable que cualquier otro competidor, mientras centr\u00f3 el dise\u00f1o en la seguridad y el confort absolutos.","og_url":"https:\/\/buscoequipomedico.com\/?product=banda-de-esfuerzo-treadmil-marca-trackmaster","og_site_name":"Tu mejor opci\u00f3n Equipo M\u00e9dico M\u00e9xico","article_modified_time":"2020-02-18T07:33:42+00:00","og_image":[{"width":800,"height":800,"url":"https:\/\/buscoequipomedico.com\/wp-content\/uploads\/2020\/02\/banda-de-esfuerzo-treadmil-marca-trackmaster-el-trackmaster-tmx425-esta-disenado-para-ser-la-mejor-cinta-de-correr-de-la-industr.jpg","type":"image\/png"}],"twitter_card":"summary_large_image","twitter_misc":{"Tiempo de lectura":"1 minuto"},"schema":{"@context":"https:\/\/schema.org","@graph":[{"@type":"WebPage","@id":"https:\/\/buscoequipomedico.com\/?product=banda-de-esfuerzo-treadmil-marca-trackmaster","url":"https:\/\/buscoequipomedico.com\/?product=banda-de-esfuerzo-treadmil-marca-trackmaster","name":"BANDA DE ESFUERZO (TREADMIL) MARCA TRACKMASTER - Tu mejor opci\u00f3n Equipo M\u00e9dico M\u00e9xico","isPartOf":{"@id":"https:\/\/buscoequipomedico.com\/#website"},"primaryImageOfPage":{"@id":"https:\/\/buscoequipomedico.com\/?product=banda-de-esfuerzo-treadmil-marca-trackmaster#primaryimage"},"image":{"@id":"https:\/\/buscoequipomedico.com\/?product=banda-de-esfuerzo-treadmil-marca-trackmaster#primaryimage"},"thumbnailUrl":"https:\/\/buscoequipomedico.com\/wp-content\/uploads\/2020\/02\/banda-de-esfuerzo-treadmil-marca-trackmaster-el-trackmaster-tmx425-esta-disenado-para-ser-la-mejor-cinta-de-correr-de-la-industr.jpg","datePublished":"2020-02-18T07:33:40+00:00","dateModified":"2020-02-18T07:33:42+00:00","breadcrumb":{"@id":"https:\/\/buscoequipomedico.com\/?product=banda-de-esfuerzo-treadmil-marca-trackmaster#breadcrumb"},"inLanguage":"es","potentialAction":[{"@type":"ReadAction","target":["https:\/\/buscoequipomedico.com\/?product=banda-de-esfuerzo-treadmil-marca-trackmaster"]}]},{"@type":"ImageObject","inLanguage":"es","@id":"https:\/\/buscoequipomedico.com\/?product=banda-de-esfuerzo-treadmil-marca-trackmaster#primaryimage","url":"https:\/\/buscoequipomedico.com\/wp-content\/uploads\/2020\/02\/banda-de-esfuerzo-treadmil-marca-trackmaster-el-trackmaster-tmx425-esta-disenado-para-ser-la-mejor-cinta-de-correr-de-la-industr.jpg","contentUrl":"https:\/\/buscoequipomedico.com\/wp-content\/uploads\/2020\/02\/banda-de-esfuerzo-treadmil-marca-trackmaster-el-trackmaster-tmx425-esta-disenado-para-ser-la-mejor-cinta-de-correr-de-la-industr.jpg","width":800,"height":800},{"@type":"BreadcrumbList","@id":"https:\/\/buscoequipomedico.com\/?product=banda-de-esfuerzo-treadmil-marca-trackmaster#breadcrumb","itemListElement":[{"@type":"ListItem","position":1,"name":"Productos","item":"https:\/\/buscoequipomedico.com\/shop\/"},{"@type":"ListItem","position":2,"name":"BANDA DE ESFUERZO (TREADMIL) MARCA TRACKMASTER"}]},{"@type":"WebSite","@id":"https:\/\/buscoequipomedico.com\/#website","url":"https:\/\/buscoequipomedico.com\/","name":"Tu mejor opci\u00f3n Equipo M\u00e9dico M\u00e9xico","description":"Tienda de equipo m\u00e9dico","publisher":{"@id":"https:\/\/buscoequipomedico.com\/#organization"},"potentialAction":[{"@type":"SearchAction","target":{"@type":"EntryPoint","urlTemplate":"https:\/\/buscoequipomedico.com\/?s={search_term_string}"},"query-input":{"@type":"PropertyValueSpecification","valueRequired":true,"valueName":"search_term_string"}}],"inLanguage":"es"},{"@type":"Organization","@id":"https:\/\/buscoequipomedico.com\/#organization","name":"Tu mejor opci\u00f3n Equipo M\u00e9dico M\u00e9xico","url":"https:\/\/buscoequipomedico.com\/","logo":{"@type":"ImageObject","inLanguage":"es","@id":"https:\/\/buscoequipomedico.com\/#\/schema\/logo\/image\/","url":"https:\/\/buscoequipomedico.com\/wp-content\/uploads\/2021\/07\/EMM-VPrincipal-scaled.jpg","contentUrl":"https:\/\/buscoequipomedico.com\/wp-content\/uploads\/2021\/07\/EMM-VPrincipal-scaled.jpg","width":2560,"height":1058,"caption":"Tu mejor opci\u00f3n Equipo M\u00e9dico M\u00e9xico"},"image":{"@id":"https:\/\/buscoequipomedico.com\/#\/schema\/logo\/image\/"}}]}},"_links":{"self":[{"href":"https:\/\/buscoequipomedico.com\/index.php?rest_route=\/wp\/v2\/product\/11749","targetHints":{"allow":["GET"]}}],"collection":[{"href":"https:\/\/buscoequipomedico.com\/index.php?rest_route=\/wp\/v2\/product"}],"about":[{"href":"https:\/\/buscoequipomedico.com\/index.php?rest_route=\/wp\/v2\/types\/product"}],"wp:featuredmedia":[{"embeddable":true,"href":"https:\/\/buscoequipomedico.com\/index.php?rest_route=\/wp\/v2\/media\/11750"}],"wp:attachment":[{"href":"https:\/\/buscoequipomedico.com\/index.php?rest_route=%2Fwp%2Fv2%2Fmedia&parent=11749"}],"wp:term":[{"taxonomy":"product_brand","embeddable":true,"href":"https:\/\/buscoequipomedico.com\/index.php?rest_route=%2Fwp%2Fv2%2Fproduct_brand&post=11749"},{"taxonomy":"product_cat","embeddable":true,"href":"https:\/\/buscoequipomedico.com\/index.php?rest_route=%2Fwp%2Fv2%2Fproduct_cat&post=11749"},{"taxonomy":"product_tag","embeddable":true,"href":"https:\/\/buscoequipomedico.com\/index.php?rest_route=%2Fwp%2Fv2%2Fproduct_tag&post=11749"}],"curies":[{"name":"wp","href":"https:\/\/api.w.org\/{rel}","templated":true}]}}