{"id":11753,"date":"2020-02-18T07:33:40","date_gmt":"2020-02-18T07:33:40","guid":{"rendered":"https:\/\/equipomedicomexico-com.preview-domain.com\/product\/electrobisturi-de-alta-frecuencia-bovie-aaron-1250\/"},"modified":"2020-02-18T07:33:43","modified_gmt":"2020-02-18T07:33:43","slug":"electrobisturi-de-alta-frecuencia-bovie-aaron-1250","status":"publish","type":"product","link":"https:\/\/buscoequipomedico.com\/?product=electrobisturi-de-alta-frecuencia-bovie-aaron-1250","title":{"rendered":"ELECTROBISTURI DE ALTA FRECUENCIA BOVIE AARON 1250"},"content":{"rendered":"<p><span>El Aaron 1250 de Bovie\u00ae, cuenta con modos de corte, mezcla, coagulaci\u00f3n, fulguraci\u00f3n y bipolar.<\/span><\/p>\n<p><span>Bovie incorpora caracter\u00edsticas autom\u00e1ticas de seguridad en el Aaron 1250 como circuitos de autoprueba, tonos audibles, salidas discretas, trazado de circuito aislado y Bovie NEM (monitoreo de electrodo neutral).<\/span><\/p>\n<p><span>El electrobistur\u00ed es un generador electroquir\u00fargico con prop\u00f3sitos m\u00faltiples para uso en oficina del m\u00e9dico y en centros quir\u00fargicos. Ofrece las funciones monopolar y bipolar para satisfacer todas sus demandas quir\u00fargicas con seguridad, flexibilidad, confiabilidad, y conveniencia.<\/span><\/p>\n<p><span>El Aaron 1250 incorpora 120 vatios en el corte y 90 vatios del corte mezclado. Tambi\u00e9n tiene dos niveles de coagulaci\u00f3n, de punta (80 vatios de energ\u00eda m\u00e1xima) y de fulguraci\u00f3n (40 vatios de energ\u00eda m\u00e1xima), m\u00e1s bipolar (30 vatios de energ\u00eda m\u00e1xima). Salida de 120 vatios.<\/span><\/p>\n<p><span>Para su conveniencia, la salida de energ\u00eda est\u00e1 calibrada en vatios con indicadores digitales grandes, iluminados.<\/span><\/p>\n<p><span>El Aaron 1250 recuerda sus \u00faltimos ajustes usados; para que cuando usted encienda la unidad, se realice un chequeo del sistema de seguridad y estos ajustes se accionan autom\u00e1ticamente.<\/span><\/p>\n<p><span>Ofrece dos niveles de coagulaci\u00f3n: punta y fulguraci\u00f3n. La coagulaci\u00f3n de punta proporciona el control exacto del sangrado en \u00e1reas localizadas. La coagulaci\u00f3n de fulguraci\u00f3n (aerosol) proporciona el mayor control del sangrado en tejidos vasculares y en \u00e1reas amplias superficiales.<\/span><\/p>\n<p><span>La seguridad en electrocirug\u00eda es una combinaci\u00f3n del buen dise\u00f1o del equipo y de pr\u00e1cticas quir\u00fargicas seguras. Esta unidad tiene controles bipolares totalmente separados, salida discreta, alarmas dispersivas de fallo del electrodo en la detecci\u00f3n y la no-detecci\u00f3n de modos, y salida aislada del RF.<\/span><\/p>\n<p><span>La detecci\u00f3n de error digital significa seguridad sin igual para el cirujano, el personal de la sala de operaciones, y el paciente. Todas las funciones se monitorean constantemente para asegurar funcionamiento apropiado. Con cualquier se\u00f1al de alg\u00fan problema la m\u00e1quina inhabilita la salida y muestra inmediatamente el c\u00f3digo de error apropiado en la pantalla.<\/span><\/p>\n<p><span>Para realizar su pedido utilice la clave del producto: AAA1250<\/span><\/p>\n","protected":false},"excerpt":{"rendered":"<p><span>ELECTROBUSTUR\u00cd DE ALTA FRECUENCIA BOVIE AARON 1250 El Aaron 1250 de Bovie\u00ae, cuenta con modos de corte, mezcla, coagulaci\u00f3n, fulguraci\u00f3n y bipolar. Bovie incorpora caracter\u00edsticas autom\u00e1ticas de seguridad en el Aaron 1250 como circuitos de autoprueb<\/span><\/p>\n","protected":false},"featured_media":11754,"template":"","meta":{"_joinchat":[]},"product_brand":[],"product_cat":[233],"product_tag":[],"class_list":{"0":"post-11753","1":"product","2":"type-product","3":"status-publish","4":"has-post-thumbnail","6":"product_cat-electrocirugia","7":"pa_marca-bovie","9":"first","10":"instock","11":"purchasable","12":"product-type-simple"},"yoast_head":"<!-- This site is optimized with the Yoast SEO plugin v25.1 - https:\/\/yoast.com\/wordpress\/plugins\/seo\/ -->\n<title>ELECTROBISTURI DE ALTA FRECUENCIA BOVIE AARON 1250 - Tu mejor opci\u00f3n Equipo M\u00e9dico M\u00e9xico<\/title>\n<meta name=\"robots\" content=\"index, follow, max-snippet:-1, max-image-preview:large, max-video-preview:-1\" \/>\n<link rel=\"canonical\" href=\"https:\/\/buscoequipomedico.com\/?product=electrobisturi-de-alta-frecuencia-bovie-aaron-1250\" \/>\n<meta property=\"og:locale\" content=\"es_ES\" \/>\n<meta property=\"og:type\" content=\"article\" \/>\n<meta property=\"og:title\" content=\"ELECTROBISTURI DE ALTA FRECUENCIA BOVIE AARON 1250 - Tu mejor opci\u00f3n Equipo M\u00e9dico M\u00e9xico\" \/>\n<meta property=\"og:description\" content=\"ELECTROBUSTUR\u00cd DE ALTA FRECUENCIA BOVIE AARON 1250 El Aaron 1250 de Bovie\u00ae, cuenta con modos de corte, mezcla, coagulaci\u00f3n, fulguraci\u00f3n y bipolar. Bovie incorpora caracter\u00edsticas autom\u00e1ticas de seguridad en el Aaron 1250 como circuitos de autoprueb\" \/>\n<meta property=\"og:url\" content=\"https:\/\/buscoequipomedico.com\/?product=electrobisturi-de-alta-frecuencia-bovie-aaron-1250\" \/>\n<meta property=\"og:site_name\" content=\"Tu mejor opci\u00f3n Equipo M\u00e9dico M\u00e9xico\" \/>\n<meta property=\"article:modified_time\" content=\"2020-02-18T07:33:43+00:00\" \/>\n<meta property=\"og:image\" content=\"https:\/\/buscoequipomedico.com\/wp-content\/uploads\/2020\/02\/electrobisturi-de-alta-frecuencia-bovie-aaron-1250-electrobusturi-de-alta-frecuencia-bovie-aaron-1250-el-aaron-1250-de-bovier-cu.jpg\" \/>\n\t<meta property=\"og:image:width\" content=\"800\" \/>\n\t<meta property=\"og:image:height\" content=\"800\" \/>\n\t<meta property=\"og:image:type\" content=\"image\/png\" \/>\n<meta name=\"twitter:card\" content=\"summary_large_image\" \/>\n<meta name=\"twitter:label1\" content=\"Tiempo de lectura\" \/>\n\t<meta name=\"twitter:data1\" content=\"2 minutos\" \/>\n<script type=\"application\/ld+json\" class=\"yoast-schema-graph\">{\"@context\":\"https:\/\/schema.org\",\"@graph\":[{\"@type\":\"WebPage\",\"@id\":\"https:\/\/buscoequipomedico.com\/?product=electrobisturi-de-alta-frecuencia-bovie-aaron-1250\",\"url\":\"https:\/\/buscoequipomedico.com\/?product=electrobisturi-de-alta-frecuencia-bovie-aaron-1250\",\"name\":\"ELECTROBISTURI DE ALTA FRECUENCIA BOVIE AARON 1250 - Tu mejor opci\u00f3n Equipo M\u00e9dico M\u00e9xico\",\"isPartOf\":{\"@id\":\"https:\/\/buscoequipomedico.com\/#website\"},\"primaryImageOfPage\":{\"@id\":\"https:\/\/buscoequipomedico.com\/?product=electrobisturi-de-alta-frecuencia-bovie-aaron-1250#primaryimage\"},\"image\":{\"@id\":\"https:\/\/buscoequipomedico.com\/?product=electrobisturi-de-alta-frecuencia-bovie-aaron-1250#primaryimage\"},\"thumbnailUrl\":\"https:\/\/buscoequipomedico.com\/wp-content\/uploads\/2020\/02\/electrobisturi-de-alta-frecuencia-bovie-aaron-1250-electrobusturi-de-alta-frecuencia-bovie-aaron-1250-el-aaron-1250-de-bovier-cu.jpg\",\"datePublished\":\"2020-02-18T07:33:40+00:00\",\"dateModified\":\"2020-02-18T07:33:43+00:00\",\"breadcrumb\":{\"@id\":\"https:\/\/buscoequipomedico.com\/?product=electrobisturi-de-alta-frecuencia-bovie-aaron-1250#breadcrumb\"},\"inLanguage\":\"es\",\"potentialAction\":[{\"@type\":\"ReadAction\",\"target\":[\"https:\/\/buscoequipomedico.com\/?product=electrobisturi-de-alta-frecuencia-bovie-aaron-1250\"]}]},{\"@type\":\"ImageObject\",\"inLanguage\":\"es\",\"@id\":\"https:\/\/buscoequipomedico.com\/?product=electrobisturi-de-alta-frecuencia-bovie-aaron-1250#primaryimage\",\"url\":\"https:\/\/buscoequipomedico.com\/wp-content\/uploads\/2020\/02\/electrobisturi-de-alta-frecuencia-bovie-aaron-1250-electrobusturi-de-alta-frecuencia-bovie-aaron-1250-el-aaron-1250-de-bovier-cu.jpg\",\"contentUrl\":\"https:\/\/buscoequipomedico.com\/wp-content\/uploads\/2020\/02\/electrobisturi-de-alta-frecuencia-bovie-aaron-1250-electrobusturi-de-alta-frecuencia-bovie-aaron-1250-el-aaron-1250-de-bovier-cu.jpg\",\"width\":800,\"height\":800},{\"@type\":\"BreadcrumbList\",\"@id\":\"https:\/\/buscoequipomedico.com\/?product=electrobisturi-de-alta-frecuencia-bovie-aaron-1250#breadcrumb\",\"itemListElement\":[{\"@type\":\"ListItem\",\"position\":1,\"name\":\"Productos\",\"item\":\"https:\/\/buscoequipomedico.com\/shop\/\"},{\"@type\":\"ListItem\",\"position\":2,\"name\":\"ELECTROBISTURI DE ALTA FRECUENCIA BOVIE AARON 1250\"}]},{\"@type\":\"WebSite\",\"@id\":\"https:\/\/buscoequipomedico.com\/#website\",\"url\":\"https:\/\/buscoequipomedico.com\/\",\"name\":\"Tu mejor opci\u00f3n Equipo M\u00e9dico M\u00e9xico\",\"description\":\"Tienda de equipo m\u00e9dico\",\"publisher\":{\"@id\":\"https:\/\/buscoequipomedico.com\/#organization\"},\"potentialAction\":[{\"@type\":\"SearchAction\",\"target\":{\"@type\":\"EntryPoint\",\"urlTemplate\":\"https:\/\/buscoequipomedico.com\/?s={search_term_string}\"},\"query-input\":{\"@type\":\"PropertyValueSpecification\",\"valueRequired\":true,\"valueName\":\"search_term_string\"}}],\"inLanguage\":\"es\"},{\"@type\":\"Organization\",\"@id\":\"https:\/\/buscoequipomedico.com\/#organization\",\"name\":\"Tu mejor opci\u00f3n Equipo M\u00e9dico M\u00e9xico\",\"url\":\"https:\/\/buscoequipomedico.com\/\",\"logo\":{\"@type\":\"ImageObject\",\"inLanguage\":\"es\",\"@id\":\"https:\/\/buscoequipomedico.com\/#\/schema\/logo\/image\/\",\"url\":\"https:\/\/buscoequipomedico.com\/wp-content\/uploads\/2021\/07\/EMM-VPrincipal-scaled.jpg\",\"contentUrl\":\"https:\/\/buscoequipomedico.com\/wp-content\/uploads\/2021\/07\/EMM-VPrincipal-scaled.jpg\",\"width\":2560,\"height\":1058,\"caption\":\"Tu mejor opci\u00f3n Equipo M\u00e9dico M\u00e9xico\"},\"image\":{\"@id\":\"https:\/\/buscoequipomedico.com\/#\/schema\/logo\/image\/\"}}]}<\/script>\n<!-- \/ Yoast SEO plugin. -->","yoast_head_json":{"title":"ELECTROBISTURI DE ALTA FRECUENCIA BOVIE AARON 1250 - Tu mejor opci\u00f3n Equipo M\u00e9dico M\u00e9xico","robots":{"index":"index","follow":"follow","max-snippet":"max-snippet:-1","max-image-preview":"max-image-preview:large","max-video-preview":"max-video-preview:-1"},"canonical":"https:\/\/buscoequipomedico.com\/?product=electrobisturi-de-alta-frecuencia-bovie-aaron-1250","og_locale":"es_ES","og_type":"article","og_title":"ELECTROBISTURI DE ALTA FRECUENCIA BOVIE AARON 1250 - Tu mejor opci\u00f3n Equipo M\u00e9dico M\u00e9xico","og_description":"ELECTROBUSTUR\u00cd DE ALTA FRECUENCIA BOVIE AARON 1250 El Aaron 1250 de Bovie\u00ae, cuenta con modos de corte, mezcla, coagulaci\u00f3n, fulguraci\u00f3n y bipolar. Bovie incorpora caracter\u00edsticas autom\u00e1ticas de seguridad en el Aaron 1250 como circuitos de autoprueb","og_url":"https:\/\/buscoequipomedico.com\/?product=electrobisturi-de-alta-frecuencia-bovie-aaron-1250","og_site_name":"Tu mejor opci\u00f3n Equipo M\u00e9dico M\u00e9xico","article_modified_time":"2020-02-18T07:33:43+00:00","og_image":[{"width":800,"height":800,"url":"https:\/\/buscoequipomedico.com\/wp-content\/uploads\/2020\/02\/electrobisturi-de-alta-frecuencia-bovie-aaron-1250-electrobusturi-de-alta-frecuencia-bovie-aaron-1250-el-aaron-1250-de-bovier-cu.jpg","type":"image\/png"}],"twitter_card":"summary_large_image","twitter_misc":{"Tiempo de lectura":"2 minutos"},"schema":{"@context":"https:\/\/schema.org","@graph":[{"@type":"WebPage","@id":"https:\/\/buscoequipomedico.com\/?product=electrobisturi-de-alta-frecuencia-bovie-aaron-1250","url":"https:\/\/buscoequipomedico.com\/?product=electrobisturi-de-alta-frecuencia-bovie-aaron-1250","name":"ELECTROBISTURI DE ALTA FRECUENCIA BOVIE AARON 1250 - Tu mejor opci\u00f3n Equipo M\u00e9dico M\u00e9xico","isPartOf":{"@id":"https:\/\/buscoequipomedico.com\/#website"},"primaryImageOfPage":{"@id":"https:\/\/buscoequipomedico.com\/?product=electrobisturi-de-alta-frecuencia-bovie-aaron-1250#primaryimage"},"image":{"@id":"https:\/\/buscoequipomedico.com\/?product=electrobisturi-de-alta-frecuencia-bovie-aaron-1250#primaryimage"},"thumbnailUrl":"https:\/\/buscoequipomedico.com\/wp-content\/uploads\/2020\/02\/electrobisturi-de-alta-frecuencia-bovie-aaron-1250-electrobusturi-de-alta-frecuencia-bovie-aaron-1250-el-aaron-1250-de-bovier-cu.jpg","datePublished":"2020-02-18T07:33:40+00:00","dateModified":"2020-02-18T07:33:43+00:00","breadcrumb":{"@id":"https:\/\/buscoequipomedico.com\/?product=electrobisturi-de-alta-frecuencia-bovie-aaron-1250#breadcrumb"},"inLanguage":"es","potentialAction":[{"@type":"ReadAction","target":["https:\/\/buscoequipomedico.com\/?product=electrobisturi-de-alta-frecuencia-bovie-aaron-1250"]}]},{"@type":"ImageObject","inLanguage":"es","@id":"https:\/\/buscoequipomedico.com\/?product=electrobisturi-de-alta-frecuencia-bovie-aaron-1250#primaryimage","url":"https:\/\/buscoequipomedico.com\/wp-content\/uploads\/2020\/02\/electrobisturi-de-alta-frecuencia-bovie-aaron-1250-electrobusturi-de-alta-frecuencia-bovie-aaron-1250-el-aaron-1250-de-bovier-cu.jpg","contentUrl":"https:\/\/buscoequipomedico.com\/wp-content\/uploads\/2020\/02\/electrobisturi-de-alta-frecuencia-bovie-aaron-1250-electrobusturi-de-alta-frecuencia-bovie-aaron-1250-el-aaron-1250-de-bovier-cu.jpg","width":800,"height":800},{"@type":"BreadcrumbList","@id":"https:\/\/buscoequipomedico.com\/?product=electrobisturi-de-alta-frecuencia-bovie-aaron-1250#breadcrumb","itemListElement":[{"@type":"ListItem","position":1,"name":"Productos","item":"https:\/\/buscoequipomedico.com\/shop\/"},{"@type":"ListItem","position":2,"name":"ELECTROBISTURI DE ALTA FRECUENCIA BOVIE AARON 1250"}]},{"@type":"WebSite","@id":"https:\/\/buscoequipomedico.com\/#website","url":"https:\/\/buscoequipomedico.com\/","name":"Tu mejor opci\u00f3n Equipo M\u00e9dico M\u00e9xico","description":"Tienda de equipo m\u00e9dico","publisher":{"@id":"https:\/\/buscoequipomedico.com\/#organization"},"potentialAction":[{"@type":"SearchAction","target":{"@type":"EntryPoint","urlTemplate":"https:\/\/buscoequipomedico.com\/?s={search_term_string}"},"query-input":{"@type":"PropertyValueSpecification","valueRequired":true,"valueName":"search_term_string"}}],"inLanguage":"es"},{"@type":"Organization","@id":"https:\/\/buscoequipomedico.com\/#organization","name":"Tu mejor opci\u00f3n Equipo M\u00e9dico M\u00e9xico","url":"https:\/\/buscoequipomedico.com\/","logo":{"@type":"ImageObject","inLanguage":"es","@id":"https:\/\/buscoequipomedico.com\/#\/schema\/logo\/image\/","url":"https:\/\/buscoequipomedico.com\/wp-content\/uploads\/2021\/07\/EMM-VPrincipal-scaled.jpg","contentUrl":"https:\/\/buscoequipomedico.com\/wp-content\/uploads\/2021\/07\/EMM-VPrincipal-scaled.jpg","width":2560,"height":1058,"caption":"Tu mejor opci\u00f3n Equipo M\u00e9dico M\u00e9xico"},"image":{"@id":"https:\/\/buscoequipomedico.com\/#\/schema\/logo\/image\/"}}]}},"_links":{"self":[{"href":"https:\/\/buscoequipomedico.com\/index.php?rest_route=\/wp\/v2\/product\/11753","targetHints":{"allow":["GET"]}}],"collection":[{"href":"https:\/\/buscoequipomedico.com\/index.php?rest_route=\/wp\/v2\/product"}],"about":[{"href":"https:\/\/buscoequipomedico.com\/index.php?rest_route=\/wp\/v2\/types\/product"}],"wp:featuredmedia":[{"embeddable":true,"href":"https:\/\/buscoequipomedico.com\/index.php?rest_route=\/wp\/v2\/media\/11754"}],"wp:attachment":[{"href":"https:\/\/buscoequipomedico.com\/index.php?rest_route=%2Fwp%2Fv2%2Fmedia&parent=11753"}],"wp:term":[{"taxonomy":"product_brand","embeddable":true,"href":"https:\/\/buscoequipomedico.com\/index.php?rest_route=%2Fwp%2Fv2%2Fproduct_brand&post=11753"},{"taxonomy":"product_cat","embeddable":true,"href":"https:\/\/buscoequipomedico.com\/index.php?rest_route=%2Fwp%2Fv2%2Fproduct_cat&post=11753"},{"taxonomy":"product_tag","embeddable":true,"href":"https:\/\/buscoequipomedico.com\/index.php?rest_route=%2Fwp%2Fv2%2Fproduct_tag&post=11753"}],"curies":[{"name":"wp","href":"https:\/\/api.w.org\/{rel}","templated":true}]}}