{"id":11755,"date":"2020-02-18T07:33:40","date_gmt":"2020-02-18T07:33:40","guid":{"rendered":"https:\/\/equipomedicomexico-com.preview-domain.com\/product\/electrocauterio-de-alta-frecuencia-40-watts-bovie-aaron-940\/"},"modified":"2020-02-18T07:33:43","modified_gmt":"2020-02-18T07:33:43","slug":"electrocauterio-de-alta-frecuencia-40-watts-bovie-aaron-940","status":"publish","type":"product","link":"https:\/\/buscoequipomedico.com\/?product=electrocauterio-de-alta-frecuencia-40-watts-bovie-aaron-940","title":{"rendered":"ELECTROCAUTERIO  DE ALTA FRECUENCIA 40 WATTS BOVIE AARON 940"},"content":{"rendered":"<p>El Aaron 940 ha sido dise\u00f1ado para ser el desecador m\u00e1s fiable y duradero del mercado. La vida \u00fatil del equipo es mayor gracias a la incorporaci\u00f3n de tecnolog\u00eda de chip y a la reducci\u00f3n del n\u00famero de partes internas por lo que se genera menos calor interno. La carcasa pl\u00e1stica del Aaron 940 favorece su durabilidad y limpieza dado que es resistente y no absorbente.<\/p>\n<p>El Aaron 940 es un desecador de alta frecuencia que permite reducir el tedioso procedimiento de m\u00faltiples pasos para incrementar la potencia ya que mediante su control digital incrementa o disminuye ya sea mediante su perilla giratoria o mediante los botones de su l\u00e1piz.<\/p>\n<p>Si el usuario requiere un pedal de control, el mismo l\u00e1piz que normalmente opera la unidad, permite dicha maniobra y a la vez es capaz de seguir funcionando reteniendo las funciones de incremento o disminuci\u00f3n de potencia.<\/p>\n<p>Detecci\u00f3n digital de errores: Mediante la funci\u00f3n de detecci\u00f3n digital de errores se garantiza la seguridad del usuario y del paciente. El Aaron 940 monitoriza de forma contin\u00faa cada aspecto de la potencia de salida. Si el equipo detecta cualquier problema deshabilita de manera instant\u00e1nea la salida de energ\u00eda y muestra en pantalla el c\u00f3digo de error apropiado.<\/p>\n<p>L\u00e1piz de mano de 3 botones de funcionamiento: El l\u00e1piz del Aaron 940 es muy f\u00e1cil de utilizar mediante tres \u00fanicos botones que permiten controlar la potencia hacia arriba y abajo as\u00ed como activar el desecador de alta frecuencia.<\/p>\n<p>Pero los beneficios del l\u00e1piz no solo son exteriores sino que interiormente posee una sofisticada portaherramientas que sujeta firmemente el electrodo exactamente en el lugar que lo coloca el usuario. Adem\u00e1s, est\u00e1 chapado en oro para garantizar una mayor conductividad. El portaherramientas est\u00e1 adjunto a la placa y en conjunto de ambas esta encapsulada formando un pol\u00edmero de alta tecnolog\u00eda que combina confort y seguridad en su manejo.<\/p>\n","protected":false},"excerpt":{"rendered":"<p><span>Desecador alta frecuencia de 40 vatios para aplicaciones en dermatolog\u00eda, cirug\u00eda pl\u00e1stica, urolog\u00eda y oftalmolog\u00eda, entre otras.<\/span><\/p>\n","protected":false},"featured_media":11756,"template":"","meta":{"_joinchat":[]},"product_brand":[],"product_cat":[233],"product_tag":[],"class_list":{"0":"post-11755","1":"product","2":"type-product","3":"status-publish","4":"has-post-thumbnail","6":"product_cat-electrocirugia","7":"pa_marca-bovie","9":"first","10":"instock","11":"purchasable","12":"product-type-simple"},"yoast_head":"<!-- This site is optimized with the Yoast SEO plugin v25.1 - https:\/\/yoast.com\/wordpress\/plugins\/seo\/ -->\n<title>ELECTROCAUTERIO DE ALTA FRECUENCIA 40 WATTS BOVIE AARON 940 - Tu mejor opci\u00f3n Equipo M\u00e9dico M\u00e9xico<\/title>\n<meta name=\"robots\" content=\"index, follow, max-snippet:-1, max-image-preview:large, max-video-preview:-1\" \/>\n<link rel=\"canonical\" href=\"https:\/\/buscoequipomedico.com\/?product=electrocauterio-de-alta-frecuencia-40-watts-bovie-aaron-940\" \/>\n<meta property=\"og:locale\" content=\"es_ES\" \/>\n<meta property=\"og:type\" content=\"article\" \/>\n<meta property=\"og:title\" content=\"ELECTROCAUTERIO DE ALTA FRECUENCIA 40 WATTS BOVIE AARON 940 - Tu mejor opci\u00f3n Equipo M\u00e9dico M\u00e9xico\" \/>\n<meta property=\"og:description\" content=\"Desecador alta frecuencia de 40 vatios para aplicaciones en dermatolog\u00eda, cirug\u00eda pl\u00e1stica, urolog\u00eda y oftalmolog\u00eda, entre otras.\" \/>\n<meta property=\"og:url\" content=\"https:\/\/buscoequipomedico.com\/?product=electrocauterio-de-alta-frecuencia-40-watts-bovie-aaron-940\" \/>\n<meta property=\"og:site_name\" content=\"Tu mejor opci\u00f3n Equipo M\u00e9dico M\u00e9xico\" \/>\n<meta property=\"article:modified_time\" content=\"2020-02-18T07:33:43+00:00\" \/>\n<meta property=\"og:image\" content=\"https:\/\/buscoequipomedico.com\/wp-content\/uploads\/2020\/02\/electrocauterio-de-alta-frecuencia-40-watts-bovie-aaron-940-desecador-alta-frecuencia-de-40-vatios-para-aplicaciones-en-dermatol.jpg\" \/>\n\t<meta property=\"og:image:width\" content=\"800\" \/>\n\t<meta property=\"og:image:height\" content=\"800\" \/>\n\t<meta property=\"og:image:type\" content=\"image\/png\" \/>\n<meta name=\"twitter:card\" content=\"summary_large_image\" \/>\n<meta name=\"twitter:label1\" content=\"Tiempo de lectura\" \/>\n\t<meta name=\"twitter:data1\" content=\"2 minutos\" \/>\n<script type=\"application\/ld+json\" class=\"yoast-schema-graph\">{\"@context\":\"https:\/\/schema.org\",\"@graph\":[{\"@type\":\"WebPage\",\"@id\":\"https:\/\/buscoequipomedico.com\/?product=electrocauterio-de-alta-frecuencia-40-watts-bovie-aaron-940\",\"url\":\"https:\/\/buscoequipomedico.com\/?product=electrocauterio-de-alta-frecuencia-40-watts-bovie-aaron-940\",\"name\":\"ELECTROCAUTERIO DE ALTA FRECUENCIA 40 WATTS BOVIE AARON 940 - Tu mejor opci\u00f3n Equipo M\u00e9dico M\u00e9xico\",\"isPartOf\":{\"@id\":\"https:\/\/buscoequipomedico.com\/#website\"},\"primaryImageOfPage\":{\"@id\":\"https:\/\/buscoequipomedico.com\/?product=electrocauterio-de-alta-frecuencia-40-watts-bovie-aaron-940#primaryimage\"},\"image\":{\"@id\":\"https:\/\/buscoequipomedico.com\/?product=electrocauterio-de-alta-frecuencia-40-watts-bovie-aaron-940#primaryimage\"},\"thumbnailUrl\":\"https:\/\/buscoequipomedico.com\/wp-content\/uploads\/2020\/02\/electrocauterio-de-alta-frecuencia-40-watts-bovie-aaron-940-desecador-alta-frecuencia-de-40-vatios-para-aplicaciones-en-dermatol.jpg\",\"datePublished\":\"2020-02-18T07:33:40+00:00\",\"dateModified\":\"2020-02-18T07:33:43+00:00\",\"breadcrumb\":{\"@id\":\"https:\/\/buscoequipomedico.com\/?product=electrocauterio-de-alta-frecuencia-40-watts-bovie-aaron-940#breadcrumb\"},\"inLanguage\":\"es\",\"potentialAction\":[{\"@type\":\"ReadAction\",\"target\":[\"https:\/\/buscoequipomedico.com\/?product=electrocauterio-de-alta-frecuencia-40-watts-bovie-aaron-940\"]}]},{\"@type\":\"ImageObject\",\"inLanguage\":\"es\",\"@id\":\"https:\/\/buscoequipomedico.com\/?product=electrocauterio-de-alta-frecuencia-40-watts-bovie-aaron-940#primaryimage\",\"url\":\"https:\/\/buscoequipomedico.com\/wp-content\/uploads\/2020\/02\/electrocauterio-de-alta-frecuencia-40-watts-bovie-aaron-940-desecador-alta-frecuencia-de-40-vatios-para-aplicaciones-en-dermatol.jpg\",\"contentUrl\":\"https:\/\/buscoequipomedico.com\/wp-content\/uploads\/2020\/02\/electrocauterio-de-alta-frecuencia-40-watts-bovie-aaron-940-desecador-alta-frecuencia-de-40-vatios-para-aplicaciones-en-dermatol.jpg\",\"width\":800,\"height\":800},{\"@type\":\"BreadcrumbList\",\"@id\":\"https:\/\/buscoequipomedico.com\/?product=electrocauterio-de-alta-frecuencia-40-watts-bovie-aaron-940#breadcrumb\",\"itemListElement\":[{\"@type\":\"ListItem\",\"position\":1,\"name\":\"Productos\",\"item\":\"https:\/\/buscoequipomedico.com\/shop\/\"},{\"@type\":\"ListItem\",\"position\":2,\"name\":\"ELECTROCAUTERIO DE ALTA FRECUENCIA 40 WATTS BOVIE AARON 940\"}]},{\"@type\":\"WebSite\",\"@id\":\"https:\/\/buscoequipomedico.com\/#website\",\"url\":\"https:\/\/buscoequipomedico.com\/\",\"name\":\"Tu mejor opci\u00f3n Equipo M\u00e9dico M\u00e9xico\",\"description\":\"Tienda de equipo m\u00e9dico\",\"publisher\":{\"@id\":\"https:\/\/buscoequipomedico.com\/#organization\"},\"potentialAction\":[{\"@type\":\"SearchAction\",\"target\":{\"@type\":\"EntryPoint\",\"urlTemplate\":\"https:\/\/buscoequipomedico.com\/?s={search_term_string}\"},\"query-input\":{\"@type\":\"PropertyValueSpecification\",\"valueRequired\":true,\"valueName\":\"search_term_string\"}}],\"inLanguage\":\"es\"},{\"@type\":\"Organization\",\"@id\":\"https:\/\/buscoequipomedico.com\/#organization\",\"name\":\"Tu mejor opci\u00f3n Equipo M\u00e9dico M\u00e9xico\",\"url\":\"https:\/\/buscoequipomedico.com\/\",\"logo\":{\"@type\":\"ImageObject\",\"inLanguage\":\"es\",\"@id\":\"https:\/\/buscoequipomedico.com\/#\/schema\/logo\/image\/\",\"url\":\"https:\/\/buscoequipomedico.com\/wp-content\/uploads\/2021\/07\/EMM-VPrincipal-scaled.jpg\",\"contentUrl\":\"https:\/\/buscoequipomedico.com\/wp-content\/uploads\/2021\/07\/EMM-VPrincipal-scaled.jpg\",\"width\":2560,\"height\":1058,\"caption\":\"Tu mejor opci\u00f3n Equipo M\u00e9dico M\u00e9xico\"},\"image\":{\"@id\":\"https:\/\/buscoequipomedico.com\/#\/schema\/logo\/image\/\"}}]}<\/script>\n<!-- \/ Yoast SEO plugin. -->","yoast_head_json":{"title":"ELECTROCAUTERIO DE ALTA FRECUENCIA 40 WATTS BOVIE AARON 940 - Tu mejor opci\u00f3n Equipo M\u00e9dico M\u00e9xico","robots":{"index":"index","follow":"follow","max-snippet":"max-snippet:-1","max-image-preview":"max-image-preview:large","max-video-preview":"max-video-preview:-1"},"canonical":"https:\/\/buscoequipomedico.com\/?product=electrocauterio-de-alta-frecuencia-40-watts-bovie-aaron-940","og_locale":"es_ES","og_type":"article","og_title":"ELECTROCAUTERIO DE ALTA FRECUENCIA 40 WATTS BOVIE AARON 940 - Tu mejor opci\u00f3n Equipo M\u00e9dico M\u00e9xico","og_description":"Desecador alta frecuencia de 40 vatios para aplicaciones en dermatolog\u00eda, cirug\u00eda pl\u00e1stica, urolog\u00eda y oftalmolog\u00eda, entre otras.","og_url":"https:\/\/buscoequipomedico.com\/?product=electrocauterio-de-alta-frecuencia-40-watts-bovie-aaron-940","og_site_name":"Tu mejor opci\u00f3n Equipo M\u00e9dico M\u00e9xico","article_modified_time":"2020-02-18T07:33:43+00:00","og_image":[{"width":800,"height":800,"url":"https:\/\/buscoequipomedico.com\/wp-content\/uploads\/2020\/02\/electrocauterio-de-alta-frecuencia-40-watts-bovie-aaron-940-desecador-alta-frecuencia-de-40-vatios-para-aplicaciones-en-dermatol.jpg","type":"image\/png"}],"twitter_card":"summary_large_image","twitter_misc":{"Tiempo de lectura":"2 minutos"},"schema":{"@context":"https:\/\/schema.org","@graph":[{"@type":"WebPage","@id":"https:\/\/buscoequipomedico.com\/?product=electrocauterio-de-alta-frecuencia-40-watts-bovie-aaron-940","url":"https:\/\/buscoequipomedico.com\/?product=electrocauterio-de-alta-frecuencia-40-watts-bovie-aaron-940","name":"ELECTROCAUTERIO DE ALTA FRECUENCIA 40 WATTS BOVIE AARON 940 - Tu mejor opci\u00f3n Equipo M\u00e9dico M\u00e9xico","isPartOf":{"@id":"https:\/\/buscoequipomedico.com\/#website"},"primaryImageOfPage":{"@id":"https:\/\/buscoequipomedico.com\/?product=electrocauterio-de-alta-frecuencia-40-watts-bovie-aaron-940#primaryimage"},"image":{"@id":"https:\/\/buscoequipomedico.com\/?product=electrocauterio-de-alta-frecuencia-40-watts-bovie-aaron-940#primaryimage"},"thumbnailUrl":"https:\/\/buscoequipomedico.com\/wp-content\/uploads\/2020\/02\/electrocauterio-de-alta-frecuencia-40-watts-bovie-aaron-940-desecador-alta-frecuencia-de-40-vatios-para-aplicaciones-en-dermatol.jpg","datePublished":"2020-02-18T07:33:40+00:00","dateModified":"2020-02-18T07:33:43+00:00","breadcrumb":{"@id":"https:\/\/buscoequipomedico.com\/?product=electrocauterio-de-alta-frecuencia-40-watts-bovie-aaron-940#breadcrumb"},"inLanguage":"es","potentialAction":[{"@type":"ReadAction","target":["https:\/\/buscoequipomedico.com\/?product=electrocauterio-de-alta-frecuencia-40-watts-bovie-aaron-940"]}]},{"@type":"ImageObject","inLanguage":"es","@id":"https:\/\/buscoequipomedico.com\/?product=electrocauterio-de-alta-frecuencia-40-watts-bovie-aaron-940#primaryimage","url":"https:\/\/buscoequipomedico.com\/wp-content\/uploads\/2020\/02\/electrocauterio-de-alta-frecuencia-40-watts-bovie-aaron-940-desecador-alta-frecuencia-de-40-vatios-para-aplicaciones-en-dermatol.jpg","contentUrl":"https:\/\/buscoequipomedico.com\/wp-content\/uploads\/2020\/02\/electrocauterio-de-alta-frecuencia-40-watts-bovie-aaron-940-desecador-alta-frecuencia-de-40-vatios-para-aplicaciones-en-dermatol.jpg","width":800,"height":800},{"@type":"BreadcrumbList","@id":"https:\/\/buscoequipomedico.com\/?product=electrocauterio-de-alta-frecuencia-40-watts-bovie-aaron-940#breadcrumb","itemListElement":[{"@type":"ListItem","position":1,"name":"Productos","item":"https:\/\/buscoequipomedico.com\/shop\/"},{"@type":"ListItem","position":2,"name":"ELECTROCAUTERIO DE ALTA FRECUENCIA 40 WATTS BOVIE AARON 940"}]},{"@type":"WebSite","@id":"https:\/\/buscoequipomedico.com\/#website","url":"https:\/\/buscoequipomedico.com\/","name":"Tu mejor opci\u00f3n Equipo M\u00e9dico M\u00e9xico","description":"Tienda de equipo m\u00e9dico","publisher":{"@id":"https:\/\/buscoequipomedico.com\/#organization"},"potentialAction":[{"@type":"SearchAction","target":{"@type":"EntryPoint","urlTemplate":"https:\/\/buscoequipomedico.com\/?s={search_term_string}"},"query-input":{"@type":"PropertyValueSpecification","valueRequired":true,"valueName":"search_term_string"}}],"inLanguage":"es"},{"@type":"Organization","@id":"https:\/\/buscoequipomedico.com\/#organization","name":"Tu mejor opci\u00f3n Equipo M\u00e9dico M\u00e9xico","url":"https:\/\/buscoequipomedico.com\/","logo":{"@type":"ImageObject","inLanguage":"es","@id":"https:\/\/buscoequipomedico.com\/#\/schema\/logo\/image\/","url":"https:\/\/buscoequipomedico.com\/wp-content\/uploads\/2021\/07\/EMM-VPrincipal-scaled.jpg","contentUrl":"https:\/\/buscoequipomedico.com\/wp-content\/uploads\/2021\/07\/EMM-VPrincipal-scaled.jpg","width":2560,"height":1058,"caption":"Tu mejor opci\u00f3n Equipo M\u00e9dico M\u00e9xico"},"image":{"@id":"https:\/\/buscoequipomedico.com\/#\/schema\/logo\/image\/"}}]}},"_links":{"self":[{"href":"https:\/\/buscoequipomedico.com\/index.php?rest_route=\/wp\/v2\/product\/11755","targetHints":{"allow":["GET"]}}],"collection":[{"href":"https:\/\/buscoequipomedico.com\/index.php?rest_route=\/wp\/v2\/product"}],"about":[{"href":"https:\/\/buscoequipomedico.com\/index.php?rest_route=\/wp\/v2\/types\/product"}],"wp:featuredmedia":[{"embeddable":true,"href":"https:\/\/buscoequipomedico.com\/index.php?rest_route=\/wp\/v2\/media\/11756"}],"wp:attachment":[{"href":"https:\/\/buscoequipomedico.com\/index.php?rest_route=%2Fwp%2Fv2%2Fmedia&parent=11755"}],"wp:term":[{"taxonomy":"product_brand","embeddable":true,"href":"https:\/\/buscoequipomedico.com\/index.php?rest_route=%2Fwp%2Fv2%2Fproduct_brand&post=11755"},{"taxonomy":"product_cat","embeddable":true,"href":"https:\/\/buscoequipomedico.com\/index.php?rest_route=%2Fwp%2Fv2%2Fproduct_cat&post=11755"},{"taxonomy":"product_tag","embeddable":true,"href":"https:\/\/buscoequipomedico.com\/index.php?rest_route=%2Fwp%2Fv2%2Fproduct_tag&post=11755"}],"curies":[{"name":"wp","href":"https:\/\/api.w.org\/{rel}","templated":true}]}}