{"id":11761,"date":"2020-02-18T07:33:40","date_gmt":"2020-02-18T07:33:40","guid":{"rendered":"https:\/\/equipomedicomexico-com.preview-domain.com\/product\/unidad-de-electrocirugia-deltronix-100-w\/"},"modified":"2020-02-18T07:33:45","modified_gmt":"2020-02-18T07:33:45","slug":"unidad-de-electrocirugia-deltronix-100-w","status":"publish","type":"product","link":"https:\/\/buscoequipomedico.com\/?product=unidad-de-electrocirugia-deltronix-100-w","title":{"rendered":"UNIDAD DE ELECTROCIRUGIA DELTRONIX 100 W."},"content":{"rendered":"<ul>\n<li>\n<span>Dimensiones:\u00a0<\/span>285 x 400 x 100 mm.<\/li>\n<li>\n<span>Peso:<\/span>\u00a04.3 Kg.\u00a0<\/li>\n<li>\n<span>Tensi\u00f3n de alimentaci\u00f3n:\u00a0<\/span>127\/220 VAC, 50\/60 Hz &#8211; Auto selector.\u00a0<\/li>\n<li>\n<span>Carga nominal:\u00a0<\/span>500 Ohms.\u00a0<\/li>\n<li>\n<span>Frecuencia de los oscilatorios:<\/span>\u00a0400 kHz Aprox.\u00a0<\/li>\n<\/ul>\n","protected":false},"excerpt":{"rendered":"<ul>\n<li>Configuraci\u00f3n de salidas aisladas.\u00a0<\/li>\n<li>Construido con el fin de eliminar el riesgo de descarga el\u00e9ctrica o da\u00f1os al equipo causado por goteo de l\u00edquidos en el uso.\u00a0<\/li>\n<li>Caja de aluminio con pintura electroest\u00e1tica a base de aproxi de alta resistencia.\u00a0<\/li>\n<li>Ventilaci\u00f3n por convecci\u00f3n natural.\u00a0<\/li>\n<li>Display con 6 mostradores de 7 segmentos.\u00a0<\/li>\n<li>Puerta auxiliar es un conector para un plug P2 vinculados a los contactos de un rel\u00e9.\u00a0<\/li>\n<li>Los contactos del rel\u00e9 siguen permanecen cerrados mientras que la salida sea alimentada y abierta durante el resto del tiempo. (puede utilizarse para accionar un evacuador de humo, por ejemplo).<\/li>\n<\/ul>\n","protected":false},"featured_media":11762,"template":"","meta":{"_joinchat":[]},"product_brand":[],"product_cat":[233],"product_tag":[],"class_list":{"0":"post-11761","1":"product","2":"type-product","3":"status-publish","4":"has-post-thumbnail","6":"product_cat-electrocirugia","7":"pa_marca-deltronix","9":"first","10":"instock","11":"purchasable","12":"product-type-simple"},"yoast_head":"<!-- This site is optimized with the Yoast SEO plugin v25.1 - https:\/\/yoast.com\/wordpress\/plugins\/seo\/ -->\n<title>UNIDAD DE ELECTROCIRUGIA DELTRONIX 100 W. - Tu mejor opci\u00f3n Equipo M\u00e9dico M\u00e9xico<\/title>\n<meta name=\"robots\" content=\"index, follow, max-snippet:-1, max-image-preview:large, max-video-preview:-1\" \/>\n<link rel=\"canonical\" href=\"https:\/\/buscoequipomedico.com\/?product=unidad-de-electrocirugia-deltronix-100-w\" \/>\n<meta property=\"og:locale\" content=\"es_ES\" \/>\n<meta property=\"og:type\" content=\"article\" \/>\n<meta property=\"og:title\" content=\"UNIDAD DE ELECTROCIRUGIA DELTRONIX 100 W. - Tu mejor opci\u00f3n Equipo M\u00e9dico M\u00e9xico\" \/>\n<meta property=\"og:description\" content=\"Configuraci\u00f3n de salidas aisladas.\u00a0 Construido con el fin de eliminar el riesgo de descarga el\u00e9ctrica o da\u00f1os al equipo causado por goteo de l\u00edquidos en el uso.\u00a0 Caja de aluminio con pintura electroest\u00e1tica a base de aproxi de alta resistencia.\u00a0 Ventilaci\u00f3n por convecci\u00f3n natural.\u00a0 Display con 6 mostradores de 7 segmentos.\u00a0 Puerta auxiliar es un conector para un plug P2 vinculados a los contactos de un rel\u00e9.\u00a0 Los contactos del rel\u00e9 siguen permanecen cerrados mientras que la salida sea alimentada y abierta durante el resto del tiempo. (puede utilizarse para accionar un evacuador de humo, por ejemplo).\" \/>\n<meta property=\"og:url\" content=\"https:\/\/buscoequipomedico.com\/?product=unidad-de-electrocirugia-deltronix-100-w\" \/>\n<meta property=\"og:site_name\" content=\"Tu mejor opci\u00f3n Equipo M\u00e9dico M\u00e9xico\" \/>\n<meta property=\"article:modified_time\" content=\"2020-02-18T07:33:45+00:00\" \/>\n<meta property=\"og:image\" content=\"https:\/\/buscoequipomedico.com\/wp-content\/uploads\/2020\/02\/unidad-de-electrocirugia-deltronix-100-w-configuracion-de-salidas-aisladas-construido-con-el-fin-de-eliminar-el-riesgo-de-descar.jpg\" \/>\n\t<meta property=\"og:image:width\" content=\"800\" \/>\n\t<meta property=\"og:image:height\" content=\"800\" \/>\n\t<meta property=\"og:image:type\" content=\"image\/png\" \/>\n<meta name=\"twitter:card\" content=\"summary_large_image\" \/>\n<script type=\"application\/ld+json\" class=\"yoast-schema-graph\">{\"@context\":\"https:\/\/schema.org\",\"@graph\":[{\"@type\":\"WebPage\",\"@id\":\"https:\/\/buscoequipomedico.com\/?product=unidad-de-electrocirugia-deltronix-100-w\",\"url\":\"https:\/\/buscoequipomedico.com\/?product=unidad-de-electrocirugia-deltronix-100-w\",\"name\":\"UNIDAD DE ELECTROCIRUGIA DELTRONIX 100 W. - Tu mejor opci\u00f3n Equipo M\u00e9dico M\u00e9xico\",\"isPartOf\":{\"@id\":\"https:\/\/buscoequipomedico.com\/#website\"},\"primaryImageOfPage\":{\"@id\":\"https:\/\/buscoequipomedico.com\/?product=unidad-de-electrocirugia-deltronix-100-w#primaryimage\"},\"image\":{\"@id\":\"https:\/\/buscoequipomedico.com\/?product=unidad-de-electrocirugia-deltronix-100-w#primaryimage\"},\"thumbnailUrl\":\"https:\/\/buscoequipomedico.com\/wp-content\/uploads\/2020\/02\/unidad-de-electrocirugia-deltronix-100-w-configuracion-de-salidas-aisladas-construido-con-el-fin-de-eliminar-el-riesgo-de-descar.jpg\",\"datePublished\":\"2020-02-18T07:33:40+00:00\",\"dateModified\":\"2020-02-18T07:33:45+00:00\",\"breadcrumb\":{\"@id\":\"https:\/\/buscoequipomedico.com\/?product=unidad-de-electrocirugia-deltronix-100-w#breadcrumb\"},\"inLanguage\":\"es\",\"potentialAction\":[{\"@type\":\"ReadAction\",\"target\":[\"https:\/\/buscoequipomedico.com\/?product=unidad-de-electrocirugia-deltronix-100-w\"]}]},{\"@type\":\"ImageObject\",\"inLanguage\":\"es\",\"@id\":\"https:\/\/buscoequipomedico.com\/?product=unidad-de-electrocirugia-deltronix-100-w#primaryimage\",\"url\":\"https:\/\/buscoequipomedico.com\/wp-content\/uploads\/2020\/02\/unidad-de-electrocirugia-deltronix-100-w-configuracion-de-salidas-aisladas-construido-con-el-fin-de-eliminar-el-riesgo-de-descar.jpg\",\"contentUrl\":\"https:\/\/buscoequipomedico.com\/wp-content\/uploads\/2020\/02\/unidad-de-electrocirugia-deltronix-100-w-configuracion-de-salidas-aisladas-construido-con-el-fin-de-eliminar-el-riesgo-de-descar.jpg\",\"width\":800,\"height\":800},{\"@type\":\"BreadcrumbList\",\"@id\":\"https:\/\/buscoequipomedico.com\/?product=unidad-de-electrocirugia-deltronix-100-w#breadcrumb\",\"itemListElement\":[{\"@type\":\"ListItem\",\"position\":1,\"name\":\"Productos\",\"item\":\"https:\/\/buscoequipomedico.com\/shop\/\"},{\"@type\":\"ListItem\",\"position\":2,\"name\":\"UNIDAD DE ELECTROCIRUGIA DELTRONIX 100 W.\"}]},{\"@type\":\"WebSite\",\"@id\":\"https:\/\/buscoequipomedico.com\/#website\",\"url\":\"https:\/\/buscoequipomedico.com\/\",\"name\":\"Tu mejor opci\u00f3n Equipo M\u00e9dico M\u00e9xico\",\"description\":\"Tienda de equipo m\u00e9dico\",\"publisher\":{\"@id\":\"https:\/\/buscoequipomedico.com\/#organization\"},\"potentialAction\":[{\"@type\":\"SearchAction\",\"target\":{\"@type\":\"EntryPoint\",\"urlTemplate\":\"https:\/\/buscoequipomedico.com\/?s={search_term_string}\"},\"query-input\":{\"@type\":\"PropertyValueSpecification\",\"valueRequired\":true,\"valueName\":\"search_term_string\"}}],\"inLanguage\":\"es\"},{\"@type\":\"Organization\",\"@id\":\"https:\/\/buscoequipomedico.com\/#organization\",\"name\":\"Tu mejor opci\u00f3n Equipo M\u00e9dico M\u00e9xico\",\"url\":\"https:\/\/buscoequipomedico.com\/\",\"logo\":{\"@type\":\"ImageObject\",\"inLanguage\":\"es\",\"@id\":\"https:\/\/buscoequipomedico.com\/#\/schema\/logo\/image\/\",\"url\":\"https:\/\/buscoequipomedico.com\/wp-content\/uploads\/2021\/07\/EMM-VPrincipal-scaled.jpg\",\"contentUrl\":\"https:\/\/buscoequipomedico.com\/wp-content\/uploads\/2021\/07\/EMM-VPrincipal-scaled.jpg\",\"width\":2560,\"height\":1058,\"caption\":\"Tu mejor opci\u00f3n Equipo M\u00e9dico M\u00e9xico\"},\"image\":{\"@id\":\"https:\/\/buscoequipomedico.com\/#\/schema\/logo\/image\/\"}}]}<\/script>\n<!-- \/ Yoast SEO plugin. -->","yoast_head_json":{"title":"UNIDAD DE ELECTROCIRUGIA DELTRONIX 100 W. - Tu mejor opci\u00f3n Equipo M\u00e9dico M\u00e9xico","robots":{"index":"index","follow":"follow","max-snippet":"max-snippet:-1","max-image-preview":"max-image-preview:large","max-video-preview":"max-video-preview:-1"},"canonical":"https:\/\/buscoequipomedico.com\/?product=unidad-de-electrocirugia-deltronix-100-w","og_locale":"es_ES","og_type":"article","og_title":"UNIDAD DE ELECTROCIRUGIA DELTRONIX 100 W. - Tu mejor opci\u00f3n Equipo M\u00e9dico M\u00e9xico","og_description":"Configuraci\u00f3n de salidas aisladas.\u00a0 Construido con el fin de eliminar el riesgo de descarga el\u00e9ctrica o da\u00f1os al equipo causado por goteo de l\u00edquidos en el uso.\u00a0 Caja de aluminio con pintura electroest\u00e1tica a base de aproxi de alta resistencia.\u00a0 Ventilaci\u00f3n por convecci\u00f3n natural.\u00a0 Display con 6 mostradores de 7 segmentos.\u00a0 Puerta auxiliar es un conector para un plug P2 vinculados a los contactos de un rel\u00e9.\u00a0 Los contactos del rel\u00e9 siguen permanecen cerrados mientras que la salida sea alimentada y abierta durante el resto del tiempo. (puede utilizarse para accionar un evacuador de humo, por ejemplo).","og_url":"https:\/\/buscoequipomedico.com\/?product=unidad-de-electrocirugia-deltronix-100-w","og_site_name":"Tu mejor opci\u00f3n Equipo M\u00e9dico M\u00e9xico","article_modified_time":"2020-02-18T07:33:45+00:00","og_image":[{"width":800,"height":800,"url":"https:\/\/buscoequipomedico.com\/wp-content\/uploads\/2020\/02\/unidad-de-electrocirugia-deltronix-100-w-configuracion-de-salidas-aisladas-construido-con-el-fin-de-eliminar-el-riesgo-de-descar.jpg","type":"image\/png"}],"twitter_card":"summary_large_image","schema":{"@context":"https:\/\/schema.org","@graph":[{"@type":"WebPage","@id":"https:\/\/buscoequipomedico.com\/?product=unidad-de-electrocirugia-deltronix-100-w","url":"https:\/\/buscoequipomedico.com\/?product=unidad-de-electrocirugia-deltronix-100-w","name":"UNIDAD DE ELECTROCIRUGIA DELTRONIX 100 W. - Tu mejor opci\u00f3n Equipo M\u00e9dico M\u00e9xico","isPartOf":{"@id":"https:\/\/buscoequipomedico.com\/#website"},"primaryImageOfPage":{"@id":"https:\/\/buscoequipomedico.com\/?product=unidad-de-electrocirugia-deltronix-100-w#primaryimage"},"image":{"@id":"https:\/\/buscoequipomedico.com\/?product=unidad-de-electrocirugia-deltronix-100-w#primaryimage"},"thumbnailUrl":"https:\/\/buscoequipomedico.com\/wp-content\/uploads\/2020\/02\/unidad-de-electrocirugia-deltronix-100-w-configuracion-de-salidas-aisladas-construido-con-el-fin-de-eliminar-el-riesgo-de-descar.jpg","datePublished":"2020-02-18T07:33:40+00:00","dateModified":"2020-02-18T07:33:45+00:00","breadcrumb":{"@id":"https:\/\/buscoequipomedico.com\/?product=unidad-de-electrocirugia-deltronix-100-w#breadcrumb"},"inLanguage":"es","potentialAction":[{"@type":"ReadAction","target":["https:\/\/buscoequipomedico.com\/?product=unidad-de-electrocirugia-deltronix-100-w"]}]},{"@type":"ImageObject","inLanguage":"es","@id":"https:\/\/buscoequipomedico.com\/?product=unidad-de-electrocirugia-deltronix-100-w#primaryimage","url":"https:\/\/buscoequipomedico.com\/wp-content\/uploads\/2020\/02\/unidad-de-electrocirugia-deltronix-100-w-configuracion-de-salidas-aisladas-construido-con-el-fin-de-eliminar-el-riesgo-de-descar.jpg","contentUrl":"https:\/\/buscoequipomedico.com\/wp-content\/uploads\/2020\/02\/unidad-de-electrocirugia-deltronix-100-w-configuracion-de-salidas-aisladas-construido-con-el-fin-de-eliminar-el-riesgo-de-descar.jpg","width":800,"height":800},{"@type":"BreadcrumbList","@id":"https:\/\/buscoequipomedico.com\/?product=unidad-de-electrocirugia-deltronix-100-w#breadcrumb","itemListElement":[{"@type":"ListItem","position":1,"name":"Productos","item":"https:\/\/buscoequipomedico.com\/shop\/"},{"@type":"ListItem","position":2,"name":"UNIDAD DE ELECTROCIRUGIA DELTRONIX 100 W."}]},{"@type":"WebSite","@id":"https:\/\/buscoequipomedico.com\/#website","url":"https:\/\/buscoequipomedico.com\/","name":"Tu mejor opci\u00f3n Equipo M\u00e9dico M\u00e9xico","description":"Tienda de equipo m\u00e9dico","publisher":{"@id":"https:\/\/buscoequipomedico.com\/#organization"},"potentialAction":[{"@type":"SearchAction","target":{"@type":"EntryPoint","urlTemplate":"https:\/\/buscoequipomedico.com\/?s={search_term_string}"},"query-input":{"@type":"PropertyValueSpecification","valueRequired":true,"valueName":"search_term_string"}}],"inLanguage":"es"},{"@type":"Organization","@id":"https:\/\/buscoequipomedico.com\/#organization","name":"Tu mejor opci\u00f3n Equipo M\u00e9dico M\u00e9xico","url":"https:\/\/buscoequipomedico.com\/","logo":{"@type":"ImageObject","inLanguage":"es","@id":"https:\/\/buscoequipomedico.com\/#\/schema\/logo\/image\/","url":"https:\/\/buscoequipomedico.com\/wp-content\/uploads\/2021\/07\/EMM-VPrincipal-scaled.jpg","contentUrl":"https:\/\/buscoequipomedico.com\/wp-content\/uploads\/2021\/07\/EMM-VPrincipal-scaled.jpg","width":2560,"height":1058,"caption":"Tu mejor opci\u00f3n Equipo M\u00e9dico M\u00e9xico"},"image":{"@id":"https:\/\/buscoequipomedico.com\/#\/schema\/logo\/image\/"}}]}},"_links":{"self":[{"href":"https:\/\/buscoequipomedico.com\/index.php?rest_route=\/wp\/v2\/product\/11761","targetHints":{"allow":["GET"]}}],"collection":[{"href":"https:\/\/buscoequipomedico.com\/index.php?rest_route=\/wp\/v2\/product"}],"about":[{"href":"https:\/\/buscoequipomedico.com\/index.php?rest_route=\/wp\/v2\/types\/product"}],"wp:featuredmedia":[{"embeddable":true,"href":"https:\/\/buscoequipomedico.com\/index.php?rest_route=\/wp\/v2\/media\/11762"}],"wp:attachment":[{"href":"https:\/\/buscoequipomedico.com\/index.php?rest_route=%2Fwp%2Fv2%2Fmedia&parent=11761"}],"wp:term":[{"taxonomy":"product_brand","embeddable":true,"href":"https:\/\/buscoequipomedico.com\/index.php?rest_route=%2Fwp%2Fv2%2Fproduct_brand&post=11761"},{"taxonomy":"product_cat","embeddable":true,"href":"https:\/\/buscoequipomedico.com\/index.php?rest_route=%2Fwp%2Fv2%2Fproduct_cat&post=11761"},{"taxonomy":"product_tag","embeddable":true,"href":"https:\/\/buscoequipomedico.com\/index.php?rest_route=%2Fwp%2Fv2%2Fproduct_tag&post=11761"}],"curies":[{"name":"wp","href":"https:\/\/api.w.org\/{rel}","templated":true}]}}