{"id":11765,"date":"2020-02-18T07:33:40","date_gmt":"2020-02-18T07:33:40","guid":{"rendered":"https:\/\/equipomedicomexico-com.preview-domain.com\/product\/unidad-de-electrocirugia-deltronix-100-w-3\/"},"modified":"2020-02-18T07:33:46","modified_gmt":"2020-02-18T07:33:46","slug":"unidad-de-electrocirugia-deltronix-100-w-3","status":"publish","type":"product","link":"https:\/\/buscoequipomedico.com\/?product=unidad-de-electrocirugia-deltronix-100-w-3","title":{"rendered":"UNIDAD DE ELECTROCIRUGIA DELTRONIX 100 W"},"content":{"rendered":"<ul>\n<li>Uso en ambulatorios y cl\u00ednicas<\/li>\n<li>Manipulaci\u00f3n simplificada y auto-explicativa<\/li>\n<li>Display digital de la potencia para todas sus funciones<\/li>\n<li>Memorizaci\u00f3n digital<\/li>\n<li>Comando digital en el mango<\/li>\n<li>Posibilidad de programar hasta 9 procedimientos quir\u00fargicos<\/li>\n<li>Comando por teclas UP\/DOWN (ARRIBA\/ABAJO)<\/li>\n<li>Compensaci\u00f3n autom\u00e1tica de la potencia con variaci\u00f3n de la resistencia el\u00e9ctrica del tejido<\/li>\n<li>Sistema de seguridad con alarma sonora y visual, con bloqueo del funcionamiento<\/li>\n<li>130 watts<\/li>\n<li>Salida monopolar y bipolar<\/li>\n<li>4 niveles de Blend (mezcla de corte y coagulaci\u00f3n)<\/li>\n<li>130 watts<\/li>\n<li>Salida bipolar y monopolar<\/li>\n<li>4 niveles de blend<\/li>\n<li>Blend 1: 100 W<\/li>\n<li>Blend 2: 90 W<\/li>\n<li>Blend 3: 80 W<\/li>\n<li>Blend 4: 70 W<\/li>\n<li>Bipolar standard 60 W (100 Ohms)<\/li>\n<li>Coagulaci\u00f3n: 50 W(300 OHMS)<\/li>\n<li>Energ\u00eda 110 -230 VAC<\/li>\n<li>50\/60 Hz<\/li>\n<li>420 Khz<\/li>\n<li>Dimensiones(L,P,A): 265x265x120mm<\/li>\n<li>Peso: 5.8 Kg<\/li>\n<li>Corte puro y coagulaci\u00f3n<\/li>\n<li>Cada equipo Deltronix B-1800 MP incluye:<\/li>\n<li>L\u00e1piz simple monopolar con cable de silic\u00f3n (2.5m) pin 03.97mm<\/li>\n<li>L\u00e1piz de comando manual con cable de silic\u00f3n (2.0mm) pino P10<\/li>\n<li>Placa neutra de acero inoxidable flexible (140x195mm) con cable adaptador<\/li>\n<li>Pedal simple de plug Canon Macho con cable<\/li>\n<li>Cable de CA<\/li>\n<\/ul>\n<\/p>\n<\/p>\n<\/p>\n<\/p>\n<\/p>\n<\/p>\n<\/p>\n<\/p>\n<\/p>\n<\/p>\n<\/p>\n<\/p>\n<\/p>\n<\/p>\n<\/p>\n<\/p>\n<\/p>\n<\/p>\n<\/p>\n<\/p>\n<\/p>\n<\/p>\n<\/p>\n<\/p>\n<\/p>\n<\/p>\n<\/p>\n<\/p>\n<\/p>\n<\/p>\n<\/p><\/p>\n","protected":false},"excerpt":{"rendered":"<p>UNIDAD DE ELECTROCIRUG\u00cdA DELTRONIX 200 W. BIPOLAR Y PULSE. <\/p>\n<\/p>\n<p>\u2022 CONSTRUIDO CON EL FIN DE ELIMINAR EL RIESGO DE DESCARGA EL\u00c9CTRICA O DA\u00d1OS AL EQUIPO CAUSADO<\/p><\/p>\n","protected":false},"featured_media":11766,"template":"","meta":{"_joinchat":[]},"product_brand":[],"product_cat":[233],"product_tag":[],"class_list":{"0":"post-11765","1":"product","2":"type-product","3":"status-publish","4":"has-post-thumbnail","6":"product_cat-electrocirugia","7":"pa_marca-deltronix","9":"first","10":"instock","11":"purchasable","12":"product-type-simple"},"yoast_head":"<!-- This site is optimized with the Yoast SEO plugin v25.1 - https:\/\/yoast.com\/wordpress\/plugins\/seo\/ -->\n<title>UNIDAD DE ELECTROCIRUGIA DELTRONIX 100 W - Tu mejor opci\u00f3n Equipo M\u00e9dico M\u00e9xico<\/title>\n<meta name=\"robots\" content=\"index, follow, max-snippet:-1, max-image-preview:large, max-video-preview:-1\" \/>\n<link rel=\"canonical\" href=\"https:\/\/buscoequipomedico.com\/?product=unidad-de-electrocirugia-deltronix-100-w-3\" \/>\n<meta property=\"og:locale\" content=\"es_ES\" \/>\n<meta property=\"og:type\" content=\"article\" \/>\n<meta property=\"og:title\" content=\"UNIDAD DE ELECTROCIRUGIA DELTRONIX 100 W - Tu mejor opci\u00f3n Equipo M\u00e9dico M\u00e9xico\" \/>\n<meta property=\"og:description\" content=\"UNIDAD DE ELECTROCIRUG\u00cdA DELTRONIX 200 W. BIPOLAR Y PULSE.  \u2022 CONSTRUIDO CON EL FIN DE ELIMINAR EL RIESGO DE DESCARGA EL\u00c9CTRICA O DA\u00d1OS AL EQUIPO CAUSADO\" \/>\n<meta property=\"og:url\" content=\"https:\/\/buscoequipomedico.com\/?product=unidad-de-electrocirugia-deltronix-100-w-3\" \/>\n<meta property=\"og:site_name\" content=\"Tu mejor opci\u00f3n Equipo M\u00e9dico M\u00e9xico\" \/>\n<meta property=\"article:modified_time\" content=\"2020-02-18T07:33:46+00:00\" \/>\n<meta property=\"og:image\" content=\"https:\/\/buscoequipomedico.com\/wp-content\/uploads\/2020\/02\/unidad-de-electrocirugia-deltronix-100-w-unidad-de-electrocirugia-deltronix-200-w-bipolar-y-pulse-o-construido-con-el-fin-de-eli.jpg\" \/>\n\t<meta property=\"og:image:width\" content=\"800\" \/>\n\t<meta property=\"og:image:height\" content=\"800\" \/>\n\t<meta property=\"og:image:type\" content=\"image\/png\" \/>\n<meta name=\"twitter:card\" content=\"summary_large_image\" \/>\n<meta name=\"twitter:label1\" content=\"Tiempo de lectura\" \/>\n\t<meta name=\"twitter:data1\" content=\"1 minuto\" \/>\n<script type=\"application\/ld+json\" class=\"yoast-schema-graph\">{\"@context\":\"https:\/\/schema.org\",\"@graph\":[{\"@type\":\"WebPage\",\"@id\":\"https:\/\/buscoequipomedico.com\/?product=unidad-de-electrocirugia-deltronix-100-w-3\",\"url\":\"https:\/\/buscoequipomedico.com\/?product=unidad-de-electrocirugia-deltronix-100-w-3\",\"name\":\"UNIDAD DE ELECTROCIRUGIA DELTRONIX 100 W - Tu mejor opci\u00f3n Equipo M\u00e9dico M\u00e9xico\",\"isPartOf\":{\"@id\":\"https:\/\/buscoequipomedico.com\/#website\"},\"primaryImageOfPage\":{\"@id\":\"https:\/\/buscoequipomedico.com\/?product=unidad-de-electrocirugia-deltronix-100-w-3#primaryimage\"},\"image\":{\"@id\":\"https:\/\/buscoequipomedico.com\/?product=unidad-de-electrocirugia-deltronix-100-w-3#primaryimage\"},\"thumbnailUrl\":\"https:\/\/buscoequipomedico.com\/wp-content\/uploads\/2020\/02\/unidad-de-electrocirugia-deltronix-100-w-unidad-de-electrocirugia-deltronix-200-w-bipolar-y-pulse-o-construido-con-el-fin-de-eli.jpg\",\"datePublished\":\"2020-02-18T07:33:40+00:00\",\"dateModified\":\"2020-02-18T07:33:46+00:00\",\"breadcrumb\":{\"@id\":\"https:\/\/buscoequipomedico.com\/?product=unidad-de-electrocirugia-deltronix-100-w-3#breadcrumb\"},\"inLanguage\":\"es\",\"potentialAction\":[{\"@type\":\"ReadAction\",\"target\":[\"https:\/\/buscoequipomedico.com\/?product=unidad-de-electrocirugia-deltronix-100-w-3\"]}]},{\"@type\":\"ImageObject\",\"inLanguage\":\"es\",\"@id\":\"https:\/\/buscoequipomedico.com\/?product=unidad-de-electrocirugia-deltronix-100-w-3#primaryimage\",\"url\":\"https:\/\/buscoequipomedico.com\/wp-content\/uploads\/2020\/02\/unidad-de-electrocirugia-deltronix-100-w-unidad-de-electrocirugia-deltronix-200-w-bipolar-y-pulse-o-construido-con-el-fin-de-eli.jpg\",\"contentUrl\":\"https:\/\/buscoequipomedico.com\/wp-content\/uploads\/2020\/02\/unidad-de-electrocirugia-deltronix-100-w-unidad-de-electrocirugia-deltronix-200-w-bipolar-y-pulse-o-construido-con-el-fin-de-eli.jpg\",\"width\":800,\"height\":800},{\"@type\":\"BreadcrumbList\",\"@id\":\"https:\/\/buscoequipomedico.com\/?product=unidad-de-electrocirugia-deltronix-100-w-3#breadcrumb\",\"itemListElement\":[{\"@type\":\"ListItem\",\"position\":1,\"name\":\"Productos\",\"item\":\"https:\/\/buscoequipomedico.com\/shop\/\"},{\"@type\":\"ListItem\",\"position\":2,\"name\":\"UNIDAD DE ELECTROCIRUGIA DELTRONIX 100 W\"}]},{\"@type\":\"WebSite\",\"@id\":\"https:\/\/buscoequipomedico.com\/#website\",\"url\":\"https:\/\/buscoequipomedico.com\/\",\"name\":\"Tu mejor opci\u00f3n Equipo M\u00e9dico M\u00e9xico\",\"description\":\"Tienda de equipo m\u00e9dico\",\"publisher\":{\"@id\":\"https:\/\/buscoequipomedico.com\/#organization\"},\"potentialAction\":[{\"@type\":\"SearchAction\",\"target\":{\"@type\":\"EntryPoint\",\"urlTemplate\":\"https:\/\/buscoequipomedico.com\/?s={search_term_string}\"},\"query-input\":{\"@type\":\"PropertyValueSpecification\",\"valueRequired\":true,\"valueName\":\"search_term_string\"}}],\"inLanguage\":\"es\"},{\"@type\":\"Organization\",\"@id\":\"https:\/\/buscoequipomedico.com\/#organization\",\"name\":\"Tu mejor opci\u00f3n Equipo M\u00e9dico M\u00e9xico\",\"url\":\"https:\/\/buscoequipomedico.com\/\",\"logo\":{\"@type\":\"ImageObject\",\"inLanguage\":\"es\",\"@id\":\"https:\/\/buscoequipomedico.com\/#\/schema\/logo\/image\/\",\"url\":\"https:\/\/buscoequipomedico.com\/wp-content\/uploads\/2021\/07\/EMM-VPrincipal-scaled.jpg\",\"contentUrl\":\"https:\/\/buscoequipomedico.com\/wp-content\/uploads\/2021\/07\/EMM-VPrincipal-scaled.jpg\",\"width\":2560,\"height\":1058,\"caption\":\"Tu mejor opci\u00f3n Equipo M\u00e9dico M\u00e9xico\"},\"image\":{\"@id\":\"https:\/\/buscoequipomedico.com\/#\/schema\/logo\/image\/\"}}]}<\/script>\n<!-- \/ Yoast SEO plugin. -->","yoast_head_json":{"title":"UNIDAD DE ELECTROCIRUGIA DELTRONIX 100 W - Tu mejor opci\u00f3n Equipo M\u00e9dico M\u00e9xico","robots":{"index":"index","follow":"follow","max-snippet":"max-snippet:-1","max-image-preview":"max-image-preview:large","max-video-preview":"max-video-preview:-1"},"canonical":"https:\/\/buscoequipomedico.com\/?product=unidad-de-electrocirugia-deltronix-100-w-3","og_locale":"es_ES","og_type":"article","og_title":"UNIDAD DE ELECTROCIRUGIA DELTRONIX 100 W - Tu mejor opci\u00f3n Equipo M\u00e9dico M\u00e9xico","og_description":"UNIDAD DE ELECTROCIRUG\u00cdA DELTRONIX 200 W. BIPOLAR Y PULSE.  \u2022 CONSTRUIDO CON EL FIN DE ELIMINAR EL RIESGO DE DESCARGA EL\u00c9CTRICA O DA\u00d1OS AL EQUIPO CAUSADO","og_url":"https:\/\/buscoequipomedico.com\/?product=unidad-de-electrocirugia-deltronix-100-w-3","og_site_name":"Tu mejor opci\u00f3n Equipo M\u00e9dico M\u00e9xico","article_modified_time":"2020-02-18T07:33:46+00:00","og_image":[{"width":800,"height":800,"url":"https:\/\/buscoequipomedico.com\/wp-content\/uploads\/2020\/02\/unidad-de-electrocirugia-deltronix-100-w-unidad-de-electrocirugia-deltronix-200-w-bipolar-y-pulse-o-construido-con-el-fin-de-eli.jpg","type":"image\/png"}],"twitter_card":"summary_large_image","twitter_misc":{"Tiempo de lectura":"1 minuto"},"schema":{"@context":"https:\/\/schema.org","@graph":[{"@type":"WebPage","@id":"https:\/\/buscoequipomedico.com\/?product=unidad-de-electrocirugia-deltronix-100-w-3","url":"https:\/\/buscoequipomedico.com\/?product=unidad-de-electrocirugia-deltronix-100-w-3","name":"UNIDAD DE ELECTROCIRUGIA DELTRONIX 100 W - Tu mejor opci\u00f3n Equipo M\u00e9dico M\u00e9xico","isPartOf":{"@id":"https:\/\/buscoequipomedico.com\/#website"},"primaryImageOfPage":{"@id":"https:\/\/buscoequipomedico.com\/?product=unidad-de-electrocirugia-deltronix-100-w-3#primaryimage"},"image":{"@id":"https:\/\/buscoequipomedico.com\/?product=unidad-de-electrocirugia-deltronix-100-w-3#primaryimage"},"thumbnailUrl":"https:\/\/buscoequipomedico.com\/wp-content\/uploads\/2020\/02\/unidad-de-electrocirugia-deltronix-100-w-unidad-de-electrocirugia-deltronix-200-w-bipolar-y-pulse-o-construido-con-el-fin-de-eli.jpg","datePublished":"2020-02-18T07:33:40+00:00","dateModified":"2020-02-18T07:33:46+00:00","breadcrumb":{"@id":"https:\/\/buscoequipomedico.com\/?product=unidad-de-electrocirugia-deltronix-100-w-3#breadcrumb"},"inLanguage":"es","potentialAction":[{"@type":"ReadAction","target":["https:\/\/buscoequipomedico.com\/?product=unidad-de-electrocirugia-deltronix-100-w-3"]}]},{"@type":"ImageObject","inLanguage":"es","@id":"https:\/\/buscoequipomedico.com\/?product=unidad-de-electrocirugia-deltronix-100-w-3#primaryimage","url":"https:\/\/buscoequipomedico.com\/wp-content\/uploads\/2020\/02\/unidad-de-electrocirugia-deltronix-100-w-unidad-de-electrocirugia-deltronix-200-w-bipolar-y-pulse-o-construido-con-el-fin-de-eli.jpg","contentUrl":"https:\/\/buscoequipomedico.com\/wp-content\/uploads\/2020\/02\/unidad-de-electrocirugia-deltronix-100-w-unidad-de-electrocirugia-deltronix-200-w-bipolar-y-pulse-o-construido-con-el-fin-de-eli.jpg","width":800,"height":800},{"@type":"BreadcrumbList","@id":"https:\/\/buscoequipomedico.com\/?product=unidad-de-electrocirugia-deltronix-100-w-3#breadcrumb","itemListElement":[{"@type":"ListItem","position":1,"name":"Productos","item":"https:\/\/buscoequipomedico.com\/shop\/"},{"@type":"ListItem","position":2,"name":"UNIDAD DE ELECTROCIRUGIA DELTRONIX 100 W"}]},{"@type":"WebSite","@id":"https:\/\/buscoequipomedico.com\/#website","url":"https:\/\/buscoequipomedico.com\/","name":"Tu mejor opci\u00f3n Equipo M\u00e9dico M\u00e9xico","description":"Tienda de equipo m\u00e9dico","publisher":{"@id":"https:\/\/buscoequipomedico.com\/#organization"},"potentialAction":[{"@type":"SearchAction","target":{"@type":"EntryPoint","urlTemplate":"https:\/\/buscoequipomedico.com\/?s={search_term_string}"},"query-input":{"@type":"PropertyValueSpecification","valueRequired":true,"valueName":"search_term_string"}}],"inLanguage":"es"},{"@type":"Organization","@id":"https:\/\/buscoequipomedico.com\/#organization","name":"Tu mejor opci\u00f3n Equipo M\u00e9dico M\u00e9xico","url":"https:\/\/buscoequipomedico.com\/","logo":{"@type":"ImageObject","inLanguage":"es","@id":"https:\/\/buscoequipomedico.com\/#\/schema\/logo\/image\/","url":"https:\/\/buscoequipomedico.com\/wp-content\/uploads\/2021\/07\/EMM-VPrincipal-scaled.jpg","contentUrl":"https:\/\/buscoequipomedico.com\/wp-content\/uploads\/2021\/07\/EMM-VPrincipal-scaled.jpg","width":2560,"height":1058,"caption":"Tu mejor opci\u00f3n Equipo M\u00e9dico M\u00e9xico"},"image":{"@id":"https:\/\/buscoequipomedico.com\/#\/schema\/logo\/image\/"}}]}},"_links":{"self":[{"href":"https:\/\/buscoequipomedico.com\/index.php?rest_route=\/wp\/v2\/product\/11765","targetHints":{"allow":["GET"]}}],"collection":[{"href":"https:\/\/buscoequipomedico.com\/index.php?rest_route=\/wp\/v2\/product"}],"about":[{"href":"https:\/\/buscoequipomedico.com\/index.php?rest_route=\/wp\/v2\/types\/product"}],"wp:featuredmedia":[{"embeddable":true,"href":"https:\/\/buscoequipomedico.com\/index.php?rest_route=\/wp\/v2\/media\/11766"}],"wp:attachment":[{"href":"https:\/\/buscoequipomedico.com\/index.php?rest_route=%2Fwp%2Fv2%2Fmedia&parent=11765"}],"wp:term":[{"taxonomy":"product_brand","embeddable":true,"href":"https:\/\/buscoequipomedico.com\/index.php?rest_route=%2Fwp%2Fv2%2Fproduct_brand&post=11765"},{"taxonomy":"product_cat","embeddable":true,"href":"https:\/\/buscoequipomedico.com\/index.php?rest_route=%2Fwp%2Fv2%2Fproduct_cat&post=11765"},{"taxonomy":"product_tag","embeddable":true,"href":"https:\/\/buscoequipomedico.com\/index.php?rest_route=%2Fwp%2Fv2%2Fproduct_tag&post=11765"}],"curies":[{"name":"wp","href":"https:\/\/api.w.org\/{rel}","templated":true}]}}