{"id":11771,"date":"2020-02-18T07:33:40","date_gmt":"2020-02-18T07:33:40","guid":{"rendered":"https:\/\/equipomedicomexico-com.preview-domain.com\/product\/unidad-de-electrocirugia-dr-oppel-500-w\/"},"modified":"2020-02-18T07:33:46","modified_gmt":"2020-02-18T07:33:46","slug":"unidad-de-electrocirugia-dr-oppel-500-w","status":"publish","type":"product","link":"https:\/\/buscoequipomedico.com\/?product=unidad-de-electrocirugia-dr-oppel-500-w","title":{"rendered":"UNIDAD DE ELECTROCIRUGIA DR. OPPEL 500 W"},"content":{"rendered":"<p><span>Caracter\u00edsticas:<\/span><\/p>\n<ul>\n<li>Bistur\u00ed de alta frecuencia: 4Mhz.\u00a0<\/li>\n<li>Coagulador bipolar de alta frecuencia para macro y micro coagulaciones.<\/li>\n<li>Excelente capacidad de corte y coagulaci\u00f3n, no s\u00f3lo en cirug\u00eda abierta, sino tambi\u00e9n en cirug\u00eda endosc\u00f3pica.<\/li>\n<li>M\u00ednimas molestias post operatorias (r\u00e1pida cicatrizaci\u00f3n).<\/li>\n<li>Pedal para hacer cortes intermitentes a prueba de agua.\u00a0<\/li>\n<li>Salida de baja tensi\u00f3n y de alta frecuencia.<\/li>\n<li>No produce chispa el\u00e9ctrica, no existe carbonizaci\u00f3n ni da\u00f1o al tejido celular circundante.<\/li>\n<li>Sistema libre de descargas el\u00e9ctricas y quemaduras, garantizando seguridad no s\u00f3lo para los m\u00e9dicos, sino tambi\u00e9n para los pacientes.<\/li>\n<\/ul>\n<p>El mejor m\u00e9rito de Dr. Oppel es que no causa da\u00f1o o carbonizaci\u00f3n en el tejido porque tiene salida de alta frecuencia de baja corriente y no hace chispas en la operaci\u00f3n. En temperaturas de los tejidos de m\u00e1s de 100\u00b0C el l\u00edquido de la c\u00e9lula se evapora, las c\u00e9lulas del tejido son quemadasa trav\u00e9s de la presi\u00f3n de vapor y la separaci\u00f3n del tejido.\u00a0<br \/>En el caso del Dr. Oppel la coagulaci\u00f3n profunda es decidida por el mismo electrodo en funci\u00f3n de la sensaci\u00f3n del m\u00e9dico, ya que est\u00e1 dise\u00f1ado para coagular exactamente a determinada profundidad.<\/p>\n<p>Dr. Oppel est\u00e1 dise\u00f1ado para cirug\u00edas como:<\/p>\n<p>Ginecolog\u00eda, proctolog\u00eda, dermatolog\u00eda, urolog\u00eda, E.N.T., cirug\u00eda general, cirug\u00eda pl\u00e1stica, cirug\u00eda bucal, sala de operaci\u00f3n.<\/p>\n<p><span>Incluye:<\/span><\/p>\n<ul>\n<li>Pedal.<\/li>\n<li>L\u00e1piz largo.<\/li>\n<li>L\u00e1piz corto.<\/li>\n<li>6 electrodos de la misma marca.<\/li>\n<\/ul>\n","protected":false},"excerpt":{"rendered":"<p><span>Sin cambiar el modo de Corte limpio, Corte sin sangrado, Coagulaci\u00f3n y Micro Coagulaci\u00f3n, puede realizar todas las operaciones con solo la elecci\u00f3n de los electrodos adecuados y el control de la potencia de salida, y hacer excelentes funciones de Hemostasia y coagulaci\u00f3n incluso en hemorragias masivas.<\/span><\/p>\n","protected":false},"featured_media":11772,"template":"","meta":{"_joinchat":[]},"product_brand":[],"product_cat":[233],"product_tag":[],"class_list":{"0":"post-11771","1":"product","2":"type-product","3":"status-publish","4":"has-post-thumbnail","6":"product_cat-electrocirugia","8":"first","9":"instock","10":"purchasable","11":"product-type-simple"},"yoast_head":"<!-- This site is optimized with the Yoast SEO plugin v25.1 - https:\/\/yoast.com\/wordpress\/plugins\/seo\/ -->\n<title>UNIDAD DE ELECTROCIRUGIA DR. OPPEL 500 W - Tu mejor opci\u00f3n Equipo M\u00e9dico M\u00e9xico<\/title>\n<meta name=\"robots\" content=\"index, follow, max-snippet:-1, max-image-preview:large, max-video-preview:-1\" \/>\n<link rel=\"canonical\" href=\"https:\/\/buscoequipomedico.com\/?product=unidad-de-electrocirugia-dr-oppel-500-w\" \/>\n<meta property=\"og:locale\" content=\"es_ES\" \/>\n<meta property=\"og:type\" content=\"article\" \/>\n<meta property=\"og:title\" content=\"UNIDAD DE ELECTROCIRUGIA DR. OPPEL 500 W - Tu mejor opci\u00f3n Equipo M\u00e9dico M\u00e9xico\" \/>\n<meta property=\"og:description\" content=\"Sin cambiar el modo de Corte limpio, Corte sin sangrado, Coagulaci\u00f3n y Micro Coagulaci\u00f3n, puede realizar todas las operaciones con solo la elecci\u00f3n de los electrodos adecuados y el control de la potencia de salida, y hacer excelentes funciones de Hemostasia y coagulaci\u00f3n incluso en hemorragias masivas.\" \/>\n<meta property=\"og:url\" content=\"https:\/\/buscoequipomedico.com\/?product=unidad-de-electrocirugia-dr-oppel-500-w\" \/>\n<meta property=\"og:site_name\" content=\"Tu mejor opci\u00f3n Equipo M\u00e9dico M\u00e9xico\" \/>\n<meta property=\"article:modified_time\" content=\"2020-02-18T07:33:46+00:00\" \/>\n<meta property=\"og:image\" content=\"https:\/\/buscoequipomedico.com\/wp-content\/uploads\/2020\/02\/unidad-de-electrocirugia-dr-oppel-500-w-sin-cambiar-el-modo-de-corte-limpio-corte-sin-sangrado-coagulacion-y-micro-coagulacion-p.jpg\" \/>\n\t<meta property=\"og:image:width\" content=\"800\" \/>\n\t<meta property=\"og:image:height\" content=\"800\" \/>\n\t<meta property=\"og:image:type\" content=\"image\/png\" \/>\n<meta name=\"twitter:card\" content=\"summary_large_image\" \/>\n<meta name=\"twitter:label1\" content=\"Tiempo de lectura\" \/>\n\t<meta name=\"twitter:data1\" content=\"1 minuto\" \/>\n<script type=\"application\/ld+json\" class=\"yoast-schema-graph\">{\"@context\":\"https:\/\/schema.org\",\"@graph\":[{\"@type\":\"WebPage\",\"@id\":\"https:\/\/buscoequipomedico.com\/?product=unidad-de-electrocirugia-dr-oppel-500-w\",\"url\":\"https:\/\/buscoequipomedico.com\/?product=unidad-de-electrocirugia-dr-oppel-500-w\",\"name\":\"UNIDAD DE ELECTROCIRUGIA DR. OPPEL 500 W - Tu mejor opci\u00f3n Equipo M\u00e9dico M\u00e9xico\",\"isPartOf\":{\"@id\":\"https:\/\/buscoequipomedico.com\/#website\"},\"primaryImageOfPage\":{\"@id\":\"https:\/\/buscoequipomedico.com\/?product=unidad-de-electrocirugia-dr-oppel-500-w#primaryimage\"},\"image\":{\"@id\":\"https:\/\/buscoequipomedico.com\/?product=unidad-de-electrocirugia-dr-oppel-500-w#primaryimage\"},\"thumbnailUrl\":\"https:\/\/buscoequipomedico.com\/wp-content\/uploads\/2020\/02\/unidad-de-electrocirugia-dr-oppel-500-w-sin-cambiar-el-modo-de-corte-limpio-corte-sin-sangrado-coagulacion-y-micro-coagulacion-p.jpg\",\"datePublished\":\"2020-02-18T07:33:40+00:00\",\"dateModified\":\"2020-02-18T07:33:46+00:00\",\"breadcrumb\":{\"@id\":\"https:\/\/buscoequipomedico.com\/?product=unidad-de-electrocirugia-dr-oppel-500-w#breadcrumb\"},\"inLanguage\":\"es\",\"potentialAction\":[{\"@type\":\"ReadAction\",\"target\":[\"https:\/\/buscoequipomedico.com\/?product=unidad-de-electrocirugia-dr-oppel-500-w\"]}]},{\"@type\":\"ImageObject\",\"inLanguage\":\"es\",\"@id\":\"https:\/\/buscoequipomedico.com\/?product=unidad-de-electrocirugia-dr-oppel-500-w#primaryimage\",\"url\":\"https:\/\/buscoequipomedico.com\/wp-content\/uploads\/2020\/02\/unidad-de-electrocirugia-dr-oppel-500-w-sin-cambiar-el-modo-de-corte-limpio-corte-sin-sangrado-coagulacion-y-micro-coagulacion-p.jpg\",\"contentUrl\":\"https:\/\/buscoequipomedico.com\/wp-content\/uploads\/2020\/02\/unidad-de-electrocirugia-dr-oppel-500-w-sin-cambiar-el-modo-de-corte-limpio-corte-sin-sangrado-coagulacion-y-micro-coagulacion-p.jpg\",\"width\":800,\"height\":800},{\"@type\":\"BreadcrumbList\",\"@id\":\"https:\/\/buscoequipomedico.com\/?product=unidad-de-electrocirugia-dr-oppel-500-w#breadcrumb\",\"itemListElement\":[{\"@type\":\"ListItem\",\"position\":1,\"name\":\"Productos\",\"item\":\"https:\/\/buscoequipomedico.com\/shop\/\"},{\"@type\":\"ListItem\",\"position\":2,\"name\":\"UNIDAD DE ELECTROCIRUGIA DR. OPPEL 500 W\"}]},{\"@type\":\"WebSite\",\"@id\":\"https:\/\/buscoequipomedico.com\/#website\",\"url\":\"https:\/\/buscoequipomedico.com\/\",\"name\":\"Tu mejor opci\u00f3n Equipo M\u00e9dico M\u00e9xico\",\"description\":\"Tienda de equipo m\u00e9dico\",\"publisher\":{\"@id\":\"https:\/\/buscoequipomedico.com\/#organization\"},\"potentialAction\":[{\"@type\":\"SearchAction\",\"target\":{\"@type\":\"EntryPoint\",\"urlTemplate\":\"https:\/\/buscoequipomedico.com\/?s={search_term_string}\"},\"query-input\":{\"@type\":\"PropertyValueSpecification\",\"valueRequired\":true,\"valueName\":\"search_term_string\"}}],\"inLanguage\":\"es\"},{\"@type\":\"Organization\",\"@id\":\"https:\/\/buscoequipomedico.com\/#organization\",\"name\":\"Tu mejor opci\u00f3n Equipo M\u00e9dico M\u00e9xico\",\"url\":\"https:\/\/buscoequipomedico.com\/\",\"logo\":{\"@type\":\"ImageObject\",\"inLanguage\":\"es\",\"@id\":\"https:\/\/buscoequipomedico.com\/#\/schema\/logo\/image\/\",\"url\":\"https:\/\/buscoequipomedico.com\/wp-content\/uploads\/2021\/07\/EMM-VPrincipal-scaled.jpg\",\"contentUrl\":\"https:\/\/buscoequipomedico.com\/wp-content\/uploads\/2021\/07\/EMM-VPrincipal-scaled.jpg\",\"width\":2560,\"height\":1058,\"caption\":\"Tu mejor opci\u00f3n Equipo M\u00e9dico M\u00e9xico\"},\"image\":{\"@id\":\"https:\/\/buscoequipomedico.com\/#\/schema\/logo\/image\/\"}}]}<\/script>\n<!-- \/ Yoast SEO plugin. -->","yoast_head_json":{"title":"UNIDAD DE ELECTROCIRUGIA DR. OPPEL 500 W - Tu mejor opci\u00f3n Equipo M\u00e9dico M\u00e9xico","robots":{"index":"index","follow":"follow","max-snippet":"max-snippet:-1","max-image-preview":"max-image-preview:large","max-video-preview":"max-video-preview:-1"},"canonical":"https:\/\/buscoequipomedico.com\/?product=unidad-de-electrocirugia-dr-oppel-500-w","og_locale":"es_ES","og_type":"article","og_title":"UNIDAD DE ELECTROCIRUGIA DR. OPPEL 500 W - Tu mejor opci\u00f3n Equipo M\u00e9dico M\u00e9xico","og_description":"Sin cambiar el modo de Corte limpio, Corte sin sangrado, Coagulaci\u00f3n y Micro Coagulaci\u00f3n, puede realizar todas las operaciones con solo la elecci\u00f3n de los electrodos adecuados y el control de la potencia de salida, y hacer excelentes funciones de Hemostasia y coagulaci\u00f3n incluso en hemorragias masivas.","og_url":"https:\/\/buscoequipomedico.com\/?product=unidad-de-electrocirugia-dr-oppel-500-w","og_site_name":"Tu mejor opci\u00f3n Equipo M\u00e9dico M\u00e9xico","article_modified_time":"2020-02-18T07:33:46+00:00","og_image":[{"width":800,"height":800,"url":"https:\/\/buscoequipomedico.com\/wp-content\/uploads\/2020\/02\/unidad-de-electrocirugia-dr-oppel-500-w-sin-cambiar-el-modo-de-corte-limpio-corte-sin-sangrado-coagulacion-y-micro-coagulacion-p.jpg","type":"image\/png"}],"twitter_card":"summary_large_image","twitter_misc":{"Tiempo de lectura":"1 minuto"},"schema":{"@context":"https:\/\/schema.org","@graph":[{"@type":"WebPage","@id":"https:\/\/buscoequipomedico.com\/?product=unidad-de-electrocirugia-dr-oppel-500-w","url":"https:\/\/buscoequipomedico.com\/?product=unidad-de-electrocirugia-dr-oppel-500-w","name":"UNIDAD DE ELECTROCIRUGIA DR. OPPEL 500 W - Tu mejor opci\u00f3n Equipo M\u00e9dico M\u00e9xico","isPartOf":{"@id":"https:\/\/buscoequipomedico.com\/#website"},"primaryImageOfPage":{"@id":"https:\/\/buscoequipomedico.com\/?product=unidad-de-electrocirugia-dr-oppel-500-w#primaryimage"},"image":{"@id":"https:\/\/buscoequipomedico.com\/?product=unidad-de-electrocirugia-dr-oppel-500-w#primaryimage"},"thumbnailUrl":"https:\/\/buscoequipomedico.com\/wp-content\/uploads\/2020\/02\/unidad-de-electrocirugia-dr-oppel-500-w-sin-cambiar-el-modo-de-corte-limpio-corte-sin-sangrado-coagulacion-y-micro-coagulacion-p.jpg","datePublished":"2020-02-18T07:33:40+00:00","dateModified":"2020-02-18T07:33:46+00:00","breadcrumb":{"@id":"https:\/\/buscoequipomedico.com\/?product=unidad-de-electrocirugia-dr-oppel-500-w#breadcrumb"},"inLanguage":"es","potentialAction":[{"@type":"ReadAction","target":["https:\/\/buscoequipomedico.com\/?product=unidad-de-electrocirugia-dr-oppel-500-w"]}]},{"@type":"ImageObject","inLanguage":"es","@id":"https:\/\/buscoequipomedico.com\/?product=unidad-de-electrocirugia-dr-oppel-500-w#primaryimage","url":"https:\/\/buscoequipomedico.com\/wp-content\/uploads\/2020\/02\/unidad-de-electrocirugia-dr-oppel-500-w-sin-cambiar-el-modo-de-corte-limpio-corte-sin-sangrado-coagulacion-y-micro-coagulacion-p.jpg","contentUrl":"https:\/\/buscoequipomedico.com\/wp-content\/uploads\/2020\/02\/unidad-de-electrocirugia-dr-oppel-500-w-sin-cambiar-el-modo-de-corte-limpio-corte-sin-sangrado-coagulacion-y-micro-coagulacion-p.jpg","width":800,"height":800},{"@type":"BreadcrumbList","@id":"https:\/\/buscoequipomedico.com\/?product=unidad-de-electrocirugia-dr-oppel-500-w#breadcrumb","itemListElement":[{"@type":"ListItem","position":1,"name":"Productos","item":"https:\/\/buscoequipomedico.com\/shop\/"},{"@type":"ListItem","position":2,"name":"UNIDAD DE ELECTROCIRUGIA DR. OPPEL 500 W"}]},{"@type":"WebSite","@id":"https:\/\/buscoequipomedico.com\/#website","url":"https:\/\/buscoequipomedico.com\/","name":"Tu mejor opci\u00f3n Equipo M\u00e9dico M\u00e9xico","description":"Tienda de equipo m\u00e9dico","publisher":{"@id":"https:\/\/buscoequipomedico.com\/#organization"},"potentialAction":[{"@type":"SearchAction","target":{"@type":"EntryPoint","urlTemplate":"https:\/\/buscoequipomedico.com\/?s={search_term_string}"},"query-input":{"@type":"PropertyValueSpecification","valueRequired":true,"valueName":"search_term_string"}}],"inLanguage":"es"},{"@type":"Organization","@id":"https:\/\/buscoequipomedico.com\/#organization","name":"Tu mejor opci\u00f3n Equipo M\u00e9dico M\u00e9xico","url":"https:\/\/buscoequipomedico.com\/","logo":{"@type":"ImageObject","inLanguage":"es","@id":"https:\/\/buscoequipomedico.com\/#\/schema\/logo\/image\/","url":"https:\/\/buscoequipomedico.com\/wp-content\/uploads\/2021\/07\/EMM-VPrincipal-scaled.jpg","contentUrl":"https:\/\/buscoequipomedico.com\/wp-content\/uploads\/2021\/07\/EMM-VPrincipal-scaled.jpg","width":2560,"height":1058,"caption":"Tu mejor opci\u00f3n Equipo M\u00e9dico M\u00e9xico"},"image":{"@id":"https:\/\/buscoequipomedico.com\/#\/schema\/logo\/image\/"}}]}},"_links":{"self":[{"href":"https:\/\/buscoequipomedico.com\/index.php?rest_route=\/wp\/v2\/product\/11771","targetHints":{"allow":["GET"]}}],"collection":[{"href":"https:\/\/buscoequipomedico.com\/index.php?rest_route=\/wp\/v2\/product"}],"about":[{"href":"https:\/\/buscoequipomedico.com\/index.php?rest_route=\/wp\/v2\/types\/product"}],"wp:featuredmedia":[{"embeddable":true,"href":"https:\/\/buscoequipomedico.com\/index.php?rest_route=\/wp\/v2\/media\/11772"}],"wp:attachment":[{"href":"https:\/\/buscoequipomedico.com\/index.php?rest_route=%2Fwp%2Fv2%2Fmedia&parent=11771"}],"wp:term":[{"taxonomy":"product_brand","embeddable":true,"href":"https:\/\/buscoequipomedico.com\/index.php?rest_route=%2Fwp%2Fv2%2Fproduct_brand&post=11771"},{"taxonomy":"product_cat","embeddable":true,"href":"https:\/\/buscoequipomedico.com\/index.php?rest_route=%2Fwp%2Fv2%2Fproduct_cat&post=11771"},{"taxonomy":"product_tag","embeddable":true,"href":"https:\/\/buscoequipomedico.com\/index.php?rest_route=%2Fwp%2Fv2%2Fproduct_tag&post=11771"}],"curies":[{"name":"wp","href":"https:\/\/api.w.org\/{rel}","templated":true}]}}