{"id":11775,"date":"2020-02-18T07:33:40","date_gmt":"2020-02-18T07:33:40","guid":{"rendered":"https:\/\/equipomedicomexico-com.preview-domain.com\/product\/set-unidad-de-electrocirugia-deltronix-100-w\/"},"modified":"2020-02-18T07:33:47","modified_gmt":"2020-02-18T07:33:47","slug":"set-unidad-de-electrocirugia-deltronix-100-w","status":"publish","type":"product","link":"https:\/\/buscoequipomedico.com\/?product=set-unidad-de-electrocirugia-deltronix-100-w","title":{"rendered":"SET UNIDAD DE ELECTROCIRUGIA DELTRONIX 100 W."},"content":{"rendered":"<ul>\n<li>Posibilidad de programar hasta 9 procedimientos quir\u00fargicos<\/li>\n<li>Comando digital en el mango<\/li>\n<li>Memorizaci\u00f3n digital<\/li>\n<li>Comando por teclas UP\/DOWN<\/li>\n<\/ul>\n","protected":false},"excerpt":{"rendered":"<ul>\n<li>De f\u00e1cil manejo<\/li>\n<li>Para uso general en cl\u00ednicas y hospitales<\/li>\n<li>Manipulaci\u00f3n simplificada y auto-explicativa<\/li>\n<\/ul>\n","protected":false},"featured_media":11776,"template":"","meta":{"_joinchat":[]},"product_brand":[],"product_cat":[233],"product_tag":[],"class_list":{"0":"post-11775","1":"product","2":"type-product","3":"status-publish","4":"has-post-thumbnail","6":"product_cat-electrocirugia","7":"pa_marca-deltronix","9":"first","10":"instock","11":"purchasable","12":"product-type-simple"},"yoast_head":"<!-- This site is optimized with the Yoast SEO plugin v25.1 - https:\/\/yoast.com\/wordpress\/plugins\/seo\/ -->\n<title>SET UNIDAD DE ELECTROCIRUGIA DELTRONIX 100 W. - Tu mejor opci\u00f3n Equipo M\u00e9dico M\u00e9xico<\/title>\n<meta name=\"robots\" content=\"index, follow, max-snippet:-1, max-image-preview:large, max-video-preview:-1\" \/>\n<link rel=\"canonical\" href=\"https:\/\/buscoequipomedico.com\/?product=set-unidad-de-electrocirugia-deltronix-100-w\" \/>\n<meta property=\"og:locale\" content=\"es_ES\" \/>\n<meta property=\"og:type\" content=\"article\" \/>\n<meta property=\"og:title\" content=\"SET UNIDAD DE ELECTROCIRUGIA DELTRONIX 100 W. - Tu mejor opci\u00f3n Equipo M\u00e9dico M\u00e9xico\" \/>\n<meta property=\"og:description\" content=\"De f\u00e1cil manejo Para uso general en cl\u00ednicas y hospitales Manipulaci\u00f3n simplificada y auto-explicativa\" \/>\n<meta property=\"og:url\" content=\"https:\/\/buscoequipomedico.com\/?product=set-unidad-de-electrocirugia-deltronix-100-w\" \/>\n<meta property=\"og:site_name\" content=\"Tu mejor opci\u00f3n Equipo M\u00e9dico M\u00e9xico\" \/>\n<meta property=\"article:modified_time\" content=\"2020-02-18T07:33:47+00:00\" \/>\n<meta property=\"og:image\" content=\"https:\/\/buscoequipomedico.com\/wp-content\/uploads\/2020\/02\/set-unidad-de-electrocirugia-deltronix-100-w-de-facil-manejo-para-uso-general-en-clinicas-y-hospitales-manipulacion-simplificada.jpg\" \/>\n\t<meta property=\"og:image:width\" content=\"800\" \/>\n\t<meta property=\"og:image:height\" content=\"800\" \/>\n\t<meta property=\"og:image:type\" content=\"image\/png\" \/>\n<meta name=\"twitter:card\" content=\"summary_large_image\" \/>\n<script type=\"application\/ld+json\" class=\"yoast-schema-graph\">{\"@context\":\"https:\/\/schema.org\",\"@graph\":[{\"@type\":\"WebPage\",\"@id\":\"https:\/\/buscoequipomedico.com\/?product=set-unidad-de-electrocirugia-deltronix-100-w\",\"url\":\"https:\/\/buscoequipomedico.com\/?product=set-unidad-de-electrocirugia-deltronix-100-w\",\"name\":\"SET UNIDAD DE ELECTROCIRUGIA DELTRONIX 100 W. - Tu mejor opci\u00f3n Equipo M\u00e9dico M\u00e9xico\",\"isPartOf\":{\"@id\":\"https:\/\/buscoequipomedico.com\/#website\"},\"primaryImageOfPage\":{\"@id\":\"https:\/\/buscoequipomedico.com\/?product=set-unidad-de-electrocirugia-deltronix-100-w#primaryimage\"},\"image\":{\"@id\":\"https:\/\/buscoequipomedico.com\/?product=set-unidad-de-electrocirugia-deltronix-100-w#primaryimage\"},\"thumbnailUrl\":\"https:\/\/buscoequipomedico.com\/wp-content\/uploads\/2020\/02\/set-unidad-de-electrocirugia-deltronix-100-w-de-facil-manejo-para-uso-general-en-clinicas-y-hospitales-manipulacion-simplificada.jpg\",\"datePublished\":\"2020-02-18T07:33:40+00:00\",\"dateModified\":\"2020-02-18T07:33:47+00:00\",\"breadcrumb\":{\"@id\":\"https:\/\/buscoequipomedico.com\/?product=set-unidad-de-electrocirugia-deltronix-100-w#breadcrumb\"},\"inLanguage\":\"es\",\"potentialAction\":[{\"@type\":\"ReadAction\",\"target\":[\"https:\/\/buscoequipomedico.com\/?product=set-unidad-de-electrocirugia-deltronix-100-w\"]}]},{\"@type\":\"ImageObject\",\"inLanguage\":\"es\",\"@id\":\"https:\/\/buscoequipomedico.com\/?product=set-unidad-de-electrocirugia-deltronix-100-w#primaryimage\",\"url\":\"https:\/\/buscoequipomedico.com\/wp-content\/uploads\/2020\/02\/set-unidad-de-electrocirugia-deltronix-100-w-de-facil-manejo-para-uso-general-en-clinicas-y-hospitales-manipulacion-simplificada.jpg\",\"contentUrl\":\"https:\/\/buscoequipomedico.com\/wp-content\/uploads\/2020\/02\/set-unidad-de-electrocirugia-deltronix-100-w-de-facil-manejo-para-uso-general-en-clinicas-y-hospitales-manipulacion-simplificada.jpg\",\"width\":800,\"height\":800},{\"@type\":\"BreadcrumbList\",\"@id\":\"https:\/\/buscoequipomedico.com\/?product=set-unidad-de-electrocirugia-deltronix-100-w#breadcrumb\",\"itemListElement\":[{\"@type\":\"ListItem\",\"position\":1,\"name\":\"Productos\",\"item\":\"https:\/\/buscoequipomedico.com\/shop\/\"},{\"@type\":\"ListItem\",\"position\":2,\"name\":\"SET UNIDAD DE ELECTROCIRUGIA DELTRONIX 100 W.\"}]},{\"@type\":\"WebSite\",\"@id\":\"https:\/\/buscoequipomedico.com\/#website\",\"url\":\"https:\/\/buscoequipomedico.com\/\",\"name\":\"Tu mejor opci\u00f3n Equipo M\u00e9dico M\u00e9xico\",\"description\":\"Tienda de equipo m\u00e9dico\",\"publisher\":{\"@id\":\"https:\/\/buscoequipomedico.com\/#organization\"},\"potentialAction\":[{\"@type\":\"SearchAction\",\"target\":{\"@type\":\"EntryPoint\",\"urlTemplate\":\"https:\/\/buscoequipomedico.com\/?s={search_term_string}\"},\"query-input\":{\"@type\":\"PropertyValueSpecification\",\"valueRequired\":true,\"valueName\":\"search_term_string\"}}],\"inLanguage\":\"es\"},{\"@type\":\"Organization\",\"@id\":\"https:\/\/buscoequipomedico.com\/#organization\",\"name\":\"Tu mejor opci\u00f3n Equipo M\u00e9dico M\u00e9xico\",\"url\":\"https:\/\/buscoequipomedico.com\/\",\"logo\":{\"@type\":\"ImageObject\",\"inLanguage\":\"es\",\"@id\":\"https:\/\/buscoequipomedico.com\/#\/schema\/logo\/image\/\",\"url\":\"https:\/\/buscoequipomedico.com\/wp-content\/uploads\/2021\/07\/EMM-VPrincipal-scaled.jpg\",\"contentUrl\":\"https:\/\/buscoequipomedico.com\/wp-content\/uploads\/2021\/07\/EMM-VPrincipal-scaled.jpg\",\"width\":2560,\"height\":1058,\"caption\":\"Tu mejor opci\u00f3n Equipo M\u00e9dico M\u00e9xico\"},\"image\":{\"@id\":\"https:\/\/buscoequipomedico.com\/#\/schema\/logo\/image\/\"}}]}<\/script>\n<!-- \/ Yoast SEO plugin. -->","yoast_head_json":{"title":"SET UNIDAD DE ELECTROCIRUGIA DELTRONIX 100 W. - Tu mejor opci\u00f3n Equipo M\u00e9dico M\u00e9xico","robots":{"index":"index","follow":"follow","max-snippet":"max-snippet:-1","max-image-preview":"max-image-preview:large","max-video-preview":"max-video-preview:-1"},"canonical":"https:\/\/buscoequipomedico.com\/?product=set-unidad-de-electrocirugia-deltronix-100-w","og_locale":"es_ES","og_type":"article","og_title":"SET UNIDAD DE ELECTROCIRUGIA DELTRONIX 100 W. - Tu mejor opci\u00f3n Equipo M\u00e9dico M\u00e9xico","og_description":"De f\u00e1cil manejo Para uso general en cl\u00ednicas y hospitales Manipulaci\u00f3n simplificada y auto-explicativa","og_url":"https:\/\/buscoequipomedico.com\/?product=set-unidad-de-electrocirugia-deltronix-100-w","og_site_name":"Tu mejor opci\u00f3n Equipo M\u00e9dico M\u00e9xico","article_modified_time":"2020-02-18T07:33:47+00:00","og_image":[{"width":800,"height":800,"url":"https:\/\/buscoequipomedico.com\/wp-content\/uploads\/2020\/02\/set-unidad-de-electrocirugia-deltronix-100-w-de-facil-manejo-para-uso-general-en-clinicas-y-hospitales-manipulacion-simplificada.jpg","type":"image\/png"}],"twitter_card":"summary_large_image","schema":{"@context":"https:\/\/schema.org","@graph":[{"@type":"WebPage","@id":"https:\/\/buscoequipomedico.com\/?product=set-unidad-de-electrocirugia-deltronix-100-w","url":"https:\/\/buscoequipomedico.com\/?product=set-unidad-de-electrocirugia-deltronix-100-w","name":"SET UNIDAD DE ELECTROCIRUGIA DELTRONIX 100 W. - Tu mejor opci\u00f3n Equipo M\u00e9dico M\u00e9xico","isPartOf":{"@id":"https:\/\/buscoequipomedico.com\/#website"},"primaryImageOfPage":{"@id":"https:\/\/buscoequipomedico.com\/?product=set-unidad-de-electrocirugia-deltronix-100-w#primaryimage"},"image":{"@id":"https:\/\/buscoequipomedico.com\/?product=set-unidad-de-electrocirugia-deltronix-100-w#primaryimage"},"thumbnailUrl":"https:\/\/buscoequipomedico.com\/wp-content\/uploads\/2020\/02\/set-unidad-de-electrocirugia-deltronix-100-w-de-facil-manejo-para-uso-general-en-clinicas-y-hospitales-manipulacion-simplificada.jpg","datePublished":"2020-02-18T07:33:40+00:00","dateModified":"2020-02-18T07:33:47+00:00","breadcrumb":{"@id":"https:\/\/buscoequipomedico.com\/?product=set-unidad-de-electrocirugia-deltronix-100-w#breadcrumb"},"inLanguage":"es","potentialAction":[{"@type":"ReadAction","target":["https:\/\/buscoequipomedico.com\/?product=set-unidad-de-electrocirugia-deltronix-100-w"]}]},{"@type":"ImageObject","inLanguage":"es","@id":"https:\/\/buscoequipomedico.com\/?product=set-unidad-de-electrocirugia-deltronix-100-w#primaryimage","url":"https:\/\/buscoequipomedico.com\/wp-content\/uploads\/2020\/02\/set-unidad-de-electrocirugia-deltronix-100-w-de-facil-manejo-para-uso-general-en-clinicas-y-hospitales-manipulacion-simplificada.jpg","contentUrl":"https:\/\/buscoequipomedico.com\/wp-content\/uploads\/2020\/02\/set-unidad-de-electrocirugia-deltronix-100-w-de-facil-manejo-para-uso-general-en-clinicas-y-hospitales-manipulacion-simplificada.jpg","width":800,"height":800},{"@type":"BreadcrumbList","@id":"https:\/\/buscoequipomedico.com\/?product=set-unidad-de-electrocirugia-deltronix-100-w#breadcrumb","itemListElement":[{"@type":"ListItem","position":1,"name":"Productos","item":"https:\/\/buscoequipomedico.com\/shop\/"},{"@type":"ListItem","position":2,"name":"SET UNIDAD DE ELECTROCIRUGIA DELTRONIX 100 W."}]},{"@type":"WebSite","@id":"https:\/\/buscoequipomedico.com\/#website","url":"https:\/\/buscoequipomedico.com\/","name":"Tu mejor opci\u00f3n Equipo M\u00e9dico M\u00e9xico","description":"Tienda de equipo m\u00e9dico","publisher":{"@id":"https:\/\/buscoequipomedico.com\/#organization"},"potentialAction":[{"@type":"SearchAction","target":{"@type":"EntryPoint","urlTemplate":"https:\/\/buscoequipomedico.com\/?s={search_term_string}"},"query-input":{"@type":"PropertyValueSpecification","valueRequired":true,"valueName":"search_term_string"}}],"inLanguage":"es"},{"@type":"Organization","@id":"https:\/\/buscoequipomedico.com\/#organization","name":"Tu mejor opci\u00f3n Equipo M\u00e9dico M\u00e9xico","url":"https:\/\/buscoequipomedico.com\/","logo":{"@type":"ImageObject","inLanguage":"es","@id":"https:\/\/buscoequipomedico.com\/#\/schema\/logo\/image\/","url":"https:\/\/buscoequipomedico.com\/wp-content\/uploads\/2021\/07\/EMM-VPrincipal-scaled.jpg","contentUrl":"https:\/\/buscoequipomedico.com\/wp-content\/uploads\/2021\/07\/EMM-VPrincipal-scaled.jpg","width":2560,"height":1058,"caption":"Tu mejor opci\u00f3n Equipo M\u00e9dico M\u00e9xico"},"image":{"@id":"https:\/\/buscoequipomedico.com\/#\/schema\/logo\/image\/"}}]}},"_links":{"self":[{"href":"https:\/\/buscoequipomedico.com\/index.php?rest_route=\/wp\/v2\/product\/11775","targetHints":{"allow":["GET"]}}],"collection":[{"href":"https:\/\/buscoequipomedico.com\/index.php?rest_route=\/wp\/v2\/product"}],"about":[{"href":"https:\/\/buscoequipomedico.com\/index.php?rest_route=\/wp\/v2\/types\/product"}],"wp:featuredmedia":[{"embeddable":true,"href":"https:\/\/buscoequipomedico.com\/index.php?rest_route=\/wp\/v2\/media\/11776"}],"wp:attachment":[{"href":"https:\/\/buscoequipomedico.com\/index.php?rest_route=%2Fwp%2Fv2%2Fmedia&parent=11775"}],"wp:term":[{"taxonomy":"product_brand","embeddable":true,"href":"https:\/\/buscoequipomedico.com\/index.php?rest_route=%2Fwp%2Fv2%2Fproduct_brand&post=11775"},{"taxonomy":"product_cat","embeddable":true,"href":"https:\/\/buscoequipomedico.com\/index.php?rest_route=%2Fwp%2Fv2%2Fproduct_cat&post=11775"},{"taxonomy":"product_tag","embeddable":true,"href":"https:\/\/buscoequipomedico.com\/index.php?rest_route=%2Fwp%2Fv2%2Fproduct_tag&post=11775"}],"curies":[{"name":"wp","href":"https:\/\/api.w.org\/{rel}","templated":true}]}}