{"id":11779,"date":"2020-02-18T07:33:48","date_gmt":"2020-02-18T07:33:48","guid":{"rendered":"https:\/\/equipomedicomexico-com.preview-domain.com\/product\/electroestimulador-duo-pro\/"},"modified":"2020-02-18T07:33:48","modified_gmt":"2020-02-18T07:33:48","slug":"electroestimulador-duo-pro","status":"publish","type":"product","link":"https:\/\/buscoequipomedico.com\/?product=electroestimulador-duo-pro","title":{"rendered":"ELECTROESTIMULADOR DUO PRO"},"content":{"rendered":"<p>Revestimiento soft touch: el palm pro en mano ofrece una agradable sensaci\u00f3n de soft touch. \u00c9ste especial revestimiento lo hace \u201cblando y gomoso. M\u00e1xima simplicidad de utilizaci\u00f3n. Posibilidad de personalizar los tiempos de cada programa El nuevo palm pro es un electroestimulador palmar de caracter\u00edsticas profesionales: dise\u00f1o moderno e innovador, dimensiones compactas, display retro iluminado. Una dotaci\u00f3n completa de los mejores programas: para ofrecer prestaciones superiores con la m\u00e1xima facilidad de uso. Deporte y performance: 8 programas indispensables para el entrenamiento y la prestaci\u00f3n deportiva. Fitness y forma f\u00edsica: 20 programas para alcanzar y mantener una forma f\u00edsica perfecta, los mejores programas para reencontrar la armon\u00eda y la belleza del propio cuerpo. Bienestar y salud: 7 aplicaciones espec\u00ed cas para el tratamiento y la eliminaci\u00f3n del dolor.<\/p>\n<\/p>\n<p>Incluye: 1 Electroestimulador palmar, 1 Bolsa para el transporte, 2 cables de conexi\u00f3n, Sobre de electrodos 45&#215;45 mm, Sobre de electrodos 45&#215;90 mm, 3 bater\u00edas estilo 1,5 v aaa, 1 manual<\/p><\/p>\n","protected":false},"excerpt":{"rendered":"<p>N\u00famero de canales :2<\/p>\n<\/p>\n<p>Intensidad: 40 mA<\/p>\n<\/p>\n<p>Forma de onda impulso cuadrado, bif\u00e1sico, sim\u00e9trico, compensado<\/p>\n<\/p>\n<p>Frecuencia:1-120 Hz<\/p>\n<\/p>\n<p>Amplitud del impulso 50-320 us<\/p>\n<\/p>\n<p>Alimentaci\u00f3n 3 bater\u00edas estilo 1,5 AAA de tipo LRO3<\/p>\n","protected":false},"featured_media":11780,"template":"","meta":{"_joinchat":[]},"product_brand":[],"product_cat":[237],"product_tag":[],"class_list":{"0":"post-11779","1":"product","2":"type-product","3":"status-publish","4":"has-post-thumbnail","6":"product_cat-electroestimuladores","7":"pa_marca-globus","9":"first","10":"instock","11":"purchasable","12":"product-type-simple"},"yoast_head":"<!-- This site is optimized with the Yoast SEO plugin v25.1 - https:\/\/yoast.com\/wordpress\/plugins\/seo\/ -->\n<title>ELECTROESTIMULADOR DUO PRO - Tu mejor opci\u00f3n Equipo M\u00e9dico M\u00e9xico<\/title>\n<meta name=\"robots\" content=\"index, follow, max-snippet:-1, max-image-preview:large, max-video-preview:-1\" \/>\n<link rel=\"canonical\" href=\"https:\/\/buscoequipomedico.com\/?product=electroestimulador-duo-pro\" \/>\n<meta property=\"og:locale\" content=\"es_ES\" \/>\n<meta property=\"og:type\" content=\"article\" \/>\n<meta property=\"og:title\" content=\"ELECTROESTIMULADOR DUO PRO - Tu mejor opci\u00f3n Equipo M\u00e9dico M\u00e9xico\" \/>\n<meta property=\"og:description\" content=\"N\u00famero de canales :2 Intensidad: 40 mA Forma de onda impulso cuadrado, bif\u00e1sico, sim\u00e9trico, compensado Frecuencia:1-120 Hz Amplitud del impulso 50-320 us Alimentaci\u00f3n 3 bater\u00edas estilo 1,5 AAA de tipo LRO3\" \/>\n<meta property=\"og:url\" content=\"https:\/\/buscoequipomedico.com\/?product=electroestimulador-duo-pro\" \/>\n<meta property=\"og:site_name\" content=\"Tu mejor opci\u00f3n Equipo M\u00e9dico M\u00e9xico\" \/>\n<meta property=\"og:image\" content=\"https:\/\/buscoequipomedico.com\/wp-content\/uploads\/2020\/02\/electroestimulador-duo-pro-numero-de-canales-2-intensidad-40-ma-forma-de-onda-impulso-cuadrado-bifasico-simetrico-compensado-fre.jpg\" \/>\n\t<meta property=\"og:image:width\" content=\"800\" \/>\n\t<meta property=\"og:image:height\" content=\"800\" \/>\n\t<meta property=\"og:image:type\" content=\"image\/png\" \/>\n<meta name=\"twitter:card\" content=\"summary_large_image\" \/>\n<meta name=\"twitter:label1\" content=\"Tiempo de lectura\" \/>\n\t<meta name=\"twitter:data1\" content=\"1 minuto\" \/>\n<script type=\"application\/ld+json\" class=\"yoast-schema-graph\">{\"@context\":\"https:\/\/schema.org\",\"@graph\":[{\"@type\":\"WebPage\",\"@id\":\"https:\/\/buscoequipomedico.com\/?product=electroestimulador-duo-pro\",\"url\":\"https:\/\/buscoequipomedico.com\/?product=electroestimulador-duo-pro\",\"name\":\"ELECTROESTIMULADOR DUO PRO - Tu mejor opci\u00f3n Equipo M\u00e9dico M\u00e9xico\",\"isPartOf\":{\"@id\":\"https:\/\/buscoequipomedico.com\/#website\"},\"primaryImageOfPage\":{\"@id\":\"https:\/\/buscoequipomedico.com\/?product=electroestimulador-duo-pro#primaryimage\"},\"image\":{\"@id\":\"https:\/\/buscoequipomedico.com\/?product=electroestimulador-duo-pro#primaryimage\"},\"thumbnailUrl\":\"https:\/\/buscoequipomedico.com\/wp-content\/uploads\/2020\/02\/electroestimulador-duo-pro-numero-de-canales-2-intensidad-40-ma-forma-de-onda-impulso-cuadrado-bifasico-simetrico-compensado-fre.jpg\",\"datePublished\":\"2020-02-18T07:33:48+00:00\",\"breadcrumb\":{\"@id\":\"https:\/\/buscoequipomedico.com\/?product=electroestimulador-duo-pro#breadcrumb\"},\"inLanguage\":\"es\",\"potentialAction\":[{\"@type\":\"ReadAction\",\"target\":[\"https:\/\/buscoequipomedico.com\/?product=electroestimulador-duo-pro\"]}]},{\"@type\":\"ImageObject\",\"inLanguage\":\"es\",\"@id\":\"https:\/\/buscoequipomedico.com\/?product=electroestimulador-duo-pro#primaryimage\",\"url\":\"https:\/\/buscoequipomedico.com\/wp-content\/uploads\/2020\/02\/electroestimulador-duo-pro-numero-de-canales-2-intensidad-40-ma-forma-de-onda-impulso-cuadrado-bifasico-simetrico-compensado-fre.jpg\",\"contentUrl\":\"https:\/\/buscoequipomedico.com\/wp-content\/uploads\/2020\/02\/electroestimulador-duo-pro-numero-de-canales-2-intensidad-40-ma-forma-de-onda-impulso-cuadrado-bifasico-simetrico-compensado-fre.jpg\",\"width\":800,\"height\":800},{\"@type\":\"BreadcrumbList\",\"@id\":\"https:\/\/buscoequipomedico.com\/?product=electroestimulador-duo-pro#breadcrumb\",\"itemListElement\":[{\"@type\":\"ListItem\",\"position\":1,\"name\":\"Productos\",\"item\":\"https:\/\/buscoequipomedico.com\/shop\/\"},{\"@type\":\"ListItem\",\"position\":2,\"name\":\"ELECTROESTIMULADOR DUO PRO\"}]},{\"@type\":\"WebSite\",\"@id\":\"https:\/\/buscoequipomedico.com\/#website\",\"url\":\"https:\/\/buscoequipomedico.com\/\",\"name\":\"Tu mejor opci\u00f3n Equipo M\u00e9dico M\u00e9xico\",\"description\":\"Tienda de equipo m\u00e9dico\",\"publisher\":{\"@id\":\"https:\/\/buscoequipomedico.com\/#organization\"},\"potentialAction\":[{\"@type\":\"SearchAction\",\"target\":{\"@type\":\"EntryPoint\",\"urlTemplate\":\"https:\/\/buscoequipomedico.com\/?s={search_term_string}\"},\"query-input\":{\"@type\":\"PropertyValueSpecification\",\"valueRequired\":true,\"valueName\":\"search_term_string\"}}],\"inLanguage\":\"es\"},{\"@type\":\"Organization\",\"@id\":\"https:\/\/buscoequipomedico.com\/#organization\",\"name\":\"Tu mejor opci\u00f3n Equipo M\u00e9dico M\u00e9xico\",\"url\":\"https:\/\/buscoequipomedico.com\/\",\"logo\":{\"@type\":\"ImageObject\",\"inLanguage\":\"es\",\"@id\":\"https:\/\/buscoequipomedico.com\/#\/schema\/logo\/image\/\",\"url\":\"https:\/\/buscoequipomedico.com\/wp-content\/uploads\/2021\/07\/EMM-VPrincipal-scaled.jpg\",\"contentUrl\":\"https:\/\/buscoequipomedico.com\/wp-content\/uploads\/2021\/07\/EMM-VPrincipal-scaled.jpg\",\"width\":2560,\"height\":1058,\"caption\":\"Tu mejor opci\u00f3n Equipo M\u00e9dico M\u00e9xico\"},\"image\":{\"@id\":\"https:\/\/buscoequipomedico.com\/#\/schema\/logo\/image\/\"}}]}<\/script>\n<!-- \/ Yoast SEO plugin. -->","yoast_head_json":{"title":"ELECTROESTIMULADOR DUO PRO - Tu mejor opci\u00f3n Equipo M\u00e9dico M\u00e9xico","robots":{"index":"index","follow":"follow","max-snippet":"max-snippet:-1","max-image-preview":"max-image-preview:large","max-video-preview":"max-video-preview:-1"},"canonical":"https:\/\/buscoequipomedico.com\/?product=electroestimulador-duo-pro","og_locale":"es_ES","og_type":"article","og_title":"ELECTROESTIMULADOR DUO PRO - Tu mejor opci\u00f3n Equipo M\u00e9dico M\u00e9xico","og_description":"N\u00famero de canales :2 Intensidad: 40 mA Forma de onda impulso cuadrado, bif\u00e1sico, sim\u00e9trico, compensado Frecuencia:1-120 Hz Amplitud del impulso 50-320 us Alimentaci\u00f3n 3 bater\u00edas estilo 1,5 AAA de tipo LRO3","og_url":"https:\/\/buscoequipomedico.com\/?product=electroestimulador-duo-pro","og_site_name":"Tu mejor opci\u00f3n Equipo M\u00e9dico M\u00e9xico","og_image":[{"width":800,"height":800,"url":"https:\/\/buscoequipomedico.com\/wp-content\/uploads\/2020\/02\/electroestimulador-duo-pro-numero-de-canales-2-intensidad-40-ma-forma-de-onda-impulso-cuadrado-bifasico-simetrico-compensado-fre.jpg","type":"image\/png"}],"twitter_card":"summary_large_image","twitter_misc":{"Tiempo de lectura":"1 minuto"},"schema":{"@context":"https:\/\/schema.org","@graph":[{"@type":"WebPage","@id":"https:\/\/buscoequipomedico.com\/?product=electroestimulador-duo-pro","url":"https:\/\/buscoequipomedico.com\/?product=electroestimulador-duo-pro","name":"ELECTROESTIMULADOR DUO PRO - Tu mejor opci\u00f3n Equipo M\u00e9dico M\u00e9xico","isPartOf":{"@id":"https:\/\/buscoequipomedico.com\/#website"},"primaryImageOfPage":{"@id":"https:\/\/buscoequipomedico.com\/?product=electroestimulador-duo-pro#primaryimage"},"image":{"@id":"https:\/\/buscoequipomedico.com\/?product=electroestimulador-duo-pro#primaryimage"},"thumbnailUrl":"https:\/\/buscoequipomedico.com\/wp-content\/uploads\/2020\/02\/electroestimulador-duo-pro-numero-de-canales-2-intensidad-40-ma-forma-de-onda-impulso-cuadrado-bifasico-simetrico-compensado-fre.jpg","datePublished":"2020-02-18T07:33:48+00:00","breadcrumb":{"@id":"https:\/\/buscoequipomedico.com\/?product=electroestimulador-duo-pro#breadcrumb"},"inLanguage":"es","potentialAction":[{"@type":"ReadAction","target":["https:\/\/buscoequipomedico.com\/?product=electroestimulador-duo-pro"]}]},{"@type":"ImageObject","inLanguage":"es","@id":"https:\/\/buscoequipomedico.com\/?product=electroestimulador-duo-pro#primaryimage","url":"https:\/\/buscoequipomedico.com\/wp-content\/uploads\/2020\/02\/electroestimulador-duo-pro-numero-de-canales-2-intensidad-40-ma-forma-de-onda-impulso-cuadrado-bifasico-simetrico-compensado-fre.jpg","contentUrl":"https:\/\/buscoequipomedico.com\/wp-content\/uploads\/2020\/02\/electroestimulador-duo-pro-numero-de-canales-2-intensidad-40-ma-forma-de-onda-impulso-cuadrado-bifasico-simetrico-compensado-fre.jpg","width":800,"height":800},{"@type":"BreadcrumbList","@id":"https:\/\/buscoequipomedico.com\/?product=electroestimulador-duo-pro#breadcrumb","itemListElement":[{"@type":"ListItem","position":1,"name":"Productos","item":"https:\/\/buscoequipomedico.com\/shop\/"},{"@type":"ListItem","position":2,"name":"ELECTROESTIMULADOR DUO PRO"}]},{"@type":"WebSite","@id":"https:\/\/buscoequipomedico.com\/#website","url":"https:\/\/buscoequipomedico.com\/","name":"Tu mejor opci\u00f3n Equipo M\u00e9dico M\u00e9xico","description":"Tienda de equipo m\u00e9dico","publisher":{"@id":"https:\/\/buscoequipomedico.com\/#organization"},"potentialAction":[{"@type":"SearchAction","target":{"@type":"EntryPoint","urlTemplate":"https:\/\/buscoequipomedico.com\/?s={search_term_string}"},"query-input":{"@type":"PropertyValueSpecification","valueRequired":true,"valueName":"search_term_string"}}],"inLanguage":"es"},{"@type":"Organization","@id":"https:\/\/buscoequipomedico.com\/#organization","name":"Tu mejor opci\u00f3n Equipo M\u00e9dico M\u00e9xico","url":"https:\/\/buscoequipomedico.com\/","logo":{"@type":"ImageObject","inLanguage":"es","@id":"https:\/\/buscoequipomedico.com\/#\/schema\/logo\/image\/","url":"https:\/\/buscoequipomedico.com\/wp-content\/uploads\/2021\/07\/EMM-VPrincipal-scaled.jpg","contentUrl":"https:\/\/buscoequipomedico.com\/wp-content\/uploads\/2021\/07\/EMM-VPrincipal-scaled.jpg","width":2560,"height":1058,"caption":"Tu mejor opci\u00f3n Equipo M\u00e9dico M\u00e9xico"},"image":{"@id":"https:\/\/buscoequipomedico.com\/#\/schema\/logo\/image\/"}}]}},"_links":{"self":[{"href":"https:\/\/buscoequipomedico.com\/index.php?rest_route=\/wp\/v2\/product\/11779","targetHints":{"allow":["GET"]}}],"collection":[{"href":"https:\/\/buscoequipomedico.com\/index.php?rest_route=\/wp\/v2\/product"}],"about":[{"href":"https:\/\/buscoequipomedico.com\/index.php?rest_route=\/wp\/v2\/types\/product"}],"wp:featuredmedia":[{"embeddable":true,"href":"https:\/\/buscoequipomedico.com\/index.php?rest_route=\/wp\/v2\/media\/11780"}],"wp:attachment":[{"href":"https:\/\/buscoequipomedico.com\/index.php?rest_route=%2Fwp%2Fv2%2Fmedia&parent=11779"}],"wp:term":[{"taxonomy":"product_brand","embeddable":true,"href":"https:\/\/buscoequipomedico.com\/index.php?rest_route=%2Fwp%2Fv2%2Fproduct_brand&post=11779"},{"taxonomy":"product_cat","embeddable":true,"href":"https:\/\/buscoequipomedico.com\/index.php?rest_route=%2Fwp%2Fv2%2Fproduct_cat&post=11779"},{"taxonomy":"product_tag","embeddable":true,"href":"https:\/\/buscoequipomedico.com\/index.php?rest_route=%2Fwp%2Fv2%2Fproduct_tag&post=11779"}],"curies":[{"name":"wp","href":"https:\/\/api.w.org\/{rel}","templated":true}]}}