{"id":11783,"date":"2020-02-18T07:33:48","date_gmt":"2020-02-18T07:33:48","guid":{"rendered":"https:\/\/equipomedicomexico-com.preview-domain.com\/product\/electroestimulador-globus-genesy-1500\/"},"modified":"2020-02-18T07:33:49","modified_gmt":"2020-02-18T07:33:49","slug":"electroestimulador-globus-genesy-1500","status":"publish","type":"product","link":"https:\/\/buscoequipomedico.com\/?product=electroestimulador-globus-genesy-1500","title":{"rendered":"ELECTROESTIMULADOR GLOBUS GENESY 1500"},"content":{"rendered":"<p><strong>ELECTROESTIMULADOR GLOBUS GENESY 1500<\/strong><\/p>\n<p>Por encima de todo el Electroestimulador top profesional completo con todas las corrientes utilizadas en el \u00e1mbito m\u00e9dico y de rehabilitaci\u00f3n.<\/p>\n<p>Adem\u00e1s el Genesy 1500 es extremadamente f\u00e1cil y seguro de usar en cualquier situaci\u00f3n terap\u00e9utica. Programable. 414 programas.<\/p>\n<p>Electroestimulador Globus Genesy 1500 es programable y permite a los usuarios profesionales crear y guardar programas espec\u00edficos con par\u00e1metros personalizados.<\/p>\n<p>A\u00fan m\u00e1s es un Producto Profesional superior, completo de todas las corrientes utilizadas en el campo m\u00e9dico y de las nuevas tecnolog\u00edas 3S y Action Now.<\/p>\n<p>Electroestimulador top profesional completo con todas las corrientes utilizadas en el \u00e1mbito m\u00e9dico.<\/p>\n<p>Genesy 1500 es extremadamente f\u00e1cil y seguro de usar en cualquier situaci\u00f3n terap\u00e9utica.<\/p>\n<p>Finalmente es Programable. 414 programas.<\/p>\n","protected":false},"excerpt":{"rendered":"<p><span>Electroestimulador top profesional completo con todas las corrientes utilizadas en el \u00e1mbito m\u00e9dico y de rehabilitaci\u00f3n.<\/span><\/p>\n","protected":false},"featured_media":11784,"template":"","meta":{"_joinchat":[]},"product_brand":[],"product_cat":[237],"product_tag":[],"class_list":{"0":"post-11783","1":"product","2":"type-product","3":"status-publish","4":"has-post-thumbnail","6":"product_cat-electroestimuladores","7":"pa_marca-globus","9":"first","10":"instock","11":"purchasable","12":"product-type-simple"},"yoast_head":"<!-- This site is optimized with the Yoast SEO plugin v25.1 - https:\/\/yoast.com\/wordpress\/plugins\/seo\/ -->\n<title>ELECTROESTIMULADOR GLOBUS GENESY 1500 - Tu mejor opci\u00f3n Equipo M\u00e9dico M\u00e9xico<\/title>\n<meta name=\"robots\" content=\"index, follow, max-snippet:-1, max-image-preview:large, max-video-preview:-1\" \/>\n<link rel=\"canonical\" href=\"https:\/\/buscoequipomedico.com\/?product=electroestimulador-globus-genesy-1500\" \/>\n<meta property=\"og:locale\" content=\"es_ES\" \/>\n<meta property=\"og:type\" content=\"article\" \/>\n<meta property=\"og:title\" content=\"ELECTROESTIMULADOR GLOBUS GENESY 1500 - Tu mejor opci\u00f3n Equipo M\u00e9dico M\u00e9xico\" \/>\n<meta property=\"og:description\" content=\"Electroestimulador top profesional completo con todas las corrientes utilizadas en el \u00e1mbito m\u00e9dico y de rehabilitaci\u00f3n.\" \/>\n<meta property=\"og:url\" content=\"https:\/\/buscoequipomedico.com\/?product=electroestimulador-globus-genesy-1500\" \/>\n<meta property=\"og:site_name\" content=\"Tu mejor opci\u00f3n Equipo M\u00e9dico M\u00e9xico\" \/>\n<meta property=\"article:modified_time\" content=\"2020-02-18T07:33:49+00:00\" \/>\n<meta property=\"og:image\" content=\"https:\/\/buscoequipomedico.com\/wp-content\/uploads\/2020\/02\/electroestimulador-globus-genesy-1500-electroestimulador-top-profesional-completo-con-todas-las-corrientes-utilizadas-en-el-ambi.jpg\" \/>\n\t<meta property=\"og:image:width\" content=\"800\" \/>\n\t<meta property=\"og:image:height\" content=\"800\" \/>\n\t<meta property=\"og:image:type\" content=\"image\/png\" \/>\n<meta name=\"twitter:card\" content=\"summary_large_image\" \/>\n<meta name=\"twitter:label1\" content=\"Tiempo de lectura\" \/>\n\t<meta name=\"twitter:data1\" content=\"1 minuto\" \/>\n<script type=\"application\/ld+json\" class=\"yoast-schema-graph\">{\"@context\":\"https:\/\/schema.org\",\"@graph\":[{\"@type\":\"WebPage\",\"@id\":\"https:\/\/buscoequipomedico.com\/?product=electroestimulador-globus-genesy-1500\",\"url\":\"https:\/\/buscoequipomedico.com\/?product=electroestimulador-globus-genesy-1500\",\"name\":\"ELECTROESTIMULADOR GLOBUS GENESY 1500 - Tu mejor opci\u00f3n Equipo M\u00e9dico M\u00e9xico\",\"isPartOf\":{\"@id\":\"https:\/\/buscoequipomedico.com\/#website\"},\"primaryImageOfPage\":{\"@id\":\"https:\/\/buscoequipomedico.com\/?product=electroestimulador-globus-genesy-1500#primaryimage\"},\"image\":{\"@id\":\"https:\/\/buscoequipomedico.com\/?product=electroestimulador-globus-genesy-1500#primaryimage\"},\"thumbnailUrl\":\"https:\/\/buscoequipomedico.com\/wp-content\/uploads\/2020\/02\/electroestimulador-globus-genesy-1500-electroestimulador-top-profesional-completo-con-todas-las-corrientes-utilizadas-en-el-ambi.jpg\",\"datePublished\":\"2020-02-18T07:33:48+00:00\",\"dateModified\":\"2020-02-18T07:33:49+00:00\",\"breadcrumb\":{\"@id\":\"https:\/\/buscoequipomedico.com\/?product=electroestimulador-globus-genesy-1500#breadcrumb\"},\"inLanguage\":\"es\",\"potentialAction\":[{\"@type\":\"ReadAction\",\"target\":[\"https:\/\/buscoequipomedico.com\/?product=electroestimulador-globus-genesy-1500\"]}]},{\"@type\":\"ImageObject\",\"inLanguage\":\"es\",\"@id\":\"https:\/\/buscoequipomedico.com\/?product=electroestimulador-globus-genesy-1500#primaryimage\",\"url\":\"https:\/\/buscoequipomedico.com\/wp-content\/uploads\/2020\/02\/electroestimulador-globus-genesy-1500-electroestimulador-top-profesional-completo-con-todas-las-corrientes-utilizadas-en-el-ambi.jpg\",\"contentUrl\":\"https:\/\/buscoequipomedico.com\/wp-content\/uploads\/2020\/02\/electroestimulador-globus-genesy-1500-electroestimulador-top-profesional-completo-con-todas-las-corrientes-utilizadas-en-el-ambi.jpg\",\"width\":800,\"height\":800},{\"@type\":\"BreadcrumbList\",\"@id\":\"https:\/\/buscoequipomedico.com\/?product=electroestimulador-globus-genesy-1500#breadcrumb\",\"itemListElement\":[{\"@type\":\"ListItem\",\"position\":1,\"name\":\"Productos\",\"item\":\"https:\/\/buscoequipomedico.com\/shop\/\"},{\"@type\":\"ListItem\",\"position\":2,\"name\":\"ELECTROESTIMULADOR GLOBUS GENESY 1500\"}]},{\"@type\":\"WebSite\",\"@id\":\"https:\/\/buscoequipomedico.com\/#website\",\"url\":\"https:\/\/buscoequipomedico.com\/\",\"name\":\"Tu mejor opci\u00f3n Equipo M\u00e9dico M\u00e9xico\",\"description\":\"Tienda de equipo m\u00e9dico\",\"publisher\":{\"@id\":\"https:\/\/buscoequipomedico.com\/#organization\"},\"potentialAction\":[{\"@type\":\"SearchAction\",\"target\":{\"@type\":\"EntryPoint\",\"urlTemplate\":\"https:\/\/buscoequipomedico.com\/?s={search_term_string}\"},\"query-input\":{\"@type\":\"PropertyValueSpecification\",\"valueRequired\":true,\"valueName\":\"search_term_string\"}}],\"inLanguage\":\"es\"},{\"@type\":\"Organization\",\"@id\":\"https:\/\/buscoequipomedico.com\/#organization\",\"name\":\"Tu mejor opci\u00f3n Equipo M\u00e9dico M\u00e9xico\",\"url\":\"https:\/\/buscoequipomedico.com\/\",\"logo\":{\"@type\":\"ImageObject\",\"inLanguage\":\"es\",\"@id\":\"https:\/\/buscoequipomedico.com\/#\/schema\/logo\/image\/\",\"url\":\"https:\/\/buscoequipomedico.com\/wp-content\/uploads\/2021\/07\/EMM-VPrincipal-scaled.jpg\",\"contentUrl\":\"https:\/\/buscoequipomedico.com\/wp-content\/uploads\/2021\/07\/EMM-VPrincipal-scaled.jpg\",\"width\":2560,\"height\":1058,\"caption\":\"Tu mejor opci\u00f3n Equipo M\u00e9dico M\u00e9xico\"},\"image\":{\"@id\":\"https:\/\/buscoequipomedico.com\/#\/schema\/logo\/image\/\"}}]}<\/script>\n<!-- \/ Yoast SEO plugin. -->","yoast_head_json":{"title":"ELECTROESTIMULADOR GLOBUS GENESY 1500 - Tu mejor opci\u00f3n Equipo M\u00e9dico M\u00e9xico","robots":{"index":"index","follow":"follow","max-snippet":"max-snippet:-1","max-image-preview":"max-image-preview:large","max-video-preview":"max-video-preview:-1"},"canonical":"https:\/\/buscoequipomedico.com\/?product=electroestimulador-globus-genesy-1500","og_locale":"es_ES","og_type":"article","og_title":"ELECTROESTIMULADOR GLOBUS GENESY 1500 - Tu mejor opci\u00f3n Equipo M\u00e9dico M\u00e9xico","og_description":"Electroestimulador top profesional completo con todas las corrientes utilizadas en el \u00e1mbito m\u00e9dico y de rehabilitaci\u00f3n.","og_url":"https:\/\/buscoequipomedico.com\/?product=electroestimulador-globus-genesy-1500","og_site_name":"Tu mejor opci\u00f3n Equipo M\u00e9dico M\u00e9xico","article_modified_time":"2020-02-18T07:33:49+00:00","og_image":[{"width":800,"height":800,"url":"https:\/\/buscoequipomedico.com\/wp-content\/uploads\/2020\/02\/electroestimulador-globus-genesy-1500-electroestimulador-top-profesional-completo-con-todas-las-corrientes-utilizadas-en-el-ambi.jpg","type":"image\/png"}],"twitter_card":"summary_large_image","twitter_misc":{"Tiempo de lectura":"1 minuto"},"schema":{"@context":"https:\/\/schema.org","@graph":[{"@type":"WebPage","@id":"https:\/\/buscoequipomedico.com\/?product=electroestimulador-globus-genesy-1500","url":"https:\/\/buscoequipomedico.com\/?product=electroestimulador-globus-genesy-1500","name":"ELECTROESTIMULADOR GLOBUS GENESY 1500 - Tu mejor opci\u00f3n Equipo M\u00e9dico M\u00e9xico","isPartOf":{"@id":"https:\/\/buscoequipomedico.com\/#website"},"primaryImageOfPage":{"@id":"https:\/\/buscoequipomedico.com\/?product=electroestimulador-globus-genesy-1500#primaryimage"},"image":{"@id":"https:\/\/buscoequipomedico.com\/?product=electroestimulador-globus-genesy-1500#primaryimage"},"thumbnailUrl":"https:\/\/buscoequipomedico.com\/wp-content\/uploads\/2020\/02\/electroestimulador-globus-genesy-1500-electroestimulador-top-profesional-completo-con-todas-las-corrientes-utilizadas-en-el-ambi.jpg","datePublished":"2020-02-18T07:33:48+00:00","dateModified":"2020-02-18T07:33:49+00:00","breadcrumb":{"@id":"https:\/\/buscoequipomedico.com\/?product=electroestimulador-globus-genesy-1500#breadcrumb"},"inLanguage":"es","potentialAction":[{"@type":"ReadAction","target":["https:\/\/buscoequipomedico.com\/?product=electroestimulador-globus-genesy-1500"]}]},{"@type":"ImageObject","inLanguage":"es","@id":"https:\/\/buscoequipomedico.com\/?product=electroestimulador-globus-genesy-1500#primaryimage","url":"https:\/\/buscoequipomedico.com\/wp-content\/uploads\/2020\/02\/electroestimulador-globus-genesy-1500-electroestimulador-top-profesional-completo-con-todas-las-corrientes-utilizadas-en-el-ambi.jpg","contentUrl":"https:\/\/buscoequipomedico.com\/wp-content\/uploads\/2020\/02\/electroestimulador-globus-genesy-1500-electroestimulador-top-profesional-completo-con-todas-las-corrientes-utilizadas-en-el-ambi.jpg","width":800,"height":800},{"@type":"BreadcrumbList","@id":"https:\/\/buscoequipomedico.com\/?product=electroestimulador-globus-genesy-1500#breadcrumb","itemListElement":[{"@type":"ListItem","position":1,"name":"Productos","item":"https:\/\/buscoequipomedico.com\/shop\/"},{"@type":"ListItem","position":2,"name":"ELECTROESTIMULADOR GLOBUS GENESY 1500"}]},{"@type":"WebSite","@id":"https:\/\/buscoequipomedico.com\/#website","url":"https:\/\/buscoequipomedico.com\/","name":"Tu mejor opci\u00f3n Equipo M\u00e9dico M\u00e9xico","description":"Tienda de equipo m\u00e9dico","publisher":{"@id":"https:\/\/buscoequipomedico.com\/#organization"},"potentialAction":[{"@type":"SearchAction","target":{"@type":"EntryPoint","urlTemplate":"https:\/\/buscoequipomedico.com\/?s={search_term_string}"},"query-input":{"@type":"PropertyValueSpecification","valueRequired":true,"valueName":"search_term_string"}}],"inLanguage":"es"},{"@type":"Organization","@id":"https:\/\/buscoequipomedico.com\/#organization","name":"Tu mejor opci\u00f3n Equipo M\u00e9dico M\u00e9xico","url":"https:\/\/buscoequipomedico.com\/","logo":{"@type":"ImageObject","inLanguage":"es","@id":"https:\/\/buscoequipomedico.com\/#\/schema\/logo\/image\/","url":"https:\/\/buscoequipomedico.com\/wp-content\/uploads\/2021\/07\/EMM-VPrincipal-scaled.jpg","contentUrl":"https:\/\/buscoequipomedico.com\/wp-content\/uploads\/2021\/07\/EMM-VPrincipal-scaled.jpg","width":2560,"height":1058,"caption":"Tu mejor opci\u00f3n Equipo M\u00e9dico M\u00e9xico"},"image":{"@id":"https:\/\/buscoequipomedico.com\/#\/schema\/logo\/image\/"}}]}},"_links":{"self":[{"href":"https:\/\/buscoequipomedico.com\/index.php?rest_route=\/wp\/v2\/product\/11783","targetHints":{"allow":["GET"]}}],"collection":[{"href":"https:\/\/buscoequipomedico.com\/index.php?rest_route=\/wp\/v2\/product"}],"about":[{"href":"https:\/\/buscoequipomedico.com\/index.php?rest_route=\/wp\/v2\/types\/product"}],"wp:featuredmedia":[{"embeddable":true,"href":"https:\/\/buscoequipomedico.com\/index.php?rest_route=\/wp\/v2\/media\/11784"}],"wp:attachment":[{"href":"https:\/\/buscoequipomedico.com\/index.php?rest_route=%2Fwp%2Fv2%2Fmedia&parent=11783"}],"wp:term":[{"taxonomy":"product_brand","embeddable":true,"href":"https:\/\/buscoequipomedico.com\/index.php?rest_route=%2Fwp%2Fv2%2Fproduct_brand&post=11783"},{"taxonomy":"product_cat","embeddable":true,"href":"https:\/\/buscoequipomedico.com\/index.php?rest_route=%2Fwp%2Fv2%2Fproduct_cat&post=11783"},{"taxonomy":"product_tag","embeddable":true,"href":"https:\/\/buscoequipomedico.com\/index.php?rest_route=%2Fwp%2Fv2%2Fproduct_tag&post=11783"}],"curies":[{"name":"wp","href":"https:\/\/api.w.org\/{rel}","templated":true}]}}