{"id":11791,"date":"2020-02-18T07:33:48","date_gmt":"2020-02-18T07:33:48","guid":{"rendered":"https:\/\/equipomedicomexico-com.preview-domain.com\/product\/electroestimulador-tens-ems-2-canales\/"},"modified":"2020-02-18T07:33:50","modified_gmt":"2020-02-18T07:33:50","slug":"electroestimulador-tens-ems-2-canales","status":"publish","type":"product","link":"https:\/\/buscoequipomedico.com\/?product=electroestimulador-tens-ems-2-canales","title":{"rendered":"ELECTROESTIMULADOR TENS\/EMS 2 CANALES"},"content":{"rendered":"<p>3 en 1: TENS (nervios, dolor), EMS (m\u00fasculos), masaje (relajaci\u00f3n)<\/p>\n<\/p>\n<p>4 electrodos autoadhesivos (2 canales regulables por separado)<\/p>\n<\/p>\n<p>30 aplicaciones preprogramadas (TENS\/EMS\/masaje)<\/p>\n<\/p>\n<p>20 programas individualizables (TENS\/EMS)<\/p>\n<\/p>\n<p>Funci\u00f3n de doctor: para una coordinaci\u00f3n ideal con su terapia personal<\/p>\n<\/p>\n<p>Tiempo de tratamiento ajustable (5 &#8211; 90 minutos)<\/p>\n<\/p>\n<p>Indicador con iluminaci\u00f3n y de f\u00e1cil lectura<\/p>\n<\/p>\n<p>Dise\u00f1o ergon\u00f3mico<\/p>\n<\/p>\n<p>Clip para el cintur\u00f3n<\/p>\n<\/p>\n<p>Interruptor de seguridad<\/p>\n<\/p>\n<p>Corriente de salida: m\u00e1x. 180 mA p-p (500 ohmios)<\/p>\n<\/p>\n<p>Frecuencia de salida: 1 &#8211; 120 Hz<\/p>\n<\/p>\n<p>Ancho del pulso: 40 &#8211; 250 \u00b5s por fase<\/p>\n<\/p>\n<p>Forma del pulso: pulsos cuadrados de dos fases<\/p>\n<\/p>\n<p>Con instrucciones de uso detalladas (posibilidades de utilizaci\u00f3n incluidas)<\/p>\n<\/p>\n<p>Incluye 3 pilas AAA<\/p>\n<\/p>\n<p>Bolsa pr\u00e1ctica para su resguardo<\/p><\/p>\n","protected":false},"excerpt":{"rendered":"<p>TENS (estimulaci\u00f3n nerviosa transcut\u00e1nea) &#8211; para aliviar los dolores sin medicamentos ni efectos secundarios<\/p>\n<\/p>\n<p>EMS (electroestimulaci\u00f3n muscular) &#8211; para el entrenamiento y la regeneraci\u00f3n muscular<\/p>\n<\/p>\n<p>Masaje &#8211; para la relajaci\u00f3n y el bienestar<\/p><\/p>\n","protected":false},"featured_media":11792,"template":"","meta":{"_joinchat":[]},"product_brand":[],"product_cat":[237],"product_tag":[],"class_list":{"0":"post-11791","1":"product","2":"type-product","3":"status-publish","4":"has-post-thumbnail","6":"product_cat-electroestimuladores","7":"pa_marca-beurer","9":"first","10":"instock","11":"purchasable","12":"product-type-simple"},"yoast_head":"<!-- This site is optimized with the Yoast SEO plugin v25.1 - https:\/\/yoast.com\/wordpress\/plugins\/seo\/ -->\n<title>ELECTROESTIMULADOR TENS\/EMS 2 CANALES - Tu mejor opci\u00f3n Equipo M\u00e9dico M\u00e9xico<\/title>\n<meta name=\"robots\" content=\"index, follow, max-snippet:-1, max-image-preview:large, max-video-preview:-1\" \/>\n<link rel=\"canonical\" href=\"https:\/\/buscoequipomedico.com\/?product=electroestimulador-tens-ems-2-canales\" \/>\n<meta property=\"og:locale\" content=\"es_ES\" \/>\n<meta property=\"og:type\" content=\"article\" \/>\n<meta property=\"og:title\" content=\"ELECTROESTIMULADOR TENS\/EMS 2 CANALES - Tu mejor opci\u00f3n Equipo M\u00e9dico M\u00e9xico\" \/>\n<meta property=\"og:description\" content=\"TENS (estimulaci\u00f3n nerviosa transcut\u00e1nea) - para aliviar los dolores sin medicamentos ni efectos secundarios EMS (electroestimulaci\u00f3n muscular) - para el entrenamiento y la regeneraci\u00f3n muscular Masaje - para la relajaci\u00f3n y el bienestar\" \/>\n<meta property=\"og:url\" content=\"https:\/\/buscoequipomedico.com\/?product=electroestimulador-tens-ems-2-canales\" \/>\n<meta property=\"og:site_name\" content=\"Tu mejor opci\u00f3n Equipo M\u00e9dico M\u00e9xico\" \/>\n<meta property=\"article:modified_time\" content=\"2020-02-18T07:33:50+00:00\" \/>\n<meta property=\"og:image\" content=\"https:\/\/buscoequipomedico.com\/wp-content\/uploads\/2020\/02\/electroestimulador-tens-ems-2-canales-tens-estimulacion-nerviosa-transcutanea-para-aliviar-los-dolores-sin-medicamentos-ni-efect.jpg\" \/>\n\t<meta property=\"og:image:width\" content=\"800\" \/>\n\t<meta property=\"og:image:height\" content=\"800\" \/>\n\t<meta property=\"og:image:type\" content=\"image\/png\" \/>\n<meta name=\"twitter:card\" content=\"summary_large_image\" \/>\n<meta name=\"twitter:label1\" content=\"Tiempo de lectura\" \/>\n\t<meta name=\"twitter:data1\" content=\"1 minuto\" \/>\n<script type=\"application\/ld+json\" class=\"yoast-schema-graph\">{\"@context\":\"https:\/\/schema.org\",\"@graph\":[{\"@type\":\"WebPage\",\"@id\":\"https:\/\/buscoequipomedico.com\/?product=electroestimulador-tens-ems-2-canales\",\"url\":\"https:\/\/buscoequipomedico.com\/?product=electroestimulador-tens-ems-2-canales\",\"name\":\"ELECTROESTIMULADOR TENS\/EMS 2 CANALES - Tu mejor opci\u00f3n Equipo M\u00e9dico M\u00e9xico\",\"isPartOf\":{\"@id\":\"https:\/\/buscoequipomedico.com\/#website\"},\"primaryImageOfPage\":{\"@id\":\"https:\/\/buscoequipomedico.com\/?product=electroestimulador-tens-ems-2-canales#primaryimage\"},\"image\":{\"@id\":\"https:\/\/buscoequipomedico.com\/?product=electroestimulador-tens-ems-2-canales#primaryimage\"},\"thumbnailUrl\":\"https:\/\/buscoequipomedico.com\/wp-content\/uploads\/2020\/02\/electroestimulador-tens-ems-2-canales-tens-estimulacion-nerviosa-transcutanea-para-aliviar-los-dolores-sin-medicamentos-ni-efect.jpg\",\"datePublished\":\"2020-02-18T07:33:48+00:00\",\"dateModified\":\"2020-02-18T07:33:50+00:00\",\"breadcrumb\":{\"@id\":\"https:\/\/buscoequipomedico.com\/?product=electroestimulador-tens-ems-2-canales#breadcrumb\"},\"inLanguage\":\"es\",\"potentialAction\":[{\"@type\":\"ReadAction\",\"target\":[\"https:\/\/buscoequipomedico.com\/?product=electroestimulador-tens-ems-2-canales\"]}]},{\"@type\":\"ImageObject\",\"inLanguage\":\"es\",\"@id\":\"https:\/\/buscoequipomedico.com\/?product=electroestimulador-tens-ems-2-canales#primaryimage\",\"url\":\"https:\/\/buscoequipomedico.com\/wp-content\/uploads\/2020\/02\/electroestimulador-tens-ems-2-canales-tens-estimulacion-nerviosa-transcutanea-para-aliviar-los-dolores-sin-medicamentos-ni-efect.jpg\",\"contentUrl\":\"https:\/\/buscoequipomedico.com\/wp-content\/uploads\/2020\/02\/electroestimulador-tens-ems-2-canales-tens-estimulacion-nerviosa-transcutanea-para-aliviar-los-dolores-sin-medicamentos-ni-efect.jpg\",\"width\":800,\"height\":800},{\"@type\":\"BreadcrumbList\",\"@id\":\"https:\/\/buscoequipomedico.com\/?product=electroestimulador-tens-ems-2-canales#breadcrumb\",\"itemListElement\":[{\"@type\":\"ListItem\",\"position\":1,\"name\":\"Productos\",\"item\":\"https:\/\/buscoequipomedico.com\/shop\/\"},{\"@type\":\"ListItem\",\"position\":2,\"name\":\"ELECTROESTIMULADOR TENS\/EMS 2 CANALES\"}]},{\"@type\":\"WebSite\",\"@id\":\"https:\/\/buscoequipomedico.com\/#website\",\"url\":\"https:\/\/buscoequipomedico.com\/\",\"name\":\"Tu mejor opci\u00f3n Equipo M\u00e9dico M\u00e9xico\",\"description\":\"Tienda de equipo m\u00e9dico\",\"publisher\":{\"@id\":\"https:\/\/buscoequipomedico.com\/#organization\"},\"potentialAction\":[{\"@type\":\"SearchAction\",\"target\":{\"@type\":\"EntryPoint\",\"urlTemplate\":\"https:\/\/buscoequipomedico.com\/?s={search_term_string}\"},\"query-input\":{\"@type\":\"PropertyValueSpecification\",\"valueRequired\":true,\"valueName\":\"search_term_string\"}}],\"inLanguage\":\"es\"},{\"@type\":\"Organization\",\"@id\":\"https:\/\/buscoequipomedico.com\/#organization\",\"name\":\"Tu mejor opci\u00f3n Equipo M\u00e9dico M\u00e9xico\",\"url\":\"https:\/\/buscoequipomedico.com\/\",\"logo\":{\"@type\":\"ImageObject\",\"inLanguage\":\"es\",\"@id\":\"https:\/\/buscoequipomedico.com\/#\/schema\/logo\/image\/\",\"url\":\"https:\/\/buscoequipomedico.com\/wp-content\/uploads\/2021\/07\/EMM-VPrincipal-scaled.jpg\",\"contentUrl\":\"https:\/\/buscoequipomedico.com\/wp-content\/uploads\/2021\/07\/EMM-VPrincipal-scaled.jpg\",\"width\":2560,\"height\":1058,\"caption\":\"Tu mejor opci\u00f3n Equipo M\u00e9dico M\u00e9xico\"},\"image\":{\"@id\":\"https:\/\/buscoequipomedico.com\/#\/schema\/logo\/image\/\"}}]}<\/script>\n<!-- \/ Yoast SEO plugin. -->","yoast_head_json":{"title":"ELECTROESTIMULADOR TENS\/EMS 2 CANALES - Tu mejor opci\u00f3n Equipo M\u00e9dico M\u00e9xico","robots":{"index":"index","follow":"follow","max-snippet":"max-snippet:-1","max-image-preview":"max-image-preview:large","max-video-preview":"max-video-preview:-1"},"canonical":"https:\/\/buscoequipomedico.com\/?product=electroestimulador-tens-ems-2-canales","og_locale":"es_ES","og_type":"article","og_title":"ELECTROESTIMULADOR TENS\/EMS 2 CANALES - Tu mejor opci\u00f3n Equipo M\u00e9dico M\u00e9xico","og_description":"TENS (estimulaci\u00f3n nerviosa transcut\u00e1nea) - para aliviar los dolores sin medicamentos ni efectos secundarios EMS (electroestimulaci\u00f3n muscular) - para el entrenamiento y la regeneraci\u00f3n muscular Masaje - para la relajaci\u00f3n y el bienestar","og_url":"https:\/\/buscoequipomedico.com\/?product=electroestimulador-tens-ems-2-canales","og_site_name":"Tu mejor opci\u00f3n Equipo M\u00e9dico M\u00e9xico","article_modified_time":"2020-02-18T07:33:50+00:00","og_image":[{"width":800,"height":800,"url":"https:\/\/buscoequipomedico.com\/wp-content\/uploads\/2020\/02\/electroestimulador-tens-ems-2-canales-tens-estimulacion-nerviosa-transcutanea-para-aliviar-los-dolores-sin-medicamentos-ni-efect.jpg","type":"image\/png"}],"twitter_card":"summary_large_image","twitter_misc":{"Tiempo de lectura":"1 minuto"},"schema":{"@context":"https:\/\/schema.org","@graph":[{"@type":"WebPage","@id":"https:\/\/buscoequipomedico.com\/?product=electroestimulador-tens-ems-2-canales","url":"https:\/\/buscoequipomedico.com\/?product=electroestimulador-tens-ems-2-canales","name":"ELECTROESTIMULADOR TENS\/EMS 2 CANALES - Tu mejor opci\u00f3n Equipo M\u00e9dico M\u00e9xico","isPartOf":{"@id":"https:\/\/buscoequipomedico.com\/#website"},"primaryImageOfPage":{"@id":"https:\/\/buscoequipomedico.com\/?product=electroestimulador-tens-ems-2-canales#primaryimage"},"image":{"@id":"https:\/\/buscoequipomedico.com\/?product=electroestimulador-tens-ems-2-canales#primaryimage"},"thumbnailUrl":"https:\/\/buscoequipomedico.com\/wp-content\/uploads\/2020\/02\/electroestimulador-tens-ems-2-canales-tens-estimulacion-nerviosa-transcutanea-para-aliviar-los-dolores-sin-medicamentos-ni-efect.jpg","datePublished":"2020-02-18T07:33:48+00:00","dateModified":"2020-02-18T07:33:50+00:00","breadcrumb":{"@id":"https:\/\/buscoequipomedico.com\/?product=electroestimulador-tens-ems-2-canales#breadcrumb"},"inLanguage":"es","potentialAction":[{"@type":"ReadAction","target":["https:\/\/buscoequipomedico.com\/?product=electroestimulador-tens-ems-2-canales"]}]},{"@type":"ImageObject","inLanguage":"es","@id":"https:\/\/buscoequipomedico.com\/?product=electroestimulador-tens-ems-2-canales#primaryimage","url":"https:\/\/buscoequipomedico.com\/wp-content\/uploads\/2020\/02\/electroestimulador-tens-ems-2-canales-tens-estimulacion-nerviosa-transcutanea-para-aliviar-los-dolores-sin-medicamentos-ni-efect.jpg","contentUrl":"https:\/\/buscoequipomedico.com\/wp-content\/uploads\/2020\/02\/electroestimulador-tens-ems-2-canales-tens-estimulacion-nerviosa-transcutanea-para-aliviar-los-dolores-sin-medicamentos-ni-efect.jpg","width":800,"height":800},{"@type":"BreadcrumbList","@id":"https:\/\/buscoequipomedico.com\/?product=electroestimulador-tens-ems-2-canales#breadcrumb","itemListElement":[{"@type":"ListItem","position":1,"name":"Productos","item":"https:\/\/buscoequipomedico.com\/shop\/"},{"@type":"ListItem","position":2,"name":"ELECTROESTIMULADOR TENS\/EMS 2 CANALES"}]},{"@type":"WebSite","@id":"https:\/\/buscoequipomedico.com\/#website","url":"https:\/\/buscoequipomedico.com\/","name":"Tu mejor opci\u00f3n Equipo M\u00e9dico M\u00e9xico","description":"Tienda de equipo m\u00e9dico","publisher":{"@id":"https:\/\/buscoequipomedico.com\/#organization"},"potentialAction":[{"@type":"SearchAction","target":{"@type":"EntryPoint","urlTemplate":"https:\/\/buscoequipomedico.com\/?s={search_term_string}"},"query-input":{"@type":"PropertyValueSpecification","valueRequired":true,"valueName":"search_term_string"}}],"inLanguage":"es"},{"@type":"Organization","@id":"https:\/\/buscoequipomedico.com\/#organization","name":"Tu mejor opci\u00f3n Equipo M\u00e9dico M\u00e9xico","url":"https:\/\/buscoequipomedico.com\/","logo":{"@type":"ImageObject","inLanguage":"es","@id":"https:\/\/buscoequipomedico.com\/#\/schema\/logo\/image\/","url":"https:\/\/buscoequipomedico.com\/wp-content\/uploads\/2021\/07\/EMM-VPrincipal-scaled.jpg","contentUrl":"https:\/\/buscoequipomedico.com\/wp-content\/uploads\/2021\/07\/EMM-VPrincipal-scaled.jpg","width":2560,"height":1058,"caption":"Tu mejor opci\u00f3n Equipo M\u00e9dico M\u00e9xico"},"image":{"@id":"https:\/\/buscoequipomedico.com\/#\/schema\/logo\/image\/"}}]}},"_links":{"self":[{"href":"https:\/\/buscoequipomedico.com\/index.php?rest_route=\/wp\/v2\/product\/11791","targetHints":{"allow":["GET"]}}],"collection":[{"href":"https:\/\/buscoequipomedico.com\/index.php?rest_route=\/wp\/v2\/product"}],"about":[{"href":"https:\/\/buscoequipomedico.com\/index.php?rest_route=\/wp\/v2\/types\/product"}],"wp:featuredmedia":[{"embeddable":true,"href":"https:\/\/buscoequipomedico.com\/index.php?rest_route=\/wp\/v2\/media\/11792"}],"wp:attachment":[{"href":"https:\/\/buscoequipomedico.com\/index.php?rest_route=%2Fwp%2Fv2%2Fmedia&parent=11791"}],"wp:term":[{"taxonomy":"product_brand","embeddable":true,"href":"https:\/\/buscoequipomedico.com\/index.php?rest_route=%2Fwp%2Fv2%2Fproduct_brand&post=11791"},{"taxonomy":"product_cat","embeddable":true,"href":"https:\/\/buscoequipomedico.com\/index.php?rest_route=%2Fwp%2Fv2%2Fproduct_cat&post=11791"},{"taxonomy":"product_tag","embeddable":true,"href":"https:\/\/buscoequipomedico.com\/index.php?rest_route=%2Fwp%2Fv2%2Fproduct_tag&post=11791"}],"curies":[{"name":"wp","href":"https:\/\/api.w.org\/{rel}","templated":true}]}}