{"id":11795,"date":"2020-02-18T07:33:48","date_gmt":"2020-02-18T07:33:48","guid":{"rendered":"https:\/\/equipomedicomexico-com.preview-domain.com\/product\/endoscopio-veterinario-para-especies-grandes\/"},"modified":"2020-02-18T07:33:51","modified_gmt":"2020-02-18T07:33:51","slug":"endoscopio-veterinario-para-especies-grandes","status":"publish","type":"product","link":"https:\/\/buscoequipomedico.com\/?product=endoscopio-veterinario-para-especies-grandes","title":{"rendered":"ENDOSCOPIO VETERINARIO PARA ESPECIES GRANDES"},"content":{"rendered":"<p>Longitud de trabajo de 3.3m, adecuado para caballos, ganado, ballenas, delfines, etc. Examen del tracto digestivo animal o extracci\u00f3n de cuerpos extra\u00f1os.<\/p>\n<\/p>\n<p>Vista de campo 120\u00b0<\/p>\n<\/p>\n<p>Profundidad de vista 3-100mm<\/p>\n<\/p>\n<p>Rango de flexi\u00f3n de punta arriba\/abajo: 180\u00b0 izq\/der: 160\u00b0<\/p>\n<\/p>\n<p>Di\u00e1metro del tubo de inserci\u00f3n 12.9mm<\/p>\n<\/p>\n<p>Di\u00e1metro del tubo de inserci\u00f3n 12.9mm<\/p>\n<\/p>\n<p>Canal de trabajo 3.7mm<\/p>\n<\/p>\n<p>Longitud de trabajo 3300mm<\/p><\/p>\n","protected":false},"excerpt":{"rendered":"<p>Esta serie de endoscopios veterinarios adoptan la pantalla CCD de color Sony con 440k pixeles y gran sensibilidad para im\u00e1genes de alta definici\u00f3n.<\/p>\n","protected":false},"featured_media":11796,"template":"","meta":{"_joinchat":[]},"product_brand":[],"product_cat":[241],"product_tag":[],"class_list":{"0":"post-11795","1":"product","2":"type-product","3":"status-publish","4":"has-post-thumbnail","6":"product_cat-endoscopios","7":"pa_marca-shinova","9":"first","10":"instock","11":"purchasable","12":"product-type-simple"},"yoast_head":"<!-- This site is optimized with the Yoast SEO plugin v25.1 - https:\/\/yoast.com\/wordpress\/plugins\/seo\/ -->\n<title>ENDOSCOPIO VETERINARIO PARA ESPECIES GRANDES - Tu mejor opci\u00f3n Equipo M\u00e9dico M\u00e9xico<\/title>\n<meta name=\"robots\" content=\"index, follow, max-snippet:-1, max-image-preview:large, max-video-preview:-1\" \/>\n<link rel=\"canonical\" href=\"https:\/\/buscoequipomedico.com\/?product=endoscopio-veterinario-para-especies-grandes\" \/>\n<meta property=\"og:locale\" content=\"es_ES\" \/>\n<meta property=\"og:type\" content=\"article\" \/>\n<meta property=\"og:title\" content=\"ENDOSCOPIO VETERINARIO PARA ESPECIES GRANDES - Tu mejor opci\u00f3n Equipo M\u00e9dico M\u00e9xico\" \/>\n<meta property=\"og:description\" content=\"Esta serie de endoscopios veterinarios adoptan la pantalla CCD de color Sony con 440k pixeles y gran sensibilidad para im\u00e1genes de alta definici\u00f3n.\" \/>\n<meta property=\"og:url\" content=\"https:\/\/buscoequipomedico.com\/?product=endoscopio-veterinario-para-especies-grandes\" \/>\n<meta property=\"og:site_name\" content=\"Tu mejor opci\u00f3n Equipo M\u00e9dico M\u00e9xico\" \/>\n<meta property=\"article:modified_time\" content=\"2020-02-18T07:33:51+00:00\" \/>\n<meta property=\"og:image\" content=\"https:\/\/buscoequipomedico.com\/wp-content\/uploads\/2020\/02\/endoscopio-veterinario-para-especies-grandes-esta-serie-de-endoscopios-veterinarios-adoptan-la-pantalla-ccd-de-color-sony-con-44.jpg\" \/>\n\t<meta property=\"og:image:width\" content=\"800\" \/>\n\t<meta property=\"og:image:height\" content=\"800\" \/>\n\t<meta property=\"og:image:type\" content=\"image\/png\" \/>\n<meta name=\"twitter:card\" content=\"summary_large_image\" \/>\n<script type=\"application\/ld+json\" class=\"yoast-schema-graph\">{\"@context\":\"https:\/\/schema.org\",\"@graph\":[{\"@type\":\"WebPage\",\"@id\":\"https:\/\/buscoequipomedico.com\/?product=endoscopio-veterinario-para-especies-grandes\",\"url\":\"https:\/\/buscoequipomedico.com\/?product=endoscopio-veterinario-para-especies-grandes\",\"name\":\"ENDOSCOPIO VETERINARIO PARA ESPECIES GRANDES - Tu mejor opci\u00f3n Equipo M\u00e9dico M\u00e9xico\",\"isPartOf\":{\"@id\":\"https:\/\/buscoequipomedico.com\/#website\"},\"primaryImageOfPage\":{\"@id\":\"https:\/\/buscoequipomedico.com\/?product=endoscopio-veterinario-para-especies-grandes#primaryimage\"},\"image\":{\"@id\":\"https:\/\/buscoequipomedico.com\/?product=endoscopio-veterinario-para-especies-grandes#primaryimage\"},\"thumbnailUrl\":\"https:\/\/buscoequipomedico.com\/wp-content\/uploads\/2020\/02\/endoscopio-veterinario-para-especies-grandes-esta-serie-de-endoscopios-veterinarios-adoptan-la-pantalla-ccd-de-color-sony-con-44.jpg\",\"datePublished\":\"2020-02-18T07:33:48+00:00\",\"dateModified\":\"2020-02-18T07:33:51+00:00\",\"breadcrumb\":{\"@id\":\"https:\/\/buscoequipomedico.com\/?product=endoscopio-veterinario-para-especies-grandes#breadcrumb\"},\"inLanguage\":\"es\",\"potentialAction\":[{\"@type\":\"ReadAction\",\"target\":[\"https:\/\/buscoequipomedico.com\/?product=endoscopio-veterinario-para-especies-grandes\"]}]},{\"@type\":\"ImageObject\",\"inLanguage\":\"es\",\"@id\":\"https:\/\/buscoequipomedico.com\/?product=endoscopio-veterinario-para-especies-grandes#primaryimage\",\"url\":\"https:\/\/buscoequipomedico.com\/wp-content\/uploads\/2020\/02\/endoscopio-veterinario-para-especies-grandes-esta-serie-de-endoscopios-veterinarios-adoptan-la-pantalla-ccd-de-color-sony-con-44.jpg\",\"contentUrl\":\"https:\/\/buscoequipomedico.com\/wp-content\/uploads\/2020\/02\/endoscopio-veterinario-para-especies-grandes-esta-serie-de-endoscopios-veterinarios-adoptan-la-pantalla-ccd-de-color-sony-con-44.jpg\",\"width\":800,\"height\":800},{\"@type\":\"BreadcrumbList\",\"@id\":\"https:\/\/buscoequipomedico.com\/?product=endoscopio-veterinario-para-especies-grandes#breadcrumb\",\"itemListElement\":[{\"@type\":\"ListItem\",\"position\":1,\"name\":\"Productos\",\"item\":\"https:\/\/buscoequipomedico.com\/shop\/\"},{\"@type\":\"ListItem\",\"position\":2,\"name\":\"ENDOSCOPIO VETERINARIO PARA ESPECIES GRANDES\"}]},{\"@type\":\"WebSite\",\"@id\":\"https:\/\/buscoequipomedico.com\/#website\",\"url\":\"https:\/\/buscoequipomedico.com\/\",\"name\":\"Tu mejor opci\u00f3n Equipo M\u00e9dico M\u00e9xico\",\"description\":\"Tienda de equipo m\u00e9dico\",\"publisher\":{\"@id\":\"https:\/\/buscoequipomedico.com\/#organization\"},\"potentialAction\":[{\"@type\":\"SearchAction\",\"target\":{\"@type\":\"EntryPoint\",\"urlTemplate\":\"https:\/\/buscoequipomedico.com\/?s={search_term_string}\"},\"query-input\":{\"@type\":\"PropertyValueSpecification\",\"valueRequired\":true,\"valueName\":\"search_term_string\"}}],\"inLanguage\":\"es\"},{\"@type\":\"Organization\",\"@id\":\"https:\/\/buscoequipomedico.com\/#organization\",\"name\":\"Tu mejor opci\u00f3n Equipo M\u00e9dico M\u00e9xico\",\"url\":\"https:\/\/buscoequipomedico.com\/\",\"logo\":{\"@type\":\"ImageObject\",\"inLanguage\":\"es\",\"@id\":\"https:\/\/buscoequipomedico.com\/#\/schema\/logo\/image\/\",\"url\":\"https:\/\/buscoequipomedico.com\/wp-content\/uploads\/2021\/07\/EMM-VPrincipal-scaled.jpg\",\"contentUrl\":\"https:\/\/buscoequipomedico.com\/wp-content\/uploads\/2021\/07\/EMM-VPrincipal-scaled.jpg\",\"width\":2560,\"height\":1058,\"caption\":\"Tu mejor opci\u00f3n Equipo M\u00e9dico M\u00e9xico\"},\"image\":{\"@id\":\"https:\/\/buscoequipomedico.com\/#\/schema\/logo\/image\/\"}}]}<\/script>\n<!-- \/ Yoast SEO plugin. -->","yoast_head_json":{"title":"ENDOSCOPIO VETERINARIO PARA ESPECIES GRANDES - Tu mejor opci\u00f3n Equipo M\u00e9dico M\u00e9xico","robots":{"index":"index","follow":"follow","max-snippet":"max-snippet:-1","max-image-preview":"max-image-preview:large","max-video-preview":"max-video-preview:-1"},"canonical":"https:\/\/buscoequipomedico.com\/?product=endoscopio-veterinario-para-especies-grandes","og_locale":"es_ES","og_type":"article","og_title":"ENDOSCOPIO VETERINARIO PARA ESPECIES GRANDES - Tu mejor opci\u00f3n Equipo M\u00e9dico M\u00e9xico","og_description":"Esta serie de endoscopios veterinarios adoptan la pantalla CCD de color Sony con 440k pixeles y gran sensibilidad para im\u00e1genes de alta definici\u00f3n.","og_url":"https:\/\/buscoequipomedico.com\/?product=endoscopio-veterinario-para-especies-grandes","og_site_name":"Tu mejor opci\u00f3n Equipo M\u00e9dico M\u00e9xico","article_modified_time":"2020-02-18T07:33:51+00:00","og_image":[{"width":800,"height":800,"url":"https:\/\/buscoequipomedico.com\/wp-content\/uploads\/2020\/02\/endoscopio-veterinario-para-especies-grandes-esta-serie-de-endoscopios-veterinarios-adoptan-la-pantalla-ccd-de-color-sony-con-44.jpg","type":"image\/png"}],"twitter_card":"summary_large_image","schema":{"@context":"https:\/\/schema.org","@graph":[{"@type":"WebPage","@id":"https:\/\/buscoequipomedico.com\/?product=endoscopio-veterinario-para-especies-grandes","url":"https:\/\/buscoequipomedico.com\/?product=endoscopio-veterinario-para-especies-grandes","name":"ENDOSCOPIO VETERINARIO PARA ESPECIES GRANDES - Tu mejor opci\u00f3n Equipo M\u00e9dico M\u00e9xico","isPartOf":{"@id":"https:\/\/buscoequipomedico.com\/#website"},"primaryImageOfPage":{"@id":"https:\/\/buscoequipomedico.com\/?product=endoscopio-veterinario-para-especies-grandes#primaryimage"},"image":{"@id":"https:\/\/buscoequipomedico.com\/?product=endoscopio-veterinario-para-especies-grandes#primaryimage"},"thumbnailUrl":"https:\/\/buscoequipomedico.com\/wp-content\/uploads\/2020\/02\/endoscopio-veterinario-para-especies-grandes-esta-serie-de-endoscopios-veterinarios-adoptan-la-pantalla-ccd-de-color-sony-con-44.jpg","datePublished":"2020-02-18T07:33:48+00:00","dateModified":"2020-02-18T07:33:51+00:00","breadcrumb":{"@id":"https:\/\/buscoequipomedico.com\/?product=endoscopio-veterinario-para-especies-grandes#breadcrumb"},"inLanguage":"es","potentialAction":[{"@type":"ReadAction","target":["https:\/\/buscoequipomedico.com\/?product=endoscopio-veterinario-para-especies-grandes"]}]},{"@type":"ImageObject","inLanguage":"es","@id":"https:\/\/buscoequipomedico.com\/?product=endoscopio-veterinario-para-especies-grandes#primaryimage","url":"https:\/\/buscoequipomedico.com\/wp-content\/uploads\/2020\/02\/endoscopio-veterinario-para-especies-grandes-esta-serie-de-endoscopios-veterinarios-adoptan-la-pantalla-ccd-de-color-sony-con-44.jpg","contentUrl":"https:\/\/buscoequipomedico.com\/wp-content\/uploads\/2020\/02\/endoscopio-veterinario-para-especies-grandes-esta-serie-de-endoscopios-veterinarios-adoptan-la-pantalla-ccd-de-color-sony-con-44.jpg","width":800,"height":800},{"@type":"BreadcrumbList","@id":"https:\/\/buscoequipomedico.com\/?product=endoscopio-veterinario-para-especies-grandes#breadcrumb","itemListElement":[{"@type":"ListItem","position":1,"name":"Productos","item":"https:\/\/buscoequipomedico.com\/shop\/"},{"@type":"ListItem","position":2,"name":"ENDOSCOPIO VETERINARIO PARA ESPECIES GRANDES"}]},{"@type":"WebSite","@id":"https:\/\/buscoequipomedico.com\/#website","url":"https:\/\/buscoequipomedico.com\/","name":"Tu mejor opci\u00f3n Equipo M\u00e9dico M\u00e9xico","description":"Tienda de equipo m\u00e9dico","publisher":{"@id":"https:\/\/buscoequipomedico.com\/#organization"},"potentialAction":[{"@type":"SearchAction","target":{"@type":"EntryPoint","urlTemplate":"https:\/\/buscoequipomedico.com\/?s={search_term_string}"},"query-input":{"@type":"PropertyValueSpecification","valueRequired":true,"valueName":"search_term_string"}}],"inLanguage":"es"},{"@type":"Organization","@id":"https:\/\/buscoequipomedico.com\/#organization","name":"Tu mejor opci\u00f3n Equipo M\u00e9dico M\u00e9xico","url":"https:\/\/buscoequipomedico.com\/","logo":{"@type":"ImageObject","inLanguage":"es","@id":"https:\/\/buscoequipomedico.com\/#\/schema\/logo\/image\/","url":"https:\/\/buscoequipomedico.com\/wp-content\/uploads\/2021\/07\/EMM-VPrincipal-scaled.jpg","contentUrl":"https:\/\/buscoequipomedico.com\/wp-content\/uploads\/2021\/07\/EMM-VPrincipal-scaled.jpg","width":2560,"height":1058,"caption":"Tu mejor opci\u00f3n Equipo M\u00e9dico M\u00e9xico"},"image":{"@id":"https:\/\/buscoequipomedico.com\/#\/schema\/logo\/image\/"}}]}},"_links":{"self":[{"href":"https:\/\/buscoequipomedico.com\/index.php?rest_route=\/wp\/v2\/product\/11795","targetHints":{"allow":["GET"]}}],"collection":[{"href":"https:\/\/buscoequipomedico.com\/index.php?rest_route=\/wp\/v2\/product"}],"about":[{"href":"https:\/\/buscoequipomedico.com\/index.php?rest_route=\/wp\/v2\/types\/product"}],"wp:featuredmedia":[{"embeddable":true,"href":"https:\/\/buscoequipomedico.com\/index.php?rest_route=\/wp\/v2\/media\/11796"}],"wp:attachment":[{"href":"https:\/\/buscoequipomedico.com\/index.php?rest_route=%2Fwp%2Fv2%2Fmedia&parent=11795"}],"wp:term":[{"taxonomy":"product_brand","embeddable":true,"href":"https:\/\/buscoequipomedico.com\/index.php?rest_route=%2Fwp%2Fv2%2Fproduct_brand&post=11795"},{"taxonomy":"product_cat","embeddable":true,"href":"https:\/\/buscoequipomedico.com\/index.php?rest_route=%2Fwp%2Fv2%2Fproduct_cat&post=11795"},{"taxonomy":"product_tag","embeddable":true,"href":"https:\/\/buscoequipomedico.com\/index.php?rest_route=%2Fwp%2Fv2%2Fproduct_tag&post=11795"}],"curies":[{"name":"wp","href":"https:\/\/api.w.org\/{rel}","templated":true}]}}