{"id":11803,"date":"2020-02-18T07:33:48","date_gmt":"2020-02-18T07:33:48","guid":{"rendered":"https:\/\/equipomedicomexico-com.preview-domain.com\/product\/tanque-de-oxigeno-m150-4248-lts\/"},"modified":"2020-02-18T07:33:52","modified_gmt":"2020-02-18T07:33:52","slug":"tanque-de-oxigeno-m150-4248-lts","status":"publish","type":"product","link":"https:\/\/buscoequipomedico.com\/?product=tanque-de-oxigeno-m150-4248-lts","title":{"rendered":"TANQUE DE OX\u00cdGENO M150 4248 LTS."},"content":{"rendered":"<ul>\n<li><span>Regulador de .12 a 15 LPM.<\/span><\/li>\n<li><span>C\u00e1nula nasal.\u00a0 \u00a0 \u00a0 \u00a0<\/span><\/li>\n<li>\n<span><\/span><\/p>\n<p>\u00a0<\/p>\n<p>Vaso humidificador.<\/li>\n<\/ul>\n","protected":false},"excerpt":{"rendered":"<ul>\n<li>Capacidad de 4,248 litros.<\/li>\n<li>Cilindro de aluminio para ox\u00edgeno medicinal, con v\u00e1lvula CGA 540.<\/li>\n<\/ul>\n","protected":false},"featured_media":11804,"template":"","meta":{"_joinchat":[]},"product_brand":[],"product_cat":[243],"product_tag":[],"class_list":{"0":"post-11803","1":"product","2":"type-product","3":"status-publish","4":"has-post-thumbnail","6":"product_cat-equipos-completos-de-oxigeno","7":"pa_marca-oxiplus","9":"first","10":"instock","11":"purchasable","12":"product-type-simple"},"yoast_head":"<!-- This site is optimized with the Yoast SEO plugin v25.1 - https:\/\/yoast.com\/wordpress\/plugins\/seo\/ -->\n<title>TANQUE DE OX\u00cdGENO M150 4248 LTS. - Tu mejor opci\u00f3n Equipo M\u00e9dico M\u00e9xico<\/title>\n<meta name=\"robots\" content=\"index, follow, max-snippet:-1, max-image-preview:large, max-video-preview:-1\" \/>\n<link rel=\"canonical\" href=\"https:\/\/buscoequipomedico.com\/?product=tanque-de-oxigeno-m150-4248-lts\" \/>\n<meta property=\"og:locale\" content=\"es_ES\" \/>\n<meta property=\"og:type\" content=\"article\" \/>\n<meta property=\"og:title\" content=\"TANQUE DE OX\u00cdGENO M150 4248 LTS. - Tu mejor opci\u00f3n Equipo M\u00e9dico M\u00e9xico\" \/>\n<meta property=\"og:description\" content=\"Capacidad de 4,248 litros. Cilindro de aluminio para ox\u00edgeno medicinal, con v\u00e1lvula CGA 540.\" \/>\n<meta property=\"og:url\" content=\"https:\/\/buscoequipomedico.com\/?product=tanque-de-oxigeno-m150-4248-lts\" \/>\n<meta property=\"og:site_name\" content=\"Tu mejor opci\u00f3n Equipo M\u00e9dico M\u00e9xico\" \/>\n<meta property=\"article:modified_time\" content=\"2020-02-18T07:33:52+00:00\" \/>\n<meta property=\"og:image\" content=\"https:\/\/buscoequipomedico.com\/wp-content\/uploads\/2020\/02\/tanque-de-oxigeno-m150-4248-lts-capacidad-de-4248-litros-cilindro-de-aluminio-para-oxigeno-medicinal-con-valvula-cga-540.jpg\" \/>\n\t<meta property=\"og:image:width\" content=\"800\" \/>\n\t<meta property=\"og:image:height\" content=\"800\" \/>\n\t<meta property=\"og:image:type\" content=\"image\/png\" \/>\n<meta name=\"twitter:card\" content=\"summary_large_image\" \/>\n<script type=\"application\/ld+json\" class=\"yoast-schema-graph\">{\"@context\":\"https:\/\/schema.org\",\"@graph\":[{\"@type\":\"WebPage\",\"@id\":\"https:\/\/buscoequipomedico.com\/?product=tanque-de-oxigeno-m150-4248-lts\",\"url\":\"https:\/\/buscoequipomedico.com\/?product=tanque-de-oxigeno-m150-4248-lts\",\"name\":\"TANQUE DE OX\u00cdGENO M150 4248 LTS. - Tu mejor opci\u00f3n Equipo M\u00e9dico M\u00e9xico\",\"isPartOf\":{\"@id\":\"https:\/\/buscoequipomedico.com\/#website\"},\"primaryImageOfPage\":{\"@id\":\"https:\/\/buscoequipomedico.com\/?product=tanque-de-oxigeno-m150-4248-lts#primaryimage\"},\"image\":{\"@id\":\"https:\/\/buscoequipomedico.com\/?product=tanque-de-oxigeno-m150-4248-lts#primaryimage\"},\"thumbnailUrl\":\"https:\/\/buscoequipomedico.com\/wp-content\/uploads\/2020\/02\/tanque-de-oxigeno-m150-4248-lts-capacidad-de-4248-litros-cilindro-de-aluminio-para-oxigeno-medicinal-con-valvula-cga-540.jpg\",\"datePublished\":\"2020-02-18T07:33:48+00:00\",\"dateModified\":\"2020-02-18T07:33:52+00:00\",\"breadcrumb\":{\"@id\":\"https:\/\/buscoequipomedico.com\/?product=tanque-de-oxigeno-m150-4248-lts#breadcrumb\"},\"inLanguage\":\"es\",\"potentialAction\":[{\"@type\":\"ReadAction\",\"target\":[\"https:\/\/buscoequipomedico.com\/?product=tanque-de-oxigeno-m150-4248-lts\"]}]},{\"@type\":\"ImageObject\",\"inLanguage\":\"es\",\"@id\":\"https:\/\/buscoequipomedico.com\/?product=tanque-de-oxigeno-m150-4248-lts#primaryimage\",\"url\":\"https:\/\/buscoequipomedico.com\/wp-content\/uploads\/2020\/02\/tanque-de-oxigeno-m150-4248-lts-capacidad-de-4248-litros-cilindro-de-aluminio-para-oxigeno-medicinal-con-valvula-cga-540.jpg\",\"contentUrl\":\"https:\/\/buscoequipomedico.com\/wp-content\/uploads\/2020\/02\/tanque-de-oxigeno-m150-4248-lts-capacidad-de-4248-litros-cilindro-de-aluminio-para-oxigeno-medicinal-con-valvula-cga-540.jpg\",\"width\":800,\"height\":800},{\"@type\":\"BreadcrumbList\",\"@id\":\"https:\/\/buscoequipomedico.com\/?product=tanque-de-oxigeno-m150-4248-lts#breadcrumb\",\"itemListElement\":[{\"@type\":\"ListItem\",\"position\":1,\"name\":\"Productos\",\"item\":\"https:\/\/buscoequipomedico.com\/shop\/\"},{\"@type\":\"ListItem\",\"position\":2,\"name\":\"TANQUE DE OX\u00cdGENO M150 4248 LTS.\"}]},{\"@type\":\"WebSite\",\"@id\":\"https:\/\/buscoequipomedico.com\/#website\",\"url\":\"https:\/\/buscoequipomedico.com\/\",\"name\":\"Tu mejor opci\u00f3n Equipo M\u00e9dico M\u00e9xico\",\"description\":\"Tienda de equipo m\u00e9dico\",\"publisher\":{\"@id\":\"https:\/\/buscoequipomedico.com\/#organization\"},\"potentialAction\":[{\"@type\":\"SearchAction\",\"target\":{\"@type\":\"EntryPoint\",\"urlTemplate\":\"https:\/\/buscoequipomedico.com\/?s={search_term_string}\"},\"query-input\":{\"@type\":\"PropertyValueSpecification\",\"valueRequired\":true,\"valueName\":\"search_term_string\"}}],\"inLanguage\":\"es\"},{\"@type\":\"Organization\",\"@id\":\"https:\/\/buscoequipomedico.com\/#organization\",\"name\":\"Tu mejor opci\u00f3n Equipo M\u00e9dico M\u00e9xico\",\"url\":\"https:\/\/buscoequipomedico.com\/\",\"logo\":{\"@type\":\"ImageObject\",\"inLanguage\":\"es\",\"@id\":\"https:\/\/buscoequipomedico.com\/#\/schema\/logo\/image\/\",\"url\":\"https:\/\/buscoequipomedico.com\/wp-content\/uploads\/2021\/07\/EMM-VPrincipal-scaled.jpg\",\"contentUrl\":\"https:\/\/buscoequipomedico.com\/wp-content\/uploads\/2021\/07\/EMM-VPrincipal-scaled.jpg\",\"width\":2560,\"height\":1058,\"caption\":\"Tu mejor opci\u00f3n Equipo M\u00e9dico M\u00e9xico\"},\"image\":{\"@id\":\"https:\/\/buscoequipomedico.com\/#\/schema\/logo\/image\/\"}}]}<\/script>\n<!-- \/ Yoast SEO plugin. -->","yoast_head_json":{"title":"TANQUE DE OX\u00cdGENO M150 4248 LTS. - Tu mejor opci\u00f3n Equipo M\u00e9dico M\u00e9xico","robots":{"index":"index","follow":"follow","max-snippet":"max-snippet:-1","max-image-preview":"max-image-preview:large","max-video-preview":"max-video-preview:-1"},"canonical":"https:\/\/buscoequipomedico.com\/?product=tanque-de-oxigeno-m150-4248-lts","og_locale":"es_ES","og_type":"article","og_title":"TANQUE DE OX\u00cdGENO M150 4248 LTS. - Tu mejor opci\u00f3n Equipo M\u00e9dico M\u00e9xico","og_description":"Capacidad de 4,248 litros. Cilindro de aluminio para ox\u00edgeno medicinal, con v\u00e1lvula CGA 540.","og_url":"https:\/\/buscoequipomedico.com\/?product=tanque-de-oxigeno-m150-4248-lts","og_site_name":"Tu mejor opci\u00f3n Equipo M\u00e9dico M\u00e9xico","article_modified_time":"2020-02-18T07:33:52+00:00","og_image":[{"width":800,"height":800,"url":"https:\/\/buscoequipomedico.com\/wp-content\/uploads\/2020\/02\/tanque-de-oxigeno-m150-4248-lts-capacidad-de-4248-litros-cilindro-de-aluminio-para-oxigeno-medicinal-con-valvula-cga-540.jpg","type":"image\/png"}],"twitter_card":"summary_large_image","schema":{"@context":"https:\/\/schema.org","@graph":[{"@type":"WebPage","@id":"https:\/\/buscoequipomedico.com\/?product=tanque-de-oxigeno-m150-4248-lts","url":"https:\/\/buscoequipomedico.com\/?product=tanque-de-oxigeno-m150-4248-lts","name":"TANQUE DE OX\u00cdGENO M150 4248 LTS. - Tu mejor opci\u00f3n Equipo M\u00e9dico M\u00e9xico","isPartOf":{"@id":"https:\/\/buscoequipomedico.com\/#website"},"primaryImageOfPage":{"@id":"https:\/\/buscoequipomedico.com\/?product=tanque-de-oxigeno-m150-4248-lts#primaryimage"},"image":{"@id":"https:\/\/buscoequipomedico.com\/?product=tanque-de-oxigeno-m150-4248-lts#primaryimage"},"thumbnailUrl":"https:\/\/buscoequipomedico.com\/wp-content\/uploads\/2020\/02\/tanque-de-oxigeno-m150-4248-lts-capacidad-de-4248-litros-cilindro-de-aluminio-para-oxigeno-medicinal-con-valvula-cga-540.jpg","datePublished":"2020-02-18T07:33:48+00:00","dateModified":"2020-02-18T07:33:52+00:00","breadcrumb":{"@id":"https:\/\/buscoequipomedico.com\/?product=tanque-de-oxigeno-m150-4248-lts#breadcrumb"},"inLanguage":"es","potentialAction":[{"@type":"ReadAction","target":["https:\/\/buscoequipomedico.com\/?product=tanque-de-oxigeno-m150-4248-lts"]}]},{"@type":"ImageObject","inLanguage":"es","@id":"https:\/\/buscoequipomedico.com\/?product=tanque-de-oxigeno-m150-4248-lts#primaryimage","url":"https:\/\/buscoequipomedico.com\/wp-content\/uploads\/2020\/02\/tanque-de-oxigeno-m150-4248-lts-capacidad-de-4248-litros-cilindro-de-aluminio-para-oxigeno-medicinal-con-valvula-cga-540.jpg","contentUrl":"https:\/\/buscoequipomedico.com\/wp-content\/uploads\/2020\/02\/tanque-de-oxigeno-m150-4248-lts-capacidad-de-4248-litros-cilindro-de-aluminio-para-oxigeno-medicinal-con-valvula-cga-540.jpg","width":800,"height":800},{"@type":"BreadcrumbList","@id":"https:\/\/buscoequipomedico.com\/?product=tanque-de-oxigeno-m150-4248-lts#breadcrumb","itemListElement":[{"@type":"ListItem","position":1,"name":"Productos","item":"https:\/\/buscoequipomedico.com\/shop\/"},{"@type":"ListItem","position":2,"name":"TANQUE DE OX\u00cdGENO M150 4248 LTS."}]},{"@type":"WebSite","@id":"https:\/\/buscoequipomedico.com\/#website","url":"https:\/\/buscoequipomedico.com\/","name":"Tu mejor opci\u00f3n Equipo M\u00e9dico M\u00e9xico","description":"Tienda de equipo m\u00e9dico","publisher":{"@id":"https:\/\/buscoequipomedico.com\/#organization"},"potentialAction":[{"@type":"SearchAction","target":{"@type":"EntryPoint","urlTemplate":"https:\/\/buscoequipomedico.com\/?s={search_term_string}"},"query-input":{"@type":"PropertyValueSpecification","valueRequired":true,"valueName":"search_term_string"}}],"inLanguage":"es"},{"@type":"Organization","@id":"https:\/\/buscoequipomedico.com\/#organization","name":"Tu mejor opci\u00f3n Equipo M\u00e9dico M\u00e9xico","url":"https:\/\/buscoequipomedico.com\/","logo":{"@type":"ImageObject","inLanguage":"es","@id":"https:\/\/buscoequipomedico.com\/#\/schema\/logo\/image\/","url":"https:\/\/buscoequipomedico.com\/wp-content\/uploads\/2021\/07\/EMM-VPrincipal-scaled.jpg","contentUrl":"https:\/\/buscoequipomedico.com\/wp-content\/uploads\/2021\/07\/EMM-VPrincipal-scaled.jpg","width":2560,"height":1058,"caption":"Tu mejor opci\u00f3n Equipo M\u00e9dico M\u00e9xico"},"image":{"@id":"https:\/\/buscoequipomedico.com\/#\/schema\/logo\/image\/"}}]}},"_links":{"self":[{"href":"https:\/\/buscoequipomedico.com\/index.php?rest_route=\/wp\/v2\/product\/11803","targetHints":{"allow":["GET"]}}],"collection":[{"href":"https:\/\/buscoequipomedico.com\/index.php?rest_route=\/wp\/v2\/product"}],"about":[{"href":"https:\/\/buscoequipomedico.com\/index.php?rest_route=\/wp\/v2\/types\/product"}],"wp:featuredmedia":[{"embeddable":true,"href":"https:\/\/buscoequipomedico.com\/index.php?rest_route=\/wp\/v2\/media\/11804"}],"wp:attachment":[{"href":"https:\/\/buscoequipomedico.com\/index.php?rest_route=%2Fwp%2Fv2%2Fmedia&parent=11803"}],"wp:term":[{"taxonomy":"product_brand","embeddable":true,"href":"https:\/\/buscoequipomedico.com\/index.php?rest_route=%2Fwp%2Fv2%2Fproduct_brand&post=11803"},{"taxonomy":"product_cat","embeddable":true,"href":"https:\/\/buscoequipomedico.com\/index.php?rest_route=%2Fwp%2Fv2%2Fproduct_cat&post=11803"},{"taxonomy":"product_tag","embeddable":true,"href":"https:\/\/buscoequipomedico.com\/index.php?rest_route=%2Fwp%2Fv2%2Fproduct_tag&post=11803"}],"curies":[{"name":"wp","href":"https:\/\/api.w.org\/{rel}","templated":true}]}}