{"id":11849,"date":"2020-02-18T07:34:07","date_gmt":"2020-02-18T07:34:07","guid":{"rendered":"https:\/\/equipomedicomexico-com.preview-domain.com\/product\/equipo-diagnostico-led-3-lumens-lila\/"},"modified":"2020-02-18T07:34:07","modified_gmt":"2020-02-18T07:34:07","slug":"equipo-diagnostico-led-3-lumens-lila","status":"publish","type":"product","link":"https:\/\/buscoequipomedico.com\/?product=equipo-diagnostico-led-3-lumens-lila","title":{"rendered":"EQUIPO DIAGNOSTICO LED 3 LUMENS LILA"},"content":{"rendered":"<h1>EQUIPO DE DIAGN\u00d3STICO LED 3 LUMENS\u00a0LILA.\u00a0<\/h1>\n<\/p>\n<p>Herramientas de diagn\u00f3stico de alto rendimiento para ayudarle a desarrollar y perfeccionar sus habilidades de evaluaci\u00f3n f\u00edsica.<\/p>\n<p>Una combinaci\u00f3n ganadora: El poder, la comodidad y la versatilidad del otoscopio y el oftalmoscopio Pocket Led.<\/p>\n<\/p>\n<p>La eficiencia de las l\u00e1mparas LED tambi\u00e9n resulta en la salida de temperatura inferior que puede aumentar la comodidad tanto para el paciente y el medico. Welch Allyn l\u00e1mparas LED cuentan con la tecnolog\u00eda SureColor, que proporciona una salida de color consistente , mientras que la intensidad de luz baja a mejorar la vista o aumentar la comodidad del paciente. Permite que el color de la luz siga siendo el mismo aun cuando la intensidad de la luz se aten\u00faa.<\/p>\n<\/p>\n<p>La diferencia de la luz LED de Welch Allyn<\/p>\n<\/p>\n<p>Gracias al equilibrio correcto de la temperatura del color, el \u00edndice de reproducci\u00f3n crom\u00e1tica (IRC) y el brillo, hemos optimizado los bombillos LED en los instrumentos para Oftalmolog\u00eda y Otorrinolaringolog\u00eda para brindar los beneficios de la luz LED sin alterar la imagen con la que est\u00e1 familiarizado.<\/p>\n<\/p>\n<ul>\n<li>Los bombillos LED de Welch Allyn tienen una vida \u00fatil nominal de hasta 20.000 horas de uso<\/li>\n<li>Permiten visualizar el color real del tejido del canal auditivo y del fondo de ojo, con claridad y definici\u00f3n<\/li>\n<li>No requiere reemplazo del bombillo<\/li>\n<\/ul>\n<h2>Otoscopio Pocket LED<\/h2>\n<p>Se trata de un otoscopio compacto y ligero que proporciona una luz m\u00e1s brillante de 3 lumens con iluminaci\u00f3n LED y una visi\u00f3n m\u00e1s amplia.<\/p>\n<\/p>\n<ul>\n<li>El otoscopio de bolsillo m\u00e1s duradero del mercado actual, est\u00e1 dise\u00f1ado para perdurar desde su entrenamiento hasta el consultorio.<\/li>\n<li>Bombillos LED con tecnolog\u00eda SureColorTM patentada por Welch Allyn<\/li>\n<li>El otoscopio de Welch Allyn m\u00e1s liviano para mayor comodidad y control<\/li>\n<li>Iluminaci\u00f3n de fibra \u00f3ptica, que emite luz fr\u00eda, sin reflejos ni obstrucciones<\/li>\n<\/ul>\n<h2>Oftalmoscopio Pocket Led<\/h2>\n<p>Oftalmoscopio compacto y ligero que proporciona una luz m\u00e1s brillante, \u00f3ptica sellada y un dial de apertura ajustable.<\/p>\n<ul>\n<li>El oftalmoscopio de Welch Allyn m\u00e1s liviano para mayor portabilidad y facilidad de uso<\/li>\n<li>Bombillos LED con tecnologia SureColor? patentada por Welch Allyn<\/li>\n<li>Uno de los oftalmoscopios m\u00e1s duraderos del mercado actual, lo convierte en una herramienta confiable para su entrenamiento y pr\u00e1ctica m\u00e9dica<\/li>\n<li>Cuenta con las aberturas y los filtros de nuestros oftalmoscopios de tama\u00f1o tradicional para que no tenga que sacrificar ninguna funcionalidad<\/li>\n<li>Lentes de dioptria 19(-20 a +20).<\/li>\n<\/ul>\n<p>Incluye esp\u00e9culos, 2 mangos y un estuche suave.<\/p>\n<p>Alimentaci\u00f3n baterias AA<\/p>\n","protected":false},"excerpt":{"rendered":"<ul>\n<li>El oftalmoscopio de Welch Allyn m\u00e1s liviano para mayor portabilidad y facilidad de uso<\/li>\n<li>Bombillas LED con tecnolog\u00eda SureColorTM patentada por Welch Allyn<\/li>\n<li>Uno de los oftalmoscopios m\u00e1s duraderos del mercado actual, lo convierte en una herramienta confiable para su entrenamiento y pr\u00e1ctica m\u00e9dica<\/li>\n<li>Cuenta con las aberturas y los filtros de nuestros oftalmoscopios de tama\u00f1o tradicional para que no tenga que sacrificar ninguna funcionalidad<\/li>\n<li>Lentes de dioptria 19(-20 a +20).<\/li>\n<\/ul>\n","protected":false},"featured_media":11892,"template":"","meta":{"_joinchat":[]},"product_brand":[],"product_cat":[244],"product_tag":[],"class_list":{"0":"post-11849","1":"product","2":"type-product","3":"status-publish","4":"has-post-thumbnail","6":"product_cat-equipos-de-diagnostico","7":"pa_marca-welch-allyn","9":"first","10":"instock","11":"purchasable","12":"product-type-simple"},"yoast_head":"<!-- This site is optimized with the Yoast SEO plugin v25.1 - https:\/\/yoast.com\/wordpress\/plugins\/seo\/ -->\n<title>EQUIPO DIAGNOSTICO LED 3 LUMENS LILA - Tu mejor opci\u00f3n Equipo M\u00e9dico M\u00e9xico<\/title>\n<meta name=\"robots\" content=\"index, follow, max-snippet:-1, max-image-preview:large, max-video-preview:-1\" \/>\n<link rel=\"canonical\" href=\"https:\/\/buscoequipomedico.com\/?product=equipo-diagnostico-led-3-lumens-lila\" \/>\n<meta property=\"og:locale\" content=\"es_ES\" \/>\n<meta property=\"og:type\" content=\"article\" \/>\n<meta property=\"og:title\" content=\"EQUIPO DIAGNOSTICO LED 3 LUMENS LILA - Tu mejor opci\u00f3n Equipo M\u00e9dico M\u00e9xico\" \/>\n<meta property=\"og:description\" content=\"El oftalmoscopio de Welch Allyn m\u00e1s liviano para mayor portabilidad y facilidad de uso Bombillas LED con tecnolog\u00eda SureColorTM patentada por Welch Allyn Uno de los oftalmoscopios m\u00e1s duraderos del mercado actual, lo convierte en una herramienta confiable para su entrenamiento y pr\u00e1ctica m\u00e9dica Cuenta con las aberturas y los filtros de nuestros oftalmoscopios de tama\u00f1o tradicional para que no tenga que sacrificar ninguna funcionalidad Lentes de dioptria 19(-20 a +20).\" \/>\n<meta property=\"og:url\" content=\"https:\/\/buscoequipomedico.com\/?product=equipo-diagnostico-led-3-lumens-lila\" \/>\n<meta property=\"og:site_name\" content=\"Tu mejor opci\u00f3n Equipo M\u00e9dico M\u00e9xico\" \/>\n<meta property=\"og:image\" content=\"https:\/\/buscoequipomedico.com\/wp-content\/uploads\/2020\/02\/equipo-diagnostico-led-3-lumens-lila-el-oftalmoscopio-de-welch-allyn-mas-liviano-para-mayor-portabilidad-y-facilidad-de-uso-bomb.jpg\" \/>\n\t<meta property=\"og:image:width\" content=\"800\" \/>\n\t<meta property=\"og:image:height\" content=\"800\" \/>\n\t<meta property=\"og:image:type\" content=\"image\/png\" \/>\n<meta name=\"twitter:card\" content=\"summary_large_image\" \/>\n<meta name=\"twitter:label1\" content=\"Tiempo de lectura\" \/>\n\t<meta name=\"twitter:data1\" content=\"2 minutos\" \/>\n<script type=\"application\/ld+json\" class=\"yoast-schema-graph\">{\"@context\":\"https:\/\/schema.org\",\"@graph\":[{\"@type\":\"WebPage\",\"@id\":\"https:\/\/buscoequipomedico.com\/?product=equipo-diagnostico-led-3-lumens-lila\",\"url\":\"https:\/\/buscoequipomedico.com\/?product=equipo-diagnostico-led-3-lumens-lila\",\"name\":\"EQUIPO DIAGNOSTICO LED 3 LUMENS LILA - Tu mejor opci\u00f3n Equipo M\u00e9dico M\u00e9xico\",\"isPartOf\":{\"@id\":\"https:\/\/buscoequipomedico.com\/#website\"},\"primaryImageOfPage\":{\"@id\":\"https:\/\/buscoequipomedico.com\/?product=equipo-diagnostico-led-3-lumens-lila#primaryimage\"},\"image\":{\"@id\":\"https:\/\/buscoequipomedico.com\/?product=equipo-diagnostico-led-3-lumens-lila#primaryimage\"},\"thumbnailUrl\":\"https:\/\/buscoequipomedico.com\/wp-content\/uploads\/2020\/02\/equipo-diagnostico-led-3-lumens-lila-el-oftalmoscopio-de-welch-allyn-mas-liviano-para-mayor-portabilidad-y-facilidad-de-uso-bomb.jpg\",\"datePublished\":\"2020-02-18T07:34:07+00:00\",\"breadcrumb\":{\"@id\":\"https:\/\/buscoequipomedico.com\/?product=equipo-diagnostico-led-3-lumens-lila#breadcrumb\"},\"inLanguage\":\"es\",\"potentialAction\":[{\"@type\":\"ReadAction\",\"target\":[\"https:\/\/buscoequipomedico.com\/?product=equipo-diagnostico-led-3-lumens-lila\"]}]},{\"@type\":\"ImageObject\",\"inLanguage\":\"es\",\"@id\":\"https:\/\/buscoequipomedico.com\/?product=equipo-diagnostico-led-3-lumens-lila#primaryimage\",\"url\":\"https:\/\/buscoequipomedico.com\/wp-content\/uploads\/2020\/02\/equipo-diagnostico-led-3-lumens-lila-el-oftalmoscopio-de-welch-allyn-mas-liviano-para-mayor-portabilidad-y-facilidad-de-uso-bomb.jpg\",\"contentUrl\":\"https:\/\/buscoequipomedico.com\/wp-content\/uploads\/2020\/02\/equipo-diagnostico-led-3-lumens-lila-el-oftalmoscopio-de-welch-allyn-mas-liviano-para-mayor-portabilidad-y-facilidad-de-uso-bomb.jpg\",\"width\":800,\"height\":800},{\"@type\":\"BreadcrumbList\",\"@id\":\"https:\/\/buscoequipomedico.com\/?product=equipo-diagnostico-led-3-lumens-lila#breadcrumb\",\"itemListElement\":[{\"@type\":\"ListItem\",\"position\":1,\"name\":\"Productos\",\"item\":\"https:\/\/buscoequipomedico.com\/shop\/\"},{\"@type\":\"ListItem\",\"position\":2,\"name\":\"EQUIPO DIAGNOSTICO LED 3 LUMENS LILA\"}]},{\"@type\":\"WebSite\",\"@id\":\"https:\/\/buscoequipomedico.com\/#website\",\"url\":\"https:\/\/buscoequipomedico.com\/\",\"name\":\"Tu mejor opci\u00f3n Equipo M\u00e9dico M\u00e9xico\",\"description\":\"Tienda de equipo m\u00e9dico\",\"publisher\":{\"@id\":\"https:\/\/buscoequipomedico.com\/#organization\"},\"potentialAction\":[{\"@type\":\"SearchAction\",\"target\":{\"@type\":\"EntryPoint\",\"urlTemplate\":\"https:\/\/buscoequipomedico.com\/?s={search_term_string}\"},\"query-input\":{\"@type\":\"PropertyValueSpecification\",\"valueRequired\":true,\"valueName\":\"search_term_string\"}}],\"inLanguage\":\"es\"},{\"@type\":\"Organization\",\"@id\":\"https:\/\/buscoequipomedico.com\/#organization\",\"name\":\"Tu mejor opci\u00f3n Equipo M\u00e9dico M\u00e9xico\",\"url\":\"https:\/\/buscoequipomedico.com\/\",\"logo\":{\"@type\":\"ImageObject\",\"inLanguage\":\"es\",\"@id\":\"https:\/\/buscoequipomedico.com\/#\/schema\/logo\/image\/\",\"url\":\"https:\/\/buscoequipomedico.com\/wp-content\/uploads\/2021\/07\/EMM-VPrincipal-scaled.jpg\",\"contentUrl\":\"https:\/\/buscoequipomedico.com\/wp-content\/uploads\/2021\/07\/EMM-VPrincipal-scaled.jpg\",\"width\":2560,\"height\":1058,\"caption\":\"Tu mejor opci\u00f3n Equipo M\u00e9dico M\u00e9xico\"},\"image\":{\"@id\":\"https:\/\/buscoequipomedico.com\/#\/schema\/logo\/image\/\"}}]}<\/script>\n<!-- \/ Yoast SEO plugin. -->","yoast_head_json":{"title":"EQUIPO DIAGNOSTICO LED 3 LUMENS LILA - Tu mejor opci\u00f3n Equipo M\u00e9dico M\u00e9xico","robots":{"index":"index","follow":"follow","max-snippet":"max-snippet:-1","max-image-preview":"max-image-preview:large","max-video-preview":"max-video-preview:-1"},"canonical":"https:\/\/buscoequipomedico.com\/?product=equipo-diagnostico-led-3-lumens-lila","og_locale":"es_ES","og_type":"article","og_title":"EQUIPO DIAGNOSTICO LED 3 LUMENS LILA - Tu mejor opci\u00f3n Equipo M\u00e9dico M\u00e9xico","og_description":"El oftalmoscopio de Welch Allyn m\u00e1s liviano para mayor portabilidad y facilidad de uso Bombillas LED con tecnolog\u00eda SureColorTM patentada por Welch Allyn Uno de los oftalmoscopios m\u00e1s duraderos del mercado actual, lo convierte en una herramienta confiable para su entrenamiento y pr\u00e1ctica m\u00e9dica Cuenta con las aberturas y los filtros de nuestros oftalmoscopios de tama\u00f1o tradicional para que no tenga que sacrificar ninguna funcionalidad Lentes de dioptria 19(-20 a +20).","og_url":"https:\/\/buscoequipomedico.com\/?product=equipo-diagnostico-led-3-lumens-lila","og_site_name":"Tu mejor opci\u00f3n Equipo M\u00e9dico M\u00e9xico","og_image":[{"width":800,"height":800,"url":"https:\/\/buscoequipomedico.com\/wp-content\/uploads\/2020\/02\/equipo-diagnostico-led-3-lumens-lila-el-oftalmoscopio-de-welch-allyn-mas-liviano-para-mayor-portabilidad-y-facilidad-de-uso-bomb.jpg","type":"image\/png"}],"twitter_card":"summary_large_image","twitter_misc":{"Tiempo de lectura":"2 minutos"},"schema":{"@context":"https:\/\/schema.org","@graph":[{"@type":"WebPage","@id":"https:\/\/buscoequipomedico.com\/?product=equipo-diagnostico-led-3-lumens-lila","url":"https:\/\/buscoequipomedico.com\/?product=equipo-diagnostico-led-3-lumens-lila","name":"EQUIPO DIAGNOSTICO LED 3 LUMENS LILA - Tu mejor opci\u00f3n Equipo M\u00e9dico M\u00e9xico","isPartOf":{"@id":"https:\/\/buscoequipomedico.com\/#website"},"primaryImageOfPage":{"@id":"https:\/\/buscoequipomedico.com\/?product=equipo-diagnostico-led-3-lumens-lila#primaryimage"},"image":{"@id":"https:\/\/buscoequipomedico.com\/?product=equipo-diagnostico-led-3-lumens-lila#primaryimage"},"thumbnailUrl":"https:\/\/buscoequipomedico.com\/wp-content\/uploads\/2020\/02\/equipo-diagnostico-led-3-lumens-lila-el-oftalmoscopio-de-welch-allyn-mas-liviano-para-mayor-portabilidad-y-facilidad-de-uso-bomb.jpg","datePublished":"2020-02-18T07:34:07+00:00","breadcrumb":{"@id":"https:\/\/buscoequipomedico.com\/?product=equipo-diagnostico-led-3-lumens-lila#breadcrumb"},"inLanguage":"es","potentialAction":[{"@type":"ReadAction","target":["https:\/\/buscoequipomedico.com\/?product=equipo-diagnostico-led-3-lumens-lila"]}]},{"@type":"ImageObject","inLanguage":"es","@id":"https:\/\/buscoequipomedico.com\/?product=equipo-diagnostico-led-3-lumens-lila#primaryimage","url":"https:\/\/buscoequipomedico.com\/wp-content\/uploads\/2020\/02\/equipo-diagnostico-led-3-lumens-lila-el-oftalmoscopio-de-welch-allyn-mas-liviano-para-mayor-portabilidad-y-facilidad-de-uso-bomb.jpg","contentUrl":"https:\/\/buscoequipomedico.com\/wp-content\/uploads\/2020\/02\/equipo-diagnostico-led-3-lumens-lila-el-oftalmoscopio-de-welch-allyn-mas-liviano-para-mayor-portabilidad-y-facilidad-de-uso-bomb.jpg","width":800,"height":800},{"@type":"BreadcrumbList","@id":"https:\/\/buscoequipomedico.com\/?product=equipo-diagnostico-led-3-lumens-lila#breadcrumb","itemListElement":[{"@type":"ListItem","position":1,"name":"Productos","item":"https:\/\/buscoequipomedico.com\/shop\/"},{"@type":"ListItem","position":2,"name":"EQUIPO DIAGNOSTICO LED 3 LUMENS LILA"}]},{"@type":"WebSite","@id":"https:\/\/buscoequipomedico.com\/#website","url":"https:\/\/buscoequipomedico.com\/","name":"Tu mejor opci\u00f3n Equipo M\u00e9dico M\u00e9xico","description":"Tienda de equipo m\u00e9dico","publisher":{"@id":"https:\/\/buscoequipomedico.com\/#organization"},"potentialAction":[{"@type":"SearchAction","target":{"@type":"EntryPoint","urlTemplate":"https:\/\/buscoequipomedico.com\/?s={search_term_string}"},"query-input":{"@type":"PropertyValueSpecification","valueRequired":true,"valueName":"search_term_string"}}],"inLanguage":"es"},{"@type":"Organization","@id":"https:\/\/buscoequipomedico.com\/#organization","name":"Tu mejor opci\u00f3n Equipo M\u00e9dico M\u00e9xico","url":"https:\/\/buscoequipomedico.com\/","logo":{"@type":"ImageObject","inLanguage":"es","@id":"https:\/\/buscoequipomedico.com\/#\/schema\/logo\/image\/","url":"https:\/\/buscoequipomedico.com\/wp-content\/uploads\/2021\/07\/EMM-VPrincipal-scaled.jpg","contentUrl":"https:\/\/buscoequipomedico.com\/wp-content\/uploads\/2021\/07\/EMM-VPrincipal-scaled.jpg","width":2560,"height":1058,"caption":"Tu mejor opci\u00f3n Equipo M\u00e9dico M\u00e9xico"},"image":{"@id":"https:\/\/buscoequipomedico.com\/#\/schema\/logo\/image\/"}}]}},"_links":{"self":[{"href":"https:\/\/buscoequipomedico.com\/index.php?rest_route=\/wp\/v2\/product\/11849","targetHints":{"allow":["GET"]}}],"collection":[{"href":"https:\/\/buscoequipomedico.com\/index.php?rest_route=\/wp\/v2\/product"}],"about":[{"href":"https:\/\/buscoequipomedico.com\/index.php?rest_route=\/wp\/v2\/types\/product"}],"wp:featuredmedia":[{"embeddable":true,"href":"https:\/\/buscoequipomedico.com\/index.php?rest_route=\/wp\/v2\/media\/11892"}],"wp:attachment":[{"href":"https:\/\/buscoequipomedico.com\/index.php?rest_route=%2Fwp%2Fv2%2Fmedia&parent=11849"}],"wp:term":[{"taxonomy":"product_brand","embeddable":true,"href":"https:\/\/buscoequipomedico.com\/index.php?rest_route=%2Fwp%2Fv2%2Fproduct_brand&post=11849"},{"taxonomy":"product_cat","embeddable":true,"href":"https:\/\/buscoequipomedico.com\/index.php?rest_route=%2Fwp%2Fv2%2Fproduct_cat&post=11849"},{"taxonomy":"product_tag","embeddable":true,"href":"https:\/\/buscoequipomedico.com\/index.php?rest_route=%2Fwp%2Fv2%2Fproduct_tag&post=11849"}],"curies":[{"name":"wp","href":"https:\/\/api.w.org\/{rel}","templated":true}]}}