{"id":11863,"date":"2020-02-18T07:34:02","date_gmt":"2020-02-18T07:34:02","guid":{"rendered":"https:\/\/equipomedicomexico-com.preview-domain.com\/product\/sistema-integrado-de-pared-connex-con-spo2\/"},"modified":"2020-02-18T07:34:03","modified_gmt":"2020-02-18T07:34:03","slug":"sistema-integrado-de-pared-connex-con-spo2","status":"publish","type":"product","link":"https:\/\/buscoequipomedico.com\/?product=sistema-integrado-de-pared-connex-con-spo2","title":{"rendered":"Sistema Integrado de Pared Connex con SpO2"},"content":{"rendered":"<p><span>INCLUYE:<\/span><\/p>\n<ul>\n<li>Otoscopio MacroView y Oftalmoscopio PanOptic integrado<\/li>\n<li>SureBP&#x2122; ofrece lecturas de 15 segundos de PANI y frecuencia de pulso<\/li>\n<li>Oximetr\u00eda de pulso Masimo\u00ae<\/li>\n<li>Monitorizaci\u00f3n continua no invasiva de la hemoglobina total opcional<\/li>\n<li>Sistema de manejo de cables integrado<\/li>\n<li>Term\u00f3metro SureTemp\u00ae Plus<\/li>\n<li>Pantalla grande t\u00e1ctil a color de f\u00e1cil lectura<\/li>\n<\/ul>\n<p>Con casi un siglo de experiencia en el diagn\u00f3stico cl\u00ednico, Welch Allyn tiene el orgullo de ofrecer el Sistema integrado de pared Welch Allyn Connex: una avanzada soluci\u00f3n de evaluaci\u00f3n f\u00edsica y documentaci\u00f3n de signos vitales que combina todas las herramientas de ex\u00e1menes que necesita en un c\u00f3modo sistema, para que los profesionales de la salud puedan tomar y capturar electr\u00f3nicamente y con precisi\u00f3n los signos vitales de los pacientes y realizar ex\u00e1menes de diagn\u00f3stico b\u00e1sicos.<\/p>\n<p>El Sistema integrado de pared Connex combina las capacidades avanzadas de comprobaci\u00f3n al azar y monitoreo del Monitor de signos vitales Connex de Welch Allyn con el Sistema integrado de diagn\u00f3stico de Welch Allyn, que incluye un otoscopio y un oftalmoscopio, para que los m\u00e9dicos tomen y registren electr\u00f3nicamente y con precisi\u00f3n los signos vitales de los pacientes y realicen ex\u00e1menes de diagn\u00f3stico b\u00e1sicos. Combinar herramientas de evaluaci\u00f3n f\u00edsica y de signos vitales en un \u00fanico dispositivo permite que los profesionales de la salud vean inmediatamente todos los datos del paciente que necesitan, lo que agiliza la atenci\u00f3n del paciente y elimina b\u00fasquedas frustrantes de equipos.<\/p>\n<p>Este sistema f\u00e1cil de usar cuenta con una gran pantalla t\u00e1ctil a color e intuitiva, que puede ayudar con las comunicaciones del paciente. \u00a0Adem\u00e1s, como el sistema es compacto, est\u00e1 empotrado en la pared y viene con un sistema de manejo de cables, usted ahorrar\u00e1 espacio de piso valioso y reducir\u00e1 la presencia de cables enredados que cuelgan.<\/p>\n<p>En el caso de las instituciones conectadas, los signos vitales del paciente se pueden enviar directamente a su sistema de registro m\u00e9dico electr\u00f3nico, lo que reduce los errores de la transcripci\u00f3n manual y da a los profesionales de la salud acceso inmediato a datos precisos, mejorando as\u00ed la toma de decisiones cl\u00ednicas y aumentando la seguridad del paciente.<\/p>\n<p>\u00a0<\/p>\n<p><span>CARACTER\u00cdSTICAS:<br \/><\/span><\/p>\n<ul>\n<li>SureBP: PANI y frecuencia de pulso en 15 segundos.<\/li>\n<li>Modos de PANI para pacientes adultos, pedi\u00e1tricos y neonatales.<\/li>\n<li>Modos incluidos de comprobaci\u00f3n al azar, monitoreo y clasificaci\u00f3n de urgencias.<\/li>\n<li>Termometr\u00eda SureTemp\u00ae Plus.<\/li>\n<li>Pulsioximetr\u00eda Masimo\u00ae.<\/li>\n<li>Alarmas visuales y audibles programables para presi\u00f3n arterial, SpO2, temperatura y pulso.<\/li>\n<li>4 puertos USB para accesorios.<\/li>\n<li>Monitoreo continuo y no invasivo de hemoglobina total Masimo\u00ae.<\/li>\n<li>Ingreso de mediciones manuales (peso, estatura, frecuencia respiratoria, dolor) y documentaci\u00f3n de modificadores, como la posici\u00f3n del cuerpo o la terapia de O2.<\/li>\n<li>La gran pantalla t\u00e1ctil a color simplifica la capacitaci\u00f3n y su operaci\u00f3n.<\/li>\n<li>Mensajes de error descriptivos para una f\u00e1cil soluci\u00f3n de problemas.<\/li>\n<li>Clonaci\u00f3n de configuraci\u00f3n USB completamente personalizable.<\/li>\n<li>Mangos integrados de 3,5 V para instrumentos de evaluaci\u00f3n f\u00edsica.<\/li>\n<li>Dispensador integrado de esp\u00e9culos \u00f3ticos.<\/li>\n<\/ul>\n<p>\u00a0<\/p>\n<p><span>ESPECIFIACIONES T\u00c9CNICAS:<\/span><\/p>\n<ul>\n<li>\n<span>Dimensiones de la pantalla:<\/span>\u00a0\u00c1rea de visualizaci\u00f3n de 20,3 cm (H) x 10,2 cm (V) (8\u201d [H] x 4\u201d [V]).<\/li>\n<li>\n<span>Volumen del altavoz:<\/span>\u00a057 dB a 1,0 metro.<\/li>\n<li>\n<span>Bater\u00eda:<\/span>\u00a0Composici\u00f3n de iones de litio.<\/li>\n<li>\n<span>Conexi\u00f3n para llamado de enfermer\u00eda:<\/span>\u00a0Llamado de enfermer\u00eda: m\u00e1ximo de 25 V CA o 60 V CC a 1 A m\u00e1ximo.<\/li>\n<li>\n<span>Temperatura de funcionamiento:<\/span>\u00a010 \u00b0C a 40 \u00b0C (50 \u00b0F a 104 \u00b0F), temperatura de almacenamiento -20 \u00b0C a 50 \u00b0C (-4 \u00b0F a 122 \u00b0F).<\/li>\n<li>\n<span>Altitud de funcionamiento:<\/span>\u00a0-170 m a 3.048 m (-557 a 10.000 pies).<\/li>\n<li>\n<span>Humedad de funcionamiento:<\/span>\u00a015 a 95% sin condensaci\u00f3n; humedad de almacenamiento 15% a 95% sin condensaci\u00f3n.<\/li>\n<li>\n<span>Mango:<\/span>\u00a0Salida del mango 3,00 a 3,90 V; 0,70 a 1,50 A.<\/li>\n<li>Longitud del cable del mango de alimentaci\u00f3n: 767: 3,6 m (12 pies).<\/li>\n<li>\n<span>Clasificaci\u00f3n el\u00e9ctrica:<\/span>\u00a0100-240 V CA, 50-60 Hz, 1,50-0,08 A.<\/li>\n<\/ul>\n<p>\u00a0<\/p>\n<p><span>PANI:<\/span><\/p>\n<ul>\n<li>\n<span>Rango sist\u00f3lico:<\/span>\u00a0Adulto: 30 a 260 mmHg; pedi\u00e1trico: 30 a 260 mmHg; neonato: 20 a 120 mmHg.<\/li>\n<li>\n<span>Rango diast\u00f3lico:<\/span>\u00a0Adulto: 20 a 220 mmHg; pedi\u00e1trico: 20 a 220 mmHg; neonato: 10 a 110 mmHg.<\/li>\n<li>\n<span>Tiempo de determinaci\u00f3n de la presi\u00f3n arterial:\u00a0<\/span>T\u00edpica: 15 segundos; m\u00e1ximo: 150 segundos.<\/li>\n<li>\n<span>Longitud del tubo para medir la presi\u00f3n arterial:\u00a0<\/span>2,4 m (8 pies).<\/li>\n<li>\n<span>Precisi\u00f3n de la presi\u00f3n arterial:\u00a0<\/span>Cumple o excede las normas ANSI.AAMI SP10:2002 para la presi\u00f3n arterial no invasiva. Cumple o excede las normas ANSI.AAMI SP10:2002 para precisi\u00f3n no invasiva (error medio de \u00b15 mmHg, desviaci\u00f3n est\u00e1ndar de 8 mmHg).<\/li>\n<\/ul>\n<p><span>\u00a0<\/span><\/p>\n<p><span>TEMPERATURA:<\/span><\/p>\n<ul>\n<li>\n<span>Rango de temperatura SureTemp:<\/span>\u00a026,7 \u00b0C a 43,3 \u00b0C (80 \u00b0F a 110 \u00b0F).<\/li>\n<li>\n<span>Rango de temperatura Braun:<\/span>\u00a020,0 \u00b0C a 42,2 \u00b0C (68 \u00b0F a 108 \u00b0F).<\/li>\n<li>\n<span>Longitud del cable de sonda SureTemp:<\/span>\u00a02,7 m (9 pies).<\/li>\n<\/ul>\n<p>\u00a0<\/p>\n<p><span>SPO2:<\/span><\/p>\n<ul>\n<li>\n<span>Rango de medici\u00f3n de resultados de<\/span>\u00a0<span>SpO<\/span><span>2<\/span><span>:\u00a0<\/span>de 1 a 100%.<\/li>\n<li>\n<span>Longitud del cable para SpO2:<\/span>\u00a03 m (10 pies).<\/li>\n<\/ul>\n","protected":false},"excerpt":{"rendered":"<p><span>Evaluaci\u00f3n f\u00edsica completa y documentaci\u00f3n de signos vitales en un solo sistema muy conveniente. El Sistema Integrado de pared Connex ofrece todo lo esencial para mejorar la seguridad del paciente, acelerar el flujo de pacientes y ahorrar tiempo y espacio.<\/span><\/p>\n","protected":false},"featured_media":11864,"template":"","meta":{"_joinchat":[]},"product_brand":[],"product_cat":[244],"product_tag":[],"class_list":{"0":"post-11863","1":"product","2":"type-product","3":"status-publish","4":"has-post-thumbnail","6":"product_cat-equipos-de-diagnostico","8":"first","9":"instock","10":"purchasable","11":"product-type-simple"},"yoast_head":"<!-- This site is optimized with the Yoast SEO plugin v25.1 - https:\/\/yoast.com\/wordpress\/plugins\/seo\/ -->\n<title>Sistema Integrado de Pared Connex con SpO2 - Tu mejor opci\u00f3n Equipo M\u00e9dico M\u00e9xico<\/title>\n<meta name=\"robots\" content=\"index, follow, max-snippet:-1, max-image-preview:large, max-video-preview:-1\" \/>\n<link rel=\"canonical\" href=\"https:\/\/buscoequipomedico.com\/?product=sistema-integrado-de-pared-connex-con-spo2\" \/>\n<meta property=\"og:locale\" content=\"es_ES\" \/>\n<meta property=\"og:type\" content=\"article\" \/>\n<meta property=\"og:title\" content=\"Sistema Integrado de Pared Connex con SpO2 - Tu mejor opci\u00f3n Equipo M\u00e9dico M\u00e9xico\" \/>\n<meta property=\"og:description\" content=\"Evaluaci\u00f3n f\u00edsica completa y documentaci\u00f3n de signos vitales en un solo sistema muy conveniente. El Sistema Integrado de pared Connex ofrece todo lo esencial para mejorar la seguridad del paciente, acelerar el flujo de pacientes y ahorrar tiempo y espacio.\" \/>\n<meta property=\"og:url\" content=\"https:\/\/buscoequipomedico.com\/?product=sistema-integrado-de-pared-connex-con-spo2\" \/>\n<meta property=\"og:site_name\" content=\"Tu mejor opci\u00f3n Equipo M\u00e9dico M\u00e9xico\" \/>\n<meta property=\"article:modified_time\" content=\"2020-02-18T07:34:03+00:00\" \/>\n<meta property=\"og:image\" content=\"https:\/\/buscoequipomedico.com\/wp-content\/uploads\/2020\/02\/sistema-integrado-de-pared-connex-con-spo2-evaluacion-fisica-completa-y-documentacion-de-signos-vitales-en-un-solo-sistema-muy-c.jpg\" \/>\n\t<meta property=\"og:image:width\" content=\"800\" \/>\n\t<meta property=\"og:image:height\" content=\"800\" \/>\n\t<meta property=\"og:image:type\" content=\"image\/png\" \/>\n<meta name=\"twitter:card\" content=\"summary_large_image\" \/>\n<meta name=\"twitter:label1\" content=\"Tiempo de lectura\" \/>\n\t<meta name=\"twitter:data1\" content=\"4 minutos\" \/>\n<script type=\"application\/ld+json\" class=\"yoast-schema-graph\">{\"@context\":\"https:\/\/schema.org\",\"@graph\":[{\"@type\":\"WebPage\",\"@id\":\"https:\/\/buscoequipomedico.com\/?product=sistema-integrado-de-pared-connex-con-spo2\",\"url\":\"https:\/\/buscoequipomedico.com\/?product=sistema-integrado-de-pared-connex-con-spo2\",\"name\":\"Sistema Integrado de Pared Connex con SpO2 - Tu mejor opci\u00f3n Equipo M\u00e9dico M\u00e9xico\",\"isPartOf\":{\"@id\":\"https:\/\/buscoequipomedico.com\/#website\"},\"primaryImageOfPage\":{\"@id\":\"https:\/\/buscoequipomedico.com\/?product=sistema-integrado-de-pared-connex-con-spo2#primaryimage\"},\"image\":{\"@id\":\"https:\/\/buscoequipomedico.com\/?product=sistema-integrado-de-pared-connex-con-spo2#primaryimage\"},\"thumbnailUrl\":\"https:\/\/buscoequipomedico.com\/wp-content\/uploads\/2020\/02\/sistema-integrado-de-pared-connex-con-spo2-evaluacion-fisica-completa-y-documentacion-de-signos-vitales-en-un-solo-sistema-muy-c.jpg\",\"datePublished\":\"2020-02-18T07:34:02+00:00\",\"dateModified\":\"2020-02-18T07:34:03+00:00\",\"breadcrumb\":{\"@id\":\"https:\/\/buscoequipomedico.com\/?product=sistema-integrado-de-pared-connex-con-spo2#breadcrumb\"},\"inLanguage\":\"es\",\"potentialAction\":[{\"@type\":\"ReadAction\",\"target\":[\"https:\/\/buscoequipomedico.com\/?product=sistema-integrado-de-pared-connex-con-spo2\"]}]},{\"@type\":\"ImageObject\",\"inLanguage\":\"es\",\"@id\":\"https:\/\/buscoequipomedico.com\/?product=sistema-integrado-de-pared-connex-con-spo2#primaryimage\",\"url\":\"https:\/\/buscoequipomedico.com\/wp-content\/uploads\/2020\/02\/sistema-integrado-de-pared-connex-con-spo2-evaluacion-fisica-completa-y-documentacion-de-signos-vitales-en-un-solo-sistema-muy-c.jpg\",\"contentUrl\":\"https:\/\/buscoequipomedico.com\/wp-content\/uploads\/2020\/02\/sistema-integrado-de-pared-connex-con-spo2-evaluacion-fisica-completa-y-documentacion-de-signos-vitales-en-un-solo-sistema-muy-c.jpg\",\"width\":800,\"height\":800},{\"@type\":\"BreadcrumbList\",\"@id\":\"https:\/\/buscoequipomedico.com\/?product=sistema-integrado-de-pared-connex-con-spo2#breadcrumb\",\"itemListElement\":[{\"@type\":\"ListItem\",\"position\":1,\"name\":\"Productos\",\"item\":\"https:\/\/buscoequipomedico.com\/shop\/\"},{\"@type\":\"ListItem\",\"position\":2,\"name\":\"Sistema Integrado de Pared Connex con SpO2\"}]},{\"@type\":\"WebSite\",\"@id\":\"https:\/\/buscoequipomedico.com\/#website\",\"url\":\"https:\/\/buscoequipomedico.com\/\",\"name\":\"Tu mejor opci\u00f3n Equipo M\u00e9dico M\u00e9xico\",\"description\":\"Tienda de equipo m\u00e9dico\",\"publisher\":{\"@id\":\"https:\/\/buscoequipomedico.com\/#organization\"},\"potentialAction\":[{\"@type\":\"SearchAction\",\"target\":{\"@type\":\"EntryPoint\",\"urlTemplate\":\"https:\/\/buscoequipomedico.com\/?s={search_term_string}\"},\"query-input\":{\"@type\":\"PropertyValueSpecification\",\"valueRequired\":true,\"valueName\":\"search_term_string\"}}],\"inLanguage\":\"es\"},{\"@type\":\"Organization\",\"@id\":\"https:\/\/buscoequipomedico.com\/#organization\",\"name\":\"Tu mejor opci\u00f3n Equipo M\u00e9dico M\u00e9xico\",\"url\":\"https:\/\/buscoequipomedico.com\/\",\"logo\":{\"@type\":\"ImageObject\",\"inLanguage\":\"es\",\"@id\":\"https:\/\/buscoequipomedico.com\/#\/schema\/logo\/image\/\",\"url\":\"https:\/\/buscoequipomedico.com\/wp-content\/uploads\/2021\/07\/EMM-VPrincipal-scaled.jpg\",\"contentUrl\":\"https:\/\/buscoequipomedico.com\/wp-content\/uploads\/2021\/07\/EMM-VPrincipal-scaled.jpg\",\"width\":2560,\"height\":1058,\"caption\":\"Tu mejor opci\u00f3n Equipo M\u00e9dico M\u00e9xico\"},\"image\":{\"@id\":\"https:\/\/buscoequipomedico.com\/#\/schema\/logo\/image\/\"}}]}<\/script>\n<!-- \/ Yoast SEO plugin. -->","yoast_head_json":{"title":"Sistema Integrado de Pared Connex con SpO2 - Tu mejor opci\u00f3n Equipo M\u00e9dico M\u00e9xico","robots":{"index":"index","follow":"follow","max-snippet":"max-snippet:-1","max-image-preview":"max-image-preview:large","max-video-preview":"max-video-preview:-1"},"canonical":"https:\/\/buscoequipomedico.com\/?product=sistema-integrado-de-pared-connex-con-spo2","og_locale":"es_ES","og_type":"article","og_title":"Sistema Integrado de Pared Connex con SpO2 - Tu mejor opci\u00f3n Equipo M\u00e9dico M\u00e9xico","og_description":"Evaluaci\u00f3n f\u00edsica completa y documentaci\u00f3n de signos vitales en un solo sistema muy conveniente. El Sistema Integrado de pared Connex ofrece todo lo esencial para mejorar la seguridad del paciente, acelerar el flujo de pacientes y ahorrar tiempo y espacio.","og_url":"https:\/\/buscoequipomedico.com\/?product=sistema-integrado-de-pared-connex-con-spo2","og_site_name":"Tu mejor opci\u00f3n Equipo M\u00e9dico M\u00e9xico","article_modified_time":"2020-02-18T07:34:03+00:00","og_image":[{"width":800,"height":800,"url":"https:\/\/buscoequipomedico.com\/wp-content\/uploads\/2020\/02\/sistema-integrado-de-pared-connex-con-spo2-evaluacion-fisica-completa-y-documentacion-de-signos-vitales-en-un-solo-sistema-muy-c.jpg","type":"image\/png"}],"twitter_card":"summary_large_image","twitter_misc":{"Tiempo de lectura":"4 minutos"},"schema":{"@context":"https:\/\/schema.org","@graph":[{"@type":"WebPage","@id":"https:\/\/buscoequipomedico.com\/?product=sistema-integrado-de-pared-connex-con-spo2","url":"https:\/\/buscoequipomedico.com\/?product=sistema-integrado-de-pared-connex-con-spo2","name":"Sistema Integrado de Pared Connex con SpO2 - Tu mejor opci\u00f3n Equipo M\u00e9dico M\u00e9xico","isPartOf":{"@id":"https:\/\/buscoequipomedico.com\/#website"},"primaryImageOfPage":{"@id":"https:\/\/buscoequipomedico.com\/?product=sistema-integrado-de-pared-connex-con-spo2#primaryimage"},"image":{"@id":"https:\/\/buscoequipomedico.com\/?product=sistema-integrado-de-pared-connex-con-spo2#primaryimage"},"thumbnailUrl":"https:\/\/buscoequipomedico.com\/wp-content\/uploads\/2020\/02\/sistema-integrado-de-pared-connex-con-spo2-evaluacion-fisica-completa-y-documentacion-de-signos-vitales-en-un-solo-sistema-muy-c.jpg","datePublished":"2020-02-18T07:34:02+00:00","dateModified":"2020-02-18T07:34:03+00:00","breadcrumb":{"@id":"https:\/\/buscoequipomedico.com\/?product=sistema-integrado-de-pared-connex-con-spo2#breadcrumb"},"inLanguage":"es","potentialAction":[{"@type":"ReadAction","target":["https:\/\/buscoequipomedico.com\/?product=sistema-integrado-de-pared-connex-con-spo2"]}]},{"@type":"ImageObject","inLanguage":"es","@id":"https:\/\/buscoequipomedico.com\/?product=sistema-integrado-de-pared-connex-con-spo2#primaryimage","url":"https:\/\/buscoequipomedico.com\/wp-content\/uploads\/2020\/02\/sistema-integrado-de-pared-connex-con-spo2-evaluacion-fisica-completa-y-documentacion-de-signos-vitales-en-un-solo-sistema-muy-c.jpg","contentUrl":"https:\/\/buscoequipomedico.com\/wp-content\/uploads\/2020\/02\/sistema-integrado-de-pared-connex-con-spo2-evaluacion-fisica-completa-y-documentacion-de-signos-vitales-en-un-solo-sistema-muy-c.jpg","width":800,"height":800},{"@type":"BreadcrumbList","@id":"https:\/\/buscoequipomedico.com\/?product=sistema-integrado-de-pared-connex-con-spo2#breadcrumb","itemListElement":[{"@type":"ListItem","position":1,"name":"Productos","item":"https:\/\/buscoequipomedico.com\/shop\/"},{"@type":"ListItem","position":2,"name":"Sistema Integrado de Pared Connex con SpO2"}]},{"@type":"WebSite","@id":"https:\/\/buscoequipomedico.com\/#website","url":"https:\/\/buscoequipomedico.com\/","name":"Tu mejor opci\u00f3n Equipo M\u00e9dico M\u00e9xico","description":"Tienda de equipo m\u00e9dico","publisher":{"@id":"https:\/\/buscoequipomedico.com\/#organization"},"potentialAction":[{"@type":"SearchAction","target":{"@type":"EntryPoint","urlTemplate":"https:\/\/buscoequipomedico.com\/?s={search_term_string}"},"query-input":{"@type":"PropertyValueSpecification","valueRequired":true,"valueName":"search_term_string"}}],"inLanguage":"es"},{"@type":"Organization","@id":"https:\/\/buscoequipomedico.com\/#organization","name":"Tu mejor opci\u00f3n Equipo M\u00e9dico M\u00e9xico","url":"https:\/\/buscoequipomedico.com\/","logo":{"@type":"ImageObject","inLanguage":"es","@id":"https:\/\/buscoequipomedico.com\/#\/schema\/logo\/image\/","url":"https:\/\/buscoequipomedico.com\/wp-content\/uploads\/2021\/07\/EMM-VPrincipal-scaled.jpg","contentUrl":"https:\/\/buscoequipomedico.com\/wp-content\/uploads\/2021\/07\/EMM-VPrincipal-scaled.jpg","width":2560,"height":1058,"caption":"Tu mejor opci\u00f3n Equipo M\u00e9dico M\u00e9xico"},"image":{"@id":"https:\/\/buscoequipomedico.com\/#\/schema\/logo\/image\/"}}]}},"_links":{"self":[{"href":"https:\/\/buscoequipomedico.com\/index.php?rest_route=\/wp\/v2\/product\/11863","targetHints":{"allow":["GET"]}}],"collection":[{"href":"https:\/\/buscoequipomedico.com\/index.php?rest_route=\/wp\/v2\/product"}],"about":[{"href":"https:\/\/buscoequipomedico.com\/index.php?rest_route=\/wp\/v2\/types\/product"}],"wp:featuredmedia":[{"embeddable":true,"href":"https:\/\/buscoequipomedico.com\/index.php?rest_route=\/wp\/v2\/media\/11864"}],"wp:attachment":[{"href":"https:\/\/buscoequipomedico.com\/index.php?rest_route=%2Fwp%2Fv2%2Fmedia&parent=11863"}],"wp:term":[{"taxonomy":"product_brand","embeddable":true,"href":"https:\/\/buscoequipomedico.com\/index.php?rest_route=%2Fwp%2Fv2%2Fproduct_brand&post=11863"},{"taxonomy":"product_cat","embeddable":true,"href":"https:\/\/buscoequipomedico.com\/index.php?rest_route=%2Fwp%2Fv2%2Fproduct_cat&post=11863"},{"taxonomy":"product_tag","embeddable":true,"href":"https:\/\/buscoequipomedico.com\/index.php?rest_route=%2Fwp%2Fv2%2Fproduct_tag&post=11863"}],"curies":[{"name":"wp","href":"https:\/\/api.w.org\/{rel}","templated":true}]}}