{"id":11871,"date":"2020-02-18T07:34:02","date_gmt":"2020-02-18T07:34:02","guid":{"rendered":"https:\/\/equipomedicomexico-com.preview-domain.com\/product\/equipo-de-diagnostico-de-pared\/"},"modified":"2020-02-18T07:34:04","modified_gmt":"2020-02-18T07:34:04","slug":"equipo-de-diagnostico-de-pared","status":"publish","type":"product","link":"https:\/\/buscoequipomedico.com\/?product=equipo-de-diagnostico-de-pared","title":{"rendered":"EQUIPO DE DIAGNOSTICO DE PARED"},"content":{"rendered":"<h2>INCLUYE \/ 77710 \/ 11720 \/ 23810 \/ 24400<\/h2>\n<\/p>\n<ul>\n<li>TRANSFORMADOR DE PARED S\/RELOJ 3.5v<\/li>\n<li>OFTALMOSCOPIO LED DE 3.5v Coaxial<\/li>\n<li>OTOSCOPIO LED DE 3.5v MACROVIEW S\/ILUMINADOR DE GARAGANTA<\/li>\n<li>ESPECULO REUSABLE P\/OTOSCOPIO JUEGO CON 4<\/li>\n<\/ul>\n","protected":false},"excerpt":{"rendered":"<ul>\n<li>TRANSFORMADOR DE PARED S\/RELOJ 3.5v<\/li>\n<li>OFTALMOSCOPIO LED DE 3.5v Coaxial<\/li>\n<li>OTOSCOPIO LED DE 3.5v MACROVIEW S\/ILUMINADOR DE GARAGANTA<\/li>\n<li>ESPECULO REUSABLE P\/OTOSCOPIO JUEGO CON 4<\/li>\n<\/ul>\n","protected":false},"featured_media":11872,"template":"","meta":{"_joinchat":[]},"product_brand":[],"product_cat":[244],"product_tag":[],"class_list":{"0":"post-11871","1":"product","2":"type-product","3":"status-publish","4":"has-post-thumbnail","6":"product_cat-equipos-de-diagnostico","7":"pa_marca-welch-allyn","9":"first","10":"instock","11":"purchasable","12":"product-type-simple"},"yoast_head":"<!-- This site is optimized with the Yoast SEO plugin v25.1 - https:\/\/yoast.com\/wordpress\/plugins\/seo\/ -->\n<title>EQUIPO DE DIAGNOSTICO DE PARED - Tu mejor opci\u00f3n Equipo M\u00e9dico M\u00e9xico<\/title>\n<meta name=\"robots\" content=\"index, follow, max-snippet:-1, max-image-preview:large, max-video-preview:-1\" \/>\n<link rel=\"canonical\" href=\"https:\/\/buscoequipomedico.com\/?product=equipo-de-diagnostico-de-pared\" \/>\n<meta property=\"og:locale\" content=\"es_ES\" \/>\n<meta property=\"og:type\" content=\"article\" \/>\n<meta property=\"og:title\" content=\"EQUIPO DE DIAGNOSTICO DE PARED - Tu mejor opci\u00f3n Equipo M\u00e9dico M\u00e9xico\" \/>\n<meta property=\"og:description\" content=\"TRANSFORMADOR DE PARED S\/RELOJ 3.5v OFTALMOSCOPIO LED DE 3.5v Coaxial OTOSCOPIO LED DE 3.5v MACROVIEW S\/ILUMINADOR DE GARAGANTA ESPECULO REUSABLE P\/OTOSCOPIO JUEGO CON 4\" \/>\n<meta property=\"og:url\" content=\"https:\/\/buscoequipomedico.com\/?product=equipo-de-diagnostico-de-pared\" \/>\n<meta property=\"og:site_name\" content=\"Tu mejor opci\u00f3n Equipo M\u00e9dico M\u00e9xico\" \/>\n<meta property=\"article:modified_time\" content=\"2020-02-18T07:34:04+00:00\" \/>\n<meta property=\"og:image\" content=\"https:\/\/buscoequipomedico.com\/wp-content\/uploads\/2020\/02\/equipo-de-diagnostico-de-pared-transformador-de-pared-s-reloj-35v-oftalmoscopio-led-de-35v-coaxial-otoscopio-led-de-35v-macrovie.jpg\" \/>\n\t<meta property=\"og:image:width\" content=\"800\" \/>\n\t<meta property=\"og:image:height\" content=\"800\" \/>\n\t<meta property=\"og:image:type\" content=\"image\/jpeg\" \/>\n<meta name=\"twitter:card\" content=\"summary_large_image\" \/>\n<script type=\"application\/ld+json\" class=\"yoast-schema-graph\">{\"@context\":\"https:\/\/schema.org\",\"@graph\":[{\"@type\":\"WebPage\",\"@id\":\"https:\/\/buscoequipomedico.com\/?product=equipo-de-diagnostico-de-pared\",\"url\":\"https:\/\/buscoequipomedico.com\/?product=equipo-de-diagnostico-de-pared\",\"name\":\"EQUIPO DE DIAGNOSTICO DE PARED - Tu mejor opci\u00f3n Equipo M\u00e9dico M\u00e9xico\",\"isPartOf\":{\"@id\":\"https:\/\/buscoequipomedico.com\/#website\"},\"primaryImageOfPage\":{\"@id\":\"https:\/\/buscoequipomedico.com\/?product=equipo-de-diagnostico-de-pared#primaryimage\"},\"image\":{\"@id\":\"https:\/\/buscoequipomedico.com\/?product=equipo-de-diagnostico-de-pared#primaryimage\"},\"thumbnailUrl\":\"https:\/\/buscoequipomedico.com\/wp-content\/uploads\/2020\/02\/equipo-de-diagnostico-de-pared-transformador-de-pared-s-reloj-35v-oftalmoscopio-led-de-35v-coaxial-otoscopio-led-de-35v-macrovie.jpg\",\"datePublished\":\"2020-02-18T07:34:02+00:00\",\"dateModified\":\"2020-02-18T07:34:04+00:00\",\"breadcrumb\":{\"@id\":\"https:\/\/buscoequipomedico.com\/?product=equipo-de-diagnostico-de-pared#breadcrumb\"},\"inLanguage\":\"es\",\"potentialAction\":[{\"@type\":\"ReadAction\",\"target\":[\"https:\/\/buscoequipomedico.com\/?product=equipo-de-diagnostico-de-pared\"]}]},{\"@type\":\"ImageObject\",\"inLanguage\":\"es\",\"@id\":\"https:\/\/buscoequipomedico.com\/?product=equipo-de-diagnostico-de-pared#primaryimage\",\"url\":\"https:\/\/buscoequipomedico.com\/wp-content\/uploads\/2020\/02\/equipo-de-diagnostico-de-pared-transformador-de-pared-s-reloj-35v-oftalmoscopio-led-de-35v-coaxial-otoscopio-led-de-35v-macrovie.jpg\",\"contentUrl\":\"https:\/\/buscoequipomedico.com\/wp-content\/uploads\/2020\/02\/equipo-de-diagnostico-de-pared-transformador-de-pared-s-reloj-35v-oftalmoscopio-led-de-35v-coaxial-otoscopio-led-de-35v-macrovie.jpg\",\"width\":800,\"height\":800},{\"@type\":\"BreadcrumbList\",\"@id\":\"https:\/\/buscoequipomedico.com\/?product=equipo-de-diagnostico-de-pared#breadcrumb\",\"itemListElement\":[{\"@type\":\"ListItem\",\"position\":1,\"name\":\"Productos\",\"item\":\"https:\/\/buscoequipomedico.com\/shop\/\"},{\"@type\":\"ListItem\",\"position\":2,\"name\":\"EQUIPO DE DIAGNOSTICO DE PARED\"}]},{\"@type\":\"WebSite\",\"@id\":\"https:\/\/buscoequipomedico.com\/#website\",\"url\":\"https:\/\/buscoequipomedico.com\/\",\"name\":\"Tu mejor opci\u00f3n Equipo M\u00e9dico M\u00e9xico\",\"description\":\"Tienda de equipo m\u00e9dico\",\"publisher\":{\"@id\":\"https:\/\/buscoequipomedico.com\/#organization\"},\"potentialAction\":[{\"@type\":\"SearchAction\",\"target\":{\"@type\":\"EntryPoint\",\"urlTemplate\":\"https:\/\/buscoequipomedico.com\/?s={search_term_string}\"},\"query-input\":{\"@type\":\"PropertyValueSpecification\",\"valueRequired\":true,\"valueName\":\"search_term_string\"}}],\"inLanguage\":\"es\"},{\"@type\":\"Organization\",\"@id\":\"https:\/\/buscoequipomedico.com\/#organization\",\"name\":\"Tu mejor opci\u00f3n Equipo M\u00e9dico M\u00e9xico\",\"url\":\"https:\/\/buscoequipomedico.com\/\",\"logo\":{\"@type\":\"ImageObject\",\"inLanguage\":\"es\",\"@id\":\"https:\/\/buscoequipomedico.com\/#\/schema\/logo\/image\/\",\"url\":\"https:\/\/buscoequipomedico.com\/wp-content\/uploads\/2021\/07\/EMM-VPrincipal-scaled.jpg\",\"contentUrl\":\"https:\/\/buscoequipomedico.com\/wp-content\/uploads\/2021\/07\/EMM-VPrincipal-scaled.jpg\",\"width\":2560,\"height\":1058,\"caption\":\"Tu mejor opci\u00f3n Equipo M\u00e9dico M\u00e9xico\"},\"image\":{\"@id\":\"https:\/\/buscoequipomedico.com\/#\/schema\/logo\/image\/\"}}]}<\/script>\n<!-- \/ Yoast SEO plugin. -->","yoast_head_json":{"title":"EQUIPO DE DIAGNOSTICO DE PARED - Tu mejor opci\u00f3n Equipo M\u00e9dico M\u00e9xico","robots":{"index":"index","follow":"follow","max-snippet":"max-snippet:-1","max-image-preview":"max-image-preview:large","max-video-preview":"max-video-preview:-1"},"canonical":"https:\/\/buscoequipomedico.com\/?product=equipo-de-diagnostico-de-pared","og_locale":"es_ES","og_type":"article","og_title":"EQUIPO DE DIAGNOSTICO DE PARED - Tu mejor opci\u00f3n Equipo M\u00e9dico M\u00e9xico","og_description":"TRANSFORMADOR DE PARED S\/RELOJ 3.5v OFTALMOSCOPIO LED DE 3.5v Coaxial OTOSCOPIO LED DE 3.5v MACROVIEW S\/ILUMINADOR DE GARAGANTA ESPECULO REUSABLE P\/OTOSCOPIO JUEGO CON 4","og_url":"https:\/\/buscoequipomedico.com\/?product=equipo-de-diagnostico-de-pared","og_site_name":"Tu mejor opci\u00f3n Equipo M\u00e9dico M\u00e9xico","article_modified_time":"2020-02-18T07:34:04+00:00","og_image":[{"width":800,"height":800,"url":"https:\/\/buscoequipomedico.com\/wp-content\/uploads\/2020\/02\/equipo-de-diagnostico-de-pared-transformador-de-pared-s-reloj-35v-oftalmoscopio-led-de-35v-coaxial-otoscopio-led-de-35v-macrovie.jpg","type":"image\/jpeg"}],"twitter_card":"summary_large_image","schema":{"@context":"https:\/\/schema.org","@graph":[{"@type":"WebPage","@id":"https:\/\/buscoequipomedico.com\/?product=equipo-de-diagnostico-de-pared","url":"https:\/\/buscoequipomedico.com\/?product=equipo-de-diagnostico-de-pared","name":"EQUIPO DE DIAGNOSTICO DE PARED - Tu mejor opci\u00f3n Equipo M\u00e9dico M\u00e9xico","isPartOf":{"@id":"https:\/\/buscoequipomedico.com\/#website"},"primaryImageOfPage":{"@id":"https:\/\/buscoequipomedico.com\/?product=equipo-de-diagnostico-de-pared#primaryimage"},"image":{"@id":"https:\/\/buscoequipomedico.com\/?product=equipo-de-diagnostico-de-pared#primaryimage"},"thumbnailUrl":"https:\/\/buscoequipomedico.com\/wp-content\/uploads\/2020\/02\/equipo-de-diagnostico-de-pared-transformador-de-pared-s-reloj-35v-oftalmoscopio-led-de-35v-coaxial-otoscopio-led-de-35v-macrovie.jpg","datePublished":"2020-02-18T07:34:02+00:00","dateModified":"2020-02-18T07:34:04+00:00","breadcrumb":{"@id":"https:\/\/buscoequipomedico.com\/?product=equipo-de-diagnostico-de-pared#breadcrumb"},"inLanguage":"es","potentialAction":[{"@type":"ReadAction","target":["https:\/\/buscoequipomedico.com\/?product=equipo-de-diagnostico-de-pared"]}]},{"@type":"ImageObject","inLanguage":"es","@id":"https:\/\/buscoequipomedico.com\/?product=equipo-de-diagnostico-de-pared#primaryimage","url":"https:\/\/buscoequipomedico.com\/wp-content\/uploads\/2020\/02\/equipo-de-diagnostico-de-pared-transformador-de-pared-s-reloj-35v-oftalmoscopio-led-de-35v-coaxial-otoscopio-led-de-35v-macrovie.jpg","contentUrl":"https:\/\/buscoequipomedico.com\/wp-content\/uploads\/2020\/02\/equipo-de-diagnostico-de-pared-transformador-de-pared-s-reloj-35v-oftalmoscopio-led-de-35v-coaxial-otoscopio-led-de-35v-macrovie.jpg","width":800,"height":800},{"@type":"BreadcrumbList","@id":"https:\/\/buscoequipomedico.com\/?product=equipo-de-diagnostico-de-pared#breadcrumb","itemListElement":[{"@type":"ListItem","position":1,"name":"Productos","item":"https:\/\/buscoequipomedico.com\/shop\/"},{"@type":"ListItem","position":2,"name":"EQUIPO DE DIAGNOSTICO DE PARED"}]},{"@type":"WebSite","@id":"https:\/\/buscoequipomedico.com\/#website","url":"https:\/\/buscoequipomedico.com\/","name":"Tu mejor opci\u00f3n Equipo M\u00e9dico M\u00e9xico","description":"Tienda de equipo m\u00e9dico","publisher":{"@id":"https:\/\/buscoequipomedico.com\/#organization"},"potentialAction":[{"@type":"SearchAction","target":{"@type":"EntryPoint","urlTemplate":"https:\/\/buscoequipomedico.com\/?s={search_term_string}"},"query-input":{"@type":"PropertyValueSpecification","valueRequired":true,"valueName":"search_term_string"}}],"inLanguage":"es"},{"@type":"Organization","@id":"https:\/\/buscoequipomedico.com\/#organization","name":"Tu mejor opci\u00f3n Equipo M\u00e9dico M\u00e9xico","url":"https:\/\/buscoequipomedico.com\/","logo":{"@type":"ImageObject","inLanguage":"es","@id":"https:\/\/buscoequipomedico.com\/#\/schema\/logo\/image\/","url":"https:\/\/buscoequipomedico.com\/wp-content\/uploads\/2021\/07\/EMM-VPrincipal-scaled.jpg","contentUrl":"https:\/\/buscoequipomedico.com\/wp-content\/uploads\/2021\/07\/EMM-VPrincipal-scaled.jpg","width":2560,"height":1058,"caption":"Tu mejor opci\u00f3n Equipo M\u00e9dico M\u00e9xico"},"image":{"@id":"https:\/\/buscoequipomedico.com\/#\/schema\/logo\/image\/"}}]}},"_links":{"self":[{"href":"https:\/\/buscoequipomedico.com\/index.php?rest_route=\/wp\/v2\/product\/11871","targetHints":{"allow":["GET"]}}],"collection":[{"href":"https:\/\/buscoequipomedico.com\/index.php?rest_route=\/wp\/v2\/product"}],"about":[{"href":"https:\/\/buscoequipomedico.com\/index.php?rest_route=\/wp\/v2\/types\/product"}],"wp:featuredmedia":[{"embeddable":true,"href":"https:\/\/buscoequipomedico.com\/index.php?rest_route=\/wp\/v2\/media\/11872"}],"wp:attachment":[{"href":"https:\/\/buscoequipomedico.com\/index.php?rest_route=%2Fwp%2Fv2%2Fmedia&parent=11871"}],"wp:term":[{"taxonomy":"product_brand","embeddable":true,"href":"https:\/\/buscoequipomedico.com\/index.php?rest_route=%2Fwp%2Fv2%2Fproduct_brand&post=11871"},{"taxonomy":"product_cat","embeddable":true,"href":"https:\/\/buscoequipomedico.com\/index.php?rest_route=%2Fwp%2Fv2%2Fproduct_cat&post=11871"},{"taxonomy":"product_tag","embeddable":true,"href":"https:\/\/buscoequipomedico.com\/index.php?rest_route=%2Fwp%2Fv2%2Fproduct_tag&post=11871"}],"curies":[{"name":"wp","href":"https:\/\/api.w.org\/{rel}","templated":true}]}}