{"id":11873,"date":"2020-02-18T07:34:07","date_gmt":"2020-02-18T07:34:07","guid":{"rendered":"https:\/\/equipomedicomexico-com.preview-domain.com\/product\/equipo-diagnostico-oftalmico-3-5v-retinoscopio\/"},"modified":"2020-02-18T07:34:09","modified_gmt":"2020-02-18T07:34:09","slug":"equipo-diagnostico-oftalmico-3-5v-retinoscopio","status":"publish","type":"product","link":"https:\/\/buscoequipomedico.com\/?product=equipo-diagnostico-oftalmico-3-5v-retinoscopio","title":{"rendered":"EQUIPO DIAGNOSTICO OFTALMICO 3.5V RETINOSCOPIO"},"content":{"rendered":"<h2>Incluye:<\/h2>\n<\/p>\n<h2>Oftalmoscopio Coaxial de 3.5 V<\/h2>\n<\/p>\n<p>El sistema de visi\u00f3n Coaxial Welch Allyn patentado facilita la oftalmoscopia al permitir una entrada mas f\u00e1cil en el ojo, un campo de visi\u00f3n mas amplio y reducci\u00f3n del resplandor en comparaci\u00f3n con los oftalmoscopios est\u00e1ndar.<\/p>\n<\/p>\n<p>-El bombillo hal\u00f3geno HPX produce una luz para ver el color real del tejido para obtener un rendimiento de larga duraci\u00f3n.<\/p>\n<\/p>\n<p>-El sistema \u00f3ptico Coaxial produce un punto sin sombras, un mejor ingreso en las pupilas no dilatadas y un campo de visi\u00f3n mas amplio en comparaci\u00f3n con oftalmoscopios est\u00e1ndar.<\/p>\n<\/p>\n<p>-Detecta abrasiones de la cornea con el filtro azul cobalto<\/p>\n<\/p>\n<p>-El filtro polarizador pr\u00e1cticamente elimina el reflejo de la cornea<\/p>\n<\/p>\n<p>-18 combinaciones de aperturas\/filtros exclusivos para una mayor versatilidad<\/p>\n<\/p>\n<p>-El filtro libre de rojo se puede utilizar con cualquier apertura<\/p>\n<\/p>\n<p>-28 lentes de enfoque con una gama de dioptr\u00edas de -25 a +40<\/p>\n<\/p>\n<h2>Retinoscopio Elite<\/h2>\n<\/p>\n<p>Hace que las refacciones sean mas f\u00e1ciles que nunca al producir las franjas mas brillantes, n\u00edtidas y limpias disponibles.<\/p>\n<\/p>\n<p>-Es 2.8 veces mas brillante que los retinoscopios est\u00e1ndar<\/p>\n<\/p>\n<p>-La calidad superior de la franja permite refacciones mas f\u00e1ciles y r\u00e1pidas, incluso en pacientes con pupilas peque\u00f1as<\/p>\n<\/p>\n<p>-El filtro polarizador en linea cruzado elimina el molesto resplandor de lentes de prueba, lo que ayuda a realizar ex\u00e1menes mas precisos<\/p>\n<\/p>\n<p>-El control de enfoque externo mejora la comodidad y maniobrabilidad<\/p>\n<\/p>\n<p>-Las \u00f3pticas selladas mantienen los lentes mas limpios para ex\u00e1menes mas eficaces<\/p>\n<\/p>\n<p>-Se adapta a todas las fuentes de alimentaci\u00f3n de 3,5 V de Welch Allyn<\/p>\n<\/p>\n<p>-Para aquellos que prefieren un retinoscopio de punto, el retinoscopio de punto con solo cambiar el bombillo de franja por una bombillo de punto<\/p>\n<\/p>\n<h2>Tarjetas de fijaci\u00f3n para retinoscop\u00eda din\u00e1mica (set de cuatro)<\/h2>\n<\/p>\n<p>Se adhiere r\u00e1pida y f\u00e1cilmente al logotipo magn\u00e9tico del cabezal del instrumento para la retinoscop\u00eda din\u00e1mica.<\/p>\n<\/p>\n<h2>Mango con Bater\u00eda de N\u00edquel-Cadmio Recargable de 3,5 V<\/h2>\n<\/p>\n<p>Una fuente de alimentaci\u00f3n recargable conveniente que se ajusta a todos los cabezales de los instrumentos de 3,5 V.<\/p>\n<p>-Bater\u00eda de n\u00edquel-cadmio recargable incluida.<\/p>\n<\/p>\n<p>-El acabado estriado, suave y no abrasivo asegura una sujeci\u00f3n antideslizante.<\/p>\n<\/p>\n<p>-Construcci\u00f3n de aleaci\u00f3n de bronce cromado para durabilidad y vida \u00fatil confiable.<\/p>\n<\/p>\n<p>-Recargable y tambi\u00e9n se puede convertir para utilizar con bater\u00edas est\u00e1ndar tama\u00f1o C.<\/p>\n<\/p>\n<h2>Estuche r\u00edgido.<\/h2>\n","protected":false},"excerpt":{"rendered":"<p>El Estuche de Diagn\u00f3stico Oftalmico Contiene lo siguiente:<\/p>\n<ul>\n<li>Oftalmoscopio coaxial (WA117120) CON 6 aperturas, filtro verde, 18 Combinaciones de aperturas, 28 lentes de -25 a +40 dioptr\u00edas.<\/li>\n<li>Retinoscopio Elite de la Franja y \/ o punto, filtro polarizador de l\u00edneas cruzadas.<\/li>\n<li>Mango Recargable y convertible (WA71000-C).\u00a0Se Conecta Directo a la Energ\u00eda El\u00e9ctrica para cargar La Bater\u00eda o en el cargador de Escritorios, igual PUEDE utilizarse con 2 Bater\u00edas Tipo \u00abC\u00bb con el Convertidor Que Trae El Mango.<\/li>\n<li>Estuche R\u00edgido Modelo WA05259-M.<\/li>\n<\/ul>\n","protected":false},"featured_media":11900,"template":"","meta":{"_joinchat":[]},"product_brand":[],"product_cat":[244],"product_tag":[],"class_list":{"0":"post-11873","1":"product","2":"type-product","3":"status-publish","4":"has-post-thumbnail","6":"product_cat-equipos-de-diagnostico","7":"pa_marca-welch-allyn","9":"first","10":"instock","11":"purchasable","12":"product-type-simple"},"yoast_head":"<!-- This site is optimized with the Yoast SEO plugin v25.1 - https:\/\/yoast.com\/wordpress\/plugins\/seo\/ -->\n<title>EQUIPO DIAGNOSTICO OFTALMICO 3.5V RETINOSCOPIO - Tu mejor opci\u00f3n Equipo M\u00e9dico M\u00e9xico<\/title>\n<meta name=\"robots\" content=\"index, follow, max-snippet:-1, max-image-preview:large, max-video-preview:-1\" \/>\n<link rel=\"canonical\" href=\"https:\/\/buscoequipomedico.com\/?product=equipo-diagnostico-oftalmico-3-5v-retinoscopio\" \/>\n<meta property=\"og:locale\" content=\"es_ES\" \/>\n<meta property=\"og:type\" content=\"article\" \/>\n<meta property=\"og:title\" content=\"EQUIPO DIAGNOSTICO OFTALMICO 3.5V RETINOSCOPIO - Tu mejor opci\u00f3n Equipo M\u00e9dico M\u00e9xico\" \/>\n<meta property=\"og:description\" content=\"El Estuche de Diagn\u00f3stico Oftalmico Contiene lo siguiente: Oftalmoscopio coaxial (WA117120) CON 6 aperturas, filtro verde, 18 Combinaciones de aperturas, 28 lentes de -25 a +40 dioptr\u00edas. Retinoscopio Elite de la Franja y \/ o punto, filtro polarizador de l\u00edneas cruzadas. Mango Recargable y convertible (WA71000-C).\u00a0Se Conecta Directo a la Energ\u00eda El\u00e9ctrica para cargar La Bater\u00eda o en el cargador de Escritorios, igual PUEDE utilizarse con 2 Bater\u00edas Tipo &quot;C&quot; con el Convertidor Que Trae El Mango. Estuche R\u00edgido Modelo WA05259-M.\" \/>\n<meta property=\"og:url\" content=\"https:\/\/buscoequipomedico.com\/?product=equipo-diagnostico-oftalmico-3-5v-retinoscopio\" \/>\n<meta property=\"og:site_name\" content=\"Tu mejor opci\u00f3n Equipo M\u00e9dico M\u00e9xico\" \/>\n<meta property=\"article:modified_time\" content=\"2020-02-18T07:34:09+00:00\" \/>\n<meta property=\"og:image\" content=\"https:\/\/buscoequipomedico.com\/wp-content\/uploads\/2020\/02\/equipo-diagnostico-oftalmico-35v-retinoscopio-el-estuche-de-diagnostico-oftalmico-contiene-lo-siguiente-oftalmoscopio-coaxial-wa.jpg\" \/>\n\t<meta property=\"og:image:width\" content=\"800\" \/>\n\t<meta property=\"og:image:height\" content=\"800\" \/>\n\t<meta property=\"og:image:type\" content=\"image\/png\" \/>\n<meta name=\"twitter:card\" content=\"summary_large_image\" \/>\n<meta name=\"twitter:label1\" content=\"Tiempo de lectura\" \/>\n\t<meta name=\"twitter:data1\" content=\"2 minutos\" \/>\n<script type=\"application\/ld+json\" class=\"yoast-schema-graph\">{\"@context\":\"https:\/\/schema.org\",\"@graph\":[{\"@type\":\"WebPage\",\"@id\":\"https:\/\/buscoequipomedico.com\/?product=equipo-diagnostico-oftalmico-3-5v-retinoscopio\",\"url\":\"https:\/\/buscoequipomedico.com\/?product=equipo-diagnostico-oftalmico-3-5v-retinoscopio\",\"name\":\"EQUIPO DIAGNOSTICO OFTALMICO 3.5V RETINOSCOPIO - Tu mejor opci\u00f3n Equipo M\u00e9dico M\u00e9xico\",\"isPartOf\":{\"@id\":\"https:\/\/buscoequipomedico.com\/#website\"},\"primaryImageOfPage\":{\"@id\":\"https:\/\/buscoequipomedico.com\/?product=equipo-diagnostico-oftalmico-3-5v-retinoscopio#primaryimage\"},\"image\":{\"@id\":\"https:\/\/buscoequipomedico.com\/?product=equipo-diagnostico-oftalmico-3-5v-retinoscopio#primaryimage\"},\"thumbnailUrl\":\"https:\/\/buscoequipomedico.com\/wp-content\/uploads\/2020\/02\/equipo-diagnostico-oftalmico-35v-retinoscopio-el-estuche-de-diagnostico-oftalmico-contiene-lo-siguiente-oftalmoscopio-coaxial-wa.jpg\",\"datePublished\":\"2020-02-18T07:34:07+00:00\",\"dateModified\":\"2020-02-18T07:34:09+00:00\",\"breadcrumb\":{\"@id\":\"https:\/\/buscoequipomedico.com\/?product=equipo-diagnostico-oftalmico-3-5v-retinoscopio#breadcrumb\"},\"inLanguage\":\"es\",\"potentialAction\":[{\"@type\":\"ReadAction\",\"target\":[\"https:\/\/buscoequipomedico.com\/?product=equipo-diagnostico-oftalmico-3-5v-retinoscopio\"]}]},{\"@type\":\"ImageObject\",\"inLanguage\":\"es\",\"@id\":\"https:\/\/buscoequipomedico.com\/?product=equipo-diagnostico-oftalmico-3-5v-retinoscopio#primaryimage\",\"url\":\"https:\/\/buscoequipomedico.com\/wp-content\/uploads\/2020\/02\/equipo-diagnostico-oftalmico-35v-retinoscopio-el-estuche-de-diagnostico-oftalmico-contiene-lo-siguiente-oftalmoscopio-coaxial-wa.jpg\",\"contentUrl\":\"https:\/\/buscoequipomedico.com\/wp-content\/uploads\/2020\/02\/equipo-diagnostico-oftalmico-35v-retinoscopio-el-estuche-de-diagnostico-oftalmico-contiene-lo-siguiente-oftalmoscopio-coaxial-wa.jpg\",\"width\":800,\"height\":800},{\"@type\":\"BreadcrumbList\",\"@id\":\"https:\/\/buscoequipomedico.com\/?product=equipo-diagnostico-oftalmico-3-5v-retinoscopio#breadcrumb\",\"itemListElement\":[{\"@type\":\"ListItem\",\"position\":1,\"name\":\"Productos\",\"item\":\"https:\/\/buscoequipomedico.com\/shop\/\"},{\"@type\":\"ListItem\",\"position\":2,\"name\":\"EQUIPO DIAGNOSTICO OFTALMICO 3.5V RETINOSCOPIO\"}]},{\"@type\":\"WebSite\",\"@id\":\"https:\/\/buscoequipomedico.com\/#website\",\"url\":\"https:\/\/buscoequipomedico.com\/\",\"name\":\"Tu mejor opci\u00f3n Equipo M\u00e9dico M\u00e9xico\",\"description\":\"Tienda de equipo m\u00e9dico\",\"publisher\":{\"@id\":\"https:\/\/buscoequipomedico.com\/#organization\"},\"potentialAction\":[{\"@type\":\"SearchAction\",\"target\":{\"@type\":\"EntryPoint\",\"urlTemplate\":\"https:\/\/buscoequipomedico.com\/?s={search_term_string}\"},\"query-input\":{\"@type\":\"PropertyValueSpecification\",\"valueRequired\":true,\"valueName\":\"search_term_string\"}}],\"inLanguage\":\"es\"},{\"@type\":\"Organization\",\"@id\":\"https:\/\/buscoequipomedico.com\/#organization\",\"name\":\"Tu mejor opci\u00f3n Equipo M\u00e9dico M\u00e9xico\",\"url\":\"https:\/\/buscoequipomedico.com\/\",\"logo\":{\"@type\":\"ImageObject\",\"inLanguage\":\"es\",\"@id\":\"https:\/\/buscoequipomedico.com\/#\/schema\/logo\/image\/\",\"url\":\"https:\/\/buscoequipomedico.com\/wp-content\/uploads\/2021\/07\/EMM-VPrincipal-scaled.jpg\",\"contentUrl\":\"https:\/\/buscoequipomedico.com\/wp-content\/uploads\/2021\/07\/EMM-VPrincipal-scaled.jpg\",\"width\":2560,\"height\":1058,\"caption\":\"Tu mejor opci\u00f3n Equipo M\u00e9dico M\u00e9xico\"},\"image\":{\"@id\":\"https:\/\/buscoequipomedico.com\/#\/schema\/logo\/image\/\"}}]}<\/script>\n<!-- \/ Yoast SEO plugin. -->","yoast_head_json":{"title":"EQUIPO DIAGNOSTICO OFTALMICO 3.5V RETINOSCOPIO - Tu mejor opci\u00f3n Equipo M\u00e9dico M\u00e9xico","robots":{"index":"index","follow":"follow","max-snippet":"max-snippet:-1","max-image-preview":"max-image-preview:large","max-video-preview":"max-video-preview:-1"},"canonical":"https:\/\/buscoequipomedico.com\/?product=equipo-diagnostico-oftalmico-3-5v-retinoscopio","og_locale":"es_ES","og_type":"article","og_title":"EQUIPO DIAGNOSTICO OFTALMICO 3.5V RETINOSCOPIO - Tu mejor opci\u00f3n Equipo M\u00e9dico M\u00e9xico","og_description":"El Estuche de Diagn\u00f3stico Oftalmico Contiene lo siguiente: Oftalmoscopio coaxial (WA117120) CON 6 aperturas, filtro verde, 18 Combinaciones de aperturas, 28 lentes de -25 a +40 dioptr\u00edas. Retinoscopio Elite de la Franja y \/ o punto, filtro polarizador de l\u00edneas cruzadas. Mango Recargable y convertible (WA71000-C).\u00a0Se Conecta Directo a la Energ\u00eda El\u00e9ctrica para cargar La Bater\u00eda o en el cargador de Escritorios, igual PUEDE utilizarse con 2 Bater\u00edas Tipo \"C\" con el Convertidor Que Trae El Mango. Estuche R\u00edgido Modelo WA05259-M.","og_url":"https:\/\/buscoequipomedico.com\/?product=equipo-diagnostico-oftalmico-3-5v-retinoscopio","og_site_name":"Tu mejor opci\u00f3n Equipo M\u00e9dico M\u00e9xico","article_modified_time":"2020-02-18T07:34:09+00:00","og_image":[{"width":800,"height":800,"url":"https:\/\/buscoequipomedico.com\/wp-content\/uploads\/2020\/02\/equipo-diagnostico-oftalmico-35v-retinoscopio-el-estuche-de-diagnostico-oftalmico-contiene-lo-siguiente-oftalmoscopio-coaxial-wa.jpg","type":"image\/png"}],"twitter_card":"summary_large_image","twitter_misc":{"Tiempo de lectura":"2 minutos"},"schema":{"@context":"https:\/\/schema.org","@graph":[{"@type":"WebPage","@id":"https:\/\/buscoequipomedico.com\/?product=equipo-diagnostico-oftalmico-3-5v-retinoscopio","url":"https:\/\/buscoequipomedico.com\/?product=equipo-diagnostico-oftalmico-3-5v-retinoscopio","name":"EQUIPO DIAGNOSTICO OFTALMICO 3.5V RETINOSCOPIO - Tu mejor opci\u00f3n Equipo M\u00e9dico M\u00e9xico","isPartOf":{"@id":"https:\/\/buscoequipomedico.com\/#website"},"primaryImageOfPage":{"@id":"https:\/\/buscoequipomedico.com\/?product=equipo-diagnostico-oftalmico-3-5v-retinoscopio#primaryimage"},"image":{"@id":"https:\/\/buscoequipomedico.com\/?product=equipo-diagnostico-oftalmico-3-5v-retinoscopio#primaryimage"},"thumbnailUrl":"https:\/\/buscoequipomedico.com\/wp-content\/uploads\/2020\/02\/equipo-diagnostico-oftalmico-35v-retinoscopio-el-estuche-de-diagnostico-oftalmico-contiene-lo-siguiente-oftalmoscopio-coaxial-wa.jpg","datePublished":"2020-02-18T07:34:07+00:00","dateModified":"2020-02-18T07:34:09+00:00","breadcrumb":{"@id":"https:\/\/buscoequipomedico.com\/?product=equipo-diagnostico-oftalmico-3-5v-retinoscopio#breadcrumb"},"inLanguage":"es","potentialAction":[{"@type":"ReadAction","target":["https:\/\/buscoequipomedico.com\/?product=equipo-diagnostico-oftalmico-3-5v-retinoscopio"]}]},{"@type":"ImageObject","inLanguage":"es","@id":"https:\/\/buscoequipomedico.com\/?product=equipo-diagnostico-oftalmico-3-5v-retinoscopio#primaryimage","url":"https:\/\/buscoequipomedico.com\/wp-content\/uploads\/2020\/02\/equipo-diagnostico-oftalmico-35v-retinoscopio-el-estuche-de-diagnostico-oftalmico-contiene-lo-siguiente-oftalmoscopio-coaxial-wa.jpg","contentUrl":"https:\/\/buscoequipomedico.com\/wp-content\/uploads\/2020\/02\/equipo-diagnostico-oftalmico-35v-retinoscopio-el-estuche-de-diagnostico-oftalmico-contiene-lo-siguiente-oftalmoscopio-coaxial-wa.jpg","width":800,"height":800},{"@type":"BreadcrumbList","@id":"https:\/\/buscoequipomedico.com\/?product=equipo-diagnostico-oftalmico-3-5v-retinoscopio#breadcrumb","itemListElement":[{"@type":"ListItem","position":1,"name":"Productos","item":"https:\/\/buscoequipomedico.com\/shop\/"},{"@type":"ListItem","position":2,"name":"EQUIPO DIAGNOSTICO OFTALMICO 3.5V RETINOSCOPIO"}]},{"@type":"WebSite","@id":"https:\/\/buscoequipomedico.com\/#website","url":"https:\/\/buscoequipomedico.com\/","name":"Tu mejor opci\u00f3n Equipo M\u00e9dico M\u00e9xico","description":"Tienda de equipo m\u00e9dico","publisher":{"@id":"https:\/\/buscoequipomedico.com\/#organization"},"potentialAction":[{"@type":"SearchAction","target":{"@type":"EntryPoint","urlTemplate":"https:\/\/buscoequipomedico.com\/?s={search_term_string}"},"query-input":{"@type":"PropertyValueSpecification","valueRequired":true,"valueName":"search_term_string"}}],"inLanguage":"es"},{"@type":"Organization","@id":"https:\/\/buscoequipomedico.com\/#organization","name":"Tu mejor opci\u00f3n Equipo M\u00e9dico M\u00e9xico","url":"https:\/\/buscoequipomedico.com\/","logo":{"@type":"ImageObject","inLanguage":"es","@id":"https:\/\/buscoequipomedico.com\/#\/schema\/logo\/image\/","url":"https:\/\/buscoequipomedico.com\/wp-content\/uploads\/2021\/07\/EMM-VPrincipal-scaled.jpg","contentUrl":"https:\/\/buscoequipomedico.com\/wp-content\/uploads\/2021\/07\/EMM-VPrincipal-scaled.jpg","width":2560,"height":1058,"caption":"Tu mejor opci\u00f3n Equipo M\u00e9dico M\u00e9xico"},"image":{"@id":"https:\/\/buscoequipomedico.com\/#\/schema\/logo\/image\/"}}]}},"_links":{"self":[{"href":"https:\/\/buscoequipomedico.com\/index.php?rest_route=\/wp\/v2\/product\/11873","targetHints":{"allow":["GET"]}}],"collection":[{"href":"https:\/\/buscoequipomedico.com\/index.php?rest_route=\/wp\/v2\/product"}],"about":[{"href":"https:\/\/buscoequipomedico.com\/index.php?rest_route=\/wp\/v2\/types\/product"}],"wp:featuredmedia":[{"embeddable":true,"href":"https:\/\/buscoequipomedico.com\/index.php?rest_route=\/wp\/v2\/media\/11900"}],"wp:attachment":[{"href":"https:\/\/buscoequipomedico.com\/index.php?rest_route=%2Fwp%2Fv2%2Fmedia&parent=11873"}],"wp:term":[{"taxonomy":"product_brand","embeddable":true,"href":"https:\/\/buscoequipomedico.com\/index.php?rest_route=%2Fwp%2Fv2%2Fproduct_brand&post=11873"},{"taxonomy":"product_cat","embeddable":true,"href":"https:\/\/buscoequipomedico.com\/index.php?rest_route=%2Fwp%2Fv2%2Fproduct_cat&post=11873"},{"taxonomy":"product_tag","embeddable":true,"href":"https:\/\/buscoequipomedico.com\/index.php?rest_route=%2Fwp%2Fv2%2Fproduct_tag&post=11873"}],"curies":[{"name":"wp","href":"https:\/\/api.w.org\/{rel}","templated":true}]}}