{"id":11875,"date":"2020-02-18T07:34:07","date_gmt":"2020-02-18T07:34:07","guid":{"rendered":"https:\/\/equipomedicomexico-com.preview-domain.com\/product\/equipo-diagnostico-recargable-halogeno-3-5v-bateria-litio\/"},"modified":"2020-02-18T07:34:09","modified_gmt":"2020-02-18T07:34:09","slug":"equipo-diagnostico-recargable-halogeno-3-5v-bateria-litio","status":"publish","type":"product","link":"https:\/\/buscoequipomedico.com\/?product=equipo-diagnostico-recargable-halogeno-3-5v-bateria-litio","title":{"rendered":"EQUIPO DIAGNOSTICO RECARGABLE HALOGENO 3.5V BATERIA LITIO"},"content":{"rendered":"<h1>ESTUCHE DE DIAGN\u00d3STICO 3.5 V, RECARGABLE, BATER\u00cdA DE LITIO<\/h1>\n<h2>Oftalmoscopio Coaxial de 3,5 V<\/h2>\n<p>El sistema de visi\u00f3n Coaxial Welch Allyn patentado facilita la oftalmoscopia al permitir una entrada m\u00e1s f\u00e1cil en el ojo, un campo de visi\u00f3n m\u00e1s amplio y reducci\u00f3n del resplandor en comparaci\u00f3n con los oftalmoscopios est\u00e1ndar.<\/p>\n<ul>\n<li>El bombillo hal\u00f3geno HPX\u00ae produce una luz para ver el color real del tejido y para obtener un rendimiento de larga duraci\u00f3n.<\/li>\n<li>El sistema \u00f3ptico Coaxial produce un punto sin sombras, un mejor ingreso en las pupilas no dilatadas y un campo de visi\u00f3n m\u00e1s amplio en comparaci\u00f3n con oftalmoscopios est\u00e1ndar.<\/li>\n<li>Detecta abrasiones de la c\u00f3rnea con el filtro azul cobalto.<\/li>\n<li>El filtro polarizador pr\u00e1cticamente elimina el reflejo de la c\u00f3rnea.<\/li>\n<li>18 combinaciones de aperturas\/filtros exclusivos para una mayor versatilidad.<\/li>\n<li>El filtro libre de rojo se puede utilizar con cualquier apertura.<\/li>\n<li>28 lentes de enfoque con una gama de dioptr\u00edas de -25 a +40.<\/li>\n<\/ul>\n<p>Aperturas para Oftalmoscopio Coaxial de 3,5 V:<\/p>\n<ul>\n<li>Micro punto, permite el ingreso r\u00e1pido en pupilas peque\u00f1as no dilatadas.<\/li>\n<li>Peque\u00f1a, ofrece una excelente vista del fondo del ojo a trav\u00e9s de una pupila no dilatada.<\/li>\n<li>Grande, est\u00e1ndar para una pupila dilatada y un examen general del ojo.<\/li>\n<li>Fijaci\u00f3n, tiene un punto de mira graduado para medir la fijaci\u00f3n exc\u00e9ntrica o localizar las lesiones.<\/li>\n<li>Filtro de Cobalto, se utiliza con fluorescina para ver lesiones peque\u00f1as, abrasiones y objetos extra\u00f1os en la c\u00f3rnea.<\/li>\n<li>Ranura, utilizada para determinar los niveles de lesiones y tumores.<\/li>\n<li>Filtro Libre de Rojo, excluye del campo del examen los rayos rojos para una identificaci\u00f3n f\u00e1cil de las venas, arterias y fibras nerviosas.<\/li>\n<\/ul>\n<h2>Otoscopio con iluminador de garganta<\/h2>\n<\/p>\n<ul>\n<li>Una vista casi completa de la membrana timp\u00e1nica con aproximadamente el doble del campo de visi\u00f3n y una magnificaci\u00f3n 30% mayor que un otoscopio tradicional.<\/li>\n<li>Mejor claridad y definici\u00f3n de puntos de referencia.<\/li>\n<li>Capacidad de ajustar el enfoque para canal auditivo con longitud variable y ojos con hipermetrop\u00eda.<\/li>\n<li>Sujeci\u00f3n de la punta para ajuste y expulsi\u00f3n f\u00e1ciles de esp\u00e9culos \u00f3ticos.<\/li>\n<li>La fibra \u00f3ptica emite luz fr\u00eda sin reflejos ni obstrucciones.<\/li>\n<\/ul>\n<h2>Mango con Bater\u00eda de Ion Litio Recargables de 3,5 V con m\u00f3dulo de carga<\/h2>\n<p>Dos veces m\u00e1s tiempo, la mitad del peso y se ajusta c\u00f3modamente en la mano.<\/p>\n<ul>\n<li>La mitad del peso de los mangos tradicionales de 3,5 V.<\/li>\n<li>Se adapta a todos los cabezales de instrumentos de 3,5 V Welch Allyn.<\/li>\n<li>120 minutos de encendido (en comparaci\u00f3n con los 60 minutos para los mangos con bater\u00eda de n\u00edquel-cadmio).<\/li>\n<li>Elaborado con resina de alta ingenier\u00eda CYCOLOY resistente.<\/li>\n<li>Indicador de bater\u00eda baja.<\/li>\n<li>Tecnolog\u00eda de bater\u00eda de ion litio que no tiene efecto ?memoria?.<\/li>\n<li>El m\u00f3dulo de carga de corriente alterna se puede remover f\u00e1cilmente del mango y tiene patas retr\u00e1ctiles AC (solo modelo 71900).<\/li>\n<\/ul>\n<h2>Estuche r\u00edgido<\/h2>\n","protected":false},"excerpt":{"rendered":"<ul>\n<li>WA11720 Oftalmoscopio Coaxial de Luz Hal\u00f3gena de 3.5V<\/li>\n<li>WA20000 Otoscopio de Diagn\u00f3stico de 3,5V con Iluminador de Garganta<\/li>\n<li>WA71900 Mango Recargable de Bater\u00eda De Ion-Litio 3.5V<\/li>\n<li>WA05259-M Estuche para Equipos de Diagnostico 3.5V Welch Allyn<\/li>\n<\/ul>\n","protected":false},"featured_media":11901,"template":"","meta":{"_joinchat":[]},"product_brand":[],"product_cat":[244],"product_tag":[],"class_list":{"0":"post-11875","1":"product","2":"type-product","3":"status-publish","4":"has-post-thumbnail","6":"product_cat-equipos-de-diagnostico","8":"first","9":"instock","10":"purchasable","11":"product-type-simple"},"yoast_head":"<!-- This site is optimized with the Yoast SEO plugin v25.1 - https:\/\/yoast.com\/wordpress\/plugins\/seo\/ -->\n<title>EQUIPO DIAGNOSTICO RECARGABLE HALOGENO 3.5V BATERIA LITIO - Tu mejor opci\u00f3n Equipo M\u00e9dico M\u00e9xico<\/title>\n<meta name=\"robots\" content=\"index, follow, max-snippet:-1, max-image-preview:large, max-video-preview:-1\" \/>\n<link rel=\"canonical\" href=\"https:\/\/buscoequipomedico.com\/?product=equipo-diagnostico-recargable-halogeno-3-5v-bateria-litio\" \/>\n<meta property=\"og:locale\" content=\"es_ES\" \/>\n<meta property=\"og:type\" content=\"article\" \/>\n<meta property=\"og:title\" content=\"EQUIPO DIAGNOSTICO RECARGABLE HALOGENO 3.5V BATERIA LITIO - Tu mejor opci\u00f3n Equipo M\u00e9dico M\u00e9xico\" \/>\n<meta property=\"og:description\" content=\"WA11720 Oftalmoscopio Coaxial de Luz Hal\u00f3gena de 3.5V WA20000 Otoscopio de Diagn\u00f3stico de 3,5V con Iluminador de Garganta WA71900 Mango Recargable de Bater\u00eda De Ion-Litio 3.5V WA05259-M Estuche para Equipos de Diagnostico 3.5V Welch Allyn\" \/>\n<meta property=\"og:url\" content=\"https:\/\/buscoequipomedico.com\/?product=equipo-diagnostico-recargable-halogeno-3-5v-bateria-litio\" \/>\n<meta property=\"og:site_name\" content=\"Tu mejor opci\u00f3n Equipo M\u00e9dico M\u00e9xico\" \/>\n<meta property=\"article:modified_time\" content=\"2020-02-18T07:34:09+00:00\" \/>\n<meta property=\"og:image\" content=\"https:\/\/buscoequipomedico.com\/wp-content\/uploads\/2020\/02\/equipo-diagnostico-recargable-halogeno-35v-bateria-litio-wa11720-oftalmoscopio-coaxial-de-luz-halogena-de-35v-wa20000-otoscopio.jpg\" \/>\n\t<meta property=\"og:image:width\" content=\"800\" \/>\n\t<meta property=\"og:image:height\" content=\"800\" \/>\n\t<meta property=\"og:image:type\" content=\"image\/png\" \/>\n<meta name=\"twitter:card\" content=\"summary_large_image\" \/>\n<meta name=\"twitter:label1\" content=\"Tiempo de lectura\" \/>\n\t<meta name=\"twitter:data1\" content=\"3 minutos\" \/>\n<script type=\"application\/ld+json\" class=\"yoast-schema-graph\">{\"@context\":\"https:\/\/schema.org\",\"@graph\":[{\"@type\":\"WebPage\",\"@id\":\"https:\/\/buscoequipomedico.com\/?product=equipo-diagnostico-recargable-halogeno-3-5v-bateria-litio\",\"url\":\"https:\/\/buscoequipomedico.com\/?product=equipo-diagnostico-recargable-halogeno-3-5v-bateria-litio\",\"name\":\"EQUIPO DIAGNOSTICO RECARGABLE HALOGENO 3.5V BATERIA LITIO - Tu mejor opci\u00f3n Equipo M\u00e9dico M\u00e9xico\",\"isPartOf\":{\"@id\":\"https:\/\/buscoequipomedico.com\/#website\"},\"primaryImageOfPage\":{\"@id\":\"https:\/\/buscoequipomedico.com\/?product=equipo-diagnostico-recargable-halogeno-3-5v-bateria-litio#primaryimage\"},\"image\":{\"@id\":\"https:\/\/buscoequipomedico.com\/?product=equipo-diagnostico-recargable-halogeno-3-5v-bateria-litio#primaryimage\"},\"thumbnailUrl\":\"https:\/\/buscoequipomedico.com\/wp-content\/uploads\/2020\/02\/equipo-diagnostico-recargable-halogeno-35v-bateria-litio-wa11720-oftalmoscopio-coaxial-de-luz-halogena-de-35v-wa20000-otoscopio.jpg\",\"datePublished\":\"2020-02-18T07:34:07+00:00\",\"dateModified\":\"2020-02-18T07:34:09+00:00\",\"breadcrumb\":{\"@id\":\"https:\/\/buscoequipomedico.com\/?product=equipo-diagnostico-recargable-halogeno-3-5v-bateria-litio#breadcrumb\"},\"inLanguage\":\"es\",\"potentialAction\":[{\"@type\":\"ReadAction\",\"target\":[\"https:\/\/buscoequipomedico.com\/?product=equipo-diagnostico-recargable-halogeno-3-5v-bateria-litio\"]}]},{\"@type\":\"ImageObject\",\"inLanguage\":\"es\",\"@id\":\"https:\/\/buscoequipomedico.com\/?product=equipo-diagnostico-recargable-halogeno-3-5v-bateria-litio#primaryimage\",\"url\":\"https:\/\/buscoequipomedico.com\/wp-content\/uploads\/2020\/02\/equipo-diagnostico-recargable-halogeno-35v-bateria-litio-wa11720-oftalmoscopio-coaxial-de-luz-halogena-de-35v-wa20000-otoscopio.jpg\",\"contentUrl\":\"https:\/\/buscoequipomedico.com\/wp-content\/uploads\/2020\/02\/equipo-diagnostico-recargable-halogeno-35v-bateria-litio-wa11720-oftalmoscopio-coaxial-de-luz-halogena-de-35v-wa20000-otoscopio.jpg\",\"width\":800,\"height\":800},{\"@type\":\"BreadcrumbList\",\"@id\":\"https:\/\/buscoequipomedico.com\/?product=equipo-diagnostico-recargable-halogeno-3-5v-bateria-litio#breadcrumb\",\"itemListElement\":[{\"@type\":\"ListItem\",\"position\":1,\"name\":\"Productos\",\"item\":\"https:\/\/buscoequipomedico.com\/shop\/\"},{\"@type\":\"ListItem\",\"position\":2,\"name\":\"EQUIPO DIAGNOSTICO RECARGABLE HALOGENO 3.5V BATERIA LITIO\"}]},{\"@type\":\"WebSite\",\"@id\":\"https:\/\/buscoequipomedico.com\/#website\",\"url\":\"https:\/\/buscoequipomedico.com\/\",\"name\":\"Tu mejor opci\u00f3n Equipo M\u00e9dico M\u00e9xico\",\"description\":\"Tienda de equipo m\u00e9dico\",\"publisher\":{\"@id\":\"https:\/\/buscoequipomedico.com\/#organization\"},\"potentialAction\":[{\"@type\":\"SearchAction\",\"target\":{\"@type\":\"EntryPoint\",\"urlTemplate\":\"https:\/\/buscoequipomedico.com\/?s={search_term_string}\"},\"query-input\":{\"@type\":\"PropertyValueSpecification\",\"valueRequired\":true,\"valueName\":\"search_term_string\"}}],\"inLanguage\":\"es\"},{\"@type\":\"Organization\",\"@id\":\"https:\/\/buscoequipomedico.com\/#organization\",\"name\":\"Tu mejor opci\u00f3n Equipo M\u00e9dico M\u00e9xico\",\"url\":\"https:\/\/buscoequipomedico.com\/\",\"logo\":{\"@type\":\"ImageObject\",\"inLanguage\":\"es\",\"@id\":\"https:\/\/buscoequipomedico.com\/#\/schema\/logo\/image\/\",\"url\":\"https:\/\/buscoequipomedico.com\/wp-content\/uploads\/2021\/07\/EMM-VPrincipal-scaled.jpg\",\"contentUrl\":\"https:\/\/buscoequipomedico.com\/wp-content\/uploads\/2021\/07\/EMM-VPrincipal-scaled.jpg\",\"width\":2560,\"height\":1058,\"caption\":\"Tu mejor opci\u00f3n Equipo M\u00e9dico M\u00e9xico\"},\"image\":{\"@id\":\"https:\/\/buscoequipomedico.com\/#\/schema\/logo\/image\/\"}}]}<\/script>\n<!-- \/ Yoast SEO plugin. -->","yoast_head_json":{"title":"EQUIPO DIAGNOSTICO RECARGABLE HALOGENO 3.5V BATERIA LITIO - Tu mejor opci\u00f3n Equipo M\u00e9dico M\u00e9xico","robots":{"index":"index","follow":"follow","max-snippet":"max-snippet:-1","max-image-preview":"max-image-preview:large","max-video-preview":"max-video-preview:-1"},"canonical":"https:\/\/buscoequipomedico.com\/?product=equipo-diagnostico-recargable-halogeno-3-5v-bateria-litio","og_locale":"es_ES","og_type":"article","og_title":"EQUIPO DIAGNOSTICO RECARGABLE HALOGENO 3.5V BATERIA LITIO - Tu mejor opci\u00f3n Equipo M\u00e9dico M\u00e9xico","og_description":"WA11720 Oftalmoscopio Coaxial de Luz Hal\u00f3gena de 3.5V WA20000 Otoscopio de Diagn\u00f3stico de 3,5V con Iluminador de Garganta WA71900 Mango Recargable de Bater\u00eda De Ion-Litio 3.5V WA05259-M Estuche para Equipos de Diagnostico 3.5V Welch Allyn","og_url":"https:\/\/buscoequipomedico.com\/?product=equipo-diagnostico-recargable-halogeno-3-5v-bateria-litio","og_site_name":"Tu mejor opci\u00f3n Equipo M\u00e9dico M\u00e9xico","article_modified_time":"2020-02-18T07:34:09+00:00","og_image":[{"width":800,"height":800,"url":"https:\/\/buscoequipomedico.com\/wp-content\/uploads\/2020\/02\/equipo-diagnostico-recargable-halogeno-35v-bateria-litio-wa11720-oftalmoscopio-coaxial-de-luz-halogena-de-35v-wa20000-otoscopio.jpg","type":"image\/png"}],"twitter_card":"summary_large_image","twitter_misc":{"Tiempo de lectura":"3 minutos"},"schema":{"@context":"https:\/\/schema.org","@graph":[{"@type":"WebPage","@id":"https:\/\/buscoequipomedico.com\/?product=equipo-diagnostico-recargable-halogeno-3-5v-bateria-litio","url":"https:\/\/buscoequipomedico.com\/?product=equipo-diagnostico-recargable-halogeno-3-5v-bateria-litio","name":"EQUIPO DIAGNOSTICO RECARGABLE HALOGENO 3.5V BATERIA LITIO - Tu mejor opci\u00f3n Equipo M\u00e9dico M\u00e9xico","isPartOf":{"@id":"https:\/\/buscoequipomedico.com\/#website"},"primaryImageOfPage":{"@id":"https:\/\/buscoequipomedico.com\/?product=equipo-diagnostico-recargable-halogeno-3-5v-bateria-litio#primaryimage"},"image":{"@id":"https:\/\/buscoequipomedico.com\/?product=equipo-diagnostico-recargable-halogeno-3-5v-bateria-litio#primaryimage"},"thumbnailUrl":"https:\/\/buscoequipomedico.com\/wp-content\/uploads\/2020\/02\/equipo-diagnostico-recargable-halogeno-35v-bateria-litio-wa11720-oftalmoscopio-coaxial-de-luz-halogena-de-35v-wa20000-otoscopio.jpg","datePublished":"2020-02-18T07:34:07+00:00","dateModified":"2020-02-18T07:34:09+00:00","breadcrumb":{"@id":"https:\/\/buscoequipomedico.com\/?product=equipo-diagnostico-recargable-halogeno-3-5v-bateria-litio#breadcrumb"},"inLanguage":"es","potentialAction":[{"@type":"ReadAction","target":["https:\/\/buscoequipomedico.com\/?product=equipo-diagnostico-recargable-halogeno-3-5v-bateria-litio"]}]},{"@type":"ImageObject","inLanguage":"es","@id":"https:\/\/buscoequipomedico.com\/?product=equipo-diagnostico-recargable-halogeno-3-5v-bateria-litio#primaryimage","url":"https:\/\/buscoequipomedico.com\/wp-content\/uploads\/2020\/02\/equipo-diagnostico-recargable-halogeno-35v-bateria-litio-wa11720-oftalmoscopio-coaxial-de-luz-halogena-de-35v-wa20000-otoscopio.jpg","contentUrl":"https:\/\/buscoequipomedico.com\/wp-content\/uploads\/2020\/02\/equipo-diagnostico-recargable-halogeno-35v-bateria-litio-wa11720-oftalmoscopio-coaxial-de-luz-halogena-de-35v-wa20000-otoscopio.jpg","width":800,"height":800},{"@type":"BreadcrumbList","@id":"https:\/\/buscoequipomedico.com\/?product=equipo-diagnostico-recargable-halogeno-3-5v-bateria-litio#breadcrumb","itemListElement":[{"@type":"ListItem","position":1,"name":"Productos","item":"https:\/\/buscoequipomedico.com\/shop\/"},{"@type":"ListItem","position":2,"name":"EQUIPO DIAGNOSTICO RECARGABLE HALOGENO 3.5V BATERIA LITIO"}]},{"@type":"WebSite","@id":"https:\/\/buscoequipomedico.com\/#website","url":"https:\/\/buscoequipomedico.com\/","name":"Tu mejor opci\u00f3n Equipo M\u00e9dico M\u00e9xico","description":"Tienda de equipo m\u00e9dico","publisher":{"@id":"https:\/\/buscoequipomedico.com\/#organization"},"potentialAction":[{"@type":"SearchAction","target":{"@type":"EntryPoint","urlTemplate":"https:\/\/buscoequipomedico.com\/?s={search_term_string}"},"query-input":{"@type":"PropertyValueSpecification","valueRequired":true,"valueName":"search_term_string"}}],"inLanguage":"es"},{"@type":"Organization","@id":"https:\/\/buscoequipomedico.com\/#organization","name":"Tu mejor opci\u00f3n Equipo M\u00e9dico M\u00e9xico","url":"https:\/\/buscoequipomedico.com\/","logo":{"@type":"ImageObject","inLanguage":"es","@id":"https:\/\/buscoequipomedico.com\/#\/schema\/logo\/image\/","url":"https:\/\/buscoequipomedico.com\/wp-content\/uploads\/2021\/07\/EMM-VPrincipal-scaled.jpg","contentUrl":"https:\/\/buscoequipomedico.com\/wp-content\/uploads\/2021\/07\/EMM-VPrincipal-scaled.jpg","width":2560,"height":1058,"caption":"Tu mejor opci\u00f3n Equipo M\u00e9dico M\u00e9xico"},"image":{"@id":"https:\/\/buscoequipomedico.com\/#\/schema\/logo\/image\/"}}]}},"_links":{"self":[{"href":"https:\/\/buscoequipomedico.com\/index.php?rest_route=\/wp\/v2\/product\/11875","targetHints":{"allow":["GET"]}}],"collection":[{"href":"https:\/\/buscoequipomedico.com\/index.php?rest_route=\/wp\/v2\/product"}],"about":[{"href":"https:\/\/buscoequipomedico.com\/index.php?rest_route=\/wp\/v2\/types\/product"}],"wp:featuredmedia":[{"embeddable":true,"href":"https:\/\/buscoequipomedico.com\/index.php?rest_route=\/wp\/v2\/media\/11901"}],"wp:attachment":[{"href":"https:\/\/buscoequipomedico.com\/index.php?rest_route=%2Fwp%2Fv2%2Fmedia&parent=11875"}],"wp:term":[{"taxonomy":"product_brand","embeddable":true,"href":"https:\/\/buscoequipomedico.com\/index.php?rest_route=%2Fwp%2Fv2%2Fproduct_brand&post=11875"},{"taxonomy":"product_cat","embeddable":true,"href":"https:\/\/buscoequipomedico.com\/index.php?rest_route=%2Fwp%2Fv2%2Fproduct_cat&post=11875"},{"taxonomy":"product_tag","embeddable":true,"href":"https:\/\/buscoequipomedico.com\/index.php?rest_route=%2Fwp%2Fv2%2Fproduct_tag&post=11875"}],"curies":[{"name":"wp","href":"https:\/\/api.w.org\/{rel}","templated":true}]}}