{"id":11916,"date":"2020-02-18T07:34:07","date_gmt":"2020-02-18T07:34:07","guid":{"rendered":"https:\/\/equipomedicomexico-com.preview-domain.com\/product\/estuche-diagnostico-heine-mini-3000-2-mangos-est-suave-azul\/"},"modified":"2020-02-18T07:34:11","modified_gmt":"2020-02-18T07:34:11","slug":"estuche-diagnostico-heine-mini-3000-2-mangos-est-suave-azul","status":"publish","type":"product","link":"https:\/\/buscoequipomedico.com\/?product=estuche-diagnostico-heine-mini-3000-2-mangos-est-suave-azul","title":{"rendered":"ESTUCHE DIAGNOSTICO HEINE MINI 3000  2 MANGOS EST. SUAVE AZUL"},"content":{"rendered":"<p><span>Estuche Diagn\u00f3stico Heine D-874.20.021.142 Mini 2 Mangos Estuche Suave Azul<\/span><br \/><span>Campo de correcci\u00f3n: 18 lentes en el alcance de -20 hasta + 20 Dioptr\u00edas.+ 1 2 3 4 6 8 10 15 20D- 1 2 3 4 6 8 10 15 20DOtoscopio de bolsillo compacto con iluminaci\u00f3n directa.Ventana de visualizaci\u00f3n con aumento de 3 x.Ventana de visualizaci\u00f3n integrada con giro lateral.Superficie interna del cabezal negro mate, elimina reflejos.Carcasa de los mango de alta calidad; aleaci\u00f3n de cromo\/pl\u00e1stico refinado.Clip de sujeci\u00f3n con interruptor de conexi\u00f3n y desconexi\u00f3n integrado.De pilas alcalinas tipo \u201cAA\u201d.Incluye: 2 mangos, 2 cabezales y estuche suave.Color: Azul.<\/span><\/p>\n","protected":false},"excerpt":{"rendered":"<p><span>Equipo de diagn\u00f3stico.Oftalmoscopio de bolsillo compactoCuenta con 5 diafragmas distintos (C\u00edrculo grande, C\u00edrculo peque\u00f1o, Estrella de fijaci\u00f3n, Semic\u00edrculo y Filtro exento de rojos).<\/span><\/p>\n","protected":false},"featured_media":11917,"template":"","meta":{"_joinchat":[]},"product_brand":[],"product_cat":[244],"product_tag":[],"class_list":{"0":"post-11916","1":"product","2":"type-product","3":"status-publish","4":"has-post-thumbnail","6":"product_cat-equipos-de-diagnostico","7":"pa_marca-heine","9":"first","10":"instock","11":"purchasable","12":"product-type-simple"},"yoast_head":"<!-- This site is optimized with the Yoast SEO plugin v25.1 - https:\/\/yoast.com\/wordpress\/plugins\/seo\/ -->\n<title>ESTUCHE DIAGNOSTICO HEINE MINI 3000 2 MANGOS EST. SUAVE AZUL - Tu mejor opci\u00f3n Equipo M\u00e9dico M\u00e9xico<\/title>\n<meta name=\"robots\" content=\"index, follow, max-snippet:-1, max-image-preview:large, max-video-preview:-1\" \/>\n<link rel=\"canonical\" href=\"https:\/\/buscoequipomedico.com\/?product=estuche-diagnostico-heine-mini-3000-2-mangos-est-suave-azul\" \/>\n<meta property=\"og:locale\" content=\"es_ES\" \/>\n<meta property=\"og:type\" content=\"article\" \/>\n<meta property=\"og:title\" content=\"ESTUCHE DIAGNOSTICO HEINE MINI 3000 2 MANGOS EST. SUAVE AZUL - Tu mejor opci\u00f3n Equipo M\u00e9dico M\u00e9xico\" \/>\n<meta property=\"og:description\" content=\"Equipo de diagn\u00f3stico.Oftalmoscopio de bolsillo compactoCuenta con 5 diafragmas distintos (C\u00edrculo grande, C\u00edrculo peque\u00f1o, Estrella de fijaci\u00f3n, Semic\u00edrculo y Filtro exento de rojos).\" \/>\n<meta property=\"og:url\" content=\"https:\/\/buscoequipomedico.com\/?product=estuche-diagnostico-heine-mini-3000-2-mangos-est-suave-azul\" \/>\n<meta property=\"og:site_name\" content=\"Tu mejor opci\u00f3n Equipo M\u00e9dico M\u00e9xico\" \/>\n<meta property=\"article:modified_time\" content=\"2020-02-18T07:34:11+00:00\" \/>\n<meta property=\"og:image\" content=\"https:\/\/buscoequipomedico.com\/wp-content\/uploads\/2020\/02\/estuche-diagnostico-heine-mini-3000-2-mangos-est-suave-azul-equipo-de-diagnosticooftalmoscopio-de-bolsillo-compactocuenta-con-5.jpg\" \/>\n\t<meta property=\"og:image:width\" content=\"800\" \/>\n\t<meta property=\"og:image:height\" content=\"800\" \/>\n\t<meta property=\"og:image:type\" content=\"image\/png\" \/>\n<meta name=\"twitter:card\" content=\"summary_large_image\" \/>\n<script type=\"application\/ld+json\" class=\"yoast-schema-graph\">{\"@context\":\"https:\/\/schema.org\",\"@graph\":[{\"@type\":\"WebPage\",\"@id\":\"https:\/\/buscoequipomedico.com\/?product=estuche-diagnostico-heine-mini-3000-2-mangos-est-suave-azul\",\"url\":\"https:\/\/buscoequipomedico.com\/?product=estuche-diagnostico-heine-mini-3000-2-mangos-est-suave-azul\",\"name\":\"ESTUCHE DIAGNOSTICO HEINE MINI 3000 2 MANGOS EST. SUAVE AZUL - Tu mejor opci\u00f3n Equipo M\u00e9dico M\u00e9xico\",\"isPartOf\":{\"@id\":\"https:\/\/buscoequipomedico.com\/#website\"},\"primaryImageOfPage\":{\"@id\":\"https:\/\/buscoequipomedico.com\/?product=estuche-diagnostico-heine-mini-3000-2-mangos-est-suave-azul#primaryimage\"},\"image\":{\"@id\":\"https:\/\/buscoequipomedico.com\/?product=estuche-diagnostico-heine-mini-3000-2-mangos-est-suave-azul#primaryimage\"},\"thumbnailUrl\":\"https:\/\/buscoequipomedico.com\/wp-content\/uploads\/2020\/02\/estuche-diagnostico-heine-mini-3000-2-mangos-est-suave-azul-equipo-de-diagnosticooftalmoscopio-de-bolsillo-compactocuenta-con-5.jpg\",\"datePublished\":\"2020-02-18T07:34:07+00:00\",\"dateModified\":\"2020-02-18T07:34:11+00:00\",\"breadcrumb\":{\"@id\":\"https:\/\/buscoequipomedico.com\/?product=estuche-diagnostico-heine-mini-3000-2-mangos-est-suave-azul#breadcrumb\"},\"inLanguage\":\"es\",\"potentialAction\":[{\"@type\":\"ReadAction\",\"target\":[\"https:\/\/buscoequipomedico.com\/?product=estuche-diagnostico-heine-mini-3000-2-mangos-est-suave-azul\"]}]},{\"@type\":\"ImageObject\",\"inLanguage\":\"es\",\"@id\":\"https:\/\/buscoequipomedico.com\/?product=estuche-diagnostico-heine-mini-3000-2-mangos-est-suave-azul#primaryimage\",\"url\":\"https:\/\/buscoequipomedico.com\/wp-content\/uploads\/2020\/02\/estuche-diagnostico-heine-mini-3000-2-mangos-est-suave-azul-equipo-de-diagnosticooftalmoscopio-de-bolsillo-compactocuenta-con-5.jpg\",\"contentUrl\":\"https:\/\/buscoequipomedico.com\/wp-content\/uploads\/2020\/02\/estuche-diagnostico-heine-mini-3000-2-mangos-est-suave-azul-equipo-de-diagnosticooftalmoscopio-de-bolsillo-compactocuenta-con-5.jpg\",\"width\":800,\"height\":800},{\"@type\":\"BreadcrumbList\",\"@id\":\"https:\/\/buscoequipomedico.com\/?product=estuche-diagnostico-heine-mini-3000-2-mangos-est-suave-azul#breadcrumb\",\"itemListElement\":[{\"@type\":\"ListItem\",\"position\":1,\"name\":\"Productos\",\"item\":\"https:\/\/buscoequipomedico.com\/shop\/\"},{\"@type\":\"ListItem\",\"position\":2,\"name\":\"ESTUCHE DIAGNOSTICO HEINE MINI 3000 2 MANGOS EST. SUAVE AZUL\"}]},{\"@type\":\"WebSite\",\"@id\":\"https:\/\/buscoequipomedico.com\/#website\",\"url\":\"https:\/\/buscoequipomedico.com\/\",\"name\":\"Tu mejor opci\u00f3n Equipo M\u00e9dico M\u00e9xico\",\"description\":\"Tienda de equipo m\u00e9dico\",\"publisher\":{\"@id\":\"https:\/\/buscoequipomedico.com\/#organization\"},\"potentialAction\":[{\"@type\":\"SearchAction\",\"target\":{\"@type\":\"EntryPoint\",\"urlTemplate\":\"https:\/\/buscoequipomedico.com\/?s={search_term_string}\"},\"query-input\":{\"@type\":\"PropertyValueSpecification\",\"valueRequired\":true,\"valueName\":\"search_term_string\"}}],\"inLanguage\":\"es\"},{\"@type\":\"Organization\",\"@id\":\"https:\/\/buscoequipomedico.com\/#organization\",\"name\":\"Tu mejor opci\u00f3n Equipo M\u00e9dico M\u00e9xico\",\"url\":\"https:\/\/buscoequipomedico.com\/\",\"logo\":{\"@type\":\"ImageObject\",\"inLanguage\":\"es\",\"@id\":\"https:\/\/buscoequipomedico.com\/#\/schema\/logo\/image\/\",\"url\":\"https:\/\/buscoequipomedico.com\/wp-content\/uploads\/2021\/07\/EMM-VPrincipal-scaled.jpg\",\"contentUrl\":\"https:\/\/buscoequipomedico.com\/wp-content\/uploads\/2021\/07\/EMM-VPrincipal-scaled.jpg\",\"width\":2560,\"height\":1058,\"caption\":\"Tu mejor opci\u00f3n Equipo M\u00e9dico M\u00e9xico\"},\"image\":{\"@id\":\"https:\/\/buscoequipomedico.com\/#\/schema\/logo\/image\/\"}}]}<\/script>\n<!-- \/ Yoast SEO plugin. -->","yoast_head_json":{"title":"ESTUCHE DIAGNOSTICO HEINE MINI 3000 2 MANGOS EST. SUAVE AZUL - Tu mejor opci\u00f3n Equipo M\u00e9dico M\u00e9xico","robots":{"index":"index","follow":"follow","max-snippet":"max-snippet:-1","max-image-preview":"max-image-preview:large","max-video-preview":"max-video-preview:-1"},"canonical":"https:\/\/buscoequipomedico.com\/?product=estuche-diagnostico-heine-mini-3000-2-mangos-est-suave-azul","og_locale":"es_ES","og_type":"article","og_title":"ESTUCHE DIAGNOSTICO HEINE MINI 3000 2 MANGOS EST. SUAVE AZUL - Tu mejor opci\u00f3n Equipo M\u00e9dico M\u00e9xico","og_description":"Equipo de diagn\u00f3stico.Oftalmoscopio de bolsillo compactoCuenta con 5 diafragmas distintos (C\u00edrculo grande, C\u00edrculo peque\u00f1o, Estrella de fijaci\u00f3n, Semic\u00edrculo y Filtro exento de rojos).","og_url":"https:\/\/buscoequipomedico.com\/?product=estuche-diagnostico-heine-mini-3000-2-mangos-est-suave-azul","og_site_name":"Tu mejor opci\u00f3n Equipo M\u00e9dico M\u00e9xico","article_modified_time":"2020-02-18T07:34:11+00:00","og_image":[{"width":800,"height":800,"url":"https:\/\/buscoequipomedico.com\/wp-content\/uploads\/2020\/02\/estuche-diagnostico-heine-mini-3000-2-mangos-est-suave-azul-equipo-de-diagnosticooftalmoscopio-de-bolsillo-compactocuenta-con-5.jpg","type":"image\/png"}],"twitter_card":"summary_large_image","schema":{"@context":"https:\/\/schema.org","@graph":[{"@type":"WebPage","@id":"https:\/\/buscoequipomedico.com\/?product=estuche-diagnostico-heine-mini-3000-2-mangos-est-suave-azul","url":"https:\/\/buscoequipomedico.com\/?product=estuche-diagnostico-heine-mini-3000-2-mangos-est-suave-azul","name":"ESTUCHE DIAGNOSTICO HEINE MINI 3000 2 MANGOS EST. SUAVE AZUL - Tu mejor opci\u00f3n Equipo M\u00e9dico M\u00e9xico","isPartOf":{"@id":"https:\/\/buscoequipomedico.com\/#website"},"primaryImageOfPage":{"@id":"https:\/\/buscoequipomedico.com\/?product=estuche-diagnostico-heine-mini-3000-2-mangos-est-suave-azul#primaryimage"},"image":{"@id":"https:\/\/buscoequipomedico.com\/?product=estuche-diagnostico-heine-mini-3000-2-mangos-est-suave-azul#primaryimage"},"thumbnailUrl":"https:\/\/buscoequipomedico.com\/wp-content\/uploads\/2020\/02\/estuche-diagnostico-heine-mini-3000-2-mangos-est-suave-azul-equipo-de-diagnosticooftalmoscopio-de-bolsillo-compactocuenta-con-5.jpg","datePublished":"2020-02-18T07:34:07+00:00","dateModified":"2020-02-18T07:34:11+00:00","breadcrumb":{"@id":"https:\/\/buscoequipomedico.com\/?product=estuche-diagnostico-heine-mini-3000-2-mangos-est-suave-azul#breadcrumb"},"inLanguage":"es","potentialAction":[{"@type":"ReadAction","target":["https:\/\/buscoequipomedico.com\/?product=estuche-diagnostico-heine-mini-3000-2-mangos-est-suave-azul"]}]},{"@type":"ImageObject","inLanguage":"es","@id":"https:\/\/buscoequipomedico.com\/?product=estuche-diagnostico-heine-mini-3000-2-mangos-est-suave-azul#primaryimage","url":"https:\/\/buscoequipomedico.com\/wp-content\/uploads\/2020\/02\/estuche-diagnostico-heine-mini-3000-2-mangos-est-suave-azul-equipo-de-diagnosticooftalmoscopio-de-bolsillo-compactocuenta-con-5.jpg","contentUrl":"https:\/\/buscoequipomedico.com\/wp-content\/uploads\/2020\/02\/estuche-diagnostico-heine-mini-3000-2-mangos-est-suave-azul-equipo-de-diagnosticooftalmoscopio-de-bolsillo-compactocuenta-con-5.jpg","width":800,"height":800},{"@type":"BreadcrumbList","@id":"https:\/\/buscoequipomedico.com\/?product=estuche-diagnostico-heine-mini-3000-2-mangos-est-suave-azul#breadcrumb","itemListElement":[{"@type":"ListItem","position":1,"name":"Productos","item":"https:\/\/buscoequipomedico.com\/shop\/"},{"@type":"ListItem","position":2,"name":"ESTUCHE DIAGNOSTICO HEINE MINI 3000 2 MANGOS EST. SUAVE AZUL"}]},{"@type":"WebSite","@id":"https:\/\/buscoequipomedico.com\/#website","url":"https:\/\/buscoequipomedico.com\/","name":"Tu mejor opci\u00f3n Equipo M\u00e9dico M\u00e9xico","description":"Tienda de equipo m\u00e9dico","publisher":{"@id":"https:\/\/buscoequipomedico.com\/#organization"},"potentialAction":[{"@type":"SearchAction","target":{"@type":"EntryPoint","urlTemplate":"https:\/\/buscoequipomedico.com\/?s={search_term_string}"},"query-input":{"@type":"PropertyValueSpecification","valueRequired":true,"valueName":"search_term_string"}}],"inLanguage":"es"},{"@type":"Organization","@id":"https:\/\/buscoequipomedico.com\/#organization","name":"Tu mejor opci\u00f3n Equipo M\u00e9dico M\u00e9xico","url":"https:\/\/buscoequipomedico.com\/","logo":{"@type":"ImageObject","inLanguage":"es","@id":"https:\/\/buscoequipomedico.com\/#\/schema\/logo\/image\/","url":"https:\/\/buscoequipomedico.com\/wp-content\/uploads\/2021\/07\/EMM-VPrincipal-scaled.jpg","contentUrl":"https:\/\/buscoequipomedico.com\/wp-content\/uploads\/2021\/07\/EMM-VPrincipal-scaled.jpg","width":2560,"height":1058,"caption":"Tu mejor opci\u00f3n Equipo M\u00e9dico M\u00e9xico"},"image":{"@id":"https:\/\/buscoequipomedico.com\/#\/schema\/logo\/image\/"}}]}},"_links":{"self":[{"href":"https:\/\/buscoequipomedico.com\/index.php?rest_route=\/wp\/v2\/product\/11916","targetHints":{"allow":["GET"]}}],"collection":[{"href":"https:\/\/buscoequipomedico.com\/index.php?rest_route=\/wp\/v2\/product"}],"about":[{"href":"https:\/\/buscoequipomedico.com\/index.php?rest_route=\/wp\/v2\/types\/product"}],"wp:featuredmedia":[{"embeddable":true,"href":"https:\/\/buscoequipomedico.com\/index.php?rest_route=\/wp\/v2\/media\/11917"}],"wp:attachment":[{"href":"https:\/\/buscoequipomedico.com\/index.php?rest_route=%2Fwp%2Fv2%2Fmedia&parent=11916"}],"wp:term":[{"taxonomy":"product_brand","embeddable":true,"href":"https:\/\/buscoequipomedico.com\/index.php?rest_route=%2Fwp%2Fv2%2Fproduct_brand&post=11916"},{"taxonomy":"product_cat","embeddable":true,"href":"https:\/\/buscoequipomedico.com\/index.php?rest_route=%2Fwp%2Fv2%2Fproduct_cat&post=11916"},{"taxonomy":"product_tag","embeddable":true,"href":"https:\/\/buscoequipomedico.com\/index.php?rest_route=%2Fwp%2Fv2%2Fproduct_tag&post=11916"}],"curies":[{"name":"wp","href":"https:\/\/api.w.org\/{rel}","templated":true}]}}