{"id":11918,"date":"2020-02-18T07:34:07","date_gmt":"2020-02-18T07:34:07","guid":{"rendered":"https:\/\/equipomedicomexico-com.preview-domain.com\/product\/estuche-diagnostico-heine-mini-3000-2-mangos-est-suave-negro\/"},"modified":"2020-02-18T07:34:11","modified_gmt":"2020-02-18T07:34:11","slug":"estuche-diagnostico-heine-mini-3000-2-mangos-est-suave-negro","status":"publish","type":"product","link":"https:\/\/buscoequipomedico.com\/?product=estuche-diagnostico-heine-mini-3000-2-mangos-est-suave-negro","title":{"rendered":"ESTUCHE DIAGNOSTICO HEINE MINI 3000  2 MANGOS EST. SUAVE NEGRO"},"content":{"rendered":"<p>Moderno oftalmoscopio de bolsillo \u2013 diafragma en estrella para fijaci\u00f3n con filtro gris\u00a0para reducir la intensidad de la luz. Una \u00f3ptica\u00a0magn\u00edfica y la mejor reproducci\u00f3n\u00a0crom\u00e1tica en un dispositivo de peque\u00f1o tama\u00f1o, id\u00f3neo para desplazamientos y visitas.<br \/>Se combina con el sistema de mango mini 3000. Disponible en negro o en azul.<\/p>\n<ul>\n<li>Tecnolog\u00eda XHL X\u00e9non para l\u00e1mparas hal\u00f3genas. Gracias a la luz clara y\u00a0concentrada que proporciona, la imagen es luminosa; la reproducci\u00f3n crom\u00e1tica\u00a0exacta y la iluminaci\u00f3n, \u00f3ptima.<\/li>\n<li>Las \u00f3pticas HEINE ofrecen una imagen clara y totalmente perif\u00e9rica con reflejos\u00a0m\u00ednimos.<\/li>\n<li>Cinco diafragmas diferentes. Incluye todas las funciones importantes, incluida la\u00a0estrella para fijaci\u00f3n y el filtro gris para pacientes\u00a0fotosensibles.<\/li>\n<li>Tipos de lentes: 18 lentes de correcci\u00f3n de -20 D a +20 D.<br \/>+ 1 2 3 4 6 8 10 15 20 D<br \/>\u2013 1 2 3 4 6 8 10 15 20 D<\/li>\n<li>El proceso de exploraci\u00f3n resulta sencillo, una oftalmoscopia sin necesidad de\u00a0dilatar la pupila.<\/li>\n<li>Clip de sujeci\u00f3n con interruptor. Desconexi\u00f3n autom\u00e1tica al engancharlo en la bata.<\/li>\n<li>Funciona a pilas (AA) o con bater\u00eda recargable opcional con el cargador mini NT*.<\/li>\n<li>De f\u00e1cil mantenimiento.<\/li>\n<li>Dise\u00f1o laureado. Dispositivo peque\u00f1o de gran calidad.<\/li>\n<\/ul>\n<p><span><span>Caracter\u00edsticas de\u00a0Otoscopio mini3000:<\/span><\/span><\/p>\n<p><span>Otoscopio de bolsillo compacto con iluminaci\u00f3n directa<\/span><\/p>\n<ul>\n<li>Moderno otoscopio de bolsillo con un dise\u00f1o compacto excepcional. Combinable\u00a0solamente con el sistema de mango mini 3000. Se\u00a0suministran\u00a0en color negro o azul.<\/li>\n<li>Superficie interna del cabezal negro mate. Elimina los reflejos.<\/li>\n<li>Tecnolog\u00eda de l\u00e1mparas XHL X\u00e9non Hal\u00f3gena mejorada con un aumento de\u00a0luz del 100 % frente a l\u00e1mparas convencionales. Una luz\u00a0blanca muy clara y\u00a0concentrada\u00a0para una iluminaci\u00f3n \u00f3ptima.<\/li>\n<li>Mango y cabezal en 2 piezas. F\u00e1cil de desmontar, ampliable con otros cabezales\u00a0mini 3000.<\/li>\n<li>Ventana de visualizaci\u00f3n con aumento de 3 x y una superficie de carcasa\u00a0optimizada\u00a0que ofrece im\u00e1genes muy n\u00edtidas y minimiza los reflejos.<\/li>\n<li>Ventana de visualizaci\u00f3n integrada, con giro lateral. Amplio espacio para\u00a0instrumentar\u00a0bajo ampliaci\u00f3n.<\/li>\n<li>Carcasa del mango de alta calidad: aleaci\u00f3n de cromo \/ pl\u00e1stico refinado.<\/li>\n<li>A prueba de golpes, robusto, antideslizante.<\/li>\n<li>Clip de sujeci\u00f3n con interruptor de conexi\u00f3n y desconexi\u00f3n integrado. Firme\u00a0sujeci\u00f3n. Desconexi\u00f3n autom\u00e1tica al fijarlo al bolsillo.\u00a0Garantizados 20.000 ciclos\u00a0interruptores.<\/li>\n<li>Pilas recambiables tipo AA, o bater\u00eda recargable opcional con el cargador mini NT*.<\/li>\n<\/ul>\n","protected":false},"excerpt":{"rendered":"<p>Equipo completo con:<\/p>\n<ul>\n<li>Oftalmoscopio mini 3000<\/li>\n<li>Otoscopio mini 3000<\/li>\n<li>1 juego = 4 esp\u00e9culos de uso permanente<\/li>\n<li>5 AllSpec esp\u00e9culos desechables de 2,5 mm y 4 mm \u00d8<\/li>\n<li>Estuche suave<\/li>\n<li>2 mangos a pilas mini 3000 con pilas<\/li>\n<\/ul>\n","protected":false},"featured_media":11919,"template":"","meta":{"_joinchat":[]},"product_brand":[],"product_cat":[244],"product_tag":[],"class_list":{"0":"post-11918","1":"product","2":"type-product","3":"status-publish","4":"has-post-thumbnail","6":"product_cat-equipos-de-diagnostico","7":"pa_marca-heine","9":"first","10":"instock","11":"purchasable","12":"product-type-simple"},"yoast_head":"<!-- This site is optimized with the Yoast SEO plugin v25.1 - https:\/\/yoast.com\/wordpress\/plugins\/seo\/ -->\n<title>ESTUCHE DIAGNOSTICO HEINE MINI 3000 2 MANGOS EST. SUAVE NEGRO - Tu mejor opci\u00f3n Equipo M\u00e9dico M\u00e9xico<\/title>\n<meta name=\"robots\" content=\"index, follow, max-snippet:-1, max-image-preview:large, max-video-preview:-1\" \/>\n<link rel=\"canonical\" href=\"https:\/\/buscoequipomedico.com\/?product=estuche-diagnostico-heine-mini-3000-2-mangos-est-suave-negro\" \/>\n<meta property=\"og:locale\" content=\"es_ES\" \/>\n<meta property=\"og:type\" content=\"article\" \/>\n<meta property=\"og:title\" content=\"ESTUCHE DIAGNOSTICO HEINE MINI 3000 2 MANGOS EST. SUAVE NEGRO - Tu mejor opci\u00f3n Equipo M\u00e9dico M\u00e9xico\" \/>\n<meta property=\"og:description\" content=\"Equipo completo con: Oftalmoscopio mini 3000 Otoscopio mini 3000 1 juego = 4 esp\u00e9culos de uso permanente 5 AllSpec esp\u00e9culos desechables de 2,5 mm y 4 mm \u00d8 Estuche suave 2 mangos a pilas mini 3000 con pilas\" \/>\n<meta property=\"og:url\" content=\"https:\/\/buscoequipomedico.com\/?product=estuche-diagnostico-heine-mini-3000-2-mangos-est-suave-negro\" \/>\n<meta property=\"og:site_name\" content=\"Tu mejor opci\u00f3n Equipo M\u00e9dico M\u00e9xico\" \/>\n<meta property=\"article:modified_time\" content=\"2020-02-18T07:34:11+00:00\" \/>\n<meta property=\"og:image\" content=\"https:\/\/buscoequipomedico.com\/wp-content\/uploads\/2020\/02\/estuche-diagnostico-heine-mini-3000-2-mangos-est-suave-negro-equipo-completo-con-oftalmoscopio-mini-3000-otoscopio-mini-3000-1-j.jpg\" \/>\n\t<meta property=\"og:image:width\" content=\"800\" \/>\n\t<meta property=\"og:image:height\" content=\"800\" \/>\n\t<meta property=\"og:image:type\" content=\"image\/png\" \/>\n<meta name=\"twitter:card\" content=\"summary_large_image\" \/>\n<meta name=\"twitter:label1\" content=\"Tiempo de lectura\" \/>\n\t<meta name=\"twitter:data1\" content=\"2 minutos\" \/>\n<script type=\"application\/ld+json\" class=\"yoast-schema-graph\">{\"@context\":\"https:\/\/schema.org\",\"@graph\":[{\"@type\":\"WebPage\",\"@id\":\"https:\/\/buscoequipomedico.com\/?product=estuche-diagnostico-heine-mini-3000-2-mangos-est-suave-negro\",\"url\":\"https:\/\/buscoequipomedico.com\/?product=estuche-diagnostico-heine-mini-3000-2-mangos-est-suave-negro\",\"name\":\"ESTUCHE DIAGNOSTICO HEINE MINI 3000 2 MANGOS EST. SUAVE NEGRO - Tu mejor opci\u00f3n Equipo M\u00e9dico M\u00e9xico\",\"isPartOf\":{\"@id\":\"https:\/\/buscoequipomedico.com\/#website\"},\"primaryImageOfPage\":{\"@id\":\"https:\/\/buscoequipomedico.com\/?product=estuche-diagnostico-heine-mini-3000-2-mangos-est-suave-negro#primaryimage\"},\"image\":{\"@id\":\"https:\/\/buscoequipomedico.com\/?product=estuche-diagnostico-heine-mini-3000-2-mangos-est-suave-negro#primaryimage\"},\"thumbnailUrl\":\"https:\/\/buscoequipomedico.com\/wp-content\/uploads\/2020\/02\/estuche-diagnostico-heine-mini-3000-2-mangos-est-suave-negro-equipo-completo-con-oftalmoscopio-mini-3000-otoscopio-mini-3000-1-j.jpg\",\"datePublished\":\"2020-02-18T07:34:07+00:00\",\"dateModified\":\"2020-02-18T07:34:11+00:00\",\"breadcrumb\":{\"@id\":\"https:\/\/buscoequipomedico.com\/?product=estuche-diagnostico-heine-mini-3000-2-mangos-est-suave-negro#breadcrumb\"},\"inLanguage\":\"es\",\"potentialAction\":[{\"@type\":\"ReadAction\",\"target\":[\"https:\/\/buscoequipomedico.com\/?product=estuche-diagnostico-heine-mini-3000-2-mangos-est-suave-negro\"]}]},{\"@type\":\"ImageObject\",\"inLanguage\":\"es\",\"@id\":\"https:\/\/buscoequipomedico.com\/?product=estuche-diagnostico-heine-mini-3000-2-mangos-est-suave-negro#primaryimage\",\"url\":\"https:\/\/buscoequipomedico.com\/wp-content\/uploads\/2020\/02\/estuche-diagnostico-heine-mini-3000-2-mangos-est-suave-negro-equipo-completo-con-oftalmoscopio-mini-3000-otoscopio-mini-3000-1-j.jpg\",\"contentUrl\":\"https:\/\/buscoequipomedico.com\/wp-content\/uploads\/2020\/02\/estuche-diagnostico-heine-mini-3000-2-mangos-est-suave-negro-equipo-completo-con-oftalmoscopio-mini-3000-otoscopio-mini-3000-1-j.jpg\",\"width\":800,\"height\":800},{\"@type\":\"BreadcrumbList\",\"@id\":\"https:\/\/buscoequipomedico.com\/?product=estuche-diagnostico-heine-mini-3000-2-mangos-est-suave-negro#breadcrumb\",\"itemListElement\":[{\"@type\":\"ListItem\",\"position\":1,\"name\":\"Productos\",\"item\":\"https:\/\/buscoequipomedico.com\/shop\/\"},{\"@type\":\"ListItem\",\"position\":2,\"name\":\"ESTUCHE DIAGNOSTICO HEINE MINI 3000 2 MANGOS EST. SUAVE NEGRO\"}]},{\"@type\":\"WebSite\",\"@id\":\"https:\/\/buscoequipomedico.com\/#website\",\"url\":\"https:\/\/buscoequipomedico.com\/\",\"name\":\"Tu mejor opci\u00f3n Equipo M\u00e9dico M\u00e9xico\",\"description\":\"Tienda de equipo m\u00e9dico\",\"publisher\":{\"@id\":\"https:\/\/buscoequipomedico.com\/#organization\"},\"potentialAction\":[{\"@type\":\"SearchAction\",\"target\":{\"@type\":\"EntryPoint\",\"urlTemplate\":\"https:\/\/buscoequipomedico.com\/?s={search_term_string}\"},\"query-input\":{\"@type\":\"PropertyValueSpecification\",\"valueRequired\":true,\"valueName\":\"search_term_string\"}}],\"inLanguage\":\"es\"},{\"@type\":\"Organization\",\"@id\":\"https:\/\/buscoequipomedico.com\/#organization\",\"name\":\"Tu mejor opci\u00f3n Equipo M\u00e9dico M\u00e9xico\",\"url\":\"https:\/\/buscoequipomedico.com\/\",\"logo\":{\"@type\":\"ImageObject\",\"inLanguage\":\"es\",\"@id\":\"https:\/\/buscoequipomedico.com\/#\/schema\/logo\/image\/\",\"url\":\"https:\/\/buscoequipomedico.com\/wp-content\/uploads\/2021\/07\/EMM-VPrincipal-scaled.jpg\",\"contentUrl\":\"https:\/\/buscoequipomedico.com\/wp-content\/uploads\/2021\/07\/EMM-VPrincipal-scaled.jpg\",\"width\":2560,\"height\":1058,\"caption\":\"Tu mejor opci\u00f3n Equipo M\u00e9dico M\u00e9xico\"},\"image\":{\"@id\":\"https:\/\/buscoequipomedico.com\/#\/schema\/logo\/image\/\"}}]}<\/script>\n<!-- \/ Yoast SEO plugin. -->","yoast_head_json":{"title":"ESTUCHE DIAGNOSTICO HEINE MINI 3000 2 MANGOS EST. SUAVE NEGRO - Tu mejor opci\u00f3n Equipo M\u00e9dico M\u00e9xico","robots":{"index":"index","follow":"follow","max-snippet":"max-snippet:-1","max-image-preview":"max-image-preview:large","max-video-preview":"max-video-preview:-1"},"canonical":"https:\/\/buscoequipomedico.com\/?product=estuche-diagnostico-heine-mini-3000-2-mangos-est-suave-negro","og_locale":"es_ES","og_type":"article","og_title":"ESTUCHE DIAGNOSTICO HEINE MINI 3000 2 MANGOS EST. SUAVE NEGRO - Tu mejor opci\u00f3n Equipo M\u00e9dico M\u00e9xico","og_description":"Equipo completo con: Oftalmoscopio mini 3000 Otoscopio mini 3000 1 juego = 4 esp\u00e9culos de uso permanente 5 AllSpec esp\u00e9culos desechables de 2,5 mm y 4 mm \u00d8 Estuche suave 2 mangos a pilas mini 3000 con pilas","og_url":"https:\/\/buscoequipomedico.com\/?product=estuche-diagnostico-heine-mini-3000-2-mangos-est-suave-negro","og_site_name":"Tu mejor opci\u00f3n Equipo M\u00e9dico M\u00e9xico","article_modified_time":"2020-02-18T07:34:11+00:00","og_image":[{"width":800,"height":800,"url":"https:\/\/buscoequipomedico.com\/wp-content\/uploads\/2020\/02\/estuche-diagnostico-heine-mini-3000-2-mangos-est-suave-negro-equipo-completo-con-oftalmoscopio-mini-3000-otoscopio-mini-3000-1-j.jpg","type":"image\/png"}],"twitter_card":"summary_large_image","twitter_misc":{"Tiempo de lectura":"2 minutos"},"schema":{"@context":"https:\/\/schema.org","@graph":[{"@type":"WebPage","@id":"https:\/\/buscoequipomedico.com\/?product=estuche-diagnostico-heine-mini-3000-2-mangos-est-suave-negro","url":"https:\/\/buscoequipomedico.com\/?product=estuche-diagnostico-heine-mini-3000-2-mangos-est-suave-negro","name":"ESTUCHE DIAGNOSTICO HEINE MINI 3000 2 MANGOS EST. SUAVE NEGRO - Tu mejor opci\u00f3n Equipo M\u00e9dico M\u00e9xico","isPartOf":{"@id":"https:\/\/buscoequipomedico.com\/#website"},"primaryImageOfPage":{"@id":"https:\/\/buscoequipomedico.com\/?product=estuche-diagnostico-heine-mini-3000-2-mangos-est-suave-negro#primaryimage"},"image":{"@id":"https:\/\/buscoequipomedico.com\/?product=estuche-diagnostico-heine-mini-3000-2-mangos-est-suave-negro#primaryimage"},"thumbnailUrl":"https:\/\/buscoequipomedico.com\/wp-content\/uploads\/2020\/02\/estuche-diagnostico-heine-mini-3000-2-mangos-est-suave-negro-equipo-completo-con-oftalmoscopio-mini-3000-otoscopio-mini-3000-1-j.jpg","datePublished":"2020-02-18T07:34:07+00:00","dateModified":"2020-02-18T07:34:11+00:00","breadcrumb":{"@id":"https:\/\/buscoequipomedico.com\/?product=estuche-diagnostico-heine-mini-3000-2-mangos-est-suave-negro#breadcrumb"},"inLanguage":"es","potentialAction":[{"@type":"ReadAction","target":["https:\/\/buscoequipomedico.com\/?product=estuche-diagnostico-heine-mini-3000-2-mangos-est-suave-negro"]}]},{"@type":"ImageObject","inLanguage":"es","@id":"https:\/\/buscoequipomedico.com\/?product=estuche-diagnostico-heine-mini-3000-2-mangos-est-suave-negro#primaryimage","url":"https:\/\/buscoequipomedico.com\/wp-content\/uploads\/2020\/02\/estuche-diagnostico-heine-mini-3000-2-mangos-est-suave-negro-equipo-completo-con-oftalmoscopio-mini-3000-otoscopio-mini-3000-1-j.jpg","contentUrl":"https:\/\/buscoequipomedico.com\/wp-content\/uploads\/2020\/02\/estuche-diagnostico-heine-mini-3000-2-mangos-est-suave-negro-equipo-completo-con-oftalmoscopio-mini-3000-otoscopio-mini-3000-1-j.jpg","width":800,"height":800},{"@type":"BreadcrumbList","@id":"https:\/\/buscoequipomedico.com\/?product=estuche-diagnostico-heine-mini-3000-2-mangos-est-suave-negro#breadcrumb","itemListElement":[{"@type":"ListItem","position":1,"name":"Productos","item":"https:\/\/buscoequipomedico.com\/shop\/"},{"@type":"ListItem","position":2,"name":"ESTUCHE DIAGNOSTICO HEINE MINI 3000 2 MANGOS EST. SUAVE NEGRO"}]},{"@type":"WebSite","@id":"https:\/\/buscoequipomedico.com\/#website","url":"https:\/\/buscoequipomedico.com\/","name":"Tu mejor opci\u00f3n Equipo M\u00e9dico M\u00e9xico","description":"Tienda de equipo m\u00e9dico","publisher":{"@id":"https:\/\/buscoequipomedico.com\/#organization"},"potentialAction":[{"@type":"SearchAction","target":{"@type":"EntryPoint","urlTemplate":"https:\/\/buscoequipomedico.com\/?s={search_term_string}"},"query-input":{"@type":"PropertyValueSpecification","valueRequired":true,"valueName":"search_term_string"}}],"inLanguage":"es"},{"@type":"Organization","@id":"https:\/\/buscoequipomedico.com\/#organization","name":"Tu mejor opci\u00f3n Equipo M\u00e9dico M\u00e9xico","url":"https:\/\/buscoequipomedico.com\/","logo":{"@type":"ImageObject","inLanguage":"es","@id":"https:\/\/buscoequipomedico.com\/#\/schema\/logo\/image\/","url":"https:\/\/buscoequipomedico.com\/wp-content\/uploads\/2021\/07\/EMM-VPrincipal-scaled.jpg","contentUrl":"https:\/\/buscoequipomedico.com\/wp-content\/uploads\/2021\/07\/EMM-VPrincipal-scaled.jpg","width":2560,"height":1058,"caption":"Tu mejor opci\u00f3n Equipo M\u00e9dico M\u00e9xico"},"image":{"@id":"https:\/\/buscoequipomedico.com\/#\/schema\/logo\/image\/"}}]}},"_links":{"self":[{"href":"https:\/\/buscoequipomedico.com\/index.php?rest_route=\/wp\/v2\/product\/11918","targetHints":{"allow":["GET"]}}],"collection":[{"href":"https:\/\/buscoequipomedico.com\/index.php?rest_route=\/wp\/v2\/product"}],"about":[{"href":"https:\/\/buscoequipomedico.com\/index.php?rest_route=\/wp\/v2\/types\/product"}],"wp:featuredmedia":[{"embeddable":true,"href":"https:\/\/buscoequipomedico.com\/index.php?rest_route=\/wp\/v2\/media\/11919"}],"wp:attachment":[{"href":"https:\/\/buscoequipomedico.com\/index.php?rest_route=%2Fwp%2Fv2%2Fmedia&parent=11918"}],"wp:term":[{"taxonomy":"product_brand","embeddable":true,"href":"https:\/\/buscoequipomedico.com\/index.php?rest_route=%2Fwp%2Fv2%2Fproduct_brand&post=11918"},{"taxonomy":"product_cat","embeddable":true,"href":"https:\/\/buscoequipomedico.com\/index.php?rest_route=%2Fwp%2Fv2%2Fproduct_cat&post=11918"},{"taxonomy":"product_tag","embeddable":true,"href":"https:\/\/buscoequipomedico.com\/index.php?rest_route=%2Fwp%2Fv2%2Fproduct_tag&post=11918"}],"curies":[{"name":"wp","href":"https:\/\/api.w.org\/{rel}","templated":true}]}}