{"id":11944,"date":"2020-02-18T07:34:13","date_gmt":"2020-02-18T07:34:13","guid":{"rendered":"https:\/\/equipomedicomexico-com.preview-domain.com\/product\/termometro-electronico-braun-pro-6000\/"},"modified":"2020-02-18T07:34:16","modified_gmt":"2020-02-18T07:34:16","slug":"termometro-electronico-braun-pro-6000","status":"publish","type":"product","link":"https:\/\/buscoequipomedico.com\/?product=termometro-electronico-braun-pro-6000","title":{"rendered":"TERMOMETRO ELECTRONICO BRAUN PRO 6000"},"content":{"rendered":"<p>El nuevo term\u00f3metro timp\u00e1nico Braun ThermoScan PRO 6000, ofrece una tecnolog\u00eda de medici\u00f3n avanzada, cuenta con la velocidad y la simplicidad que necesita para capturar lecturas de temperatura precisas y fiables de una manera c\u00f3moda para los pacientes.<\/p>\n<p>El PRO 6000 tiene una ventaja que radica en nuestra tecnolog\u00eda innovadora PerfecTemp mediante el ajuste de los factores que influyen en la precisi\u00f3n de medici\u00f3n que supera las posibilidades de lecturas bajas en comparaci\u00f3n con la competencia.<\/p>\n<p>Con un dise\u00f1o f\u00e1cil de desinfectar y caracter\u00edsticas de seguridad mejoradas que ayudan a proteger y maximizar su inversi\u00f3n. El bot\u00f3n de recuperaci\u00f3n de memoria y el temporizador de 60 segundos de pulso a\u00f1aden caracter\u00edsticas para apoyar la eficiencia del personal y ayudar a mejorar el flujo de trabajo.<\/p>\n<p>Cuando se coloca el Braun PRO 6000 en el o\u00eddo, el term\u00f3metro controla de forma continua la energ\u00eda de infrarrojos que emiten la membrana timp\u00e1nica y los tejidos circundantes, hasta que se haya alcanzado un equilibrio de temperatura y se pueda obtener una medici\u00f3n precisa.<\/p>\n<p>La tecnolog\u00eda ExacTemp&#x2122; detecta la estabilidad de la sonda durante la medici\u00f3n.<\/p>\n<p>\u00a0<\/p>\n<p><span>CARACTER\u00cdSTICAS:<\/span><\/p>\n<ul>\n<li>La innovadora tecnolog\u00eda PerfecTemp&#x2122; ajusta la variabilidad en la colocaci\u00f3n de la sonda.<\/li>\n<li>ExacTemp indica el correcto posicionamiento de la punta de la sonda.<\/li>\n<li>Dise\u00f1ado para tomar lecturas r\u00e1pidas y precisas, para mejorar la satisfacci\u00f3n del paciente.<\/li>\n<li>Cron\u00f3metro de 60 segundos para medir el pulso y la respiraci\u00f3n de forma manual.<\/li>\n<li>Cable de seguridad opcional Mantiene el term\u00f3metro unido a la cuna para reducir la p\u00e9rdida y el hurto.<\/li>\n<\/ul>\n<p>\u00a0<\/p>\n<p><span>ESPECIFICACIONES T\u00c9CNICAS:<\/span><\/p>\n<ul>\n<li>\n<span>Tiempo de medici\u00f3n:\u00a0<\/span>Entre 2 y 3 segundos.<\/li>\n<li>\n<span>Tecnolog\u00eda patentada de enfoque:\u00a0<\/span>La tecnolog\u00eda ExacTemp ayuda a proporcionar precisi\u00f3n y fiabilidad al detectar la estabilidad de la colocaci\u00f3n de la sonda durante la medici\u00f3n.<\/li>\n<li>\n<span>Rango de temperatura:\u00a0<\/span>Entre 20,0 \u00b0C y 42,2 \u00b0C (entre 68 \u00b0F y 108 \u00b0F).<\/li>\n<li>\n<span>Rango de temperatura de funcionamiento:\u00a0<\/span>Entre 10,0 \u00b0C y 40,0 \u00b0C (entre 50 \u00b0F y 104 \u00b0F).<\/li>\n<li>\n<span>Precisi\u00f3n:\u00a0<\/span>\u00b10,2 \u00b0C (\u00b10,4 \u00b0F) para el intervalo comprendido entre 35,0 \u00b0C y 42,0 \u00b0C (entre 95 \u00b0F y 107,6 \u00b0C).<\/li>\n<li>\n<span>Tipo de pantalla:\u00a0<\/span>Pantalla de cristal l\u00edquido retroiluminada, con cuatro d\u00edgitos e iconos especiales.<\/li>\n<li>\n<span>Apagado autom\u00e1tico:\u00a0<\/span>Aproximadamente 10 segundos despu\u00e9s de la \u00faltima medici\u00f3n.<\/li>\n<li>\n<span>Opciones de cuna:\u00a0<\/span>Peque\u00f1a, una caja (almacena 20 cubiertas); grande, dos cajas (almacena 40 cubiertas).<\/li>\n<li>\n<span>Opci\u00f3n de seguridad\u2014Electr\u00f3nica:\u00a0<\/span>Cuenta atr\u00e1s del intervalo de tiempo (requiere base de carga).<\/li>\n<li>\n<span>Opci\u00f3n de seguridad\u2014Mec\u00e1nica:\u00a0<\/span>Cuna grande de montaje a pared con cables de seguridad opcionales.<\/li>\n<li>\n<span>Otras funciones:\u00a0<\/span>Cron\u00f3metro de pulso, revisi\u00f3n de memoria y botones de conversi\u00f3n de C\/F.<\/li>\n<li>\n<span>Accesorios opcionales:\u00a0<\/span>Base de carga con juego de bater\u00edas recargables; cable de seguridad.<\/li>\n<li>\n<span>Bater\u00eda:\u00a0<\/span>2 pilas de 1,5 V de tipo AA (alcalinas).<\/li>\n<li>\n<span>Duraci\u00f3n de las pilas\/bater\u00edas:\u00a0<\/span>000 mediciones (pilas AA alcalinas).<\/li>\n<li>\n<span>Peso:\u00a0<\/span>100 g sin pilas\/bater\u00edas.<\/li>\n<li>\n<span>Dimensiones:\u00a0<\/span>152 mm \u00d7 44 mm \u00d7 33 mm (6\u201d \u00d7 1,7\u201d \u00d7 1,3\u201d).<\/li>\n<li>\n<span>Normas:\u00a0<\/span>ASTM 1965-98; EN 12470-5:2003; MDD (93\/42\/CEE), anexo II.<\/li>\n<li>\n<span>Garant\u00eda:\u00a0<\/span>3 a\u00f1os.<\/li>\n<\/ul>\n","protected":false},"excerpt":{"rendered":"<p><span>Tecnolog\u00eda de medici\u00f3n avanzada que captura lecturas de temperatura precisas y fiables de una forma c\u00f3moda para los pacientes con el Term\u00f3metro Timp\u00e1nico Braun ThermoScan PRO 6000 de Welch Allyn.<\/span><\/p>\n","protected":false},"featured_media":11945,"template":"","meta":{"_joinchat":[]},"product_brand":[],"product_cat":[244],"product_tag":[],"class_list":{"0":"post-11944","1":"product","2":"type-product","3":"status-publish","4":"has-post-thumbnail","6":"product_cat-equipos-de-diagnostico","8":"first","9":"instock","10":"purchasable","11":"product-type-simple"},"yoast_head":"<!-- This site is optimized with the Yoast SEO plugin v25.1 - https:\/\/yoast.com\/wordpress\/plugins\/seo\/ -->\n<title>TERMOMETRO ELECTRONICO BRAUN PRO 6000 - Tu mejor opci\u00f3n Equipo M\u00e9dico M\u00e9xico<\/title>\n<meta name=\"robots\" content=\"index, follow, max-snippet:-1, max-image-preview:large, max-video-preview:-1\" \/>\n<link rel=\"canonical\" href=\"https:\/\/buscoequipomedico.com\/?product=termometro-electronico-braun-pro-6000\" \/>\n<meta property=\"og:locale\" content=\"es_ES\" \/>\n<meta property=\"og:type\" content=\"article\" \/>\n<meta property=\"og:title\" content=\"TERMOMETRO ELECTRONICO BRAUN PRO 6000 - Tu mejor opci\u00f3n Equipo M\u00e9dico M\u00e9xico\" \/>\n<meta property=\"og:description\" content=\"Tecnolog\u00eda de medici\u00f3n avanzada que captura lecturas de temperatura precisas y fiables de una forma c\u00f3moda para los pacientes con el Term\u00f3metro Timp\u00e1nico Braun ThermoScan PRO 6000 de Welch Allyn.\" \/>\n<meta property=\"og:url\" content=\"https:\/\/buscoequipomedico.com\/?product=termometro-electronico-braun-pro-6000\" \/>\n<meta property=\"og:site_name\" content=\"Tu mejor opci\u00f3n Equipo M\u00e9dico M\u00e9xico\" \/>\n<meta property=\"article:modified_time\" content=\"2020-02-18T07:34:16+00:00\" \/>\n<meta property=\"og:image\" content=\"https:\/\/buscoequipomedico.com\/wp-content\/uploads\/2020\/02\/termometro-electronico-braun-pro-6000-tecnologia-de-medicion-avanzada-que-captura-lecturas-de-temperatura-precisas-y-fiables-de.jpg\" \/>\n\t<meta property=\"og:image:width\" content=\"800\" \/>\n\t<meta property=\"og:image:height\" content=\"800\" \/>\n\t<meta property=\"og:image:type\" content=\"image\/png\" \/>\n<meta name=\"twitter:card\" content=\"summary_large_image\" \/>\n<meta name=\"twitter:label1\" content=\"Tiempo de lectura\" \/>\n\t<meta name=\"twitter:data1\" content=\"3 minutos\" \/>\n<script type=\"application\/ld+json\" class=\"yoast-schema-graph\">{\"@context\":\"https:\/\/schema.org\",\"@graph\":[{\"@type\":\"WebPage\",\"@id\":\"https:\/\/buscoequipomedico.com\/?product=termometro-electronico-braun-pro-6000\",\"url\":\"https:\/\/buscoequipomedico.com\/?product=termometro-electronico-braun-pro-6000\",\"name\":\"TERMOMETRO ELECTRONICO BRAUN PRO 6000 - Tu mejor opci\u00f3n Equipo M\u00e9dico M\u00e9xico\",\"isPartOf\":{\"@id\":\"https:\/\/buscoequipomedico.com\/#website\"},\"primaryImageOfPage\":{\"@id\":\"https:\/\/buscoequipomedico.com\/?product=termometro-electronico-braun-pro-6000#primaryimage\"},\"image\":{\"@id\":\"https:\/\/buscoequipomedico.com\/?product=termometro-electronico-braun-pro-6000#primaryimage\"},\"thumbnailUrl\":\"https:\/\/buscoequipomedico.com\/wp-content\/uploads\/2020\/02\/termometro-electronico-braun-pro-6000-tecnologia-de-medicion-avanzada-que-captura-lecturas-de-temperatura-precisas-y-fiables-de.jpg\",\"datePublished\":\"2020-02-18T07:34:13+00:00\",\"dateModified\":\"2020-02-18T07:34:16+00:00\",\"breadcrumb\":{\"@id\":\"https:\/\/buscoequipomedico.com\/?product=termometro-electronico-braun-pro-6000#breadcrumb\"},\"inLanguage\":\"es\",\"potentialAction\":[{\"@type\":\"ReadAction\",\"target\":[\"https:\/\/buscoequipomedico.com\/?product=termometro-electronico-braun-pro-6000\"]}]},{\"@type\":\"ImageObject\",\"inLanguage\":\"es\",\"@id\":\"https:\/\/buscoequipomedico.com\/?product=termometro-electronico-braun-pro-6000#primaryimage\",\"url\":\"https:\/\/buscoequipomedico.com\/wp-content\/uploads\/2020\/02\/termometro-electronico-braun-pro-6000-tecnologia-de-medicion-avanzada-que-captura-lecturas-de-temperatura-precisas-y-fiables-de.jpg\",\"contentUrl\":\"https:\/\/buscoequipomedico.com\/wp-content\/uploads\/2020\/02\/termometro-electronico-braun-pro-6000-tecnologia-de-medicion-avanzada-que-captura-lecturas-de-temperatura-precisas-y-fiables-de.jpg\",\"width\":800,\"height\":800},{\"@type\":\"BreadcrumbList\",\"@id\":\"https:\/\/buscoequipomedico.com\/?product=termometro-electronico-braun-pro-6000#breadcrumb\",\"itemListElement\":[{\"@type\":\"ListItem\",\"position\":1,\"name\":\"Productos\",\"item\":\"https:\/\/buscoequipomedico.com\/shop\/\"},{\"@type\":\"ListItem\",\"position\":2,\"name\":\"TERMOMETRO ELECTRONICO BRAUN PRO 6000\"}]},{\"@type\":\"WebSite\",\"@id\":\"https:\/\/buscoequipomedico.com\/#website\",\"url\":\"https:\/\/buscoequipomedico.com\/\",\"name\":\"Tu mejor opci\u00f3n Equipo M\u00e9dico M\u00e9xico\",\"description\":\"Tienda de equipo m\u00e9dico\",\"publisher\":{\"@id\":\"https:\/\/buscoequipomedico.com\/#organization\"},\"potentialAction\":[{\"@type\":\"SearchAction\",\"target\":{\"@type\":\"EntryPoint\",\"urlTemplate\":\"https:\/\/buscoequipomedico.com\/?s={search_term_string}\"},\"query-input\":{\"@type\":\"PropertyValueSpecification\",\"valueRequired\":true,\"valueName\":\"search_term_string\"}}],\"inLanguage\":\"es\"},{\"@type\":\"Organization\",\"@id\":\"https:\/\/buscoequipomedico.com\/#organization\",\"name\":\"Tu mejor opci\u00f3n Equipo M\u00e9dico M\u00e9xico\",\"url\":\"https:\/\/buscoequipomedico.com\/\",\"logo\":{\"@type\":\"ImageObject\",\"inLanguage\":\"es\",\"@id\":\"https:\/\/buscoequipomedico.com\/#\/schema\/logo\/image\/\",\"url\":\"https:\/\/buscoequipomedico.com\/wp-content\/uploads\/2021\/07\/EMM-VPrincipal-scaled.jpg\",\"contentUrl\":\"https:\/\/buscoequipomedico.com\/wp-content\/uploads\/2021\/07\/EMM-VPrincipal-scaled.jpg\",\"width\":2560,\"height\":1058,\"caption\":\"Tu mejor opci\u00f3n Equipo M\u00e9dico M\u00e9xico\"},\"image\":{\"@id\":\"https:\/\/buscoequipomedico.com\/#\/schema\/logo\/image\/\"}}]}<\/script>\n<!-- \/ Yoast SEO plugin. -->","yoast_head_json":{"title":"TERMOMETRO ELECTRONICO BRAUN PRO 6000 - Tu mejor opci\u00f3n Equipo M\u00e9dico M\u00e9xico","robots":{"index":"index","follow":"follow","max-snippet":"max-snippet:-1","max-image-preview":"max-image-preview:large","max-video-preview":"max-video-preview:-1"},"canonical":"https:\/\/buscoequipomedico.com\/?product=termometro-electronico-braun-pro-6000","og_locale":"es_ES","og_type":"article","og_title":"TERMOMETRO ELECTRONICO BRAUN PRO 6000 - Tu mejor opci\u00f3n Equipo M\u00e9dico M\u00e9xico","og_description":"Tecnolog\u00eda de medici\u00f3n avanzada que captura lecturas de temperatura precisas y fiables de una forma c\u00f3moda para los pacientes con el Term\u00f3metro Timp\u00e1nico Braun ThermoScan PRO 6000 de Welch Allyn.","og_url":"https:\/\/buscoequipomedico.com\/?product=termometro-electronico-braun-pro-6000","og_site_name":"Tu mejor opci\u00f3n Equipo M\u00e9dico M\u00e9xico","article_modified_time":"2020-02-18T07:34:16+00:00","og_image":[{"width":800,"height":800,"url":"https:\/\/buscoequipomedico.com\/wp-content\/uploads\/2020\/02\/termometro-electronico-braun-pro-6000-tecnologia-de-medicion-avanzada-que-captura-lecturas-de-temperatura-precisas-y-fiables-de.jpg","type":"image\/png"}],"twitter_card":"summary_large_image","twitter_misc":{"Tiempo de lectura":"3 minutos"},"schema":{"@context":"https:\/\/schema.org","@graph":[{"@type":"WebPage","@id":"https:\/\/buscoequipomedico.com\/?product=termometro-electronico-braun-pro-6000","url":"https:\/\/buscoequipomedico.com\/?product=termometro-electronico-braun-pro-6000","name":"TERMOMETRO ELECTRONICO BRAUN PRO 6000 - Tu mejor opci\u00f3n Equipo M\u00e9dico M\u00e9xico","isPartOf":{"@id":"https:\/\/buscoequipomedico.com\/#website"},"primaryImageOfPage":{"@id":"https:\/\/buscoequipomedico.com\/?product=termometro-electronico-braun-pro-6000#primaryimage"},"image":{"@id":"https:\/\/buscoequipomedico.com\/?product=termometro-electronico-braun-pro-6000#primaryimage"},"thumbnailUrl":"https:\/\/buscoequipomedico.com\/wp-content\/uploads\/2020\/02\/termometro-electronico-braun-pro-6000-tecnologia-de-medicion-avanzada-que-captura-lecturas-de-temperatura-precisas-y-fiables-de.jpg","datePublished":"2020-02-18T07:34:13+00:00","dateModified":"2020-02-18T07:34:16+00:00","breadcrumb":{"@id":"https:\/\/buscoequipomedico.com\/?product=termometro-electronico-braun-pro-6000#breadcrumb"},"inLanguage":"es","potentialAction":[{"@type":"ReadAction","target":["https:\/\/buscoequipomedico.com\/?product=termometro-electronico-braun-pro-6000"]}]},{"@type":"ImageObject","inLanguage":"es","@id":"https:\/\/buscoequipomedico.com\/?product=termometro-electronico-braun-pro-6000#primaryimage","url":"https:\/\/buscoequipomedico.com\/wp-content\/uploads\/2020\/02\/termometro-electronico-braun-pro-6000-tecnologia-de-medicion-avanzada-que-captura-lecturas-de-temperatura-precisas-y-fiables-de.jpg","contentUrl":"https:\/\/buscoequipomedico.com\/wp-content\/uploads\/2020\/02\/termometro-electronico-braun-pro-6000-tecnologia-de-medicion-avanzada-que-captura-lecturas-de-temperatura-precisas-y-fiables-de.jpg","width":800,"height":800},{"@type":"BreadcrumbList","@id":"https:\/\/buscoequipomedico.com\/?product=termometro-electronico-braun-pro-6000#breadcrumb","itemListElement":[{"@type":"ListItem","position":1,"name":"Productos","item":"https:\/\/buscoequipomedico.com\/shop\/"},{"@type":"ListItem","position":2,"name":"TERMOMETRO ELECTRONICO BRAUN PRO 6000"}]},{"@type":"WebSite","@id":"https:\/\/buscoequipomedico.com\/#website","url":"https:\/\/buscoequipomedico.com\/","name":"Tu mejor opci\u00f3n Equipo M\u00e9dico M\u00e9xico","description":"Tienda de equipo m\u00e9dico","publisher":{"@id":"https:\/\/buscoequipomedico.com\/#organization"},"potentialAction":[{"@type":"SearchAction","target":{"@type":"EntryPoint","urlTemplate":"https:\/\/buscoequipomedico.com\/?s={search_term_string}"},"query-input":{"@type":"PropertyValueSpecification","valueRequired":true,"valueName":"search_term_string"}}],"inLanguage":"es"},{"@type":"Organization","@id":"https:\/\/buscoequipomedico.com\/#organization","name":"Tu mejor opci\u00f3n Equipo M\u00e9dico M\u00e9xico","url":"https:\/\/buscoequipomedico.com\/","logo":{"@type":"ImageObject","inLanguage":"es","@id":"https:\/\/buscoequipomedico.com\/#\/schema\/logo\/image\/","url":"https:\/\/buscoequipomedico.com\/wp-content\/uploads\/2021\/07\/EMM-VPrincipal-scaled.jpg","contentUrl":"https:\/\/buscoequipomedico.com\/wp-content\/uploads\/2021\/07\/EMM-VPrincipal-scaled.jpg","width":2560,"height":1058,"caption":"Tu mejor opci\u00f3n Equipo M\u00e9dico M\u00e9xico"},"image":{"@id":"https:\/\/buscoequipomedico.com\/#\/schema\/logo\/image\/"}}]}},"_links":{"self":[{"href":"https:\/\/buscoequipomedico.com\/index.php?rest_route=\/wp\/v2\/product\/11944","targetHints":{"allow":["GET"]}}],"collection":[{"href":"https:\/\/buscoequipomedico.com\/index.php?rest_route=\/wp\/v2\/product"}],"about":[{"href":"https:\/\/buscoequipomedico.com\/index.php?rest_route=\/wp\/v2\/types\/product"}],"wp:featuredmedia":[{"embeddable":true,"href":"https:\/\/buscoequipomedico.com\/index.php?rest_route=\/wp\/v2\/media\/11945"}],"wp:attachment":[{"href":"https:\/\/buscoequipomedico.com\/index.php?rest_route=%2Fwp%2Fv2%2Fmedia&parent=11944"}],"wp:term":[{"taxonomy":"product_brand","embeddable":true,"href":"https:\/\/buscoequipomedico.com\/index.php?rest_route=%2Fwp%2Fv2%2Fproduct_brand&post=11944"},{"taxonomy":"product_cat","embeddable":true,"href":"https:\/\/buscoequipomedico.com\/index.php?rest_route=%2Fwp%2Fv2%2Fproduct_cat&post=11944"},{"taxonomy":"product_tag","embeddable":true,"href":"https:\/\/buscoequipomedico.com\/index.php?rest_route=%2Fwp%2Fv2%2Fproduct_tag&post=11944"}],"curies":[{"name":"wp","href":"https:\/\/api.w.org\/{rel}","templated":true}]}}