{"id":11946,"date":"2020-02-18T07:34:13","date_gmt":"2020-02-18T07:34:13","guid":{"rendered":"https:\/\/equipomedicomexico-com.preview-domain.com\/product\/termometro-electronico-sure-temp-plus-690\/"},"modified":"2020-02-18T07:34:16","modified_gmt":"2020-02-18T07:34:16","slug":"termometro-electronico-sure-temp-plus-690","status":"publish","type":"product","link":"https:\/\/buscoequipomedico.com\/?product=termometro-electronico-sure-temp-plus-690","title":{"rendered":"TERMOMETRO ELECTRONICO SURE TEMP PLUS 690"},"content":{"rendered":"<p>Ayude a su Instituci\u00f3n a mejorar la productividad del personal y la seguridad de los pacientes con el Term\u00f3metro electr\u00f3nico SureTemp Plus 690.<\/p>\n<p>El term\u00f3metro SureTemp 690 es r\u00e1pido \u2013 Capturandola temperatura oral en aproximadamente 4 a 6 segundos, en 10 a 13 segundos la temperatura rectal o axilar pedi\u00e1trica y en 12 a 15 segundos la temperatura axilar del adulto.<\/p>\n<p>Con la tecnolog\u00eda que establece el nuevo estandar de oro en velocidad y exactitud, se puede tener la confianza de que el SureTemp Plus 690 ofrecer\u00e1 lecturas confiables y repetibles en pacientes de todas las edades. Los sensores extra\u00edbles e intercambiables oral\/axilar y rectal y el compartimento protector han sido dise\u00f1ados para ayudarle a reducir el riesgo de contaminaci\u00f3n cruzada, para la satisfacci\u00f3n del personal y la seguridad de los pacientes.<\/p>\n<p>\u00a0<\/p>\n<p><span>CARACTER\u00cdSTICAS:<\/span><\/p>\n<ul>\n<li>Incluye Caja con Cubre Sonda para Termometro(25 piezas) WA05031-110<\/li>\n<li>R\u00e1pido: Toma r\u00e1pidamente lecturas en toda clase de pacientes.<\/li>\n<li>Su pantalla LCD de gran tama\u00f1o muestra la temperatura en grados Fahrenheit o Celsius.<\/li>\n<li>C\u00f3modo compartimento de almacenamiento para 25 cubiertas para el sensor.<\/li>\n<li>Bot\u00f3n de recuperaci\u00f3n de \u00faltima medici\u00f3n de temperatura.<\/li>\n<li>Realiza aproximadamente 6,000 lecturas con 3 bater\u00edas AA.<\/li>\n<li>El sensor y compartimento protector extra\u00edbles e intercambiables le ayudan a reducir el riesgo de contaminaci\u00f3n cruzada.<\/li>\n<\/ul>\n<p>\u00a0<\/p>\n<p><span>ESPECIFICACIONES T\u00c9CNICAS:<\/span><\/p>\n<ul>\n<li>\n<span>Precisi\u00f3n de calibraci\u00f3n:<\/span>\u00a0\u00b10,1 \u00b0C (Modo Monitor).<\/li>\n<\/ul>\n<ul>\n<li><span>Tiempo para predicci\u00f3n de temperatura<\/span><\/li>\n<li>\n<span>Oral:<\/span>\u00a0Aproximadamente 4-6 seg.<\/li>\n<li>\n<span>Axilar adulto (18 a\u00f1os y mayores):<\/span>\u00a0Aproximadamente 12-15 seg.<\/li>\n<li>\n<span>Axilar pedi\u00e1trica (17 a\u00f1os y menores):<\/span>\u00a0Aproximadamente 10-13 seg.<\/li>\n<li>\n<span>Rectal:<\/span>\u00a0Aproximadamente 10-13 seg.<\/li>\n<li>\n<span>Dimensiones de la unidad:<\/span>\u00a0215 mm x 81 mm x 62 mm<\/li>\n<li>\n<span>Peso:<\/span>\u00a0357 gramos<\/li>\n<li>\n<span>Intervalo de temperatura ambiente:<\/span>\u00a010 \u00b0C \u2013 40,0 \u00b0C<\/li>\n<li>\n<span>Intervalo de temperatura del paciente:<\/span>\u00a026,7 \u00b0C \u2013 43,3 \u00b0C<\/li>\n<li>\n<span>Fuente de energ\u00eda:<\/span>\u00a0(3) bater\u00edas AA de 1,5 V CC<\/li>\n<li>\n<span>Duraci\u00f3n de las bater\u00edas:\u00a0<\/span>6000 mediciones de temperatura<\/li>\n<\/ul>\n","protected":false},"excerpt":{"rendered":"<p>Presentamos el Term\u00f3metro Electr\u00f3nico SureTemp Plus 690 de Welch Allyn. Ahora tomar temperaturas es m\u00e1s f\u00e1cil, m\u00e1s seguro y m\u00e1s preciso. Y atender a todos sus pacientes es m\u00e1s c\u00f3modo.<\/p>\n<p>Incluye Caja con Cubre Sonda para Termometro(25 piezas)\u00a0<\/p>\n","protected":false},"featured_media":11947,"template":"","meta":{"_joinchat":[]},"product_brand":[],"product_cat":[244],"product_tag":[],"class_list":{"0":"post-11946","1":"product","2":"type-product","3":"status-publish","4":"has-post-thumbnail","6":"product_cat-equipos-de-diagnostico","8":"first","9":"instock","10":"purchasable","11":"product-type-simple"},"yoast_head":"<!-- This site is optimized with the Yoast SEO plugin v25.1 - https:\/\/yoast.com\/wordpress\/plugins\/seo\/ -->\n<title>TERMOMETRO ELECTRONICO SURE TEMP PLUS 690 - Tu mejor opci\u00f3n Equipo M\u00e9dico M\u00e9xico<\/title>\n<meta name=\"robots\" content=\"index, follow, max-snippet:-1, max-image-preview:large, max-video-preview:-1\" \/>\n<link rel=\"canonical\" href=\"https:\/\/buscoequipomedico.com\/?product=termometro-electronico-sure-temp-plus-690\" \/>\n<meta property=\"og:locale\" content=\"es_ES\" \/>\n<meta property=\"og:type\" content=\"article\" \/>\n<meta property=\"og:title\" content=\"TERMOMETRO ELECTRONICO SURE TEMP PLUS 690 - Tu mejor opci\u00f3n Equipo M\u00e9dico M\u00e9xico\" \/>\n<meta property=\"og:description\" content=\"Presentamos el Term\u00f3metro Electr\u00f3nico SureTemp Plus 690 de Welch Allyn. Ahora tomar temperaturas es m\u00e1s f\u00e1cil, m\u00e1s seguro y m\u00e1s preciso. Y atender a todos sus pacientes es m\u00e1s c\u00f3modo. Incluye Caja con Cubre Sonda para Termometro(25 piezas)\u00a0\" \/>\n<meta property=\"og:url\" content=\"https:\/\/buscoequipomedico.com\/?product=termometro-electronico-sure-temp-plus-690\" \/>\n<meta property=\"og:site_name\" content=\"Tu mejor opci\u00f3n Equipo M\u00e9dico M\u00e9xico\" \/>\n<meta property=\"article:modified_time\" content=\"2020-02-18T07:34:16+00:00\" \/>\n<meta property=\"og:image\" content=\"https:\/\/buscoequipomedico.com\/wp-content\/uploads\/2020\/02\/termometro-electronico-sure-temp-plus-690-presentamos-el-termometro-electronico-suretemp-plus-690-de-welch-allyn-ahora-tomar-tem.jpg\" \/>\n\t<meta property=\"og:image:width\" content=\"800\" \/>\n\t<meta property=\"og:image:height\" content=\"800\" \/>\n\t<meta property=\"og:image:type\" content=\"image\/png\" \/>\n<meta name=\"twitter:card\" content=\"summary_large_image\" \/>\n<meta name=\"twitter:label1\" content=\"Tiempo de lectura\" \/>\n\t<meta name=\"twitter:data1\" content=\"2 minutos\" \/>\n<script type=\"application\/ld+json\" class=\"yoast-schema-graph\">{\"@context\":\"https:\/\/schema.org\",\"@graph\":[{\"@type\":\"WebPage\",\"@id\":\"https:\/\/buscoequipomedico.com\/?product=termometro-electronico-sure-temp-plus-690\",\"url\":\"https:\/\/buscoequipomedico.com\/?product=termometro-electronico-sure-temp-plus-690\",\"name\":\"TERMOMETRO ELECTRONICO SURE TEMP PLUS 690 - Tu mejor opci\u00f3n Equipo M\u00e9dico M\u00e9xico\",\"isPartOf\":{\"@id\":\"https:\/\/buscoequipomedico.com\/#website\"},\"primaryImageOfPage\":{\"@id\":\"https:\/\/buscoequipomedico.com\/?product=termometro-electronico-sure-temp-plus-690#primaryimage\"},\"image\":{\"@id\":\"https:\/\/buscoequipomedico.com\/?product=termometro-electronico-sure-temp-plus-690#primaryimage\"},\"thumbnailUrl\":\"https:\/\/buscoequipomedico.com\/wp-content\/uploads\/2020\/02\/termometro-electronico-sure-temp-plus-690-presentamos-el-termometro-electronico-suretemp-plus-690-de-welch-allyn-ahora-tomar-tem.jpg\",\"datePublished\":\"2020-02-18T07:34:13+00:00\",\"dateModified\":\"2020-02-18T07:34:16+00:00\",\"breadcrumb\":{\"@id\":\"https:\/\/buscoequipomedico.com\/?product=termometro-electronico-sure-temp-plus-690#breadcrumb\"},\"inLanguage\":\"es\",\"potentialAction\":[{\"@type\":\"ReadAction\",\"target\":[\"https:\/\/buscoequipomedico.com\/?product=termometro-electronico-sure-temp-plus-690\"]}]},{\"@type\":\"ImageObject\",\"inLanguage\":\"es\",\"@id\":\"https:\/\/buscoequipomedico.com\/?product=termometro-electronico-sure-temp-plus-690#primaryimage\",\"url\":\"https:\/\/buscoequipomedico.com\/wp-content\/uploads\/2020\/02\/termometro-electronico-sure-temp-plus-690-presentamos-el-termometro-electronico-suretemp-plus-690-de-welch-allyn-ahora-tomar-tem.jpg\",\"contentUrl\":\"https:\/\/buscoequipomedico.com\/wp-content\/uploads\/2020\/02\/termometro-electronico-sure-temp-plus-690-presentamos-el-termometro-electronico-suretemp-plus-690-de-welch-allyn-ahora-tomar-tem.jpg\",\"width\":800,\"height\":800},{\"@type\":\"BreadcrumbList\",\"@id\":\"https:\/\/buscoequipomedico.com\/?product=termometro-electronico-sure-temp-plus-690#breadcrumb\",\"itemListElement\":[{\"@type\":\"ListItem\",\"position\":1,\"name\":\"Productos\",\"item\":\"https:\/\/buscoequipomedico.com\/shop\/\"},{\"@type\":\"ListItem\",\"position\":2,\"name\":\"TERMOMETRO ELECTRONICO SURE TEMP PLUS 690\"}]},{\"@type\":\"WebSite\",\"@id\":\"https:\/\/buscoequipomedico.com\/#website\",\"url\":\"https:\/\/buscoequipomedico.com\/\",\"name\":\"Tu mejor opci\u00f3n Equipo M\u00e9dico M\u00e9xico\",\"description\":\"Tienda de equipo m\u00e9dico\",\"publisher\":{\"@id\":\"https:\/\/buscoequipomedico.com\/#organization\"},\"potentialAction\":[{\"@type\":\"SearchAction\",\"target\":{\"@type\":\"EntryPoint\",\"urlTemplate\":\"https:\/\/buscoequipomedico.com\/?s={search_term_string}\"},\"query-input\":{\"@type\":\"PropertyValueSpecification\",\"valueRequired\":true,\"valueName\":\"search_term_string\"}}],\"inLanguage\":\"es\"},{\"@type\":\"Organization\",\"@id\":\"https:\/\/buscoequipomedico.com\/#organization\",\"name\":\"Tu mejor opci\u00f3n Equipo M\u00e9dico M\u00e9xico\",\"url\":\"https:\/\/buscoequipomedico.com\/\",\"logo\":{\"@type\":\"ImageObject\",\"inLanguage\":\"es\",\"@id\":\"https:\/\/buscoequipomedico.com\/#\/schema\/logo\/image\/\",\"url\":\"https:\/\/buscoequipomedico.com\/wp-content\/uploads\/2021\/07\/EMM-VPrincipal-scaled.jpg\",\"contentUrl\":\"https:\/\/buscoequipomedico.com\/wp-content\/uploads\/2021\/07\/EMM-VPrincipal-scaled.jpg\",\"width\":2560,\"height\":1058,\"caption\":\"Tu mejor opci\u00f3n Equipo M\u00e9dico M\u00e9xico\"},\"image\":{\"@id\":\"https:\/\/buscoequipomedico.com\/#\/schema\/logo\/image\/\"}}]}<\/script>\n<!-- \/ Yoast SEO plugin. -->","yoast_head_json":{"title":"TERMOMETRO ELECTRONICO SURE TEMP PLUS 690 - Tu mejor opci\u00f3n Equipo M\u00e9dico M\u00e9xico","robots":{"index":"index","follow":"follow","max-snippet":"max-snippet:-1","max-image-preview":"max-image-preview:large","max-video-preview":"max-video-preview:-1"},"canonical":"https:\/\/buscoequipomedico.com\/?product=termometro-electronico-sure-temp-plus-690","og_locale":"es_ES","og_type":"article","og_title":"TERMOMETRO ELECTRONICO SURE TEMP PLUS 690 - Tu mejor opci\u00f3n Equipo M\u00e9dico M\u00e9xico","og_description":"Presentamos el Term\u00f3metro Electr\u00f3nico SureTemp Plus 690 de Welch Allyn. Ahora tomar temperaturas es m\u00e1s f\u00e1cil, m\u00e1s seguro y m\u00e1s preciso. Y atender a todos sus pacientes es m\u00e1s c\u00f3modo. Incluye Caja con Cubre Sonda para Termometro(25 piezas)\u00a0","og_url":"https:\/\/buscoequipomedico.com\/?product=termometro-electronico-sure-temp-plus-690","og_site_name":"Tu mejor opci\u00f3n Equipo M\u00e9dico M\u00e9xico","article_modified_time":"2020-02-18T07:34:16+00:00","og_image":[{"width":800,"height":800,"url":"https:\/\/buscoequipomedico.com\/wp-content\/uploads\/2020\/02\/termometro-electronico-sure-temp-plus-690-presentamos-el-termometro-electronico-suretemp-plus-690-de-welch-allyn-ahora-tomar-tem.jpg","type":"image\/png"}],"twitter_card":"summary_large_image","twitter_misc":{"Tiempo de lectura":"2 minutos"},"schema":{"@context":"https:\/\/schema.org","@graph":[{"@type":"WebPage","@id":"https:\/\/buscoequipomedico.com\/?product=termometro-electronico-sure-temp-plus-690","url":"https:\/\/buscoequipomedico.com\/?product=termometro-electronico-sure-temp-plus-690","name":"TERMOMETRO ELECTRONICO SURE TEMP PLUS 690 - Tu mejor opci\u00f3n Equipo M\u00e9dico M\u00e9xico","isPartOf":{"@id":"https:\/\/buscoequipomedico.com\/#website"},"primaryImageOfPage":{"@id":"https:\/\/buscoequipomedico.com\/?product=termometro-electronico-sure-temp-plus-690#primaryimage"},"image":{"@id":"https:\/\/buscoequipomedico.com\/?product=termometro-electronico-sure-temp-plus-690#primaryimage"},"thumbnailUrl":"https:\/\/buscoequipomedico.com\/wp-content\/uploads\/2020\/02\/termometro-electronico-sure-temp-plus-690-presentamos-el-termometro-electronico-suretemp-plus-690-de-welch-allyn-ahora-tomar-tem.jpg","datePublished":"2020-02-18T07:34:13+00:00","dateModified":"2020-02-18T07:34:16+00:00","breadcrumb":{"@id":"https:\/\/buscoequipomedico.com\/?product=termometro-electronico-sure-temp-plus-690#breadcrumb"},"inLanguage":"es","potentialAction":[{"@type":"ReadAction","target":["https:\/\/buscoequipomedico.com\/?product=termometro-electronico-sure-temp-plus-690"]}]},{"@type":"ImageObject","inLanguage":"es","@id":"https:\/\/buscoequipomedico.com\/?product=termometro-electronico-sure-temp-plus-690#primaryimage","url":"https:\/\/buscoequipomedico.com\/wp-content\/uploads\/2020\/02\/termometro-electronico-sure-temp-plus-690-presentamos-el-termometro-electronico-suretemp-plus-690-de-welch-allyn-ahora-tomar-tem.jpg","contentUrl":"https:\/\/buscoequipomedico.com\/wp-content\/uploads\/2020\/02\/termometro-electronico-sure-temp-plus-690-presentamos-el-termometro-electronico-suretemp-plus-690-de-welch-allyn-ahora-tomar-tem.jpg","width":800,"height":800},{"@type":"BreadcrumbList","@id":"https:\/\/buscoequipomedico.com\/?product=termometro-electronico-sure-temp-plus-690#breadcrumb","itemListElement":[{"@type":"ListItem","position":1,"name":"Productos","item":"https:\/\/buscoequipomedico.com\/shop\/"},{"@type":"ListItem","position":2,"name":"TERMOMETRO ELECTRONICO SURE TEMP PLUS 690"}]},{"@type":"WebSite","@id":"https:\/\/buscoequipomedico.com\/#website","url":"https:\/\/buscoequipomedico.com\/","name":"Tu mejor opci\u00f3n Equipo M\u00e9dico M\u00e9xico","description":"Tienda de equipo m\u00e9dico","publisher":{"@id":"https:\/\/buscoequipomedico.com\/#organization"},"potentialAction":[{"@type":"SearchAction","target":{"@type":"EntryPoint","urlTemplate":"https:\/\/buscoequipomedico.com\/?s={search_term_string}"},"query-input":{"@type":"PropertyValueSpecification","valueRequired":true,"valueName":"search_term_string"}}],"inLanguage":"es"},{"@type":"Organization","@id":"https:\/\/buscoequipomedico.com\/#organization","name":"Tu mejor opci\u00f3n Equipo M\u00e9dico M\u00e9xico","url":"https:\/\/buscoequipomedico.com\/","logo":{"@type":"ImageObject","inLanguage":"es","@id":"https:\/\/buscoequipomedico.com\/#\/schema\/logo\/image\/","url":"https:\/\/buscoequipomedico.com\/wp-content\/uploads\/2021\/07\/EMM-VPrincipal-scaled.jpg","contentUrl":"https:\/\/buscoequipomedico.com\/wp-content\/uploads\/2021\/07\/EMM-VPrincipal-scaled.jpg","width":2560,"height":1058,"caption":"Tu mejor opci\u00f3n Equipo M\u00e9dico M\u00e9xico"},"image":{"@id":"https:\/\/buscoequipomedico.com\/#\/schema\/logo\/image\/"}}]}},"_links":{"self":[{"href":"https:\/\/buscoequipomedico.com\/index.php?rest_route=\/wp\/v2\/product\/11946","targetHints":{"allow":["GET"]}}],"collection":[{"href":"https:\/\/buscoequipomedico.com\/index.php?rest_route=\/wp\/v2\/product"}],"about":[{"href":"https:\/\/buscoequipomedico.com\/index.php?rest_route=\/wp\/v2\/types\/product"}],"wp:featuredmedia":[{"embeddable":true,"href":"https:\/\/buscoequipomedico.com\/index.php?rest_route=\/wp\/v2\/media\/11947"}],"wp:attachment":[{"href":"https:\/\/buscoequipomedico.com\/index.php?rest_route=%2Fwp%2Fv2%2Fmedia&parent=11946"}],"wp:term":[{"taxonomy":"product_brand","embeddable":true,"href":"https:\/\/buscoequipomedico.com\/index.php?rest_route=%2Fwp%2Fv2%2Fproduct_brand&post=11946"},{"taxonomy":"product_cat","embeddable":true,"href":"https:\/\/buscoequipomedico.com\/index.php?rest_route=%2Fwp%2Fv2%2Fproduct_cat&post=11946"},{"taxonomy":"product_tag","embeddable":true,"href":"https:\/\/buscoequipomedico.com\/index.php?rest_route=%2Fwp%2Fv2%2Fproduct_tag&post=11946"}],"curies":[{"name":"wp","href":"https:\/\/api.w.org\/{rel}","templated":true}]}}