{"id":11952,"date":"2020-02-18T07:34:13","date_gmt":"2020-02-18T07:34:13","guid":{"rendered":"https:\/\/equipomedicomexico-com.preview-domain.com\/product\/ultrasonido-blanco-y-negro\/"},"modified":"2020-02-18T07:34:17","modified_gmt":"2020-02-18T07:34:17","slug":"ultrasonido-blanco-y-negro","status":"publish","type":"product","link":"https:\/\/buscoequipomedico.com\/?product=ultrasonido-blanco-y-negro","title":{"rendered":"ULTRASONIDO BLANCO Y NEGRO"},"content":{"rendered":"<p><span>\u00a0Tecnolog\u00edas avanzadas:\u00a0<\/span><\/p>\n<ul>\n<li>i-Image (Optimizaci\u00f3n de imagen inteligente)\u00a0<\/li>\n<li>THI (Imagen arm\u00f3nica de tejido)\u00a0<\/li>\n<li>SRA (Algoritmo de reducci\u00f3n de moteado)\u00a0<\/li>\n<li>Im\u00e1genes compuestas\u00a0<\/li>\n<li>Formador de haz digital completo\u00a0<\/li>\n<li>Trapecio\u00a0<\/li>\n<li>Trazo de PW autom\u00e1tico\u00a0<\/li>\n<li>Croma\u00a0<\/li>\n<li>Modo de visualizaci\u00f3n de pantalla completa\u00a0<\/li>\n<li>AIO (Imagen autom\u00e1tica mejoramiento)<\/li>\n<\/ul>\n<p>\u00a0<span>Econ\u00f3mico<\/span><\/p>\n<ul>\n<li>La \u00faltima plataforma y chip-set m\u00e1s avanzada: que proporciona mejor calidad de imagen y funciones a un costo menor de una forma m\u00e1s compacta caja\u00a0<\/li>\n<li>Impresora de PC de la ayuda, reducir la inversi\u00f3n y el d\u00eda a costo del papel d\u00eda\u00a0<\/li>\n<li>8G tarjeta de memoria\u00a0de disco duro \u2022 320 g (opcional)\u00a0<\/li>\n<li>Carga vehicular<\/li>\n<\/ul>\n<p>\u00a0<span>Respetuoso del medio ambiente<\/span><\/p>\n<ul>\n<li>Menos radiaci\u00f3n\u00a0<\/li>\n<li>Menor consumo de energ\u00eda\u00a0<\/li>\n<li>Mayor vida \u00fatil: LED\u00a0<\/li>\n<li>Mayor tiempo de espera de la bater\u00eda:&gt; 2 horas<\/li>\n<\/ul>\n","protected":false},"excerpt":{"rendered":"<ul>\n<li>LCD giratorio (0 ~ 30 \u00b0): acoplador a diferentes \u00e1ngulos de visi\u00f3n\u00a0<\/li>\n<li>Ultracompacto y ultraligero\u00a0<\/li>\n<li>F\u00e1cil de transportar\u00a0<\/li>\n<li>Teclado: para un acceso f\u00e1cil y r\u00e1pido\u00a0<\/li>\n<li>Carro dedicado TR 9000\u00a0<\/li>\n<li>Flujo de trabajo optimizado<\/li>\n<\/ul>\n","protected":false},"featured_media":11953,"template":"","meta":{"_joinchat":[]},"product_brand":[],"product_cat":[244],"product_tag":[],"class_list":{"0":"post-11952","1":"product","2":"type-product","3":"status-publish","4":"has-post-thumbnail","6":"product_cat-equipos-de-diagnostico","7":"pa_marca-chison","9":"first","10":"instock","11":"purchasable","12":"product-type-simple"},"yoast_head":"<!-- This site is optimized with the Yoast SEO plugin v25.1 - https:\/\/yoast.com\/wordpress\/plugins\/seo\/ -->\n<title>ULTRASONIDO BLANCO Y NEGRO - Tu mejor opci\u00f3n Equipo M\u00e9dico M\u00e9xico<\/title>\n<meta name=\"robots\" content=\"index, follow, max-snippet:-1, max-image-preview:large, max-video-preview:-1\" \/>\n<link rel=\"canonical\" href=\"https:\/\/buscoequipomedico.com\/?product=ultrasonido-blanco-y-negro\" \/>\n<meta property=\"og:locale\" content=\"es_ES\" \/>\n<meta property=\"og:type\" content=\"article\" \/>\n<meta property=\"og:title\" content=\"ULTRASONIDO BLANCO Y NEGRO - Tu mejor opci\u00f3n Equipo M\u00e9dico M\u00e9xico\" \/>\n<meta property=\"og:description\" content=\"LCD giratorio (0 ~ 30 \u00b0): acoplador a diferentes \u00e1ngulos de visi\u00f3n\u00a0 Ultracompacto y ultraligero\u00a0 F\u00e1cil de transportar\u00a0 Teclado: para un acceso f\u00e1cil y r\u00e1pido\u00a0 Carro dedicado TR 9000\u00a0 Flujo de trabajo optimizado\" \/>\n<meta property=\"og:url\" content=\"https:\/\/buscoequipomedico.com\/?product=ultrasonido-blanco-y-negro\" \/>\n<meta property=\"og:site_name\" content=\"Tu mejor opci\u00f3n Equipo M\u00e9dico M\u00e9xico\" \/>\n<meta property=\"article:modified_time\" content=\"2020-02-18T07:34:17+00:00\" \/>\n<meta property=\"og:image\" content=\"https:\/\/buscoequipomedico.com\/wp-content\/uploads\/2020\/02\/ultrasonido-blanco-y-negro-lcd-giratorio-0-30-acoplador-a-diferentes-angulos-de-vision-ultracompacto-y-ultraligero-facil-de-tran.jpg\" \/>\n\t<meta property=\"og:image:width\" content=\"800\" \/>\n\t<meta property=\"og:image:height\" content=\"800\" \/>\n\t<meta property=\"og:image:type\" content=\"image\/png\" \/>\n<meta name=\"twitter:card\" content=\"summary_large_image\" \/>\n<meta name=\"twitter:label1\" content=\"Tiempo de lectura\" \/>\n\t<meta name=\"twitter:data1\" content=\"1 minuto\" \/>\n<script type=\"application\/ld+json\" class=\"yoast-schema-graph\">{\"@context\":\"https:\/\/schema.org\",\"@graph\":[{\"@type\":\"WebPage\",\"@id\":\"https:\/\/buscoequipomedico.com\/?product=ultrasonido-blanco-y-negro\",\"url\":\"https:\/\/buscoequipomedico.com\/?product=ultrasonido-blanco-y-negro\",\"name\":\"ULTRASONIDO BLANCO Y NEGRO - Tu mejor opci\u00f3n Equipo M\u00e9dico M\u00e9xico\",\"isPartOf\":{\"@id\":\"https:\/\/buscoequipomedico.com\/#website\"},\"primaryImageOfPage\":{\"@id\":\"https:\/\/buscoequipomedico.com\/?product=ultrasonido-blanco-y-negro#primaryimage\"},\"image\":{\"@id\":\"https:\/\/buscoequipomedico.com\/?product=ultrasonido-blanco-y-negro#primaryimage\"},\"thumbnailUrl\":\"https:\/\/buscoequipomedico.com\/wp-content\/uploads\/2020\/02\/ultrasonido-blanco-y-negro-lcd-giratorio-0-30-acoplador-a-diferentes-angulos-de-vision-ultracompacto-y-ultraligero-facil-de-tran.jpg\",\"datePublished\":\"2020-02-18T07:34:13+00:00\",\"dateModified\":\"2020-02-18T07:34:17+00:00\",\"breadcrumb\":{\"@id\":\"https:\/\/buscoequipomedico.com\/?product=ultrasonido-blanco-y-negro#breadcrumb\"},\"inLanguage\":\"es\",\"potentialAction\":[{\"@type\":\"ReadAction\",\"target\":[\"https:\/\/buscoequipomedico.com\/?product=ultrasonido-blanco-y-negro\"]}]},{\"@type\":\"ImageObject\",\"inLanguage\":\"es\",\"@id\":\"https:\/\/buscoequipomedico.com\/?product=ultrasonido-blanco-y-negro#primaryimage\",\"url\":\"https:\/\/buscoequipomedico.com\/wp-content\/uploads\/2020\/02\/ultrasonido-blanco-y-negro-lcd-giratorio-0-30-acoplador-a-diferentes-angulos-de-vision-ultracompacto-y-ultraligero-facil-de-tran.jpg\",\"contentUrl\":\"https:\/\/buscoequipomedico.com\/wp-content\/uploads\/2020\/02\/ultrasonido-blanco-y-negro-lcd-giratorio-0-30-acoplador-a-diferentes-angulos-de-vision-ultracompacto-y-ultraligero-facil-de-tran.jpg\",\"width\":800,\"height\":800},{\"@type\":\"BreadcrumbList\",\"@id\":\"https:\/\/buscoequipomedico.com\/?product=ultrasonido-blanco-y-negro#breadcrumb\",\"itemListElement\":[{\"@type\":\"ListItem\",\"position\":1,\"name\":\"Productos\",\"item\":\"https:\/\/buscoequipomedico.com\/shop\/\"},{\"@type\":\"ListItem\",\"position\":2,\"name\":\"ULTRASONIDO BLANCO Y NEGRO\"}]},{\"@type\":\"WebSite\",\"@id\":\"https:\/\/buscoequipomedico.com\/#website\",\"url\":\"https:\/\/buscoequipomedico.com\/\",\"name\":\"Tu mejor opci\u00f3n Equipo M\u00e9dico M\u00e9xico\",\"description\":\"Tienda de equipo m\u00e9dico\",\"publisher\":{\"@id\":\"https:\/\/buscoequipomedico.com\/#organization\"},\"potentialAction\":[{\"@type\":\"SearchAction\",\"target\":{\"@type\":\"EntryPoint\",\"urlTemplate\":\"https:\/\/buscoequipomedico.com\/?s={search_term_string}\"},\"query-input\":{\"@type\":\"PropertyValueSpecification\",\"valueRequired\":true,\"valueName\":\"search_term_string\"}}],\"inLanguage\":\"es\"},{\"@type\":\"Organization\",\"@id\":\"https:\/\/buscoequipomedico.com\/#organization\",\"name\":\"Tu mejor opci\u00f3n Equipo M\u00e9dico M\u00e9xico\",\"url\":\"https:\/\/buscoequipomedico.com\/\",\"logo\":{\"@type\":\"ImageObject\",\"inLanguage\":\"es\",\"@id\":\"https:\/\/buscoequipomedico.com\/#\/schema\/logo\/image\/\",\"url\":\"https:\/\/buscoequipomedico.com\/wp-content\/uploads\/2021\/07\/EMM-VPrincipal-scaled.jpg\",\"contentUrl\":\"https:\/\/buscoequipomedico.com\/wp-content\/uploads\/2021\/07\/EMM-VPrincipal-scaled.jpg\",\"width\":2560,\"height\":1058,\"caption\":\"Tu mejor opci\u00f3n Equipo M\u00e9dico M\u00e9xico\"},\"image\":{\"@id\":\"https:\/\/buscoequipomedico.com\/#\/schema\/logo\/image\/\"}}]}<\/script>\n<!-- \/ Yoast SEO plugin. -->","yoast_head_json":{"title":"ULTRASONIDO BLANCO Y NEGRO - Tu mejor opci\u00f3n Equipo M\u00e9dico M\u00e9xico","robots":{"index":"index","follow":"follow","max-snippet":"max-snippet:-1","max-image-preview":"max-image-preview:large","max-video-preview":"max-video-preview:-1"},"canonical":"https:\/\/buscoequipomedico.com\/?product=ultrasonido-blanco-y-negro","og_locale":"es_ES","og_type":"article","og_title":"ULTRASONIDO BLANCO Y NEGRO - Tu mejor opci\u00f3n Equipo M\u00e9dico M\u00e9xico","og_description":"LCD giratorio (0 ~ 30 \u00b0): acoplador a diferentes \u00e1ngulos de visi\u00f3n\u00a0 Ultracompacto y ultraligero\u00a0 F\u00e1cil de transportar\u00a0 Teclado: para un acceso f\u00e1cil y r\u00e1pido\u00a0 Carro dedicado TR 9000\u00a0 Flujo de trabajo optimizado","og_url":"https:\/\/buscoequipomedico.com\/?product=ultrasonido-blanco-y-negro","og_site_name":"Tu mejor opci\u00f3n Equipo M\u00e9dico M\u00e9xico","article_modified_time":"2020-02-18T07:34:17+00:00","og_image":[{"width":800,"height":800,"url":"https:\/\/buscoequipomedico.com\/wp-content\/uploads\/2020\/02\/ultrasonido-blanco-y-negro-lcd-giratorio-0-30-acoplador-a-diferentes-angulos-de-vision-ultracompacto-y-ultraligero-facil-de-tran.jpg","type":"image\/png"}],"twitter_card":"summary_large_image","twitter_misc":{"Tiempo de lectura":"1 minuto"},"schema":{"@context":"https:\/\/schema.org","@graph":[{"@type":"WebPage","@id":"https:\/\/buscoequipomedico.com\/?product=ultrasonido-blanco-y-negro","url":"https:\/\/buscoequipomedico.com\/?product=ultrasonido-blanco-y-negro","name":"ULTRASONIDO BLANCO Y NEGRO - Tu mejor opci\u00f3n Equipo M\u00e9dico M\u00e9xico","isPartOf":{"@id":"https:\/\/buscoequipomedico.com\/#website"},"primaryImageOfPage":{"@id":"https:\/\/buscoequipomedico.com\/?product=ultrasonido-blanco-y-negro#primaryimage"},"image":{"@id":"https:\/\/buscoequipomedico.com\/?product=ultrasonido-blanco-y-negro#primaryimage"},"thumbnailUrl":"https:\/\/buscoequipomedico.com\/wp-content\/uploads\/2020\/02\/ultrasonido-blanco-y-negro-lcd-giratorio-0-30-acoplador-a-diferentes-angulos-de-vision-ultracompacto-y-ultraligero-facil-de-tran.jpg","datePublished":"2020-02-18T07:34:13+00:00","dateModified":"2020-02-18T07:34:17+00:00","breadcrumb":{"@id":"https:\/\/buscoequipomedico.com\/?product=ultrasonido-blanco-y-negro#breadcrumb"},"inLanguage":"es","potentialAction":[{"@type":"ReadAction","target":["https:\/\/buscoequipomedico.com\/?product=ultrasonido-blanco-y-negro"]}]},{"@type":"ImageObject","inLanguage":"es","@id":"https:\/\/buscoequipomedico.com\/?product=ultrasonido-blanco-y-negro#primaryimage","url":"https:\/\/buscoequipomedico.com\/wp-content\/uploads\/2020\/02\/ultrasonido-blanco-y-negro-lcd-giratorio-0-30-acoplador-a-diferentes-angulos-de-vision-ultracompacto-y-ultraligero-facil-de-tran.jpg","contentUrl":"https:\/\/buscoequipomedico.com\/wp-content\/uploads\/2020\/02\/ultrasonido-blanco-y-negro-lcd-giratorio-0-30-acoplador-a-diferentes-angulos-de-vision-ultracompacto-y-ultraligero-facil-de-tran.jpg","width":800,"height":800},{"@type":"BreadcrumbList","@id":"https:\/\/buscoequipomedico.com\/?product=ultrasonido-blanco-y-negro#breadcrumb","itemListElement":[{"@type":"ListItem","position":1,"name":"Productos","item":"https:\/\/buscoequipomedico.com\/shop\/"},{"@type":"ListItem","position":2,"name":"ULTRASONIDO BLANCO Y NEGRO"}]},{"@type":"WebSite","@id":"https:\/\/buscoequipomedico.com\/#website","url":"https:\/\/buscoequipomedico.com\/","name":"Tu mejor opci\u00f3n Equipo M\u00e9dico M\u00e9xico","description":"Tienda de equipo m\u00e9dico","publisher":{"@id":"https:\/\/buscoequipomedico.com\/#organization"},"potentialAction":[{"@type":"SearchAction","target":{"@type":"EntryPoint","urlTemplate":"https:\/\/buscoequipomedico.com\/?s={search_term_string}"},"query-input":{"@type":"PropertyValueSpecification","valueRequired":true,"valueName":"search_term_string"}}],"inLanguage":"es"},{"@type":"Organization","@id":"https:\/\/buscoequipomedico.com\/#organization","name":"Tu mejor opci\u00f3n Equipo M\u00e9dico M\u00e9xico","url":"https:\/\/buscoequipomedico.com\/","logo":{"@type":"ImageObject","inLanguage":"es","@id":"https:\/\/buscoequipomedico.com\/#\/schema\/logo\/image\/","url":"https:\/\/buscoequipomedico.com\/wp-content\/uploads\/2021\/07\/EMM-VPrincipal-scaled.jpg","contentUrl":"https:\/\/buscoequipomedico.com\/wp-content\/uploads\/2021\/07\/EMM-VPrincipal-scaled.jpg","width":2560,"height":1058,"caption":"Tu mejor opci\u00f3n Equipo M\u00e9dico M\u00e9xico"},"image":{"@id":"https:\/\/buscoequipomedico.com\/#\/schema\/logo\/image\/"}}]}},"_links":{"self":[{"href":"https:\/\/buscoequipomedico.com\/index.php?rest_route=\/wp\/v2\/product\/11952","targetHints":{"allow":["GET"]}}],"collection":[{"href":"https:\/\/buscoequipomedico.com\/index.php?rest_route=\/wp\/v2\/product"}],"about":[{"href":"https:\/\/buscoequipomedico.com\/index.php?rest_route=\/wp\/v2\/types\/product"}],"wp:featuredmedia":[{"embeddable":true,"href":"https:\/\/buscoequipomedico.com\/index.php?rest_route=\/wp\/v2\/media\/11953"}],"wp:attachment":[{"href":"https:\/\/buscoequipomedico.com\/index.php?rest_route=%2Fwp%2Fv2%2Fmedia&parent=11952"}],"wp:term":[{"taxonomy":"product_brand","embeddable":true,"href":"https:\/\/buscoequipomedico.com\/index.php?rest_route=%2Fwp%2Fv2%2Fproduct_brand&post=11952"},{"taxonomy":"product_cat","embeddable":true,"href":"https:\/\/buscoequipomedico.com\/index.php?rest_route=%2Fwp%2Fv2%2Fproduct_cat&post=11952"},{"taxonomy":"product_tag","embeddable":true,"href":"https:\/\/buscoequipomedico.com\/index.php?rest_route=%2Fwp%2Fv2%2Fproduct_tag&post=11952"}],"curies":[{"name":"wp","href":"https:\/\/api.w.org\/{rel}","templated":true}]}}