{"id":11956,"date":"2020-02-18T07:34:13","date_gmt":"2020-02-18T07:34:13","guid":{"rendered":"https:\/\/equipomedicomexico-com.preview-domain.com\/product\/espirometro-de-pc-para-cpws-con-jeringa-de-calibracion-3lts\/"},"modified":"2020-02-18T07:34:17","modified_gmt":"2020-02-18T07:34:17","slug":"espirometro-de-pc-para-cpws-con-jeringa-de-calibracion-3lts","status":"publish","type":"product","link":"https:\/\/buscoequipomedico.com\/?product=espirometro-de-pc-para-cpws-con-jeringa-de-calibracion-3lts","title":{"rendered":"ESPIROMETRO DE PC PARA CPWS CON JERINGA DE CALIBRACION 3lts"},"content":{"rendered":"<p>Por encima de todo es un equipo que hace que Observe y compare los resultados de las pruebas de funci\u00f3n pulmonar en cuesti\u00f3n de segundos.<\/p>\n<p>Pruebas r\u00e1pidas, fiables de pre\/postbroncodilatador FVC, SVC y MVV con interpretaci\u00f3n autom\u00e1tica y an\u00e1lisis de reversibilidad.<\/p>\n<p>Incluye sensor, tubos de presi\u00f3n arterial, boquillas de flujo, manual del operador electr\u00f3nico.<\/p>\n<p>Tambien incluye el \u00faltimo CD de software estaci\u00f3n de trabajo CardioPerfect, 2 afiches de capacitaci\u00f3n y tarjeta de referencia r\u00e1pida.<\/p>\n<p>Reduzca el riesgo de contaminaci\u00f3n cruzada con boquillas descartable de uso \u00fanico.<\/p>\n<p>ESPIROMETRO DE PC WELCH ALLYN es F\u00e1cil de controlar, revisar, almacenar e imprimir en su computadora con el software de la estaci\u00f3n de trabajo Welch Allyn CardioPerfect.<\/p>\n<p>Interfaz con los sistemas de registros m\u00e9dicos electr\u00f3nicos (RME) o sistemas de gesti\u00f3n de pacientes para la revisi\u00f3n de los datos clave en las instalaciones o fuera de ellas.<\/p>\n<p>Incluye PerfectLink\u00ae, nuestro software de canal virtual que optimiza las redes virtuales (thin client).<\/p>\n","protected":false},"excerpt":{"rendered":"<p><span>SPIRO-S M\u00f3dulo SpiroPerfect, estaci\u00f3n de trabajo CardioPerfect, con jeringa de calibraci\u00f3n de 3 litros<\/span><\/p>\n","protected":false},"featured_media":11957,"template":"","meta":{"_joinchat":[]},"product_brand":[],"product_cat":[248],"product_tag":[],"class_list":{"0":"post-11956","1":"product","2":"type-product","3":"status-publish","4":"has-post-thumbnail","6":"product_cat-espirometros","7":"pa_marca-welch-allyn","9":"first","10":"instock","11":"purchasable","12":"product-type-simple"},"yoast_head":"<!-- This site is optimized with the Yoast SEO plugin v25.1 - https:\/\/yoast.com\/wordpress\/plugins\/seo\/ -->\n<title>ESPIROMETRO DE PC PARA CPWS CON JERINGA DE CALIBRACION 3lts - Tu mejor opci\u00f3n Equipo M\u00e9dico M\u00e9xico<\/title>\n<meta name=\"robots\" content=\"index, follow, max-snippet:-1, max-image-preview:large, max-video-preview:-1\" \/>\n<link rel=\"canonical\" href=\"https:\/\/buscoequipomedico.com\/?product=espirometro-de-pc-para-cpws-con-jeringa-de-calibracion-3lts\" \/>\n<meta property=\"og:locale\" content=\"es_ES\" \/>\n<meta property=\"og:type\" content=\"article\" \/>\n<meta property=\"og:title\" content=\"ESPIROMETRO DE PC PARA CPWS CON JERINGA DE CALIBRACION 3lts - Tu mejor opci\u00f3n Equipo M\u00e9dico M\u00e9xico\" \/>\n<meta property=\"og:description\" content=\"SPIRO-S M\u00f3dulo SpiroPerfect, estaci\u00f3n de trabajo CardioPerfect, con jeringa de calibraci\u00f3n de 3 litros\" \/>\n<meta property=\"og:url\" content=\"https:\/\/buscoequipomedico.com\/?product=espirometro-de-pc-para-cpws-con-jeringa-de-calibracion-3lts\" \/>\n<meta property=\"og:site_name\" content=\"Tu mejor opci\u00f3n Equipo M\u00e9dico M\u00e9xico\" \/>\n<meta property=\"article:modified_time\" content=\"2020-02-18T07:34:17+00:00\" \/>\n<meta property=\"og:image\" content=\"https:\/\/buscoequipomedico.com\/wp-content\/uploads\/2020\/02\/espirometro-de-pc-para-cpws-con-jeringa-de-calibracion-3lts-spiro-s-modulo-spiroperfect-estacion-de-trabajo-cardioperfect-con-je.jpg\" \/>\n\t<meta property=\"og:image:width\" content=\"800\" \/>\n\t<meta property=\"og:image:height\" content=\"800\" \/>\n\t<meta property=\"og:image:type\" content=\"image\/png\" \/>\n<meta name=\"twitter:card\" content=\"summary_large_image\" \/>\n<meta name=\"twitter:label1\" content=\"Tiempo de lectura\" \/>\n\t<meta name=\"twitter:data1\" content=\"1 minuto\" \/>\n<script type=\"application\/ld+json\" class=\"yoast-schema-graph\">{\"@context\":\"https:\/\/schema.org\",\"@graph\":[{\"@type\":\"WebPage\",\"@id\":\"https:\/\/buscoequipomedico.com\/?product=espirometro-de-pc-para-cpws-con-jeringa-de-calibracion-3lts\",\"url\":\"https:\/\/buscoequipomedico.com\/?product=espirometro-de-pc-para-cpws-con-jeringa-de-calibracion-3lts\",\"name\":\"ESPIROMETRO DE PC PARA CPWS CON JERINGA DE CALIBRACION 3lts - Tu mejor opci\u00f3n Equipo M\u00e9dico M\u00e9xico\",\"isPartOf\":{\"@id\":\"https:\/\/buscoequipomedico.com\/#website\"},\"primaryImageOfPage\":{\"@id\":\"https:\/\/buscoequipomedico.com\/?product=espirometro-de-pc-para-cpws-con-jeringa-de-calibracion-3lts#primaryimage\"},\"image\":{\"@id\":\"https:\/\/buscoequipomedico.com\/?product=espirometro-de-pc-para-cpws-con-jeringa-de-calibracion-3lts#primaryimage\"},\"thumbnailUrl\":\"https:\/\/buscoequipomedico.com\/wp-content\/uploads\/2020\/02\/espirometro-de-pc-para-cpws-con-jeringa-de-calibracion-3lts-spiro-s-modulo-spiroperfect-estacion-de-trabajo-cardioperfect-con-je.jpg\",\"datePublished\":\"2020-02-18T07:34:13+00:00\",\"dateModified\":\"2020-02-18T07:34:17+00:00\",\"breadcrumb\":{\"@id\":\"https:\/\/buscoequipomedico.com\/?product=espirometro-de-pc-para-cpws-con-jeringa-de-calibracion-3lts#breadcrumb\"},\"inLanguage\":\"es\",\"potentialAction\":[{\"@type\":\"ReadAction\",\"target\":[\"https:\/\/buscoequipomedico.com\/?product=espirometro-de-pc-para-cpws-con-jeringa-de-calibracion-3lts\"]}]},{\"@type\":\"ImageObject\",\"inLanguage\":\"es\",\"@id\":\"https:\/\/buscoequipomedico.com\/?product=espirometro-de-pc-para-cpws-con-jeringa-de-calibracion-3lts#primaryimage\",\"url\":\"https:\/\/buscoequipomedico.com\/wp-content\/uploads\/2020\/02\/espirometro-de-pc-para-cpws-con-jeringa-de-calibracion-3lts-spiro-s-modulo-spiroperfect-estacion-de-trabajo-cardioperfect-con-je.jpg\",\"contentUrl\":\"https:\/\/buscoequipomedico.com\/wp-content\/uploads\/2020\/02\/espirometro-de-pc-para-cpws-con-jeringa-de-calibracion-3lts-spiro-s-modulo-spiroperfect-estacion-de-trabajo-cardioperfect-con-je.jpg\",\"width\":800,\"height\":800},{\"@type\":\"BreadcrumbList\",\"@id\":\"https:\/\/buscoequipomedico.com\/?product=espirometro-de-pc-para-cpws-con-jeringa-de-calibracion-3lts#breadcrumb\",\"itemListElement\":[{\"@type\":\"ListItem\",\"position\":1,\"name\":\"Productos\",\"item\":\"https:\/\/buscoequipomedico.com\/shop\/\"},{\"@type\":\"ListItem\",\"position\":2,\"name\":\"ESPIROMETRO DE PC PARA CPWS CON JERINGA DE CALIBRACION 3lts\"}]},{\"@type\":\"WebSite\",\"@id\":\"https:\/\/buscoequipomedico.com\/#website\",\"url\":\"https:\/\/buscoequipomedico.com\/\",\"name\":\"Tu mejor opci\u00f3n Equipo M\u00e9dico M\u00e9xico\",\"description\":\"Tienda de equipo m\u00e9dico\",\"publisher\":{\"@id\":\"https:\/\/buscoequipomedico.com\/#organization\"},\"potentialAction\":[{\"@type\":\"SearchAction\",\"target\":{\"@type\":\"EntryPoint\",\"urlTemplate\":\"https:\/\/buscoequipomedico.com\/?s={search_term_string}\"},\"query-input\":{\"@type\":\"PropertyValueSpecification\",\"valueRequired\":true,\"valueName\":\"search_term_string\"}}],\"inLanguage\":\"es\"},{\"@type\":\"Organization\",\"@id\":\"https:\/\/buscoequipomedico.com\/#organization\",\"name\":\"Tu mejor opci\u00f3n Equipo M\u00e9dico M\u00e9xico\",\"url\":\"https:\/\/buscoequipomedico.com\/\",\"logo\":{\"@type\":\"ImageObject\",\"inLanguage\":\"es\",\"@id\":\"https:\/\/buscoequipomedico.com\/#\/schema\/logo\/image\/\",\"url\":\"https:\/\/buscoequipomedico.com\/wp-content\/uploads\/2021\/07\/EMM-VPrincipal-scaled.jpg\",\"contentUrl\":\"https:\/\/buscoequipomedico.com\/wp-content\/uploads\/2021\/07\/EMM-VPrincipal-scaled.jpg\",\"width\":2560,\"height\":1058,\"caption\":\"Tu mejor opci\u00f3n Equipo M\u00e9dico M\u00e9xico\"},\"image\":{\"@id\":\"https:\/\/buscoequipomedico.com\/#\/schema\/logo\/image\/\"}}]}<\/script>\n<!-- \/ Yoast SEO plugin. -->","yoast_head_json":{"title":"ESPIROMETRO DE PC PARA CPWS CON JERINGA DE CALIBRACION 3lts - Tu mejor opci\u00f3n Equipo M\u00e9dico M\u00e9xico","robots":{"index":"index","follow":"follow","max-snippet":"max-snippet:-1","max-image-preview":"max-image-preview:large","max-video-preview":"max-video-preview:-1"},"canonical":"https:\/\/buscoequipomedico.com\/?product=espirometro-de-pc-para-cpws-con-jeringa-de-calibracion-3lts","og_locale":"es_ES","og_type":"article","og_title":"ESPIROMETRO DE PC PARA CPWS CON JERINGA DE CALIBRACION 3lts - Tu mejor opci\u00f3n Equipo M\u00e9dico M\u00e9xico","og_description":"SPIRO-S M\u00f3dulo SpiroPerfect, estaci\u00f3n de trabajo CardioPerfect, con jeringa de calibraci\u00f3n de 3 litros","og_url":"https:\/\/buscoequipomedico.com\/?product=espirometro-de-pc-para-cpws-con-jeringa-de-calibracion-3lts","og_site_name":"Tu mejor opci\u00f3n Equipo M\u00e9dico M\u00e9xico","article_modified_time":"2020-02-18T07:34:17+00:00","og_image":[{"width":800,"height":800,"url":"https:\/\/buscoequipomedico.com\/wp-content\/uploads\/2020\/02\/espirometro-de-pc-para-cpws-con-jeringa-de-calibracion-3lts-spiro-s-modulo-spiroperfect-estacion-de-trabajo-cardioperfect-con-je.jpg","type":"image\/png"}],"twitter_card":"summary_large_image","twitter_misc":{"Tiempo de lectura":"1 minuto"},"schema":{"@context":"https:\/\/schema.org","@graph":[{"@type":"WebPage","@id":"https:\/\/buscoequipomedico.com\/?product=espirometro-de-pc-para-cpws-con-jeringa-de-calibracion-3lts","url":"https:\/\/buscoequipomedico.com\/?product=espirometro-de-pc-para-cpws-con-jeringa-de-calibracion-3lts","name":"ESPIROMETRO DE PC PARA CPWS CON JERINGA DE CALIBRACION 3lts - Tu mejor opci\u00f3n Equipo M\u00e9dico M\u00e9xico","isPartOf":{"@id":"https:\/\/buscoequipomedico.com\/#website"},"primaryImageOfPage":{"@id":"https:\/\/buscoequipomedico.com\/?product=espirometro-de-pc-para-cpws-con-jeringa-de-calibracion-3lts#primaryimage"},"image":{"@id":"https:\/\/buscoequipomedico.com\/?product=espirometro-de-pc-para-cpws-con-jeringa-de-calibracion-3lts#primaryimage"},"thumbnailUrl":"https:\/\/buscoequipomedico.com\/wp-content\/uploads\/2020\/02\/espirometro-de-pc-para-cpws-con-jeringa-de-calibracion-3lts-spiro-s-modulo-spiroperfect-estacion-de-trabajo-cardioperfect-con-je.jpg","datePublished":"2020-02-18T07:34:13+00:00","dateModified":"2020-02-18T07:34:17+00:00","breadcrumb":{"@id":"https:\/\/buscoequipomedico.com\/?product=espirometro-de-pc-para-cpws-con-jeringa-de-calibracion-3lts#breadcrumb"},"inLanguage":"es","potentialAction":[{"@type":"ReadAction","target":["https:\/\/buscoequipomedico.com\/?product=espirometro-de-pc-para-cpws-con-jeringa-de-calibracion-3lts"]}]},{"@type":"ImageObject","inLanguage":"es","@id":"https:\/\/buscoequipomedico.com\/?product=espirometro-de-pc-para-cpws-con-jeringa-de-calibracion-3lts#primaryimage","url":"https:\/\/buscoequipomedico.com\/wp-content\/uploads\/2020\/02\/espirometro-de-pc-para-cpws-con-jeringa-de-calibracion-3lts-spiro-s-modulo-spiroperfect-estacion-de-trabajo-cardioperfect-con-je.jpg","contentUrl":"https:\/\/buscoequipomedico.com\/wp-content\/uploads\/2020\/02\/espirometro-de-pc-para-cpws-con-jeringa-de-calibracion-3lts-spiro-s-modulo-spiroperfect-estacion-de-trabajo-cardioperfect-con-je.jpg","width":800,"height":800},{"@type":"BreadcrumbList","@id":"https:\/\/buscoequipomedico.com\/?product=espirometro-de-pc-para-cpws-con-jeringa-de-calibracion-3lts#breadcrumb","itemListElement":[{"@type":"ListItem","position":1,"name":"Productos","item":"https:\/\/buscoequipomedico.com\/shop\/"},{"@type":"ListItem","position":2,"name":"ESPIROMETRO DE PC PARA CPWS CON JERINGA DE CALIBRACION 3lts"}]},{"@type":"WebSite","@id":"https:\/\/buscoequipomedico.com\/#website","url":"https:\/\/buscoequipomedico.com\/","name":"Tu mejor opci\u00f3n Equipo M\u00e9dico M\u00e9xico","description":"Tienda de equipo m\u00e9dico","publisher":{"@id":"https:\/\/buscoequipomedico.com\/#organization"},"potentialAction":[{"@type":"SearchAction","target":{"@type":"EntryPoint","urlTemplate":"https:\/\/buscoequipomedico.com\/?s={search_term_string}"},"query-input":{"@type":"PropertyValueSpecification","valueRequired":true,"valueName":"search_term_string"}}],"inLanguage":"es"},{"@type":"Organization","@id":"https:\/\/buscoequipomedico.com\/#organization","name":"Tu mejor opci\u00f3n Equipo M\u00e9dico M\u00e9xico","url":"https:\/\/buscoequipomedico.com\/","logo":{"@type":"ImageObject","inLanguage":"es","@id":"https:\/\/buscoequipomedico.com\/#\/schema\/logo\/image\/","url":"https:\/\/buscoequipomedico.com\/wp-content\/uploads\/2021\/07\/EMM-VPrincipal-scaled.jpg","contentUrl":"https:\/\/buscoequipomedico.com\/wp-content\/uploads\/2021\/07\/EMM-VPrincipal-scaled.jpg","width":2560,"height":1058,"caption":"Tu mejor opci\u00f3n Equipo M\u00e9dico M\u00e9xico"},"image":{"@id":"https:\/\/buscoequipomedico.com\/#\/schema\/logo\/image\/"}}]}},"_links":{"self":[{"href":"https:\/\/buscoequipomedico.com\/index.php?rest_route=\/wp\/v2\/product\/11956","targetHints":{"allow":["GET"]}}],"collection":[{"href":"https:\/\/buscoequipomedico.com\/index.php?rest_route=\/wp\/v2\/product"}],"about":[{"href":"https:\/\/buscoequipomedico.com\/index.php?rest_route=\/wp\/v2\/types\/product"}],"wp:featuredmedia":[{"embeddable":true,"href":"https:\/\/buscoequipomedico.com\/index.php?rest_route=\/wp\/v2\/media\/11957"}],"wp:attachment":[{"href":"https:\/\/buscoequipomedico.com\/index.php?rest_route=%2Fwp%2Fv2%2Fmedia&parent=11956"}],"wp:term":[{"taxonomy":"product_brand","embeddable":true,"href":"https:\/\/buscoequipomedico.com\/index.php?rest_route=%2Fwp%2Fv2%2Fproduct_brand&post=11956"},{"taxonomy":"product_cat","embeddable":true,"href":"https:\/\/buscoequipomedico.com\/index.php?rest_route=%2Fwp%2Fv2%2Fproduct_cat&post=11956"},{"taxonomy":"product_tag","embeddable":true,"href":"https:\/\/buscoequipomedico.com\/index.php?rest_route=%2Fwp%2Fv2%2Fproduct_tag&post=11956"}],"curies":[{"name":"wp","href":"https:\/\/api.w.org\/{rel}","templated":true}]}}