{"id":11966,"date":"2020-02-18T07:34:19","date_gmt":"2020-02-18T07:34:19","guid":{"rendered":"https:\/\/equipomedicomexico-com.preview-domain.com\/product\/esterilizador-caisa-esterimatic\/"},"modified":"2020-02-18T07:34:19","modified_gmt":"2020-02-18T07:34:19","slug":"esterilizador-caisa-esterimatic","status":"publish","type":"product","link":"https:\/\/buscoequipomedico.com\/?product=esterilizador-caisa-esterimatic","title":{"rendered":"ESTERILIZADOR CAISA ESTERIMATIC"},"content":{"rendered":"<ul>\n<li>Dimensiones exteriores: 51.5 cm x 31 cm x 29 cm.<\/li>\n<li>Dimensi\u00f3n de la c\u00e1mara: 31.5 cm x 28 cm \u00a0x 21.5 cm.<\/li>\n<li>Consumo el\u00e9ctrico: 550 W +\/- 10 %, ahorro de energ\u00eda.<\/li>\n<li>Voltaje: 127, 60 Hz.<\/li>\n<li>Registros de calibraci\u00f3n de temperatura a 170 \u00baC +\/- 5 \u00baC.<\/li>\n<li>Termostato graduado de 50 a 300 \u00baC.<\/li>\n<\/ul>\n","protected":false},"excerpt":{"rendered":"<p><span>Caracter\u00edsticas:<\/span><\/p>\n<ul>\n<li>Focos piloto indicadores de funcionamiento.<\/li>\n<li>Parrilla con orificios en la parte inferior de la c\u00e1mara para hacer m\u00e1s uniforme la temperatura.<\/li>\n<li>Forro de la c\u00e1mara con fibra de vidrio como aislante de calor.<\/li>\n<li>Puerta que abre verticalmente, con brazo soporte de acero inoxidable.<\/li>\n<\/ul>\n<p><span>Colores:<\/span><\/p>\n<ul>\n<li>Blanco.<\/li>\n<li>Osti\u00f3n.<\/li>\n<li>Sahara.<\/li>\n<li>Almendra.<\/li>\n<\/ul>\n","protected":false},"featured_media":11967,"template":"","meta":{"_joinchat":[]},"product_brand":[],"product_cat":[251],"product_tag":[],"class_list":{"0":"post-11966","1":"product","2":"type-product","3":"status-publish","4":"has-post-thumbnail","6":"product_cat-esterilizadores","7":"pa_marca-caisa","9":"first","10":"instock","11":"purchasable","12":"product-type-simple"},"yoast_head":"<!-- This site is optimized with the Yoast SEO plugin v25.1 - https:\/\/yoast.com\/wordpress\/plugins\/seo\/ -->\n<title>ESTERILIZADOR CAISA ESTERIMATIC - Tu mejor opci\u00f3n Equipo M\u00e9dico M\u00e9xico<\/title>\n<meta name=\"robots\" content=\"index, follow, max-snippet:-1, max-image-preview:large, max-video-preview:-1\" \/>\n<link rel=\"canonical\" href=\"https:\/\/buscoequipomedico.com\/?product=esterilizador-caisa-esterimatic\" \/>\n<meta property=\"og:locale\" content=\"es_ES\" \/>\n<meta property=\"og:type\" content=\"article\" \/>\n<meta property=\"og:title\" content=\"ESTERILIZADOR CAISA ESTERIMATIC - Tu mejor opci\u00f3n Equipo M\u00e9dico M\u00e9xico\" \/>\n<meta property=\"og:description\" content=\"Caracter\u00edsticas: Focos piloto indicadores de funcionamiento. Parrilla con orificios en la parte inferior de la c\u00e1mara para hacer m\u00e1s uniforme la temperatura. Forro de la c\u00e1mara con fibra de vidrio como aislante de calor. Puerta que abre verticalmente, con brazo soporte de acero inoxidable. Colores: Blanco. Osti\u00f3n. Sahara. Almendra.\" \/>\n<meta property=\"og:url\" content=\"https:\/\/buscoequipomedico.com\/?product=esterilizador-caisa-esterimatic\" \/>\n<meta property=\"og:site_name\" content=\"Tu mejor opci\u00f3n Equipo M\u00e9dico M\u00e9xico\" \/>\n<meta property=\"og:image\" content=\"https:\/\/buscoequipomedico.com\/wp-content\/uploads\/2020\/02\/esterilizador-caisa-esterimatic-caracteristicas-focos-piloto-indicadores-de-funcionamiento-parrilla-con-orificios-en-la-parte-in.jpg\" \/>\n\t<meta property=\"og:image:width\" content=\"800\" \/>\n\t<meta property=\"og:image:height\" content=\"800\" \/>\n\t<meta property=\"og:image:type\" content=\"image\/png\" \/>\n<meta name=\"twitter:card\" content=\"summary_large_image\" \/>\n<script type=\"application\/ld+json\" class=\"yoast-schema-graph\">{\"@context\":\"https:\/\/schema.org\",\"@graph\":[{\"@type\":\"WebPage\",\"@id\":\"https:\/\/buscoequipomedico.com\/?product=esterilizador-caisa-esterimatic\",\"url\":\"https:\/\/buscoequipomedico.com\/?product=esterilizador-caisa-esterimatic\",\"name\":\"ESTERILIZADOR CAISA ESTERIMATIC - Tu mejor opci\u00f3n Equipo M\u00e9dico M\u00e9xico\",\"isPartOf\":{\"@id\":\"https:\/\/buscoequipomedico.com\/#website\"},\"primaryImageOfPage\":{\"@id\":\"https:\/\/buscoequipomedico.com\/?product=esterilizador-caisa-esterimatic#primaryimage\"},\"image\":{\"@id\":\"https:\/\/buscoequipomedico.com\/?product=esterilizador-caisa-esterimatic#primaryimage\"},\"thumbnailUrl\":\"https:\/\/buscoequipomedico.com\/wp-content\/uploads\/2020\/02\/esterilizador-caisa-esterimatic-caracteristicas-focos-piloto-indicadores-de-funcionamiento-parrilla-con-orificios-en-la-parte-in.jpg\",\"datePublished\":\"2020-02-18T07:34:19+00:00\",\"breadcrumb\":{\"@id\":\"https:\/\/buscoequipomedico.com\/?product=esterilizador-caisa-esterimatic#breadcrumb\"},\"inLanguage\":\"es\",\"potentialAction\":[{\"@type\":\"ReadAction\",\"target\":[\"https:\/\/buscoequipomedico.com\/?product=esterilizador-caisa-esterimatic\"]}]},{\"@type\":\"ImageObject\",\"inLanguage\":\"es\",\"@id\":\"https:\/\/buscoequipomedico.com\/?product=esterilizador-caisa-esterimatic#primaryimage\",\"url\":\"https:\/\/buscoequipomedico.com\/wp-content\/uploads\/2020\/02\/esterilizador-caisa-esterimatic-caracteristicas-focos-piloto-indicadores-de-funcionamiento-parrilla-con-orificios-en-la-parte-in.jpg\",\"contentUrl\":\"https:\/\/buscoequipomedico.com\/wp-content\/uploads\/2020\/02\/esterilizador-caisa-esterimatic-caracteristicas-focos-piloto-indicadores-de-funcionamiento-parrilla-con-orificios-en-la-parte-in.jpg\",\"width\":800,\"height\":800},{\"@type\":\"BreadcrumbList\",\"@id\":\"https:\/\/buscoequipomedico.com\/?product=esterilizador-caisa-esterimatic#breadcrumb\",\"itemListElement\":[{\"@type\":\"ListItem\",\"position\":1,\"name\":\"Productos\",\"item\":\"https:\/\/buscoequipomedico.com\/shop\/\"},{\"@type\":\"ListItem\",\"position\":2,\"name\":\"ESTERILIZADOR CAISA ESTERIMATIC\"}]},{\"@type\":\"WebSite\",\"@id\":\"https:\/\/buscoequipomedico.com\/#website\",\"url\":\"https:\/\/buscoequipomedico.com\/\",\"name\":\"Tu mejor opci\u00f3n Equipo M\u00e9dico M\u00e9xico\",\"description\":\"Tienda de equipo m\u00e9dico\",\"publisher\":{\"@id\":\"https:\/\/buscoequipomedico.com\/#organization\"},\"potentialAction\":[{\"@type\":\"SearchAction\",\"target\":{\"@type\":\"EntryPoint\",\"urlTemplate\":\"https:\/\/buscoequipomedico.com\/?s={search_term_string}\"},\"query-input\":{\"@type\":\"PropertyValueSpecification\",\"valueRequired\":true,\"valueName\":\"search_term_string\"}}],\"inLanguage\":\"es\"},{\"@type\":\"Organization\",\"@id\":\"https:\/\/buscoequipomedico.com\/#organization\",\"name\":\"Tu mejor opci\u00f3n Equipo M\u00e9dico M\u00e9xico\",\"url\":\"https:\/\/buscoequipomedico.com\/\",\"logo\":{\"@type\":\"ImageObject\",\"inLanguage\":\"es\",\"@id\":\"https:\/\/buscoequipomedico.com\/#\/schema\/logo\/image\/\",\"url\":\"https:\/\/buscoequipomedico.com\/wp-content\/uploads\/2021\/07\/EMM-VPrincipal-scaled.jpg\",\"contentUrl\":\"https:\/\/buscoequipomedico.com\/wp-content\/uploads\/2021\/07\/EMM-VPrincipal-scaled.jpg\",\"width\":2560,\"height\":1058,\"caption\":\"Tu mejor opci\u00f3n Equipo M\u00e9dico M\u00e9xico\"},\"image\":{\"@id\":\"https:\/\/buscoequipomedico.com\/#\/schema\/logo\/image\/\"}}]}<\/script>\n<!-- \/ Yoast SEO plugin. -->","yoast_head_json":{"title":"ESTERILIZADOR CAISA ESTERIMATIC - Tu mejor opci\u00f3n Equipo M\u00e9dico M\u00e9xico","robots":{"index":"index","follow":"follow","max-snippet":"max-snippet:-1","max-image-preview":"max-image-preview:large","max-video-preview":"max-video-preview:-1"},"canonical":"https:\/\/buscoequipomedico.com\/?product=esterilizador-caisa-esterimatic","og_locale":"es_ES","og_type":"article","og_title":"ESTERILIZADOR CAISA ESTERIMATIC - Tu mejor opci\u00f3n Equipo M\u00e9dico M\u00e9xico","og_description":"Caracter\u00edsticas: Focos piloto indicadores de funcionamiento. Parrilla con orificios en la parte inferior de la c\u00e1mara para hacer m\u00e1s uniforme la temperatura. Forro de la c\u00e1mara con fibra de vidrio como aislante de calor. Puerta que abre verticalmente, con brazo soporte de acero inoxidable. Colores: Blanco. Osti\u00f3n. Sahara. Almendra.","og_url":"https:\/\/buscoequipomedico.com\/?product=esterilizador-caisa-esterimatic","og_site_name":"Tu mejor opci\u00f3n Equipo M\u00e9dico M\u00e9xico","og_image":[{"width":800,"height":800,"url":"https:\/\/buscoequipomedico.com\/wp-content\/uploads\/2020\/02\/esterilizador-caisa-esterimatic-caracteristicas-focos-piloto-indicadores-de-funcionamiento-parrilla-con-orificios-en-la-parte-in.jpg","type":"image\/png"}],"twitter_card":"summary_large_image","schema":{"@context":"https:\/\/schema.org","@graph":[{"@type":"WebPage","@id":"https:\/\/buscoequipomedico.com\/?product=esterilizador-caisa-esterimatic","url":"https:\/\/buscoequipomedico.com\/?product=esterilizador-caisa-esterimatic","name":"ESTERILIZADOR CAISA ESTERIMATIC - Tu mejor opci\u00f3n Equipo M\u00e9dico M\u00e9xico","isPartOf":{"@id":"https:\/\/buscoequipomedico.com\/#website"},"primaryImageOfPage":{"@id":"https:\/\/buscoequipomedico.com\/?product=esterilizador-caisa-esterimatic#primaryimage"},"image":{"@id":"https:\/\/buscoequipomedico.com\/?product=esterilizador-caisa-esterimatic#primaryimage"},"thumbnailUrl":"https:\/\/buscoequipomedico.com\/wp-content\/uploads\/2020\/02\/esterilizador-caisa-esterimatic-caracteristicas-focos-piloto-indicadores-de-funcionamiento-parrilla-con-orificios-en-la-parte-in.jpg","datePublished":"2020-02-18T07:34:19+00:00","breadcrumb":{"@id":"https:\/\/buscoequipomedico.com\/?product=esterilizador-caisa-esterimatic#breadcrumb"},"inLanguage":"es","potentialAction":[{"@type":"ReadAction","target":["https:\/\/buscoequipomedico.com\/?product=esterilizador-caisa-esterimatic"]}]},{"@type":"ImageObject","inLanguage":"es","@id":"https:\/\/buscoequipomedico.com\/?product=esterilizador-caisa-esterimatic#primaryimage","url":"https:\/\/buscoequipomedico.com\/wp-content\/uploads\/2020\/02\/esterilizador-caisa-esterimatic-caracteristicas-focos-piloto-indicadores-de-funcionamiento-parrilla-con-orificios-en-la-parte-in.jpg","contentUrl":"https:\/\/buscoequipomedico.com\/wp-content\/uploads\/2020\/02\/esterilizador-caisa-esterimatic-caracteristicas-focos-piloto-indicadores-de-funcionamiento-parrilla-con-orificios-en-la-parte-in.jpg","width":800,"height":800},{"@type":"BreadcrumbList","@id":"https:\/\/buscoequipomedico.com\/?product=esterilizador-caisa-esterimatic#breadcrumb","itemListElement":[{"@type":"ListItem","position":1,"name":"Productos","item":"https:\/\/buscoequipomedico.com\/shop\/"},{"@type":"ListItem","position":2,"name":"ESTERILIZADOR CAISA ESTERIMATIC"}]},{"@type":"WebSite","@id":"https:\/\/buscoequipomedico.com\/#website","url":"https:\/\/buscoequipomedico.com\/","name":"Tu mejor opci\u00f3n Equipo M\u00e9dico M\u00e9xico","description":"Tienda de equipo m\u00e9dico","publisher":{"@id":"https:\/\/buscoequipomedico.com\/#organization"},"potentialAction":[{"@type":"SearchAction","target":{"@type":"EntryPoint","urlTemplate":"https:\/\/buscoequipomedico.com\/?s={search_term_string}"},"query-input":{"@type":"PropertyValueSpecification","valueRequired":true,"valueName":"search_term_string"}}],"inLanguage":"es"},{"@type":"Organization","@id":"https:\/\/buscoequipomedico.com\/#organization","name":"Tu mejor opci\u00f3n Equipo M\u00e9dico M\u00e9xico","url":"https:\/\/buscoequipomedico.com\/","logo":{"@type":"ImageObject","inLanguage":"es","@id":"https:\/\/buscoequipomedico.com\/#\/schema\/logo\/image\/","url":"https:\/\/buscoequipomedico.com\/wp-content\/uploads\/2021\/07\/EMM-VPrincipal-scaled.jpg","contentUrl":"https:\/\/buscoequipomedico.com\/wp-content\/uploads\/2021\/07\/EMM-VPrincipal-scaled.jpg","width":2560,"height":1058,"caption":"Tu mejor opci\u00f3n Equipo M\u00e9dico M\u00e9xico"},"image":{"@id":"https:\/\/buscoequipomedico.com\/#\/schema\/logo\/image\/"}}]}},"_links":{"self":[{"href":"https:\/\/buscoequipomedico.com\/index.php?rest_route=\/wp\/v2\/product\/11966","targetHints":{"allow":["GET"]}}],"collection":[{"href":"https:\/\/buscoequipomedico.com\/index.php?rest_route=\/wp\/v2\/product"}],"about":[{"href":"https:\/\/buscoequipomedico.com\/index.php?rest_route=\/wp\/v2\/types\/product"}],"wp:featuredmedia":[{"embeddable":true,"href":"https:\/\/buscoequipomedico.com\/index.php?rest_route=\/wp\/v2\/media\/11967"}],"wp:attachment":[{"href":"https:\/\/buscoequipomedico.com\/index.php?rest_route=%2Fwp%2Fv2%2Fmedia&parent=11966"}],"wp:term":[{"taxonomy":"product_brand","embeddable":true,"href":"https:\/\/buscoequipomedico.com\/index.php?rest_route=%2Fwp%2Fv2%2Fproduct_brand&post=11966"},{"taxonomy":"product_cat","embeddable":true,"href":"https:\/\/buscoequipomedico.com\/index.php?rest_route=%2Fwp%2Fv2%2Fproduct_cat&post=11966"},{"taxonomy":"product_tag","embeddable":true,"href":"https:\/\/buscoequipomedico.com\/index.php?rest_route=%2Fwp%2Fv2%2Fproduct_tag&post=11966"}],"curies":[{"name":"wp","href":"https:\/\/api.w.org\/{rel}","templated":true}]}}