{"id":11968,"date":"2020-02-18T07:34:19","date_gmt":"2020-02-18T07:34:19","guid":{"rendered":"https:\/\/equipomedicomexico-com.preview-domain.com\/product\/esterilizador-caisa-esterimatic-2\/"},"modified":"2020-02-18T07:34:19","modified_gmt":"2020-02-18T07:34:19","slug":"esterilizador-caisa-esterimatic-2","status":"publish","type":"product","link":"https:\/\/buscoequipomedico.com\/?product=esterilizador-caisa-esterimatic-2","title":{"rendered":"ESTERILIZADOR CAISA ESTERIMATIC"},"content":{"rendered":"<p>Esterilizar Instrumental Quir\u00fargico por Calor Seco\u00a0<\/p>\n<\/p>\n<p>1. En primer lugar es tipo gabinete dise\u00f1ado para hacer m\u00e1s funcional su consultorio\u00a0<\/p>\n<\/p>\n<p>2. Tambi\u00e9n el Modelo de mesa, disponible en color blanco\u00a0<\/p>\n<\/p>\n<p>3. Adicional las Charolas de aluminio anticorrosivo con esquinas redondeadas (tres charolas)\u00a0<\/p>\n<\/p>\n<p>4. Por encima de toda la resistencia rizada de alambre nichromel cal.-22, aislada de la c\u00e1mara para evitar calor directo al instrumental\u00a0<\/p>\n<\/p>\n<p>5. Consumo el\u00e9ctrico de 550 W +\/- 10 %, ahorro de energ\u00eda\u00a0<\/p>\n<\/p>\n<p>6. Cuenta dentro de su c\u00e1mara, con un deflector convexo que genera una transmisi\u00f3n de calor uniforme por lo tanto la temperatura dentro de la c\u00e1mara es homog\u00e9nea.<\/p>\n<\/p>\n<p>7. As\u00ed como un \u00e1ngulo \u201cZ\u201d para deflector que sirve para soporte del mismo y a su vez a\u00edsla la resistencia de la c\u00e1mara.\u00a0<\/p>\n<\/p>\n<p>8. Sensor de temperatura colocado en la parte superior de la c\u00e1mara para una mejor toma de temperatura\u00a0<\/p>\n<\/p>\n<p>9. Voltaje 127, 60 Hz\u00a0<\/p>\n<\/p>\n<p>10. Maneral de sujeci\u00f3n para manejo y transporte de charolas, con cabo de madera barnizado y u\u00f1a de acero inoxidable\u00a0<\/p>\n<\/p>\n<p>11. Por lo tanto la Parrilla con orificios en la parte inferior de la c\u00e1mara para hacer m\u00e1s uniforme la temperatura\u00a0<\/p>\n<\/p>\n<p>12. Forro de la c\u00e1mara con fibra de vidrio como aislante de calor\u00a0<\/p>\n<\/p>\n<p>13. De la misma manera la Puerta que abre verticalmente, con brazo soporte de acero inoxidable\u00a0<\/p>\n<\/p>\n<p>14. Finalmente el Sello de la puerta de papel cer\u00e1mico para alta temperatura (300 \u00baC)<\/p><\/p>\n","protected":false},"excerpt":{"rendered":"<p><span>Acabado con pintura electrost\u00e1tica, resistencia rizada de alambre nichromel, control de temperatura y tiempo por separado, sensor de temperatura, indicadores de funcionamiento y maneral de sujeci\u00f3n. Cuenta con instructivo para un f\u00e1cil manejo.<\/span><\/p>\n","protected":false},"featured_media":11969,"template":"","meta":{"_joinchat":[]},"product_brand":[],"product_cat":[251],"product_tag":[],"class_list":{"0":"post-11968","1":"product","2":"type-product","3":"status-publish","4":"has-post-thumbnail","6":"product_cat-esterilizadores","7":"pa_marca-caisa","9":"first","10":"instock","11":"purchasable","12":"product-type-simple"},"yoast_head":"<!-- This site is optimized with the Yoast SEO plugin v25.1 - https:\/\/yoast.com\/wordpress\/plugins\/seo\/ -->\n<title>ESTERILIZADOR CAISA ESTERIMATIC - Tu mejor opci\u00f3n Equipo M\u00e9dico M\u00e9xico<\/title>\n<meta name=\"robots\" content=\"index, follow, max-snippet:-1, max-image-preview:large, max-video-preview:-1\" \/>\n<link rel=\"canonical\" href=\"https:\/\/buscoequipomedico.com\/?product=esterilizador-caisa-esterimatic-2\" \/>\n<meta property=\"og:locale\" content=\"es_ES\" \/>\n<meta property=\"og:type\" content=\"article\" \/>\n<meta property=\"og:title\" content=\"ESTERILIZADOR CAISA ESTERIMATIC - Tu mejor opci\u00f3n Equipo M\u00e9dico M\u00e9xico\" \/>\n<meta property=\"og:description\" content=\"Acabado con pintura electrost\u00e1tica, resistencia rizada de alambre nichromel, control de temperatura y tiempo por separado, sensor de temperatura, indicadores de funcionamiento y maneral de sujeci\u00f3n. Cuenta con instructivo para un f\u00e1cil manejo.\" \/>\n<meta property=\"og:url\" content=\"https:\/\/buscoequipomedico.com\/?product=esterilizador-caisa-esterimatic-2\" \/>\n<meta property=\"og:site_name\" content=\"Tu mejor opci\u00f3n Equipo M\u00e9dico M\u00e9xico\" \/>\n<meta property=\"og:image\" content=\"https:\/\/buscoequipomedico.com\/wp-content\/uploads\/2020\/02\/esterilizador-caisa-esterimatic-acabado-con-pintura-electrostatica-resistencia-rizada-de-alambre-nichromel-control-de-temperatur.jpg\" \/>\n\t<meta property=\"og:image:width\" content=\"800\" \/>\n\t<meta property=\"og:image:height\" content=\"800\" \/>\n\t<meta property=\"og:image:type\" content=\"image\/png\" \/>\n<meta name=\"twitter:card\" content=\"summary_large_image\" \/>\n<meta name=\"twitter:label1\" content=\"Tiempo de lectura\" \/>\n\t<meta name=\"twitter:data1\" content=\"1 minuto\" \/>\n<script type=\"application\/ld+json\" class=\"yoast-schema-graph\">{\"@context\":\"https:\/\/schema.org\",\"@graph\":[{\"@type\":\"WebPage\",\"@id\":\"https:\/\/buscoequipomedico.com\/?product=esterilizador-caisa-esterimatic-2\",\"url\":\"https:\/\/buscoequipomedico.com\/?product=esterilizador-caisa-esterimatic-2\",\"name\":\"ESTERILIZADOR CAISA ESTERIMATIC - Tu mejor opci\u00f3n Equipo M\u00e9dico M\u00e9xico\",\"isPartOf\":{\"@id\":\"https:\/\/buscoequipomedico.com\/#website\"},\"primaryImageOfPage\":{\"@id\":\"https:\/\/buscoequipomedico.com\/?product=esterilizador-caisa-esterimatic-2#primaryimage\"},\"image\":{\"@id\":\"https:\/\/buscoequipomedico.com\/?product=esterilizador-caisa-esterimatic-2#primaryimage\"},\"thumbnailUrl\":\"https:\/\/buscoequipomedico.com\/wp-content\/uploads\/2020\/02\/esterilizador-caisa-esterimatic-acabado-con-pintura-electrostatica-resistencia-rizada-de-alambre-nichromel-control-de-temperatur.jpg\",\"datePublished\":\"2020-02-18T07:34:19+00:00\",\"breadcrumb\":{\"@id\":\"https:\/\/buscoequipomedico.com\/?product=esterilizador-caisa-esterimatic-2#breadcrumb\"},\"inLanguage\":\"es\",\"potentialAction\":[{\"@type\":\"ReadAction\",\"target\":[\"https:\/\/buscoequipomedico.com\/?product=esterilizador-caisa-esterimatic-2\"]}]},{\"@type\":\"ImageObject\",\"inLanguage\":\"es\",\"@id\":\"https:\/\/buscoequipomedico.com\/?product=esterilizador-caisa-esterimatic-2#primaryimage\",\"url\":\"https:\/\/buscoequipomedico.com\/wp-content\/uploads\/2020\/02\/esterilizador-caisa-esterimatic-acabado-con-pintura-electrostatica-resistencia-rizada-de-alambre-nichromel-control-de-temperatur.jpg\",\"contentUrl\":\"https:\/\/buscoequipomedico.com\/wp-content\/uploads\/2020\/02\/esterilizador-caisa-esterimatic-acabado-con-pintura-electrostatica-resistencia-rizada-de-alambre-nichromel-control-de-temperatur.jpg\",\"width\":800,\"height\":800},{\"@type\":\"BreadcrumbList\",\"@id\":\"https:\/\/buscoequipomedico.com\/?product=esterilizador-caisa-esterimatic-2#breadcrumb\",\"itemListElement\":[{\"@type\":\"ListItem\",\"position\":1,\"name\":\"Productos\",\"item\":\"https:\/\/buscoequipomedico.com\/shop\/\"},{\"@type\":\"ListItem\",\"position\":2,\"name\":\"ESTERILIZADOR CAISA ESTERIMATIC\"}]},{\"@type\":\"WebSite\",\"@id\":\"https:\/\/buscoequipomedico.com\/#website\",\"url\":\"https:\/\/buscoequipomedico.com\/\",\"name\":\"Tu mejor opci\u00f3n Equipo M\u00e9dico M\u00e9xico\",\"description\":\"Tienda de equipo m\u00e9dico\",\"publisher\":{\"@id\":\"https:\/\/buscoequipomedico.com\/#organization\"},\"potentialAction\":[{\"@type\":\"SearchAction\",\"target\":{\"@type\":\"EntryPoint\",\"urlTemplate\":\"https:\/\/buscoequipomedico.com\/?s={search_term_string}\"},\"query-input\":{\"@type\":\"PropertyValueSpecification\",\"valueRequired\":true,\"valueName\":\"search_term_string\"}}],\"inLanguage\":\"es\"},{\"@type\":\"Organization\",\"@id\":\"https:\/\/buscoequipomedico.com\/#organization\",\"name\":\"Tu mejor opci\u00f3n Equipo M\u00e9dico M\u00e9xico\",\"url\":\"https:\/\/buscoequipomedico.com\/\",\"logo\":{\"@type\":\"ImageObject\",\"inLanguage\":\"es\",\"@id\":\"https:\/\/buscoequipomedico.com\/#\/schema\/logo\/image\/\",\"url\":\"https:\/\/buscoequipomedico.com\/wp-content\/uploads\/2021\/07\/EMM-VPrincipal-scaled.jpg\",\"contentUrl\":\"https:\/\/buscoequipomedico.com\/wp-content\/uploads\/2021\/07\/EMM-VPrincipal-scaled.jpg\",\"width\":2560,\"height\":1058,\"caption\":\"Tu mejor opci\u00f3n Equipo M\u00e9dico M\u00e9xico\"},\"image\":{\"@id\":\"https:\/\/buscoequipomedico.com\/#\/schema\/logo\/image\/\"}}]}<\/script>\n<!-- \/ Yoast SEO plugin. -->","yoast_head_json":{"title":"ESTERILIZADOR CAISA ESTERIMATIC - Tu mejor opci\u00f3n Equipo M\u00e9dico M\u00e9xico","robots":{"index":"index","follow":"follow","max-snippet":"max-snippet:-1","max-image-preview":"max-image-preview:large","max-video-preview":"max-video-preview:-1"},"canonical":"https:\/\/buscoequipomedico.com\/?product=esterilizador-caisa-esterimatic-2","og_locale":"es_ES","og_type":"article","og_title":"ESTERILIZADOR CAISA ESTERIMATIC - Tu mejor opci\u00f3n Equipo M\u00e9dico M\u00e9xico","og_description":"Acabado con pintura electrost\u00e1tica, resistencia rizada de alambre nichromel, control de temperatura y tiempo por separado, sensor de temperatura, indicadores de funcionamiento y maneral de sujeci\u00f3n. Cuenta con instructivo para un f\u00e1cil manejo.","og_url":"https:\/\/buscoequipomedico.com\/?product=esterilizador-caisa-esterimatic-2","og_site_name":"Tu mejor opci\u00f3n Equipo M\u00e9dico M\u00e9xico","og_image":[{"width":800,"height":800,"url":"https:\/\/buscoequipomedico.com\/wp-content\/uploads\/2020\/02\/esterilizador-caisa-esterimatic-acabado-con-pintura-electrostatica-resistencia-rizada-de-alambre-nichromel-control-de-temperatur.jpg","type":"image\/png"}],"twitter_card":"summary_large_image","twitter_misc":{"Tiempo de lectura":"1 minuto"},"schema":{"@context":"https:\/\/schema.org","@graph":[{"@type":"WebPage","@id":"https:\/\/buscoequipomedico.com\/?product=esterilizador-caisa-esterimatic-2","url":"https:\/\/buscoequipomedico.com\/?product=esterilizador-caisa-esterimatic-2","name":"ESTERILIZADOR CAISA ESTERIMATIC - Tu mejor opci\u00f3n Equipo M\u00e9dico M\u00e9xico","isPartOf":{"@id":"https:\/\/buscoequipomedico.com\/#website"},"primaryImageOfPage":{"@id":"https:\/\/buscoequipomedico.com\/?product=esterilizador-caisa-esterimatic-2#primaryimage"},"image":{"@id":"https:\/\/buscoequipomedico.com\/?product=esterilizador-caisa-esterimatic-2#primaryimage"},"thumbnailUrl":"https:\/\/buscoequipomedico.com\/wp-content\/uploads\/2020\/02\/esterilizador-caisa-esterimatic-acabado-con-pintura-electrostatica-resistencia-rizada-de-alambre-nichromel-control-de-temperatur.jpg","datePublished":"2020-02-18T07:34:19+00:00","breadcrumb":{"@id":"https:\/\/buscoequipomedico.com\/?product=esterilizador-caisa-esterimatic-2#breadcrumb"},"inLanguage":"es","potentialAction":[{"@type":"ReadAction","target":["https:\/\/buscoequipomedico.com\/?product=esterilizador-caisa-esterimatic-2"]}]},{"@type":"ImageObject","inLanguage":"es","@id":"https:\/\/buscoequipomedico.com\/?product=esterilizador-caisa-esterimatic-2#primaryimage","url":"https:\/\/buscoequipomedico.com\/wp-content\/uploads\/2020\/02\/esterilizador-caisa-esterimatic-acabado-con-pintura-electrostatica-resistencia-rizada-de-alambre-nichromel-control-de-temperatur.jpg","contentUrl":"https:\/\/buscoequipomedico.com\/wp-content\/uploads\/2020\/02\/esterilizador-caisa-esterimatic-acabado-con-pintura-electrostatica-resistencia-rizada-de-alambre-nichromel-control-de-temperatur.jpg","width":800,"height":800},{"@type":"BreadcrumbList","@id":"https:\/\/buscoequipomedico.com\/?product=esterilizador-caisa-esterimatic-2#breadcrumb","itemListElement":[{"@type":"ListItem","position":1,"name":"Productos","item":"https:\/\/buscoequipomedico.com\/shop\/"},{"@type":"ListItem","position":2,"name":"ESTERILIZADOR CAISA ESTERIMATIC"}]},{"@type":"WebSite","@id":"https:\/\/buscoequipomedico.com\/#website","url":"https:\/\/buscoequipomedico.com\/","name":"Tu mejor opci\u00f3n Equipo M\u00e9dico M\u00e9xico","description":"Tienda de equipo m\u00e9dico","publisher":{"@id":"https:\/\/buscoequipomedico.com\/#organization"},"potentialAction":[{"@type":"SearchAction","target":{"@type":"EntryPoint","urlTemplate":"https:\/\/buscoequipomedico.com\/?s={search_term_string}"},"query-input":{"@type":"PropertyValueSpecification","valueRequired":true,"valueName":"search_term_string"}}],"inLanguage":"es"},{"@type":"Organization","@id":"https:\/\/buscoequipomedico.com\/#organization","name":"Tu mejor opci\u00f3n Equipo M\u00e9dico M\u00e9xico","url":"https:\/\/buscoequipomedico.com\/","logo":{"@type":"ImageObject","inLanguage":"es","@id":"https:\/\/buscoequipomedico.com\/#\/schema\/logo\/image\/","url":"https:\/\/buscoequipomedico.com\/wp-content\/uploads\/2021\/07\/EMM-VPrincipal-scaled.jpg","contentUrl":"https:\/\/buscoequipomedico.com\/wp-content\/uploads\/2021\/07\/EMM-VPrincipal-scaled.jpg","width":2560,"height":1058,"caption":"Tu mejor opci\u00f3n Equipo M\u00e9dico M\u00e9xico"},"image":{"@id":"https:\/\/buscoequipomedico.com\/#\/schema\/logo\/image\/"}}]}},"_links":{"self":[{"href":"https:\/\/buscoequipomedico.com\/index.php?rest_route=\/wp\/v2\/product\/11968","targetHints":{"allow":["GET"]}}],"collection":[{"href":"https:\/\/buscoequipomedico.com\/index.php?rest_route=\/wp\/v2\/product"}],"about":[{"href":"https:\/\/buscoequipomedico.com\/index.php?rest_route=\/wp\/v2\/types\/product"}],"wp:featuredmedia":[{"embeddable":true,"href":"https:\/\/buscoequipomedico.com\/index.php?rest_route=\/wp\/v2\/media\/11969"}],"wp:attachment":[{"href":"https:\/\/buscoequipomedico.com\/index.php?rest_route=%2Fwp%2Fv2%2Fmedia&parent=11968"}],"wp:term":[{"taxonomy":"product_brand","embeddable":true,"href":"https:\/\/buscoequipomedico.com\/index.php?rest_route=%2Fwp%2Fv2%2Fproduct_brand&post=11968"},{"taxonomy":"product_cat","embeddable":true,"href":"https:\/\/buscoequipomedico.com\/index.php?rest_route=%2Fwp%2Fv2%2Fproduct_cat&post=11968"},{"taxonomy":"product_tag","embeddable":true,"href":"https:\/\/buscoequipomedico.com\/index.php?rest_route=%2Fwp%2Fv2%2Fproduct_tag&post=11968"}],"curies":[{"name":"wp","href":"https:\/\/api.w.org\/{rel}","templated":true}]}}