{"id":11976,"date":"2020-02-18T07:34:19","date_gmt":"2020-02-18T07:34:19","guid":{"rendered":"https:\/\/equipomedicomexico-com.preview-domain.com\/product\/esterilizador-dental-caisa-esterimatic-2\/"},"modified":"2020-02-18T07:34:20","modified_gmt":"2020-02-18T07:34:20","slug":"esterilizador-dental-caisa-esterimatic-2","status":"publish","type":"product","link":"https:\/\/buscoequipomedico.com\/?product=esterilizador-dental-caisa-esterimatic-2","title":{"rendered":"ESTERILIZADOR DENTAL CAISA ESTERIMATIC"},"content":{"rendered":"<p><span>Caracter\u00edsticas:<\/span><br \/><span>1.- Tipo gabinete dise\u00f1ado para hacer m\u00e1s funcional su consultorio<\/span><br \/><span>2.- Modelo de mesa, disponible en color blanco<\/span><br \/><span>3.- Charolas de aluminio anticorrosivo (tres charolas)<\/span><br \/><span>4.- Termostato graduado de 50 a 300 \u00baC<\/span><br \/><span>5.- Resistencia rizada de alambre nichromel cal.-22, aislada de la c\u00e1mara para evitar calor directo al instrumental<\/span><br \/><span>6.- Consumo el\u00e9ctrico de 550 W +\/- 10 %, ahorro de energ\u00eda<\/span><br \/><span>7.- Controles de temperatura y tiempo por separado<\/span><br \/><span>8.- Cuenta dentro de su c\u00e1mara, con un deflector convexo que genera una transmision de calor uniforme por lo<\/span><br \/><span>tanto la temperatura dentro de la c\u00e1mara es homogenea, as\u00ed como un \u00e1ngulo \u00abZ\u00bb para deflector que sirve<\/span><br \/><span>para soporte del mismo y a su vez a\u00edsla la resistencia de la c\u00e1mara.<\/span><br \/><span>9.- Relevador integrado el cual permite asegurar que el tiempo para esterilizar empieza a correr, hasta que la<\/span><br \/><span>c\u00e1mara alcanza la temperatura de esterilizaci\u00f3n<\/span><br \/><span>10.- Sensor de temperatura colocado en la parte superior de la c\u00e1mara para una mejor toma de temperatura<\/span><br \/><span>11.- Timer de control de tiempo de 0 a 60 minutos, con foco piloto indicador<\/span><br \/><span>12.- Voltaje 127 , 60 Hz<\/span><br \/><span>13.- Instructivo para un f\u00e1cil manejo<\/span><br \/><span>14.- Maneral de sujeci\u00f3n para manejo y transporte de charolas, con cabo de madera barnizado y u\u00f1a de acero inoxidable<\/span><br \/><span>15.- Focos piloto indicadores de funcionamiento<\/span><br \/><span>16.- Parrilla con orificios en la parte inferior de la c\u00e1mara para hacer m\u00e1s uniforme la temperatura<\/span><br \/><span>17.- Dos a\u00f1os de garant\u00eda<\/span><br \/><span>18.- Forro de la c\u00e1mara con fibra de vidrio como aislante de calor<\/span><br \/><span>19.- Puerta que abre verticalmente, con brazo soporte de acero inoxidable<\/span><br \/><span>20.- Sello de la puerta de papel cer\u00e1mico para alta temperatura (300 \u00baC)<\/span><br \/><span>21.- Ventilas de aire troqueladas en cuerpo exterior (costado derecho y parte trasera derecha) para ventilaci\u00f3n<\/span><br \/><span>de los aparatos el\u00e9ctricos<\/span><br \/><span>22.- Conexiones de resistencia a controles con cable de forro de fibra de vidrio para altas temperaturas<\/span><br \/><span>23.- Registros de calibraci\u00f3n de temperatura a 170 \u00baC +\/- 5 \u00baC<\/span><\/p>\n","protected":false},"excerpt":{"rendered":"<p><span>Esterilizador dental Esterimatic<\/span><\/p>\n<ul>\n<li>Control de perillas<\/li>\n<li>Uso: \u00a0Esterilizar instrumental quir\u00fargico por calor seco<\/li>\n<li>Dimensiones exteriores: 45 x 30.2 x 29 cms.<\/li>\n<li>Dimension de la c\u00e1mara: 28.6 x 15 x 23.8 cms.<\/li>\n<li>Volumen de la c\u00e1mara: 10210 cms. c\u00fabicos<\/li>\n<li>Material del cuerpo exterior: Acero laminado en fr\u00edo calibre-20<\/li>\n<li>Material de la c\u00e1mara: \u00a0Aluminio anticorrosivo calibre-20<\/li>\n<li>Acabado exterior: Pintura electrost\u00e1tica de alta protecci\u00f3n anticorrosivo<\/li>\n<\/ul>\n","protected":false},"featured_media":11977,"template":"","meta":{"_joinchat":[]},"product_brand":[],"product_cat":[251],"product_tag":[],"class_list":{"0":"post-11976","1":"product","2":"type-product","3":"status-publish","4":"has-post-thumbnail","6":"product_cat-esterilizadores","7":"pa_marca-caisa","9":"first","10":"instock","11":"purchasable","12":"product-type-simple"},"yoast_head":"<!-- This site is optimized with the Yoast SEO plugin v25.1 - https:\/\/yoast.com\/wordpress\/plugins\/seo\/ -->\n<title>ESTERILIZADOR DENTAL CAISA ESTERIMATIC - Tu mejor opci\u00f3n Equipo M\u00e9dico M\u00e9xico<\/title>\n<meta name=\"robots\" content=\"index, follow, max-snippet:-1, max-image-preview:large, max-video-preview:-1\" \/>\n<link rel=\"canonical\" href=\"https:\/\/buscoequipomedico.com\/?product=esterilizador-dental-caisa-esterimatic-2\" \/>\n<meta property=\"og:locale\" content=\"es_ES\" \/>\n<meta property=\"og:type\" content=\"article\" \/>\n<meta property=\"og:title\" content=\"ESTERILIZADOR DENTAL CAISA ESTERIMATIC - Tu mejor opci\u00f3n Equipo M\u00e9dico M\u00e9xico\" \/>\n<meta property=\"og:description\" content=\"Esterilizador dental Esterimatic Control de perillas Uso: \u00a0Esterilizar instrumental quir\u00fargico por calor seco Dimensiones exteriores: 45 x 30.2 x 29 cms. Dimension de la c\u00e1mara: 28.6 x 15 x 23.8 cms. Volumen de la c\u00e1mara: 10210 cms. c\u00fabicos Material del cuerpo exterior: Acero laminado en fr\u00edo calibre-20 Material de la c\u00e1mara: \u00a0Aluminio anticorrosivo calibre-20 Acabado exterior: Pintura electrost\u00e1tica de alta protecci\u00f3n anticorrosivo\" \/>\n<meta property=\"og:url\" content=\"https:\/\/buscoequipomedico.com\/?product=esterilizador-dental-caisa-esterimatic-2\" \/>\n<meta property=\"og:site_name\" content=\"Tu mejor opci\u00f3n Equipo M\u00e9dico M\u00e9xico\" \/>\n<meta property=\"article:modified_time\" content=\"2020-02-18T07:34:20+00:00\" \/>\n<meta property=\"og:image\" content=\"https:\/\/buscoequipomedico.com\/wp-content\/uploads\/2020\/02\/esterilizador-dental-caisa-esterimatic-esterilizador-dental-esterimatic-control-de-perillas-uso-esterilizar-instrumental-quirurg.jpg\" \/>\n\t<meta property=\"og:image:width\" content=\"800\" \/>\n\t<meta property=\"og:image:height\" content=\"800\" \/>\n\t<meta property=\"og:image:type\" content=\"image\/png\" \/>\n<meta name=\"twitter:card\" content=\"summary_large_image\" \/>\n<meta name=\"twitter:label1\" content=\"Tiempo de lectura\" \/>\n\t<meta name=\"twitter:data1\" content=\"2 minutos\" \/>\n<script type=\"application\/ld+json\" class=\"yoast-schema-graph\">{\"@context\":\"https:\/\/schema.org\",\"@graph\":[{\"@type\":\"WebPage\",\"@id\":\"https:\/\/buscoequipomedico.com\/?product=esterilizador-dental-caisa-esterimatic-2\",\"url\":\"https:\/\/buscoequipomedico.com\/?product=esterilizador-dental-caisa-esterimatic-2\",\"name\":\"ESTERILIZADOR DENTAL CAISA ESTERIMATIC - Tu mejor opci\u00f3n Equipo M\u00e9dico M\u00e9xico\",\"isPartOf\":{\"@id\":\"https:\/\/buscoequipomedico.com\/#website\"},\"primaryImageOfPage\":{\"@id\":\"https:\/\/buscoequipomedico.com\/?product=esterilizador-dental-caisa-esterimatic-2#primaryimage\"},\"image\":{\"@id\":\"https:\/\/buscoequipomedico.com\/?product=esterilizador-dental-caisa-esterimatic-2#primaryimage\"},\"thumbnailUrl\":\"https:\/\/buscoequipomedico.com\/wp-content\/uploads\/2020\/02\/esterilizador-dental-caisa-esterimatic-esterilizador-dental-esterimatic-control-de-perillas-uso-esterilizar-instrumental-quirurg.jpg\",\"datePublished\":\"2020-02-18T07:34:19+00:00\",\"dateModified\":\"2020-02-18T07:34:20+00:00\",\"breadcrumb\":{\"@id\":\"https:\/\/buscoequipomedico.com\/?product=esterilizador-dental-caisa-esterimatic-2#breadcrumb\"},\"inLanguage\":\"es\",\"potentialAction\":[{\"@type\":\"ReadAction\",\"target\":[\"https:\/\/buscoequipomedico.com\/?product=esterilizador-dental-caisa-esterimatic-2\"]}]},{\"@type\":\"ImageObject\",\"inLanguage\":\"es\",\"@id\":\"https:\/\/buscoequipomedico.com\/?product=esterilizador-dental-caisa-esterimatic-2#primaryimage\",\"url\":\"https:\/\/buscoequipomedico.com\/wp-content\/uploads\/2020\/02\/esterilizador-dental-caisa-esterimatic-esterilizador-dental-esterimatic-control-de-perillas-uso-esterilizar-instrumental-quirurg.jpg\",\"contentUrl\":\"https:\/\/buscoequipomedico.com\/wp-content\/uploads\/2020\/02\/esterilizador-dental-caisa-esterimatic-esterilizador-dental-esterimatic-control-de-perillas-uso-esterilizar-instrumental-quirurg.jpg\",\"width\":800,\"height\":800},{\"@type\":\"BreadcrumbList\",\"@id\":\"https:\/\/buscoequipomedico.com\/?product=esterilizador-dental-caisa-esterimatic-2#breadcrumb\",\"itemListElement\":[{\"@type\":\"ListItem\",\"position\":1,\"name\":\"Productos\",\"item\":\"https:\/\/buscoequipomedico.com\/shop\/\"},{\"@type\":\"ListItem\",\"position\":2,\"name\":\"ESTERILIZADOR DENTAL CAISA ESTERIMATIC\"}]},{\"@type\":\"WebSite\",\"@id\":\"https:\/\/buscoequipomedico.com\/#website\",\"url\":\"https:\/\/buscoequipomedico.com\/\",\"name\":\"Tu mejor opci\u00f3n Equipo M\u00e9dico M\u00e9xico\",\"description\":\"Tienda de equipo m\u00e9dico\",\"publisher\":{\"@id\":\"https:\/\/buscoequipomedico.com\/#organization\"},\"potentialAction\":[{\"@type\":\"SearchAction\",\"target\":{\"@type\":\"EntryPoint\",\"urlTemplate\":\"https:\/\/buscoequipomedico.com\/?s={search_term_string}\"},\"query-input\":{\"@type\":\"PropertyValueSpecification\",\"valueRequired\":true,\"valueName\":\"search_term_string\"}}],\"inLanguage\":\"es\"},{\"@type\":\"Organization\",\"@id\":\"https:\/\/buscoequipomedico.com\/#organization\",\"name\":\"Tu mejor opci\u00f3n Equipo M\u00e9dico M\u00e9xico\",\"url\":\"https:\/\/buscoequipomedico.com\/\",\"logo\":{\"@type\":\"ImageObject\",\"inLanguage\":\"es\",\"@id\":\"https:\/\/buscoequipomedico.com\/#\/schema\/logo\/image\/\",\"url\":\"https:\/\/buscoequipomedico.com\/wp-content\/uploads\/2021\/07\/EMM-VPrincipal-scaled.jpg\",\"contentUrl\":\"https:\/\/buscoequipomedico.com\/wp-content\/uploads\/2021\/07\/EMM-VPrincipal-scaled.jpg\",\"width\":2560,\"height\":1058,\"caption\":\"Tu mejor opci\u00f3n Equipo M\u00e9dico M\u00e9xico\"},\"image\":{\"@id\":\"https:\/\/buscoequipomedico.com\/#\/schema\/logo\/image\/\"}}]}<\/script>\n<!-- \/ Yoast SEO plugin. -->","yoast_head_json":{"title":"ESTERILIZADOR DENTAL CAISA ESTERIMATIC - Tu mejor opci\u00f3n Equipo M\u00e9dico M\u00e9xico","robots":{"index":"index","follow":"follow","max-snippet":"max-snippet:-1","max-image-preview":"max-image-preview:large","max-video-preview":"max-video-preview:-1"},"canonical":"https:\/\/buscoequipomedico.com\/?product=esterilizador-dental-caisa-esterimatic-2","og_locale":"es_ES","og_type":"article","og_title":"ESTERILIZADOR DENTAL CAISA ESTERIMATIC - Tu mejor opci\u00f3n Equipo M\u00e9dico M\u00e9xico","og_description":"Esterilizador dental Esterimatic Control de perillas Uso: \u00a0Esterilizar instrumental quir\u00fargico por calor seco Dimensiones exteriores: 45 x 30.2 x 29 cms. Dimension de la c\u00e1mara: 28.6 x 15 x 23.8 cms. Volumen de la c\u00e1mara: 10210 cms. c\u00fabicos Material del cuerpo exterior: Acero laminado en fr\u00edo calibre-20 Material de la c\u00e1mara: \u00a0Aluminio anticorrosivo calibre-20 Acabado exterior: Pintura electrost\u00e1tica de alta protecci\u00f3n anticorrosivo","og_url":"https:\/\/buscoequipomedico.com\/?product=esterilizador-dental-caisa-esterimatic-2","og_site_name":"Tu mejor opci\u00f3n Equipo M\u00e9dico M\u00e9xico","article_modified_time":"2020-02-18T07:34:20+00:00","og_image":[{"width":800,"height":800,"url":"https:\/\/buscoequipomedico.com\/wp-content\/uploads\/2020\/02\/esterilizador-dental-caisa-esterimatic-esterilizador-dental-esterimatic-control-de-perillas-uso-esterilizar-instrumental-quirurg.jpg","type":"image\/png"}],"twitter_card":"summary_large_image","twitter_misc":{"Tiempo de lectura":"2 minutos"},"schema":{"@context":"https:\/\/schema.org","@graph":[{"@type":"WebPage","@id":"https:\/\/buscoequipomedico.com\/?product=esterilizador-dental-caisa-esterimatic-2","url":"https:\/\/buscoequipomedico.com\/?product=esterilizador-dental-caisa-esterimatic-2","name":"ESTERILIZADOR DENTAL CAISA ESTERIMATIC - Tu mejor opci\u00f3n Equipo M\u00e9dico M\u00e9xico","isPartOf":{"@id":"https:\/\/buscoequipomedico.com\/#website"},"primaryImageOfPage":{"@id":"https:\/\/buscoequipomedico.com\/?product=esterilizador-dental-caisa-esterimatic-2#primaryimage"},"image":{"@id":"https:\/\/buscoequipomedico.com\/?product=esterilizador-dental-caisa-esterimatic-2#primaryimage"},"thumbnailUrl":"https:\/\/buscoequipomedico.com\/wp-content\/uploads\/2020\/02\/esterilizador-dental-caisa-esterimatic-esterilizador-dental-esterimatic-control-de-perillas-uso-esterilizar-instrumental-quirurg.jpg","datePublished":"2020-02-18T07:34:19+00:00","dateModified":"2020-02-18T07:34:20+00:00","breadcrumb":{"@id":"https:\/\/buscoequipomedico.com\/?product=esterilizador-dental-caisa-esterimatic-2#breadcrumb"},"inLanguage":"es","potentialAction":[{"@type":"ReadAction","target":["https:\/\/buscoequipomedico.com\/?product=esterilizador-dental-caisa-esterimatic-2"]}]},{"@type":"ImageObject","inLanguage":"es","@id":"https:\/\/buscoequipomedico.com\/?product=esterilizador-dental-caisa-esterimatic-2#primaryimage","url":"https:\/\/buscoequipomedico.com\/wp-content\/uploads\/2020\/02\/esterilizador-dental-caisa-esterimatic-esterilizador-dental-esterimatic-control-de-perillas-uso-esterilizar-instrumental-quirurg.jpg","contentUrl":"https:\/\/buscoequipomedico.com\/wp-content\/uploads\/2020\/02\/esterilizador-dental-caisa-esterimatic-esterilizador-dental-esterimatic-control-de-perillas-uso-esterilizar-instrumental-quirurg.jpg","width":800,"height":800},{"@type":"BreadcrumbList","@id":"https:\/\/buscoequipomedico.com\/?product=esterilizador-dental-caisa-esterimatic-2#breadcrumb","itemListElement":[{"@type":"ListItem","position":1,"name":"Productos","item":"https:\/\/buscoequipomedico.com\/shop\/"},{"@type":"ListItem","position":2,"name":"ESTERILIZADOR DENTAL CAISA ESTERIMATIC"}]},{"@type":"WebSite","@id":"https:\/\/buscoequipomedico.com\/#website","url":"https:\/\/buscoequipomedico.com\/","name":"Tu mejor opci\u00f3n Equipo M\u00e9dico M\u00e9xico","description":"Tienda de equipo m\u00e9dico","publisher":{"@id":"https:\/\/buscoequipomedico.com\/#organization"},"potentialAction":[{"@type":"SearchAction","target":{"@type":"EntryPoint","urlTemplate":"https:\/\/buscoequipomedico.com\/?s={search_term_string}"},"query-input":{"@type":"PropertyValueSpecification","valueRequired":true,"valueName":"search_term_string"}}],"inLanguage":"es"},{"@type":"Organization","@id":"https:\/\/buscoequipomedico.com\/#organization","name":"Tu mejor opci\u00f3n Equipo M\u00e9dico M\u00e9xico","url":"https:\/\/buscoequipomedico.com\/","logo":{"@type":"ImageObject","inLanguage":"es","@id":"https:\/\/buscoequipomedico.com\/#\/schema\/logo\/image\/","url":"https:\/\/buscoequipomedico.com\/wp-content\/uploads\/2021\/07\/EMM-VPrincipal-scaled.jpg","contentUrl":"https:\/\/buscoequipomedico.com\/wp-content\/uploads\/2021\/07\/EMM-VPrincipal-scaled.jpg","width":2560,"height":1058,"caption":"Tu mejor opci\u00f3n Equipo M\u00e9dico M\u00e9xico"},"image":{"@id":"https:\/\/buscoequipomedico.com\/#\/schema\/logo\/image\/"}}]}},"_links":{"self":[{"href":"https:\/\/buscoequipomedico.com\/index.php?rest_route=\/wp\/v2\/product\/11976","targetHints":{"allow":["GET"]}}],"collection":[{"href":"https:\/\/buscoequipomedico.com\/index.php?rest_route=\/wp\/v2\/product"}],"about":[{"href":"https:\/\/buscoequipomedico.com\/index.php?rest_route=\/wp\/v2\/types\/product"}],"wp:featuredmedia":[{"embeddable":true,"href":"https:\/\/buscoequipomedico.com\/index.php?rest_route=\/wp\/v2\/media\/11977"}],"wp:attachment":[{"href":"https:\/\/buscoequipomedico.com\/index.php?rest_route=%2Fwp%2Fv2%2Fmedia&parent=11976"}],"wp:term":[{"taxonomy":"product_brand","embeddable":true,"href":"https:\/\/buscoequipomedico.com\/index.php?rest_route=%2Fwp%2Fv2%2Fproduct_brand&post=11976"},{"taxonomy":"product_cat","embeddable":true,"href":"https:\/\/buscoequipomedico.com\/index.php?rest_route=%2Fwp%2Fv2%2Fproduct_cat&post=11976"},{"taxonomy":"product_tag","embeddable":true,"href":"https:\/\/buscoequipomedico.com\/index.php?rest_route=%2Fwp%2Fv2%2Fproduct_tag&post=11976"}],"curies":[{"name":"wp","href":"https:\/\/api.w.org\/{rel}","templated":true}]}}