{"id":11986,"date":"2020-02-18T07:34:19","date_gmt":"2020-02-18T07:34:19","guid":{"rendered":"https:\/\/equipomedicomexico-com.preview-domain.com\/product\/estetoscopio-spectrum-pediatrico-burgundy\/"},"modified":"2020-02-18T07:34:22","modified_gmt":"2020-02-18T07:34:22","slug":"estetoscopio-spectrum-pediatrico-burgundy","status":"publish","type":"product","link":"https:\/\/buscoequipomedico.com\/?product=estetoscopio-spectrum-pediatrico-burgundy","title":{"rendered":"ESTETOSCOPIO SPECTRUM PEDIATRICO BURGUNDY"},"content":{"rendered":"<ul>\n<li>Satisface todas las necesidades de diagn\u00f3stico, desde detectar sonidos de Korotkoff de la presi\u00f3n sangu\u00ednea hasta analizar soplos card\u00edacos sutiles.<\/li>\n<li>La pieza tor\u00e1cica de acero inoxidable intensifica los sonidos corporales transmitidos a trav\u00e9s de los tejidos.<\/li>\n<li>Las olivas de sellado c\u00f3modo se aprietan y adaptan a la forma de los canales auditivos para obtener un ajuste herm\u00e9tico.<\/li>\n<li>Libre de l\u00e1tex.<\/li>\n<\/ul>\n","protected":false},"excerpt":{"rendered":"<p><span>Con su peso m\u00ednimo, auriculares y olivas de ajuste a la medida, el estetoscopio Profesional de uso general, es uno de los m\u00e1s c\u00f3modos y vers\u00e1tiles que se fabrican en la actualidad. Su ac\u00fastica permite una auscultaci\u00f3n precisa de sonidos card\u00edacos, pulmonares y vasculares.<\/span><\/p>\n","protected":false},"featured_media":11987,"template":"","meta":{"_joinchat":[]},"product_brand":[],"product_cat":[253],"product_tag":[],"class_list":{"0":"post-11986","1":"product","2":"type-product","3":"status-publish","4":"has-post-thumbnail","6":"product_cat-estetoscopios","8":"first","9":"instock","10":"purchasable","11":"product-type-simple"},"yoast_head":"<!-- This site is optimized with the Yoast SEO plugin v25.1 - https:\/\/yoast.com\/wordpress\/plugins\/seo\/ -->\n<title>ESTETOSCOPIO SPECTRUM PEDIATRICO BURGUNDY - Tu mejor opci\u00f3n Equipo M\u00e9dico M\u00e9xico<\/title>\n<meta name=\"robots\" content=\"index, follow, max-snippet:-1, max-image-preview:large, max-video-preview:-1\" \/>\n<link rel=\"canonical\" href=\"https:\/\/buscoequipomedico.com\/?product=estetoscopio-spectrum-pediatrico-burgundy\" \/>\n<meta property=\"og:locale\" content=\"es_ES\" \/>\n<meta property=\"og:type\" content=\"article\" \/>\n<meta property=\"og:title\" content=\"ESTETOSCOPIO SPECTRUM PEDIATRICO BURGUNDY - Tu mejor opci\u00f3n Equipo M\u00e9dico M\u00e9xico\" \/>\n<meta property=\"og:description\" content=\"Con su peso m\u00ednimo, auriculares y olivas de ajuste a la medida, el estetoscopio Profesional de uso general, es uno de los m\u00e1s c\u00f3modos y vers\u00e1tiles que se fabrican en la actualidad. Su ac\u00fastica permite una auscultaci\u00f3n precisa de sonidos card\u00edacos, pulmonares y vasculares.\" \/>\n<meta property=\"og:url\" content=\"https:\/\/buscoequipomedico.com\/?product=estetoscopio-spectrum-pediatrico-burgundy\" \/>\n<meta property=\"og:site_name\" content=\"Tu mejor opci\u00f3n Equipo M\u00e9dico M\u00e9xico\" \/>\n<meta property=\"article:modified_time\" content=\"2020-02-18T07:34:22+00:00\" \/>\n<meta property=\"og:image\" content=\"https:\/\/buscoequipomedico.com\/wp-content\/uploads\/2020\/02\/estetoscopio-spectrum-pediatrico-burgundy-con-su-peso-minimo-auriculares-y-olivas-de-ajuste-a-la-medida-el-estetoscopio-profesio.jpg\" \/>\n\t<meta property=\"og:image:width\" content=\"800\" \/>\n\t<meta property=\"og:image:height\" content=\"800\" \/>\n\t<meta property=\"og:image:type\" content=\"image\/jpeg\" \/>\n<meta name=\"twitter:card\" content=\"summary_large_image\" \/>\n<script type=\"application\/ld+json\" class=\"yoast-schema-graph\">{\"@context\":\"https:\/\/schema.org\",\"@graph\":[{\"@type\":\"WebPage\",\"@id\":\"https:\/\/buscoequipomedico.com\/?product=estetoscopio-spectrum-pediatrico-burgundy\",\"url\":\"https:\/\/buscoequipomedico.com\/?product=estetoscopio-spectrum-pediatrico-burgundy\",\"name\":\"ESTETOSCOPIO SPECTRUM PEDIATRICO BURGUNDY - Tu mejor opci\u00f3n Equipo M\u00e9dico M\u00e9xico\",\"isPartOf\":{\"@id\":\"https:\/\/buscoequipomedico.com\/#website\"},\"primaryImageOfPage\":{\"@id\":\"https:\/\/buscoequipomedico.com\/?product=estetoscopio-spectrum-pediatrico-burgundy#primaryimage\"},\"image\":{\"@id\":\"https:\/\/buscoequipomedico.com\/?product=estetoscopio-spectrum-pediatrico-burgundy#primaryimage\"},\"thumbnailUrl\":\"https:\/\/buscoequipomedico.com\/wp-content\/uploads\/2020\/02\/estetoscopio-spectrum-pediatrico-burgundy-con-su-peso-minimo-auriculares-y-olivas-de-ajuste-a-la-medida-el-estetoscopio-profesio.jpg\",\"datePublished\":\"2020-02-18T07:34:19+00:00\",\"dateModified\":\"2020-02-18T07:34:22+00:00\",\"breadcrumb\":{\"@id\":\"https:\/\/buscoequipomedico.com\/?product=estetoscopio-spectrum-pediatrico-burgundy#breadcrumb\"},\"inLanguage\":\"es\",\"potentialAction\":[{\"@type\":\"ReadAction\",\"target\":[\"https:\/\/buscoequipomedico.com\/?product=estetoscopio-spectrum-pediatrico-burgundy\"]}]},{\"@type\":\"ImageObject\",\"inLanguage\":\"es\",\"@id\":\"https:\/\/buscoequipomedico.com\/?product=estetoscopio-spectrum-pediatrico-burgundy#primaryimage\",\"url\":\"https:\/\/buscoequipomedico.com\/wp-content\/uploads\/2020\/02\/estetoscopio-spectrum-pediatrico-burgundy-con-su-peso-minimo-auriculares-y-olivas-de-ajuste-a-la-medida-el-estetoscopio-profesio.jpg\",\"contentUrl\":\"https:\/\/buscoequipomedico.com\/wp-content\/uploads\/2020\/02\/estetoscopio-spectrum-pediatrico-burgundy-con-su-peso-minimo-auriculares-y-olivas-de-ajuste-a-la-medida-el-estetoscopio-profesio.jpg\",\"width\":800,\"height\":800},{\"@type\":\"BreadcrumbList\",\"@id\":\"https:\/\/buscoequipomedico.com\/?product=estetoscopio-spectrum-pediatrico-burgundy#breadcrumb\",\"itemListElement\":[{\"@type\":\"ListItem\",\"position\":1,\"name\":\"Productos\",\"item\":\"https:\/\/buscoequipomedico.com\/shop\/\"},{\"@type\":\"ListItem\",\"position\":2,\"name\":\"ESTETOSCOPIO SPECTRUM PEDIATRICO BURGUNDY\"}]},{\"@type\":\"WebSite\",\"@id\":\"https:\/\/buscoequipomedico.com\/#website\",\"url\":\"https:\/\/buscoequipomedico.com\/\",\"name\":\"Tu mejor opci\u00f3n Equipo M\u00e9dico M\u00e9xico\",\"description\":\"Tienda de equipo m\u00e9dico\",\"publisher\":{\"@id\":\"https:\/\/buscoequipomedico.com\/#organization\"},\"potentialAction\":[{\"@type\":\"SearchAction\",\"target\":{\"@type\":\"EntryPoint\",\"urlTemplate\":\"https:\/\/buscoequipomedico.com\/?s={search_term_string}\"},\"query-input\":{\"@type\":\"PropertyValueSpecification\",\"valueRequired\":true,\"valueName\":\"search_term_string\"}}],\"inLanguage\":\"es\"},{\"@type\":\"Organization\",\"@id\":\"https:\/\/buscoequipomedico.com\/#organization\",\"name\":\"Tu mejor opci\u00f3n Equipo M\u00e9dico M\u00e9xico\",\"url\":\"https:\/\/buscoequipomedico.com\/\",\"logo\":{\"@type\":\"ImageObject\",\"inLanguage\":\"es\",\"@id\":\"https:\/\/buscoequipomedico.com\/#\/schema\/logo\/image\/\",\"url\":\"https:\/\/buscoequipomedico.com\/wp-content\/uploads\/2021\/07\/EMM-VPrincipal-scaled.jpg\",\"contentUrl\":\"https:\/\/buscoequipomedico.com\/wp-content\/uploads\/2021\/07\/EMM-VPrincipal-scaled.jpg\",\"width\":2560,\"height\":1058,\"caption\":\"Tu mejor opci\u00f3n Equipo M\u00e9dico M\u00e9xico\"},\"image\":{\"@id\":\"https:\/\/buscoequipomedico.com\/#\/schema\/logo\/image\/\"}}]}<\/script>\n<!-- \/ Yoast SEO plugin. -->","yoast_head_json":{"title":"ESTETOSCOPIO SPECTRUM PEDIATRICO BURGUNDY - Tu mejor opci\u00f3n Equipo M\u00e9dico M\u00e9xico","robots":{"index":"index","follow":"follow","max-snippet":"max-snippet:-1","max-image-preview":"max-image-preview:large","max-video-preview":"max-video-preview:-1"},"canonical":"https:\/\/buscoequipomedico.com\/?product=estetoscopio-spectrum-pediatrico-burgundy","og_locale":"es_ES","og_type":"article","og_title":"ESTETOSCOPIO SPECTRUM PEDIATRICO BURGUNDY - Tu mejor opci\u00f3n Equipo M\u00e9dico M\u00e9xico","og_description":"Con su peso m\u00ednimo, auriculares y olivas de ajuste a la medida, el estetoscopio Profesional de uso general, es uno de los m\u00e1s c\u00f3modos y vers\u00e1tiles que se fabrican en la actualidad. Su ac\u00fastica permite una auscultaci\u00f3n precisa de sonidos card\u00edacos, pulmonares y vasculares.","og_url":"https:\/\/buscoequipomedico.com\/?product=estetoscopio-spectrum-pediatrico-burgundy","og_site_name":"Tu mejor opci\u00f3n Equipo M\u00e9dico M\u00e9xico","article_modified_time":"2020-02-18T07:34:22+00:00","og_image":[{"width":800,"height":800,"url":"https:\/\/buscoequipomedico.com\/wp-content\/uploads\/2020\/02\/estetoscopio-spectrum-pediatrico-burgundy-con-su-peso-minimo-auriculares-y-olivas-de-ajuste-a-la-medida-el-estetoscopio-profesio.jpg","type":"image\/jpeg"}],"twitter_card":"summary_large_image","schema":{"@context":"https:\/\/schema.org","@graph":[{"@type":"WebPage","@id":"https:\/\/buscoequipomedico.com\/?product=estetoscopio-spectrum-pediatrico-burgundy","url":"https:\/\/buscoequipomedico.com\/?product=estetoscopio-spectrum-pediatrico-burgundy","name":"ESTETOSCOPIO SPECTRUM PEDIATRICO BURGUNDY - Tu mejor opci\u00f3n Equipo M\u00e9dico M\u00e9xico","isPartOf":{"@id":"https:\/\/buscoequipomedico.com\/#website"},"primaryImageOfPage":{"@id":"https:\/\/buscoequipomedico.com\/?product=estetoscopio-spectrum-pediatrico-burgundy#primaryimage"},"image":{"@id":"https:\/\/buscoequipomedico.com\/?product=estetoscopio-spectrum-pediatrico-burgundy#primaryimage"},"thumbnailUrl":"https:\/\/buscoequipomedico.com\/wp-content\/uploads\/2020\/02\/estetoscopio-spectrum-pediatrico-burgundy-con-su-peso-minimo-auriculares-y-olivas-de-ajuste-a-la-medida-el-estetoscopio-profesio.jpg","datePublished":"2020-02-18T07:34:19+00:00","dateModified":"2020-02-18T07:34:22+00:00","breadcrumb":{"@id":"https:\/\/buscoequipomedico.com\/?product=estetoscopio-spectrum-pediatrico-burgundy#breadcrumb"},"inLanguage":"es","potentialAction":[{"@type":"ReadAction","target":["https:\/\/buscoequipomedico.com\/?product=estetoscopio-spectrum-pediatrico-burgundy"]}]},{"@type":"ImageObject","inLanguage":"es","@id":"https:\/\/buscoequipomedico.com\/?product=estetoscopio-spectrum-pediatrico-burgundy#primaryimage","url":"https:\/\/buscoequipomedico.com\/wp-content\/uploads\/2020\/02\/estetoscopio-spectrum-pediatrico-burgundy-con-su-peso-minimo-auriculares-y-olivas-de-ajuste-a-la-medida-el-estetoscopio-profesio.jpg","contentUrl":"https:\/\/buscoequipomedico.com\/wp-content\/uploads\/2020\/02\/estetoscopio-spectrum-pediatrico-burgundy-con-su-peso-minimo-auriculares-y-olivas-de-ajuste-a-la-medida-el-estetoscopio-profesio.jpg","width":800,"height":800},{"@type":"BreadcrumbList","@id":"https:\/\/buscoequipomedico.com\/?product=estetoscopio-spectrum-pediatrico-burgundy#breadcrumb","itemListElement":[{"@type":"ListItem","position":1,"name":"Productos","item":"https:\/\/buscoequipomedico.com\/shop\/"},{"@type":"ListItem","position":2,"name":"ESTETOSCOPIO SPECTRUM PEDIATRICO BURGUNDY"}]},{"@type":"WebSite","@id":"https:\/\/buscoequipomedico.com\/#website","url":"https:\/\/buscoequipomedico.com\/","name":"Tu mejor opci\u00f3n Equipo M\u00e9dico M\u00e9xico","description":"Tienda de equipo m\u00e9dico","publisher":{"@id":"https:\/\/buscoequipomedico.com\/#organization"},"potentialAction":[{"@type":"SearchAction","target":{"@type":"EntryPoint","urlTemplate":"https:\/\/buscoequipomedico.com\/?s={search_term_string}"},"query-input":{"@type":"PropertyValueSpecification","valueRequired":true,"valueName":"search_term_string"}}],"inLanguage":"es"},{"@type":"Organization","@id":"https:\/\/buscoequipomedico.com\/#organization","name":"Tu mejor opci\u00f3n Equipo M\u00e9dico M\u00e9xico","url":"https:\/\/buscoequipomedico.com\/","logo":{"@type":"ImageObject","inLanguage":"es","@id":"https:\/\/buscoequipomedico.com\/#\/schema\/logo\/image\/","url":"https:\/\/buscoequipomedico.com\/wp-content\/uploads\/2021\/07\/EMM-VPrincipal-scaled.jpg","contentUrl":"https:\/\/buscoequipomedico.com\/wp-content\/uploads\/2021\/07\/EMM-VPrincipal-scaled.jpg","width":2560,"height":1058,"caption":"Tu mejor opci\u00f3n Equipo M\u00e9dico M\u00e9xico"},"image":{"@id":"https:\/\/buscoequipomedico.com\/#\/schema\/logo\/image\/"}}]}},"_links":{"self":[{"href":"https:\/\/buscoequipomedico.com\/index.php?rest_route=\/wp\/v2\/product\/11986","targetHints":{"allow":["GET"]}}],"collection":[{"href":"https:\/\/buscoequipomedico.com\/index.php?rest_route=\/wp\/v2\/product"}],"about":[{"href":"https:\/\/buscoequipomedico.com\/index.php?rest_route=\/wp\/v2\/types\/product"}],"wp:featuredmedia":[{"embeddable":true,"href":"https:\/\/buscoequipomedico.com\/index.php?rest_route=\/wp\/v2\/media\/11987"}],"wp:attachment":[{"href":"https:\/\/buscoequipomedico.com\/index.php?rest_route=%2Fwp%2Fv2%2Fmedia&parent=11986"}],"wp:term":[{"taxonomy":"product_brand","embeddable":true,"href":"https:\/\/buscoequipomedico.com\/index.php?rest_route=%2Fwp%2Fv2%2Fproduct_brand&post=11986"},{"taxonomy":"product_cat","embeddable":true,"href":"https:\/\/buscoequipomedico.com\/index.php?rest_route=%2Fwp%2Fv2%2Fproduct_cat&post=11986"},{"taxonomy":"product_tag","embeddable":true,"href":"https:\/\/buscoequipomedico.com\/index.php?rest_route=%2Fwp%2Fv2%2Fproduct_tag&post=11986"}],"curies":[{"name":"wp","href":"https:\/\/api.w.org\/{rel}","templated":true}]}}