{"id":12054,"date":"2020-02-18T07:34:29","date_gmt":"2020-02-18T07:34:29","guid":{"rendered":"https:\/\/equipomedicomexico-com.preview-domain.com\/product\/glucometro-accutrend-plus-con-estuche\/"},"modified":"2020-02-18T07:34:30","modified_gmt":"2020-02-18T07:34:30","slug":"glucometro-accutrend-plus-con-estuche","status":"publish","type":"product","link":"https:\/\/buscoequipomedico.com\/?product=glucometro-accutrend-plus-con-estuche","title":{"rendered":"GLUCOMETRO ACCUTREND PLUS CON ESTUCHE"},"content":{"rendered":"<h2>Determinaci\u00f3n inmediata de los principales factores de riesgo cardiovasculares: Glucosa, Colesterol, Triglic\u00e9ridos, Lactato.<\/h2>\n<h2>Control sencillo, resultados r\u00e1pidos.<\/h2>\n<p>Los niveles de colesterol total, triglic\u00e9ridos y glucemia pueden utilizarse para identificar personas con riesgo cardiovascular. Un control frecuente de estos par\u00e1metros proporciona informaci\u00f3n importante acerca de la evoluci\u00f3n de la enfermedad. Es aqu\u00ed donde Accutrend\u00ae Plus puede ayudarle, ya que permite medir los par\u00e1metros clave de la enfermedad cardiovascular de forma inmediata, segura, fiable y sencilla<\/p>\n","protected":false},"excerpt":{"rendered":"<p><span>Determinaci\u00f3n inmediata de los principales factores de riesgo cardiovasculares: Glucosa, Colesterol, Triglic\u00e9ridos, Lactato.<\/span><br \/><span>Control sencillo, resultados r\u00e1pidos.<\/span><\/p>\n","protected":false},"featured_media":12055,"template":"","meta":{"_joinchat":[]},"product_brand":[],"product_cat":[256],"product_tag":[],"class_list":{"0":"post-12054","1":"product","2":"type-product","3":"status-publish","4":"has-post-thumbnail","6":"product_cat-glucometros","7":"pa_marca-roche","9":"first","10":"instock","11":"purchasable","12":"product-type-simple"},"yoast_head":"<!-- This site is optimized with the Yoast SEO plugin v25.1 - https:\/\/yoast.com\/wordpress\/plugins\/seo\/ -->\n<title>GLUCOMETRO ACCUTREND PLUS CON ESTUCHE - Tu mejor opci\u00f3n Equipo M\u00e9dico M\u00e9xico<\/title>\n<meta name=\"robots\" content=\"index, follow, max-snippet:-1, max-image-preview:large, max-video-preview:-1\" \/>\n<link rel=\"canonical\" href=\"https:\/\/buscoequipomedico.com\/?product=glucometro-accutrend-plus-con-estuche\" \/>\n<meta property=\"og:locale\" content=\"es_ES\" \/>\n<meta property=\"og:type\" content=\"article\" \/>\n<meta property=\"og:title\" content=\"GLUCOMETRO ACCUTREND PLUS CON ESTUCHE - Tu mejor opci\u00f3n Equipo M\u00e9dico M\u00e9xico\" \/>\n<meta property=\"og:description\" content=\"Determinaci\u00f3n inmediata de los principales factores de riesgo cardiovasculares: Glucosa, Colesterol, Triglic\u00e9ridos, Lactato.Control sencillo, resultados r\u00e1pidos.\" \/>\n<meta property=\"og:url\" content=\"https:\/\/buscoequipomedico.com\/?product=glucometro-accutrend-plus-con-estuche\" \/>\n<meta property=\"og:site_name\" content=\"Tu mejor opci\u00f3n Equipo M\u00e9dico M\u00e9xico\" \/>\n<meta property=\"article:modified_time\" content=\"2020-02-18T07:34:30+00:00\" \/>\n<meta property=\"og:image\" content=\"https:\/\/buscoequipomedico.com\/wp-content\/uploads\/2020\/02\/glucometro-accutrend-plus-con-estuche-determinacion-inmediata-de-los-principales-factores-de-riesgo-cardiovasculares-glucosa-col.jpg\" \/>\n\t<meta property=\"og:image:width\" content=\"800\" \/>\n\t<meta property=\"og:image:height\" content=\"800\" \/>\n\t<meta property=\"og:image:type\" content=\"image\/png\" \/>\n<meta name=\"twitter:card\" content=\"summary_large_image\" \/>\n<script type=\"application\/ld+json\" class=\"yoast-schema-graph\">{\"@context\":\"https:\/\/schema.org\",\"@graph\":[{\"@type\":\"WebPage\",\"@id\":\"https:\/\/buscoequipomedico.com\/?product=glucometro-accutrend-plus-con-estuche\",\"url\":\"https:\/\/buscoequipomedico.com\/?product=glucometro-accutrend-plus-con-estuche\",\"name\":\"GLUCOMETRO ACCUTREND PLUS CON ESTUCHE - Tu mejor opci\u00f3n Equipo M\u00e9dico M\u00e9xico\",\"isPartOf\":{\"@id\":\"https:\/\/buscoequipomedico.com\/#website\"},\"primaryImageOfPage\":{\"@id\":\"https:\/\/buscoequipomedico.com\/?product=glucometro-accutrend-plus-con-estuche#primaryimage\"},\"image\":{\"@id\":\"https:\/\/buscoequipomedico.com\/?product=glucometro-accutrend-plus-con-estuche#primaryimage\"},\"thumbnailUrl\":\"https:\/\/buscoequipomedico.com\/wp-content\/uploads\/2020\/02\/glucometro-accutrend-plus-con-estuche-determinacion-inmediata-de-los-principales-factores-de-riesgo-cardiovasculares-glucosa-col.jpg\",\"datePublished\":\"2020-02-18T07:34:29+00:00\",\"dateModified\":\"2020-02-18T07:34:30+00:00\",\"breadcrumb\":{\"@id\":\"https:\/\/buscoequipomedico.com\/?product=glucometro-accutrend-plus-con-estuche#breadcrumb\"},\"inLanguage\":\"es\",\"potentialAction\":[{\"@type\":\"ReadAction\",\"target\":[\"https:\/\/buscoequipomedico.com\/?product=glucometro-accutrend-plus-con-estuche\"]}]},{\"@type\":\"ImageObject\",\"inLanguage\":\"es\",\"@id\":\"https:\/\/buscoequipomedico.com\/?product=glucometro-accutrend-plus-con-estuche#primaryimage\",\"url\":\"https:\/\/buscoequipomedico.com\/wp-content\/uploads\/2020\/02\/glucometro-accutrend-plus-con-estuche-determinacion-inmediata-de-los-principales-factores-de-riesgo-cardiovasculares-glucosa-col.jpg\",\"contentUrl\":\"https:\/\/buscoequipomedico.com\/wp-content\/uploads\/2020\/02\/glucometro-accutrend-plus-con-estuche-determinacion-inmediata-de-los-principales-factores-de-riesgo-cardiovasculares-glucosa-col.jpg\",\"width\":800,\"height\":800},{\"@type\":\"BreadcrumbList\",\"@id\":\"https:\/\/buscoequipomedico.com\/?product=glucometro-accutrend-plus-con-estuche#breadcrumb\",\"itemListElement\":[{\"@type\":\"ListItem\",\"position\":1,\"name\":\"Productos\",\"item\":\"https:\/\/buscoequipomedico.com\/shop\/\"},{\"@type\":\"ListItem\",\"position\":2,\"name\":\"GLUCOMETRO ACCUTREND PLUS CON ESTUCHE\"}]},{\"@type\":\"WebSite\",\"@id\":\"https:\/\/buscoequipomedico.com\/#website\",\"url\":\"https:\/\/buscoequipomedico.com\/\",\"name\":\"Tu mejor opci\u00f3n Equipo M\u00e9dico M\u00e9xico\",\"description\":\"Tienda de equipo m\u00e9dico\",\"publisher\":{\"@id\":\"https:\/\/buscoequipomedico.com\/#organization\"},\"potentialAction\":[{\"@type\":\"SearchAction\",\"target\":{\"@type\":\"EntryPoint\",\"urlTemplate\":\"https:\/\/buscoequipomedico.com\/?s={search_term_string}\"},\"query-input\":{\"@type\":\"PropertyValueSpecification\",\"valueRequired\":true,\"valueName\":\"search_term_string\"}}],\"inLanguage\":\"es\"},{\"@type\":\"Organization\",\"@id\":\"https:\/\/buscoequipomedico.com\/#organization\",\"name\":\"Tu mejor opci\u00f3n Equipo M\u00e9dico M\u00e9xico\",\"url\":\"https:\/\/buscoequipomedico.com\/\",\"logo\":{\"@type\":\"ImageObject\",\"inLanguage\":\"es\",\"@id\":\"https:\/\/buscoequipomedico.com\/#\/schema\/logo\/image\/\",\"url\":\"https:\/\/buscoequipomedico.com\/wp-content\/uploads\/2021\/07\/EMM-VPrincipal-scaled.jpg\",\"contentUrl\":\"https:\/\/buscoequipomedico.com\/wp-content\/uploads\/2021\/07\/EMM-VPrincipal-scaled.jpg\",\"width\":2560,\"height\":1058,\"caption\":\"Tu mejor opci\u00f3n Equipo M\u00e9dico M\u00e9xico\"},\"image\":{\"@id\":\"https:\/\/buscoequipomedico.com\/#\/schema\/logo\/image\/\"}}]}<\/script>\n<!-- \/ Yoast SEO plugin. -->","yoast_head_json":{"title":"GLUCOMETRO ACCUTREND PLUS CON ESTUCHE - Tu mejor opci\u00f3n Equipo M\u00e9dico M\u00e9xico","robots":{"index":"index","follow":"follow","max-snippet":"max-snippet:-1","max-image-preview":"max-image-preview:large","max-video-preview":"max-video-preview:-1"},"canonical":"https:\/\/buscoequipomedico.com\/?product=glucometro-accutrend-plus-con-estuche","og_locale":"es_ES","og_type":"article","og_title":"GLUCOMETRO ACCUTREND PLUS CON ESTUCHE - Tu mejor opci\u00f3n Equipo M\u00e9dico M\u00e9xico","og_description":"Determinaci\u00f3n inmediata de los principales factores de riesgo cardiovasculares: Glucosa, Colesterol, Triglic\u00e9ridos, Lactato.Control sencillo, resultados r\u00e1pidos.","og_url":"https:\/\/buscoequipomedico.com\/?product=glucometro-accutrend-plus-con-estuche","og_site_name":"Tu mejor opci\u00f3n Equipo M\u00e9dico M\u00e9xico","article_modified_time":"2020-02-18T07:34:30+00:00","og_image":[{"width":800,"height":800,"url":"https:\/\/buscoequipomedico.com\/wp-content\/uploads\/2020\/02\/glucometro-accutrend-plus-con-estuche-determinacion-inmediata-de-los-principales-factores-de-riesgo-cardiovasculares-glucosa-col.jpg","type":"image\/png"}],"twitter_card":"summary_large_image","schema":{"@context":"https:\/\/schema.org","@graph":[{"@type":"WebPage","@id":"https:\/\/buscoequipomedico.com\/?product=glucometro-accutrend-plus-con-estuche","url":"https:\/\/buscoequipomedico.com\/?product=glucometro-accutrend-plus-con-estuche","name":"GLUCOMETRO ACCUTREND PLUS CON ESTUCHE - Tu mejor opci\u00f3n Equipo M\u00e9dico M\u00e9xico","isPartOf":{"@id":"https:\/\/buscoequipomedico.com\/#website"},"primaryImageOfPage":{"@id":"https:\/\/buscoequipomedico.com\/?product=glucometro-accutrend-plus-con-estuche#primaryimage"},"image":{"@id":"https:\/\/buscoequipomedico.com\/?product=glucometro-accutrend-plus-con-estuche#primaryimage"},"thumbnailUrl":"https:\/\/buscoequipomedico.com\/wp-content\/uploads\/2020\/02\/glucometro-accutrend-plus-con-estuche-determinacion-inmediata-de-los-principales-factores-de-riesgo-cardiovasculares-glucosa-col.jpg","datePublished":"2020-02-18T07:34:29+00:00","dateModified":"2020-02-18T07:34:30+00:00","breadcrumb":{"@id":"https:\/\/buscoequipomedico.com\/?product=glucometro-accutrend-plus-con-estuche#breadcrumb"},"inLanguage":"es","potentialAction":[{"@type":"ReadAction","target":["https:\/\/buscoequipomedico.com\/?product=glucometro-accutrend-plus-con-estuche"]}]},{"@type":"ImageObject","inLanguage":"es","@id":"https:\/\/buscoequipomedico.com\/?product=glucometro-accutrend-plus-con-estuche#primaryimage","url":"https:\/\/buscoequipomedico.com\/wp-content\/uploads\/2020\/02\/glucometro-accutrend-plus-con-estuche-determinacion-inmediata-de-los-principales-factores-de-riesgo-cardiovasculares-glucosa-col.jpg","contentUrl":"https:\/\/buscoequipomedico.com\/wp-content\/uploads\/2020\/02\/glucometro-accutrend-plus-con-estuche-determinacion-inmediata-de-los-principales-factores-de-riesgo-cardiovasculares-glucosa-col.jpg","width":800,"height":800},{"@type":"BreadcrumbList","@id":"https:\/\/buscoequipomedico.com\/?product=glucometro-accutrend-plus-con-estuche#breadcrumb","itemListElement":[{"@type":"ListItem","position":1,"name":"Productos","item":"https:\/\/buscoequipomedico.com\/shop\/"},{"@type":"ListItem","position":2,"name":"GLUCOMETRO ACCUTREND PLUS CON ESTUCHE"}]},{"@type":"WebSite","@id":"https:\/\/buscoequipomedico.com\/#website","url":"https:\/\/buscoequipomedico.com\/","name":"Tu mejor opci\u00f3n Equipo M\u00e9dico M\u00e9xico","description":"Tienda de equipo m\u00e9dico","publisher":{"@id":"https:\/\/buscoequipomedico.com\/#organization"},"potentialAction":[{"@type":"SearchAction","target":{"@type":"EntryPoint","urlTemplate":"https:\/\/buscoequipomedico.com\/?s={search_term_string}"},"query-input":{"@type":"PropertyValueSpecification","valueRequired":true,"valueName":"search_term_string"}}],"inLanguage":"es"},{"@type":"Organization","@id":"https:\/\/buscoequipomedico.com\/#organization","name":"Tu mejor opci\u00f3n Equipo M\u00e9dico M\u00e9xico","url":"https:\/\/buscoequipomedico.com\/","logo":{"@type":"ImageObject","inLanguage":"es","@id":"https:\/\/buscoequipomedico.com\/#\/schema\/logo\/image\/","url":"https:\/\/buscoequipomedico.com\/wp-content\/uploads\/2021\/07\/EMM-VPrincipal-scaled.jpg","contentUrl":"https:\/\/buscoequipomedico.com\/wp-content\/uploads\/2021\/07\/EMM-VPrincipal-scaled.jpg","width":2560,"height":1058,"caption":"Tu mejor opci\u00f3n Equipo M\u00e9dico M\u00e9xico"},"image":{"@id":"https:\/\/buscoequipomedico.com\/#\/schema\/logo\/image\/"}}]}},"_links":{"self":[{"href":"https:\/\/buscoequipomedico.com\/index.php?rest_route=\/wp\/v2\/product\/12054","targetHints":{"allow":["GET"]}}],"collection":[{"href":"https:\/\/buscoequipomedico.com\/index.php?rest_route=\/wp\/v2\/product"}],"about":[{"href":"https:\/\/buscoequipomedico.com\/index.php?rest_route=\/wp\/v2\/types\/product"}],"wp:featuredmedia":[{"embeddable":true,"href":"https:\/\/buscoequipomedico.com\/index.php?rest_route=\/wp\/v2\/media\/12055"}],"wp:attachment":[{"href":"https:\/\/buscoequipomedico.com\/index.php?rest_route=%2Fwp%2Fv2%2Fmedia&parent=12054"}],"wp:term":[{"taxonomy":"product_brand","embeddable":true,"href":"https:\/\/buscoequipomedico.com\/index.php?rest_route=%2Fwp%2Fv2%2Fproduct_brand&post=12054"},{"taxonomy":"product_cat","embeddable":true,"href":"https:\/\/buscoequipomedico.com\/index.php?rest_route=%2Fwp%2Fv2%2Fproduct_cat&post=12054"},{"taxonomy":"product_tag","embeddable":true,"href":"https:\/\/buscoequipomedico.com\/index.php?rest_route=%2Fwp%2Fv2%2Fproduct_tag&post=12054"}],"curies":[{"name":"wp","href":"https:\/\/api.w.org\/{rel}","templated":true}]}}